{"id":18633,"date":"2023-04-22T13:40:08","date_gmt":"2023-04-22T12:40:08","guid":{"rendered":"https:\/\/divertarte.com\/?post_type=product&#038;p=18633"},"modified":"2025-11-06T13:23:45","modified_gmt":"2025-11-06T13:23:45","slug":"caixa-dia-da-mae-flores-rosa-e-coracao","status":"publish","type":"product","link":"https:\/\/divertarte.com\/index.php\/produto\/caixa-dia-da-mae-flores-rosa-e-coracao\/","title":{"rendered":"Caixa Dia da M\u00e3e Flores Rosa e Cora\u00e7\u00e3o"},"content":{"rendered":"<p>Caixa Dia da M\u00e3e Flores Rosa e Cora\u00e7\u00e3o<\/p>\n<p>Caixa Dia da M\u00e3e 15x15x4cm em cartolina estampada, recheada de produtos que a tua m\u00e3e vai adorar.<\/p>\n<p>Bonita prenda para comemorar este dia da m\u00e3e.<\/p>\n<p>A caixa contem 1 sabonete cora\u00e7\u00e3o &#8220;para uma super M\u00e3e&#8221;, 1 frasco estrela de sais de banho, 1 gesso perfumado. Aroma Talco Rosa<\/p>\n","protected":false},"excerpt":{"rendered":"<p>Caixa Dia da M\u00e3e Flores Rosa e Cora\u00e7\u00e3o<\/p>\n<p>Caixa Dia da M\u00e3e 15x15x4cm em cartolina estampada, recheada de produtos que a tua m\u00e3e vai adorar.<\/p>\n<p>Bonita prenda para comemorar este dia da m\u00e3e.<\/p>\n<p>A caixa contem 1 sabonete cora\u00e7\u00e3o &#8220;para uma super M\u00e3e&#8221;, 1 frasco estrela de sais de banho, 1 gesso perfumado. Aroma Talco Rosa<\/p>\n","protected":false},"featured_media":18635,"comment_status":"open","ping_status":"closed","template":"","meta":{"_exactmetrics_skip_tracking":false,"_exactmetrics_sitenote_active":false,"_exactmetrics_sitenote_note":"","_exactmetrics_sitenote_category":0},"product_brand":[],"product_cat":[856,15],"product_tag":[],"class_list":{"0":"post-18633","1":"product","2":"type-product","3":"status-publish","4":"has-post-thumbnail","6":"product_cat-prendas-dia-da-mae","7":"product_cat-ver-todos-os-produtos","9":"first","10":"instock","11":"taxable","12":"shipping-taxable","13":"purchasable","14":"product-type-simple"},"yoast_head":"<!-- This site is optimized with the Yoast SEO plugin v27.4 - https:\/\/yoast.com\/product\/yoast-seo-wordpress\/ -->\n<title>Caixa Dia da M\u00e3e Flores Rosa e Cora\u00e7\u00e3o -<\/title>\n<meta name=\"description\" content=\"Caixa Dia da M\u00e3e Flores Rosa e Cora\u00e7\u00e3o. Caixa Dia da M\u00e3e 15x15x4cm em cartolina estampada, recheada de produtos que a tua m\u00e3e vai adorar.\" \/>\n<meta name=\"robots\" content=\"index, follow, max-snippet:-1, max-image-preview:large, max-video-preview:-1\" \/>\n<link rel=\"canonical\" href=\"https:\/\/divertarte.com\/index.php\/produto\/caixa-dia-da-mae-flores-rosa-e-coracao\/\" \/>\n<meta property=\"og:locale\" content=\"pt_PT\" \/>\n<meta property=\"og:type\" content=\"article\" \/>\n<meta property=\"og:title\" content=\"Caixa Dia da M\u00e3e Flores Rosa e Cora\u00e7\u00e3o -\" \/>\n<meta property=\"og:description\" content=\"Caixa Dia da M\u00e3e Flores Rosa e Cora\u00e7\u00e3o. Caixa Dia da M\u00e3e 15x15x4cm em cartolina estampada, recheada de produtos que a tua m\u00e3e vai adorar.\" \/>\n<meta property=\"og:url\" content=\"https:\/\/divertarte.com\/index.php\/produto\/caixa-dia-da-mae-flores-rosa-e-coracao\/\" \/>\n<meta property=\"article:modified_time\" content=\"2025-11-06T13:23:45+00:00\" \/>\n<meta property=\"og:image\" content=\"https:\/\/divertarte.com\/wp-content\/uploads\/2023\/04\/Caixa-Dia-da-Mae-Flores-Rosa-e-Coracao.jpg\" \/>\n\t<meta property=\"og:image:width\" content=\"300\" \/>\n\t<meta property=\"og:image:height\" content=\"300\" \/>\n\t<meta property=\"og:image:type\" content=\"image\/jpeg\" \/>\n<meta name=\"twitter:card\" content=\"summary_large_image\" \/>\n<script type=\"application\/ld+json\" class=\"yoast-schema-graph\">{\"@context\":\"https:\\\/\\\/schema.org\",\"@graph\":[{\"@type\":\"WebPage\",\"@id\":\"https:\\\/\\\/divertarte.com\\\/index.php\\\/produto\\\/caixa-dia-da-mae-flores-rosa-e-coracao\\\/\",\"url\":\"https:\\\/\\\/divertarte.com\\\/index.php\\\/produto\\\/caixa-dia-da-mae-flores-rosa-e-coracao\\\/\",\"name\":\"Caixa Dia da M\u00e3e Flores Rosa e Cora\u00e7\u00e3o -\",\"isPartOf\":{\"@id\":\"https:\\\/\\\/divertarte.com\\\/#website\"},\"primaryImageOfPage\":{\"@id\":\"https:\\\/\\\/divertarte.com\\\/index.php\\\/produto\\\/caixa-dia-da-mae-flores-rosa-e-coracao\\\/#primaryimage\"},\"image\":{\"@id\":\"https:\\\/\\\/divertarte.com\\\/index.php\\\/produto\\\/caixa-dia-da-mae-flores-rosa-e-coracao\\\/#primaryimage\"},\"thumbnailUrl\":\"https:\\\/\\\/divertarte.com\\\/wp-content\\\/uploads\\\/2023\\\/04\\\/Caixa-Dia-da-Mae-Flores-Rosa-e-Coracao.jpg\",\"datePublished\":\"2023-04-22T12:40:08+00:00\",\"dateModified\":\"2025-11-06T13:23:45+00:00\",\"description\":\"Caixa Dia da M\u00e3e Flores Rosa e Cora\u00e7\u00e3o. Caixa Dia da M\u00e3e 15x15x4cm em cartolina estampada, recheada de produtos que a tua m\u00e3e vai adorar.\",\"breadcrumb\":{\"@id\":\"https:\\\/\\\/divertarte.com\\\/index.php\\\/produto\\\/caixa-dia-da-mae-flores-rosa-e-coracao\\\/#breadcrumb\"},\"inLanguage\":\"pt-PT\",\"potentialAction\":[{\"@type\":\"ReadAction\",\"target\":[\"https:\\\/\\\/divertarte.com\\\/index.php\\\/produto\\\/caixa-dia-da-mae-flores-rosa-e-coracao\\\/\"]}]},{\"@type\":\"ImageObject\",\"inLanguage\":\"pt-PT\",\"@id\":\"https:\\\/\\\/divertarte.com\\\/index.php\\\/produto\\\/caixa-dia-da-mae-flores-rosa-e-coracao\\\/#primaryimage\",\"url\":\"https:\\\/\\\/divertarte.com\\\/wp-content\\\/uploads\\\/2023\\\/04\\\/Caixa-Dia-da-Mae-Flores-Rosa-e-Coracao.jpg\",\"contentUrl\":\"https:\\\/\\\/divertarte.com\\\/wp-content\\\/uploads\\\/2023\\\/04\\\/Caixa-Dia-da-Mae-Flores-Rosa-e-Coracao.jpg\",\"width\":300,\"height\":300},{\"@type\":\"BreadcrumbList\",\"@id\":\"https:\\\/\\\/divertarte.com\\\/index.php\\\/produto\\\/caixa-dia-da-mae-flores-rosa-e-coracao\\\/#breadcrumb\",\"itemListElement\":[{\"@type\":\"ListItem\",\"position\":1,\"name\":\"In\u00edcio\",\"item\":\"https:\\\/\\\/divertarte.com\\\/\"},{\"@type\":\"ListItem\",\"position\":2,\"name\":\"Loja\",\"item\":\"https:\\\/\\\/divertarte.com\\\/index.php\\\/divertarte-produtos\\\/\"},{\"@type\":\"ListItem\",\"position\":3,\"name\":\"Caixa Dia da M\u00e3e Flores Rosa e Cora\u00e7\u00e3o\"}]},{\"@type\":\"WebSite\",\"@id\":\"https:\\\/\\\/divertarte.com\\\/#website\",\"url\":\"https:\\\/\\\/divertarte.com\\\/\",\"name\":\"Divertarte\",\"description\":\"\",\"publisher\":{\"@id\":\"https:\\\/\\\/divertarte.com\\\/#organization\"},\"potentialAction\":[{\"@type\":\"SearchAction\",\"target\":{\"@type\":\"EntryPoint\",\"urlTemplate\":\"https:\\\/\\\/divertarte.com\\\/?s={search_term_string}\"},\"query-input\":{\"@type\":\"PropertyValueSpecification\",\"valueRequired\":true,\"valueName\":\"search_term_string\"}}],\"inLanguage\":\"pt-PT\"},{\"@type\":\"Organization\",\"@id\":\"https:\\\/\\\/divertarte.com\\\/#organization\",\"name\":\"Divertarte\",\"url\":\"https:\\\/\\\/divertarte.com\\\/\",\"logo\":{\"@type\":\"ImageObject\",\"inLanguage\":\"pt-PT\",\"@id\":\"https:\\\/\\\/divertarte.com\\\/#\\\/schema\\\/logo\\\/image\\\/\",\"url\":\"https:\\\/\\\/divertarte.com\\\/wp-content\\\/uploads\\\/2018\\\/07\\\/logo-div.jpg\",\"contentUrl\":\"https:\\\/\\\/divertarte.com\\\/wp-content\\\/uploads\\\/2018\\\/07\\\/logo-div.jpg\",\"width\":295,\"height\":123,\"caption\":\"Divertarte\"},\"image\":{\"@id\":\"https:\\\/\\\/divertarte.com\\\/#\\\/schema\\\/logo\\\/image\\\/\"}}]}<\/script>\n<!-- \/ Yoast SEO plugin. -->","yoast_head_json":{"title":"Caixa Dia da M\u00e3e Flores Rosa e Cora\u00e7\u00e3o -","description":"Caixa Dia da M\u00e3e Flores Rosa e Cora\u00e7\u00e3o. Caixa Dia da M\u00e3e 15x15x4cm em cartolina estampada, recheada de produtos que a tua m\u00e3e vai adorar.","robots":{"index":"index","follow":"follow","max-snippet":"max-snippet:-1","max-image-preview":"max-image-preview:large","max-video-preview":"max-video-preview:-1"},"canonical":"https:\/\/divertarte.com\/index.php\/produto\/caixa-dia-da-mae-flores-rosa-e-coracao\/","og_locale":"pt_PT","og_type":"article","og_title":"Caixa Dia da M\u00e3e Flores Rosa e Cora\u00e7\u00e3o -","og_description":"Caixa Dia da M\u00e3e Flores Rosa e Cora\u00e7\u00e3o. Caixa Dia da M\u00e3e 15x15x4cm em cartolina estampada, recheada de produtos que a tua m\u00e3e vai adorar.","og_url":"https:\/\/divertarte.com\/index.php\/produto\/caixa-dia-da-mae-flores-rosa-e-coracao\/","article_modified_time":"2025-11-06T13:23:45+00:00","og_image":[{"width":300,"height":300,"url":"https:\/\/divertarte.com\/wp-content\/uploads\/2023\/04\/Caixa-Dia-da-Mae-Flores-Rosa-e-Coracao.jpg","type":"image\/jpeg"}],"twitter_card":"summary_large_image","schema":{"@context":"https:\/\/schema.org","@graph":[{"@type":"WebPage","@id":"https:\/\/divertarte.com\/index.php\/produto\/caixa-dia-da-mae-flores-rosa-e-coracao\/","url":"https:\/\/divertarte.com\/index.php\/produto\/caixa-dia-da-mae-flores-rosa-e-coracao\/","name":"Caixa Dia da M\u00e3e Flores Rosa e Cora\u00e7\u00e3o -","isPartOf":{"@id":"https:\/\/divertarte.com\/#website"},"primaryImageOfPage":{"@id":"https:\/\/divertarte.com\/index.php\/produto\/caixa-dia-da-mae-flores-rosa-e-coracao\/#primaryimage"},"image":{"@id":"https:\/\/divertarte.com\/index.php\/produto\/caixa-dia-da-mae-flores-rosa-e-coracao\/#primaryimage"},"thumbnailUrl":"https:\/\/divertarte.com\/wp-content\/uploads\/2023\/04\/Caixa-Dia-da-Mae-Flores-Rosa-e-Coracao.jpg","datePublished":"2023-04-22T12:40:08+00:00","dateModified":"2025-11-06T13:23:45+00:00","description":"Caixa Dia da M\u00e3e Flores Rosa e Cora\u00e7\u00e3o. Caixa Dia da M\u00e3e 15x15x4cm em cartolina estampada, recheada de produtos que a tua m\u00e3e vai adorar.","breadcrumb":{"@id":"https:\/\/divertarte.com\/index.php\/produto\/caixa-dia-da-mae-flores-rosa-e-coracao\/#breadcrumb"},"inLanguage":"pt-PT","potentialAction":[{"@type":"ReadAction","target":["https:\/\/divertarte.com\/index.php\/produto\/caixa-dia-da-mae-flores-rosa-e-coracao\/"]}]},{"@type":"ImageObject","inLanguage":"pt-PT","@id":"https:\/\/divertarte.com\/index.php\/produto\/caixa-dia-da-mae-flores-rosa-e-coracao\/#primaryimage","url":"https:\/\/divertarte.com\/wp-content\/uploads\/2023\/04\/Caixa-Dia-da-Mae-Flores-Rosa-e-Coracao.jpg","contentUrl":"https:\/\/divertarte.com\/wp-content\/uploads\/2023\/04\/Caixa-Dia-da-Mae-Flores-Rosa-e-Coracao.jpg","width":300,"height":300},{"@type":"BreadcrumbList","@id":"https:\/\/divertarte.com\/index.php\/produto\/caixa-dia-da-mae-flores-rosa-e-coracao\/#breadcrumb","itemListElement":[{"@type":"ListItem","position":1,"name":"In\u00edcio","item":"https:\/\/divertarte.com\/"},{"@type":"ListItem","position":2,"name":"Loja","item":"https:\/\/divertarte.com\/index.php\/divertarte-produtos\/"},{"@type":"ListItem","position":3,"name":"Caixa Dia da M\u00e3e Flores Rosa e Cora\u00e7\u00e3o"}]},{"@type":"WebSite","@id":"https:\/\/divertarte.com\/#website","url":"https:\/\/divertarte.com\/","name":"Divertarte","description":"","publisher":{"@id":"https:\/\/divertarte.com\/#organization"},"potentialAction":[{"@type":"SearchAction","target":{"@type":"EntryPoint","urlTemplate":"https:\/\/divertarte.com\/?s={search_term_string}"},"query-input":{"@type":"PropertyValueSpecification","valueRequired":true,"valueName":"search_term_string"}}],"inLanguage":"pt-PT"},{"@type":"Organization","@id":"https:\/\/divertarte.com\/#organization","name":"Divertarte","url":"https:\/\/divertarte.com\/","logo":{"@type":"ImageObject","inLanguage":"pt-PT","@id":"https:\/\/divertarte.com\/#\/schema\/logo\/image\/","url":"https:\/\/divertarte.com\/wp-content\/uploads\/2018\/07\/logo-div.jpg","contentUrl":"https:\/\/divertarte.com\/wp-content\/uploads\/2018\/07\/logo-div.jpg","width":295,"height":123,"caption":"Divertarte"},"image":{"@id":"https:\/\/divertarte.com\/#\/schema\/logo\/image\/"}}]}},"_links":{"self":[{"href":"https:\/\/divertarte.com\/index.php\/wp-json\/wp\/v2\/product\/18633","targetHints":{"allow":["GET"]}}],"collection":[{"href":"https:\/\/divertarte.com\/index.php\/wp-json\/wp\/v2\/product"}],"about":[{"href":"https:\/\/divertarte.com\/index.php\/wp-json\/wp\/v2\/types\/product"}],"replies":[{"embeddable":true,"href":"https:\/\/divertarte.com\/index.php\/wp-json\/wp\/v2\/comments?post=18633"}],"wp:featuredmedia":[{"embeddable":true,"href":"https:\/\/divertarte.com\/index.php\/wp-json\/wp\/v2\/media\/18635"}],"wp:attachment":[{"href":"https:\/\/divertarte.com\/index.php\/wp-json\/wp\/v2\/media?parent=18633"}],"wp:term":[{"taxonomy":"product_brand","embeddable":true,"href":"https:\/\/divertarte.com\/index.php\/wp-json\/wp\/v2\/product_brand?post=18633"},{"taxonomy":"product_cat","embeddable":true,"href":"https:\/\/divertarte.com\/index.php\/wp-json\/wp\/v2\/product_cat?post=18633"},{"taxonomy":"product_tag","embeddable":true,"href":"https:\/\/divertarte.com\/index.php\/wp-json\/wp\/v2\/product_tag?post=18633"}],"curies":[{"name":"wp","href":"https:\/\/api.w.org\/{rel}","templated":true}]}}