{"id":1810,"date":"2018-06-07T14:15:38","date_gmt":"2018-06-07T13:15:38","guid":{"rendered":"https:\/\/divertarte.com\/index.php\/produto\/acrilex-fuchia-804\/"},"modified":"2025-11-06T13:39:16","modified_gmt":"2025-11-06T13:39:16","slug":"acrilex-fuchia-804","status":"publish","type":"product","link":"https:\/\/divertarte.com\/index.php\/produto\/acrilex-fuchia-804\/","title":{"rendered":"ACRILEX FUCHIA 804"},"content":{"rendered":"<p>Tintas \u00c3\u00a0 base de resina acr\u00edlica, n\u00e3o t\u00f3xicas e sol\u00faveis em \u00e1gua. Prontas para uso. S\u00e3o resistentes a lavagens e todas as cores s\u00e3o misc\u00edveis entre si. Sua aplica\u00e7\u00e3o pode ser feita com pincel ou esponja, e t\u00eam fixa\u00e7\u00e3o a frio. S\u00e3o tintas desenvolvidas para tecidos de fibras naturais de algod\u00e3o, n\u00e3o devendo ser utilizadas sobre tecidos sint\u00e9ticos ou com goma<\/p>\n","protected":false},"excerpt":{"rendered":"<p>Tintas \u00c3\u00a0 base de resina acr\u00edlica, n\u00e3o t\u00f3xicas e sol\u00faveis em \u00e1gua. Prontas para uso. S\u00e3o resistentes a lavagens e todas as cores s\u00e3o misc\u00edveis entre si. Sua aplica\u00e7\u00e3o pode ser feita com pincel ou esponja, e t\u00eam fixa\u00e7\u00e3o a frio. S\u00e3o tintas desenvolvidas para tecidos de fibras naturais de algod\u00e3o, n\u00e3o devendo ser utilizadas sobre tecidos sint\u00e9ticos ou com goma<\/p>\n","protected":false},"featured_media":5598,"comment_status":"closed","ping_status":"open","template":"","meta":{"_exactmetrics_skip_tracking":false,"_exactmetrics_sitenote_active":false,"_exactmetrics_sitenote_note":"","_exactmetrics_sitenote_category":0},"product_brand":[],"product_cat":[15],"product_tag":[],"class_list":{"0":"post-1810","1":"product","2":"type-product","3":"status-publish","4":"has-post-thumbnail","6":"product_cat-ver-todos-os-produtos","8":"first","9":"instock","10":"taxable","11":"shipping-taxable","12":"purchasable","13":"product-type-simple"},"yoast_head":"<!-- This site is optimized with the Yoast SEO plugin v27.4 - https:\/\/yoast.com\/product\/yoast-seo-wordpress\/ -->\n<title>ACRILEX FUCHIA 804 -<\/title>\n<meta name=\"robots\" content=\"index, follow, max-snippet:-1, max-image-preview:large, max-video-preview:-1\" \/>\n<link rel=\"canonical\" href=\"https:\/\/divertarte.com\/index.php\/produto\/acrilex-fuchia-804\/\" \/>\n<meta property=\"og:locale\" content=\"pt_PT\" \/>\n<meta property=\"og:type\" content=\"article\" \/>\n<meta property=\"og:title\" content=\"ACRILEX FUCHIA 804 -\" \/>\n<meta property=\"og:description\" content=\"Tintas \u00c3\u00a0 base de resina acr\u00edlica, n\u00e3o t\u00f3xicas e sol\u00faveis em \u00e1gua. Prontas para uso. S\u00e3o resistentes a lavagens e todas as cores s\u00e3o misc\u00edveis entre si. Sua aplica\u00e7\u00e3o pode ser feita com pincel ou esponja, e t\u00eam fixa\u00e7\u00e3o a frio. S\u00e3o tintas desenvolvidas para tecidos de fibras naturais de algod\u00e3o, n\u00e3o devendo ser utilizadas sobre tecidos sint\u00e9ticos ou com goma\" \/>\n<meta property=\"og:url\" content=\"https:\/\/divertarte.com\/index.php\/produto\/acrilex-fuchia-804\/\" \/>\n<meta property=\"article:modified_time\" content=\"2025-11-06T13:39:16+00:00\" \/>\n<meta property=\"og:image\" content=\"https:\/\/divertarte.com\/wp-content\/uploads\/2018\/05\/fuchia804.jpg\" \/>\n\t<meta property=\"og:image:width\" content=\"543\" \/>\n\t<meta property=\"og:image:height\" content=\"558\" \/>\n\t<meta property=\"og:image:type\" content=\"image\/jpeg\" \/>\n<meta name=\"twitter:card\" content=\"summary_large_image\" \/>\n<script type=\"application\/ld+json\" class=\"yoast-schema-graph\">{\"@context\":\"https:\\\/\\\/schema.org\",\"@graph\":[{\"@type\":\"WebPage\",\"@id\":\"https:\\\/\\\/divertarte.com\\\/index.php\\\/produto\\\/acrilex-fuchia-804\\\/\",\"url\":\"https:\\\/\\\/divertarte.com\\\/index.php\\\/produto\\\/acrilex-fuchia-804\\\/\",\"name\":\"ACRILEX FUCHIA 804 -\",\"isPartOf\":{\"@id\":\"https:\\\/\\\/divertarte.com\\\/#website\"},\"primaryImageOfPage\":{\"@id\":\"https:\\\/\\\/divertarte.com\\\/index.php\\\/produto\\\/acrilex-fuchia-804\\\/#primaryimage\"},\"image\":{\"@id\":\"https:\\\/\\\/divertarte.com\\\/index.php\\\/produto\\\/acrilex-fuchia-804\\\/#primaryimage\"},\"thumbnailUrl\":\"https:\\\/\\\/divertarte.com\\\/wp-content\\\/uploads\\\/2018\\\/05\\\/fuchia804.jpg\",\"datePublished\":\"2018-06-07T13:15:38+00:00\",\"dateModified\":\"2025-11-06T13:39:16+00:00\",\"breadcrumb\":{\"@id\":\"https:\\\/\\\/divertarte.com\\\/index.php\\\/produto\\\/acrilex-fuchia-804\\\/#breadcrumb\"},\"inLanguage\":\"pt-PT\",\"potentialAction\":[{\"@type\":\"ReadAction\",\"target\":[\"https:\\\/\\\/divertarte.com\\\/index.php\\\/produto\\\/acrilex-fuchia-804\\\/\"]}]},{\"@type\":\"ImageObject\",\"inLanguage\":\"pt-PT\",\"@id\":\"https:\\\/\\\/divertarte.com\\\/index.php\\\/produto\\\/acrilex-fuchia-804\\\/#primaryimage\",\"url\":\"https:\\\/\\\/divertarte.com\\\/wp-content\\\/uploads\\\/2018\\\/05\\\/fuchia804.jpg\",\"contentUrl\":\"https:\\\/\\\/divertarte.com\\\/wp-content\\\/uploads\\\/2018\\\/05\\\/fuchia804.jpg\",\"width\":543,\"height\":558},{\"@type\":\"BreadcrumbList\",\"@id\":\"https:\\\/\\\/divertarte.com\\\/index.php\\\/produto\\\/acrilex-fuchia-804\\\/#breadcrumb\",\"itemListElement\":[{\"@type\":\"ListItem\",\"position\":1,\"name\":\"In\u00edcio\",\"item\":\"https:\\\/\\\/divertarte.com\\\/\"},{\"@type\":\"ListItem\",\"position\":2,\"name\":\"Loja\",\"item\":\"https:\\\/\\\/divertarte.com\\\/index.php\\\/divertarte-produtos\\\/\"},{\"@type\":\"ListItem\",\"position\":3,\"name\":\"ACRILEX FUCHIA 804\"}]},{\"@type\":\"WebSite\",\"@id\":\"https:\\\/\\\/divertarte.com\\\/#website\",\"url\":\"https:\\\/\\\/divertarte.com\\\/\",\"name\":\"Divertarte\",\"description\":\"\",\"publisher\":{\"@id\":\"https:\\\/\\\/divertarte.com\\\/#organization\"},\"potentialAction\":[{\"@type\":\"SearchAction\",\"target\":{\"@type\":\"EntryPoint\",\"urlTemplate\":\"https:\\\/\\\/divertarte.com\\\/?s={search_term_string}\"},\"query-input\":{\"@type\":\"PropertyValueSpecification\",\"valueRequired\":true,\"valueName\":\"search_term_string\"}}],\"inLanguage\":\"pt-PT\"},{\"@type\":\"Organization\",\"@id\":\"https:\\\/\\\/divertarte.com\\\/#organization\",\"name\":\"Divertarte\",\"url\":\"https:\\\/\\\/divertarte.com\\\/\",\"logo\":{\"@type\":\"ImageObject\",\"inLanguage\":\"pt-PT\",\"@id\":\"https:\\\/\\\/divertarte.com\\\/#\\\/schema\\\/logo\\\/image\\\/\",\"url\":\"https:\\\/\\\/divertarte.com\\\/wp-content\\\/uploads\\\/2018\\\/07\\\/logo-div.jpg\",\"contentUrl\":\"https:\\\/\\\/divertarte.com\\\/wp-content\\\/uploads\\\/2018\\\/07\\\/logo-div.jpg\",\"width\":295,\"height\":123,\"caption\":\"Divertarte\"},\"image\":{\"@id\":\"https:\\\/\\\/divertarte.com\\\/#\\\/schema\\\/logo\\\/image\\\/\"}}]}<\/script>\n<!-- \/ Yoast SEO plugin. -->","yoast_head_json":{"title":"ACRILEX FUCHIA 804 -","robots":{"index":"index","follow":"follow","max-snippet":"max-snippet:-1","max-image-preview":"max-image-preview:large","max-video-preview":"max-video-preview:-1"},"canonical":"https:\/\/divertarte.com\/index.php\/produto\/acrilex-fuchia-804\/","og_locale":"pt_PT","og_type":"article","og_title":"ACRILEX FUCHIA 804 -","og_description":"Tintas \u00c3\u00a0 base de resina acr\u00edlica, n\u00e3o t\u00f3xicas e sol\u00faveis em \u00e1gua. Prontas para uso. S\u00e3o resistentes a lavagens e todas as cores s\u00e3o misc\u00edveis entre si. Sua aplica\u00e7\u00e3o pode ser feita com pincel ou esponja, e t\u00eam fixa\u00e7\u00e3o a frio. S\u00e3o tintas desenvolvidas para tecidos de fibras naturais de algod\u00e3o, n\u00e3o devendo ser utilizadas sobre tecidos sint\u00e9ticos ou com goma","og_url":"https:\/\/divertarte.com\/index.php\/produto\/acrilex-fuchia-804\/","article_modified_time":"2025-11-06T13:39:16+00:00","og_image":[{"width":543,"height":558,"url":"https:\/\/divertarte.com\/wp-content\/uploads\/2018\/05\/fuchia804.jpg","type":"image\/jpeg"}],"twitter_card":"summary_large_image","schema":{"@context":"https:\/\/schema.org","@graph":[{"@type":"WebPage","@id":"https:\/\/divertarte.com\/index.php\/produto\/acrilex-fuchia-804\/","url":"https:\/\/divertarte.com\/index.php\/produto\/acrilex-fuchia-804\/","name":"ACRILEX FUCHIA 804 -","isPartOf":{"@id":"https:\/\/divertarte.com\/#website"},"primaryImageOfPage":{"@id":"https:\/\/divertarte.com\/index.php\/produto\/acrilex-fuchia-804\/#primaryimage"},"image":{"@id":"https:\/\/divertarte.com\/index.php\/produto\/acrilex-fuchia-804\/#primaryimage"},"thumbnailUrl":"https:\/\/divertarte.com\/wp-content\/uploads\/2018\/05\/fuchia804.jpg","datePublished":"2018-06-07T13:15:38+00:00","dateModified":"2025-11-06T13:39:16+00:00","breadcrumb":{"@id":"https:\/\/divertarte.com\/index.php\/produto\/acrilex-fuchia-804\/#breadcrumb"},"inLanguage":"pt-PT","potentialAction":[{"@type":"ReadAction","target":["https:\/\/divertarte.com\/index.php\/produto\/acrilex-fuchia-804\/"]}]},{"@type":"ImageObject","inLanguage":"pt-PT","@id":"https:\/\/divertarte.com\/index.php\/produto\/acrilex-fuchia-804\/#primaryimage","url":"https:\/\/divertarte.com\/wp-content\/uploads\/2018\/05\/fuchia804.jpg","contentUrl":"https:\/\/divertarte.com\/wp-content\/uploads\/2018\/05\/fuchia804.jpg","width":543,"height":558},{"@type":"BreadcrumbList","@id":"https:\/\/divertarte.com\/index.php\/produto\/acrilex-fuchia-804\/#breadcrumb","itemListElement":[{"@type":"ListItem","position":1,"name":"In\u00edcio","item":"https:\/\/divertarte.com\/"},{"@type":"ListItem","position":2,"name":"Loja","item":"https:\/\/divertarte.com\/index.php\/divertarte-produtos\/"},{"@type":"ListItem","position":3,"name":"ACRILEX FUCHIA 804"}]},{"@type":"WebSite","@id":"https:\/\/divertarte.com\/#website","url":"https:\/\/divertarte.com\/","name":"Divertarte","description":"","publisher":{"@id":"https:\/\/divertarte.com\/#organization"},"potentialAction":[{"@type":"SearchAction","target":{"@type":"EntryPoint","urlTemplate":"https:\/\/divertarte.com\/?s={search_term_string}"},"query-input":{"@type":"PropertyValueSpecification","valueRequired":true,"valueName":"search_term_string"}}],"inLanguage":"pt-PT"},{"@type":"Organization","@id":"https:\/\/divertarte.com\/#organization","name":"Divertarte","url":"https:\/\/divertarte.com\/","logo":{"@type":"ImageObject","inLanguage":"pt-PT","@id":"https:\/\/divertarte.com\/#\/schema\/logo\/image\/","url":"https:\/\/divertarte.com\/wp-content\/uploads\/2018\/07\/logo-div.jpg","contentUrl":"https:\/\/divertarte.com\/wp-content\/uploads\/2018\/07\/logo-div.jpg","width":295,"height":123,"caption":"Divertarte"},"image":{"@id":"https:\/\/divertarte.com\/#\/schema\/logo\/image\/"}}]}},"_links":{"self":[{"href":"https:\/\/divertarte.com\/index.php\/wp-json\/wp\/v2\/product\/1810","targetHints":{"allow":["GET"]}}],"collection":[{"href":"https:\/\/divertarte.com\/index.php\/wp-json\/wp\/v2\/product"}],"about":[{"href":"https:\/\/divertarte.com\/index.php\/wp-json\/wp\/v2\/types\/product"}],"replies":[{"embeddable":true,"href":"https:\/\/divertarte.com\/index.php\/wp-json\/wp\/v2\/comments?post=1810"}],"wp:featuredmedia":[{"embeddable":true,"href":"https:\/\/divertarte.com\/index.php\/wp-json\/wp\/v2\/media\/5598"}],"wp:attachment":[{"href":"https:\/\/divertarte.com\/index.php\/wp-json\/wp\/v2\/media?parent=1810"}],"wp:term":[{"taxonomy":"product_brand","embeddable":true,"href":"https:\/\/divertarte.com\/index.php\/wp-json\/wp\/v2\/product_brand?post=1810"},{"taxonomy":"product_cat","embeddable":true,"href":"https:\/\/divertarte.com\/index.php\/wp-json\/wp\/v2\/product_cat?post=1810"},{"taxonomy":"product_tag","embeddable":true,"href":"https:\/\/divertarte.com\/index.php\/wp-json\/wp\/v2\/product_tag?post=1810"}],"curies":[{"name":"wp","href":"https:\/\/api.w.org\/{rel}","templated":true}]}}