{"id":1745,"date":"2018-06-07T14:07:03","date_gmt":"2018-06-07T13:07:03","guid":{"rendered":"https:\/\/divertarte.com\/index.php\/produto\/mural-patine-cera-verde-cromo\/"},"modified":"2025-11-06T13:59:19","modified_gmt":"2025-11-06T13:59:19","slug":"mural-patine-cera-verde-cromo","status":"publish","type":"product","link":"https:\/\/divertarte.com\/index.php\/produto\/mural-patine-cera-verde-cromo\/","title":{"rendered":"MURAL PATINE CERA VERDE CROMO"},"content":{"rendered":"<p>Pote de 40 gr. &#8211; Excelente para patines e acabamentos especiais, tem alt\u00edssimo rendimento, e \u00f3tima performance em madeiras, MDF, resinas, cer\u00e2mica (sem esmalte), terracota, papel, ferro, outras superf\u00edcies porosas e at\u00e9 mesmo parafina.  <\/p>\n<p>     Pode ser aplicada tanto em um m\u00f3vel ou arm\u00e1rio, como em pequenos objetos decorativos, com a mesma facilidade e requinte de acabamento.<\/p>\n<p>     Devido ao seu alto poder de cobertura, pode ser diluida em seus diluentes espec\u00edficos (s\u00f3lido ou l\u00edquido) para obterem-se acabamentos mais transparentes ou aquarelados.<\/p>\n","protected":false},"excerpt":{"rendered":"<p>Pote de 40 gr. &#8211; Excelente para patines e acabamentos especiais, tem alt\u00edssimo rendimento, e \u00f3tima performance em madeiras, MDF, resinas, cer\u00e2mica (sem esmalte), terracota, papel, ferro, outras superf\u00edcies porosas e at\u00e9 mesmo parafina.  <\/p>\n<p>     Pode ser aplicada tanto em um m\u00f3vel ou arm\u00e1rio, como em pequenos objetos decorativos, com a mesma facilidade e requinte de acabamento.<\/p>\n<p>     Devido ao seu alto poder de cobertura, pode ser diluida em seus diluentes espec\u00edficos (s\u00f3lido ou l\u00edquido) para obterem-se acabamentos mais transparentes ou aquarelados.<\/p>\n","protected":false},"featured_media":5529,"comment_status":"closed","ping_status":"open","template":"","meta":{"_exactmetrics_skip_tracking":false,"_exactmetrics_sitenote_active":false,"_exactmetrics_sitenote_note":"","_exactmetrics_sitenote_category":0},"product_brand":[],"product_cat":[15],"product_tag":[],"class_list":{"0":"post-1745","1":"product","2":"type-product","3":"status-publish","4":"has-post-thumbnail","6":"product_cat-ver-todos-os-produtos","8":"first","9":"instock","10":"taxable","11":"shipping-taxable","12":"purchasable","13":"product-type-simple"},"yoast_head":"<!-- This site is optimized with the Yoast SEO plugin v27.4 - https:\/\/yoast.com\/product\/yoast-seo-wordpress\/ -->\n<title>MURAL PATINE CERA VERDE CROMO -<\/title>\n<meta name=\"robots\" content=\"index, follow, max-snippet:-1, max-image-preview:large, max-video-preview:-1\" \/>\n<link rel=\"canonical\" href=\"https:\/\/divertarte.com\/index.php\/produto\/mural-patine-cera-verde-cromo\/\" \/>\n<meta property=\"og:locale\" content=\"pt_PT\" \/>\n<meta property=\"og:type\" content=\"article\" \/>\n<meta property=\"og:title\" content=\"MURAL PATINE CERA VERDE CROMO -\" \/>\n<meta property=\"og:description\" content=\"Pote de 40 gr. - Excelente para patines e acabamentos especiais, tem alt\u00edssimo rendimento, e \u00f3tima performance em madeiras, MDF, resinas, cer\u00e2mica (sem esmalte), terracota, papel, ferro, outras superf\u00edcies porosas e at\u00e9 mesmo parafina.     Pode ser aplicada tanto em um m\u00f3vel ou arm\u00e1rio, como em pequenos objetos decorativos, com a mesma facilidade e requinte de acabamento.    Devido ao seu alto poder de cobertura, pode ser diluida em seus diluentes espec\u00edficos (s\u00f3lido ou l\u00edquido) para obterem-se acabamentos mais transparentes ou aquarelados.\" \/>\n<meta property=\"og:url\" content=\"https:\/\/divertarte.com\/index.php\/produto\/mural-patine-cera-verde-cromo\/\" \/>\n<meta property=\"article:modified_time\" content=\"2025-11-06T13:59:19+00:00\" \/>\n<meta property=\"og:image\" content=\"https:\/\/divertarte.com\/wp-content\/uploads\/2018\/05\/Mural_verde_cromo.jpg\" \/>\n\t<meta property=\"og:image:width\" content=\"558\" \/>\n\t<meta property=\"og:image:height\" content=\"558\" \/>\n\t<meta property=\"og:image:type\" content=\"image\/jpeg\" \/>\n<meta name=\"twitter:card\" content=\"summary_large_image\" \/>\n<script type=\"application\/ld+json\" class=\"yoast-schema-graph\">{\"@context\":\"https:\\\/\\\/schema.org\",\"@graph\":[{\"@type\":\"WebPage\",\"@id\":\"https:\\\/\\\/divertarte.com\\\/index.php\\\/produto\\\/mural-patine-cera-verde-cromo\\\/\",\"url\":\"https:\\\/\\\/divertarte.com\\\/index.php\\\/produto\\\/mural-patine-cera-verde-cromo\\\/\",\"name\":\"MURAL PATINE CERA VERDE CROMO -\",\"isPartOf\":{\"@id\":\"https:\\\/\\\/divertarte.com\\\/#website\"},\"primaryImageOfPage\":{\"@id\":\"https:\\\/\\\/divertarte.com\\\/index.php\\\/produto\\\/mural-patine-cera-verde-cromo\\\/#primaryimage\"},\"image\":{\"@id\":\"https:\\\/\\\/divertarte.com\\\/index.php\\\/produto\\\/mural-patine-cera-verde-cromo\\\/#primaryimage\"},\"thumbnailUrl\":\"https:\\\/\\\/divertarte.com\\\/wp-content\\\/uploads\\\/2018\\\/05\\\/Mural_verde_cromo.jpg\",\"datePublished\":\"2018-06-07T13:07:03+00:00\",\"dateModified\":\"2025-11-06T13:59:19+00:00\",\"breadcrumb\":{\"@id\":\"https:\\\/\\\/divertarte.com\\\/index.php\\\/produto\\\/mural-patine-cera-verde-cromo\\\/#breadcrumb\"},\"inLanguage\":\"pt-PT\",\"potentialAction\":[{\"@type\":\"ReadAction\",\"target\":[\"https:\\\/\\\/divertarte.com\\\/index.php\\\/produto\\\/mural-patine-cera-verde-cromo\\\/\"]}]},{\"@type\":\"ImageObject\",\"inLanguage\":\"pt-PT\",\"@id\":\"https:\\\/\\\/divertarte.com\\\/index.php\\\/produto\\\/mural-patine-cera-verde-cromo\\\/#primaryimage\",\"url\":\"https:\\\/\\\/divertarte.com\\\/wp-content\\\/uploads\\\/2018\\\/05\\\/Mural_verde_cromo.jpg\",\"contentUrl\":\"https:\\\/\\\/divertarte.com\\\/wp-content\\\/uploads\\\/2018\\\/05\\\/Mural_verde_cromo.jpg\",\"width\":558,\"height\":558},{\"@type\":\"BreadcrumbList\",\"@id\":\"https:\\\/\\\/divertarte.com\\\/index.php\\\/produto\\\/mural-patine-cera-verde-cromo\\\/#breadcrumb\",\"itemListElement\":[{\"@type\":\"ListItem\",\"position\":1,\"name\":\"In\u00edcio\",\"item\":\"https:\\\/\\\/divertarte.com\\\/\"},{\"@type\":\"ListItem\",\"position\":2,\"name\":\"Loja\",\"item\":\"https:\\\/\\\/divertarte.com\\\/index.php\\\/divertarte-produtos\\\/\"},{\"@type\":\"ListItem\",\"position\":3,\"name\":\"MURAL PATINE CERA VERDE CROMO\"}]},{\"@type\":\"WebSite\",\"@id\":\"https:\\\/\\\/divertarte.com\\\/#website\",\"url\":\"https:\\\/\\\/divertarte.com\\\/\",\"name\":\"Divertarte\",\"description\":\"\",\"publisher\":{\"@id\":\"https:\\\/\\\/divertarte.com\\\/#organization\"},\"potentialAction\":[{\"@type\":\"SearchAction\",\"target\":{\"@type\":\"EntryPoint\",\"urlTemplate\":\"https:\\\/\\\/divertarte.com\\\/?s={search_term_string}\"},\"query-input\":{\"@type\":\"PropertyValueSpecification\",\"valueRequired\":true,\"valueName\":\"search_term_string\"}}],\"inLanguage\":\"pt-PT\"},{\"@type\":\"Organization\",\"@id\":\"https:\\\/\\\/divertarte.com\\\/#organization\",\"name\":\"Divertarte\",\"url\":\"https:\\\/\\\/divertarte.com\\\/\",\"logo\":{\"@type\":\"ImageObject\",\"inLanguage\":\"pt-PT\",\"@id\":\"https:\\\/\\\/divertarte.com\\\/#\\\/schema\\\/logo\\\/image\\\/\",\"url\":\"https:\\\/\\\/divertarte.com\\\/wp-content\\\/uploads\\\/2018\\\/07\\\/logo-div.jpg\",\"contentUrl\":\"https:\\\/\\\/divertarte.com\\\/wp-content\\\/uploads\\\/2018\\\/07\\\/logo-div.jpg\",\"width\":295,\"height\":123,\"caption\":\"Divertarte\"},\"image\":{\"@id\":\"https:\\\/\\\/divertarte.com\\\/#\\\/schema\\\/logo\\\/image\\\/\"}}]}<\/script>\n<!-- \/ Yoast SEO plugin. -->","yoast_head_json":{"title":"MURAL PATINE CERA VERDE CROMO -","robots":{"index":"index","follow":"follow","max-snippet":"max-snippet:-1","max-image-preview":"max-image-preview:large","max-video-preview":"max-video-preview:-1"},"canonical":"https:\/\/divertarte.com\/index.php\/produto\/mural-patine-cera-verde-cromo\/","og_locale":"pt_PT","og_type":"article","og_title":"MURAL PATINE CERA VERDE CROMO -","og_description":"Pote de 40 gr. - Excelente para patines e acabamentos especiais, tem alt\u00edssimo rendimento, e \u00f3tima performance em madeiras, MDF, resinas, cer\u00e2mica (sem esmalte), terracota, papel, ferro, outras superf\u00edcies porosas e at\u00e9 mesmo parafina.     Pode ser aplicada tanto em um m\u00f3vel ou arm\u00e1rio, como em pequenos objetos decorativos, com a mesma facilidade e requinte de acabamento.    Devido ao seu alto poder de cobertura, pode ser diluida em seus diluentes espec\u00edficos (s\u00f3lido ou l\u00edquido) para obterem-se acabamentos mais transparentes ou aquarelados.","og_url":"https:\/\/divertarte.com\/index.php\/produto\/mural-patine-cera-verde-cromo\/","article_modified_time":"2025-11-06T13:59:19+00:00","og_image":[{"width":558,"height":558,"url":"https:\/\/divertarte.com\/wp-content\/uploads\/2018\/05\/Mural_verde_cromo.jpg","type":"image\/jpeg"}],"twitter_card":"summary_large_image","schema":{"@context":"https:\/\/schema.org","@graph":[{"@type":"WebPage","@id":"https:\/\/divertarte.com\/index.php\/produto\/mural-patine-cera-verde-cromo\/","url":"https:\/\/divertarte.com\/index.php\/produto\/mural-patine-cera-verde-cromo\/","name":"MURAL PATINE CERA VERDE CROMO -","isPartOf":{"@id":"https:\/\/divertarte.com\/#website"},"primaryImageOfPage":{"@id":"https:\/\/divertarte.com\/index.php\/produto\/mural-patine-cera-verde-cromo\/#primaryimage"},"image":{"@id":"https:\/\/divertarte.com\/index.php\/produto\/mural-patine-cera-verde-cromo\/#primaryimage"},"thumbnailUrl":"https:\/\/divertarte.com\/wp-content\/uploads\/2018\/05\/Mural_verde_cromo.jpg","datePublished":"2018-06-07T13:07:03+00:00","dateModified":"2025-11-06T13:59:19+00:00","breadcrumb":{"@id":"https:\/\/divertarte.com\/index.php\/produto\/mural-patine-cera-verde-cromo\/#breadcrumb"},"inLanguage":"pt-PT","potentialAction":[{"@type":"ReadAction","target":["https:\/\/divertarte.com\/index.php\/produto\/mural-patine-cera-verde-cromo\/"]}]},{"@type":"ImageObject","inLanguage":"pt-PT","@id":"https:\/\/divertarte.com\/index.php\/produto\/mural-patine-cera-verde-cromo\/#primaryimage","url":"https:\/\/divertarte.com\/wp-content\/uploads\/2018\/05\/Mural_verde_cromo.jpg","contentUrl":"https:\/\/divertarte.com\/wp-content\/uploads\/2018\/05\/Mural_verde_cromo.jpg","width":558,"height":558},{"@type":"BreadcrumbList","@id":"https:\/\/divertarte.com\/index.php\/produto\/mural-patine-cera-verde-cromo\/#breadcrumb","itemListElement":[{"@type":"ListItem","position":1,"name":"In\u00edcio","item":"https:\/\/divertarte.com\/"},{"@type":"ListItem","position":2,"name":"Loja","item":"https:\/\/divertarte.com\/index.php\/divertarte-produtos\/"},{"@type":"ListItem","position":3,"name":"MURAL PATINE CERA VERDE CROMO"}]},{"@type":"WebSite","@id":"https:\/\/divertarte.com\/#website","url":"https:\/\/divertarte.com\/","name":"Divertarte","description":"","publisher":{"@id":"https:\/\/divertarte.com\/#organization"},"potentialAction":[{"@type":"SearchAction","target":{"@type":"EntryPoint","urlTemplate":"https:\/\/divertarte.com\/?s={search_term_string}"},"query-input":{"@type":"PropertyValueSpecification","valueRequired":true,"valueName":"search_term_string"}}],"inLanguage":"pt-PT"},{"@type":"Organization","@id":"https:\/\/divertarte.com\/#organization","name":"Divertarte","url":"https:\/\/divertarte.com\/","logo":{"@type":"ImageObject","inLanguage":"pt-PT","@id":"https:\/\/divertarte.com\/#\/schema\/logo\/image\/","url":"https:\/\/divertarte.com\/wp-content\/uploads\/2018\/07\/logo-div.jpg","contentUrl":"https:\/\/divertarte.com\/wp-content\/uploads\/2018\/07\/logo-div.jpg","width":295,"height":123,"caption":"Divertarte"},"image":{"@id":"https:\/\/divertarte.com\/#\/schema\/logo\/image\/"}}]}},"_links":{"self":[{"href":"https:\/\/divertarte.com\/index.php\/wp-json\/wp\/v2\/product\/1745","targetHints":{"allow":["GET"]}}],"collection":[{"href":"https:\/\/divertarte.com\/index.php\/wp-json\/wp\/v2\/product"}],"about":[{"href":"https:\/\/divertarte.com\/index.php\/wp-json\/wp\/v2\/types\/product"}],"replies":[{"embeddable":true,"href":"https:\/\/divertarte.com\/index.php\/wp-json\/wp\/v2\/comments?post=1745"}],"wp:featuredmedia":[{"embeddable":true,"href":"https:\/\/divertarte.com\/index.php\/wp-json\/wp\/v2\/media\/5529"}],"wp:attachment":[{"href":"https:\/\/divertarte.com\/index.php\/wp-json\/wp\/v2\/media?parent=1745"}],"wp:term":[{"taxonomy":"product_brand","embeddable":true,"href":"https:\/\/divertarte.com\/index.php\/wp-json\/wp\/v2\/product_brand?post=1745"},{"taxonomy":"product_cat","embeddable":true,"href":"https:\/\/divertarte.com\/index.php\/wp-json\/wp\/v2\/product_cat?post=1745"},{"taxonomy":"product_tag","embeddable":true,"href":"https:\/\/divertarte.com\/index.php\/wp-json\/wp\/v2\/product_tag?post=1745"}],"curies":[{"name":"wp","href":"https:\/\/api.w.org\/{rel}","templated":true}]}}