{"id":17412,"date":"2022-09-08T11:22:32","date_gmt":"2022-09-08T10:22:32","guid":{"rendered":"https:\/\/divertarte.com\/?post_type=product&#038;p=17412"},"modified":"2025-11-06T13:23:52","modified_gmt":"2025-11-06T13:23:52","slug":"bola-de-cristal-asfour-50mm","status":"publish","type":"product","link":"https:\/\/divertarte.com\/index.php\/produto\/bola-de-cristal-asfour-50mm\/","title":{"rendered":"Bola de cristal Asfour 50mm"},"content":{"rendered":"<p>Bola de cristal Asfour 50mm de di\u00e2metro multifacetado, 108 faces. \u00c9 feita com uma liga de vidro com chumbo a 30% (cristal)<\/p>\n<p>Cristal Eg\u00edpcio Asfour, esfera Feng Shui de 50mm. Corrigem e harmonizam as vibra\u00e7\u00f5es do ambiente.<\/p>\n<p>Acompanha 1 Metro de Fio Vermelho.<\/p>\n<p>Colocar perto de janelas, veja o que diz Monica Tavares no youtube Especialista de fengshui<\/p>\n","protected":false},"excerpt":{"rendered":"<p>Bola de cristal Asfour 50mm de di\u00e2metro multifacetado, 108 faces. \u00c9 feita com uma liga de vidro com chumbo a 30% (cristal)<\/p>\n<p>Cristal Eg\u00edpcio Asfour, esfera Feng Shui de 50mm. Corrigem e harmonizam as vibra\u00e7\u00f5es do ambiente.<\/p>\n<p>Acompanha 1 Metro de Fio Vermelho.<\/p>\n<p>Colocar perto de janelas, veja o que diz Monica Tavares no youtube Especialista de fengshui<\/p>\n","protected":false},"featured_media":17413,"comment_status":"open","ping_status":"closed","template":"","meta":{"_exactmetrics_skip_tracking":false,"_exactmetrics_sitenote_active":false,"_exactmetrics_sitenote_note":"","_exactmetrics_sitenote_category":0},"product_brand":[],"product_cat":[661,544,15],"product_tag":[],"class_list":{"0":"post-17412","1":"product","2":"type-product","3":"status-publish","4":"has-post-thumbnail","6":"product_cat-cristais-multifacetados","7":"product_cat-feng-shui","8":"product_cat-ver-todos-os-produtos","10":"first","11":"instock","12":"taxable","13":"shipping-taxable","14":"purchasable","15":"product-type-simple"},"yoast_head":"<!-- This site is optimized with the Yoast SEO plugin v27.4 - https:\/\/yoast.com\/product\/yoast-seo-wordpress\/ -->\n<title>Bola de cristal Asfour 50mm -<\/title>\n<meta name=\"description\" content=\"Bola de cristal Asfour 50mm de di\u00e2metro multifacetado, 108 faces. \u00c9 feita com uma liga de vidro com chumbo a 30% (cristal)Cristal Eg\u00edpcio Asfour\" \/>\n<meta name=\"robots\" content=\"index, follow, max-snippet:-1, max-image-preview:large, max-video-preview:-1\" \/>\n<link rel=\"canonical\" href=\"https:\/\/divertarte.com\/index.php\/produto\/bola-de-cristal-asfour-50mm\/\" \/>\n<meta property=\"og:locale\" content=\"pt_PT\" \/>\n<meta property=\"og:type\" content=\"article\" \/>\n<meta property=\"og:title\" content=\"Bola de cristal Asfour 50mm -\" \/>\n<meta property=\"og:description\" content=\"Bola de cristal Asfour 50mm de di\u00e2metro multifacetado, 108 faces. \u00c9 feita com uma liga de vidro com chumbo a 30% (cristal)Cristal Eg\u00edpcio Asfour\" \/>\n<meta property=\"og:url\" content=\"https:\/\/divertarte.com\/index.php\/produto\/bola-de-cristal-asfour-50mm\/\" \/>\n<meta property=\"article:modified_time\" content=\"2025-11-06T13:23:52+00:00\" \/>\n<meta property=\"og:image\" content=\"https:\/\/divertarte.com\/wp-content\/uploads\/2022\/09\/bola-cristal-asfour-50mm-24.9.jpg\" \/>\n\t<meta property=\"og:image:width\" content=\"299\" \/>\n\t<meta property=\"og:image:height\" content=\"300\" \/>\n\t<meta property=\"og:image:type\" content=\"image\/jpeg\" \/>\n<meta name=\"twitter:card\" content=\"summary_large_image\" \/>\n<script type=\"application\/ld+json\" class=\"yoast-schema-graph\">{\"@context\":\"https:\\\/\\\/schema.org\",\"@graph\":[{\"@type\":\"WebPage\",\"@id\":\"https:\\\/\\\/divertarte.com\\\/index.php\\\/produto\\\/bola-de-cristal-asfour-50mm\\\/\",\"url\":\"https:\\\/\\\/divertarte.com\\\/index.php\\\/produto\\\/bola-de-cristal-asfour-50mm\\\/\",\"name\":\"Bola de cristal Asfour 50mm -\",\"isPartOf\":{\"@id\":\"https:\\\/\\\/divertarte.com\\\/#website\"},\"primaryImageOfPage\":{\"@id\":\"https:\\\/\\\/divertarte.com\\\/index.php\\\/produto\\\/bola-de-cristal-asfour-50mm\\\/#primaryimage\"},\"image\":{\"@id\":\"https:\\\/\\\/divertarte.com\\\/index.php\\\/produto\\\/bola-de-cristal-asfour-50mm\\\/#primaryimage\"},\"thumbnailUrl\":\"https:\\\/\\\/divertarte.com\\\/wp-content\\\/uploads\\\/2022\\\/09\\\/bola-cristal-asfour-50mm-24.9.jpg\",\"datePublished\":\"2022-09-08T10:22:32+00:00\",\"dateModified\":\"2025-11-06T13:23:52+00:00\",\"description\":\"Bola de cristal Asfour 50mm de di\u00e2metro multifacetado, 108 faces. \u00c9 feita com uma liga de vidro com chumbo a 30% (cristal)Cristal Eg\u00edpcio Asfour\",\"breadcrumb\":{\"@id\":\"https:\\\/\\\/divertarte.com\\\/index.php\\\/produto\\\/bola-de-cristal-asfour-50mm\\\/#breadcrumb\"},\"inLanguage\":\"pt-PT\",\"potentialAction\":[{\"@type\":\"ReadAction\",\"target\":[\"https:\\\/\\\/divertarte.com\\\/index.php\\\/produto\\\/bola-de-cristal-asfour-50mm\\\/\"]}]},{\"@type\":\"ImageObject\",\"inLanguage\":\"pt-PT\",\"@id\":\"https:\\\/\\\/divertarte.com\\\/index.php\\\/produto\\\/bola-de-cristal-asfour-50mm\\\/#primaryimage\",\"url\":\"https:\\\/\\\/divertarte.com\\\/wp-content\\\/uploads\\\/2022\\\/09\\\/bola-cristal-asfour-50mm-24.9.jpg\",\"contentUrl\":\"https:\\\/\\\/divertarte.com\\\/wp-content\\\/uploads\\\/2022\\\/09\\\/bola-cristal-asfour-50mm-24.9.jpg\",\"width\":299,\"height\":300},{\"@type\":\"BreadcrumbList\",\"@id\":\"https:\\\/\\\/divertarte.com\\\/index.php\\\/produto\\\/bola-de-cristal-asfour-50mm\\\/#breadcrumb\",\"itemListElement\":[{\"@type\":\"ListItem\",\"position\":1,\"name\":\"In\u00edcio\",\"item\":\"https:\\\/\\\/divertarte.com\\\/\"},{\"@type\":\"ListItem\",\"position\":2,\"name\":\"Loja\",\"item\":\"https:\\\/\\\/divertarte.com\\\/index.php\\\/divertarte-produtos\\\/\"},{\"@type\":\"ListItem\",\"position\":3,\"name\":\"Bola de cristal Asfour 50mm\"}]},{\"@type\":\"WebSite\",\"@id\":\"https:\\\/\\\/divertarte.com\\\/#website\",\"url\":\"https:\\\/\\\/divertarte.com\\\/\",\"name\":\"Divertarte\",\"description\":\"\",\"publisher\":{\"@id\":\"https:\\\/\\\/divertarte.com\\\/#organization\"},\"potentialAction\":[{\"@type\":\"SearchAction\",\"target\":{\"@type\":\"EntryPoint\",\"urlTemplate\":\"https:\\\/\\\/divertarte.com\\\/?s={search_term_string}\"},\"query-input\":{\"@type\":\"PropertyValueSpecification\",\"valueRequired\":true,\"valueName\":\"search_term_string\"}}],\"inLanguage\":\"pt-PT\"},{\"@type\":\"Organization\",\"@id\":\"https:\\\/\\\/divertarte.com\\\/#organization\",\"name\":\"Divertarte\",\"url\":\"https:\\\/\\\/divertarte.com\\\/\",\"logo\":{\"@type\":\"ImageObject\",\"inLanguage\":\"pt-PT\",\"@id\":\"https:\\\/\\\/divertarte.com\\\/#\\\/schema\\\/logo\\\/image\\\/\",\"url\":\"https:\\\/\\\/divertarte.com\\\/wp-content\\\/uploads\\\/2018\\\/07\\\/logo-div.jpg\",\"contentUrl\":\"https:\\\/\\\/divertarte.com\\\/wp-content\\\/uploads\\\/2018\\\/07\\\/logo-div.jpg\",\"width\":295,\"height\":123,\"caption\":\"Divertarte\"},\"image\":{\"@id\":\"https:\\\/\\\/divertarte.com\\\/#\\\/schema\\\/logo\\\/image\\\/\"}}]}<\/script>\n<!-- \/ Yoast SEO plugin. -->","yoast_head_json":{"title":"Bola de cristal Asfour 50mm -","description":"Bola de cristal Asfour 50mm de di\u00e2metro multifacetado, 108 faces. \u00c9 feita com uma liga de vidro com chumbo a 30% (cristal)Cristal Eg\u00edpcio Asfour","robots":{"index":"index","follow":"follow","max-snippet":"max-snippet:-1","max-image-preview":"max-image-preview:large","max-video-preview":"max-video-preview:-1"},"canonical":"https:\/\/divertarte.com\/index.php\/produto\/bola-de-cristal-asfour-50mm\/","og_locale":"pt_PT","og_type":"article","og_title":"Bola de cristal Asfour 50mm -","og_description":"Bola de cristal Asfour 50mm de di\u00e2metro multifacetado, 108 faces. \u00c9 feita com uma liga de vidro com chumbo a 30% (cristal)Cristal Eg\u00edpcio Asfour","og_url":"https:\/\/divertarte.com\/index.php\/produto\/bola-de-cristal-asfour-50mm\/","article_modified_time":"2025-11-06T13:23:52+00:00","og_image":[{"width":299,"height":300,"url":"https:\/\/divertarte.com\/wp-content\/uploads\/2022\/09\/bola-cristal-asfour-50mm-24.9.jpg","type":"image\/jpeg"}],"twitter_card":"summary_large_image","schema":{"@context":"https:\/\/schema.org","@graph":[{"@type":"WebPage","@id":"https:\/\/divertarte.com\/index.php\/produto\/bola-de-cristal-asfour-50mm\/","url":"https:\/\/divertarte.com\/index.php\/produto\/bola-de-cristal-asfour-50mm\/","name":"Bola de cristal Asfour 50mm -","isPartOf":{"@id":"https:\/\/divertarte.com\/#website"},"primaryImageOfPage":{"@id":"https:\/\/divertarte.com\/index.php\/produto\/bola-de-cristal-asfour-50mm\/#primaryimage"},"image":{"@id":"https:\/\/divertarte.com\/index.php\/produto\/bola-de-cristal-asfour-50mm\/#primaryimage"},"thumbnailUrl":"https:\/\/divertarte.com\/wp-content\/uploads\/2022\/09\/bola-cristal-asfour-50mm-24.9.jpg","datePublished":"2022-09-08T10:22:32+00:00","dateModified":"2025-11-06T13:23:52+00:00","description":"Bola de cristal Asfour 50mm de di\u00e2metro multifacetado, 108 faces. \u00c9 feita com uma liga de vidro com chumbo a 30% (cristal)Cristal Eg\u00edpcio Asfour","breadcrumb":{"@id":"https:\/\/divertarte.com\/index.php\/produto\/bola-de-cristal-asfour-50mm\/#breadcrumb"},"inLanguage":"pt-PT","potentialAction":[{"@type":"ReadAction","target":["https:\/\/divertarte.com\/index.php\/produto\/bola-de-cristal-asfour-50mm\/"]}]},{"@type":"ImageObject","inLanguage":"pt-PT","@id":"https:\/\/divertarte.com\/index.php\/produto\/bola-de-cristal-asfour-50mm\/#primaryimage","url":"https:\/\/divertarte.com\/wp-content\/uploads\/2022\/09\/bola-cristal-asfour-50mm-24.9.jpg","contentUrl":"https:\/\/divertarte.com\/wp-content\/uploads\/2022\/09\/bola-cristal-asfour-50mm-24.9.jpg","width":299,"height":300},{"@type":"BreadcrumbList","@id":"https:\/\/divertarte.com\/index.php\/produto\/bola-de-cristal-asfour-50mm\/#breadcrumb","itemListElement":[{"@type":"ListItem","position":1,"name":"In\u00edcio","item":"https:\/\/divertarte.com\/"},{"@type":"ListItem","position":2,"name":"Loja","item":"https:\/\/divertarte.com\/index.php\/divertarte-produtos\/"},{"@type":"ListItem","position":3,"name":"Bola de cristal Asfour 50mm"}]},{"@type":"WebSite","@id":"https:\/\/divertarte.com\/#website","url":"https:\/\/divertarte.com\/","name":"Divertarte","description":"","publisher":{"@id":"https:\/\/divertarte.com\/#organization"},"potentialAction":[{"@type":"SearchAction","target":{"@type":"EntryPoint","urlTemplate":"https:\/\/divertarte.com\/?s={search_term_string}"},"query-input":{"@type":"PropertyValueSpecification","valueRequired":true,"valueName":"search_term_string"}}],"inLanguage":"pt-PT"},{"@type":"Organization","@id":"https:\/\/divertarte.com\/#organization","name":"Divertarte","url":"https:\/\/divertarte.com\/","logo":{"@type":"ImageObject","inLanguage":"pt-PT","@id":"https:\/\/divertarte.com\/#\/schema\/logo\/image\/","url":"https:\/\/divertarte.com\/wp-content\/uploads\/2018\/07\/logo-div.jpg","contentUrl":"https:\/\/divertarte.com\/wp-content\/uploads\/2018\/07\/logo-div.jpg","width":295,"height":123,"caption":"Divertarte"},"image":{"@id":"https:\/\/divertarte.com\/#\/schema\/logo\/image\/"}}]}},"_links":{"self":[{"href":"https:\/\/divertarte.com\/index.php\/wp-json\/wp\/v2\/product\/17412","targetHints":{"allow":["GET"]}}],"collection":[{"href":"https:\/\/divertarte.com\/index.php\/wp-json\/wp\/v2\/product"}],"about":[{"href":"https:\/\/divertarte.com\/index.php\/wp-json\/wp\/v2\/types\/product"}],"replies":[{"embeddable":true,"href":"https:\/\/divertarte.com\/index.php\/wp-json\/wp\/v2\/comments?post=17412"}],"wp:featuredmedia":[{"embeddable":true,"href":"https:\/\/divertarte.com\/index.php\/wp-json\/wp\/v2\/media\/17413"}],"wp:attachment":[{"href":"https:\/\/divertarte.com\/index.php\/wp-json\/wp\/v2\/media?parent=17412"}],"wp:term":[{"taxonomy":"product_brand","embeddable":true,"href":"https:\/\/divertarte.com\/index.php\/wp-json\/wp\/v2\/product_brand?post=17412"},{"taxonomy":"product_cat","embeddable":true,"href":"https:\/\/divertarte.com\/index.php\/wp-json\/wp\/v2\/product_cat?post=17412"},{"taxonomy":"product_tag","embeddable":true,"href":"https:\/\/divertarte.com\/index.php\/wp-json\/wp\/v2\/product_tag?post=17412"}],"curies":[{"name":"wp","href":"https:\/\/api.w.org\/{rel}","templated":true}]}}