{"id":16735,"date":"2022-06-13T13:28:28","date_gmt":"2022-06-13T12:28:28","guid":{"rendered":"https:\/\/divertarte.com\/?post_type=product&#038;p=16735"},"modified":"2025-11-06T13:23:57","modified_gmt":"2025-11-06T13:23:57","slug":"sacos-celofane-20x30-cm-1000-unidades","status":"publish","type":"product","link":"https:\/\/divertarte.com\/index.php\/produto\/sacos-celofane-20x30-cm-1000-unidades\/","title":{"rendered":"Sacos Celofane 20\u00d730 cm -1000 unidades"},"content":{"rendered":"<p>Sacos Celofane 20&#215;30 cm -1000 unidades<\/p>\n<p>Saquinhos de celofane 20&#215;30 cm com fecho autocolante. Pac de aproximadamente 1000 unidades. Sacos de celofane. Ideal para embalar pequenas pe\u00e7as soltas,conchas, aplica\u00e7\u00f5es, doces, rebu\u00e7ados, bombons, bricolage, imans, artigos escolares, cart\u00f5es l\u00e1pis de cera, etc<\/p>\n","protected":false},"excerpt":{"rendered":"<p>Sacos Celofane 20&#215;30 cm -1000 unidades<\/p>\n<p>Saquinhos de celofane 20&#215;30 cm com fecho autocolante. Pac de aproximadamente 1000 unidades. Sacos de celofane. Ideal para embalar pequenas pe\u00e7as soltas,conchas, aplica\u00e7\u00f5es, doces, rebu\u00e7ados, bombons, bricolage, imans, artigos escolares, cart\u00f5es l\u00e1pis de cera, etc<\/p>\n","protected":false},"featured_media":16736,"comment_status":"open","ping_status":"closed","template":"","meta":{"_exactmetrics_skip_tracking":false,"_exactmetrics_sitenote_active":false,"_exactmetrics_sitenote_note":"","_exactmetrics_sitenote_category":0},"product_brand":[],"product_cat":[405,15],"product_tag":[892,732,552,891],"class_list":{"0":"post-16735","1":"product","2":"type-product","3":"status-publish","4":"has-post-thumbnail","6":"product_cat-sacos-celofane","7":"product_cat-ver-todos-os-produtos","8":"product_tag-bolsas-de-celofane","9":"product_tag-embalagens","10":"product_tag-sacos-celofane-com-pala-aderente","11":"product_tag-saquinhos-de-celofane","13":"first","14":"instock","15":"taxable","16":"shipping-taxable","17":"purchasable","18":"product-type-simple"},"yoast_head":"<!-- This site is optimized with the Yoast SEO plugin v27.4 - https:\/\/yoast.com\/product\/yoast-seo-wordpress\/ -->\n<title>Sacos Celofane 20\u00d730 cm -1000 unidades -<\/title>\n<meta name=\"description\" content=\"Sacos Celofane 20x30 cm -1000 unidades. Saquinhos de celofane 20x30 cm com fecho autocolante. Pac de aproximadamente 1000 unidades.\" \/>\n<meta name=\"robots\" content=\"index, follow, max-snippet:-1, max-image-preview:large, max-video-preview:-1\" \/>\n<link rel=\"canonical\" href=\"https:\/\/divertarte.com\/index.php\/produto\/sacos-celofane-20x30-cm-1000-unidades\/\" \/>\n<meta property=\"og:locale\" content=\"pt_PT\" \/>\n<meta property=\"og:type\" content=\"article\" \/>\n<meta property=\"og:title\" content=\"Sacos Celofane 20\u00d730 cm -1000 unidades -\" \/>\n<meta property=\"og:description\" content=\"Sacos Celofane 20x30 cm -1000 unidades. Saquinhos de celofane 20x30 cm com fecho autocolante. Pac de aproximadamente 1000 unidades.\" \/>\n<meta property=\"og:url\" content=\"https:\/\/divertarte.com\/index.php\/produto\/sacos-celofane-20x30-cm-1000-unidades\/\" \/>\n<meta property=\"article:modified_time\" content=\"2025-11-06T13:23:57+00:00\" \/>\n<meta property=\"og:image\" content=\"https:\/\/divertarte.com\/wp-content\/uploads\/2022\/06\/Sacos-Celofane-20x30cm.jpg\" \/>\n\t<meta property=\"og:image:width\" content=\"549\" \/>\n\t<meta property=\"og:image:height\" content=\"558\" \/>\n\t<meta property=\"og:image:type\" content=\"image\/jpeg\" \/>\n<meta name=\"twitter:card\" content=\"summary_large_image\" \/>\n<meta name=\"twitter:label1\" content=\"Tempo estimado de leitura\" \/>\n\t<meta name=\"twitter:data1\" content=\"1 minuto\" \/>\n<script type=\"application\/ld+json\" class=\"yoast-schema-graph\">{\"@context\":\"https:\\\/\\\/schema.org\",\"@graph\":[{\"@type\":\"WebPage\",\"@id\":\"https:\\\/\\\/divertarte.com\\\/index.php\\\/produto\\\/sacos-celofane-20x30-cm-1000-unidades\\\/\",\"url\":\"https:\\\/\\\/divertarte.com\\\/index.php\\\/produto\\\/sacos-celofane-20x30-cm-1000-unidades\\\/\",\"name\":\"Sacos Celofane 20\u00d730 cm -1000 unidades -\",\"isPartOf\":{\"@id\":\"https:\\\/\\\/divertarte.com\\\/#website\"},\"primaryImageOfPage\":{\"@id\":\"https:\\\/\\\/divertarte.com\\\/index.php\\\/produto\\\/sacos-celofane-20x30-cm-1000-unidades\\\/#primaryimage\"},\"image\":{\"@id\":\"https:\\\/\\\/divertarte.com\\\/index.php\\\/produto\\\/sacos-celofane-20x30-cm-1000-unidades\\\/#primaryimage\"},\"thumbnailUrl\":\"https:\\\/\\\/divertarte.com\\\/wp-content\\\/uploads\\\/2022\\\/06\\\/Sacos-Celofane-20x30cm.jpg\",\"datePublished\":\"2022-06-13T12:28:28+00:00\",\"dateModified\":\"2025-11-06T13:23:57+00:00\",\"description\":\"Sacos Celofane 20x30 cm -1000 unidades. Saquinhos de celofane 20x30 cm com fecho autocolante. Pac de aproximadamente 1000 unidades.\",\"breadcrumb\":{\"@id\":\"https:\\\/\\\/divertarte.com\\\/index.php\\\/produto\\\/sacos-celofane-20x30-cm-1000-unidades\\\/#breadcrumb\"},\"inLanguage\":\"pt-PT\",\"potentialAction\":[{\"@type\":\"ReadAction\",\"target\":[\"https:\\\/\\\/divertarte.com\\\/index.php\\\/produto\\\/sacos-celofane-20x30-cm-1000-unidades\\\/\"]}]},{\"@type\":\"ImageObject\",\"inLanguage\":\"pt-PT\",\"@id\":\"https:\\\/\\\/divertarte.com\\\/index.php\\\/produto\\\/sacos-celofane-20x30-cm-1000-unidades\\\/#primaryimage\",\"url\":\"https:\\\/\\\/divertarte.com\\\/wp-content\\\/uploads\\\/2022\\\/06\\\/Sacos-Celofane-20x30cm.jpg\",\"contentUrl\":\"https:\\\/\\\/divertarte.com\\\/wp-content\\\/uploads\\\/2022\\\/06\\\/Sacos-Celofane-20x30cm.jpg\",\"width\":549,\"height\":558},{\"@type\":\"BreadcrumbList\",\"@id\":\"https:\\\/\\\/divertarte.com\\\/index.php\\\/produto\\\/sacos-celofane-20x30-cm-1000-unidades\\\/#breadcrumb\",\"itemListElement\":[{\"@type\":\"ListItem\",\"position\":1,\"name\":\"In\u00edcio\",\"item\":\"https:\\\/\\\/divertarte.com\\\/\"},{\"@type\":\"ListItem\",\"position\":2,\"name\":\"Loja\",\"item\":\"https:\\\/\\\/divertarte.com\\\/index.php\\\/divertarte-produtos\\\/\"},{\"@type\":\"ListItem\",\"position\":3,\"name\":\"Sacos Celofane 20\u00d730 cm -1000 unidades\"}]},{\"@type\":\"WebSite\",\"@id\":\"https:\\\/\\\/divertarte.com\\\/#website\",\"url\":\"https:\\\/\\\/divertarte.com\\\/\",\"name\":\"Divertarte\",\"description\":\"\",\"publisher\":{\"@id\":\"https:\\\/\\\/divertarte.com\\\/#organization\"},\"potentialAction\":[{\"@type\":\"SearchAction\",\"target\":{\"@type\":\"EntryPoint\",\"urlTemplate\":\"https:\\\/\\\/divertarte.com\\\/?s={search_term_string}\"},\"query-input\":{\"@type\":\"PropertyValueSpecification\",\"valueRequired\":true,\"valueName\":\"search_term_string\"}}],\"inLanguage\":\"pt-PT\"},{\"@type\":\"Organization\",\"@id\":\"https:\\\/\\\/divertarte.com\\\/#organization\",\"name\":\"Divertarte\",\"url\":\"https:\\\/\\\/divertarte.com\\\/\",\"logo\":{\"@type\":\"ImageObject\",\"inLanguage\":\"pt-PT\",\"@id\":\"https:\\\/\\\/divertarte.com\\\/#\\\/schema\\\/logo\\\/image\\\/\",\"url\":\"https:\\\/\\\/divertarte.com\\\/wp-content\\\/uploads\\\/2018\\\/07\\\/logo-div.jpg\",\"contentUrl\":\"https:\\\/\\\/divertarte.com\\\/wp-content\\\/uploads\\\/2018\\\/07\\\/logo-div.jpg\",\"width\":295,\"height\":123,\"caption\":\"Divertarte\"},\"image\":{\"@id\":\"https:\\\/\\\/divertarte.com\\\/#\\\/schema\\\/logo\\\/image\\\/\"}}]}<\/script>\n<!-- \/ Yoast SEO plugin. -->","yoast_head_json":{"title":"Sacos Celofane 20\u00d730 cm -1000 unidades -","description":"Sacos Celofane 20x30 cm -1000 unidades. Saquinhos de celofane 20x30 cm com fecho autocolante. Pac de aproximadamente 1000 unidades.","robots":{"index":"index","follow":"follow","max-snippet":"max-snippet:-1","max-image-preview":"max-image-preview:large","max-video-preview":"max-video-preview:-1"},"canonical":"https:\/\/divertarte.com\/index.php\/produto\/sacos-celofane-20x30-cm-1000-unidades\/","og_locale":"pt_PT","og_type":"article","og_title":"Sacos Celofane 20\u00d730 cm -1000 unidades -","og_description":"Sacos Celofane 20x30 cm -1000 unidades. Saquinhos de celofane 20x30 cm com fecho autocolante. Pac de aproximadamente 1000 unidades.","og_url":"https:\/\/divertarte.com\/index.php\/produto\/sacos-celofane-20x30-cm-1000-unidades\/","article_modified_time":"2025-11-06T13:23:57+00:00","og_image":[{"width":549,"height":558,"url":"https:\/\/divertarte.com\/wp-content\/uploads\/2022\/06\/Sacos-Celofane-20x30cm.jpg","type":"image\/jpeg"}],"twitter_card":"summary_large_image","twitter_misc":{"Tempo estimado de leitura":"1 minuto"},"schema":{"@context":"https:\/\/schema.org","@graph":[{"@type":"WebPage","@id":"https:\/\/divertarte.com\/index.php\/produto\/sacos-celofane-20x30-cm-1000-unidades\/","url":"https:\/\/divertarte.com\/index.php\/produto\/sacos-celofane-20x30-cm-1000-unidades\/","name":"Sacos Celofane 20\u00d730 cm -1000 unidades -","isPartOf":{"@id":"https:\/\/divertarte.com\/#website"},"primaryImageOfPage":{"@id":"https:\/\/divertarte.com\/index.php\/produto\/sacos-celofane-20x30-cm-1000-unidades\/#primaryimage"},"image":{"@id":"https:\/\/divertarte.com\/index.php\/produto\/sacos-celofane-20x30-cm-1000-unidades\/#primaryimage"},"thumbnailUrl":"https:\/\/divertarte.com\/wp-content\/uploads\/2022\/06\/Sacos-Celofane-20x30cm.jpg","datePublished":"2022-06-13T12:28:28+00:00","dateModified":"2025-11-06T13:23:57+00:00","description":"Sacos Celofane 20x30 cm -1000 unidades. Saquinhos de celofane 20x30 cm com fecho autocolante. Pac de aproximadamente 1000 unidades.","breadcrumb":{"@id":"https:\/\/divertarte.com\/index.php\/produto\/sacos-celofane-20x30-cm-1000-unidades\/#breadcrumb"},"inLanguage":"pt-PT","potentialAction":[{"@type":"ReadAction","target":["https:\/\/divertarte.com\/index.php\/produto\/sacos-celofane-20x30-cm-1000-unidades\/"]}]},{"@type":"ImageObject","inLanguage":"pt-PT","@id":"https:\/\/divertarte.com\/index.php\/produto\/sacos-celofane-20x30-cm-1000-unidades\/#primaryimage","url":"https:\/\/divertarte.com\/wp-content\/uploads\/2022\/06\/Sacos-Celofane-20x30cm.jpg","contentUrl":"https:\/\/divertarte.com\/wp-content\/uploads\/2022\/06\/Sacos-Celofane-20x30cm.jpg","width":549,"height":558},{"@type":"BreadcrumbList","@id":"https:\/\/divertarte.com\/index.php\/produto\/sacos-celofane-20x30-cm-1000-unidades\/#breadcrumb","itemListElement":[{"@type":"ListItem","position":1,"name":"In\u00edcio","item":"https:\/\/divertarte.com\/"},{"@type":"ListItem","position":2,"name":"Loja","item":"https:\/\/divertarte.com\/index.php\/divertarte-produtos\/"},{"@type":"ListItem","position":3,"name":"Sacos Celofane 20\u00d730 cm -1000 unidades"}]},{"@type":"WebSite","@id":"https:\/\/divertarte.com\/#website","url":"https:\/\/divertarte.com\/","name":"Divertarte","description":"","publisher":{"@id":"https:\/\/divertarte.com\/#organization"},"potentialAction":[{"@type":"SearchAction","target":{"@type":"EntryPoint","urlTemplate":"https:\/\/divertarte.com\/?s={search_term_string}"},"query-input":{"@type":"PropertyValueSpecification","valueRequired":true,"valueName":"search_term_string"}}],"inLanguage":"pt-PT"},{"@type":"Organization","@id":"https:\/\/divertarte.com\/#organization","name":"Divertarte","url":"https:\/\/divertarte.com\/","logo":{"@type":"ImageObject","inLanguage":"pt-PT","@id":"https:\/\/divertarte.com\/#\/schema\/logo\/image\/","url":"https:\/\/divertarte.com\/wp-content\/uploads\/2018\/07\/logo-div.jpg","contentUrl":"https:\/\/divertarte.com\/wp-content\/uploads\/2018\/07\/logo-div.jpg","width":295,"height":123,"caption":"Divertarte"},"image":{"@id":"https:\/\/divertarte.com\/#\/schema\/logo\/image\/"}}]}},"_links":{"self":[{"href":"https:\/\/divertarte.com\/index.php\/wp-json\/wp\/v2\/product\/16735","targetHints":{"allow":["GET"]}}],"collection":[{"href":"https:\/\/divertarte.com\/index.php\/wp-json\/wp\/v2\/product"}],"about":[{"href":"https:\/\/divertarte.com\/index.php\/wp-json\/wp\/v2\/types\/product"}],"replies":[{"embeddable":true,"href":"https:\/\/divertarte.com\/index.php\/wp-json\/wp\/v2\/comments?post=16735"}],"wp:featuredmedia":[{"embeddable":true,"href":"https:\/\/divertarte.com\/index.php\/wp-json\/wp\/v2\/media\/16736"}],"wp:attachment":[{"href":"https:\/\/divertarte.com\/index.php\/wp-json\/wp\/v2\/media?parent=16735"}],"wp:term":[{"taxonomy":"product_brand","embeddable":true,"href":"https:\/\/divertarte.com\/index.php\/wp-json\/wp\/v2\/product_brand?post=16735"},{"taxonomy":"product_cat","embeddable":true,"href":"https:\/\/divertarte.com\/index.php\/wp-json\/wp\/v2\/product_cat?post=16735"},{"taxonomy":"product_tag","embeddable":true,"href":"https:\/\/divertarte.com\/index.php\/wp-json\/wp\/v2\/product_tag?post=16735"}],"curies":[{"name":"wp","href":"https:\/\/api.w.org\/{rel}","templated":true}]}}