{"id":16723,"date":"2022-06-12T21:22:28","date_gmt":"2022-06-12T20:22:28","guid":{"rendered":"https:\/\/divertarte.com\/?post_type=product&#038;p=16723"},"modified":"2025-11-06T13:23:57","modified_gmt":"2025-11-06T13:23:57","slug":"placa-gesso-perfumado-azulejo-5","status":"publish","type":"product","link":"https:\/\/divertarte.com\/index.php\/produto\/placa-gesso-perfumado-azulejo-5\/","title":{"rendered":"Azulejo Gesso Perfumado Azulejo 5"},"content":{"rendered":"<p>Azulejo Gesso Perfumado Azulejo 5<\/p>\n<p>Quadrado em formato de azulejo em gesso aromatizado com as medidas 7.5&#215;7.5x1cm com la\u00e7o embutido<\/p>\n","protected":false},"excerpt":{"rendered":"<p>Azulejo Gesso Perfumado Azulejo 5<\/p>\n<p>Quadrado em formato de azulejo em gesso aromatizado com as medidas 7.5&#215;7.5x1cm com la\u00e7o,\u00a0embalado em saquinho de organza.<br \/>\nPortanto o gesso perfumado vem com fita, que serve para pendurar em qualquer lugar da casa que se deseje perfumar. Roupeiro, gaveta. Um detalhe original para prendinhas de casamento, dia dos namorados, dia da m\u00e3e, anivers\u00e1rio<\/p>\n<p>Quando perceber que o gesso est\u00e1 a perder parte de seu aroma, basta borrif\u00e1-lo com essencia para gesso perfumado.<\/p>\n<p><a href=\"https:\/\/divertarte.com\/index.php\/categoria-produto\/essencias-para-gesso-perfumado\/\">https:\/\/divertarte.com\/index.php\/categoria-produto\/essencias-para-gesso-perfumado\/<\/a><\/p>\n<p>Pode escolher<\/p>\n<p>Pe\u00e7a completa (com aroma, com fita e com saquinho)<\/p>\n<p>Pe\u00e7a simples (sem aroma, sem fita e sem saquinho)<\/p>\n<p>50 pe\u00e7as simples melhor pre\u00e7o (5 dias \u00fateis)<\/p>\n<p>&nbsp;<\/p>\n","protected":false},"featured_media":16724,"comment_status":"open","ping_status":"closed","template":"","meta":{"_exactmetrics_skip_tracking":false,"_exactmetrics_sitenote_active":false,"_exactmetrics_sitenote_note":"","_exactmetrics_sitenote_category":0},"product_brand":[],"product_cat":[323,249,336,487],"product_tag":[645,669,529],"class_list":{"0":"post-16723","1":"product","2":"type-product","3":"status-publish","4":"has-post-thumbnail","6":"product_cat-brindes-aniversario","7":"product_cat-brindes-casamento","8":"product_cat-gesso-perfumado-figuras","9":"product_cat-pecas-em-gesso","10":"product_tag-figuras-em-gesso","11":"product_tag-gesso-aromatizado","12":"product_tag-gesso-perfumado","14":"first","15":"instock","16":"taxable","17":"shipping-taxable","18":"purchasable","19":"product-type-variable"},"yoast_head":"<!-- This site is optimized with the Yoast SEO plugin v27.4 - https:\/\/yoast.com\/product\/yoast-seo-wordpress\/ -->\n<title>Azulejo Gesso Perfumado Azulejo 5 -<\/title>\n<meta name=\"description\" content=\"Azulejo Gesso Perfumado Azulejo 5. Quadrado em formato de azulejo em gesso aromatizado com as medidas 7.5x7.5x1cm com la\u00e7o embutido\" \/>\n<meta name=\"robots\" content=\"index, follow, max-snippet:-1, max-image-preview:large, max-video-preview:-1\" \/>\n<link rel=\"canonical\" href=\"https:\/\/divertarte.com\/index.php\/produto\/placa-gesso-perfumado-azulejo-5\/\" \/>\n<meta property=\"og:locale\" content=\"pt_PT\" \/>\n<meta property=\"og:type\" content=\"article\" \/>\n<meta property=\"og:title\" content=\"Azulejo Gesso Perfumado Azulejo 5 -\" \/>\n<meta property=\"og:description\" content=\"Azulejo Gesso Perfumado Azulejo 5. Quadrado em formato de azulejo em gesso aromatizado com as medidas 7.5x7.5x1cm com la\u00e7o embutido\" \/>\n<meta property=\"og:url\" content=\"https:\/\/divertarte.com\/index.php\/produto\/placa-gesso-perfumado-azulejo-5\/\" \/>\n<meta property=\"article:modified_time\" content=\"2025-11-06T13:23:57+00:00\" \/>\n<meta property=\"og:image\" content=\"https:\/\/divertarte.com\/wp-content\/uploads\/2022\/06\/placa-gesso-perfumado-azulejo-5.jpg\" \/>\n\t<meta property=\"og:image:width\" content=\"400\" \/>\n\t<meta property=\"og:image:height\" content=\"400\" \/>\n\t<meta property=\"og:image:type\" content=\"image\/jpeg\" \/>\n<meta name=\"twitter:card\" content=\"summary_large_image\" \/>\n<meta name=\"twitter:label1\" content=\"Tempo estimado de leitura\" \/>\n\t<meta name=\"twitter:data1\" content=\"1 minuto\" \/>\n<script type=\"application\/ld+json\" class=\"yoast-schema-graph\">{\"@context\":\"https:\\\/\\\/schema.org\",\"@graph\":[{\"@type\":\"WebPage\",\"@id\":\"https:\\\/\\\/divertarte.com\\\/index.php\\\/produto\\\/placa-gesso-perfumado-azulejo-5\\\/\",\"url\":\"https:\\\/\\\/divertarte.com\\\/index.php\\\/produto\\\/placa-gesso-perfumado-azulejo-5\\\/\",\"name\":\"Azulejo Gesso Perfumado Azulejo 5 -\",\"isPartOf\":{\"@id\":\"https:\\\/\\\/divertarte.com\\\/#website\"},\"primaryImageOfPage\":{\"@id\":\"https:\\\/\\\/divertarte.com\\\/index.php\\\/produto\\\/placa-gesso-perfumado-azulejo-5\\\/#primaryimage\"},\"image\":{\"@id\":\"https:\\\/\\\/divertarte.com\\\/index.php\\\/produto\\\/placa-gesso-perfumado-azulejo-5\\\/#primaryimage\"},\"thumbnailUrl\":\"https:\\\/\\\/divertarte.com\\\/wp-content\\\/uploads\\\/2022\\\/06\\\/placa-gesso-perfumado-azulejo-5.jpg\",\"datePublished\":\"2022-06-12T20:22:28+00:00\",\"dateModified\":\"2025-11-06T13:23:57+00:00\",\"description\":\"Azulejo Gesso Perfumado Azulejo 5. Quadrado em formato de azulejo em gesso aromatizado com as medidas 7.5x7.5x1cm com la\u00e7o embutido\",\"breadcrumb\":{\"@id\":\"https:\\\/\\\/divertarte.com\\\/index.php\\\/produto\\\/placa-gesso-perfumado-azulejo-5\\\/#breadcrumb\"},\"inLanguage\":\"pt-PT\",\"potentialAction\":[{\"@type\":\"ReadAction\",\"target\":[\"https:\\\/\\\/divertarte.com\\\/index.php\\\/produto\\\/placa-gesso-perfumado-azulejo-5\\\/\"]}]},{\"@type\":\"ImageObject\",\"inLanguage\":\"pt-PT\",\"@id\":\"https:\\\/\\\/divertarte.com\\\/index.php\\\/produto\\\/placa-gesso-perfumado-azulejo-5\\\/#primaryimage\",\"url\":\"https:\\\/\\\/divertarte.com\\\/wp-content\\\/uploads\\\/2022\\\/06\\\/placa-gesso-perfumado-azulejo-5.jpg\",\"contentUrl\":\"https:\\\/\\\/divertarte.com\\\/wp-content\\\/uploads\\\/2022\\\/06\\\/placa-gesso-perfumado-azulejo-5.jpg\",\"width\":400,\"height\":400},{\"@type\":\"BreadcrumbList\",\"@id\":\"https:\\\/\\\/divertarte.com\\\/index.php\\\/produto\\\/placa-gesso-perfumado-azulejo-5\\\/#breadcrumb\",\"itemListElement\":[{\"@type\":\"ListItem\",\"position\":1,\"name\":\"In\u00edcio\",\"item\":\"https:\\\/\\\/divertarte.com\\\/\"},{\"@type\":\"ListItem\",\"position\":2,\"name\":\"Loja\",\"item\":\"https:\\\/\\\/divertarte.com\\\/index.php\\\/divertarte-produtos\\\/\"},{\"@type\":\"ListItem\",\"position\":3,\"name\":\"Azulejo Gesso Perfumado Azulejo 5\"}]},{\"@type\":\"WebSite\",\"@id\":\"https:\\\/\\\/divertarte.com\\\/#website\",\"url\":\"https:\\\/\\\/divertarte.com\\\/\",\"name\":\"Divertarte\",\"description\":\"\",\"publisher\":{\"@id\":\"https:\\\/\\\/divertarte.com\\\/#organization\"},\"potentialAction\":[{\"@type\":\"SearchAction\",\"target\":{\"@type\":\"EntryPoint\",\"urlTemplate\":\"https:\\\/\\\/divertarte.com\\\/?s={search_term_string}\"},\"query-input\":{\"@type\":\"PropertyValueSpecification\",\"valueRequired\":true,\"valueName\":\"search_term_string\"}}],\"inLanguage\":\"pt-PT\"},{\"@type\":\"Organization\",\"@id\":\"https:\\\/\\\/divertarte.com\\\/#organization\",\"name\":\"Divertarte\",\"url\":\"https:\\\/\\\/divertarte.com\\\/\",\"logo\":{\"@type\":\"ImageObject\",\"inLanguage\":\"pt-PT\",\"@id\":\"https:\\\/\\\/divertarte.com\\\/#\\\/schema\\\/logo\\\/image\\\/\",\"url\":\"https:\\\/\\\/divertarte.com\\\/wp-content\\\/uploads\\\/2018\\\/07\\\/logo-div.jpg\",\"contentUrl\":\"https:\\\/\\\/divertarte.com\\\/wp-content\\\/uploads\\\/2018\\\/07\\\/logo-div.jpg\",\"width\":295,\"height\":123,\"caption\":\"Divertarte\"},\"image\":{\"@id\":\"https:\\\/\\\/divertarte.com\\\/#\\\/schema\\\/logo\\\/image\\\/\"}}]}<\/script>\n<!-- \/ Yoast SEO plugin. -->","yoast_head_json":{"title":"Azulejo Gesso Perfumado Azulejo 5 -","description":"Azulejo Gesso Perfumado Azulejo 5. Quadrado em formato de azulejo em gesso aromatizado com as medidas 7.5x7.5x1cm com la\u00e7o embutido","robots":{"index":"index","follow":"follow","max-snippet":"max-snippet:-1","max-image-preview":"max-image-preview:large","max-video-preview":"max-video-preview:-1"},"canonical":"https:\/\/divertarte.com\/index.php\/produto\/placa-gesso-perfumado-azulejo-5\/","og_locale":"pt_PT","og_type":"article","og_title":"Azulejo Gesso Perfumado Azulejo 5 -","og_description":"Azulejo Gesso Perfumado Azulejo 5. Quadrado em formato de azulejo em gesso aromatizado com as medidas 7.5x7.5x1cm com la\u00e7o embutido","og_url":"https:\/\/divertarte.com\/index.php\/produto\/placa-gesso-perfumado-azulejo-5\/","article_modified_time":"2025-11-06T13:23:57+00:00","og_image":[{"width":400,"height":400,"url":"https:\/\/divertarte.com\/wp-content\/uploads\/2022\/06\/placa-gesso-perfumado-azulejo-5.jpg","type":"image\/jpeg"}],"twitter_card":"summary_large_image","twitter_misc":{"Tempo estimado de leitura":"1 minuto"},"schema":{"@context":"https:\/\/schema.org","@graph":[{"@type":"WebPage","@id":"https:\/\/divertarte.com\/index.php\/produto\/placa-gesso-perfumado-azulejo-5\/","url":"https:\/\/divertarte.com\/index.php\/produto\/placa-gesso-perfumado-azulejo-5\/","name":"Azulejo Gesso Perfumado Azulejo 5 -","isPartOf":{"@id":"https:\/\/divertarte.com\/#website"},"primaryImageOfPage":{"@id":"https:\/\/divertarte.com\/index.php\/produto\/placa-gesso-perfumado-azulejo-5\/#primaryimage"},"image":{"@id":"https:\/\/divertarte.com\/index.php\/produto\/placa-gesso-perfumado-azulejo-5\/#primaryimage"},"thumbnailUrl":"https:\/\/divertarte.com\/wp-content\/uploads\/2022\/06\/placa-gesso-perfumado-azulejo-5.jpg","datePublished":"2022-06-12T20:22:28+00:00","dateModified":"2025-11-06T13:23:57+00:00","description":"Azulejo Gesso Perfumado Azulejo 5. Quadrado em formato de azulejo em gesso aromatizado com as medidas 7.5x7.5x1cm com la\u00e7o embutido","breadcrumb":{"@id":"https:\/\/divertarte.com\/index.php\/produto\/placa-gesso-perfumado-azulejo-5\/#breadcrumb"},"inLanguage":"pt-PT","potentialAction":[{"@type":"ReadAction","target":["https:\/\/divertarte.com\/index.php\/produto\/placa-gesso-perfumado-azulejo-5\/"]}]},{"@type":"ImageObject","inLanguage":"pt-PT","@id":"https:\/\/divertarte.com\/index.php\/produto\/placa-gesso-perfumado-azulejo-5\/#primaryimage","url":"https:\/\/divertarte.com\/wp-content\/uploads\/2022\/06\/placa-gesso-perfumado-azulejo-5.jpg","contentUrl":"https:\/\/divertarte.com\/wp-content\/uploads\/2022\/06\/placa-gesso-perfumado-azulejo-5.jpg","width":400,"height":400},{"@type":"BreadcrumbList","@id":"https:\/\/divertarte.com\/index.php\/produto\/placa-gesso-perfumado-azulejo-5\/#breadcrumb","itemListElement":[{"@type":"ListItem","position":1,"name":"In\u00edcio","item":"https:\/\/divertarte.com\/"},{"@type":"ListItem","position":2,"name":"Loja","item":"https:\/\/divertarte.com\/index.php\/divertarte-produtos\/"},{"@type":"ListItem","position":3,"name":"Azulejo Gesso Perfumado Azulejo 5"}]},{"@type":"WebSite","@id":"https:\/\/divertarte.com\/#website","url":"https:\/\/divertarte.com\/","name":"Divertarte","description":"","publisher":{"@id":"https:\/\/divertarte.com\/#organization"},"potentialAction":[{"@type":"SearchAction","target":{"@type":"EntryPoint","urlTemplate":"https:\/\/divertarte.com\/?s={search_term_string}"},"query-input":{"@type":"PropertyValueSpecification","valueRequired":true,"valueName":"search_term_string"}}],"inLanguage":"pt-PT"},{"@type":"Organization","@id":"https:\/\/divertarte.com\/#organization","name":"Divertarte","url":"https:\/\/divertarte.com\/","logo":{"@type":"ImageObject","inLanguage":"pt-PT","@id":"https:\/\/divertarte.com\/#\/schema\/logo\/image\/","url":"https:\/\/divertarte.com\/wp-content\/uploads\/2018\/07\/logo-div.jpg","contentUrl":"https:\/\/divertarte.com\/wp-content\/uploads\/2018\/07\/logo-div.jpg","width":295,"height":123,"caption":"Divertarte"},"image":{"@id":"https:\/\/divertarte.com\/#\/schema\/logo\/image\/"}}]}},"_links":{"self":[{"href":"https:\/\/divertarte.com\/index.php\/wp-json\/wp\/v2\/product\/16723","targetHints":{"allow":["GET"]}}],"collection":[{"href":"https:\/\/divertarte.com\/index.php\/wp-json\/wp\/v2\/product"}],"about":[{"href":"https:\/\/divertarte.com\/index.php\/wp-json\/wp\/v2\/types\/product"}],"replies":[{"embeddable":true,"href":"https:\/\/divertarte.com\/index.php\/wp-json\/wp\/v2\/comments?post=16723"}],"wp:featuredmedia":[{"embeddable":true,"href":"https:\/\/divertarte.com\/index.php\/wp-json\/wp\/v2\/media\/16724"}],"wp:attachment":[{"href":"https:\/\/divertarte.com\/index.php\/wp-json\/wp\/v2\/media?parent=16723"}],"wp:term":[{"taxonomy":"product_brand","embeddable":true,"href":"https:\/\/divertarte.com\/index.php\/wp-json\/wp\/v2\/product_brand?post=16723"},{"taxonomy":"product_cat","embeddable":true,"href":"https:\/\/divertarte.com\/index.php\/wp-json\/wp\/v2\/product_cat?post=16723"},{"taxonomy":"product_tag","embeddable":true,"href":"https:\/\/divertarte.com\/index.php\/wp-json\/wp\/v2\/product_tag?post=16723"}],"curies":[{"name":"wp","href":"https:\/\/api.w.org\/{rel}","templated":true}]}}