{"id":16709,"date":"2022-06-12T17:28:18","date_gmt":"2022-06-12T16:28:18","guid":{"rendered":"https:\/\/divertarte.com\/?post_type=product&#038;p=16709"},"modified":"2025-11-06T13:23:58","modified_gmt":"2025-11-06T13:23:58","slug":"placa-anjo-do-amor-gesso-perfumado","status":"publish","type":"product","link":"https:\/\/divertarte.com\/index.php\/produto\/placa-anjo-do-amor-gesso-perfumado\/","title":{"rendered":"Placa Anjo do Amor Gesso Perfumado"},"content":{"rendered":"<p>Placa Anjo do Amor Gesso Perfumado<\/p>\n<p>Arcanjo Simiel\u00a0\u2013 tamb\u00e9m conhecido como o anjo do amor.\u00a0Em primeiro lugar, seu nome significa \u201cQuem Deus faz\u201d. Ele \u00e9 um dos 7 arcanjos que o Papa S\u00e3o Greg\u00f3rio I\u00a0 enumerou.<\/p>\n<p>O\u00a0arcanjo Simiel\u00a0\u00e9 o\u00a0anjo divino do amor. Ele enche seu cora\u00e7\u00e3o de amor. E ele traz o amor incondicional de Deus para a sua alma. Simiel \u00e9 o anjo para quem voc\u00ea ora quando n\u00e3o se sente amado. Este lindo anjo enche voc\u00ea de compaix\u00e3o e bondade para cada cria\u00e7\u00e3o do Divino.<\/p>\n<p>Simiel ajuda a consertar os seus relacionamentos. E para encontrar a sua alma g\u00eamea. Simiel tamb\u00e9m cura o cora\u00e7\u00e3o partido. Portanto, ele acalma a sua tristeza amorosa. E ajuda o seu cora\u00e7\u00e3o a encontrar o amor e a beleza nesta vida.<\/p>\n","protected":false},"excerpt":{"rendered":"<p>Placa Anjo do Amor Gesso Perfumado<\/p>\n<p>Medida 8&#215;6,5x2cm<\/p>\n<p>Arcanjo Simiel ajuda a consertar os seus relacionamentos. E para encontrar a sua alma g\u00eamea. Simiel tamb\u00e9m cura o cora\u00e7\u00e3o partido. Portanto, ele acalma a sua tristeza amorosa. E ajuda o seu cora\u00e7\u00e3o a encontrar o amor e a beleza nesta vida.<\/p>\n","protected":false},"featured_media":16710,"comment_status":"open","ping_status":"closed","template":"","meta":{"_exactmetrics_skip_tracking":false,"_exactmetrics_sitenote_active":false,"_exactmetrics_sitenote_note":"","_exactmetrics_sitenote_category":0},"product_brand":[],"product_cat":[1167,336,487],"product_tag":[647,529],"class_list":{"0":"post-16709","1":"product","2":"type-product","3":"status-publish","4":"has-post-thumbnail","6":"product_cat-brindes-natal","7":"product_cat-gesso-perfumado-figuras","8":"product_cat-pecas-em-gesso","9":"product_tag-gesso-figuras","10":"product_tag-gesso-perfumado","12":"first","13":"instock","14":"taxable","15":"shipping-taxable","16":"purchasable","17":"product-type-simple"},"yoast_head":"<!-- This site is optimized with the Yoast SEO plugin v27.4 - https:\/\/yoast.com\/product\/yoast-seo-wordpress\/ -->\n<title>Placa Anjo do Amor Gesso Perfumado -<\/title>\n<meta name=\"description\" content=\"Placa Anjo do Amor Gesso Perfumado. Simiel ajuda a consertar os seus relacionamentos. E para encontrar a sua alma g\u00eamea rapidamente.\" \/>\n<meta name=\"robots\" content=\"index, follow, max-snippet:-1, max-image-preview:large, max-video-preview:-1\" \/>\n<link rel=\"canonical\" href=\"https:\/\/divertarte.com\/index.php\/produto\/placa-anjo-do-amor-gesso-perfumado\/\" \/>\n<meta property=\"og:locale\" content=\"pt_PT\" \/>\n<meta property=\"og:type\" content=\"article\" \/>\n<meta property=\"og:title\" content=\"Placa Anjo do Amor Gesso Perfumado -\" \/>\n<meta property=\"og:description\" content=\"Placa Anjo do Amor Gesso Perfumado. Simiel ajuda a consertar os seus relacionamentos. E para encontrar a sua alma g\u00eamea rapidamente.\" \/>\n<meta property=\"og:url\" content=\"https:\/\/divertarte.com\/index.php\/produto\/placa-anjo-do-amor-gesso-perfumado\/\" \/>\n<meta property=\"article:modified_time\" content=\"2025-11-06T13:23:58+00:00\" \/>\n<meta property=\"og:image\" content=\"https:\/\/divertarte.com\/wp-content\/uploads\/2022\/06\/placa-com-anjo-do-amor-gesso-perfumado.jpg\" \/>\n\t<meta property=\"og:image:width\" content=\"300\" \/>\n\t<meta property=\"og:image:height\" content=\"299\" \/>\n\t<meta property=\"og:image:type\" content=\"image\/jpeg\" \/>\n<meta name=\"twitter:card\" content=\"summary_large_image\" \/>\n<meta name=\"twitter:label1\" content=\"Tempo estimado de leitura\" \/>\n\t<meta name=\"twitter:data1\" content=\"1 minuto\" \/>\n<script type=\"application\/ld+json\" class=\"yoast-schema-graph\">{\"@context\":\"https:\\\/\\\/schema.org\",\"@graph\":[{\"@type\":\"WebPage\",\"@id\":\"https:\\\/\\\/divertarte.com\\\/index.php\\\/produto\\\/placa-anjo-do-amor-gesso-perfumado\\\/\",\"url\":\"https:\\\/\\\/divertarte.com\\\/index.php\\\/produto\\\/placa-anjo-do-amor-gesso-perfumado\\\/\",\"name\":\"Placa Anjo do Amor Gesso Perfumado -\",\"isPartOf\":{\"@id\":\"https:\\\/\\\/divertarte.com\\\/#website\"},\"primaryImageOfPage\":{\"@id\":\"https:\\\/\\\/divertarte.com\\\/index.php\\\/produto\\\/placa-anjo-do-amor-gesso-perfumado\\\/#primaryimage\"},\"image\":{\"@id\":\"https:\\\/\\\/divertarte.com\\\/index.php\\\/produto\\\/placa-anjo-do-amor-gesso-perfumado\\\/#primaryimage\"},\"thumbnailUrl\":\"https:\\\/\\\/divertarte.com\\\/wp-content\\\/uploads\\\/2022\\\/06\\\/placa-com-anjo-do-amor-gesso-perfumado.jpg\",\"datePublished\":\"2022-06-12T16:28:18+00:00\",\"dateModified\":\"2025-11-06T13:23:58+00:00\",\"description\":\"Placa Anjo do Amor Gesso Perfumado. Simiel ajuda a consertar os seus relacionamentos. E para encontrar a sua alma g\u00eamea rapidamente.\",\"breadcrumb\":{\"@id\":\"https:\\\/\\\/divertarte.com\\\/index.php\\\/produto\\\/placa-anjo-do-amor-gesso-perfumado\\\/#breadcrumb\"},\"inLanguage\":\"pt-PT\",\"potentialAction\":[{\"@type\":\"ReadAction\",\"target\":[\"https:\\\/\\\/divertarte.com\\\/index.php\\\/produto\\\/placa-anjo-do-amor-gesso-perfumado\\\/\"]}]},{\"@type\":\"ImageObject\",\"inLanguage\":\"pt-PT\",\"@id\":\"https:\\\/\\\/divertarte.com\\\/index.php\\\/produto\\\/placa-anjo-do-amor-gesso-perfumado\\\/#primaryimage\",\"url\":\"https:\\\/\\\/divertarte.com\\\/wp-content\\\/uploads\\\/2022\\\/06\\\/placa-com-anjo-do-amor-gesso-perfumado.jpg\",\"contentUrl\":\"https:\\\/\\\/divertarte.com\\\/wp-content\\\/uploads\\\/2022\\\/06\\\/placa-com-anjo-do-amor-gesso-perfumado.jpg\",\"width\":300,\"height\":299},{\"@type\":\"BreadcrumbList\",\"@id\":\"https:\\\/\\\/divertarte.com\\\/index.php\\\/produto\\\/placa-anjo-do-amor-gesso-perfumado\\\/#breadcrumb\",\"itemListElement\":[{\"@type\":\"ListItem\",\"position\":1,\"name\":\"In\u00edcio\",\"item\":\"https:\\\/\\\/divertarte.com\\\/\"},{\"@type\":\"ListItem\",\"position\":2,\"name\":\"Loja\",\"item\":\"https:\\\/\\\/divertarte.com\\\/index.php\\\/divertarte-produtos\\\/\"},{\"@type\":\"ListItem\",\"position\":3,\"name\":\"Placa Anjo do Amor Gesso Perfumado\"}]},{\"@type\":\"WebSite\",\"@id\":\"https:\\\/\\\/divertarte.com\\\/#website\",\"url\":\"https:\\\/\\\/divertarte.com\\\/\",\"name\":\"Divertarte\",\"description\":\"\",\"publisher\":{\"@id\":\"https:\\\/\\\/divertarte.com\\\/#organization\"},\"potentialAction\":[{\"@type\":\"SearchAction\",\"target\":{\"@type\":\"EntryPoint\",\"urlTemplate\":\"https:\\\/\\\/divertarte.com\\\/?s={search_term_string}\"},\"query-input\":{\"@type\":\"PropertyValueSpecification\",\"valueRequired\":true,\"valueName\":\"search_term_string\"}}],\"inLanguage\":\"pt-PT\"},{\"@type\":\"Organization\",\"@id\":\"https:\\\/\\\/divertarte.com\\\/#organization\",\"name\":\"Divertarte\",\"url\":\"https:\\\/\\\/divertarte.com\\\/\",\"logo\":{\"@type\":\"ImageObject\",\"inLanguage\":\"pt-PT\",\"@id\":\"https:\\\/\\\/divertarte.com\\\/#\\\/schema\\\/logo\\\/image\\\/\",\"url\":\"https:\\\/\\\/divertarte.com\\\/wp-content\\\/uploads\\\/2018\\\/07\\\/logo-div.jpg\",\"contentUrl\":\"https:\\\/\\\/divertarte.com\\\/wp-content\\\/uploads\\\/2018\\\/07\\\/logo-div.jpg\",\"width\":295,\"height\":123,\"caption\":\"Divertarte\"},\"image\":{\"@id\":\"https:\\\/\\\/divertarte.com\\\/#\\\/schema\\\/logo\\\/image\\\/\"}}]}<\/script>\n<!-- \/ Yoast SEO plugin. -->","yoast_head_json":{"title":"Placa Anjo do Amor Gesso Perfumado -","description":"Placa Anjo do Amor Gesso Perfumado. Simiel ajuda a consertar os seus relacionamentos. E para encontrar a sua alma g\u00eamea rapidamente.","robots":{"index":"index","follow":"follow","max-snippet":"max-snippet:-1","max-image-preview":"max-image-preview:large","max-video-preview":"max-video-preview:-1"},"canonical":"https:\/\/divertarte.com\/index.php\/produto\/placa-anjo-do-amor-gesso-perfumado\/","og_locale":"pt_PT","og_type":"article","og_title":"Placa Anjo do Amor Gesso Perfumado -","og_description":"Placa Anjo do Amor Gesso Perfumado. Simiel ajuda a consertar os seus relacionamentos. E para encontrar a sua alma g\u00eamea rapidamente.","og_url":"https:\/\/divertarte.com\/index.php\/produto\/placa-anjo-do-amor-gesso-perfumado\/","article_modified_time":"2025-11-06T13:23:58+00:00","og_image":[{"width":300,"height":299,"url":"https:\/\/divertarte.com\/wp-content\/uploads\/2022\/06\/placa-com-anjo-do-amor-gesso-perfumado.jpg","type":"image\/jpeg"}],"twitter_card":"summary_large_image","twitter_misc":{"Tempo estimado de leitura":"1 minuto"},"schema":{"@context":"https:\/\/schema.org","@graph":[{"@type":"WebPage","@id":"https:\/\/divertarte.com\/index.php\/produto\/placa-anjo-do-amor-gesso-perfumado\/","url":"https:\/\/divertarte.com\/index.php\/produto\/placa-anjo-do-amor-gesso-perfumado\/","name":"Placa Anjo do Amor Gesso Perfumado -","isPartOf":{"@id":"https:\/\/divertarte.com\/#website"},"primaryImageOfPage":{"@id":"https:\/\/divertarte.com\/index.php\/produto\/placa-anjo-do-amor-gesso-perfumado\/#primaryimage"},"image":{"@id":"https:\/\/divertarte.com\/index.php\/produto\/placa-anjo-do-amor-gesso-perfumado\/#primaryimage"},"thumbnailUrl":"https:\/\/divertarte.com\/wp-content\/uploads\/2022\/06\/placa-com-anjo-do-amor-gesso-perfumado.jpg","datePublished":"2022-06-12T16:28:18+00:00","dateModified":"2025-11-06T13:23:58+00:00","description":"Placa Anjo do Amor Gesso Perfumado. Simiel ajuda a consertar os seus relacionamentos. E para encontrar a sua alma g\u00eamea rapidamente.","breadcrumb":{"@id":"https:\/\/divertarte.com\/index.php\/produto\/placa-anjo-do-amor-gesso-perfumado\/#breadcrumb"},"inLanguage":"pt-PT","potentialAction":[{"@type":"ReadAction","target":["https:\/\/divertarte.com\/index.php\/produto\/placa-anjo-do-amor-gesso-perfumado\/"]}]},{"@type":"ImageObject","inLanguage":"pt-PT","@id":"https:\/\/divertarte.com\/index.php\/produto\/placa-anjo-do-amor-gesso-perfumado\/#primaryimage","url":"https:\/\/divertarte.com\/wp-content\/uploads\/2022\/06\/placa-com-anjo-do-amor-gesso-perfumado.jpg","contentUrl":"https:\/\/divertarte.com\/wp-content\/uploads\/2022\/06\/placa-com-anjo-do-amor-gesso-perfumado.jpg","width":300,"height":299},{"@type":"BreadcrumbList","@id":"https:\/\/divertarte.com\/index.php\/produto\/placa-anjo-do-amor-gesso-perfumado\/#breadcrumb","itemListElement":[{"@type":"ListItem","position":1,"name":"In\u00edcio","item":"https:\/\/divertarte.com\/"},{"@type":"ListItem","position":2,"name":"Loja","item":"https:\/\/divertarte.com\/index.php\/divertarte-produtos\/"},{"@type":"ListItem","position":3,"name":"Placa Anjo do Amor Gesso Perfumado"}]},{"@type":"WebSite","@id":"https:\/\/divertarte.com\/#website","url":"https:\/\/divertarte.com\/","name":"Divertarte","description":"","publisher":{"@id":"https:\/\/divertarte.com\/#organization"},"potentialAction":[{"@type":"SearchAction","target":{"@type":"EntryPoint","urlTemplate":"https:\/\/divertarte.com\/?s={search_term_string}"},"query-input":{"@type":"PropertyValueSpecification","valueRequired":true,"valueName":"search_term_string"}}],"inLanguage":"pt-PT"},{"@type":"Organization","@id":"https:\/\/divertarte.com\/#organization","name":"Divertarte","url":"https:\/\/divertarte.com\/","logo":{"@type":"ImageObject","inLanguage":"pt-PT","@id":"https:\/\/divertarte.com\/#\/schema\/logo\/image\/","url":"https:\/\/divertarte.com\/wp-content\/uploads\/2018\/07\/logo-div.jpg","contentUrl":"https:\/\/divertarte.com\/wp-content\/uploads\/2018\/07\/logo-div.jpg","width":295,"height":123,"caption":"Divertarte"},"image":{"@id":"https:\/\/divertarte.com\/#\/schema\/logo\/image\/"}}]}},"_links":{"self":[{"href":"https:\/\/divertarte.com\/index.php\/wp-json\/wp\/v2\/product\/16709","targetHints":{"allow":["GET"]}}],"collection":[{"href":"https:\/\/divertarte.com\/index.php\/wp-json\/wp\/v2\/product"}],"about":[{"href":"https:\/\/divertarte.com\/index.php\/wp-json\/wp\/v2\/types\/product"}],"replies":[{"embeddable":true,"href":"https:\/\/divertarte.com\/index.php\/wp-json\/wp\/v2\/comments?post=16709"}],"wp:featuredmedia":[{"embeddable":true,"href":"https:\/\/divertarte.com\/index.php\/wp-json\/wp\/v2\/media\/16710"}],"wp:attachment":[{"href":"https:\/\/divertarte.com\/index.php\/wp-json\/wp\/v2\/media?parent=16709"}],"wp:term":[{"taxonomy":"product_brand","embeddable":true,"href":"https:\/\/divertarte.com\/index.php\/wp-json\/wp\/v2\/product_brand?post=16709"},{"taxonomy":"product_cat","embeddable":true,"href":"https:\/\/divertarte.com\/index.php\/wp-json\/wp\/v2\/product_cat?post=16709"},{"taxonomy":"product_tag","embeddable":true,"href":"https:\/\/divertarte.com\/index.php\/wp-json\/wp\/v2\/product_tag?post=16709"}],"curies":[{"name":"wp","href":"https:\/\/api.w.org\/{rel}","templated":true}]}}