{"id":1656,"date":"2018-06-07T14:17:33","date_gmt":"2018-06-07T13:17:33","guid":{"rendered":"https:\/\/divertarte.com\/index.php\/produto\/pavio-alma-cobre-grosso\/"},"modified":"2026-01-27T23:18:01","modified_gmt":"2026-01-27T23:18:01","slug":"pavio-alma-cobre-grosso","status":"publish","type":"product","link":"https:\/\/divertarte.com\/index.php\/produto\/pavio-alma-cobre-grosso\/","title":{"rendered":"Pavio Alma de Cobre Grosso"},"content":{"rendered":"<p>Pavio Alma de Cobre Grosso<\/p>\n<p>Pavio grosso com fio de cobre no seu interior. 5 Metros, 50 Metros,<\/p>\n<p>Pr\u00f3prio para velas com largura ou di\u00e2metro entre 8 a 10 cm<\/p>\n<p>O pavio de alma de cobre \u00e9 um pavio entran\u00e7ado de algod\u00e3o com um n\u00facleo interno de cobre. A estrutura do n\u00facleo de cobre fornece rigidez e resist\u00eancia m\u00e1ximas para manter o pavio reto na cera derretida.<\/p>\n<p>Com o pavio alma de cobre a chama \u00e9 mais fraca e a queima mais lenta do que com o pavio normal, al\u00e9m de fazer menos fumo.<\/p>\n<p>&nbsp;<\/p>\n","protected":false},"excerpt":{"rendered":"<p>O pavio de alma de cobre \u00e9 um pavio entran\u00e7ado de algod\u00e3o com um n\u00facleo interno de cobre. A estrutura do n\u00facleo de cobre fornece rigidez e resist\u00eancia m\u00e1ximas para manter o pavio reto na cera derretida.<\/p>\n<p>Com o pavio alma de cobre a chama \u00e9 mais fraca e a queima mais lenta do que com o pavio normal, al\u00e9m de fazer menos fumo.<\/p>\n<p>Usar para velas de di\u00e2metro 8 a 10 cm<\/p>\n<p><span style=\"color: #ff00ff;\"><strong>Por encomenda.\u00a0 Prazo de entrega 6 semanas ap\u00f3s encomenda<\/strong><\/span><\/p>\n<p>&nbsp;<\/p>\n<p>&nbsp;<\/p>\n","protected":false},"featured_media":16981,"comment_status":"closed","ping_status":"closed","template":"","meta":{"_exactmetrics_skip_tracking":false,"_exactmetrics_sitenote_active":false,"_exactmetrics_sitenote_note":"","_exactmetrics_sitenote_category":0},"product_brand":[],"product_cat":[30],"product_tag":[617],"class_list":{"0":"post-1656","1":"product","2":"type-product","3":"status-publish","4":"has-post-thumbnail","6":"product_cat-pavios-para-velas","7":"product_tag-pavio-alma-de-cobre","9":"first","10":"onbackorder","11":"taxable","12":"shipping-taxable","13":"purchasable","14":"product-type-variable"},"yoast_head":"<!-- This site is optimized with the Yoast SEO plugin v27.4 - https:\/\/yoast.com\/product\/yoast-seo-wordpress\/ -->\n<title>Pavio Alma de Cobre Grosso -<\/title>\n<meta name=\"description\" content=\"Pavio Alma de Cobre Grosso. Com o pavio alma de cobre a chama \u00e9 mais fraca e a queima mais lenta do que o pavio simples, al\u00e9m de fazer menos fumo.\" \/>\n<meta name=\"robots\" content=\"index, follow, max-snippet:-1, max-image-preview:large, max-video-preview:-1\" \/>\n<link rel=\"canonical\" href=\"https:\/\/divertarte.com\/index.php\/produto\/pavio-alma-cobre-grosso\/\" \/>\n<meta property=\"og:locale\" content=\"pt_PT\" \/>\n<meta property=\"og:type\" content=\"article\" \/>\n<meta property=\"og:title\" content=\"Pavio Alma de Cobre Grosso -\" \/>\n<meta property=\"og:description\" content=\"Pavio Alma de Cobre Grosso. Com o pavio alma de cobre a chama \u00e9 mais fraca e a queima mais lenta do que o pavio simples, al\u00e9m de fazer menos fumo.\" \/>\n<meta property=\"og:url\" content=\"https:\/\/divertarte.com\/index.php\/produto\/pavio-alma-cobre-grosso\/\" \/>\n<meta property=\"article:modified_time\" content=\"2026-01-27T23:18:01+00:00\" \/>\n<meta property=\"og:image\" content=\"https:\/\/divertarte.com\/wp-content\/uploads\/2018\/05\/pavio-alma-de-cobre-1.jpg\" \/>\n\t<meta property=\"og:image:width\" content=\"350\" \/>\n\t<meta property=\"og:image:height\" content=\"349\" \/>\n\t<meta property=\"og:image:type\" content=\"image\/jpeg\" \/>\n<meta name=\"twitter:card\" content=\"summary_large_image\" \/>\n<meta name=\"twitter:label1\" content=\"Tempo estimado de leitura\" \/>\n\t<meta name=\"twitter:data1\" content=\"1 minuto\" \/>\n<script type=\"application\/ld+json\" class=\"yoast-schema-graph\">{\"@context\":\"https:\\\/\\\/schema.org\",\"@graph\":[{\"@type\":\"WebPage\",\"@id\":\"https:\\\/\\\/divertarte.com\\\/index.php\\\/produto\\\/pavio-alma-cobre-grosso\\\/\",\"url\":\"https:\\\/\\\/divertarte.com\\\/index.php\\\/produto\\\/pavio-alma-cobre-grosso\\\/\",\"name\":\"Pavio Alma de Cobre Grosso -\",\"isPartOf\":{\"@id\":\"https:\\\/\\\/divertarte.com\\\/#website\"},\"primaryImageOfPage\":{\"@id\":\"https:\\\/\\\/divertarte.com\\\/index.php\\\/produto\\\/pavio-alma-cobre-grosso\\\/#primaryimage\"},\"image\":{\"@id\":\"https:\\\/\\\/divertarte.com\\\/index.php\\\/produto\\\/pavio-alma-cobre-grosso\\\/#primaryimage\"},\"thumbnailUrl\":\"https:\\\/\\\/divertarte.com\\\/wp-content\\\/uploads\\\/2018\\\/05\\\/pavio-alma-de-cobre-1.jpg\",\"datePublished\":\"2018-06-07T13:17:33+00:00\",\"dateModified\":\"2026-01-27T23:18:01+00:00\",\"description\":\"Pavio Alma de Cobre Grosso. Com o pavio alma de cobre a chama \u00e9 mais fraca e a queima mais lenta do que o pavio simples, al\u00e9m de fazer menos fumo.\",\"breadcrumb\":{\"@id\":\"https:\\\/\\\/divertarte.com\\\/index.php\\\/produto\\\/pavio-alma-cobre-grosso\\\/#breadcrumb\"},\"inLanguage\":\"pt-PT\",\"potentialAction\":[{\"@type\":\"ReadAction\",\"target\":[\"https:\\\/\\\/divertarte.com\\\/index.php\\\/produto\\\/pavio-alma-cobre-grosso\\\/\"]}]},{\"@type\":\"ImageObject\",\"inLanguage\":\"pt-PT\",\"@id\":\"https:\\\/\\\/divertarte.com\\\/index.php\\\/produto\\\/pavio-alma-cobre-grosso\\\/#primaryimage\",\"url\":\"https:\\\/\\\/divertarte.com\\\/wp-content\\\/uploads\\\/2018\\\/05\\\/pavio-alma-de-cobre-1.jpg\",\"contentUrl\":\"https:\\\/\\\/divertarte.com\\\/wp-content\\\/uploads\\\/2018\\\/05\\\/pavio-alma-de-cobre-1.jpg\",\"width\":350,\"height\":349},{\"@type\":\"BreadcrumbList\",\"@id\":\"https:\\\/\\\/divertarte.com\\\/index.php\\\/produto\\\/pavio-alma-cobre-grosso\\\/#breadcrumb\",\"itemListElement\":[{\"@type\":\"ListItem\",\"position\":1,\"name\":\"In\u00edcio\",\"item\":\"https:\\\/\\\/divertarte.com\\\/\"},{\"@type\":\"ListItem\",\"position\":2,\"name\":\"Loja\",\"item\":\"https:\\\/\\\/divertarte.com\\\/index.php\\\/divertarte-produtos\\\/\"},{\"@type\":\"ListItem\",\"position\":3,\"name\":\"Pavio Alma de Cobre Grosso\"}]},{\"@type\":\"WebSite\",\"@id\":\"https:\\\/\\\/divertarte.com\\\/#website\",\"url\":\"https:\\\/\\\/divertarte.com\\\/\",\"name\":\"Divertarte\",\"description\":\"\",\"publisher\":{\"@id\":\"https:\\\/\\\/divertarte.com\\\/#organization\"},\"potentialAction\":[{\"@type\":\"SearchAction\",\"target\":{\"@type\":\"EntryPoint\",\"urlTemplate\":\"https:\\\/\\\/divertarte.com\\\/?s={search_term_string}\"},\"query-input\":{\"@type\":\"PropertyValueSpecification\",\"valueRequired\":true,\"valueName\":\"search_term_string\"}}],\"inLanguage\":\"pt-PT\"},{\"@type\":\"Organization\",\"@id\":\"https:\\\/\\\/divertarte.com\\\/#organization\",\"name\":\"Divertarte\",\"url\":\"https:\\\/\\\/divertarte.com\\\/\",\"logo\":{\"@type\":\"ImageObject\",\"inLanguage\":\"pt-PT\",\"@id\":\"https:\\\/\\\/divertarte.com\\\/#\\\/schema\\\/logo\\\/image\\\/\",\"url\":\"https:\\\/\\\/divertarte.com\\\/wp-content\\\/uploads\\\/2018\\\/07\\\/logo-div.jpg\",\"contentUrl\":\"https:\\\/\\\/divertarte.com\\\/wp-content\\\/uploads\\\/2018\\\/07\\\/logo-div.jpg\",\"width\":295,\"height\":123,\"caption\":\"Divertarte\"},\"image\":{\"@id\":\"https:\\\/\\\/divertarte.com\\\/#\\\/schema\\\/logo\\\/image\\\/\"}}]}<\/script>\n<!-- \/ Yoast SEO plugin. -->","yoast_head_json":{"title":"Pavio Alma de Cobre Grosso -","description":"Pavio Alma de Cobre Grosso. Com o pavio alma de cobre a chama \u00e9 mais fraca e a queima mais lenta do que o pavio simples, al\u00e9m de fazer menos fumo.","robots":{"index":"index","follow":"follow","max-snippet":"max-snippet:-1","max-image-preview":"max-image-preview:large","max-video-preview":"max-video-preview:-1"},"canonical":"https:\/\/divertarte.com\/index.php\/produto\/pavio-alma-cobre-grosso\/","og_locale":"pt_PT","og_type":"article","og_title":"Pavio Alma de Cobre Grosso -","og_description":"Pavio Alma de Cobre Grosso. Com o pavio alma de cobre a chama \u00e9 mais fraca e a queima mais lenta do que o pavio simples, al\u00e9m de fazer menos fumo.","og_url":"https:\/\/divertarte.com\/index.php\/produto\/pavio-alma-cobre-grosso\/","article_modified_time":"2026-01-27T23:18:01+00:00","og_image":[{"width":350,"height":349,"url":"https:\/\/divertarte.com\/wp-content\/uploads\/2018\/05\/pavio-alma-de-cobre-1.jpg","type":"image\/jpeg"}],"twitter_card":"summary_large_image","twitter_misc":{"Tempo estimado de leitura":"1 minuto"},"schema":{"@context":"https:\/\/schema.org","@graph":[{"@type":"WebPage","@id":"https:\/\/divertarte.com\/index.php\/produto\/pavio-alma-cobre-grosso\/","url":"https:\/\/divertarte.com\/index.php\/produto\/pavio-alma-cobre-grosso\/","name":"Pavio Alma de Cobre Grosso -","isPartOf":{"@id":"https:\/\/divertarte.com\/#website"},"primaryImageOfPage":{"@id":"https:\/\/divertarte.com\/index.php\/produto\/pavio-alma-cobre-grosso\/#primaryimage"},"image":{"@id":"https:\/\/divertarte.com\/index.php\/produto\/pavio-alma-cobre-grosso\/#primaryimage"},"thumbnailUrl":"https:\/\/divertarte.com\/wp-content\/uploads\/2018\/05\/pavio-alma-de-cobre-1.jpg","datePublished":"2018-06-07T13:17:33+00:00","dateModified":"2026-01-27T23:18:01+00:00","description":"Pavio Alma de Cobre Grosso. Com o pavio alma de cobre a chama \u00e9 mais fraca e a queima mais lenta do que o pavio simples, al\u00e9m de fazer menos fumo.","breadcrumb":{"@id":"https:\/\/divertarte.com\/index.php\/produto\/pavio-alma-cobre-grosso\/#breadcrumb"},"inLanguage":"pt-PT","potentialAction":[{"@type":"ReadAction","target":["https:\/\/divertarte.com\/index.php\/produto\/pavio-alma-cobre-grosso\/"]}]},{"@type":"ImageObject","inLanguage":"pt-PT","@id":"https:\/\/divertarte.com\/index.php\/produto\/pavio-alma-cobre-grosso\/#primaryimage","url":"https:\/\/divertarte.com\/wp-content\/uploads\/2018\/05\/pavio-alma-de-cobre-1.jpg","contentUrl":"https:\/\/divertarte.com\/wp-content\/uploads\/2018\/05\/pavio-alma-de-cobre-1.jpg","width":350,"height":349},{"@type":"BreadcrumbList","@id":"https:\/\/divertarte.com\/index.php\/produto\/pavio-alma-cobre-grosso\/#breadcrumb","itemListElement":[{"@type":"ListItem","position":1,"name":"In\u00edcio","item":"https:\/\/divertarte.com\/"},{"@type":"ListItem","position":2,"name":"Loja","item":"https:\/\/divertarte.com\/index.php\/divertarte-produtos\/"},{"@type":"ListItem","position":3,"name":"Pavio Alma de Cobre Grosso"}]},{"@type":"WebSite","@id":"https:\/\/divertarte.com\/#website","url":"https:\/\/divertarte.com\/","name":"Divertarte","description":"","publisher":{"@id":"https:\/\/divertarte.com\/#organization"},"potentialAction":[{"@type":"SearchAction","target":{"@type":"EntryPoint","urlTemplate":"https:\/\/divertarte.com\/?s={search_term_string}"},"query-input":{"@type":"PropertyValueSpecification","valueRequired":true,"valueName":"search_term_string"}}],"inLanguage":"pt-PT"},{"@type":"Organization","@id":"https:\/\/divertarte.com\/#organization","name":"Divertarte","url":"https:\/\/divertarte.com\/","logo":{"@type":"ImageObject","inLanguage":"pt-PT","@id":"https:\/\/divertarte.com\/#\/schema\/logo\/image\/","url":"https:\/\/divertarte.com\/wp-content\/uploads\/2018\/07\/logo-div.jpg","contentUrl":"https:\/\/divertarte.com\/wp-content\/uploads\/2018\/07\/logo-div.jpg","width":295,"height":123,"caption":"Divertarte"},"image":{"@id":"https:\/\/divertarte.com\/#\/schema\/logo\/image\/"}}]}},"_links":{"self":[{"href":"https:\/\/divertarte.com\/index.php\/wp-json\/wp\/v2\/product\/1656","targetHints":{"allow":["GET"]}}],"collection":[{"href":"https:\/\/divertarte.com\/index.php\/wp-json\/wp\/v2\/product"}],"about":[{"href":"https:\/\/divertarte.com\/index.php\/wp-json\/wp\/v2\/types\/product"}],"replies":[{"embeddable":true,"href":"https:\/\/divertarte.com\/index.php\/wp-json\/wp\/v2\/comments?post=1656"}],"wp:featuredmedia":[{"embeddable":true,"href":"https:\/\/divertarte.com\/index.php\/wp-json\/wp\/v2\/media\/16981"}],"wp:attachment":[{"href":"https:\/\/divertarte.com\/index.php\/wp-json\/wp\/v2\/media?parent=1656"}],"wp:term":[{"taxonomy":"product_brand","embeddable":true,"href":"https:\/\/divertarte.com\/index.php\/wp-json\/wp\/v2\/product_brand?post=1656"},{"taxonomy":"product_cat","embeddable":true,"href":"https:\/\/divertarte.com\/index.php\/wp-json\/wp\/v2\/product_cat?post=1656"},{"taxonomy":"product_tag","embeddable":true,"href":"https:\/\/divertarte.com\/index.php\/wp-json\/wp\/v2\/product_tag?post=1656"}],"curies":[{"name":"wp","href":"https:\/\/api.w.org\/{rel}","templated":true}]}}