{"id":1642,"date":"2018-06-07T14:04:30","date_gmt":"2018-06-07T13:04:30","guid":{"rendered":"https:\/\/divertarte.com\/index.php\/produto\/camafeu-grande-laco-molde-silicone\/"},"modified":"2025-11-06T14:05:09","modified_gmt":"2025-11-06T14:05:09","slug":"camafeu-grande-laco-molde-silicone","status":"publish","type":"product","link":"https:\/\/divertarte.com\/index.php\/produto\/camafeu-grande-laco-molde-silicone\/","title":{"rendered":"Camafeu Grande La\u00e7o molde silicone"},"content":{"rendered":"<p>Molde de Silicone Camafeu Grande com la\u00e7o &#8211; Medida da pe\u00e7a acabada comprimento 6,5 x largura 8,5 x espessura 2.5cm. Ideal para Sabonetes, biscuits, massas de modelar, aplica\u00e7\u00f5es em velas, sabonetes. N\u00e3o aconselhado em produtos aliment\u00edcios, portanto n\u00e3o utilizar em chocolates nem massas de bolo. MOLDES FEITOS POR ENCOMENDA.<\/p>\n<p>&nbsp;<\/p>\n<p>&nbsp;<\/p>\n","protected":false},"excerpt":{"rendered":"<p>Molde de Silicone Camafeu Grande La\u00e7o &#8211; Medida da pe\u00e7a acabada comprimento 6,5 x largura 8,5 x espessura 2.5cm. Ideal para Sabonetes, biscuits, massas de modelar, aplica\u00e7\u00f5es em velas, sabonetes. N\u00e3o aconselhado em produtos aliment\u00edcios, portanto n\u00e3o utilizar em chocolates nem massas de bolo. MOLDES FEITOS POR ENCOMENDA.<\/p>\n","protected":false},"featured_media":5440,"comment_status":"closed","ping_status":"closed","template":"","meta":{"_exactmetrics_skip_tracking":false,"_exactmetrics_sitenote_active":false,"_exactmetrics_sitenote_note":"","_exactmetrics_sitenote_category":0},"product_brand":[],"product_cat":[157,318,15],"product_tag":[],"class_list":{"0":"post-1642","1":"product","2":"type-product","3":"status-publish","4":"has-post-thumbnail","6":"product_cat-moldes-para-sabonetes","7":"product_cat-moldes-vintage","8":"product_cat-ver-todos-os-produtos","10":"first","11":"instock","12":"taxable","13":"shipping-taxable","14":"purchasable","15":"product-type-simple"},"yoast_head":"<!-- This site is optimized with the Yoast SEO plugin v27.5 - https:\/\/yoast.com\/product\/yoast-seo-wordpress\/ -->\n<title>Camafeu Grande La\u00e7o molde silicone -<\/title>\n<meta name=\"description\" content=\"Molde de Silicone Camafeu Grande La\u00e7o molde silicone - Medida da pe\u00e7a acabada comprimento 6,5 x largura 8,5 x espessura 2.5cm. Ideal para Sabonetes\" \/>\n<meta name=\"robots\" content=\"index, follow, max-snippet:-1, max-image-preview:large, max-video-preview:-1\" \/>\n<link rel=\"canonical\" href=\"https:\/\/divertarte.com\/index.php\/produto\/camafeu-grande-laco-molde-silicone\/\" \/>\n<meta property=\"og:locale\" content=\"pt_PT\" \/>\n<meta property=\"og:type\" content=\"article\" \/>\n<meta property=\"og:title\" content=\"Camafeu Grande La\u00e7o molde silicone -\" \/>\n<meta property=\"og:description\" content=\"Molde de Silicone Camafeu Grande La\u00e7o molde silicone - Medida da pe\u00e7a acabada comprimento 6,5 x largura 8,5 x espessura 2.5cm. Ideal para Sabonetes\" \/>\n<meta property=\"og:url\" content=\"https:\/\/divertarte.com\/index.php\/produto\/camafeu-grande-laco-molde-silicone\/\" \/>\n<meta property=\"article:modified_time\" content=\"2025-11-06T14:05:09+00:00\" \/>\n<meta property=\"og:image\" content=\"https:\/\/divertarte.com\/wp-content\/uploads\/2018\/05\/Camafeu_grd.jpg\" \/>\n\t<meta property=\"og:image:width\" content=\"558\" \/>\n\t<meta property=\"og:image:height\" content=\"558\" \/>\n\t<meta property=\"og:image:type\" content=\"image\/jpeg\" \/>\n<meta name=\"twitter:card\" content=\"summary_large_image\" \/>\n<script type=\"application\/ld+json\" class=\"yoast-schema-graph\">{\"@context\":\"https:\\\/\\\/schema.org\",\"@graph\":[{\"@type\":\"WebPage\",\"@id\":\"https:\\\/\\\/divertarte.com\\\/index.php\\\/produto\\\/camafeu-grande-laco-molde-silicone\\\/\",\"url\":\"https:\\\/\\\/divertarte.com\\\/index.php\\\/produto\\\/camafeu-grande-laco-molde-silicone\\\/\",\"name\":\"Camafeu Grande La\u00e7o molde silicone -\",\"isPartOf\":{\"@id\":\"https:\\\/\\\/divertarte.com\\\/#website\"},\"primaryImageOfPage\":{\"@id\":\"https:\\\/\\\/divertarte.com\\\/index.php\\\/produto\\\/camafeu-grande-laco-molde-silicone\\\/#primaryimage\"},\"image\":{\"@id\":\"https:\\\/\\\/divertarte.com\\\/index.php\\\/produto\\\/camafeu-grande-laco-molde-silicone\\\/#primaryimage\"},\"thumbnailUrl\":\"https:\\\/\\\/divertarte.com\\\/wp-content\\\/uploads\\\/2018\\\/05\\\/Camafeu_grd.jpg\",\"datePublished\":\"2018-06-07T13:04:30+00:00\",\"dateModified\":\"2025-11-06T14:05:09+00:00\",\"description\":\"Molde de Silicone Camafeu Grande La\u00e7o molde silicone - Medida da pe\u00e7a acabada comprimento 6,5 x largura 8,5 x espessura 2.5cm. Ideal para Sabonetes\",\"breadcrumb\":{\"@id\":\"https:\\\/\\\/divertarte.com\\\/index.php\\\/produto\\\/camafeu-grande-laco-molde-silicone\\\/#breadcrumb\"},\"inLanguage\":\"pt-PT\",\"potentialAction\":[{\"@type\":\"ReadAction\",\"target\":[\"https:\\\/\\\/divertarte.com\\\/index.php\\\/produto\\\/camafeu-grande-laco-molde-silicone\\\/\"]}]},{\"@type\":\"ImageObject\",\"inLanguage\":\"pt-PT\",\"@id\":\"https:\\\/\\\/divertarte.com\\\/index.php\\\/produto\\\/camafeu-grande-laco-molde-silicone\\\/#primaryimage\",\"url\":\"https:\\\/\\\/divertarte.com\\\/wp-content\\\/uploads\\\/2018\\\/05\\\/Camafeu_grd.jpg\",\"contentUrl\":\"https:\\\/\\\/divertarte.com\\\/wp-content\\\/uploads\\\/2018\\\/05\\\/Camafeu_grd.jpg\",\"width\":558,\"height\":558},{\"@type\":\"BreadcrumbList\",\"@id\":\"https:\\\/\\\/divertarte.com\\\/index.php\\\/produto\\\/camafeu-grande-laco-molde-silicone\\\/#breadcrumb\",\"itemListElement\":[{\"@type\":\"ListItem\",\"position\":1,\"name\":\"In\u00edcio\",\"item\":\"https:\\\/\\\/divertarte.com\\\/\"},{\"@type\":\"ListItem\",\"position\":2,\"name\":\"Loja\",\"item\":\"https:\\\/\\\/divertarte.com\\\/index.php\\\/divertarte-produtos\\\/\"},{\"@type\":\"ListItem\",\"position\":3,\"name\":\"Camafeu Grande La\u00e7o molde silicone\"}]},{\"@type\":\"WebSite\",\"@id\":\"https:\\\/\\\/divertarte.com\\\/#website\",\"url\":\"https:\\\/\\\/divertarte.com\\\/\",\"name\":\"Divertarte\",\"description\":\"\",\"publisher\":{\"@id\":\"https:\\\/\\\/divertarte.com\\\/#organization\"},\"potentialAction\":[{\"@type\":\"SearchAction\",\"target\":{\"@type\":\"EntryPoint\",\"urlTemplate\":\"https:\\\/\\\/divertarte.com\\\/?s={search_term_string}\"},\"query-input\":{\"@type\":\"PropertyValueSpecification\",\"valueRequired\":true,\"valueName\":\"search_term_string\"}}],\"inLanguage\":\"pt-PT\"},{\"@type\":\"Organization\",\"@id\":\"https:\\\/\\\/divertarte.com\\\/#organization\",\"name\":\"Divertarte\",\"url\":\"https:\\\/\\\/divertarte.com\\\/\",\"logo\":{\"@type\":\"ImageObject\",\"inLanguage\":\"pt-PT\",\"@id\":\"https:\\\/\\\/divertarte.com\\\/#\\\/schema\\\/logo\\\/image\\\/\",\"url\":\"https:\\\/\\\/divertarte.com\\\/wp-content\\\/uploads\\\/2018\\\/07\\\/logo-div.jpg\",\"contentUrl\":\"https:\\\/\\\/divertarte.com\\\/wp-content\\\/uploads\\\/2018\\\/07\\\/logo-div.jpg\",\"width\":295,\"height\":123,\"caption\":\"Divertarte\"},\"image\":{\"@id\":\"https:\\\/\\\/divertarte.com\\\/#\\\/schema\\\/logo\\\/image\\\/\"}}]}<\/script>\n<!-- \/ Yoast SEO plugin. -->","yoast_head_json":{"title":"Camafeu Grande La\u00e7o molde silicone -","description":"Molde de Silicone Camafeu Grande La\u00e7o molde silicone - Medida da pe\u00e7a acabada comprimento 6,5 x largura 8,5 x espessura 2.5cm. Ideal para Sabonetes","robots":{"index":"index","follow":"follow","max-snippet":"max-snippet:-1","max-image-preview":"max-image-preview:large","max-video-preview":"max-video-preview:-1"},"canonical":"https:\/\/divertarte.com\/index.php\/produto\/camafeu-grande-laco-molde-silicone\/","og_locale":"pt_PT","og_type":"article","og_title":"Camafeu Grande La\u00e7o molde silicone -","og_description":"Molde de Silicone Camafeu Grande La\u00e7o molde silicone - Medida da pe\u00e7a acabada comprimento 6,5 x largura 8,5 x espessura 2.5cm. Ideal para Sabonetes","og_url":"https:\/\/divertarte.com\/index.php\/produto\/camafeu-grande-laco-molde-silicone\/","article_modified_time":"2025-11-06T14:05:09+00:00","og_image":[{"width":558,"height":558,"url":"https:\/\/divertarte.com\/wp-content\/uploads\/2018\/05\/Camafeu_grd.jpg","type":"image\/jpeg"}],"twitter_card":"summary_large_image","schema":{"@context":"https:\/\/schema.org","@graph":[{"@type":"WebPage","@id":"https:\/\/divertarte.com\/index.php\/produto\/camafeu-grande-laco-molde-silicone\/","url":"https:\/\/divertarte.com\/index.php\/produto\/camafeu-grande-laco-molde-silicone\/","name":"Camafeu Grande La\u00e7o molde silicone -","isPartOf":{"@id":"https:\/\/divertarte.com\/#website"},"primaryImageOfPage":{"@id":"https:\/\/divertarte.com\/index.php\/produto\/camafeu-grande-laco-molde-silicone\/#primaryimage"},"image":{"@id":"https:\/\/divertarte.com\/index.php\/produto\/camafeu-grande-laco-molde-silicone\/#primaryimage"},"thumbnailUrl":"https:\/\/divertarte.com\/wp-content\/uploads\/2018\/05\/Camafeu_grd.jpg","datePublished":"2018-06-07T13:04:30+00:00","dateModified":"2025-11-06T14:05:09+00:00","description":"Molde de Silicone Camafeu Grande La\u00e7o molde silicone - Medida da pe\u00e7a acabada comprimento 6,5 x largura 8,5 x espessura 2.5cm. Ideal para Sabonetes","breadcrumb":{"@id":"https:\/\/divertarte.com\/index.php\/produto\/camafeu-grande-laco-molde-silicone\/#breadcrumb"},"inLanguage":"pt-PT","potentialAction":[{"@type":"ReadAction","target":["https:\/\/divertarte.com\/index.php\/produto\/camafeu-grande-laco-molde-silicone\/"]}]},{"@type":"ImageObject","inLanguage":"pt-PT","@id":"https:\/\/divertarte.com\/index.php\/produto\/camafeu-grande-laco-molde-silicone\/#primaryimage","url":"https:\/\/divertarte.com\/wp-content\/uploads\/2018\/05\/Camafeu_grd.jpg","contentUrl":"https:\/\/divertarte.com\/wp-content\/uploads\/2018\/05\/Camafeu_grd.jpg","width":558,"height":558},{"@type":"BreadcrumbList","@id":"https:\/\/divertarte.com\/index.php\/produto\/camafeu-grande-laco-molde-silicone\/#breadcrumb","itemListElement":[{"@type":"ListItem","position":1,"name":"In\u00edcio","item":"https:\/\/divertarte.com\/"},{"@type":"ListItem","position":2,"name":"Loja","item":"https:\/\/divertarte.com\/index.php\/divertarte-produtos\/"},{"@type":"ListItem","position":3,"name":"Camafeu Grande La\u00e7o molde silicone"}]},{"@type":"WebSite","@id":"https:\/\/divertarte.com\/#website","url":"https:\/\/divertarte.com\/","name":"Divertarte","description":"","publisher":{"@id":"https:\/\/divertarte.com\/#organization"},"potentialAction":[{"@type":"SearchAction","target":{"@type":"EntryPoint","urlTemplate":"https:\/\/divertarte.com\/?s={search_term_string}"},"query-input":{"@type":"PropertyValueSpecification","valueRequired":true,"valueName":"search_term_string"}}],"inLanguage":"pt-PT"},{"@type":"Organization","@id":"https:\/\/divertarte.com\/#organization","name":"Divertarte","url":"https:\/\/divertarte.com\/","logo":{"@type":"ImageObject","inLanguage":"pt-PT","@id":"https:\/\/divertarte.com\/#\/schema\/logo\/image\/","url":"https:\/\/divertarte.com\/wp-content\/uploads\/2018\/07\/logo-div.jpg","contentUrl":"https:\/\/divertarte.com\/wp-content\/uploads\/2018\/07\/logo-div.jpg","width":295,"height":123,"caption":"Divertarte"},"image":{"@id":"https:\/\/divertarte.com\/#\/schema\/logo\/image\/"}}]}},"_links":{"self":[{"href":"https:\/\/divertarte.com\/index.php\/wp-json\/wp\/v2\/product\/1642","targetHints":{"allow":["GET"]}}],"collection":[{"href":"https:\/\/divertarte.com\/index.php\/wp-json\/wp\/v2\/product"}],"about":[{"href":"https:\/\/divertarte.com\/index.php\/wp-json\/wp\/v2\/types\/product"}],"replies":[{"embeddable":true,"href":"https:\/\/divertarte.com\/index.php\/wp-json\/wp\/v2\/comments?post=1642"}],"wp:featuredmedia":[{"embeddable":true,"href":"https:\/\/divertarte.com\/index.php\/wp-json\/wp\/v2\/media\/5440"}],"wp:attachment":[{"href":"https:\/\/divertarte.com\/index.php\/wp-json\/wp\/v2\/media?parent=1642"}],"wp:term":[{"taxonomy":"product_brand","embeddable":true,"href":"https:\/\/divertarte.com\/index.php\/wp-json\/wp\/v2\/product_brand?post=1642"},{"taxonomy":"product_cat","embeddable":true,"href":"https:\/\/divertarte.com\/index.php\/wp-json\/wp\/v2\/product_cat?post=1642"},{"taxonomy":"product_tag","embeddable":true,"href":"https:\/\/divertarte.com\/index.php\/wp-json\/wp\/v2\/product_tag?post=1642"}],"curies":[{"name":"wp","href":"https:\/\/api.w.org\/{rel}","templated":true}]}}