{"id":16382,"date":"2022-04-20T14:42:18","date_gmt":"2022-04-20T13:42:18","guid":{"rendered":"https:\/\/divertarte.com\/?post_type=product&#038;p=16382"},"modified":"2025-11-06T13:24:00","modified_gmt":"2025-11-06T13:24:00","slug":"creme-acido-para-fosquear-vidros","status":"publish","type":"product","link":"https:\/\/divertarte.com\/index.php\/produto\/creme-acido-para-fosquear-vidros\/","title":{"rendered":"Creme \u00e1cido para fosquear vidros"},"content":{"rendered":"<p>Creme \u00e1cido para fosquear vidros, espelhos, janelas, pratos, copos.\u00a0 Fosqueador de Vidros<\/p>\n<p>Ideal para uso com Stencil. Limpe a superf\u00edcie de vidro, aplique uma camada espessa com um pincel ou esp\u00e1tula. Em 2 minutos estar\u00e1 pronto para uso ap\u00f3s enxaguar com \u00e1gua.<\/p>\n<p>Dispon\u00edvel em frasco de 59ml.<\/p>\n","protected":false},"excerpt":{"rendered":"<p>Creme \u00e1cido para fosquear vidros, espelhos, janelas, pratos, copos.<\/p>\n<p>Ideal para uso com Stencil. Limpe a superf\u00edcie de vidro, aplique uma camada espessa com um pincel ou esp\u00e1tula. Em 2 minutos estar\u00e1 pronto para uso ap\u00f3s enxaguar com \u00e1gua.<\/p>\n<p>Dispon\u00edvel em frasco de 59ml.<\/p>\n","protected":false},"featured_media":16383,"comment_status":"open","ping_status":"closed","template":"","meta":{"_exactmetrics_skip_tracking":false,"_exactmetrics_sitenote_active":false,"_exactmetrics_sitenote_note":"","_exactmetrics_sitenote_category":0},"product_brand":[],"product_cat":[38,15],"product_tag":[],"class_list":{"0":"post-16382","1":"product","2":"type-product","3":"status-publish","4":"has-post-thumbnail","6":"product_cat-tintas-vernizes-e-complementos","7":"product_cat-ver-todos-os-produtos","9":"first","10":"instock","11":"taxable","12":"shipping-taxable","13":"purchasable","14":"product-type-simple"},"yoast_head":"<!-- This site is optimized with the Yoast SEO plugin v27.4 - https:\/\/yoast.com\/product\/yoast-seo-wordpress\/ -->\n<title>Creme \u00e1cido para fosquear vidros -<\/title>\n<meta name=\"description\" content=\"Creme \u00e1cido para fosquear vidros, espelhos, janelas, pratos, copos. Ideal para uso com Stencil com pincel ou stencil\" \/>\n<meta name=\"robots\" content=\"index, follow, max-snippet:-1, max-image-preview:large, max-video-preview:-1\" \/>\n<link rel=\"canonical\" href=\"https:\/\/divertarte.com\/index.php\/produto\/creme-acido-para-fosquear-vidros\/\" \/>\n<meta property=\"og:locale\" content=\"pt_PT\" \/>\n<meta property=\"og:type\" content=\"article\" \/>\n<meta property=\"og:title\" content=\"Creme \u00e1cido para fosquear vidros -\" \/>\n<meta property=\"og:description\" content=\"Creme \u00e1cido para fosquear vidros, espelhos, janelas, pratos, copos. Ideal para uso com Stencil com pincel ou stencil\" \/>\n<meta property=\"og:url\" content=\"https:\/\/divertarte.com\/index.php\/produto\/creme-acido-para-fosquear-vidros\/\" \/>\n<meta property=\"article:modified_time\" content=\"2025-11-06T13:24:00+00:00\" \/>\n<meta property=\"og:image\" content=\"https:\/\/divertarte.com\/wp-content\/uploads\/2022\/04\/fosqueador-de-vidro-cadance.jpg\" \/>\n\t<meta property=\"og:image:width\" content=\"300\" \/>\n\t<meta property=\"og:image:height\" content=\"300\" \/>\n\t<meta property=\"og:image:type\" content=\"image\/jpeg\" \/>\n<meta name=\"twitter:card\" content=\"summary_large_image\" \/>\n<meta name=\"twitter:label1\" content=\"Tempo estimado de leitura\" \/>\n\t<meta name=\"twitter:data1\" content=\"1 minuto\" \/>\n<script type=\"application\/ld+json\" class=\"yoast-schema-graph\">{\"@context\":\"https:\\\/\\\/schema.org\",\"@graph\":[{\"@type\":\"WebPage\",\"@id\":\"https:\\\/\\\/divertarte.com\\\/index.php\\\/produto\\\/creme-acido-para-fosquear-vidros\\\/\",\"url\":\"https:\\\/\\\/divertarte.com\\\/index.php\\\/produto\\\/creme-acido-para-fosquear-vidros\\\/\",\"name\":\"Creme \u00e1cido para fosquear vidros -\",\"isPartOf\":{\"@id\":\"https:\\\/\\\/divertarte.com\\\/#website\"},\"primaryImageOfPage\":{\"@id\":\"https:\\\/\\\/divertarte.com\\\/index.php\\\/produto\\\/creme-acido-para-fosquear-vidros\\\/#primaryimage\"},\"image\":{\"@id\":\"https:\\\/\\\/divertarte.com\\\/index.php\\\/produto\\\/creme-acido-para-fosquear-vidros\\\/#primaryimage\"},\"thumbnailUrl\":\"https:\\\/\\\/divertarte.com\\\/wp-content\\\/uploads\\\/2022\\\/04\\\/fosqueador-de-vidro-cadance.jpg\",\"datePublished\":\"2022-04-20T13:42:18+00:00\",\"dateModified\":\"2025-11-06T13:24:00+00:00\",\"description\":\"Creme \u00e1cido para fosquear vidros, espelhos, janelas, pratos, copos. Ideal para uso com Stencil com pincel ou stencil\",\"breadcrumb\":{\"@id\":\"https:\\\/\\\/divertarte.com\\\/index.php\\\/produto\\\/creme-acido-para-fosquear-vidros\\\/#breadcrumb\"},\"inLanguage\":\"pt-PT\",\"potentialAction\":[{\"@type\":\"ReadAction\",\"target\":[\"https:\\\/\\\/divertarte.com\\\/index.php\\\/produto\\\/creme-acido-para-fosquear-vidros\\\/\"]}]},{\"@type\":\"ImageObject\",\"inLanguage\":\"pt-PT\",\"@id\":\"https:\\\/\\\/divertarte.com\\\/index.php\\\/produto\\\/creme-acido-para-fosquear-vidros\\\/#primaryimage\",\"url\":\"https:\\\/\\\/divertarte.com\\\/wp-content\\\/uploads\\\/2022\\\/04\\\/fosqueador-de-vidro-cadance.jpg\",\"contentUrl\":\"https:\\\/\\\/divertarte.com\\\/wp-content\\\/uploads\\\/2022\\\/04\\\/fosqueador-de-vidro-cadance.jpg\",\"width\":300,\"height\":300},{\"@type\":\"BreadcrumbList\",\"@id\":\"https:\\\/\\\/divertarte.com\\\/index.php\\\/produto\\\/creme-acido-para-fosquear-vidros\\\/#breadcrumb\",\"itemListElement\":[{\"@type\":\"ListItem\",\"position\":1,\"name\":\"In\u00edcio\",\"item\":\"https:\\\/\\\/divertarte.com\\\/\"},{\"@type\":\"ListItem\",\"position\":2,\"name\":\"Loja\",\"item\":\"https:\\\/\\\/divertarte.com\\\/index.php\\\/divertarte-produtos\\\/\"},{\"@type\":\"ListItem\",\"position\":3,\"name\":\"Creme \u00e1cido para fosquear vidros\"}]},{\"@type\":\"WebSite\",\"@id\":\"https:\\\/\\\/divertarte.com\\\/#website\",\"url\":\"https:\\\/\\\/divertarte.com\\\/\",\"name\":\"Divertarte\",\"description\":\"\",\"publisher\":{\"@id\":\"https:\\\/\\\/divertarte.com\\\/#organization\"},\"potentialAction\":[{\"@type\":\"SearchAction\",\"target\":{\"@type\":\"EntryPoint\",\"urlTemplate\":\"https:\\\/\\\/divertarte.com\\\/?s={search_term_string}\"},\"query-input\":{\"@type\":\"PropertyValueSpecification\",\"valueRequired\":true,\"valueName\":\"search_term_string\"}}],\"inLanguage\":\"pt-PT\"},{\"@type\":\"Organization\",\"@id\":\"https:\\\/\\\/divertarte.com\\\/#organization\",\"name\":\"Divertarte\",\"url\":\"https:\\\/\\\/divertarte.com\\\/\",\"logo\":{\"@type\":\"ImageObject\",\"inLanguage\":\"pt-PT\",\"@id\":\"https:\\\/\\\/divertarte.com\\\/#\\\/schema\\\/logo\\\/image\\\/\",\"url\":\"https:\\\/\\\/divertarte.com\\\/wp-content\\\/uploads\\\/2018\\\/07\\\/logo-div.jpg\",\"contentUrl\":\"https:\\\/\\\/divertarte.com\\\/wp-content\\\/uploads\\\/2018\\\/07\\\/logo-div.jpg\",\"width\":295,\"height\":123,\"caption\":\"Divertarte\"},\"image\":{\"@id\":\"https:\\\/\\\/divertarte.com\\\/#\\\/schema\\\/logo\\\/image\\\/\"}}]}<\/script>\n<!-- \/ Yoast SEO plugin. -->","yoast_head_json":{"title":"Creme \u00e1cido para fosquear vidros -","description":"Creme \u00e1cido para fosquear vidros, espelhos, janelas, pratos, copos. Ideal para uso com Stencil com pincel ou stencil","robots":{"index":"index","follow":"follow","max-snippet":"max-snippet:-1","max-image-preview":"max-image-preview:large","max-video-preview":"max-video-preview:-1"},"canonical":"https:\/\/divertarte.com\/index.php\/produto\/creme-acido-para-fosquear-vidros\/","og_locale":"pt_PT","og_type":"article","og_title":"Creme \u00e1cido para fosquear vidros -","og_description":"Creme \u00e1cido para fosquear vidros, espelhos, janelas, pratos, copos. Ideal para uso com Stencil com pincel ou stencil","og_url":"https:\/\/divertarte.com\/index.php\/produto\/creme-acido-para-fosquear-vidros\/","article_modified_time":"2025-11-06T13:24:00+00:00","og_image":[{"width":300,"height":300,"url":"https:\/\/divertarte.com\/wp-content\/uploads\/2022\/04\/fosqueador-de-vidro-cadance.jpg","type":"image\/jpeg"}],"twitter_card":"summary_large_image","twitter_misc":{"Tempo estimado de leitura":"1 minuto"},"schema":{"@context":"https:\/\/schema.org","@graph":[{"@type":"WebPage","@id":"https:\/\/divertarte.com\/index.php\/produto\/creme-acido-para-fosquear-vidros\/","url":"https:\/\/divertarte.com\/index.php\/produto\/creme-acido-para-fosquear-vidros\/","name":"Creme \u00e1cido para fosquear vidros -","isPartOf":{"@id":"https:\/\/divertarte.com\/#website"},"primaryImageOfPage":{"@id":"https:\/\/divertarte.com\/index.php\/produto\/creme-acido-para-fosquear-vidros\/#primaryimage"},"image":{"@id":"https:\/\/divertarte.com\/index.php\/produto\/creme-acido-para-fosquear-vidros\/#primaryimage"},"thumbnailUrl":"https:\/\/divertarte.com\/wp-content\/uploads\/2022\/04\/fosqueador-de-vidro-cadance.jpg","datePublished":"2022-04-20T13:42:18+00:00","dateModified":"2025-11-06T13:24:00+00:00","description":"Creme \u00e1cido para fosquear vidros, espelhos, janelas, pratos, copos. Ideal para uso com Stencil com pincel ou stencil","breadcrumb":{"@id":"https:\/\/divertarte.com\/index.php\/produto\/creme-acido-para-fosquear-vidros\/#breadcrumb"},"inLanguage":"pt-PT","potentialAction":[{"@type":"ReadAction","target":["https:\/\/divertarte.com\/index.php\/produto\/creme-acido-para-fosquear-vidros\/"]}]},{"@type":"ImageObject","inLanguage":"pt-PT","@id":"https:\/\/divertarte.com\/index.php\/produto\/creme-acido-para-fosquear-vidros\/#primaryimage","url":"https:\/\/divertarte.com\/wp-content\/uploads\/2022\/04\/fosqueador-de-vidro-cadance.jpg","contentUrl":"https:\/\/divertarte.com\/wp-content\/uploads\/2022\/04\/fosqueador-de-vidro-cadance.jpg","width":300,"height":300},{"@type":"BreadcrumbList","@id":"https:\/\/divertarte.com\/index.php\/produto\/creme-acido-para-fosquear-vidros\/#breadcrumb","itemListElement":[{"@type":"ListItem","position":1,"name":"In\u00edcio","item":"https:\/\/divertarte.com\/"},{"@type":"ListItem","position":2,"name":"Loja","item":"https:\/\/divertarte.com\/index.php\/divertarte-produtos\/"},{"@type":"ListItem","position":3,"name":"Creme \u00e1cido para fosquear vidros"}]},{"@type":"WebSite","@id":"https:\/\/divertarte.com\/#website","url":"https:\/\/divertarte.com\/","name":"Divertarte","description":"","publisher":{"@id":"https:\/\/divertarte.com\/#organization"},"potentialAction":[{"@type":"SearchAction","target":{"@type":"EntryPoint","urlTemplate":"https:\/\/divertarte.com\/?s={search_term_string}"},"query-input":{"@type":"PropertyValueSpecification","valueRequired":true,"valueName":"search_term_string"}}],"inLanguage":"pt-PT"},{"@type":"Organization","@id":"https:\/\/divertarte.com\/#organization","name":"Divertarte","url":"https:\/\/divertarte.com\/","logo":{"@type":"ImageObject","inLanguage":"pt-PT","@id":"https:\/\/divertarte.com\/#\/schema\/logo\/image\/","url":"https:\/\/divertarte.com\/wp-content\/uploads\/2018\/07\/logo-div.jpg","contentUrl":"https:\/\/divertarte.com\/wp-content\/uploads\/2018\/07\/logo-div.jpg","width":295,"height":123,"caption":"Divertarte"},"image":{"@id":"https:\/\/divertarte.com\/#\/schema\/logo\/image\/"}}]}},"_links":{"self":[{"href":"https:\/\/divertarte.com\/index.php\/wp-json\/wp\/v2\/product\/16382","targetHints":{"allow":["GET"]}}],"collection":[{"href":"https:\/\/divertarte.com\/index.php\/wp-json\/wp\/v2\/product"}],"about":[{"href":"https:\/\/divertarte.com\/index.php\/wp-json\/wp\/v2\/types\/product"}],"replies":[{"embeddable":true,"href":"https:\/\/divertarte.com\/index.php\/wp-json\/wp\/v2\/comments?post=16382"}],"wp:featuredmedia":[{"embeddable":true,"href":"https:\/\/divertarte.com\/index.php\/wp-json\/wp\/v2\/media\/16383"}],"wp:attachment":[{"href":"https:\/\/divertarte.com\/index.php\/wp-json\/wp\/v2\/media?parent=16382"}],"wp:term":[{"taxonomy":"product_brand","embeddable":true,"href":"https:\/\/divertarte.com\/index.php\/wp-json\/wp\/v2\/product_brand?post=16382"},{"taxonomy":"product_cat","embeddable":true,"href":"https:\/\/divertarte.com\/index.php\/wp-json\/wp\/v2\/product_cat?post=16382"},{"taxonomy":"product_tag","embeddable":true,"href":"https:\/\/divertarte.com\/index.php\/wp-json\/wp\/v2\/product_tag?post=16382"}],"curies":[{"name":"wp","href":"https:\/\/api.w.org\/{rel}","templated":true}]}}