{"id":1626,"date":"2018-06-07T14:07:18","date_gmt":"2018-06-07T13:07:18","guid":{"rendered":"https:\/\/divertarte.com\/index.php\/produto\/cara-boneco-neve-pvc069\/"},"modified":"2025-11-06T13:59:04","modified_gmt":"2025-11-06T13:59:04","slug":"cara-boneco-neve-pvc069","status":"publish","type":"product","link":"https:\/\/divertarte.com\/index.php\/produto\/cara-boneco-neve-pvc069\/","title":{"rendered":"CARA BONECO NEVE pvc069"},"content":{"rendered":"<p>Molde de silicone Boneco da Neve. Medida da pe\u00e7a 7,5x5x1,7 cm ACONSELHADO PARA : sabonetes, resinas, vela em parafina ou gel, massas de modelar, biscuit, ceras etc. MOLDES FEITOS POR ENCOMENDA. N\u00c3O USAR COM PRODUTOS ALIMENT\u00c3\u008dCIOS. As medidas das pe\u00e7as feitas nos moldes s\u00e3o em cent\u00edmetros e considera-se: largura x comprimento x espessura.<\/p>\n","protected":false},"excerpt":{"rendered":"<p>Medida da pe\u00e7a 7,5x5x1,7 cm ACONSELHADO PARA : sabonetes, resinas, vela em parafina ou gel, massas de modelar, biscuit, ceras etc. MOLDES FEITOS POR ENCOMENDA. N\u00c3O USAR COM PRODUTOS ALIMENT\u00c3\u008dCIOS. As medidas das pe\u00e7as feitas nos moldes s\u00e3o em cent\u00edmetros e considera-se: largura x comprimento x espessura.<\/p>\n","protected":false},"featured_media":12088,"comment_status":"closed","ping_status":"closed","template":"","meta":{"_exactmetrics_skip_tracking":false,"_exactmetrics_sitenote_active":false,"_exactmetrics_sitenote_note":"","_exactmetrics_sitenote_category":0},"product_brand":[],"product_cat":[84,157,15],"product_tag":[],"class_list":{"0":"post-1626","1":"product","2":"type-product","3":"status-publish","4":"has-post-thumbnail","6":"product_cat-moldes-natal","7":"product_cat-moldes-para-sabonetes","8":"product_cat-ver-todos-os-produtos","10":"first","11":"instock","12":"taxable","13":"shipping-taxable","14":"purchasable","15":"product-type-simple"},"yoast_head":"<!-- This site is optimized with the Yoast SEO plugin v27.4 - https:\/\/yoast.com\/product\/yoast-seo-wordpress\/ -->\n<title>CARA BONECO NEVE pvc069 -<\/title>\n<meta name=\"description\" content=\"Molde de silicone Boneco da Neve. Medida da pe\u00e7a 7,5x5x1,7 cm ACONSELHADO PARA : sabonetes, resinas, vela em parafina ou gel, massas de modelar, biscuit\" \/>\n<meta name=\"robots\" content=\"index, follow, max-snippet:-1, max-image-preview:large, max-video-preview:-1\" \/>\n<link rel=\"canonical\" href=\"https:\/\/divertarte.com\/index.php\/produto\/cara-boneco-neve-pvc069\/\" \/>\n<meta property=\"og:locale\" content=\"pt_PT\" \/>\n<meta property=\"og:type\" content=\"article\" \/>\n<meta property=\"og:title\" content=\"CARA BONECO NEVE pvc069 -\" \/>\n<meta property=\"og:description\" content=\"Molde de silicone Boneco da Neve. Medida da pe\u00e7a 7,5x5x1,7 cm ACONSELHADO PARA : sabonetes, resinas, vela em parafina ou gel, massas de modelar, biscuit\" \/>\n<meta property=\"og:url\" content=\"https:\/\/divertarte.com\/index.php\/produto\/cara-boneco-neve-pvc069\/\" \/>\n<meta property=\"article:modified_time\" content=\"2025-11-06T13:59:04+00:00\" \/>\n<meta property=\"og:image\" content=\"https:\/\/divertarte.com\/wp-content\/uploads\/2018\/06\/molde-silicone-cara-boneco-da-neve.jpg\" \/>\n\t<meta property=\"og:image:width\" content=\"302\" \/>\n\t<meta property=\"og:image:height\" content=\"298\" \/>\n\t<meta property=\"og:image:type\" content=\"image\/jpeg\" \/>\n<meta name=\"twitter:card\" content=\"summary_large_image\" \/>\n<script type=\"application\/ld+json\" class=\"yoast-schema-graph\">{\"@context\":\"https:\\\/\\\/schema.org\",\"@graph\":[{\"@type\":\"WebPage\",\"@id\":\"https:\\\/\\\/divertarte.com\\\/index.php\\\/produto\\\/cara-boneco-neve-pvc069\\\/\",\"url\":\"https:\\\/\\\/divertarte.com\\\/index.php\\\/produto\\\/cara-boneco-neve-pvc069\\\/\",\"name\":\"CARA BONECO NEVE pvc069 -\",\"isPartOf\":{\"@id\":\"https:\\\/\\\/divertarte.com\\\/#website\"},\"primaryImageOfPage\":{\"@id\":\"https:\\\/\\\/divertarte.com\\\/index.php\\\/produto\\\/cara-boneco-neve-pvc069\\\/#primaryimage\"},\"image\":{\"@id\":\"https:\\\/\\\/divertarte.com\\\/index.php\\\/produto\\\/cara-boneco-neve-pvc069\\\/#primaryimage\"},\"thumbnailUrl\":\"https:\\\/\\\/divertarte.com\\\/wp-content\\\/uploads\\\/2018\\\/06\\\/molde-silicone-cara-boneco-da-neve.jpg\",\"datePublished\":\"2018-06-07T13:07:18+00:00\",\"dateModified\":\"2025-11-06T13:59:04+00:00\",\"description\":\"Molde de silicone Boneco da Neve. Medida da pe\u00e7a 7,5x5x1,7 cm ACONSELHADO PARA : sabonetes, resinas, vela em parafina ou gel, massas de modelar, biscuit\",\"breadcrumb\":{\"@id\":\"https:\\\/\\\/divertarte.com\\\/index.php\\\/produto\\\/cara-boneco-neve-pvc069\\\/#breadcrumb\"},\"inLanguage\":\"pt-PT\",\"potentialAction\":[{\"@type\":\"ReadAction\",\"target\":[\"https:\\\/\\\/divertarte.com\\\/index.php\\\/produto\\\/cara-boneco-neve-pvc069\\\/\"]}]},{\"@type\":\"ImageObject\",\"inLanguage\":\"pt-PT\",\"@id\":\"https:\\\/\\\/divertarte.com\\\/index.php\\\/produto\\\/cara-boneco-neve-pvc069\\\/#primaryimage\",\"url\":\"https:\\\/\\\/divertarte.com\\\/wp-content\\\/uploads\\\/2018\\\/06\\\/molde-silicone-cara-boneco-da-neve.jpg\",\"contentUrl\":\"https:\\\/\\\/divertarte.com\\\/wp-content\\\/uploads\\\/2018\\\/06\\\/molde-silicone-cara-boneco-da-neve.jpg\",\"width\":302,\"height\":298},{\"@type\":\"BreadcrumbList\",\"@id\":\"https:\\\/\\\/divertarte.com\\\/index.php\\\/produto\\\/cara-boneco-neve-pvc069\\\/#breadcrumb\",\"itemListElement\":[{\"@type\":\"ListItem\",\"position\":1,\"name\":\"In\u00edcio\",\"item\":\"https:\\\/\\\/divertarte.com\\\/\"},{\"@type\":\"ListItem\",\"position\":2,\"name\":\"Loja\",\"item\":\"https:\\\/\\\/divertarte.com\\\/index.php\\\/divertarte-produtos\\\/\"},{\"@type\":\"ListItem\",\"position\":3,\"name\":\"CARA BONECO NEVE pvc069\"}]},{\"@type\":\"WebSite\",\"@id\":\"https:\\\/\\\/divertarte.com\\\/#website\",\"url\":\"https:\\\/\\\/divertarte.com\\\/\",\"name\":\"Divertarte\",\"description\":\"\",\"publisher\":{\"@id\":\"https:\\\/\\\/divertarte.com\\\/#organization\"},\"potentialAction\":[{\"@type\":\"SearchAction\",\"target\":{\"@type\":\"EntryPoint\",\"urlTemplate\":\"https:\\\/\\\/divertarte.com\\\/?s={search_term_string}\"},\"query-input\":{\"@type\":\"PropertyValueSpecification\",\"valueRequired\":true,\"valueName\":\"search_term_string\"}}],\"inLanguage\":\"pt-PT\"},{\"@type\":\"Organization\",\"@id\":\"https:\\\/\\\/divertarte.com\\\/#organization\",\"name\":\"Divertarte\",\"url\":\"https:\\\/\\\/divertarte.com\\\/\",\"logo\":{\"@type\":\"ImageObject\",\"inLanguage\":\"pt-PT\",\"@id\":\"https:\\\/\\\/divertarte.com\\\/#\\\/schema\\\/logo\\\/image\\\/\",\"url\":\"https:\\\/\\\/divertarte.com\\\/wp-content\\\/uploads\\\/2018\\\/07\\\/logo-div.jpg\",\"contentUrl\":\"https:\\\/\\\/divertarte.com\\\/wp-content\\\/uploads\\\/2018\\\/07\\\/logo-div.jpg\",\"width\":295,\"height\":123,\"caption\":\"Divertarte\"},\"image\":{\"@id\":\"https:\\\/\\\/divertarte.com\\\/#\\\/schema\\\/logo\\\/image\\\/\"}}]}<\/script>\n<!-- \/ Yoast SEO plugin. -->","yoast_head_json":{"title":"CARA BONECO NEVE pvc069 -","description":"Molde de silicone Boneco da Neve. Medida da pe\u00e7a 7,5x5x1,7 cm ACONSELHADO PARA : sabonetes, resinas, vela em parafina ou gel, massas de modelar, biscuit","robots":{"index":"index","follow":"follow","max-snippet":"max-snippet:-1","max-image-preview":"max-image-preview:large","max-video-preview":"max-video-preview:-1"},"canonical":"https:\/\/divertarte.com\/index.php\/produto\/cara-boneco-neve-pvc069\/","og_locale":"pt_PT","og_type":"article","og_title":"CARA BONECO NEVE pvc069 -","og_description":"Molde de silicone Boneco da Neve. Medida da pe\u00e7a 7,5x5x1,7 cm ACONSELHADO PARA : sabonetes, resinas, vela em parafina ou gel, massas de modelar, biscuit","og_url":"https:\/\/divertarte.com\/index.php\/produto\/cara-boneco-neve-pvc069\/","article_modified_time":"2025-11-06T13:59:04+00:00","og_image":[{"width":302,"height":298,"url":"https:\/\/divertarte.com\/wp-content\/uploads\/2018\/06\/molde-silicone-cara-boneco-da-neve.jpg","type":"image\/jpeg"}],"twitter_card":"summary_large_image","schema":{"@context":"https:\/\/schema.org","@graph":[{"@type":"WebPage","@id":"https:\/\/divertarte.com\/index.php\/produto\/cara-boneco-neve-pvc069\/","url":"https:\/\/divertarte.com\/index.php\/produto\/cara-boneco-neve-pvc069\/","name":"CARA BONECO NEVE pvc069 -","isPartOf":{"@id":"https:\/\/divertarte.com\/#website"},"primaryImageOfPage":{"@id":"https:\/\/divertarte.com\/index.php\/produto\/cara-boneco-neve-pvc069\/#primaryimage"},"image":{"@id":"https:\/\/divertarte.com\/index.php\/produto\/cara-boneco-neve-pvc069\/#primaryimage"},"thumbnailUrl":"https:\/\/divertarte.com\/wp-content\/uploads\/2018\/06\/molde-silicone-cara-boneco-da-neve.jpg","datePublished":"2018-06-07T13:07:18+00:00","dateModified":"2025-11-06T13:59:04+00:00","description":"Molde de silicone Boneco da Neve. Medida da pe\u00e7a 7,5x5x1,7 cm ACONSELHADO PARA : sabonetes, resinas, vela em parafina ou gel, massas de modelar, biscuit","breadcrumb":{"@id":"https:\/\/divertarte.com\/index.php\/produto\/cara-boneco-neve-pvc069\/#breadcrumb"},"inLanguage":"pt-PT","potentialAction":[{"@type":"ReadAction","target":["https:\/\/divertarte.com\/index.php\/produto\/cara-boneco-neve-pvc069\/"]}]},{"@type":"ImageObject","inLanguage":"pt-PT","@id":"https:\/\/divertarte.com\/index.php\/produto\/cara-boneco-neve-pvc069\/#primaryimage","url":"https:\/\/divertarte.com\/wp-content\/uploads\/2018\/06\/molde-silicone-cara-boneco-da-neve.jpg","contentUrl":"https:\/\/divertarte.com\/wp-content\/uploads\/2018\/06\/molde-silicone-cara-boneco-da-neve.jpg","width":302,"height":298},{"@type":"BreadcrumbList","@id":"https:\/\/divertarte.com\/index.php\/produto\/cara-boneco-neve-pvc069\/#breadcrumb","itemListElement":[{"@type":"ListItem","position":1,"name":"In\u00edcio","item":"https:\/\/divertarte.com\/"},{"@type":"ListItem","position":2,"name":"Loja","item":"https:\/\/divertarte.com\/index.php\/divertarte-produtos\/"},{"@type":"ListItem","position":3,"name":"CARA BONECO NEVE pvc069"}]},{"@type":"WebSite","@id":"https:\/\/divertarte.com\/#website","url":"https:\/\/divertarte.com\/","name":"Divertarte","description":"","publisher":{"@id":"https:\/\/divertarte.com\/#organization"},"potentialAction":[{"@type":"SearchAction","target":{"@type":"EntryPoint","urlTemplate":"https:\/\/divertarte.com\/?s={search_term_string}"},"query-input":{"@type":"PropertyValueSpecification","valueRequired":true,"valueName":"search_term_string"}}],"inLanguage":"pt-PT"},{"@type":"Organization","@id":"https:\/\/divertarte.com\/#organization","name":"Divertarte","url":"https:\/\/divertarte.com\/","logo":{"@type":"ImageObject","inLanguage":"pt-PT","@id":"https:\/\/divertarte.com\/#\/schema\/logo\/image\/","url":"https:\/\/divertarte.com\/wp-content\/uploads\/2018\/07\/logo-div.jpg","contentUrl":"https:\/\/divertarte.com\/wp-content\/uploads\/2018\/07\/logo-div.jpg","width":295,"height":123,"caption":"Divertarte"},"image":{"@id":"https:\/\/divertarte.com\/#\/schema\/logo\/image\/"}}]}},"_links":{"self":[{"href":"https:\/\/divertarte.com\/index.php\/wp-json\/wp\/v2\/product\/1626","targetHints":{"allow":["GET"]}}],"collection":[{"href":"https:\/\/divertarte.com\/index.php\/wp-json\/wp\/v2\/product"}],"about":[{"href":"https:\/\/divertarte.com\/index.php\/wp-json\/wp\/v2\/types\/product"}],"replies":[{"embeddable":true,"href":"https:\/\/divertarte.com\/index.php\/wp-json\/wp\/v2\/comments?post=1626"}],"wp:featuredmedia":[{"embeddable":true,"href":"https:\/\/divertarte.com\/index.php\/wp-json\/wp\/v2\/media\/12088"}],"wp:attachment":[{"href":"https:\/\/divertarte.com\/index.php\/wp-json\/wp\/v2\/media?parent=1626"}],"wp:term":[{"taxonomy":"product_brand","embeddable":true,"href":"https:\/\/divertarte.com\/index.php\/wp-json\/wp\/v2\/product_brand?post=1626"},{"taxonomy":"product_cat","embeddable":true,"href":"https:\/\/divertarte.com\/index.php\/wp-json\/wp\/v2\/product_cat?post=1626"},{"taxonomy":"product_tag","embeddable":true,"href":"https:\/\/divertarte.com\/index.php\/wp-json\/wp\/v2\/product_tag?post=1626"}],"curies":[{"name":"wp","href":"https:\/\/api.w.org\/{rel}","templated":true}]}}