{"id":1582,"date":"2018-06-07T14:17:11","date_gmt":"2018-06-07T13:17:11","guid":{"rendered":"https:\/\/divertarte.com\/index.php\/produto\/bola-125-und\/"},"modified":"2025-11-06T13:38:48","modified_gmt":"2025-11-06T13:38:48","slug":"bola-125-und","status":"publish","type":"product","link":"https:\/\/divertarte.com\/index.php\/produto\/bola-125-und\/","title":{"rendered":"Bola Esferovite 12.5cm &#8211; Unidade"},"content":{"rendered":"<p>Bola Esferovite 12.5cm &#8211; Unidade &#8211; 12.5cm di\u00e2metro<\/p>\n<p>Utiliza-se com ou sem pintura e colagens, trabalhos manuais, decora\u00e7\u00e3o, enfeites de Natal, Festas infantis, Festas tem\u00e1ticas. Bolas de Isopor<\/p>\n","protected":false},"excerpt":{"rendered":"<p>Bola Esferovite 12.5cm &#8211; Unidade &#8211; 12.5cm di\u00e2metro<\/p>\n<p>Utiliza-se com ou sem pintura e colagens, trabalhos manuais, decora\u00e7\u00e3o, enfeites de Natal, Festas infantis, Festas tem\u00e1ticas. Bolas de Isopor<\/p>\n","protected":false},"featured_media":15987,"comment_status":"closed","ping_status":"closed","template":"","meta":{"_exactmetrics_skip_tracking":false,"_exactmetrics_sitenote_active":false,"_exactmetrics_sitenote_note":"","_exactmetrics_sitenote_category":0},"product_brand":[],"product_cat":[454,59,15],"product_tag":[630,882,624],"class_list":{"0":"post-1582","1":"product","2":"type-product","3":"status-publish","4":"has-post-thumbnail","6":"product_cat-bolas-de-esferovite","7":"product_cat-esferovite","8":"product_cat-ver-todos-os-produtos","9":"product_tag-bola-esferovite","10":"product_tag-bolas-de-isopor","11":"product_tag-esferovite","13":"first","14":"instock","15":"taxable","16":"shipping-taxable","17":"purchasable","18":"product-type-simple"},"yoast_head":"<!-- This site is optimized with the Yoast SEO plugin v27.4 - https:\/\/yoast.com\/product\/yoast-seo-wordpress\/ -->\n<title>Bola Esferovite 12.5cm - Unidade -<\/title>\n<meta name=\"description\" content=\"Bola Esferovite 12.5cm - Unidade - 12,5cm di\u00e2metroUtiliza-se com ou sem pintura e colagens, trabalhos manuais, decora\u00e7\u00e3o, enfeites de Natal, Festas infantis, Festas tem\u00e1ticas. Bolas de Isopor\" \/>\n<meta name=\"robots\" content=\"index, follow, max-snippet:-1, max-image-preview:large, max-video-preview:-1\" \/>\n<link rel=\"canonical\" href=\"https:\/\/divertarte.com\/index.php\/produto\/bola-125-und\/\" \/>\n<meta property=\"og:locale\" content=\"pt_PT\" \/>\n<meta property=\"og:type\" content=\"article\" \/>\n<meta property=\"og:title\" content=\"Bola Esferovite 12.5cm - Unidade -\" \/>\n<meta property=\"og:description\" content=\"Bola Esferovite 12.5cm - Unidade - 12,5cm di\u00e2metroUtiliza-se com ou sem pintura e colagens, trabalhos manuais, decora\u00e7\u00e3o, enfeites de Natal, Festas infantis, Festas tem\u00e1ticas. Bolas de Isopor\" \/>\n<meta property=\"og:url\" content=\"https:\/\/divertarte.com\/index.php\/produto\/bola-125-und\/\" \/>\n<meta property=\"article:modified_time\" content=\"2025-11-06T13:38:48+00:00\" \/>\n<meta property=\"og:image\" content=\"https:\/\/divertarte.com\/wp-content\/uploads\/2018\/06\/bola-esferovite-12.5.jpg\" \/>\n\t<meta property=\"og:image:width\" content=\"302\" \/>\n\t<meta property=\"og:image:height\" content=\"299\" \/>\n\t<meta property=\"og:image:type\" content=\"image\/jpeg\" \/>\n<meta name=\"twitter:card\" content=\"summary_large_image\" \/>\n<script type=\"application\/ld+json\" class=\"yoast-schema-graph\">{\"@context\":\"https:\\\/\\\/schema.org\",\"@graph\":[{\"@type\":\"WebPage\",\"@id\":\"https:\\\/\\\/divertarte.com\\\/index.php\\\/produto\\\/bola-125-und\\\/\",\"url\":\"https:\\\/\\\/divertarte.com\\\/index.php\\\/produto\\\/bola-125-und\\\/\",\"name\":\"Bola Esferovite 12.5cm - Unidade -\",\"isPartOf\":{\"@id\":\"https:\\\/\\\/divertarte.com\\\/#website\"},\"primaryImageOfPage\":{\"@id\":\"https:\\\/\\\/divertarte.com\\\/index.php\\\/produto\\\/bola-125-und\\\/#primaryimage\"},\"image\":{\"@id\":\"https:\\\/\\\/divertarte.com\\\/index.php\\\/produto\\\/bola-125-und\\\/#primaryimage\"},\"thumbnailUrl\":\"https:\\\/\\\/divertarte.com\\\/wp-content\\\/uploads\\\/2018\\\/06\\\/bola-esferovite-12.5.jpg\",\"datePublished\":\"2018-06-07T13:17:11+00:00\",\"dateModified\":\"2025-11-06T13:38:48+00:00\",\"description\":\"Bola Esferovite 12.5cm - Unidade - 12,5cm di\u00e2metroUtiliza-se com ou sem pintura e colagens, trabalhos manuais, decora\u00e7\u00e3o, enfeites de Natal, Festas infantis, Festas tem\u00e1ticas. Bolas de Isopor\",\"breadcrumb\":{\"@id\":\"https:\\\/\\\/divertarte.com\\\/index.php\\\/produto\\\/bola-125-und\\\/#breadcrumb\"},\"inLanguage\":\"pt-PT\",\"potentialAction\":[{\"@type\":\"ReadAction\",\"target\":[\"https:\\\/\\\/divertarte.com\\\/index.php\\\/produto\\\/bola-125-und\\\/\"]}]},{\"@type\":\"ImageObject\",\"inLanguage\":\"pt-PT\",\"@id\":\"https:\\\/\\\/divertarte.com\\\/index.php\\\/produto\\\/bola-125-und\\\/#primaryimage\",\"url\":\"https:\\\/\\\/divertarte.com\\\/wp-content\\\/uploads\\\/2018\\\/06\\\/bola-esferovite-12.5.jpg\",\"contentUrl\":\"https:\\\/\\\/divertarte.com\\\/wp-content\\\/uploads\\\/2018\\\/06\\\/bola-esferovite-12.5.jpg\",\"width\":302,\"height\":299},{\"@type\":\"BreadcrumbList\",\"@id\":\"https:\\\/\\\/divertarte.com\\\/index.php\\\/produto\\\/bola-125-und\\\/#breadcrumb\",\"itemListElement\":[{\"@type\":\"ListItem\",\"position\":1,\"name\":\"In\u00edcio\",\"item\":\"https:\\\/\\\/divertarte.com\\\/\"},{\"@type\":\"ListItem\",\"position\":2,\"name\":\"Loja\",\"item\":\"https:\\\/\\\/divertarte.com\\\/index.php\\\/divertarte-produtos\\\/\"},{\"@type\":\"ListItem\",\"position\":3,\"name\":\"Bola Esferovite 12.5cm &#8211; Unidade\"}]},{\"@type\":\"WebSite\",\"@id\":\"https:\\\/\\\/divertarte.com\\\/#website\",\"url\":\"https:\\\/\\\/divertarte.com\\\/\",\"name\":\"Divertarte\",\"description\":\"\",\"publisher\":{\"@id\":\"https:\\\/\\\/divertarte.com\\\/#organization\"},\"potentialAction\":[{\"@type\":\"SearchAction\",\"target\":{\"@type\":\"EntryPoint\",\"urlTemplate\":\"https:\\\/\\\/divertarte.com\\\/?s={search_term_string}\"},\"query-input\":{\"@type\":\"PropertyValueSpecification\",\"valueRequired\":true,\"valueName\":\"search_term_string\"}}],\"inLanguage\":\"pt-PT\"},{\"@type\":\"Organization\",\"@id\":\"https:\\\/\\\/divertarte.com\\\/#organization\",\"name\":\"Divertarte\",\"url\":\"https:\\\/\\\/divertarte.com\\\/\",\"logo\":{\"@type\":\"ImageObject\",\"inLanguage\":\"pt-PT\",\"@id\":\"https:\\\/\\\/divertarte.com\\\/#\\\/schema\\\/logo\\\/image\\\/\",\"url\":\"https:\\\/\\\/divertarte.com\\\/wp-content\\\/uploads\\\/2018\\\/07\\\/logo-div.jpg\",\"contentUrl\":\"https:\\\/\\\/divertarte.com\\\/wp-content\\\/uploads\\\/2018\\\/07\\\/logo-div.jpg\",\"width\":295,\"height\":123,\"caption\":\"Divertarte\"},\"image\":{\"@id\":\"https:\\\/\\\/divertarte.com\\\/#\\\/schema\\\/logo\\\/image\\\/\"}}]}<\/script>\n<!-- \/ Yoast SEO plugin. -->","yoast_head_json":{"title":"Bola Esferovite 12.5cm - Unidade -","description":"Bola Esferovite 12.5cm - Unidade - 12,5cm di\u00e2metroUtiliza-se com ou sem pintura e colagens, trabalhos manuais, decora\u00e7\u00e3o, enfeites de Natal, Festas infantis, Festas tem\u00e1ticas. Bolas de Isopor","robots":{"index":"index","follow":"follow","max-snippet":"max-snippet:-1","max-image-preview":"max-image-preview:large","max-video-preview":"max-video-preview:-1"},"canonical":"https:\/\/divertarte.com\/index.php\/produto\/bola-125-und\/","og_locale":"pt_PT","og_type":"article","og_title":"Bola Esferovite 12.5cm - Unidade -","og_description":"Bola Esferovite 12.5cm - Unidade - 12,5cm di\u00e2metroUtiliza-se com ou sem pintura e colagens, trabalhos manuais, decora\u00e7\u00e3o, enfeites de Natal, Festas infantis, Festas tem\u00e1ticas. Bolas de Isopor","og_url":"https:\/\/divertarte.com\/index.php\/produto\/bola-125-und\/","article_modified_time":"2025-11-06T13:38:48+00:00","og_image":[{"width":302,"height":299,"url":"https:\/\/divertarte.com\/wp-content\/uploads\/2018\/06\/bola-esferovite-12.5.jpg","type":"image\/jpeg"}],"twitter_card":"summary_large_image","schema":{"@context":"https:\/\/schema.org","@graph":[{"@type":"WebPage","@id":"https:\/\/divertarte.com\/index.php\/produto\/bola-125-und\/","url":"https:\/\/divertarte.com\/index.php\/produto\/bola-125-und\/","name":"Bola Esferovite 12.5cm - Unidade -","isPartOf":{"@id":"https:\/\/divertarte.com\/#website"},"primaryImageOfPage":{"@id":"https:\/\/divertarte.com\/index.php\/produto\/bola-125-und\/#primaryimage"},"image":{"@id":"https:\/\/divertarte.com\/index.php\/produto\/bola-125-und\/#primaryimage"},"thumbnailUrl":"https:\/\/divertarte.com\/wp-content\/uploads\/2018\/06\/bola-esferovite-12.5.jpg","datePublished":"2018-06-07T13:17:11+00:00","dateModified":"2025-11-06T13:38:48+00:00","description":"Bola Esferovite 12.5cm - Unidade - 12,5cm di\u00e2metroUtiliza-se com ou sem pintura e colagens, trabalhos manuais, decora\u00e7\u00e3o, enfeites de Natal, Festas infantis, Festas tem\u00e1ticas. Bolas de Isopor","breadcrumb":{"@id":"https:\/\/divertarte.com\/index.php\/produto\/bola-125-und\/#breadcrumb"},"inLanguage":"pt-PT","potentialAction":[{"@type":"ReadAction","target":["https:\/\/divertarte.com\/index.php\/produto\/bola-125-und\/"]}]},{"@type":"ImageObject","inLanguage":"pt-PT","@id":"https:\/\/divertarte.com\/index.php\/produto\/bola-125-und\/#primaryimage","url":"https:\/\/divertarte.com\/wp-content\/uploads\/2018\/06\/bola-esferovite-12.5.jpg","contentUrl":"https:\/\/divertarte.com\/wp-content\/uploads\/2018\/06\/bola-esferovite-12.5.jpg","width":302,"height":299},{"@type":"BreadcrumbList","@id":"https:\/\/divertarte.com\/index.php\/produto\/bola-125-und\/#breadcrumb","itemListElement":[{"@type":"ListItem","position":1,"name":"In\u00edcio","item":"https:\/\/divertarte.com\/"},{"@type":"ListItem","position":2,"name":"Loja","item":"https:\/\/divertarte.com\/index.php\/divertarte-produtos\/"},{"@type":"ListItem","position":3,"name":"Bola Esferovite 12.5cm &#8211; Unidade"}]},{"@type":"WebSite","@id":"https:\/\/divertarte.com\/#website","url":"https:\/\/divertarte.com\/","name":"Divertarte","description":"","publisher":{"@id":"https:\/\/divertarte.com\/#organization"},"potentialAction":[{"@type":"SearchAction","target":{"@type":"EntryPoint","urlTemplate":"https:\/\/divertarte.com\/?s={search_term_string}"},"query-input":{"@type":"PropertyValueSpecification","valueRequired":true,"valueName":"search_term_string"}}],"inLanguage":"pt-PT"},{"@type":"Organization","@id":"https:\/\/divertarte.com\/#organization","name":"Divertarte","url":"https:\/\/divertarte.com\/","logo":{"@type":"ImageObject","inLanguage":"pt-PT","@id":"https:\/\/divertarte.com\/#\/schema\/logo\/image\/","url":"https:\/\/divertarte.com\/wp-content\/uploads\/2018\/07\/logo-div.jpg","contentUrl":"https:\/\/divertarte.com\/wp-content\/uploads\/2018\/07\/logo-div.jpg","width":295,"height":123,"caption":"Divertarte"},"image":{"@id":"https:\/\/divertarte.com\/#\/schema\/logo\/image\/"}}]}},"_links":{"self":[{"href":"https:\/\/divertarte.com\/index.php\/wp-json\/wp\/v2\/product\/1582","targetHints":{"allow":["GET"]}}],"collection":[{"href":"https:\/\/divertarte.com\/index.php\/wp-json\/wp\/v2\/product"}],"about":[{"href":"https:\/\/divertarte.com\/index.php\/wp-json\/wp\/v2\/types\/product"}],"replies":[{"embeddable":true,"href":"https:\/\/divertarte.com\/index.php\/wp-json\/wp\/v2\/comments?post=1582"}],"wp:featuredmedia":[{"embeddable":true,"href":"https:\/\/divertarte.com\/index.php\/wp-json\/wp\/v2\/media\/15987"}],"wp:attachment":[{"href":"https:\/\/divertarte.com\/index.php\/wp-json\/wp\/v2\/media?parent=1582"}],"wp:term":[{"taxonomy":"product_brand","embeddable":true,"href":"https:\/\/divertarte.com\/index.php\/wp-json\/wp\/v2\/product_brand?post=1582"},{"taxonomy":"product_cat","embeddable":true,"href":"https:\/\/divertarte.com\/index.php\/wp-json\/wp\/v2\/product_cat?post=1582"},{"taxonomy":"product_tag","embeddable":true,"href":"https:\/\/divertarte.com\/index.php\/wp-json\/wp\/v2\/product_tag?post=1582"}],"curies":[{"name":"wp","href":"https:\/\/api.w.org\/{rel}","templated":true}]}}