{"id":1579,"date":"2018-06-07T14:13:03","date_gmt":"2018-06-07T13:13:03","guid":{"rendered":"https:\/\/divertarte.com\/index.php\/produto\/bola-08-pac-5\/"},"modified":"2025-11-06T13:47:58","modified_gmt":"2025-11-06T13:47:58","slug":"bola-08-pac-5","status":"publish","type":"product","link":"https:\/\/divertarte.com\/index.php\/produto\/bola-08-pac-5\/","title":{"rendered":"Bola de Esferovite 8cm &#8211; Pac 5"},"content":{"rendered":"<p>Bola Esferovite 8cm &#8211; Pac 5 &#8211; 8cm di\u00e2metro, Pacote de 5 bolas.<\/p>\n<p>Utiliza-se com ou sem pintura e colagens, trabalhos manuais, decora\u00e7\u00e3o, enfeites de Natal, Festas infantis, Festas tem\u00e1ticas. Bolas de Isopor<\/p>\n","protected":false},"excerpt":{"rendered":"<p>Bola Esferovite 8cm &#8211; Pac 5 &#8211; 8cm di\u00e2metro, Pacote de 5 bolas.<\/p>\n<p>Utiliza-se com ou sem pintura e colagens, trabalhos manuais, decora\u00e7\u00e3o, enfeites de Natal, Festas infantis, Festas tem\u00e1ticas. Bolas de Isopor<\/p>\n","protected":false},"featured_media":16002,"comment_status":"closed","ping_status":"closed","template":"","meta":{"_exactmetrics_skip_tracking":false,"_exactmetrics_sitenote_active":false,"_exactmetrics_sitenote_note":"","_exactmetrics_sitenote_category":0},"product_brand":[],"product_cat":[454,59,15],"product_tag":[629,624,879],"class_list":{"0":"post-1579","1":"product","2":"type-product","3":"status-publish","4":"has-post-thumbnail","6":"product_cat-bolas-de-esferovite","7":"product_cat-esferovite","8":"product_cat-ver-todos-os-produtos","9":"product_tag-bola-de-esferovite","10":"product_tag-esferovite","11":"product_tag-isopor","13":"first","14":"instock","15":"taxable","16":"shipping-taxable","17":"purchasable","18":"product-type-simple"},"yoast_head":"<!-- This site is optimized with the Yoast SEO plugin v27.4 - https:\/\/yoast.com\/product\/yoast-seo-wordpress\/ -->\n<title>Bola de Esferovite 8cm - Pac 5 -<\/title>\n<meta name=\"description\" content=\"Bola Esferovite 8cm - Pac 5 - 8cm di\u00e2metro, Pacote de 5 bolas.Utiliza-se com ou sem pintura e colagens, trabalhos manuais, decora\u00e7\u00e3o, enfeites de Natal, Festas infantis, Festas tem\u00e1ticas. Bolas de Isopor\" \/>\n<meta name=\"robots\" content=\"index, follow, max-snippet:-1, max-image-preview:large, max-video-preview:-1\" \/>\n<link rel=\"canonical\" href=\"https:\/\/divertarte.com\/index.php\/produto\/bola-08-pac-5\/\" \/>\n<meta property=\"og:locale\" content=\"pt_PT\" \/>\n<meta property=\"og:type\" content=\"article\" \/>\n<meta property=\"og:title\" content=\"Bola de Esferovite 8cm - Pac 5 -\" \/>\n<meta property=\"og:description\" content=\"Bola Esferovite 8cm - Pac 5 - 8cm di\u00e2metro, Pacote de 5 bolas.Utiliza-se com ou sem pintura e colagens, trabalhos manuais, decora\u00e7\u00e3o, enfeites de Natal, Festas infantis, Festas tem\u00e1ticas. Bolas de Isopor\" \/>\n<meta property=\"og:url\" content=\"https:\/\/divertarte.com\/index.php\/produto\/bola-08-pac-5\/\" \/>\n<meta property=\"article:modified_time\" content=\"2025-11-06T13:47:58+00:00\" \/>\n<meta property=\"og:image\" content=\"https:\/\/divertarte.com\/wp-content\/uploads\/2018\/06\/bola-esferovite-8.jpg\" \/>\n\t<meta property=\"og:image:width\" content=\"303\" \/>\n\t<meta property=\"og:image:height\" content=\"301\" \/>\n\t<meta property=\"og:image:type\" content=\"image\/jpeg\" \/>\n<meta name=\"twitter:card\" content=\"summary_large_image\" \/>\n<script type=\"application\/ld+json\" class=\"yoast-schema-graph\">{\"@context\":\"https:\\\/\\\/schema.org\",\"@graph\":[{\"@type\":\"WebPage\",\"@id\":\"https:\\\/\\\/divertarte.com\\\/index.php\\\/produto\\\/bola-08-pac-5\\\/\",\"url\":\"https:\\\/\\\/divertarte.com\\\/index.php\\\/produto\\\/bola-08-pac-5\\\/\",\"name\":\"Bola de Esferovite 8cm - Pac 5 -\",\"isPartOf\":{\"@id\":\"https:\\\/\\\/divertarte.com\\\/#website\"},\"primaryImageOfPage\":{\"@id\":\"https:\\\/\\\/divertarte.com\\\/index.php\\\/produto\\\/bola-08-pac-5\\\/#primaryimage\"},\"image\":{\"@id\":\"https:\\\/\\\/divertarte.com\\\/index.php\\\/produto\\\/bola-08-pac-5\\\/#primaryimage\"},\"thumbnailUrl\":\"https:\\\/\\\/divertarte.com\\\/wp-content\\\/uploads\\\/2018\\\/06\\\/bola-esferovite-8.jpg\",\"datePublished\":\"2018-06-07T13:13:03+00:00\",\"dateModified\":\"2025-11-06T13:47:58+00:00\",\"description\":\"Bola Esferovite 8cm - Pac 5 - 8cm di\u00e2metro, Pacote de 5 bolas.Utiliza-se com ou sem pintura e colagens, trabalhos manuais, decora\u00e7\u00e3o, enfeites de Natal, Festas infantis, Festas tem\u00e1ticas. Bolas de Isopor\",\"breadcrumb\":{\"@id\":\"https:\\\/\\\/divertarte.com\\\/index.php\\\/produto\\\/bola-08-pac-5\\\/#breadcrumb\"},\"inLanguage\":\"pt-PT\",\"potentialAction\":[{\"@type\":\"ReadAction\",\"target\":[\"https:\\\/\\\/divertarte.com\\\/index.php\\\/produto\\\/bola-08-pac-5\\\/\"]}]},{\"@type\":\"ImageObject\",\"inLanguage\":\"pt-PT\",\"@id\":\"https:\\\/\\\/divertarte.com\\\/index.php\\\/produto\\\/bola-08-pac-5\\\/#primaryimage\",\"url\":\"https:\\\/\\\/divertarte.com\\\/wp-content\\\/uploads\\\/2018\\\/06\\\/bola-esferovite-8.jpg\",\"contentUrl\":\"https:\\\/\\\/divertarte.com\\\/wp-content\\\/uploads\\\/2018\\\/06\\\/bola-esferovite-8.jpg\",\"width\":303,\"height\":301},{\"@type\":\"BreadcrumbList\",\"@id\":\"https:\\\/\\\/divertarte.com\\\/index.php\\\/produto\\\/bola-08-pac-5\\\/#breadcrumb\",\"itemListElement\":[{\"@type\":\"ListItem\",\"position\":1,\"name\":\"In\u00edcio\",\"item\":\"https:\\\/\\\/divertarte.com\\\/\"},{\"@type\":\"ListItem\",\"position\":2,\"name\":\"Loja\",\"item\":\"https:\\\/\\\/divertarte.com\\\/index.php\\\/divertarte-produtos\\\/\"},{\"@type\":\"ListItem\",\"position\":3,\"name\":\"Bola de Esferovite 8cm &#8211; Pac 5\"}]},{\"@type\":\"WebSite\",\"@id\":\"https:\\\/\\\/divertarte.com\\\/#website\",\"url\":\"https:\\\/\\\/divertarte.com\\\/\",\"name\":\"Divertarte\",\"description\":\"\",\"publisher\":{\"@id\":\"https:\\\/\\\/divertarte.com\\\/#organization\"},\"potentialAction\":[{\"@type\":\"SearchAction\",\"target\":{\"@type\":\"EntryPoint\",\"urlTemplate\":\"https:\\\/\\\/divertarte.com\\\/?s={search_term_string}\"},\"query-input\":{\"@type\":\"PropertyValueSpecification\",\"valueRequired\":true,\"valueName\":\"search_term_string\"}}],\"inLanguage\":\"pt-PT\"},{\"@type\":\"Organization\",\"@id\":\"https:\\\/\\\/divertarte.com\\\/#organization\",\"name\":\"Divertarte\",\"url\":\"https:\\\/\\\/divertarte.com\\\/\",\"logo\":{\"@type\":\"ImageObject\",\"inLanguage\":\"pt-PT\",\"@id\":\"https:\\\/\\\/divertarte.com\\\/#\\\/schema\\\/logo\\\/image\\\/\",\"url\":\"https:\\\/\\\/divertarte.com\\\/wp-content\\\/uploads\\\/2018\\\/07\\\/logo-div.jpg\",\"contentUrl\":\"https:\\\/\\\/divertarte.com\\\/wp-content\\\/uploads\\\/2018\\\/07\\\/logo-div.jpg\",\"width\":295,\"height\":123,\"caption\":\"Divertarte\"},\"image\":{\"@id\":\"https:\\\/\\\/divertarte.com\\\/#\\\/schema\\\/logo\\\/image\\\/\"}}]}<\/script>\n<!-- \/ Yoast SEO plugin. -->","yoast_head_json":{"title":"Bola de Esferovite 8cm - Pac 5 -","description":"Bola Esferovite 8cm - Pac 5 - 8cm di\u00e2metro, Pacote de 5 bolas.Utiliza-se com ou sem pintura e colagens, trabalhos manuais, decora\u00e7\u00e3o, enfeites de Natal, Festas infantis, Festas tem\u00e1ticas. Bolas de Isopor","robots":{"index":"index","follow":"follow","max-snippet":"max-snippet:-1","max-image-preview":"max-image-preview:large","max-video-preview":"max-video-preview:-1"},"canonical":"https:\/\/divertarte.com\/index.php\/produto\/bola-08-pac-5\/","og_locale":"pt_PT","og_type":"article","og_title":"Bola de Esferovite 8cm - Pac 5 -","og_description":"Bola Esferovite 8cm - Pac 5 - 8cm di\u00e2metro, Pacote de 5 bolas.Utiliza-se com ou sem pintura e colagens, trabalhos manuais, decora\u00e7\u00e3o, enfeites de Natal, Festas infantis, Festas tem\u00e1ticas. Bolas de Isopor","og_url":"https:\/\/divertarte.com\/index.php\/produto\/bola-08-pac-5\/","article_modified_time":"2025-11-06T13:47:58+00:00","og_image":[{"width":303,"height":301,"url":"https:\/\/divertarte.com\/wp-content\/uploads\/2018\/06\/bola-esferovite-8.jpg","type":"image\/jpeg"}],"twitter_card":"summary_large_image","schema":{"@context":"https:\/\/schema.org","@graph":[{"@type":"WebPage","@id":"https:\/\/divertarte.com\/index.php\/produto\/bola-08-pac-5\/","url":"https:\/\/divertarte.com\/index.php\/produto\/bola-08-pac-5\/","name":"Bola de Esferovite 8cm - Pac 5 -","isPartOf":{"@id":"https:\/\/divertarte.com\/#website"},"primaryImageOfPage":{"@id":"https:\/\/divertarte.com\/index.php\/produto\/bola-08-pac-5\/#primaryimage"},"image":{"@id":"https:\/\/divertarte.com\/index.php\/produto\/bola-08-pac-5\/#primaryimage"},"thumbnailUrl":"https:\/\/divertarte.com\/wp-content\/uploads\/2018\/06\/bola-esferovite-8.jpg","datePublished":"2018-06-07T13:13:03+00:00","dateModified":"2025-11-06T13:47:58+00:00","description":"Bola Esferovite 8cm - Pac 5 - 8cm di\u00e2metro, Pacote de 5 bolas.Utiliza-se com ou sem pintura e colagens, trabalhos manuais, decora\u00e7\u00e3o, enfeites de Natal, Festas infantis, Festas tem\u00e1ticas. Bolas de Isopor","breadcrumb":{"@id":"https:\/\/divertarte.com\/index.php\/produto\/bola-08-pac-5\/#breadcrumb"},"inLanguage":"pt-PT","potentialAction":[{"@type":"ReadAction","target":["https:\/\/divertarte.com\/index.php\/produto\/bola-08-pac-5\/"]}]},{"@type":"ImageObject","inLanguage":"pt-PT","@id":"https:\/\/divertarte.com\/index.php\/produto\/bola-08-pac-5\/#primaryimage","url":"https:\/\/divertarte.com\/wp-content\/uploads\/2018\/06\/bola-esferovite-8.jpg","contentUrl":"https:\/\/divertarte.com\/wp-content\/uploads\/2018\/06\/bola-esferovite-8.jpg","width":303,"height":301},{"@type":"BreadcrumbList","@id":"https:\/\/divertarte.com\/index.php\/produto\/bola-08-pac-5\/#breadcrumb","itemListElement":[{"@type":"ListItem","position":1,"name":"In\u00edcio","item":"https:\/\/divertarte.com\/"},{"@type":"ListItem","position":2,"name":"Loja","item":"https:\/\/divertarte.com\/index.php\/divertarte-produtos\/"},{"@type":"ListItem","position":3,"name":"Bola de Esferovite 8cm &#8211; Pac 5"}]},{"@type":"WebSite","@id":"https:\/\/divertarte.com\/#website","url":"https:\/\/divertarte.com\/","name":"Divertarte","description":"","publisher":{"@id":"https:\/\/divertarte.com\/#organization"},"potentialAction":[{"@type":"SearchAction","target":{"@type":"EntryPoint","urlTemplate":"https:\/\/divertarte.com\/?s={search_term_string}"},"query-input":{"@type":"PropertyValueSpecification","valueRequired":true,"valueName":"search_term_string"}}],"inLanguage":"pt-PT"},{"@type":"Organization","@id":"https:\/\/divertarte.com\/#organization","name":"Divertarte","url":"https:\/\/divertarte.com\/","logo":{"@type":"ImageObject","inLanguage":"pt-PT","@id":"https:\/\/divertarte.com\/#\/schema\/logo\/image\/","url":"https:\/\/divertarte.com\/wp-content\/uploads\/2018\/07\/logo-div.jpg","contentUrl":"https:\/\/divertarte.com\/wp-content\/uploads\/2018\/07\/logo-div.jpg","width":295,"height":123,"caption":"Divertarte"},"image":{"@id":"https:\/\/divertarte.com\/#\/schema\/logo\/image\/"}}]}},"_links":{"self":[{"href":"https:\/\/divertarte.com\/index.php\/wp-json\/wp\/v2\/product\/1579","targetHints":{"allow":["GET"]}}],"collection":[{"href":"https:\/\/divertarte.com\/index.php\/wp-json\/wp\/v2\/product"}],"about":[{"href":"https:\/\/divertarte.com\/index.php\/wp-json\/wp\/v2\/types\/product"}],"replies":[{"embeddable":true,"href":"https:\/\/divertarte.com\/index.php\/wp-json\/wp\/v2\/comments?post=1579"}],"wp:featuredmedia":[{"embeddable":true,"href":"https:\/\/divertarte.com\/index.php\/wp-json\/wp\/v2\/media\/16002"}],"wp:attachment":[{"href":"https:\/\/divertarte.com\/index.php\/wp-json\/wp\/v2\/media?parent=1579"}],"wp:term":[{"taxonomy":"product_brand","embeddable":true,"href":"https:\/\/divertarte.com\/index.php\/wp-json\/wp\/v2\/product_brand?post=1579"},{"taxonomy":"product_cat","embeddable":true,"href":"https:\/\/divertarte.com\/index.php\/wp-json\/wp\/v2\/product_cat?post=1579"},{"taxonomy":"product_tag","embeddable":true,"href":"https:\/\/divertarte.com\/index.php\/wp-json\/wp\/v2\/product_tag?post=1579"}],"curies":[{"name":"wp","href":"https:\/\/api.w.org\/{rel}","templated":true}]}}