{"id":1570,"date":"2018-06-07T14:05:43","date_gmt":"2018-06-07T13:05:43","guid":{"rendered":"https:\/\/divertarte.com\/index.php\/produto\/menino-pvc34\/"},"modified":"2025-11-06T13:59:57","modified_gmt":"2025-11-06T13:59:57","slug":"menino-pvc34","status":"publish","type":"product","link":"https:\/\/divertarte.com\/index.php\/produto\/menino-pvc34\/","title":{"rendered":"MENINO pvc34"},"content":{"rendered":"<p>Medida da pe\u00e7a <\/p>\n<p>9,8&#215;4,3&#215;1,5 cm<\/p>\n<p>ACONSELHADO PARA : Moldes para biscuits, sabonetes, resinas, vela em parafina ou gel, massas de modelar, ceras depilat\u00f3rias etc. N\u00e3o aconselhado em produtos aliment\u00edcios. As medidas das pe\u00e7as feitas nos moldes s\u00e3o em cent\u00edmetros e considera-se: largura x comprimento x espessura.<\/p>\n","protected":false},"excerpt":{"rendered":"<p>Medida da pe\u00e7a <\/p>\n<p>9,8&#215;4,3&#215;1,5 cm<\/p>\n<p>ACONSELHADO PARA : Moldes para biscuits, sabonetes, resinas, vela em parafina ou gel, massas de modelar, ceras depilat\u00f3rias etc. N\u00e3o aconselhado em produtos aliment\u00edcios. As medidas das pe\u00e7as feitas nos moldes s\u00e3o em cent\u00edmetros e considera-se: largura x comprimento x espessura.<\/p>\n","protected":false},"featured_media":5397,"comment_status":"closed","ping_status":"open","template":"","meta":{"_exactmetrics_skip_tracking":false,"_exactmetrics_sitenote_active":false,"_exactmetrics_sitenote_note":"","_exactmetrics_sitenote_category":0},"product_brand":[],"product_cat":[15],"product_tag":[],"class_list":{"0":"post-1570","1":"product","2":"type-product","3":"status-publish","4":"has-post-thumbnail","6":"product_cat-ver-todos-os-produtos","8":"first","9":"instock","10":"taxable","11":"shipping-taxable","12":"purchasable","13":"product-type-simple"},"yoast_head":"<!-- This site is optimized with the Yoast SEO plugin v27.4 - https:\/\/yoast.com\/product\/yoast-seo-wordpress\/ -->\n<title>MENINO pvc34 -<\/title>\n<meta name=\"robots\" content=\"index, follow, max-snippet:-1, max-image-preview:large, max-video-preview:-1\" \/>\n<link rel=\"canonical\" href=\"https:\/\/divertarte.com\/index.php\/produto\/menino-pvc34\/\" \/>\n<meta property=\"og:locale\" content=\"pt_PT\" \/>\n<meta property=\"og:type\" content=\"article\" \/>\n<meta property=\"og:title\" content=\"MENINO pvc34 -\" \/>\n<meta property=\"og:description\" content=\"Medida da pe\u00e7a  9,8x4,3x1,5 cm ACONSELHADO PARA : Moldes para biscuits, sabonetes, resinas, vela em parafina ou gel, massas de modelar, ceras depilat\u00f3rias etc. N\u00e3o aconselhado em produtos aliment\u00edcios. As medidas das pe\u00e7as feitas nos moldes s\u00e3o em cent\u00edmetros e considera-se: largura x comprimento x espessura.\" \/>\n<meta property=\"og:url\" content=\"https:\/\/divertarte.com\/index.php\/produto\/menino-pvc34\/\" \/>\n<meta property=\"article:modified_time\" content=\"2025-11-06T13:59:57+00:00\" \/>\n<meta property=\"og:image\" content=\"https:\/\/divertarte.com\/wp-content\/uploads\/2018\/05\/Menino_980_430_150.jpg\" \/>\n\t<meta property=\"og:image:width\" content=\"468\" \/>\n\t<meta property=\"og:image:height\" content=\"558\" \/>\n\t<meta property=\"og:image:type\" content=\"image\/jpeg\" \/>\n<meta name=\"twitter:card\" content=\"summary_large_image\" \/>\n<script type=\"application\/ld+json\" class=\"yoast-schema-graph\">{\"@context\":\"https:\\\/\\\/schema.org\",\"@graph\":[{\"@type\":\"WebPage\",\"@id\":\"https:\\\/\\\/divertarte.com\\\/index.php\\\/produto\\\/menino-pvc34\\\/\",\"url\":\"https:\\\/\\\/divertarte.com\\\/index.php\\\/produto\\\/menino-pvc34\\\/\",\"name\":\"MENINO pvc34 -\",\"isPartOf\":{\"@id\":\"https:\\\/\\\/divertarte.com\\\/#website\"},\"primaryImageOfPage\":{\"@id\":\"https:\\\/\\\/divertarte.com\\\/index.php\\\/produto\\\/menino-pvc34\\\/#primaryimage\"},\"image\":{\"@id\":\"https:\\\/\\\/divertarte.com\\\/index.php\\\/produto\\\/menino-pvc34\\\/#primaryimage\"},\"thumbnailUrl\":\"https:\\\/\\\/divertarte.com\\\/wp-content\\\/uploads\\\/2018\\\/05\\\/Menino_980_430_150.jpg\",\"datePublished\":\"2018-06-07T13:05:43+00:00\",\"dateModified\":\"2025-11-06T13:59:57+00:00\",\"breadcrumb\":{\"@id\":\"https:\\\/\\\/divertarte.com\\\/index.php\\\/produto\\\/menino-pvc34\\\/#breadcrumb\"},\"inLanguage\":\"pt-PT\",\"potentialAction\":[{\"@type\":\"ReadAction\",\"target\":[\"https:\\\/\\\/divertarte.com\\\/index.php\\\/produto\\\/menino-pvc34\\\/\"]}]},{\"@type\":\"ImageObject\",\"inLanguage\":\"pt-PT\",\"@id\":\"https:\\\/\\\/divertarte.com\\\/index.php\\\/produto\\\/menino-pvc34\\\/#primaryimage\",\"url\":\"https:\\\/\\\/divertarte.com\\\/wp-content\\\/uploads\\\/2018\\\/05\\\/Menino_980_430_150.jpg\",\"contentUrl\":\"https:\\\/\\\/divertarte.com\\\/wp-content\\\/uploads\\\/2018\\\/05\\\/Menino_980_430_150.jpg\",\"width\":468,\"height\":558},{\"@type\":\"BreadcrumbList\",\"@id\":\"https:\\\/\\\/divertarte.com\\\/index.php\\\/produto\\\/menino-pvc34\\\/#breadcrumb\",\"itemListElement\":[{\"@type\":\"ListItem\",\"position\":1,\"name\":\"In\u00edcio\",\"item\":\"https:\\\/\\\/divertarte.com\\\/\"},{\"@type\":\"ListItem\",\"position\":2,\"name\":\"Loja\",\"item\":\"https:\\\/\\\/divertarte.com\\\/index.php\\\/divertarte-produtos\\\/\"},{\"@type\":\"ListItem\",\"position\":3,\"name\":\"MENINO pvc34\"}]},{\"@type\":\"WebSite\",\"@id\":\"https:\\\/\\\/divertarte.com\\\/#website\",\"url\":\"https:\\\/\\\/divertarte.com\\\/\",\"name\":\"Divertarte\",\"description\":\"\",\"publisher\":{\"@id\":\"https:\\\/\\\/divertarte.com\\\/#organization\"},\"potentialAction\":[{\"@type\":\"SearchAction\",\"target\":{\"@type\":\"EntryPoint\",\"urlTemplate\":\"https:\\\/\\\/divertarte.com\\\/?s={search_term_string}\"},\"query-input\":{\"@type\":\"PropertyValueSpecification\",\"valueRequired\":true,\"valueName\":\"search_term_string\"}}],\"inLanguage\":\"pt-PT\"},{\"@type\":\"Organization\",\"@id\":\"https:\\\/\\\/divertarte.com\\\/#organization\",\"name\":\"Divertarte\",\"url\":\"https:\\\/\\\/divertarte.com\\\/\",\"logo\":{\"@type\":\"ImageObject\",\"inLanguage\":\"pt-PT\",\"@id\":\"https:\\\/\\\/divertarte.com\\\/#\\\/schema\\\/logo\\\/image\\\/\",\"url\":\"https:\\\/\\\/divertarte.com\\\/wp-content\\\/uploads\\\/2018\\\/07\\\/logo-div.jpg\",\"contentUrl\":\"https:\\\/\\\/divertarte.com\\\/wp-content\\\/uploads\\\/2018\\\/07\\\/logo-div.jpg\",\"width\":295,\"height\":123,\"caption\":\"Divertarte\"},\"image\":{\"@id\":\"https:\\\/\\\/divertarte.com\\\/#\\\/schema\\\/logo\\\/image\\\/\"}}]}<\/script>\n<!-- \/ Yoast SEO plugin. -->","yoast_head_json":{"title":"MENINO pvc34 -","robots":{"index":"index","follow":"follow","max-snippet":"max-snippet:-1","max-image-preview":"max-image-preview:large","max-video-preview":"max-video-preview:-1"},"canonical":"https:\/\/divertarte.com\/index.php\/produto\/menino-pvc34\/","og_locale":"pt_PT","og_type":"article","og_title":"MENINO pvc34 -","og_description":"Medida da pe\u00e7a  9,8x4,3x1,5 cm ACONSELHADO PARA : Moldes para biscuits, sabonetes, resinas, vela em parafina ou gel, massas de modelar, ceras depilat\u00f3rias etc. N\u00e3o aconselhado em produtos aliment\u00edcios. As medidas das pe\u00e7as feitas nos moldes s\u00e3o em cent\u00edmetros e considera-se: largura x comprimento x espessura.","og_url":"https:\/\/divertarte.com\/index.php\/produto\/menino-pvc34\/","article_modified_time":"2025-11-06T13:59:57+00:00","og_image":[{"width":468,"height":558,"url":"https:\/\/divertarte.com\/wp-content\/uploads\/2018\/05\/Menino_980_430_150.jpg","type":"image\/jpeg"}],"twitter_card":"summary_large_image","schema":{"@context":"https:\/\/schema.org","@graph":[{"@type":"WebPage","@id":"https:\/\/divertarte.com\/index.php\/produto\/menino-pvc34\/","url":"https:\/\/divertarte.com\/index.php\/produto\/menino-pvc34\/","name":"MENINO pvc34 -","isPartOf":{"@id":"https:\/\/divertarte.com\/#website"},"primaryImageOfPage":{"@id":"https:\/\/divertarte.com\/index.php\/produto\/menino-pvc34\/#primaryimage"},"image":{"@id":"https:\/\/divertarte.com\/index.php\/produto\/menino-pvc34\/#primaryimage"},"thumbnailUrl":"https:\/\/divertarte.com\/wp-content\/uploads\/2018\/05\/Menino_980_430_150.jpg","datePublished":"2018-06-07T13:05:43+00:00","dateModified":"2025-11-06T13:59:57+00:00","breadcrumb":{"@id":"https:\/\/divertarte.com\/index.php\/produto\/menino-pvc34\/#breadcrumb"},"inLanguage":"pt-PT","potentialAction":[{"@type":"ReadAction","target":["https:\/\/divertarte.com\/index.php\/produto\/menino-pvc34\/"]}]},{"@type":"ImageObject","inLanguage":"pt-PT","@id":"https:\/\/divertarte.com\/index.php\/produto\/menino-pvc34\/#primaryimage","url":"https:\/\/divertarte.com\/wp-content\/uploads\/2018\/05\/Menino_980_430_150.jpg","contentUrl":"https:\/\/divertarte.com\/wp-content\/uploads\/2018\/05\/Menino_980_430_150.jpg","width":468,"height":558},{"@type":"BreadcrumbList","@id":"https:\/\/divertarte.com\/index.php\/produto\/menino-pvc34\/#breadcrumb","itemListElement":[{"@type":"ListItem","position":1,"name":"In\u00edcio","item":"https:\/\/divertarte.com\/"},{"@type":"ListItem","position":2,"name":"Loja","item":"https:\/\/divertarte.com\/index.php\/divertarte-produtos\/"},{"@type":"ListItem","position":3,"name":"MENINO pvc34"}]},{"@type":"WebSite","@id":"https:\/\/divertarte.com\/#website","url":"https:\/\/divertarte.com\/","name":"Divertarte","description":"","publisher":{"@id":"https:\/\/divertarte.com\/#organization"},"potentialAction":[{"@type":"SearchAction","target":{"@type":"EntryPoint","urlTemplate":"https:\/\/divertarte.com\/?s={search_term_string}"},"query-input":{"@type":"PropertyValueSpecification","valueRequired":true,"valueName":"search_term_string"}}],"inLanguage":"pt-PT"},{"@type":"Organization","@id":"https:\/\/divertarte.com\/#organization","name":"Divertarte","url":"https:\/\/divertarte.com\/","logo":{"@type":"ImageObject","inLanguage":"pt-PT","@id":"https:\/\/divertarte.com\/#\/schema\/logo\/image\/","url":"https:\/\/divertarte.com\/wp-content\/uploads\/2018\/07\/logo-div.jpg","contentUrl":"https:\/\/divertarte.com\/wp-content\/uploads\/2018\/07\/logo-div.jpg","width":295,"height":123,"caption":"Divertarte"},"image":{"@id":"https:\/\/divertarte.com\/#\/schema\/logo\/image\/"}}]}},"_links":{"self":[{"href":"https:\/\/divertarte.com\/index.php\/wp-json\/wp\/v2\/product\/1570","targetHints":{"allow":["GET"]}}],"collection":[{"href":"https:\/\/divertarte.com\/index.php\/wp-json\/wp\/v2\/product"}],"about":[{"href":"https:\/\/divertarte.com\/index.php\/wp-json\/wp\/v2\/types\/product"}],"replies":[{"embeddable":true,"href":"https:\/\/divertarte.com\/index.php\/wp-json\/wp\/v2\/comments?post=1570"}],"wp:featuredmedia":[{"embeddable":true,"href":"https:\/\/divertarte.com\/index.php\/wp-json\/wp\/v2\/media\/5397"}],"wp:attachment":[{"href":"https:\/\/divertarte.com\/index.php\/wp-json\/wp\/v2\/media?parent=1570"}],"wp:term":[{"taxonomy":"product_brand","embeddable":true,"href":"https:\/\/divertarte.com\/index.php\/wp-json\/wp\/v2\/product_brand?post=1570"},{"taxonomy":"product_cat","embeddable":true,"href":"https:\/\/divertarte.com\/index.php\/wp-json\/wp\/v2\/product_cat?post=1570"},{"taxonomy":"product_tag","embeddable":true,"href":"https:\/\/divertarte.com\/index.php\/wp-json\/wp\/v2\/product_tag?post=1570"}],"curies":[{"name":"wp","href":"https:\/\/api.w.org\/{rel}","templated":true}]}}