{"id":1558,"date":"2018-06-07T14:03:02","date_gmt":"2018-06-07T13:03:02","guid":{"rendered":"https:\/\/divertarte.com\/index.php\/produto\/coracao-smocking\/"},"modified":"2025-11-06T14:05:52","modified_gmt":"2025-11-06T14:05:52","slug":"coracao-smocking","status":"publish","type":"product","link":"https:\/\/divertarte.com\/index.php\/produto\/coracao-smocking\/","title":{"rendered":"Cora\u00e7\u00e3o Smocking molde de silicone"},"content":{"rendered":"<p>Cora\u00e7\u00e3o Smocking molde de silicone &#8211; moldes cora\u00e7\u00e3o, moldes namorados, moldes dia do pai<\/p>\n<p>9&#215;8,3&#215;3,3 cm<\/p>\n<p>ACONSELHADO PARA : sabonetes, resinas, vela em parafina ou gel, massas de modelar, gessos, prendinhas de casamento, prendinhas dia do pai, etc. N\u00e3o aconselhado em produtos aliment\u00edcios. As medidas das pe\u00e7as feitas nos moldes s\u00e3o em cent\u00edmetros e considera-se: largura x comprimento x espessura.<\/p>\n","protected":false},"excerpt":{"rendered":"<p>Cora\u00e7\u00e3o Smocking molde de silicone<\/p>\n<p>9&#215;8,3&#215;3,3 cm<\/p>\n<p>ACONSELHADO PARA : sabonetes, resinas, vela em parafina ou gel, massas de modelar, gessos, prendinhas de casamento, prendinhas dia do pai, etc. N\u00e3o aconselhado em produtos aliment\u00edcios. As medidas das pe\u00e7as feitas nos moldes s\u00e3o em cent\u00edmetros e considera-se: largura x comprimento x espessura.<\/p>\n","protected":false},"featured_media":5385,"comment_status":"closed","ping_status":"closed","template":"","meta":{"_exactmetrics_skip_tracking":false,"_exactmetrics_sitenote_active":false,"_exactmetrics_sitenote_note":"","_exactmetrics_sitenote_category":0},"product_brand":[],"product_cat":[1130,286,93,54,332,1133,88,87,157],"product_tag":[],"class_list":{"0":"post-1558","1":"product","2":"type-product","3":"status-publish","4":"has-post-thumbnail","6":"product_cat-dia-do-pai","7":"product_cat-dia-dos-namorados-s-valentim","8":"product_cat-moldes-coracao","9":"product_cat-moldes-de-silicone-em-portugal","10":"product_cat-moldes-dia-do-pai","11":"product_cat-moldes-dia-do-pai-dia-do-pai","12":"product_cat-moldes-s-valentim","13":"product_cat-moldes-diversos","14":"product_cat-moldes-para-sabonetes","16":"first","17":"instock","18":"taxable","19":"shipping-taxable","20":"purchasable","21":"product-type-simple"},"yoast_head":"<!-- This site is optimized with the Yoast SEO plugin v27.5 - https:\/\/yoast.com\/product\/yoast-seo-wordpress\/ -->\n<title>Cora\u00e7\u00e3o Smocking molde de silicone -<\/title>\n<meta name=\"description\" content=\"Medida 9x8,3x3,3 cm. sabonetes, resinas, vela em parafina ou gel, massas de modelar, gessos, prendinhas de casamento, prendinhas dia do pai\" \/>\n<meta name=\"robots\" content=\"index, follow, max-snippet:-1, max-image-preview:large, max-video-preview:-1\" \/>\n<link rel=\"canonical\" href=\"https:\/\/divertarte.com\/index.php\/produto\/coracao-smocking\/\" \/>\n<meta property=\"og:locale\" content=\"pt_PT\" \/>\n<meta property=\"og:type\" content=\"article\" \/>\n<meta property=\"og:title\" content=\"Cora\u00e7\u00e3o Smocking molde de silicone -\" \/>\n<meta property=\"og:description\" content=\"Medida 9x8,3x3,3 cm. sabonetes, resinas, vela em parafina ou gel, massas de modelar, gessos, prendinhas de casamento, prendinhas dia do pai\" \/>\n<meta property=\"og:url\" content=\"https:\/\/divertarte.com\/index.php\/produto\/coracao-smocking\/\" \/>\n<meta property=\"article:modified_time\" content=\"2025-11-06T14:05:52+00:00\" \/>\n<meta property=\"og:image\" content=\"https:\/\/divertarte.com\/wp-content\/uploads\/2018\/05\/cor_smoking.jpg\" \/>\n\t<meta property=\"og:image:width\" content=\"558\" \/>\n\t<meta property=\"og:image:height\" content=\"558\" \/>\n\t<meta property=\"og:image:type\" content=\"image\/jpeg\" \/>\n<meta name=\"twitter:card\" content=\"summary_large_image\" \/>\n<script type=\"application\/ld+json\" class=\"yoast-schema-graph\">{\"@context\":\"https:\\\/\\\/schema.org\",\"@graph\":[{\"@type\":\"WebPage\",\"@id\":\"https:\\\/\\\/divertarte.com\\\/index.php\\\/produto\\\/coracao-smocking\\\/\",\"url\":\"https:\\\/\\\/divertarte.com\\\/index.php\\\/produto\\\/coracao-smocking\\\/\",\"name\":\"Cora\u00e7\u00e3o Smocking molde de silicone -\",\"isPartOf\":{\"@id\":\"https:\\\/\\\/divertarte.com\\\/#website\"},\"primaryImageOfPage\":{\"@id\":\"https:\\\/\\\/divertarte.com\\\/index.php\\\/produto\\\/coracao-smocking\\\/#primaryimage\"},\"image\":{\"@id\":\"https:\\\/\\\/divertarte.com\\\/index.php\\\/produto\\\/coracao-smocking\\\/#primaryimage\"},\"thumbnailUrl\":\"https:\\\/\\\/divertarte.com\\\/wp-content\\\/uploads\\\/2018\\\/05\\\/cor_smoking.jpg\",\"datePublished\":\"2018-06-07T13:03:02+00:00\",\"dateModified\":\"2025-11-06T14:05:52+00:00\",\"description\":\"Medida 9x8,3x3,3 cm. sabonetes, resinas, vela em parafina ou gel, massas de modelar, gessos, prendinhas de casamento, prendinhas dia do pai\",\"breadcrumb\":{\"@id\":\"https:\\\/\\\/divertarte.com\\\/index.php\\\/produto\\\/coracao-smocking\\\/#breadcrumb\"},\"inLanguage\":\"pt-PT\",\"potentialAction\":[{\"@type\":\"ReadAction\",\"target\":[\"https:\\\/\\\/divertarte.com\\\/index.php\\\/produto\\\/coracao-smocking\\\/\"]}]},{\"@type\":\"ImageObject\",\"inLanguage\":\"pt-PT\",\"@id\":\"https:\\\/\\\/divertarte.com\\\/index.php\\\/produto\\\/coracao-smocking\\\/#primaryimage\",\"url\":\"https:\\\/\\\/divertarte.com\\\/wp-content\\\/uploads\\\/2018\\\/05\\\/cor_smoking.jpg\",\"contentUrl\":\"https:\\\/\\\/divertarte.com\\\/wp-content\\\/uploads\\\/2018\\\/05\\\/cor_smoking.jpg\",\"width\":558,\"height\":558},{\"@type\":\"BreadcrumbList\",\"@id\":\"https:\\\/\\\/divertarte.com\\\/index.php\\\/produto\\\/coracao-smocking\\\/#breadcrumb\",\"itemListElement\":[{\"@type\":\"ListItem\",\"position\":1,\"name\":\"In\u00edcio\",\"item\":\"https:\\\/\\\/divertarte.com\\\/\"},{\"@type\":\"ListItem\",\"position\":2,\"name\":\"Loja\",\"item\":\"https:\\\/\\\/divertarte.com\\\/index.php\\\/divertarte-produtos\\\/\"},{\"@type\":\"ListItem\",\"position\":3,\"name\":\"Cora\u00e7\u00e3o Smocking molde de silicone\"}]},{\"@type\":\"WebSite\",\"@id\":\"https:\\\/\\\/divertarte.com\\\/#website\",\"url\":\"https:\\\/\\\/divertarte.com\\\/\",\"name\":\"Divertarte\",\"description\":\"\",\"publisher\":{\"@id\":\"https:\\\/\\\/divertarte.com\\\/#organization\"},\"potentialAction\":[{\"@type\":\"SearchAction\",\"target\":{\"@type\":\"EntryPoint\",\"urlTemplate\":\"https:\\\/\\\/divertarte.com\\\/?s={search_term_string}\"},\"query-input\":{\"@type\":\"PropertyValueSpecification\",\"valueRequired\":true,\"valueName\":\"search_term_string\"}}],\"inLanguage\":\"pt-PT\"},{\"@type\":\"Organization\",\"@id\":\"https:\\\/\\\/divertarte.com\\\/#organization\",\"name\":\"Divertarte\",\"url\":\"https:\\\/\\\/divertarte.com\\\/\",\"logo\":{\"@type\":\"ImageObject\",\"inLanguage\":\"pt-PT\",\"@id\":\"https:\\\/\\\/divertarte.com\\\/#\\\/schema\\\/logo\\\/image\\\/\",\"url\":\"https:\\\/\\\/divertarte.com\\\/wp-content\\\/uploads\\\/2018\\\/07\\\/logo-div.jpg\",\"contentUrl\":\"https:\\\/\\\/divertarte.com\\\/wp-content\\\/uploads\\\/2018\\\/07\\\/logo-div.jpg\",\"width\":295,\"height\":123,\"caption\":\"Divertarte\"},\"image\":{\"@id\":\"https:\\\/\\\/divertarte.com\\\/#\\\/schema\\\/logo\\\/image\\\/\"}}]}<\/script>\n<!-- \/ Yoast SEO plugin. -->","yoast_head_json":{"title":"Cora\u00e7\u00e3o Smocking molde de silicone -","description":"Medida 9x8,3x3,3 cm. sabonetes, resinas, vela em parafina ou gel, massas de modelar, gessos, prendinhas de casamento, prendinhas dia do pai","robots":{"index":"index","follow":"follow","max-snippet":"max-snippet:-1","max-image-preview":"max-image-preview:large","max-video-preview":"max-video-preview:-1"},"canonical":"https:\/\/divertarte.com\/index.php\/produto\/coracao-smocking\/","og_locale":"pt_PT","og_type":"article","og_title":"Cora\u00e7\u00e3o Smocking molde de silicone -","og_description":"Medida 9x8,3x3,3 cm. sabonetes, resinas, vela em parafina ou gel, massas de modelar, gessos, prendinhas de casamento, prendinhas dia do pai","og_url":"https:\/\/divertarte.com\/index.php\/produto\/coracao-smocking\/","article_modified_time":"2025-11-06T14:05:52+00:00","og_image":[{"width":558,"height":558,"url":"https:\/\/divertarte.com\/wp-content\/uploads\/2018\/05\/cor_smoking.jpg","type":"image\/jpeg"}],"twitter_card":"summary_large_image","schema":{"@context":"https:\/\/schema.org","@graph":[{"@type":"WebPage","@id":"https:\/\/divertarte.com\/index.php\/produto\/coracao-smocking\/","url":"https:\/\/divertarte.com\/index.php\/produto\/coracao-smocking\/","name":"Cora\u00e7\u00e3o Smocking molde de silicone -","isPartOf":{"@id":"https:\/\/divertarte.com\/#website"},"primaryImageOfPage":{"@id":"https:\/\/divertarte.com\/index.php\/produto\/coracao-smocking\/#primaryimage"},"image":{"@id":"https:\/\/divertarte.com\/index.php\/produto\/coracao-smocking\/#primaryimage"},"thumbnailUrl":"https:\/\/divertarte.com\/wp-content\/uploads\/2018\/05\/cor_smoking.jpg","datePublished":"2018-06-07T13:03:02+00:00","dateModified":"2025-11-06T14:05:52+00:00","description":"Medida 9x8,3x3,3 cm. sabonetes, resinas, vela em parafina ou gel, massas de modelar, gessos, prendinhas de casamento, prendinhas dia do pai","breadcrumb":{"@id":"https:\/\/divertarte.com\/index.php\/produto\/coracao-smocking\/#breadcrumb"},"inLanguage":"pt-PT","potentialAction":[{"@type":"ReadAction","target":["https:\/\/divertarte.com\/index.php\/produto\/coracao-smocking\/"]}]},{"@type":"ImageObject","inLanguage":"pt-PT","@id":"https:\/\/divertarte.com\/index.php\/produto\/coracao-smocking\/#primaryimage","url":"https:\/\/divertarte.com\/wp-content\/uploads\/2018\/05\/cor_smoking.jpg","contentUrl":"https:\/\/divertarte.com\/wp-content\/uploads\/2018\/05\/cor_smoking.jpg","width":558,"height":558},{"@type":"BreadcrumbList","@id":"https:\/\/divertarte.com\/index.php\/produto\/coracao-smocking\/#breadcrumb","itemListElement":[{"@type":"ListItem","position":1,"name":"In\u00edcio","item":"https:\/\/divertarte.com\/"},{"@type":"ListItem","position":2,"name":"Loja","item":"https:\/\/divertarte.com\/index.php\/divertarte-produtos\/"},{"@type":"ListItem","position":3,"name":"Cora\u00e7\u00e3o Smocking molde de silicone"}]},{"@type":"WebSite","@id":"https:\/\/divertarte.com\/#website","url":"https:\/\/divertarte.com\/","name":"Divertarte","description":"","publisher":{"@id":"https:\/\/divertarte.com\/#organization"},"potentialAction":[{"@type":"SearchAction","target":{"@type":"EntryPoint","urlTemplate":"https:\/\/divertarte.com\/?s={search_term_string}"},"query-input":{"@type":"PropertyValueSpecification","valueRequired":true,"valueName":"search_term_string"}}],"inLanguage":"pt-PT"},{"@type":"Organization","@id":"https:\/\/divertarte.com\/#organization","name":"Divertarte","url":"https:\/\/divertarte.com\/","logo":{"@type":"ImageObject","inLanguage":"pt-PT","@id":"https:\/\/divertarte.com\/#\/schema\/logo\/image\/","url":"https:\/\/divertarte.com\/wp-content\/uploads\/2018\/07\/logo-div.jpg","contentUrl":"https:\/\/divertarte.com\/wp-content\/uploads\/2018\/07\/logo-div.jpg","width":295,"height":123,"caption":"Divertarte"},"image":{"@id":"https:\/\/divertarte.com\/#\/schema\/logo\/image\/"}}]}},"_links":{"self":[{"href":"https:\/\/divertarte.com\/index.php\/wp-json\/wp\/v2\/product\/1558","targetHints":{"allow":["GET"]}}],"collection":[{"href":"https:\/\/divertarte.com\/index.php\/wp-json\/wp\/v2\/product"}],"about":[{"href":"https:\/\/divertarte.com\/index.php\/wp-json\/wp\/v2\/types\/product"}],"replies":[{"embeddable":true,"href":"https:\/\/divertarte.com\/index.php\/wp-json\/wp\/v2\/comments?post=1558"}],"wp:featuredmedia":[{"embeddable":true,"href":"https:\/\/divertarte.com\/index.php\/wp-json\/wp\/v2\/media\/5385"}],"wp:attachment":[{"href":"https:\/\/divertarte.com\/index.php\/wp-json\/wp\/v2\/media?parent=1558"}],"wp:term":[{"taxonomy":"product_brand","embeddable":true,"href":"https:\/\/divertarte.com\/index.php\/wp-json\/wp\/v2\/product_brand?post=1558"},{"taxonomy":"product_cat","embeddable":true,"href":"https:\/\/divertarte.com\/index.php\/wp-json\/wp\/v2\/product_cat?post=1558"},{"taxonomy":"product_tag","embeddable":true,"href":"https:\/\/divertarte.com\/index.php\/wp-json\/wp\/v2\/product_tag?post=1558"}],"curies":[{"name":"wp","href":"https:\/\/api.w.org\/{rel}","templated":true}]}}