{"id":1550,"date":"2018-06-07T14:03:09","date_gmt":"2018-06-07T13:03:09","guid":{"rendered":"https:\/\/divertarte.com\/index.php\/produto\/coracao-amor-molde-silicone\/"},"modified":"2025-11-06T14:05:50","modified_gmt":"2025-11-06T14:05:50","slug":"coracao-amor-molde-silicone","status":"publish","type":"product","link":"https:\/\/divertarte.com\/index.php\/produto\/coracao-amor-molde-silicone\/","title":{"rendered":"Molde Silicone Cora\u00e7\u00e3o Amor"},"content":{"rendered":"<p>Molde Silicone Cora\u00e7\u00e3o Amor &#8211; moldes namorados, moldes sao valentim, moldes cora\u00e7\u00e3o<br \/>\nMedida da pe\u00e7a 6,5&#215;7,5&#215;1,5 cm<\/p>\n<p>ACONSELHADO PARA : sabonetes, biscuit, resinas, vela em parafina ou gel, massas de modelar, gessos etc.<\/p>\n<p>N\u00e3o aconselhado em produtos aliment\u00edcios.<\/p>\n<p>As medidas das pe\u00e7as feitas nos moldes s\u00e3o em cent\u00edmetros e considera-se: largura x comprimento x espessura. &#8211;<br \/>\nFABRICO PR\u00d3PRIO<\/p>\n","protected":false},"excerpt":{"rendered":"<p>Molde Silicone Cora\u00e7\u00e3o Amor &#8211; Medida da pe\u00e7a<br \/>\n6,5&#215;7,5&#215;1,5 cm<\/p>\n<p>ACONSELHADO PARA : sabonetes, biscuit, resinas, vela em parafina ou gel, massas de modelar, gessos etc.<\/p>\n<p>N\u00e3o aconselhado em produtos aliment\u00edcios.<\/p>\n<p>As medidas das pe\u00e7as feitas nos moldes s\u00e3o em cent\u00edmetros e considera-se: largura x comprimento x espessura. &#8211;<br \/>\nFABRICO PR\u00d3PRIO<\/p>\n","protected":false},"featured_media":17184,"comment_status":"closed","ping_status":"closed","template":"","meta":{"_exactmetrics_skip_tracking":false,"_exactmetrics_sitenote_active":false,"_exactmetrics_sitenote_note":"","_exactmetrics_sitenote_category":0},"product_brand":[],"product_cat":[286,93,54,88,15],"product_tag":[800,801],"class_list":{"0":"post-1550","1":"product","2":"type-product","3":"status-publish","4":"has-post-thumbnail","6":"product_cat-dia-dos-namorados-s-valentim","7":"product_cat-moldes-coracao","8":"product_cat-moldes-de-silicone-em-portugal","9":"product_cat-moldes-s-valentim","10":"product_cat-ver-todos-os-produtos","11":"product_tag-moldes-coracao","12":"product_tag-moldes-dia-namorados","14":"first","15":"instock","16":"taxable","17":"shipping-taxable","18":"purchasable","19":"product-type-simple"},"yoast_head":"<!-- This site is optimized with the Yoast SEO plugin v27.4 - https:\/\/yoast.com\/product\/yoast-seo-wordpress\/ -->\n<title>Molde Silicone Cora\u00e7\u00e3o Amor -<\/title>\n<meta name=\"description\" content=\"Cora\u00e7\u00e3o Amor Molde Silicone sabonetes, biscuit, resinas, vela em parafina ou gel, massas de modelar, gessos aromatizadores\" \/>\n<meta name=\"robots\" content=\"index, follow, max-snippet:-1, max-image-preview:large, max-video-preview:-1\" \/>\n<link rel=\"canonical\" href=\"https:\/\/divertarte.com\/index.php\/produto\/coracao-amor-molde-silicone\/\" \/>\n<meta property=\"og:locale\" content=\"pt_PT\" \/>\n<meta property=\"og:type\" content=\"article\" \/>\n<meta property=\"og:title\" content=\"Molde Silicone Cora\u00e7\u00e3o Amor -\" \/>\n<meta property=\"og:description\" content=\"Cora\u00e7\u00e3o Amor Molde Silicone sabonetes, biscuit, resinas, vela em parafina ou gel, massas de modelar, gessos aromatizadores\" \/>\n<meta property=\"og:url\" content=\"https:\/\/divertarte.com\/index.php\/produto\/coracao-amor-molde-silicone\/\" \/>\n<meta property=\"article:modified_time\" content=\"2025-11-06T14:05:50+00:00\" \/>\n<meta property=\"og:image\" content=\"https:\/\/divertarte.com\/wp-content\/uploads\/2018\/06\/molde-silicone-coracao-amor-1.jpg\" \/>\n\t<meta property=\"og:image:width\" content=\"300\" \/>\n\t<meta property=\"og:image:height\" content=\"299\" \/>\n\t<meta property=\"og:image:type\" content=\"image\/jpeg\" \/>\n<meta name=\"twitter:card\" content=\"summary_large_image\" \/>\n<script type=\"application\/ld+json\" class=\"yoast-schema-graph\">{\"@context\":\"https:\\\/\\\/schema.org\",\"@graph\":[{\"@type\":\"WebPage\",\"@id\":\"https:\\\/\\\/divertarte.com\\\/index.php\\\/produto\\\/coracao-amor-molde-silicone\\\/\",\"url\":\"https:\\\/\\\/divertarte.com\\\/index.php\\\/produto\\\/coracao-amor-molde-silicone\\\/\",\"name\":\"Molde Silicone Cora\u00e7\u00e3o Amor -\",\"isPartOf\":{\"@id\":\"https:\\\/\\\/divertarte.com\\\/#website\"},\"primaryImageOfPage\":{\"@id\":\"https:\\\/\\\/divertarte.com\\\/index.php\\\/produto\\\/coracao-amor-molde-silicone\\\/#primaryimage\"},\"image\":{\"@id\":\"https:\\\/\\\/divertarte.com\\\/index.php\\\/produto\\\/coracao-amor-molde-silicone\\\/#primaryimage\"},\"thumbnailUrl\":\"https:\\\/\\\/divertarte.com\\\/wp-content\\\/uploads\\\/2018\\\/06\\\/molde-silicone-coracao-amor-1.jpg\",\"datePublished\":\"2018-06-07T13:03:09+00:00\",\"dateModified\":\"2025-11-06T14:05:50+00:00\",\"description\":\"Cora\u00e7\u00e3o Amor Molde Silicone sabonetes, biscuit, resinas, vela em parafina ou gel, massas de modelar, gessos aromatizadores\",\"breadcrumb\":{\"@id\":\"https:\\\/\\\/divertarte.com\\\/index.php\\\/produto\\\/coracao-amor-molde-silicone\\\/#breadcrumb\"},\"inLanguage\":\"pt-PT\",\"potentialAction\":[{\"@type\":\"ReadAction\",\"target\":[\"https:\\\/\\\/divertarte.com\\\/index.php\\\/produto\\\/coracao-amor-molde-silicone\\\/\"]}]},{\"@type\":\"ImageObject\",\"inLanguage\":\"pt-PT\",\"@id\":\"https:\\\/\\\/divertarte.com\\\/index.php\\\/produto\\\/coracao-amor-molde-silicone\\\/#primaryimage\",\"url\":\"https:\\\/\\\/divertarte.com\\\/wp-content\\\/uploads\\\/2018\\\/06\\\/molde-silicone-coracao-amor-1.jpg\",\"contentUrl\":\"https:\\\/\\\/divertarte.com\\\/wp-content\\\/uploads\\\/2018\\\/06\\\/molde-silicone-coracao-amor-1.jpg\",\"width\":300,\"height\":299},{\"@type\":\"BreadcrumbList\",\"@id\":\"https:\\\/\\\/divertarte.com\\\/index.php\\\/produto\\\/coracao-amor-molde-silicone\\\/#breadcrumb\",\"itemListElement\":[{\"@type\":\"ListItem\",\"position\":1,\"name\":\"In\u00edcio\",\"item\":\"https:\\\/\\\/divertarte.com\\\/\"},{\"@type\":\"ListItem\",\"position\":2,\"name\":\"Loja\",\"item\":\"https:\\\/\\\/divertarte.com\\\/index.php\\\/divertarte-produtos\\\/\"},{\"@type\":\"ListItem\",\"position\":3,\"name\":\"Molde Silicone Cora\u00e7\u00e3o Amor\"}]},{\"@type\":\"WebSite\",\"@id\":\"https:\\\/\\\/divertarte.com\\\/#website\",\"url\":\"https:\\\/\\\/divertarte.com\\\/\",\"name\":\"Divertarte\",\"description\":\"\",\"publisher\":{\"@id\":\"https:\\\/\\\/divertarte.com\\\/#organization\"},\"potentialAction\":[{\"@type\":\"SearchAction\",\"target\":{\"@type\":\"EntryPoint\",\"urlTemplate\":\"https:\\\/\\\/divertarte.com\\\/?s={search_term_string}\"},\"query-input\":{\"@type\":\"PropertyValueSpecification\",\"valueRequired\":true,\"valueName\":\"search_term_string\"}}],\"inLanguage\":\"pt-PT\"},{\"@type\":\"Organization\",\"@id\":\"https:\\\/\\\/divertarte.com\\\/#organization\",\"name\":\"Divertarte\",\"url\":\"https:\\\/\\\/divertarte.com\\\/\",\"logo\":{\"@type\":\"ImageObject\",\"inLanguage\":\"pt-PT\",\"@id\":\"https:\\\/\\\/divertarte.com\\\/#\\\/schema\\\/logo\\\/image\\\/\",\"url\":\"https:\\\/\\\/divertarte.com\\\/wp-content\\\/uploads\\\/2018\\\/07\\\/logo-div.jpg\",\"contentUrl\":\"https:\\\/\\\/divertarte.com\\\/wp-content\\\/uploads\\\/2018\\\/07\\\/logo-div.jpg\",\"width\":295,\"height\":123,\"caption\":\"Divertarte\"},\"image\":{\"@id\":\"https:\\\/\\\/divertarte.com\\\/#\\\/schema\\\/logo\\\/image\\\/\"}}]}<\/script>\n<!-- \/ Yoast SEO plugin. -->","yoast_head_json":{"title":"Molde Silicone Cora\u00e7\u00e3o Amor -","description":"Cora\u00e7\u00e3o Amor Molde Silicone sabonetes, biscuit, resinas, vela em parafina ou gel, massas de modelar, gessos aromatizadores","robots":{"index":"index","follow":"follow","max-snippet":"max-snippet:-1","max-image-preview":"max-image-preview:large","max-video-preview":"max-video-preview:-1"},"canonical":"https:\/\/divertarte.com\/index.php\/produto\/coracao-amor-molde-silicone\/","og_locale":"pt_PT","og_type":"article","og_title":"Molde Silicone Cora\u00e7\u00e3o Amor -","og_description":"Cora\u00e7\u00e3o Amor Molde Silicone sabonetes, biscuit, resinas, vela em parafina ou gel, massas de modelar, gessos aromatizadores","og_url":"https:\/\/divertarte.com\/index.php\/produto\/coracao-amor-molde-silicone\/","article_modified_time":"2025-11-06T14:05:50+00:00","og_image":[{"width":300,"height":299,"url":"https:\/\/divertarte.com\/wp-content\/uploads\/2018\/06\/molde-silicone-coracao-amor-1.jpg","type":"image\/jpeg"}],"twitter_card":"summary_large_image","schema":{"@context":"https:\/\/schema.org","@graph":[{"@type":"WebPage","@id":"https:\/\/divertarte.com\/index.php\/produto\/coracao-amor-molde-silicone\/","url":"https:\/\/divertarte.com\/index.php\/produto\/coracao-amor-molde-silicone\/","name":"Molde Silicone Cora\u00e7\u00e3o Amor -","isPartOf":{"@id":"https:\/\/divertarte.com\/#website"},"primaryImageOfPage":{"@id":"https:\/\/divertarte.com\/index.php\/produto\/coracao-amor-molde-silicone\/#primaryimage"},"image":{"@id":"https:\/\/divertarte.com\/index.php\/produto\/coracao-amor-molde-silicone\/#primaryimage"},"thumbnailUrl":"https:\/\/divertarte.com\/wp-content\/uploads\/2018\/06\/molde-silicone-coracao-amor-1.jpg","datePublished":"2018-06-07T13:03:09+00:00","dateModified":"2025-11-06T14:05:50+00:00","description":"Cora\u00e7\u00e3o Amor Molde Silicone sabonetes, biscuit, resinas, vela em parafina ou gel, massas de modelar, gessos aromatizadores","breadcrumb":{"@id":"https:\/\/divertarte.com\/index.php\/produto\/coracao-amor-molde-silicone\/#breadcrumb"},"inLanguage":"pt-PT","potentialAction":[{"@type":"ReadAction","target":["https:\/\/divertarte.com\/index.php\/produto\/coracao-amor-molde-silicone\/"]}]},{"@type":"ImageObject","inLanguage":"pt-PT","@id":"https:\/\/divertarte.com\/index.php\/produto\/coracao-amor-molde-silicone\/#primaryimage","url":"https:\/\/divertarte.com\/wp-content\/uploads\/2018\/06\/molde-silicone-coracao-amor-1.jpg","contentUrl":"https:\/\/divertarte.com\/wp-content\/uploads\/2018\/06\/molde-silicone-coracao-amor-1.jpg","width":300,"height":299},{"@type":"BreadcrumbList","@id":"https:\/\/divertarte.com\/index.php\/produto\/coracao-amor-molde-silicone\/#breadcrumb","itemListElement":[{"@type":"ListItem","position":1,"name":"In\u00edcio","item":"https:\/\/divertarte.com\/"},{"@type":"ListItem","position":2,"name":"Loja","item":"https:\/\/divertarte.com\/index.php\/divertarte-produtos\/"},{"@type":"ListItem","position":3,"name":"Molde Silicone Cora\u00e7\u00e3o Amor"}]},{"@type":"WebSite","@id":"https:\/\/divertarte.com\/#website","url":"https:\/\/divertarte.com\/","name":"Divertarte","description":"","publisher":{"@id":"https:\/\/divertarte.com\/#organization"},"potentialAction":[{"@type":"SearchAction","target":{"@type":"EntryPoint","urlTemplate":"https:\/\/divertarte.com\/?s={search_term_string}"},"query-input":{"@type":"PropertyValueSpecification","valueRequired":true,"valueName":"search_term_string"}}],"inLanguage":"pt-PT"},{"@type":"Organization","@id":"https:\/\/divertarte.com\/#organization","name":"Divertarte","url":"https:\/\/divertarte.com\/","logo":{"@type":"ImageObject","inLanguage":"pt-PT","@id":"https:\/\/divertarte.com\/#\/schema\/logo\/image\/","url":"https:\/\/divertarte.com\/wp-content\/uploads\/2018\/07\/logo-div.jpg","contentUrl":"https:\/\/divertarte.com\/wp-content\/uploads\/2018\/07\/logo-div.jpg","width":295,"height":123,"caption":"Divertarte"},"image":{"@id":"https:\/\/divertarte.com\/#\/schema\/logo\/image\/"}}]}},"_links":{"self":[{"href":"https:\/\/divertarte.com\/index.php\/wp-json\/wp\/v2\/product\/1550","targetHints":{"allow":["GET"]}}],"collection":[{"href":"https:\/\/divertarte.com\/index.php\/wp-json\/wp\/v2\/product"}],"about":[{"href":"https:\/\/divertarte.com\/index.php\/wp-json\/wp\/v2\/types\/product"}],"replies":[{"embeddable":true,"href":"https:\/\/divertarte.com\/index.php\/wp-json\/wp\/v2\/comments?post=1550"}],"wp:featuredmedia":[{"embeddable":true,"href":"https:\/\/divertarte.com\/index.php\/wp-json\/wp\/v2\/media\/17184"}],"wp:attachment":[{"href":"https:\/\/divertarte.com\/index.php\/wp-json\/wp\/v2\/media?parent=1550"}],"wp:term":[{"taxonomy":"product_brand","embeddable":true,"href":"https:\/\/divertarte.com\/index.php\/wp-json\/wp\/v2\/product_brand?post=1550"},{"taxonomy":"product_cat","embeddable":true,"href":"https:\/\/divertarte.com\/index.php\/wp-json\/wp\/v2\/product_cat?post=1550"},{"taxonomy":"product_tag","embeddable":true,"href":"https:\/\/divertarte.com\/index.php\/wp-json\/wp\/v2\/product_tag?post=1550"}],"curies":[{"name":"wp","href":"https:\/\/api.w.org\/{rel}","templated":true}]}}