{"id":15046,"date":"2021-08-26T15:21:08","date_gmt":"2021-08-26T14:21:08","guid":{"rendered":"https:\/\/divertarte.com\/?post_type=product&#038;p=15046"},"modified":"2026-01-07T09:25:37","modified_gmt":"2026-01-07T09:25:37","slug":"ramo-flores-de-sabao-rosa-em-cesto-de-vime","status":"publish","type":"product","link":"https:\/\/divertarte.com\/index.php\/produto\/ramo-flores-de-sabao-rosa-em-cesto-de-vime\/","title":{"rendered":"Ramo Flores de Sab\u00e3o Rosa em Cesto de Vime"},"content":{"rendered":"<p>Ramo Flores de Sab\u00e3o em Cesto de Vime, maravilhosamente embalados como se fossem um buqu\u00ea de flores aut\u00eanticas, s\u00e3o um presente perfeito para qualquer ocasi\u00e3o.<\/p>\n<p>Para dia de S. Valentim, para m\u00e3es e av\u00f3s, para esposas no dia do anivers\u00e1rio de casamento medidas 17x14x20cm<\/p>\n<p>Cada cesta cont\u00e9m :<\/p>\n<ul>\n<li>6 rosas de banho delicadamente perfumadas (Rosa forte, Rosa e P\u00e9rola)<\/li>\n<li>1 gerbera rosa<\/li>\n<li>2 hortencias rosa<\/li>\n<\/ul>\n","protected":false},"excerpt":{"rendered":"<p>Ramo Flores de Sab\u00e3o em Cesto de Vime, maravilhosamente embalados como se fossem um buqu\u00ea de flores aut\u00eanticas, s\u00e3o um presente perfeito para qualquer ocasi\u00e3o.<\/p>\n<p>Para dia de S. Valentim, para m\u00e3es e av\u00f3s, para esposas no dia do anivers\u00e1rio de casamento medidas 17x14x20cm<\/p>\n<p>Cada cesta cont\u00e9m :<\/p>\n<ul>\n<li>6 rosas de banho delicadamente perfumadas (Rosa forte, Rosa e P\u00e9rola)<\/li>\n<li>1 gerbera rosa<\/li>\n<li>2 hortencias rosa<\/li>\n<\/ul>\n","protected":false},"featured_media":15047,"comment_status":"open","ping_status":"closed","template":"","meta":{"_exactmetrics_skip_tracking":false,"_exactmetrics_sitenote_active":false,"_exactmetrics_sitenote_note":"","_exactmetrics_sitenote_category":0},"product_brand":[],"product_cat":[466,394,323,286,467,497,15],"product_tag":[568,498],"class_list":{"0":"post-15046","1":"product","2":"type-product","3":"status-publish","4":"has-post-thumbnail","6":"product_cat-banho","7":"product_cat-brindes","8":"product_cat-brindes-aniversario","9":"product_cat-dia-dos-namorados-s-valentim","10":"product_cat-flores-de-sabao","11":"product_cat-rosas-de-sabao","12":"product_cat-ver-todos-os-produtos","13":"product_tag-flores-de-sabao","14":"product_tag-rosas-de-sabao","16":"first","17":"outofstock","18":"taxable","19":"shipping-taxable","20":"purchasable","21":"product-type-simple"},"yoast_head":"<!-- This site is optimized with the Yoast SEO plugin v27.4 - https:\/\/yoast.com\/product\/yoast-seo-wordpress\/ -->\n<title>Ramo Flores de Sab\u00e3o Rosa em Cesto de Vime -<\/title>\n<meta name=\"description\" content=\"Ramo Flores de Sab\u00e3o em Cesto de Vime, maravilhosamente embalados como se fossem um buqu\u00ea de flores aut\u00eanticas, s\u00e3o um presente perfeito para qualquer ocasi\u00e3o.\" \/>\n<meta name=\"robots\" content=\"index, follow, max-snippet:-1, max-image-preview:large, max-video-preview:-1\" \/>\n<link rel=\"canonical\" href=\"https:\/\/divertarte.com\/index.php\/produto\/ramo-flores-de-sabao-rosa-em-cesto-de-vime\/\" \/>\n<meta property=\"og:locale\" content=\"pt_PT\" \/>\n<meta property=\"og:type\" content=\"article\" \/>\n<meta property=\"og:title\" content=\"Ramo Flores de Sab\u00e3o Rosa em Cesto de Vime -\" \/>\n<meta property=\"og:description\" content=\"Ramo Flores de Sab\u00e3o em Cesto de Vime, maravilhosamente embalados como se fossem um buqu\u00ea de flores aut\u00eanticas, s\u00e3o um presente perfeito para qualquer ocasi\u00e3o.\" \/>\n<meta property=\"og:url\" content=\"https:\/\/divertarte.com\/index.php\/produto\/ramo-flores-de-sabao-rosa-em-cesto-de-vime\/\" \/>\n<meta property=\"article:modified_time\" content=\"2026-01-07T09:25:37+00:00\" \/>\n<meta property=\"og:image\" content=\"https:\/\/divertarte.com\/wp-content\/uploads\/2021\/08\/bouquet-cesta-vime-flores-rosa.jpg\" \/>\n\t<meta property=\"og:image:width\" content=\"280\" \/>\n\t<meta property=\"og:image:height\" content=\"280\" \/>\n\t<meta property=\"og:image:type\" content=\"image\/jpeg\" \/>\n<meta name=\"twitter:card\" content=\"summary_large_image\" \/>\n<meta name=\"twitter:label1\" content=\"Tempo estimado de leitura\" \/>\n\t<meta name=\"twitter:data1\" content=\"1 minuto\" \/>\n<script type=\"application\/ld+json\" class=\"yoast-schema-graph\">{\"@context\":\"https:\\\/\\\/schema.org\",\"@graph\":[{\"@type\":\"WebPage\",\"@id\":\"https:\\\/\\\/divertarte.com\\\/index.php\\\/produto\\\/ramo-flores-de-sabao-rosa-em-cesto-de-vime\\\/\",\"url\":\"https:\\\/\\\/divertarte.com\\\/index.php\\\/produto\\\/ramo-flores-de-sabao-rosa-em-cesto-de-vime\\\/\",\"name\":\"Ramo Flores de Sab\u00e3o Rosa em Cesto de Vime -\",\"isPartOf\":{\"@id\":\"https:\\\/\\\/divertarte.com\\\/#website\"},\"primaryImageOfPage\":{\"@id\":\"https:\\\/\\\/divertarte.com\\\/index.php\\\/produto\\\/ramo-flores-de-sabao-rosa-em-cesto-de-vime\\\/#primaryimage\"},\"image\":{\"@id\":\"https:\\\/\\\/divertarte.com\\\/index.php\\\/produto\\\/ramo-flores-de-sabao-rosa-em-cesto-de-vime\\\/#primaryimage\"},\"thumbnailUrl\":\"https:\\\/\\\/divertarte.com\\\/wp-content\\\/uploads\\\/2021\\\/08\\\/bouquet-cesta-vime-flores-rosa.jpg\",\"datePublished\":\"2021-08-26T14:21:08+00:00\",\"dateModified\":\"2026-01-07T09:25:37+00:00\",\"description\":\"Ramo Flores de Sab\u00e3o em Cesto de Vime, maravilhosamente embalados como se fossem um buqu\u00ea de flores aut\u00eanticas, s\u00e3o um presente perfeito para qualquer ocasi\u00e3o.\",\"breadcrumb\":{\"@id\":\"https:\\\/\\\/divertarte.com\\\/index.php\\\/produto\\\/ramo-flores-de-sabao-rosa-em-cesto-de-vime\\\/#breadcrumb\"},\"inLanguage\":\"pt-PT\",\"potentialAction\":[{\"@type\":\"ReadAction\",\"target\":[\"https:\\\/\\\/divertarte.com\\\/index.php\\\/produto\\\/ramo-flores-de-sabao-rosa-em-cesto-de-vime\\\/\"]}]},{\"@type\":\"ImageObject\",\"inLanguage\":\"pt-PT\",\"@id\":\"https:\\\/\\\/divertarte.com\\\/index.php\\\/produto\\\/ramo-flores-de-sabao-rosa-em-cesto-de-vime\\\/#primaryimage\",\"url\":\"https:\\\/\\\/divertarte.com\\\/wp-content\\\/uploads\\\/2021\\\/08\\\/bouquet-cesta-vime-flores-rosa.jpg\",\"contentUrl\":\"https:\\\/\\\/divertarte.com\\\/wp-content\\\/uploads\\\/2021\\\/08\\\/bouquet-cesta-vime-flores-rosa.jpg\",\"width\":280,\"height\":280},{\"@type\":\"BreadcrumbList\",\"@id\":\"https:\\\/\\\/divertarte.com\\\/index.php\\\/produto\\\/ramo-flores-de-sabao-rosa-em-cesto-de-vime\\\/#breadcrumb\",\"itemListElement\":[{\"@type\":\"ListItem\",\"position\":1,\"name\":\"In\u00edcio\",\"item\":\"https:\\\/\\\/divertarte.com\\\/\"},{\"@type\":\"ListItem\",\"position\":2,\"name\":\"Loja\",\"item\":\"https:\\\/\\\/divertarte.com\\\/index.php\\\/divertarte-produtos\\\/\"},{\"@type\":\"ListItem\",\"position\":3,\"name\":\"Ramo Flores de Sab\u00e3o Rosa em Cesto de Vime\"}]},{\"@type\":\"WebSite\",\"@id\":\"https:\\\/\\\/divertarte.com\\\/#website\",\"url\":\"https:\\\/\\\/divertarte.com\\\/\",\"name\":\"Divertarte\",\"description\":\"\",\"publisher\":{\"@id\":\"https:\\\/\\\/divertarte.com\\\/#organization\"},\"potentialAction\":[{\"@type\":\"SearchAction\",\"target\":{\"@type\":\"EntryPoint\",\"urlTemplate\":\"https:\\\/\\\/divertarte.com\\\/?s={search_term_string}\"},\"query-input\":{\"@type\":\"PropertyValueSpecification\",\"valueRequired\":true,\"valueName\":\"search_term_string\"}}],\"inLanguage\":\"pt-PT\"},{\"@type\":\"Organization\",\"@id\":\"https:\\\/\\\/divertarte.com\\\/#organization\",\"name\":\"Divertarte\",\"url\":\"https:\\\/\\\/divertarte.com\\\/\",\"logo\":{\"@type\":\"ImageObject\",\"inLanguage\":\"pt-PT\",\"@id\":\"https:\\\/\\\/divertarte.com\\\/#\\\/schema\\\/logo\\\/image\\\/\",\"url\":\"https:\\\/\\\/divertarte.com\\\/wp-content\\\/uploads\\\/2018\\\/07\\\/logo-div.jpg\",\"contentUrl\":\"https:\\\/\\\/divertarte.com\\\/wp-content\\\/uploads\\\/2018\\\/07\\\/logo-div.jpg\",\"width\":295,\"height\":123,\"caption\":\"Divertarte\"},\"image\":{\"@id\":\"https:\\\/\\\/divertarte.com\\\/#\\\/schema\\\/logo\\\/image\\\/\"}}]}<\/script>\n<!-- \/ Yoast SEO plugin. -->","yoast_head_json":{"title":"Ramo Flores de Sab\u00e3o Rosa em Cesto de Vime -","description":"Ramo Flores de Sab\u00e3o em Cesto de Vime, maravilhosamente embalados como se fossem um buqu\u00ea de flores aut\u00eanticas, s\u00e3o um presente perfeito para qualquer ocasi\u00e3o.","robots":{"index":"index","follow":"follow","max-snippet":"max-snippet:-1","max-image-preview":"max-image-preview:large","max-video-preview":"max-video-preview:-1"},"canonical":"https:\/\/divertarte.com\/index.php\/produto\/ramo-flores-de-sabao-rosa-em-cesto-de-vime\/","og_locale":"pt_PT","og_type":"article","og_title":"Ramo Flores de Sab\u00e3o Rosa em Cesto de Vime -","og_description":"Ramo Flores de Sab\u00e3o em Cesto de Vime, maravilhosamente embalados como se fossem um buqu\u00ea de flores aut\u00eanticas, s\u00e3o um presente perfeito para qualquer ocasi\u00e3o.","og_url":"https:\/\/divertarte.com\/index.php\/produto\/ramo-flores-de-sabao-rosa-em-cesto-de-vime\/","article_modified_time":"2026-01-07T09:25:37+00:00","og_image":[{"width":280,"height":280,"url":"https:\/\/divertarte.com\/wp-content\/uploads\/2021\/08\/bouquet-cesta-vime-flores-rosa.jpg","type":"image\/jpeg"}],"twitter_card":"summary_large_image","twitter_misc":{"Tempo estimado de leitura":"1 minuto"},"schema":{"@context":"https:\/\/schema.org","@graph":[{"@type":"WebPage","@id":"https:\/\/divertarte.com\/index.php\/produto\/ramo-flores-de-sabao-rosa-em-cesto-de-vime\/","url":"https:\/\/divertarte.com\/index.php\/produto\/ramo-flores-de-sabao-rosa-em-cesto-de-vime\/","name":"Ramo Flores de Sab\u00e3o Rosa em Cesto de Vime -","isPartOf":{"@id":"https:\/\/divertarte.com\/#website"},"primaryImageOfPage":{"@id":"https:\/\/divertarte.com\/index.php\/produto\/ramo-flores-de-sabao-rosa-em-cesto-de-vime\/#primaryimage"},"image":{"@id":"https:\/\/divertarte.com\/index.php\/produto\/ramo-flores-de-sabao-rosa-em-cesto-de-vime\/#primaryimage"},"thumbnailUrl":"https:\/\/divertarte.com\/wp-content\/uploads\/2021\/08\/bouquet-cesta-vime-flores-rosa.jpg","datePublished":"2021-08-26T14:21:08+00:00","dateModified":"2026-01-07T09:25:37+00:00","description":"Ramo Flores de Sab\u00e3o em Cesto de Vime, maravilhosamente embalados como se fossem um buqu\u00ea de flores aut\u00eanticas, s\u00e3o um presente perfeito para qualquer ocasi\u00e3o.","breadcrumb":{"@id":"https:\/\/divertarte.com\/index.php\/produto\/ramo-flores-de-sabao-rosa-em-cesto-de-vime\/#breadcrumb"},"inLanguage":"pt-PT","potentialAction":[{"@type":"ReadAction","target":["https:\/\/divertarte.com\/index.php\/produto\/ramo-flores-de-sabao-rosa-em-cesto-de-vime\/"]}]},{"@type":"ImageObject","inLanguage":"pt-PT","@id":"https:\/\/divertarte.com\/index.php\/produto\/ramo-flores-de-sabao-rosa-em-cesto-de-vime\/#primaryimage","url":"https:\/\/divertarte.com\/wp-content\/uploads\/2021\/08\/bouquet-cesta-vime-flores-rosa.jpg","contentUrl":"https:\/\/divertarte.com\/wp-content\/uploads\/2021\/08\/bouquet-cesta-vime-flores-rosa.jpg","width":280,"height":280},{"@type":"BreadcrumbList","@id":"https:\/\/divertarte.com\/index.php\/produto\/ramo-flores-de-sabao-rosa-em-cesto-de-vime\/#breadcrumb","itemListElement":[{"@type":"ListItem","position":1,"name":"In\u00edcio","item":"https:\/\/divertarte.com\/"},{"@type":"ListItem","position":2,"name":"Loja","item":"https:\/\/divertarte.com\/index.php\/divertarte-produtos\/"},{"@type":"ListItem","position":3,"name":"Ramo Flores de Sab\u00e3o Rosa em Cesto de Vime"}]},{"@type":"WebSite","@id":"https:\/\/divertarte.com\/#website","url":"https:\/\/divertarte.com\/","name":"Divertarte","description":"","publisher":{"@id":"https:\/\/divertarte.com\/#organization"},"potentialAction":[{"@type":"SearchAction","target":{"@type":"EntryPoint","urlTemplate":"https:\/\/divertarte.com\/?s={search_term_string}"},"query-input":{"@type":"PropertyValueSpecification","valueRequired":true,"valueName":"search_term_string"}}],"inLanguage":"pt-PT"},{"@type":"Organization","@id":"https:\/\/divertarte.com\/#organization","name":"Divertarte","url":"https:\/\/divertarte.com\/","logo":{"@type":"ImageObject","inLanguage":"pt-PT","@id":"https:\/\/divertarte.com\/#\/schema\/logo\/image\/","url":"https:\/\/divertarte.com\/wp-content\/uploads\/2018\/07\/logo-div.jpg","contentUrl":"https:\/\/divertarte.com\/wp-content\/uploads\/2018\/07\/logo-div.jpg","width":295,"height":123,"caption":"Divertarte"},"image":{"@id":"https:\/\/divertarte.com\/#\/schema\/logo\/image\/"}}]}},"_links":{"self":[{"href":"https:\/\/divertarte.com\/index.php\/wp-json\/wp\/v2\/product\/15046","targetHints":{"allow":["GET"]}}],"collection":[{"href":"https:\/\/divertarte.com\/index.php\/wp-json\/wp\/v2\/product"}],"about":[{"href":"https:\/\/divertarte.com\/index.php\/wp-json\/wp\/v2\/types\/product"}],"replies":[{"embeddable":true,"href":"https:\/\/divertarte.com\/index.php\/wp-json\/wp\/v2\/comments?post=15046"}],"wp:featuredmedia":[{"embeddable":true,"href":"https:\/\/divertarte.com\/index.php\/wp-json\/wp\/v2\/media\/15047"}],"wp:attachment":[{"href":"https:\/\/divertarte.com\/index.php\/wp-json\/wp\/v2\/media?parent=15046"}],"wp:term":[{"taxonomy":"product_brand","embeddable":true,"href":"https:\/\/divertarte.com\/index.php\/wp-json\/wp\/v2\/product_brand?post=15046"},{"taxonomy":"product_cat","embeddable":true,"href":"https:\/\/divertarte.com\/index.php\/wp-json\/wp\/v2\/product_cat?post=15046"},{"taxonomy":"product_tag","embeddable":true,"href":"https:\/\/divertarte.com\/index.php\/wp-json\/wp\/v2\/product_tag?post=15046"}],"curies":[{"name":"wp","href":"https:\/\/api.w.org\/{rel}","templated":true}]}}