{"id":14980,"date":"2021-08-15T15:45:10","date_gmt":"2021-08-15T14:45:10","guid":{"rendered":"https:\/\/divertarte.com\/?post_type=product&#038;p=14980"},"modified":"2025-11-06T13:24:11","modified_gmt":"2025-11-06T13:24:11","slug":"resina-epoxi","status":"publish","type":"product","link":"https:\/\/divertarte.com\/index.php\/produto\/resina-epoxi\/","title":{"rendered":"Resina Epoxi"},"content":{"rendered":"<div class=\"page\" title=\"Page 1\">\n<div class=\"layoutArea\">\n<div class=\"column\">\n<p>Resina Epoxi 1.5 Kg<\/p>\n<p>Mistura a resina e o endurecedor com a raz\u00e3o 2 partes de A por 1 parte B em volume, at\u00e9 que fique bem homog\u00e9nea. Uma certa tonalidade amarela pode aparecer durante a mistura, mas o material tornar-se-\u00e1 incolor \u00e0 medida que polimeriza.<\/p>\n<p>Esta resina ep\u00f3xi transparente \u00e9 consideravelmente r\u00e1pida e em menos de 24 horas em temperatura ambiente a pe\u00e7a estar\u00e1 pronta para desmoldar.<\/p>\n<p>Ideal para inclus\u00e3o, joias,\u00a0efeitos transparentes em m\u00f3veis,etc.<\/p>\n<p>Com o frio a resina pode apresentar maior viscosidade, mesmo produzindo um efeito granulado. Isso n\u00e3o significa que a resina esteja deteriorada, mas n\u00e3o pode ser usada assim, pois o catalisador n\u00e3o ir\u00e1 actuar. Ter\u00e1s apenas que coloc\u00e1-la em banho Maria, de modo a que desapare\u00e7a esse efeito. Retir\u00e1-la e deixar baixar a temperatura entre 20 e 25\u00ba C e pode ser usada.<\/p>\n<\/div>\n<\/div>\n<\/div>\n<p><strong>Caracter\u00edsticas:<\/strong><\/p>\n<p>-Resistente a UV<\/p>\n<p>-Excelente fluidez, o que minimiza o aparecimento de bolhas.<\/p>\n<p>-Recomenda-se o uso em camadas no caso de partes grossas e grandes.<\/p>\n<p>-Dureza: 100 Shore A &#8211; (Medido ap\u00f3s a cura de 16 horas para 60oC.)<\/p>\n<p>-Tempo de cura &#8211; 24 a 48 horas a 25\u00baC. Cerca de 10 horas se aproximarmos a resina de uma fonte de calor (radiador)<\/p>\n<p><strong>mistura:<\/strong><\/p>\n<p>-2 partes A por 1 parte B &#8211; Em volume para alcan\u00e7ar uma resina r\u00edgida de apar\u00eancia cristalina.<\/p>\n<p><strong>CONSUMO APROXIMADO:<\/strong><\/p>\n<p>&#8211; 1 Kg por m2 para camada de 1mm.<\/p>\n<p>Pode ser colorida com pigmentos para resinas <a href=\"https:\/\/divertarte.com\/index.php\/produto\/pigmentos-para-resinas\/\">https:\/\/divertarte.com\/index.php\/produto\/pigmentos-para-resinas\/<\/a><\/p>\n","protected":false},"excerpt":{"rendered":"<p>Resina Epoxi 1,5 Kg<\/p>\n<p>Ideal para bijutaria para inclus\u00e3o de materias, joias, efeitos transparentes em m\u00f3veis<\/p>\n<p>Preserva o que mais gostas, para que possas observar sempre que quiseres.<\/p>\n<p>Secagem 24 a 48 horas a 25\u00baC<\/p>\n<p>Pode ser colorida com pigmentos para resinas <a href=\"https:\/\/divertarte.com\/index.php\/produto\/pigmentos-para-resinas\/\">https:\/\/divertarte.com\/index.php\/produto\/pigmentos-para-resinas\/<\/a><\/p>\n","protected":false},"featured_media":14986,"comment_status":"open","ping_status":"closed","template":"","meta":{"_exactmetrics_skip_tracking":false,"_exactmetrics_sitenote_active":false,"_exactmetrics_sitenote_note":"","_exactmetrics_sitenote_category":0},"product_brand":[],"product_cat":[416,15],"product_tag":[],"class_list":{"0":"post-14980","1":"product","2":"type-product","3":"status-publish","4":"has-post-thumbnail","6":"product_cat-resinas","7":"product_cat-ver-todos-os-produtos","9":"first","10":"instock","11":"taxable","12":"shipping-taxable","13":"purchasable","14":"product-type-simple"},"yoast_head":"<!-- This site is optimized with the Yoast SEO plugin v27.4 - https:\/\/yoast.com\/product\/yoast-seo-wordpress\/ -->\n<title>Resina Epoxi -<\/title>\n<meta name=\"description\" content=\"Resina Epoxi 1,5 Kg. Para bijutaria e inclus\u00e3o de materias, joias. Preserva o que mais gostas, para que possas observar sempre que quiseres.\u00a0\" \/>\n<meta name=\"robots\" content=\"index, follow, max-snippet:-1, max-image-preview:large, max-video-preview:-1\" \/>\n<link rel=\"canonical\" href=\"https:\/\/divertarte.com\/index.php\/produto\/resina-epoxi\/\" \/>\n<meta property=\"og:locale\" content=\"pt_PT\" \/>\n<meta property=\"og:type\" content=\"article\" \/>\n<meta property=\"og:title\" content=\"Resina Epoxi -\" \/>\n<meta property=\"og:description\" content=\"Resina Epoxi 1,5 Kg. Para bijutaria e inclus\u00e3o de materias, joias. Preserva o que mais gostas, para que possas observar sempre que quiseres.\u00a0\" \/>\n<meta property=\"og:url\" content=\"https:\/\/divertarte.com\/index.php\/produto\/resina-epoxi\/\" \/>\n<meta property=\"article:modified_time\" content=\"2025-11-06T13:24:11+00:00\" \/>\n<meta property=\"og:image\" content=\"https:\/\/divertarte.com\/wp-content\/uploads\/2021\/08\/resina-epoxi-bijutaria.jpg\" \/>\n\t<meta property=\"og:image:width\" content=\"300\" \/>\n\t<meta property=\"og:image:height\" content=\"302\" \/>\n\t<meta property=\"og:image:type\" content=\"image\/jpeg\" \/>\n<meta name=\"twitter:card\" content=\"summary_large_image\" \/>\n<meta name=\"twitter:label1\" content=\"Tempo estimado de leitura\" \/>\n\t<meta name=\"twitter:data1\" content=\"2 minutos\" \/>\n<script type=\"application\/ld+json\" class=\"yoast-schema-graph\">{\"@context\":\"https:\\\/\\\/schema.org\",\"@graph\":[{\"@type\":\"WebPage\",\"@id\":\"https:\\\/\\\/divertarte.com\\\/index.php\\\/produto\\\/resina-epoxi\\\/\",\"url\":\"https:\\\/\\\/divertarte.com\\\/index.php\\\/produto\\\/resina-epoxi\\\/\",\"name\":\"Resina Epoxi -\",\"isPartOf\":{\"@id\":\"https:\\\/\\\/divertarte.com\\\/#website\"},\"primaryImageOfPage\":{\"@id\":\"https:\\\/\\\/divertarte.com\\\/index.php\\\/produto\\\/resina-epoxi\\\/#primaryimage\"},\"image\":{\"@id\":\"https:\\\/\\\/divertarte.com\\\/index.php\\\/produto\\\/resina-epoxi\\\/#primaryimage\"},\"thumbnailUrl\":\"https:\\\/\\\/divertarte.com\\\/wp-content\\\/uploads\\\/2021\\\/08\\\/resina-epoxi-bijutaria.jpg\",\"datePublished\":\"2021-08-15T14:45:10+00:00\",\"dateModified\":\"2025-11-06T13:24:11+00:00\",\"description\":\"Resina Epoxi 1,5 Kg. Para bijutaria e inclus\u00e3o de materias, joias. Preserva o que mais gostas, para que possas observar sempre que quiseres.\u00a0\",\"breadcrumb\":{\"@id\":\"https:\\\/\\\/divertarte.com\\\/index.php\\\/produto\\\/resina-epoxi\\\/#breadcrumb\"},\"inLanguage\":\"pt-PT\",\"potentialAction\":[{\"@type\":\"ReadAction\",\"target\":[\"https:\\\/\\\/divertarte.com\\\/index.php\\\/produto\\\/resina-epoxi\\\/\"]}]},{\"@type\":\"ImageObject\",\"inLanguage\":\"pt-PT\",\"@id\":\"https:\\\/\\\/divertarte.com\\\/index.php\\\/produto\\\/resina-epoxi\\\/#primaryimage\",\"url\":\"https:\\\/\\\/divertarte.com\\\/wp-content\\\/uploads\\\/2021\\\/08\\\/resina-epoxi-bijutaria.jpg\",\"contentUrl\":\"https:\\\/\\\/divertarte.com\\\/wp-content\\\/uploads\\\/2021\\\/08\\\/resina-epoxi-bijutaria.jpg\",\"width\":300,\"height\":302},{\"@type\":\"BreadcrumbList\",\"@id\":\"https:\\\/\\\/divertarte.com\\\/index.php\\\/produto\\\/resina-epoxi\\\/#breadcrumb\",\"itemListElement\":[{\"@type\":\"ListItem\",\"position\":1,\"name\":\"In\u00edcio\",\"item\":\"https:\\\/\\\/divertarte.com\\\/\"},{\"@type\":\"ListItem\",\"position\":2,\"name\":\"Loja\",\"item\":\"https:\\\/\\\/divertarte.com\\\/index.php\\\/divertarte-produtos\\\/\"},{\"@type\":\"ListItem\",\"position\":3,\"name\":\"Resina Epoxi\"}]},{\"@type\":\"WebSite\",\"@id\":\"https:\\\/\\\/divertarte.com\\\/#website\",\"url\":\"https:\\\/\\\/divertarte.com\\\/\",\"name\":\"Divertarte\",\"description\":\"\",\"publisher\":{\"@id\":\"https:\\\/\\\/divertarte.com\\\/#organization\"},\"potentialAction\":[{\"@type\":\"SearchAction\",\"target\":{\"@type\":\"EntryPoint\",\"urlTemplate\":\"https:\\\/\\\/divertarte.com\\\/?s={search_term_string}\"},\"query-input\":{\"@type\":\"PropertyValueSpecification\",\"valueRequired\":true,\"valueName\":\"search_term_string\"}}],\"inLanguage\":\"pt-PT\"},{\"@type\":\"Organization\",\"@id\":\"https:\\\/\\\/divertarte.com\\\/#organization\",\"name\":\"Divertarte\",\"url\":\"https:\\\/\\\/divertarte.com\\\/\",\"logo\":{\"@type\":\"ImageObject\",\"inLanguage\":\"pt-PT\",\"@id\":\"https:\\\/\\\/divertarte.com\\\/#\\\/schema\\\/logo\\\/image\\\/\",\"url\":\"https:\\\/\\\/divertarte.com\\\/wp-content\\\/uploads\\\/2018\\\/07\\\/logo-div.jpg\",\"contentUrl\":\"https:\\\/\\\/divertarte.com\\\/wp-content\\\/uploads\\\/2018\\\/07\\\/logo-div.jpg\",\"width\":295,\"height\":123,\"caption\":\"Divertarte\"},\"image\":{\"@id\":\"https:\\\/\\\/divertarte.com\\\/#\\\/schema\\\/logo\\\/image\\\/\"}}]}<\/script>\n<!-- \/ Yoast SEO plugin. -->","yoast_head_json":{"title":"Resina Epoxi -","description":"Resina Epoxi 1,5 Kg. Para bijutaria e inclus\u00e3o de materias, joias. Preserva o que mais gostas, para que possas observar sempre que quiseres.\u00a0","robots":{"index":"index","follow":"follow","max-snippet":"max-snippet:-1","max-image-preview":"max-image-preview:large","max-video-preview":"max-video-preview:-1"},"canonical":"https:\/\/divertarte.com\/index.php\/produto\/resina-epoxi\/","og_locale":"pt_PT","og_type":"article","og_title":"Resina Epoxi -","og_description":"Resina Epoxi 1,5 Kg. Para bijutaria e inclus\u00e3o de materias, joias. Preserva o que mais gostas, para que possas observar sempre que quiseres.\u00a0","og_url":"https:\/\/divertarte.com\/index.php\/produto\/resina-epoxi\/","article_modified_time":"2025-11-06T13:24:11+00:00","og_image":[{"width":300,"height":302,"url":"https:\/\/divertarte.com\/wp-content\/uploads\/2021\/08\/resina-epoxi-bijutaria.jpg","type":"image\/jpeg"}],"twitter_card":"summary_large_image","twitter_misc":{"Tempo estimado de leitura":"2 minutos"},"schema":{"@context":"https:\/\/schema.org","@graph":[{"@type":"WebPage","@id":"https:\/\/divertarte.com\/index.php\/produto\/resina-epoxi\/","url":"https:\/\/divertarte.com\/index.php\/produto\/resina-epoxi\/","name":"Resina Epoxi -","isPartOf":{"@id":"https:\/\/divertarte.com\/#website"},"primaryImageOfPage":{"@id":"https:\/\/divertarte.com\/index.php\/produto\/resina-epoxi\/#primaryimage"},"image":{"@id":"https:\/\/divertarte.com\/index.php\/produto\/resina-epoxi\/#primaryimage"},"thumbnailUrl":"https:\/\/divertarte.com\/wp-content\/uploads\/2021\/08\/resina-epoxi-bijutaria.jpg","datePublished":"2021-08-15T14:45:10+00:00","dateModified":"2025-11-06T13:24:11+00:00","description":"Resina Epoxi 1,5 Kg. Para bijutaria e inclus\u00e3o de materias, joias. Preserva o que mais gostas, para que possas observar sempre que quiseres.\u00a0","breadcrumb":{"@id":"https:\/\/divertarte.com\/index.php\/produto\/resina-epoxi\/#breadcrumb"},"inLanguage":"pt-PT","potentialAction":[{"@type":"ReadAction","target":["https:\/\/divertarte.com\/index.php\/produto\/resina-epoxi\/"]}]},{"@type":"ImageObject","inLanguage":"pt-PT","@id":"https:\/\/divertarte.com\/index.php\/produto\/resina-epoxi\/#primaryimage","url":"https:\/\/divertarte.com\/wp-content\/uploads\/2021\/08\/resina-epoxi-bijutaria.jpg","contentUrl":"https:\/\/divertarte.com\/wp-content\/uploads\/2021\/08\/resina-epoxi-bijutaria.jpg","width":300,"height":302},{"@type":"BreadcrumbList","@id":"https:\/\/divertarte.com\/index.php\/produto\/resina-epoxi\/#breadcrumb","itemListElement":[{"@type":"ListItem","position":1,"name":"In\u00edcio","item":"https:\/\/divertarte.com\/"},{"@type":"ListItem","position":2,"name":"Loja","item":"https:\/\/divertarte.com\/index.php\/divertarte-produtos\/"},{"@type":"ListItem","position":3,"name":"Resina Epoxi"}]},{"@type":"WebSite","@id":"https:\/\/divertarte.com\/#website","url":"https:\/\/divertarte.com\/","name":"Divertarte","description":"","publisher":{"@id":"https:\/\/divertarte.com\/#organization"},"potentialAction":[{"@type":"SearchAction","target":{"@type":"EntryPoint","urlTemplate":"https:\/\/divertarte.com\/?s={search_term_string}"},"query-input":{"@type":"PropertyValueSpecification","valueRequired":true,"valueName":"search_term_string"}}],"inLanguage":"pt-PT"},{"@type":"Organization","@id":"https:\/\/divertarte.com\/#organization","name":"Divertarte","url":"https:\/\/divertarte.com\/","logo":{"@type":"ImageObject","inLanguage":"pt-PT","@id":"https:\/\/divertarte.com\/#\/schema\/logo\/image\/","url":"https:\/\/divertarte.com\/wp-content\/uploads\/2018\/07\/logo-div.jpg","contentUrl":"https:\/\/divertarte.com\/wp-content\/uploads\/2018\/07\/logo-div.jpg","width":295,"height":123,"caption":"Divertarte"},"image":{"@id":"https:\/\/divertarte.com\/#\/schema\/logo\/image\/"}}]}},"_links":{"self":[{"href":"https:\/\/divertarte.com\/index.php\/wp-json\/wp\/v2\/product\/14980","targetHints":{"allow":["GET"]}}],"collection":[{"href":"https:\/\/divertarte.com\/index.php\/wp-json\/wp\/v2\/product"}],"about":[{"href":"https:\/\/divertarte.com\/index.php\/wp-json\/wp\/v2\/types\/product"}],"replies":[{"embeddable":true,"href":"https:\/\/divertarte.com\/index.php\/wp-json\/wp\/v2\/comments?post=14980"}],"wp:featuredmedia":[{"embeddable":true,"href":"https:\/\/divertarte.com\/index.php\/wp-json\/wp\/v2\/media\/14986"}],"wp:attachment":[{"href":"https:\/\/divertarte.com\/index.php\/wp-json\/wp\/v2\/media?parent=14980"}],"wp:term":[{"taxonomy":"product_brand","embeddable":true,"href":"https:\/\/divertarte.com\/index.php\/wp-json\/wp\/v2\/product_brand?post=14980"},{"taxonomy":"product_cat","embeddable":true,"href":"https:\/\/divertarte.com\/index.php\/wp-json\/wp\/v2\/product_cat?post=14980"},{"taxonomy":"product_tag","embeddable":true,"href":"https:\/\/divertarte.com\/index.php\/wp-json\/wp\/v2\/product_tag?post=14980"}],"curies":[{"name":"wp","href":"https:\/\/api.w.org\/{rel}","templated":true}]}}