{"id":14602,"date":"2021-06-22T21:42:47","date_gmt":"2021-06-22T20:42:47","guid":{"rendered":"https:\/\/divertarte.com\/?post_type=product&#038;p=14602"},"modified":"2026-04-19T20:17:25","modified_gmt":"2026-04-19T19:17:25","slug":"cortador-de-sabao-em-barra-1-lamina-lisa","status":"publish","type":"product","link":"https:\/\/divertarte.com\/index.php\/produto\/cortador-de-sabao-em-barra-1-lamina-lisa\/","title":{"rendered":"Cortador de Sab\u00e3o em Barra 1 l\u00e2mina lisa"},"content":{"rendered":"<p>Cortador de sab\u00e3o em madeira trabalhada com 1 l\u00e2mina de metal lisa.<\/p>\n<p>&nbsp;<\/p>\n","protected":false},"excerpt":{"rendered":"<p>Cortador de sab\u00e3o em madeira trabalhada com 1 l\u00e2mina de metal lisa.<\/p>\n<p>&nbsp;<\/p>\n","protected":false},"featured_media":14603,"comment_status":"open","ping_status":"closed","template":"","meta":{"_exactmetrics_skip_tracking":false,"_exactmetrics_sitenote_active":false,"_exactmetrics_sitenote_note":"","_exactmetrics_sitenote_category":0},"product_brand":[],"product_cat":[94,157],"product_tag":[],"class_list":{"0":"post-14602","1":"product","2":"type-product","3":"status-publish","4":"has-post-thumbnail","6":"product_cat-cortadores","7":"product_cat-moldes-para-sabonetes","9":"first","10":"instock","11":"taxable","12":"shipping-taxable","13":"purchasable","14":"product-type-simple"},"yoast_head":"<!-- This site is optimized with the Yoast SEO plugin v27.5 - https:\/\/yoast.com\/product\/yoast-seo-wordpress\/ -->\n<title>Cortador de Sab\u00e3o em Barra 1 l\u00e2mina lisa -<\/title>\n<meta name=\"description\" content=\"Cortador de sab\u00e3o em madeira trabalhada com 1 l\u00e2mina de metal lisa.\" \/>\n<meta name=\"robots\" content=\"index, follow, max-snippet:-1, max-image-preview:large, max-video-preview:-1\" \/>\n<link rel=\"canonical\" href=\"https:\/\/divertarte.com\/index.php\/produto\/cortador-de-sabao-em-barra-1-lamina-lisa\/\" \/>\n<meta property=\"og:locale\" content=\"pt_PT\" \/>\n<meta property=\"og:type\" content=\"article\" \/>\n<meta property=\"og:title\" content=\"Cortador de Sab\u00e3o em Barra 1 l\u00e2mina lisa -\" \/>\n<meta property=\"og:description\" content=\"Cortador de sab\u00e3o em madeira trabalhada com 1 l\u00e2mina de metal lisa.\" \/>\n<meta property=\"og:url\" content=\"https:\/\/divertarte.com\/index.php\/produto\/cortador-de-sabao-em-barra-1-lamina-lisa\/\" \/>\n<meta property=\"article:modified_time\" content=\"2026-04-19T19:17:25+00:00\" \/>\n<meta property=\"og:image\" content=\"https:\/\/divertarte.com\/wp-content\/uploads\/2021\/06\/cortador-sabao-1-lamina.jpg\" \/>\n\t<meta property=\"og:image:width\" content=\"330\" \/>\n\t<meta property=\"og:image:height\" content=\"330\" \/>\n\t<meta property=\"og:image:type\" content=\"image\/jpeg\" \/>\n<meta name=\"twitter:card\" content=\"summary_large_image\" \/>\n<meta name=\"twitter:label1\" content=\"Tempo estimado de leitura\" \/>\n\t<meta name=\"twitter:data1\" content=\"1 minuto\" \/>\n<script type=\"application\/ld+json\" class=\"yoast-schema-graph\">{\"@context\":\"https:\\\/\\\/schema.org\",\"@graph\":[{\"@type\":\"WebPage\",\"@id\":\"https:\\\/\\\/divertarte.com\\\/index.php\\\/produto\\\/cortador-de-sabao-em-barra-1-lamina-lisa\\\/\",\"url\":\"https:\\\/\\\/divertarte.com\\\/index.php\\\/produto\\\/cortador-de-sabao-em-barra-1-lamina-lisa\\\/\",\"name\":\"Cortador de Sab\u00e3o em Barra 1 l\u00e2mina lisa -\",\"isPartOf\":{\"@id\":\"https:\\\/\\\/divertarte.com\\\/#website\"},\"primaryImageOfPage\":{\"@id\":\"https:\\\/\\\/divertarte.com\\\/index.php\\\/produto\\\/cortador-de-sabao-em-barra-1-lamina-lisa\\\/#primaryimage\"},\"image\":{\"@id\":\"https:\\\/\\\/divertarte.com\\\/index.php\\\/produto\\\/cortador-de-sabao-em-barra-1-lamina-lisa\\\/#primaryimage\"},\"thumbnailUrl\":\"https:\\\/\\\/divertarte.com\\\/wp-content\\\/uploads\\\/2021\\\/06\\\/cortador-sabao-1-lamina.jpg\",\"datePublished\":\"2021-06-22T20:42:47+00:00\",\"dateModified\":\"2026-04-19T19:17:25+00:00\",\"description\":\"Cortador de sab\u00e3o em madeira trabalhada com 1 l\u00e2mina de metal lisa.\",\"breadcrumb\":{\"@id\":\"https:\\\/\\\/divertarte.com\\\/index.php\\\/produto\\\/cortador-de-sabao-em-barra-1-lamina-lisa\\\/#breadcrumb\"},\"inLanguage\":\"pt-PT\",\"potentialAction\":[{\"@type\":\"ReadAction\",\"target\":[\"https:\\\/\\\/divertarte.com\\\/index.php\\\/produto\\\/cortador-de-sabao-em-barra-1-lamina-lisa\\\/\"]}]},{\"@type\":\"ImageObject\",\"inLanguage\":\"pt-PT\",\"@id\":\"https:\\\/\\\/divertarte.com\\\/index.php\\\/produto\\\/cortador-de-sabao-em-barra-1-lamina-lisa\\\/#primaryimage\",\"url\":\"https:\\\/\\\/divertarte.com\\\/wp-content\\\/uploads\\\/2021\\\/06\\\/cortador-sabao-1-lamina.jpg\",\"contentUrl\":\"https:\\\/\\\/divertarte.com\\\/wp-content\\\/uploads\\\/2021\\\/06\\\/cortador-sabao-1-lamina.jpg\",\"width\":330,\"height\":330},{\"@type\":\"BreadcrumbList\",\"@id\":\"https:\\\/\\\/divertarte.com\\\/index.php\\\/produto\\\/cortador-de-sabao-em-barra-1-lamina-lisa\\\/#breadcrumb\",\"itemListElement\":[{\"@type\":\"ListItem\",\"position\":1,\"name\":\"In\u00edcio\",\"item\":\"https:\\\/\\\/divertarte.com\\\/\"},{\"@type\":\"ListItem\",\"position\":2,\"name\":\"Loja\",\"item\":\"https:\\\/\\\/divertarte.com\\\/index.php\\\/divertarte-produtos\\\/\"},{\"@type\":\"ListItem\",\"position\":3,\"name\":\"Cortador de Sab\u00e3o em Barra 1 l\u00e2mina lisa\"}]},{\"@type\":\"WebSite\",\"@id\":\"https:\\\/\\\/divertarte.com\\\/#website\",\"url\":\"https:\\\/\\\/divertarte.com\\\/\",\"name\":\"Divertarte\",\"description\":\"\",\"publisher\":{\"@id\":\"https:\\\/\\\/divertarte.com\\\/#organization\"},\"potentialAction\":[{\"@type\":\"SearchAction\",\"target\":{\"@type\":\"EntryPoint\",\"urlTemplate\":\"https:\\\/\\\/divertarte.com\\\/?s={search_term_string}\"},\"query-input\":{\"@type\":\"PropertyValueSpecification\",\"valueRequired\":true,\"valueName\":\"search_term_string\"}}],\"inLanguage\":\"pt-PT\"},{\"@type\":\"Organization\",\"@id\":\"https:\\\/\\\/divertarte.com\\\/#organization\",\"name\":\"Divertarte\",\"url\":\"https:\\\/\\\/divertarte.com\\\/\",\"logo\":{\"@type\":\"ImageObject\",\"inLanguage\":\"pt-PT\",\"@id\":\"https:\\\/\\\/divertarte.com\\\/#\\\/schema\\\/logo\\\/image\\\/\",\"url\":\"https:\\\/\\\/divertarte.com\\\/wp-content\\\/uploads\\\/2018\\\/07\\\/logo-div.jpg\",\"contentUrl\":\"https:\\\/\\\/divertarte.com\\\/wp-content\\\/uploads\\\/2018\\\/07\\\/logo-div.jpg\",\"width\":295,\"height\":123,\"caption\":\"Divertarte\"},\"image\":{\"@id\":\"https:\\\/\\\/divertarte.com\\\/#\\\/schema\\\/logo\\\/image\\\/\"}}]}<\/script>\n<!-- \/ Yoast SEO plugin. -->","yoast_head_json":{"title":"Cortador de Sab\u00e3o em Barra 1 l\u00e2mina lisa -","description":"Cortador de sab\u00e3o em madeira trabalhada com 1 l\u00e2mina de metal lisa.","robots":{"index":"index","follow":"follow","max-snippet":"max-snippet:-1","max-image-preview":"max-image-preview:large","max-video-preview":"max-video-preview:-1"},"canonical":"https:\/\/divertarte.com\/index.php\/produto\/cortador-de-sabao-em-barra-1-lamina-lisa\/","og_locale":"pt_PT","og_type":"article","og_title":"Cortador de Sab\u00e3o em Barra 1 l\u00e2mina lisa -","og_description":"Cortador de sab\u00e3o em madeira trabalhada com 1 l\u00e2mina de metal lisa.","og_url":"https:\/\/divertarte.com\/index.php\/produto\/cortador-de-sabao-em-barra-1-lamina-lisa\/","article_modified_time":"2026-04-19T19:17:25+00:00","og_image":[{"width":330,"height":330,"url":"https:\/\/divertarte.com\/wp-content\/uploads\/2021\/06\/cortador-sabao-1-lamina.jpg","type":"image\/jpeg"}],"twitter_card":"summary_large_image","twitter_misc":{"Tempo estimado de leitura":"1 minuto"},"schema":{"@context":"https:\/\/schema.org","@graph":[{"@type":"WebPage","@id":"https:\/\/divertarte.com\/index.php\/produto\/cortador-de-sabao-em-barra-1-lamina-lisa\/","url":"https:\/\/divertarte.com\/index.php\/produto\/cortador-de-sabao-em-barra-1-lamina-lisa\/","name":"Cortador de Sab\u00e3o em Barra 1 l\u00e2mina lisa -","isPartOf":{"@id":"https:\/\/divertarte.com\/#website"},"primaryImageOfPage":{"@id":"https:\/\/divertarte.com\/index.php\/produto\/cortador-de-sabao-em-barra-1-lamina-lisa\/#primaryimage"},"image":{"@id":"https:\/\/divertarte.com\/index.php\/produto\/cortador-de-sabao-em-barra-1-lamina-lisa\/#primaryimage"},"thumbnailUrl":"https:\/\/divertarte.com\/wp-content\/uploads\/2021\/06\/cortador-sabao-1-lamina.jpg","datePublished":"2021-06-22T20:42:47+00:00","dateModified":"2026-04-19T19:17:25+00:00","description":"Cortador de sab\u00e3o em madeira trabalhada com 1 l\u00e2mina de metal lisa.","breadcrumb":{"@id":"https:\/\/divertarte.com\/index.php\/produto\/cortador-de-sabao-em-barra-1-lamina-lisa\/#breadcrumb"},"inLanguage":"pt-PT","potentialAction":[{"@type":"ReadAction","target":["https:\/\/divertarte.com\/index.php\/produto\/cortador-de-sabao-em-barra-1-lamina-lisa\/"]}]},{"@type":"ImageObject","inLanguage":"pt-PT","@id":"https:\/\/divertarte.com\/index.php\/produto\/cortador-de-sabao-em-barra-1-lamina-lisa\/#primaryimage","url":"https:\/\/divertarte.com\/wp-content\/uploads\/2021\/06\/cortador-sabao-1-lamina.jpg","contentUrl":"https:\/\/divertarte.com\/wp-content\/uploads\/2021\/06\/cortador-sabao-1-lamina.jpg","width":330,"height":330},{"@type":"BreadcrumbList","@id":"https:\/\/divertarte.com\/index.php\/produto\/cortador-de-sabao-em-barra-1-lamina-lisa\/#breadcrumb","itemListElement":[{"@type":"ListItem","position":1,"name":"In\u00edcio","item":"https:\/\/divertarte.com\/"},{"@type":"ListItem","position":2,"name":"Loja","item":"https:\/\/divertarte.com\/index.php\/divertarte-produtos\/"},{"@type":"ListItem","position":3,"name":"Cortador de Sab\u00e3o em Barra 1 l\u00e2mina lisa"}]},{"@type":"WebSite","@id":"https:\/\/divertarte.com\/#website","url":"https:\/\/divertarte.com\/","name":"Divertarte","description":"","publisher":{"@id":"https:\/\/divertarte.com\/#organization"},"potentialAction":[{"@type":"SearchAction","target":{"@type":"EntryPoint","urlTemplate":"https:\/\/divertarte.com\/?s={search_term_string}"},"query-input":{"@type":"PropertyValueSpecification","valueRequired":true,"valueName":"search_term_string"}}],"inLanguage":"pt-PT"},{"@type":"Organization","@id":"https:\/\/divertarte.com\/#organization","name":"Divertarte","url":"https:\/\/divertarte.com\/","logo":{"@type":"ImageObject","inLanguage":"pt-PT","@id":"https:\/\/divertarte.com\/#\/schema\/logo\/image\/","url":"https:\/\/divertarte.com\/wp-content\/uploads\/2018\/07\/logo-div.jpg","contentUrl":"https:\/\/divertarte.com\/wp-content\/uploads\/2018\/07\/logo-div.jpg","width":295,"height":123,"caption":"Divertarte"},"image":{"@id":"https:\/\/divertarte.com\/#\/schema\/logo\/image\/"}}]}},"_links":{"self":[{"href":"https:\/\/divertarte.com\/index.php\/wp-json\/wp\/v2\/product\/14602","targetHints":{"allow":["GET"]}}],"collection":[{"href":"https:\/\/divertarte.com\/index.php\/wp-json\/wp\/v2\/product"}],"about":[{"href":"https:\/\/divertarte.com\/index.php\/wp-json\/wp\/v2\/types\/product"}],"replies":[{"embeddable":true,"href":"https:\/\/divertarte.com\/index.php\/wp-json\/wp\/v2\/comments?post=14602"}],"wp:featuredmedia":[{"embeddable":true,"href":"https:\/\/divertarte.com\/index.php\/wp-json\/wp\/v2\/media\/14603"}],"wp:attachment":[{"href":"https:\/\/divertarte.com\/index.php\/wp-json\/wp\/v2\/media?parent=14602"}],"wp:term":[{"taxonomy":"product_brand","embeddable":true,"href":"https:\/\/divertarte.com\/index.php\/wp-json\/wp\/v2\/product_brand?post=14602"},{"taxonomy":"product_cat","embeddable":true,"href":"https:\/\/divertarte.com\/index.php\/wp-json\/wp\/v2\/product_cat?post=14602"},{"taxonomy":"product_tag","embeddable":true,"href":"https:\/\/divertarte.com\/index.php\/wp-json\/wp\/v2\/product_tag?post=14602"}],"curies":[{"name":"wp","href":"https:\/\/api.w.org\/{rel}","templated":true}]}}