{"id":14540,"date":"2021-06-15T14:09:29","date_gmt":"2021-06-15T13:09:29","guid":{"rendered":"https:\/\/divertarte.com\/?post_type=product&#038;p=14540"},"modified":"2025-11-06T13:24:16","modified_gmt":"2025-11-06T13:24:16","slug":"extrato-glicolico-maracuja","status":"publish","type":"product","link":"https:\/\/divertarte.com\/index.php\/produto\/extrato-glicolico-maracuja\/","title":{"rendered":"Extrato Glic\u00f3lico Maracuj\u00e1"},"content":{"rendered":"<p>Extrato Glic\u00f3lico de Maracuj\u00e1<\/p>\n<p>O maracuj\u00e1 \u00e9 rico em vitaminas C e A, al\u00e9m de possuir mucilagem, alcal\u00f3ides (passiflorina, maracugina), flavon\u00f3ides, glic\u00eddios e taninos.<\/p>\n<p>Possui propriedades hidratante, vasoprotetor, fecha os poros, \u00e9 suavizante e refrescante.\u00a0 Al\u00e9m disso atua tamb\u00e9m como antiinflamat\u00f3rio atrav\u00e9s das vitaminas e flavon\u00f3ides<\/p>\n","protected":false},"excerpt":{"rendered":"<p>Extrato Glic\u00f3lico de Maracuj\u00e1<\/p>\n<p>Possui propriedades hidratante, vasoprotetor, fecha os poros, \u00e9 suavizante e refrescante.\u00a0 Al\u00e9m disso atua tamb\u00e9m como antiinflamat\u00f3rio atrav\u00e9s das vitaminas e flavon\u00f3ides<\/p>\n","protected":false},"featured_media":16142,"comment_status":"open","ping_status":"closed","template":"","meta":{"_exactmetrics_skip_tracking":false,"_exactmetrics_sitenote_active":false,"_exactmetrics_sitenote_note":"","_exactmetrics_sitenote_category":0},"product_brand":[],"product_cat":[386,303,381,15],"product_tag":[444,535,640,534],"class_list":{"0":"post-14540","1":"product","2":"type-product","3":"status-publish","4":"has-post-thumbnail","6":"product_cat-estratos-glicolicos","7":"product_cat-extratos-glicolicos-de-plantas-e-frutas","8":"product_cat-materiais-para-sabonetes","9":"product_cat-ver-todos-os-produtos","10":"product_tag-extrato","11":"product_tag-extratos-glicolicos","12":"product_tag-maracuja","13":"product_tag-sabonete","15":"first","16":"instock","17":"taxable","18":"shipping-taxable","19":"purchasable","20":"product-type-variable"},"yoast_head":"<!-- This site is optimized with the Yoast SEO plugin v27.4 - https:\/\/yoast.com\/product\/yoast-seo-wordpress\/ -->\n<title>Extrato Glic\u00f3lico Maracuj\u00e1 - hidratante e anti-inflamatorio<\/title>\n<meta name=\"description\" content=\"Possui propriedades hidratante, suavizante e refrescante.\u00a0Atua tamb\u00e9m como antiinflamat\u00f3rio, hidratante, vasoprotetor, fecha os poros.\" \/>\n<meta name=\"robots\" content=\"index, follow, max-snippet:-1, max-image-preview:large, max-video-preview:-1\" \/>\n<link rel=\"canonical\" href=\"https:\/\/divertarte.com\/index.php\/produto\/extrato-glicolico-maracuja\/\" \/>\n<meta property=\"og:locale\" content=\"pt_PT\" \/>\n<meta property=\"og:type\" content=\"article\" \/>\n<meta property=\"og:title\" content=\"Extrato Glic\u00f3lico Maracuj\u00e1 - hidratante e anti-inflamatorio\" \/>\n<meta property=\"og:description\" content=\"Possui propriedades hidratante, suavizante e refrescante.\u00a0Atua tamb\u00e9m como antiinflamat\u00f3rio, hidratante, vasoprotetor, fecha os poros.\" \/>\n<meta property=\"og:url\" content=\"https:\/\/divertarte.com\/index.php\/produto\/extrato-glicolico-maracuja\/\" \/>\n<meta property=\"article:modified_time\" content=\"2025-11-06T13:24:16+00:00\" \/>\n<meta property=\"og:image\" content=\"https:\/\/divertarte.com\/wp-content\/uploads\/2021\/06\/extrato_glicolico_maracuja.png\" \/>\n\t<meta property=\"og:image:width\" content=\"300\" \/>\n\t<meta property=\"og:image:height\" content=\"300\" \/>\n\t<meta property=\"og:image:type\" content=\"image\/png\" \/>\n<meta name=\"twitter:card\" content=\"summary_large_image\" \/>\n<meta name=\"twitter:label1\" content=\"Tempo estimado de leitura\" \/>\n\t<meta name=\"twitter:data1\" content=\"1 minuto\" \/>\n<script type=\"application\/ld+json\" class=\"yoast-schema-graph\">{\"@context\":\"https:\\\/\\\/schema.org\",\"@graph\":[{\"@type\":\"WebPage\",\"@id\":\"https:\\\/\\\/divertarte.com\\\/index.php\\\/produto\\\/extrato-glicolico-maracuja\\\/\",\"url\":\"https:\\\/\\\/divertarte.com\\\/index.php\\\/produto\\\/extrato-glicolico-maracuja\\\/\",\"name\":\"Extrato Glic\u00f3lico Maracuj\u00e1 - hidratante e anti-inflamatorio\",\"isPartOf\":{\"@id\":\"https:\\\/\\\/divertarte.com\\\/#website\"},\"primaryImageOfPage\":{\"@id\":\"https:\\\/\\\/divertarte.com\\\/index.php\\\/produto\\\/extrato-glicolico-maracuja\\\/#primaryimage\"},\"image\":{\"@id\":\"https:\\\/\\\/divertarte.com\\\/index.php\\\/produto\\\/extrato-glicolico-maracuja\\\/#primaryimage\"},\"thumbnailUrl\":\"https:\\\/\\\/divertarte.com\\\/wp-content\\\/uploads\\\/2021\\\/06\\\/extrato_glicolico_maracuja.png\",\"datePublished\":\"2021-06-15T13:09:29+00:00\",\"dateModified\":\"2025-11-06T13:24:16+00:00\",\"description\":\"Possui propriedades hidratante, suavizante e refrescante.\u00a0Atua tamb\u00e9m como antiinflamat\u00f3rio, hidratante, vasoprotetor, fecha os poros.\",\"breadcrumb\":{\"@id\":\"https:\\\/\\\/divertarte.com\\\/index.php\\\/produto\\\/extrato-glicolico-maracuja\\\/#breadcrumb\"},\"inLanguage\":\"pt-PT\",\"potentialAction\":[{\"@type\":\"ReadAction\",\"target\":[\"https:\\\/\\\/divertarte.com\\\/index.php\\\/produto\\\/extrato-glicolico-maracuja\\\/\"]}]},{\"@type\":\"ImageObject\",\"inLanguage\":\"pt-PT\",\"@id\":\"https:\\\/\\\/divertarte.com\\\/index.php\\\/produto\\\/extrato-glicolico-maracuja\\\/#primaryimage\",\"url\":\"https:\\\/\\\/divertarte.com\\\/wp-content\\\/uploads\\\/2021\\\/06\\\/extrato_glicolico_maracuja.png\",\"contentUrl\":\"https:\\\/\\\/divertarte.com\\\/wp-content\\\/uploads\\\/2021\\\/06\\\/extrato_glicolico_maracuja.png\",\"width\":300,\"height\":300},{\"@type\":\"BreadcrumbList\",\"@id\":\"https:\\\/\\\/divertarte.com\\\/index.php\\\/produto\\\/extrato-glicolico-maracuja\\\/#breadcrumb\",\"itemListElement\":[{\"@type\":\"ListItem\",\"position\":1,\"name\":\"In\u00edcio\",\"item\":\"https:\\\/\\\/divertarte.com\\\/\"},{\"@type\":\"ListItem\",\"position\":2,\"name\":\"Loja\",\"item\":\"https:\\\/\\\/divertarte.com\\\/index.php\\\/divertarte-produtos\\\/\"},{\"@type\":\"ListItem\",\"position\":3,\"name\":\"Extrato Glic\u00f3lico Maracuj\u00e1\"}]},{\"@type\":\"WebSite\",\"@id\":\"https:\\\/\\\/divertarte.com\\\/#website\",\"url\":\"https:\\\/\\\/divertarte.com\\\/\",\"name\":\"Divertarte\",\"description\":\"\",\"publisher\":{\"@id\":\"https:\\\/\\\/divertarte.com\\\/#organization\"},\"potentialAction\":[{\"@type\":\"SearchAction\",\"target\":{\"@type\":\"EntryPoint\",\"urlTemplate\":\"https:\\\/\\\/divertarte.com\\\/?s={search_term_string}\"},\"query-input\":{\"@type\":\"PropertyValueSpecification\",\"valueRequired\":true,\"valueName\":\"search_term_string\"}}],\"inLanguage\":\"pt-PT\"},{\"@type\":\"Organization\",\"@id\":\"https:\\\/\\\/divertarte.com\\\/#organization\",\"name\":\"Divertarte\",\"url\":\"https:\\\/\\\/divertarte.com\\\/\",\"logo\":{\"@type\":\"ImageObject\",\"inLanguage\":\"pt-PT\",\"@id\":\"https:\\\/\\\/divertarte.com\\\/#\\\/schema\\\/logo\\\/image\\\/\",\"url\":\"https:\\\/\\\/divertarte.com\\\/wp-content\\\/uploads\\\/2018\\\/07\\\/logo-div.jpg\",\"contentUrl\":\"https:\\\/\\\/divertarte.com\\\/wp-content\\\/uploads\\\/2018\\\/07\\\/logo-div.jpg\",\"width\":295,\"height\":123,\"caption\":\"Divertarte\"},\"image\":{\"@id\":\"https:\\\/\\\/divertarte.com\\\/#\\\/schema\\\/logo\\\/image\\\/\"}}]}<\/script>\n<!-- \/ Yoast SEO plugin. -->","yoast_head_json":{"title":"Extrato Glic\u00f3lico Maracuj\u00e1 - hidratante e anti-inflamatorio","description":"Possui propriedades hidratante, suavizante e refrescante.\u00a0Atua tamb\u00e9m como antiinflamat\u00f3rio, hidratante, vasoprotetor, fecha os poros.","robots":{"index":"index","follow":"follow","max-snippet":"max-snippet:-1","max-image-preview":"max-image-preview:large","max-video-preview":"max-video-preview:-1"},"canonical":"https:\/\/divertarte.com\/index.php\/produto\/extrato-glicolico-maracuja\/","og_locale":"pt_PT","og_type":"article","og_title":"Extrato Glic\u00f3lico Maracuj\u00e1 - hidratante e anti-inflamatorio","og_description":"Possui propriedades hidratante, suavizante e refrescante.\u00a0Atua tamb\u00e9m como antiinflamat\u00f3rio, hidratante, vasoprotetor, fecha os poros.","og_url":"https:\/\/divertarte.com\/index.php\/produto\/extrato-glicolico-maracuja\/","article_modified_time":"2025-11-06T13:24:16+00:00","og_image":[{"width":300,"height":300,"url":"https:\/\/divertarte.com\/wp-content\/uploads\/2021\/06\/extrato_glicolico_maracuja.png","type":"image\/png"}],"twitter_card":"summary_large_image","twitter_misc":{"Tempo estimado de leitura":"1 minuto"},"schema":{"@context":"https:\/\/schema.org","@graph":[{"@type":"WebPage","@id":"https:\/\/divertarte.com\/index.php\/produto\/extrato-glicolico-maracuja\/","url":"https:\/\/divertarte.com\/index.php\/produto\/extrato-glicolico-maracuja\/","name":"Extrato Glic\u00f3lico Maracuj\u00e1 - hidratante e anti-inflamatorio","isPartOf":{"@id":"https:\/\/divertarte.com\/#website"},"primaryImageOfPage":{"@id":"https:\/\/divertarte.com\/index.php\/produto\/extrato-glicolico-maracuja\/#primaryimage"},"image":{"@id":"https:\/\/divertarte.com\/index.php\/produto\/extrato-glicolico-maracuja\/#primaryimage"},"thumbnailUrl":"https:\/\/divertarte.com\/wp-content\/uploads\/2021\/06\/extrato_glicolico_maracuja.png","datePublished":"2021-06-15T13:09:29+00:00","dateModified":"2025-11-06T13:24:16+00:00","description":"Possui propriedades hidratante, suavizante e refrescante.\u00a0Atua tamb\u00e9m como antiinflamat\u00f3rio, hidratante, vasoprotetor, fecha os poros.","breadcrumb":{"@id":"https:\/\/divertarte.com\/index.php\/produto\/extrato-glicolico-maracuja\/#breadcrumb"},"inLanguage":"pt-PT","potentialAction":[{"@type":"ReadAction","target":["https:\/\/divertarte.com\/index.php\/produto\/extrato-glicolico-maracuja\/"]}]},{"@type":"ImageObject","inLanguage":"pt-PT","@id":"https:\/\/divertarte.com\/index.php\/produto\/extrato-glicolico-maracuja\/#primaryimage","url":"https:\/\/divertarte.com\/wp-content\/uploads\/2021\/06\/extrato_glicolico_maracuja.png","contentUrl":"https:\/\/divertarte.com\/wp-content\/uploads\/2021\/06\/extrato_glicolico_maracuja.png","width":300,"height":300},{"@type":"BreadcrumbList","@id":"https:\/\/divertarte.com\/index.php\/produto\/extrato-glicolico-maracuja\/#breadcrumb","itemListElement":[{"@type":"ListItem","position":1,"name":"In\u00edcio","item":"https:\/\/divertarte.com\/"},{"@type":"ListItem","position":2,"name":"Loja","item":"https:\/\/divertarte.com\/index.php\/divertarte-produtos\/"},{"@type":"ListItem","position":3,"name":"Extrato Glic\u00f3lico Maracuj\u00e1"}]},{"@type":"WebSite","@id":"https:\/\/divertarte.com\/#website","url":"https:\/\/divertarte.com\/","name":"Divertarte","description":"","publisher":{"@id":"https:\/\/divertarte.com\/#organization"},"potentialAction":[{"@type":"SearchAction","target":{"@type":"EntryPoint","urlTemplate":"https:\/\/divertarte.com\/?s={search_term_string}"},"query-input":{"@type":"PropertyValueSpecification","valueRequired":true,"valueName":"search_term_string"}}],"inLanguage":"pt-PT"},{"@type":"Organization","@id":"https:\/\/divertarte.com\/#organization","name":"Divertarte","url":"https:\/\/divertarte.com\/","logo":{"@type":"ImageObject","inLanguage":"pt-PT","@id":"https:\/\/divertarte.com\/#\/schema\/logo\/image\/","url":"https:\/\/divertarte.com\/wp-content\/uploads\/2018\/07\/logo-div.jpg","contentUrl":"https:\/\/divertarte.com\/wp-content\/uploads\/2018\/07\/logo-div.jpg","width":295,"height":123,"caption":"Divertarte"},"image":{"@id":"https:\/\/divertarte.com\/#\/schema\/logo\/image\/"}}]}},"_links":{"self":[{"href":"https:\/\/divertarte.com\/index.php\/wp-json\/wp\/v2\/product\/14540","targetHints":{"allow":["GET"]}}],"collection":[{"href":"https:\/\/divertarte.com\/index.php\/wp-json\/wp\/v2\/product"}],"about":[{"href":"https:\/\/divertarte.com\/index.php\/wp-json\/wp\/v2\/types\/product"}],"replies":[{"embeddable":true,"href":"https:\/\/divertarte.com\/index.php\/wp-json\/wp\/v2\/comments?post=14540"}],"wp:featuredmedia":[{"embeddable":true,"href":"https:\/\/divertarte.com\/index.php\/wp-json\/wp\/v2\/media\/16142"}],"wp:attachment":[{"href":"https:\/\/divertarte.com\/index.php\/wp-json\/wp\/v2\/media?parent=14540"}],"wp:term":[{"taxonomy":"product_brand","embeddable":true,"href":"https:\/\/divertarte.com\/index.php\/wp-json\/wp\/v2\/product_brand?post=14540"},{"taxonomy":"product_cat","embeddable":true,"href":"https:\/\/divertarte.com\/index.php\/wp-json\/wp\/v2\/product_cat?post=14540"},{"taxonomy":"product_tag","embeddable":true,"href":"https:\/\/divertarte.com\/index.php\/wp-json\/wp\/v2\/product_tag?post=14540"}],"curies":[{"name":"wp","href":"https:\/\/api.w.org\/{rel}","templated":true}]}}