{"id":14442,"date":"2021-06-05T14:11:40","date_gmt":"2021-06-05T13:11:40","guid":{"rendered":"https:\/\/divertarte.com\/?post_type=product&#038;p=14442"},"modified":"2025-11-06T13:24:21","modified_gmt":"2025-11-06T13:24:21","slug":"molde-silicone-santo-antonio-3d-grande","status":"publish","type":"product","link":"https:\/\/divertarte.com\/index.php\/produto\/molde-silicone-santo-antonio-3d-grande\/","title":{"rendered":"Molde Silicone Santo Ant\u00f3nio 3d Grande"},"content":{"rendered":"<p>Molde Silicone Santo Ant\u00f3nio G<\/p>\n<p>Al\u00e9m disso com este molde podes fazer vela, resina, gesso ou outro material que n\u00e3o contenha silicone<\/p>\n<p>Medidas aproximadas da pe\u00e7a pronta 34 cm<\/p>\n","protected":false},"excerpt":{"rendered":"<p>Molde Silicone Santo Ant\u00f3nio G<\/p>\n<p>Com este molde podes fazer vela, resina, gesso ou outro material que n\u00e3o contenha silicone<\/p>\n<p>Medidas aproximadas da pe\u00e7a pronta 34 cm<\/p>\n","protected":false},"featured_media":14443,"comment_status":"open","ping_status":"closed","template":"","meta":{"_exactmetrics_skip_tracking":false,"_exactmetrics_sitenote_active":false,"_exactmetrics_sitenote_note":"","_exactmetrics_sitenote_category":0},"product_brand":[],"product_cat":[508,54,320,91,313,15],"product_tag":[745,746],"class_list":{"0":"post-14442","1":"product","2":"type-product","3":"status-publish","4":"has-post-thumbnail","6":"product_cat-moldes-3d","7":"product_cat-moldes-de-silicone-em-portugal","8":"product_cat-moldes-de-silicone-3d","9":"product_cat-moldes-religiosos","10":"product_cat-moldes-tourist-souvenirs","11":"product_cat-ver-todos-os-produtos","12":"product_tag-moldes-de-silicone-3d","13":"product_tag-moldes-santos","15":"first","16":"instock","17":"taxable","18":"shipping-taxable","19":"purchasable","20":"product-type-simple"},"yoast_head":"<!-- This site is optimized with the Yoast SEO plugin v27.3 - https:\/\/yoast.com\/product\/yoast-seo-wordpress\/ -->\n<title>Molde Silicone Santo Ant\u00f3nio 3d Grande -<\/title>\n<meta name=\"description\" content=\"Com este molde podes fazer vela, resina, gesso ou outro material que n\u00e3o contenha silicone. Medidas aproximadas da pe\u00e7a pronta 34 cm\" \/>\n<meta name=\"robots\" content=\"index, follow, max-snippet:-1, max-image-preview:large, max-video-preview:-1\" \/>\n<link rel=\"canonical\" href=\"https:\/\/divertarte.com\/index.php\/produto\/molde-silicone-santo-antonio-3d-grande\/\" \/>\n<meta property=\"og:locale\" content=\"pt_PT\" \/>\n<meta property=\"og:type\" content=\"article\" \/>\n<meta property=\"og:title\" content=\"Molde Silicone Santo Ant\u00f3nio 3d Grande -\" \/>\n<meta property=\"og:description\" content=\"Com este molde podes fazer vela, resina, gesso ou outro material que n\u00e3o contenha silicone. Medidas aproximadas da pe\u00e7a pronta 34 cm\" \/>\n<meta property=\"og:url\" content=\"https:\/\/divertarte.com\/index.php\/produto\/molde-silicone-santo-antonio-3d-grande\/\" \/>\n<meta property=\"article:modified_time\" content=\"2025-11-06T13:24:21+00:00\" \/>\n<meta property=\"og:image\" content=\"https:\/\/divertarte.com\/wp-content\/uploads\/2021\/06\/Santo-Antonio-3D-34cm.jpg\" \/>\n\t<meta property=\"og:image:width\" content=\"300\" \/>\n\t<meta property=\"og:image:height\" content=\"301\" \/>\n\t<meta property=\"og:image:type\" content=\"image\/jpeg\" \/>\n<meta name=\"twitter:card\" content=\"summary_large_image\" \/>\n<meta name=\"twitter:label1\" content=\"Tempo estimado de leitura\" \/>\n\t<meta name=\"twitter:data1\" content=\"1 minuto\" \/>\n<script type=\"application\/ld+json\" class=\"yoast-schema-graph\">{\"@context\":\"https:\\\/\\\/schema.org\",\"@graph\":[{\"@type\":\"WebPage\",\"@id\":\"https:\\\/\\\/divertarte.com\\\/index.php\\\/produto\\\/molde-silicone-santo-antonio-3d-grande\\\/\",\"url\":\"https:\\\/\\\/divertarte.com\\\/index.php\\\/produto\\\/molde-silicone-santo-antonio-3d-grande\\\/\",\"name\":\"Molde Silicone Santo Ant\u00f3nio 3d Grande -\",\"isPartOf\":{\"@id\":\"https:\\\/\\\/divertarte.com\\\/#website\"},\"primaryImageOfPage\":{\"@id\":\"https:\\\/\\\/divertarte.com\\\/index.php\\\/produto\\\/molde-silicone-santo-antonio-3d-grande\\\/#primaryimage\"},\"image\":{\"@id\":\"https:\\\/\\\/divertarte.com\\\/index.php\\\/produto\\\/molde-silicone-santo-antonio-3d-grande\\\/#primaryimage\"},\"thumbnailUrl\":\"https:\\\/\\\/divertarte.com\\\/wp-content\\\/uploads\\\/2021\\\/06\\\/Santo-Antonio-3D-34cm.jpg\",\"datePublished\":\"2021-06-05T13:11:40+00:00\",\"dateModified\":\"2025-11-06T13:24:21+00:00\",\"description\":\"Com este molde podes fazer vela, resina, gesso ou outro material que n\u00e3o contenha silicone. Medidas aproximadas da pe\u00e7a pronta 34 cm\",\"breadcrumb\":{\"@id\":\"https:\\\/\\\/divertarte.com\\\/index.php\\\/produto\\\/molde-silicone-santo-antonio-3d-grande\\\/#breadcrumb\"},\"inLanguage\":\"pt-PT\",\"potentialAction\":[{\"@type\":\"ReadAction\",\"target\":[\"https:\\\/\\\/divertarte.com\\\/index.php\\\/produto\\\/molde-silicone-santo-antonio-3d-grande\\\/\"]}]},{\"@type\":\"ImageObject\",\"inLanguage\":\"pt-PT\",\"@id\":\"https:\\\/\\\/divertarte.com\\\/index.php\\\/produto\\\/molde-silicone-santo-antonio-3d-grande\\\/#primaryimage\",\"url\":\"https:\\\/\\\/divertarte.com\\\/wp-content\\\/uploads\\\/2021\\\/06\\\/Santo-Antonio-3D-34cm.jpg\",\"contentUrl\":\"https:\\\/\\\/divertarte.com\\\/wp-content\\\/uploads\\\/2021\\\/06\\\/Santo-Antonio-3D-34cm.jpg\",\"width\":300,\"height\":301},{\"@type\":\"BreadcrumbList\",\"@id\":\"https:\\\/\\\/divertarte.com\\\/index.php\\\/produto\\\/molde-silicone-santo-antonio-3d-grande\\\/#breadcrumb\",\"itemListElement\":[{\"@type\":\"ListItem\",\"position\":1,\"name\":\"In\u00edcio\",\"item\":\"https:\\\/\\\/divertarte.com\\\/\"},{\"@type\":\"ListItem\",\"position\":2,\"name\":\"Loja\",\"item\":\"https:\\\/\\\/divertarte.com\\\/index.php\\\/divertarte-produtos\\\/\"},{\"@type\":\"ListItem\",\"position\":3,\"name\":\"Molde Silicone Santo Ant\u00f3nio 3d Grande\"}]},{\"@type\":\"WebSite\",\"@id\":\"https:\\\/\\\/divertarte.com\\\/#website\",\"url\":\"https:\\\/\\\/divertarte.com\\\/\",\"name\":\"Divertarte\",\"description\":\"\",\"publisher\":{\"@id\":\"https:\\\/\\\/divertarte.com\\\/#organization\"},\"potentialAction\":[{\"@type\":\"SearchAction\",\"target\":{\"@type\":\"EntryPoint\",\"urlTemplate\":\"https:\\\/\\\/divertarte.com\\\/?s={search_term_string}\"},\"query-input\":{\"@type\":\"PropertyValueSpecification\",\"valueRequired\":true,\"valueName\":\"search_term_string\"}}],\"inLanguage\":\"pt-PT\"},{\"@type\":\"Organization\",\"@id\":\"https:\\\/\\\/divertarte.com\\\/#organization\",\"name\":\"Divertarte\",\"url\":\"https:\\\/\\\/divertarte.com\\\/\",\"logo\":{\"@type\":\"ImageObject\",\"inLanguage\":\"pt-PT\",\"@id\":\"https:\\\/\\\/divertarte.com\\\/#\\\/schema\\\/logo\\\/image\\\/\",\"url\":\"https:\\\/\\\/divertarte.com\\\/wp-content\\\/uploads\\\/2018\\\/07\\\/logo-div.jpg\",\"contentUrl\":\"https:\\\/\\\/divertarte.com\\\/wp-content\\\/uploads\\\/2018\\\/07\\\/logo-div.jpg\",\"width\":295,\"height\":123,\"caption\":\"Divertarte\"},\"image\":{\"@id\":\"https:\\\/\\\/divertarte.com\\\/#\\\/schema\\\/logo\\\/image\\\/\"}}]}<\/script>\n<!-- \/ Yoast SEO plugin. -->","yoast_head_json":{"title":"Molde Silicone Santo Ant\u00f3nio 3d Grande -","description":"Com este molde podes fazer vela, resina, gesso ou outro material que n\u00e3o contenha silicone. Medidas aproximadas da pe\u00e7a pronta 34 cm","robots":{"index":"index","follow":"follow","max-snippet":"max-snippet:-1","max-image-preview":"max-image-preview:large","max-video-preview":"max-video-preview:-1"},"canonical":"https:\/\/divertarte.com\/index.php\/produto\/molde-silicone-santo-antonio-3d-grande\/","og_locale":"pt_PT","og_type":"article","og_title":"Molde Silicone Santo Ant\u00f3nio 3d Grande -","og_description":"Com este molde podes fazer vela, resina, gesso ou outro material que n\u00e3o contenha silicone. Medidas aproximadas da pe\u00e7a pronta 34 cm","og_url":"https:\/\/divertarte.com\/index.php\/produto\/molde-silicone-santo-antonio-3d-grande\/","article_modified_time":"2025-11-06T13:24:21+00:00","og_image":[{"width":300,"height":301,"url":"https:\/\/divertarte.com\/wp-content\/uploads\/2021\/06\/Santo-Antonio-3D-34cm.jpg","type":"image\/jpeg"}],"twitter_card":"summary_large_image","twitter_misc":{"Tempo estimado de leitura":"1 minuto"},"schema":{"@context":"https:\/\/schema.org","@graph":[{"@type":"WebPage","@id":"https:\/\/divertarte.com\/index.php\/produto\/molde-silicone-santo-antonio-3d-grande\/","url":"https:\/\/divertarte.com\/index.php\/produto\/molde-silicone-santo-antonio-3d-grande\/","name":"Molde Silicone Santo Ant\u00f3nio 3d Grande -","isPartOf":{"@id":"https:\/\/divertarte.com\/#website"},"primaryImageOfPage":{"@id":"https:\/\/divertarte.com\/index.php\/produto\/molde-silicone-santo-antonio-3d-grande\/#primaryimage"},"image":{"@id":"https:\/\/divertarte.com\/index.php\/produto\/molde-silicone-santo-antonio-3d-grande\/#primaryimage"},"thumbnailUrl":"https:\/\/divertarte.com\/wp-content\/uploads\/2021\/06\/Santo-Antonio-3D-34cm.jpg","datePublished":"2021-06-05T13:11:40+00:00","dateModified":"2025-11-06T13:24:21+00:00","description":"Com este molde podes fazer vela, resina, gesso ou outro material que n\u00e3o contenha silicone. Medidas aproximadas da pe\u00e7a pronta 34 cm","breadcrumb":{"@id":"https:\/\/divertarte.com\/index.php\/produto\/molde-silicone-santo-antonio-3d-grande\/#breadcrumb"},"inLanguage":"pt-PT","potentialAction":[{"@type":"ReadAction","target":["https:\/\/divertarte.com\/index.php\/produto\/molde-silicone-santo-antonio-3d-grande\/"]}]},{"@type":"ImageObject","inLanguage":"pt-PT","@id":"https:\/\/divertarte.com\/index.php\/produto\/molde-silicone-santo-antonio-3d-grande\/#primaryimage","url":"https:\/\/divertarte.com\/wp-content\/uploads\/2021\/06\/Santo-Antonio-3D-34cm.jpg","contentUrl":"https:\/\/divertarte.com\/wp-content\/uploads\/2021\/06\/Santo-Antonio-3D-34cm.jpg","width":300,"height":301},{"@type":"BreadcrumbList","@id":"https:\/\/divertarte.com\/index.php\/produto\/molde-silicone-santo-antonio-3d-grande\/#breadcrumb","itemListElement":[{"@type":"ListItem","position":1,"name":"In\u00edcio","item":"https:\/\/divertarte.com\/"},{"@type":"ListItem","position":2,"name":"Loja","item":"https:\/\/divertarte.com\/index.php\/divertarte-produtos\/"},{"@type":"ListItem","position":3,"name":"Molde Silicone Santo Ant\u00f3nio 3d Grande"}]},{"@type":"WebSite","@id":"https:\/\/divertarte.com\/#website","url":"https:\/\/divertarte.com\/","name":"Divertarte","description":"","publisher":{"@id":"https:\/\/divertarte.com\/#organization"},"potentialAction":[{"@type":"SearchAction","target":{"@type":"EntryPoint","urlTemplate":"https:\/\/divertarte.com\/?s={search_term_string}"},"query-input":{"@type":"PropertyValueSpecification","valueRequired":true,"valueName":"search_term_string"}}],"inLanguage":"pt-PT"},{"@type":"Organization","@id":"https:\/\/divertarte.com\/#organization","name":"Divertarte","url":"https:\/\/divertarte.com\/","logo":{"@type":"ImageObject","inLanguage":"pt-PT","@id":"https:\/\/divertarte.com\/#\/schema\/logo\/image\/","url":"https:\/\/divertarte.com\/wp-content\/uploads\/2018\/07\/logo-div.jpg","contentUrl":"https:\/\/divertarte.com\/wp-content\/uploads\/2018\/07\/logo-div.jpg","width":295,"height":123,"caption":"Divertarte"},"image":{"@id":"https:\/\/divertarte.com\/#\/schema\/logo\/image\/"}}]}},"_links":{"self":[{"href":"https:\/\/divertarte.com\/index.php\/wp-json\/wp\/v2\/product\/14442","targetHints":{"allow":["GET"]}}],"collection":[{"href":"https:\/\/divertarte.com\/index.php\/wp-json\/wp\/v2\/product"}],"about":[{"href":"https:\/\/divertarte.com\/index.php\/wp-json\/wp\/v2\/types\/product"}],"replies":[{"embeddable":true,"href":"https:\/\/divertarte.com\/index.php\/wp-json\/wp\/v2\/comments?post=14442"}],"wp:featuredmedia":[{"embeddable":true,"href":"https:\/\/divertarte.com\/index.php\/wp-json\/wp\/v2\/media\/14443"}],"wp:attachment":[{"href":"https:\/\/divertarte.com\/index.php\/wp-json\/wp\/v2\/media?parent=14442"}],"wp:term":[{"taxonomy":"product_brand","embeddable":true,"href":"https:\/\/divertarte.com\/index.php\/wp-json\/wp\/v2\/product_brand?post=14442"},{"taxonomy":"product_cat","embeddable":true,"href":"https:\/\/divertarte.com\/index.php\/wp-json\/wp\/v2\/product_cat?post=14442"},{"taxonomy":"product_tag","embeddable":true,"href":"https:\/\/divertarte.com\/index.php\/wp-json\/wp\/v2\/product_tag?post=14442"}],"curies":[{"name":"wp","href":"https:\/\/api.w.org\/{rel}","templated":true}]}}