{"id":1441,"date":"2018-06-07T14:01:40","date_gmt":"2018-06-07T13:01:40","guid":{"rendered":"https:\/\/divertarte.com\/index.php\/produto\/azul-marinho-100-gr\/"},"modified":"2025-11-06T14:10:18","modified_gmt":"2025-11-06T14:10:18","slug":"azul-marinho-100-gr","status":"publish","type":"product","link":"https:\/\/divertarte.com\/index.php\/produto\/azul-marinho-100-gr\/","title":{"rendered":"AZUL MARINHO 100 GR"},"content":{"rendered":"<p>Anilina a \u00f3leo<br \/>\nPeso l\u00edquido: +- 100 gramas &#8211; Caracter\u00edstica : Pigmento em p\u00f3 super concentrado a base de \u00f3leo.<\/p>\n<p>Aplica\u00e7\u00e3o: Colorir Gel, parafina, graxas, couros, ceras, resinas, pl\u00e1sticos. Al\u00e9m disso dissolve no \u00e1lcool para colorir pano e papel.<\/p>\n<p>&#8211; Como usar: Por ser corante pigmentado, deve-se dissolver primeiro numa pequena quantidade de parafina ou gel, formando uma pasta de cor bem uniforme. Logo em seguida, colocar a pasta no restante, mantendo uma temperatura de 70 graus. Teste a cor final retirando uma pequena amostra deixando arrefecer.<br \/>\n&#8211; Recomenda\u00e7\u00e3o: N\u00e3o dilui em \u00e1gua. N\u00e3o usar em produtos cosm\u00e9ticos ou alimentares<\/p>\n","protected":false},"excerpt":{"rendered":"<p>Anilina a \u00f3leo<br \/>\nPeso l\u00edquido: +- 100 gramas &#8211; Caracter\u00edstica : Pigmento em p\u00f3 super concentrado a base de \u00f3leo.<\/p>\n<p>Aplica\u00e7\u00e3o: Colorir Gel, parafina, graxas, couros, ceras, resinas, pl\u00e1sticos. Al\u00e9m disso dissolve no \u00e1lcool para colorir pano e papel.<\/p>\n<p>&#8211; Como usar: Por ser corante pigmentado, deve-se dissolver primeiro numa pequena quantidade de parafina ou gel, formando uma pasta de cor bem uniforme. Logo em seguida, colocar a pasta no restante, mantendo uma temperatura de 70 graus. Teste a cor final retirando uma pequena amostra deixando arrefecer.<br \/>\n&#8211; Recomenda\u00e7\u00e3o: N\u00e3o dilui em \u00e1gua. N\u00e3o usar em produtos cosm\u00e9ticos ou alimentares<\/p>\n","protected":false},"featured_media":5283,"comment_status":"closed","ping_status":"closed","template":"","meta":{"_exactmetrics_skip_tracking":false,"_exactmetrics_sitenote_active":false,"_exactmetrics_sitenote_note":"","_exactmetrics_sitenote_category":0},"product_brand":[],"product_cat":[15],"product_tag":[],"class_list":{"0":"post-1441","1":"product","2":"type-product","3":"status-publish","4":"has-post-thumbnail","6":"product_cat-ver-todos-os-produtos","8":"first","9":"instock","10":"taxable","11":"shipping-taxable","12":"purchasable","13":"product-type-simple"},"yoast_head":"<!-- This site is optimized with the Yoast SEO plugin v27.4 - https:\/\/yoast.com\/product\/yoast-seo-wordpress\/ -->\n<title>AZUL MARINHO 100 GR -<\/title>\n<meta name=\"robots\" content=\"index, follow, max-snippet:-1, max-image-preview:large, max-video-preview:-1\" \/>\n<link rel=\"canonical\" href=\"https:\/\/divertarte.com\/index.php\/produto\/azul-marinho-100-gr\/\" \/>\n<meta property=\"og:locale\" content=\"pt_PT\" \/>\n<meta property=\"og:type\" content=\"article\" \/>\n<meta property=\"og:title\" content=\"AZUL MARINHO 100 GR -\" \/>\n<meta property=\"og:description\" content=\"Anilina a \u00f3leo Peso l\u00edquido: +- 100 gramas - Caracter\u00edstica : Pigmento em p\u00f3 super concentrado a base de \u00f3leo.  Aplica\u00e7\u00e3o: Colorir Gel, parafina, graxas, couros, ceras, resinas, pl\u00e1sticos. Al\u00e9m disso dissolve no \u00e1lcool para colorir pano e papel.  - Como usar: Por ser corante pigmentado, deve-se dissolver primeiro numa pequena quantidade de parafina ou gel, formando uma pasta de cor bem uniforme. Logo em seguida, colocar a pasta no restante, mantendo uma temperatura de 70 graus. Teste a cor final retirando uma pequena amostra deixando arrefecer. - Recomenda\u00e7\u00e3o: N\u00e3o dilui em \u00e1gua. N\u00e3o usar em produtos cosm\u00e9ticos ou alimentares\" \/>\n<meta property=\"og:url\" content=\"https:\/\/divertarte.com\/index.php\/produto\/azul-marinho-100-gr\/\" \/>\n<meta property=\"article:modified_time\" content=\"2025-11-06T14:10:18+00:00\" \/>\n<meta property=\"og:image\" content=\"https:\/\/divertarte.com\/wp-content\/uploads\/2018\/05\/anilinapote.jpg\" \/>\n\t<meta property=\"og:image:width\" content=\"558\" \/>\n\t<meta property=\"og:image:height\" content=\"558\" \/>\n\t<meta property=\"og:image:type\" content=\"image\/jpeg\" \/>\n<meta name=\"twitter:card\" content=\"summary_large_image\" \/>\n<meta name=\"twitter:label1\" content=\"Tempo estimado de leitura\" \/>\n\t<meta name=\"twitter:data1\" content=\"1 minuto\" \/>\n<script type=\"application\/ld+json\" class=\"yoast-schema-graph\">{\"@context\":\"https:\\\/\\\/schema.org\",\"@graph\":[{\"@type\":\"WebPage\",\"@id\":\"https:\\\/\\\/divertarte.com\\\/index.php\\\/produto\\\/azul-marinho-100-gr\\\/\",\"url\":\"https:\\\/\\\/divertarte.com\\\/index.php\\\/produto\\\/azul-marinho-100-gr\\\/\",\"name\":\"AZUL MARINHO 100 GR -\",\"isPartOf\":{\"@id\":\"https:\\\/\\\/divertarte.com\\\/#website\"},\"primaryImageOfPage\":{\"@id\":\"https:\\\/\\\/divertarte.com\\\/index.php\\\/produto\\\/azul-marinho-100-gr\\\/#primaryimage\"},\"image\":{\"@id\":\"https:\\\/\\\/divertarte.com\\\/index.php\\\/produto\\\/azul-marinho-100-gr\\\/#primaryimage\"},\"thumbnailUrl\":\"https:\\\/\\\/divertarte.com\\\/wp-content\\\/uploads\\\/2018\\\/05\\\/anilinapote.jpg\",\"datePublished\":\"2018-06-07T13:01:40+00:00\",\"dateModified\":\"2025-11-06T14:10:18+00:00\",\"breadcrumb\":{\"@id\":\"https:\\\/\\\/divertarte.com\\\/index.php\\\/produto\\\/azul-marinho-100-gr\\\/#breadcrumb\"},\"inLanguage\":\"pt-PT\",\"potentialAction\":[{\"@type\":\"ReadAction\",\"target\":[\"https:\\\/\\\/divertarte.com\\\/index.php\\\/produto\\\/azul-marinho-100-gr\\\/\"]}]},{\"@type\":\"ImageObject\",\"inLanguage\":\"pt-PT\",\"@id\":\"https:\\\/\\\/divertarte.com\\\/index.php\\\/produto\\\/azul-marinho-100-gr\\\/#primaryimage\",\"url\":\"https:\\\/\\\/divertarte.com\\\/wp-content\\\/uploads\\\/2018\\\/05\\\/anilinapote.jpg\",\"contentUrl\":\"https:\\\/\\\/divertarte.com\\\/wp-content\\\/uploads\\\/2018\\\/05\\\/anilinapote.jpg\",\"width\":558,\"height\":558},{\"@type\":\"BreadcrumbList\",\"@id\":\"https:\\\/\\\/divertarte.com\\\/index.php\\\/produto\\\/azul-marinho-100-gr\\\/#breadcrumb\",\"itemListElement\":[{\"@type\":\"ListItem\",\"position\":1,\"name\":\"In\u00edcio\",\"item\":\"https:\\\/\\\/divertarte.com\\\/\"},{\"@type\":\"ListItem\",\"position\":2,\"name\":\"Loja\",\"item\":\"https:\\\/\\\/divertarte.com\\\/index.php\\\/divertarte-produtos\\\/\"},{\"@type\":\"ListItem\",\"position\":3,\"name\":\"AZUL MARINHO 100 GR\"}]},{\"@type\":\"WebSite\",\"@id\":\"https:\\\/\\\/divertarte.com\\\/#website\",\"url\":\"https:\\\/\\\/divertarte.com\\\/\",\"name\":\"Divertarte\",\"description\":\"\",\"publisher\":{\"@id\":\"https:\\\/\\\/divertarte.com\\\/#organization\"},\"potentialAction\":[{\"@type\":\"SearchAction\",\"target\":{\"@type\":\"EntryPoint\",\"urlTemplate\":\"https:\\\/\\\/divertarte.com\\\/?s={search_term_string}\"},\"query-input\":{\"@type\":\"PropertyValueSpecification\",\"valueRequired\":true,\"valueName\":\"search_term_string\"}}],\"inLanguage\":\"pt-PT\"},{\"@type\":\"Organization\",\"@id\":\"https:\\\/\\\/divertarte.com\\\/#organization\",\"name\":\"Divertarte\",\"url\":\"https:\\\/\\\/divertarte.com\\\/\",\"logo\":{\"@type\":\"ImageObject\",\"inLanguage\":\"pt-PT\",\"@id\":\"https:\\\/\\\/divertarte.com\\\/#\\\/schema\\\/logo\\\/image\\\/\",\"url\":\"https:\\\/\\\/divertarte.com\\\/wp-content\\\/uploads\\\/2018\\\/07\\\/logo-div.jpg\",\"contentUrl\":\"https:\\\/\\\/divertarte.com\\\/wp-content\\\/uploads\\\/2018\\\/07\\\/logo-div.jpg\",\"width\":295,\"height\":123,\"caption\":\"Divertarte\"},\"image\":{\"@id\":\"https:\\\/\\\/divertarte.com\\\/#\\\/schema\\\/logo\\\/image\\\/\"}}]}<\/script>\n<!-- \/ Yoast SEO plugin. -->","yoast_head_json":{"title":"AZUL MARINHO 100 GR -","robots":{"index":"index","follow":"follow","max-snippet":"max-snippet:-1","max-image-preview":"max-image-preview:large","max-video-preview":"max-video-preview:-1"},"canonical":"https:\/\/divertarte.com\/index.php\/produto\/azul-marinho-100-gr\/","og_locale":"pt_PT","og_type":"article","og_title":"AZUL MARINHO 100 GR -","og_description":"Anilina a \u00f3leo Peso l\u00edquido: +- 100 gramas - Caracter\u00edstica : Pigmento em p\u00f3 super concentrado a base de \u00f3leo.  Aplica\u00e7\u00e3o: Colorir Gel, parafina, graxas, couros, ceras, resinas, pl\u00e1sticos. Al\u00e9m disso dissolve no \u00e1lcool para colorir pano e papel.  - Como usar: Por ser corante pigmentado, deve-se dissolver primeiro numa pequena quantidade de parafina ou gel, formando uma pasta de cor bem uniforme. Logo em seguida, colocar a pasta no restante, mantendo uma temperatura de 70 graus. Teste a cor final retirando uma pequena amostra deixando arrefecer. - Recomenda\u00e7\u00e3o: N\u00e3o dilui em \u00e1gua. N\u00e3o usar em produtos cosm\u00e9ticos ou alimentares","og_url":"https:\/\/divertarte.com\/index.php\/produto\/azul-marinho-100-gr\/","article_modified_time":"2025-11-06T14:10:18+00:00","og_image":[{"width":558,"height":558,"url":"https:\/\/divertarte.com\/wp-content\/uploads\/2018\/05\/anilinapote.jpg","type":"image\/jpeg"}],"twitter_card":"summary_large_image","twitter_misc":{"Tempo estimado de leitura":"1 minuto"},"schema":{"@context":"https:\/\/schema.org","@graph":[{"@type":"WebPage","@id":"https:\/\/divertarte.com\/index.php\/produto\/azul-marinho-100-gr\/","url":"https:\/\/divertarte.com\/index.php\/produto\/azul-marinho-100-gr\/","name":"AZUL MARINHO 100 GR -","isPartOf":{"@id":"https:\/\/divertarte.com\/#website"},"primaryImageOfPage":{"@id":"https:\/\/divertarte.com\/index.php\/produto\/azul-marinho-100-gr\/#primaryimage"},"image":{"@id":"https:\/\/divertarte.com\/index.php\/produto\/azul-marinho-100-gr\/#primaryimage"},"thumbnailUrl":"https:\/\/divertarte.com\/wp-content\/uploads\/2018\/05\/anilinapote.jpg","datePublished":"2018-06-07T13:01:40+00:00","dateModified":"2025-11-06T14:10:18+00:00","breadcrumb":{"@id":"https:\/\/divertarte.com\/index.php\/produto\/azul-marinho-100-gr\/#breadcrumb"},"inLanguage":"pt-PT","potentialAction":[{"@type":"ReadAction","target":["https:\/\/divertarte.com\/index.php\/produto\/azul-marinho-100-gr\/"]}]},{"@type":"ImageObject","inLanguage":"pt-PT","@id":"https:\/\/divertarte.com\/index.php\/produto\/azul-marinho-100-gr\/#primaryimage","url":"https:\/\/divertarte.com\/wp-content\/uploads\/2018\/05\/anilinapote.jpg","contentUrl":"https:\/\/divertarte.com\/wp-content\/uploads\/2018\/05\/anilinapote.jpg","width":558,"height":558},{"@type":"BreadcrumbList","@id":"https:\/\/divertarte.com\/index.php\/produto\/azul-marinho-100-gr\/#breadcrumb","itemListElement":[{"@type":"ListItem","position":1,"name":"In\u00edcio","item":"https:\/\/divertarte.com\/"},{"@type":"ListItem","position":2,"name":"Loja","item":"https:\/\/divertarte.com\/index.php\/divertarte-produtos\/"},{"@type":"ListItem","position":3,"name":"AZUL MARINHO 100 GR"}]},{"@type":"WebSite","@id":"https:\/\/divertarte.com\/#website","url":"https:\/\/divertarte.com\/","name":"Divertarte","description":"","publisher":{"@id":"https:\/\/divertarte.com\/#organization"},"potentialAction":[{"@type":"SearchAction","target":{"@type":"EntryPoint","urlTemplate":"https:\/\/divertarte.com\/?s={search_term_string}"},"query-input":{"@type":"PropertyValueSpecification","valueRequired":true,"valueName":"search_term_string"}}],"inLanguage":"pt-PT"},{"@type":"Organization","@id":"https:\/\/divertarte.com\/#organization","name":"Divertarte","url":"https:\/\/divertarte.com\/","logo":{"@type":"ImageObject","inLanguage":"pt-PT","@id":"https:\/\/divertarte.com\/#\/schema\/logo\/image\/","url":"https:\/\/divertarte.com\/wp-content\/uploads\/2018\/07\/logo-div.jpg","contentUrl":"https:\/\/divertarte.com\/wp-content\/uploads\/2018\/07\/logo-div.jpg","width":295,"height":123,"caption":"Divertarte"},"image":{"@id":"https:\/\/divertarte.com\/#\/schema\/logo\/image\/"}}]}},"_links":{"self":[{"href":"https:\/\/divertarte.com\/index.php\/wp-json\/wp\/v2\/product\/1441","targetHints":{"allow":["GET"]}}],"collection":[{"href":"https:\/\/divertarte.com\/index.php\/wp-json\/wp\/v2\/product"}],"about":[{"href":"https:\/\/divertarte.com\/index.php\/wp-json\/wp\/v2\/types\/product"}],"replies":[{"embeddable":true,"href":"https:\/\/divertarte.com\/index.php\/wp-json\/wp\/v2\/comments?post=1441"}],"wp:featuredmedia":[{"embeddable":true,"href":"https:\/\/divertarte.com\/index.php\/wp-json\/wp\/v2\/media\/5283"}],"wp:attachment":[{"href":"https:\/\/divertarte.com\/index.php\/wp-json\/wp\/v2\/media?parent=1441"}],"wp:term":[{"taxonomy":"product_brand","embeddable":true,"href":"https:\/\/divertarte.com\/index.php\/wp-json\/wp\/v2\/product_brand?post=1441"},{"taxonomy":"product_cat","embeddable":true,"href":"https:\/\/divertarte.com\/index.php\/wp-json\/wp\/v2\/product_cat?post=1441"},{"taxonomy":"product_tag","embeddable":true,"href":"https:\/\/divertarte.com\/index.php\/wp-json\/wp\/v2\/product_tag?post=1441"}],"curies":[{"name":"wp","href":"https:\/\/api.w.org\/{rel}","templated":true}]}}