{"id":14406,"date":"2021-06-04T14:34:50","date_gmt":"2021-06-04T13:34:50","guid":{"rendered":"https:\/\/divertarte.com\/?post_type=product&#038;p=14406"},"modified":"2025-11-06T13:24:22","modified_gmt":"2025-11-06T13:24:22","slug":"botao-de-rosa-mini-8-molde-de-silicone","status":"publish","type":"product","link":"https:\/\/divertarte.com\/index.php\/produto\/botao-de-rosa-mini-8-molde-de-silicone\/","title":{"rendered":"Bot\u00e3o de Rosa Mini 8 Molde de Silicone"},"content":{"rendered":"<p>Bot\u00e3o de Rosa Mini 8 cavidades<\/p>\n<p>Molde de Silicone biscuits, sabonetes, resinas. Al\u00e9m disso d\u00e1 para velinhas em parafina ou gel, massas de modelar<\/p>\n<p>N\u00e3o aconselhado em produtos aliment\u00edcios. Medida da pe\u00e7a 2,5 x 1,8 cm<\/p>\n","protected":false},"excerpt":{"rendered":"<p>Bot\u00e3o de Rosa Mini 8 cavidades<\/p>\n<p>Molde de Silicone biscuits, sabonetes, resinas. Al\u00e9m disso d\u00e1 para velinhas em parafina ou gel, massas de modelar<\/p>\n<p>N\u00e3o aconselhado em produtos aliment\u00edcios. Medida da pe\u00e7a 2,5 x 1,8 cm<\/p>\n","protected":false},"featured_media":14407,"comment_status":"open","ping_status":"closed","template":"","meta":{"_exactmetrics_skip_tracking":false,"_exactmetrics_sitenote_active":false,"_exactmetrics_sitenote_note":"","_exactmetrics_sitenote_category":0},"product_brand":[],"product_cat":[334,54,81,546,157,160,15],"product_tag":[619,713,620],"class_list":{"0":"post-14406","1":"product","2":"type-product","3":"status-publish","4":"has-post-thumbnail","6":"product_cat-moldes-biscuit-porcelana-fria","7":"product_cat-moldes-de-silicone-em-portugal","8":"product_cat-moldes-flores-e-folhas","9":"product_cat-moldes-hotel","10":"product_cat-moldes-para-sabonetes","11":"product_cat-moldes-para-velas-decorativas","12":"product_cat-ver-todos-os-produtos","13":"product_tag-moldes-de-silicone","14":"product_tag-moldes-de-silicone-em-portugal","15":"product_tag-moldes-gesso","17":"first","18":"instock","19":"taxable","20":"shipping-taxable","21":"purchasable","22":"product-type-simple"},"yoast_head":"<!-- This site is optimized with the Yoast SEO plugin v27.4 - https:\/\/yoast.com\/product\/yoast-seo-wordpress\/ -->\n<title>Bot\u00e3o de Rosa Mini 8 Molde de Silicone - molde para sabonete vela biscuit<\/title>\n<meta name=\"description\" content=\"Bot\u00e3o de Rosa Mini 8 cavidades Molde de Silicone biscuits, sabonetes, resinas velinhas em parafina ou gel, massas de modelar\" \/>\n<meta name=\"robots\" content=\"index, follow, max-snippet:-1, max-image-preview:large, max-video-preview:-1\" \/>\n<link rel=\"canonical\" href=\"https:\/\/divertarte.com\/index.php\/produto\/botao-de-rosa-mini-8-molde-de-silicone\/\" \/>\n<meta property=\"og:locale\" content=\"pt_PT\" \/>\n<meta property=\"og:type\" content=\"article\" \/>\n<meta property=\"og:title\" content=\"Bot\u00e3o de Rosa Mini 8 Molde de Silicone - molde para sabonete vela biscuit\" \/>\n<meta property=\"og:description\" content=\"Bot\u00e3o de Rosa Mini 8 cavidades Molde de Silicone biscuits, sabonetes, resinas velinhas em parafina ou gel, massas de modelar\" \/>\n<meta property=\"og:url\" content=\"https:\/\/divertarte.com\/index.php\/produto\/botao-de-rosa-mini-8-molde-de-silicone\/\" \/>\n<meta property=\"article:modified_time\" content=\"2025-11-06T13:24:22+00:00\" \/>\n<meta property=\"og:image\" content=\"https:\/\/divertarte.com\/wp-content\/uploads\/2021\/06\/Botao-Rosa-mini-1-8-cavidades.jpg\" \/>\n\t<meta property=\"og:image:width\" content=\"300\" \/>\n\t<meta property=\"og:image:height\" content=\"299\" \/>\n\t<meta property=\"og:image:type\" content=\"image\/jpeg\" \/>\n<meta name=\"twitter:card\" content=\"summary_large_image\" \/>\n<meta name=\"twitter:label1\" content=\"Tempo estimado de leitura\" \/>\n\t<meta name=\"twitter:data1\" content=\"1 minuto\" \/>\n<script type=\"application\/ld+json\" class=\"yoast-schema-graph\">{\"@context\":\"https:\\\/\\\/schema.org\",\"@graph\":[{\"@type\":\"WebPage\",\"@id\":\"https:\\\/\\\/divertarte.com\\\/index.php\\\/produto\\\/botao-de-rosa-mini-8-molde-de-silicone\\\/\",\"url\":\"https:\\\/\\\/divertarte.com\\\/index.php\\\/produto\\\/botao-de-rosa-mini-8-molde-de-silicone\\\/\",\"name\":\"Bot\u00e3o de Rosa Mini 8 Molde de Silicone - molde para sabonete vela biscuit\",\"isPartOf\":{\"@id\":\"https:\\\/\\\/divertarte.com\\\/#website\"},\"primaryImageOfPage\":{\"@id\":\"https:\\\/\\\/divertarte.com\\\/index.php\\\/produto\\\/botao-de-rosa-mini-8-molde-de-silicone\\\/#primaryimage\"},\"image\":{\"@id\":\"https:\\\/\\\/divertarte.com\\\/index.php\\\/produto\\\/botao-de-rosa-mini-8-molde-de-silicone\\\/#primaryimage\"},\"thumbnailUrl\":\"https:\\\/\\\/divertarte.com\\\/wp-content\\\/uploads\\\/2021\\\/06\\\/Botao-Rosa-mini-1-8-cavidades.jpg\",\"datePublished\":\"2021-06-04T13:34:50+00:00\",\"dateModified\":\"2025-11-06T13:24:22+00:00\",\"description\":\"Bot\u00e3o de Rosa Mini 8 cavidades Molde de Silicone biscuits, sabonetes, resinas velinhas em parafina ou gel, massas de modelar\",\"breadcrumb\":{\"@id\":\"https:\\\/\\\/divertarte.com\\\/index.php\\\/produto\\\/botao-de-rosa-mini-8-molde-de-silicone\\\/#breadcrumb\"},\"inLanguage\":\"pt-PT\",\"potentialAction\":[{\"@type\":\"ReadAction\",\"target\":[\"https:\\\/\\\/divertarte.com\\\/index.php\\\/produto\\\/botao-de-rosa-mini-8-molde-de-silicone\\\/\"]}]},{\"@type\":\"ImageObject\",\"inLanguage\":\"pt-PT\",\"@id\":\"https:\\\/\\\/divertarte.com\\\/index.php\\\/produto\\\/botao-de-rosa-mini-8-molde-de-silicone\\\/#primaryimage\",\"url\":\"https:\\\/\\\/divertarte.com\\\/wp-content\\\/uploads\\\/2021\\\/06\\\/Botao-Rosa-mini-1-8-cavidades.jpg\",\"contentUrl\":\"https:\\\/\\\/divertarte.com\\\/wp-content\\\/uploads\\\/2021\\\/06\\\/Botao-Rosa-mini-1-8-cavidades.jpg\",\"width\":300,\"height\":299},{\"@type\":\"BreadcrumbList\",\"@id\":\"https:\\\/\\\/divertarte.com\\\/index.php\\\/produto\\\/botao-de-rosa-mini-8-molde-de-silicone\\\/#breadcrumb\",\"itemListElement\":[{\"@type\":\"ListItem\",\"position\":1,\"name\":\"In\u00edcio\",\"item\":\"https:\\\/\\\/divertarte.com\\\/\"},{\"@type\":\"ListItem\",\"position\":2,\"name\":\"Loja\",\"item\":\"https:\\\/\\\/divertarte.com\\\/index.php\\\/divertarte-produtos\\\/\"},{\"@type\":\"ListItem\",\"position\":3,\"name\":\"Bot\u00e3o de Rosa Mini 8 Molde de Silicone\"}]},{\"@type\":\"WebSite\",\"@id\":\"https:\\\/\\\/divertarte.com\\\/#website\",\"url\":\"https:\\\/\\\/divertarte.com\\\/\",\"name\":\"Divertarte\",\"description\":\"\",\"publisher\":{\"@id\":\"https:\\\/\\\/divertarte.com\\\/#organization\"},\"potentialAction\":[{\"@type\":\"SearchAction\",\"target\":{\"@type\":\"EntryPoint\",\"urlTemplate\":\"https:\\\/\\\/divertarte.com\\\/?s={search_term_string}\"},\"query-input\":{\"@type\":\"PropertyValueSpecification\",\"valueRequired\":true,\"valueName\":\"search_term_string\"}}],\"inLanguage\":\"pt-PT\"},{\"@type\":\"Organization\",\"@id\":\"https:\\\/\\\/divertarte.com\\\/#organization\",\"name\":\"Divertarte\",\"url\":\"https:\\\/\\\/divertarte.com\\\/\",\"logo\":{\"@type\":\"ImageObject\",\"inLanguage\":\"pt-PT\",\"@id\":\"https:\\\/\\\/divertarte.com\\\/#\\\/schema\\\/logo\\\/image\\\/\",\"url\":\"https:\\\/\\\/divertarte.com\\\/wp-content\\\/uploads\\\/2018\\\/07\\\/logo-div.jpg\",\"contentUrl\":\"https:\\\/\\\/divertarte.com\\\/wp-content\\\/uploads\\\/2018\\\/07\\\/logo-div.jpg\",\"width\":295,\"height\":123,\"caption\":\"Divertarte\"},\"image\":{\"@id\":\"https:\\\/\\\/divertarte.com\\\/#\\\/schema\\\/logo\\\/image\\\/\"}}]}<\/script>\n<!-- \/ Yoast SEO plugin. -->","yoast_head_json":{"title":"Bot\u00e3o de Rosa Mini 8 Molde de Silicone - molde para sabonete vela biscuit","description":"Bot\u00e3o de Rosa Mini 8 cavidades Molde de Silicone biscuits, sabonetes, resinas velinhas em parafina ou gel, massas de modelar","robots":{"index":"index","follow":"follow","max-snippet":"max-snippet:-1","max-image-preview":"max-image-preview:large","max-video-preview":"max-video-preview:-1"},"canonical":"https:\/\/divertarte.com\/index.php\/produto\/botao-de-rosa-mini-8-molde-de-silicone\/","og_locale":"pt_PT","og_type":"article","og_title":"Bot\u00e3o de Rosa Mini 8 Molde de Silicone - molde para sabonete vela biscuit","og_description":"Bot\u00e3o de Rosa Mini 8 cavidades Molde de Silicone biscuits, sabonetes, resinas velinhas em parafina ou gel, massas de modelar","og_url":"https:\/\/divertarte.com\/index.php\/produto\/botao-de-rosa-mini-8-molde-de-silicone\/","article_modified_time":"2025-11-06T13:24:22+00:00","og_image":[{"width":300,"height":299,"url":"https:\/\/divertarte.com\/wp-content\/uploads\/2021\/06\/Botao-Rosa-mini-1-8-cavidades.jpg","type":"image\/jpeg"}],"twitter_card":"summary_large_image","twitter_misc":{"Tempo estimado de leitura":"1 minuto"},"schema":{"@context":"https:\/\/schema.org","@graph":[{"@type":"WebPage","@id":"https:\/\/divertarte.com\/index.php\/produto\/botao-de-rosa-mini-8-molde-de-silicone\/","url":"https:\/\/divertarte.com\/index.php\/produto\/botao-de-rosa-mini-8-molde-de-silicone\/","name":"Bot\u00e3o de Rosa Mini 8 Molde de Silicone - molde para sabonete vela biscuit","isPartOf":{"@id":"https:\/\/divertarte.com\/#website"},"primaryImageOfPage":{"@id":"https:\/\/divertarte.com\/index.php\/produto\/botao-de-rosa-mini-8-molde-de-silicone\/#primaryimage"},"image":{"@id":"https:\/\/divertarte.com\/index.php\/produto\/botao-de-rosa-mini-8-molde-de-silicone\/#primaryimage"},"thumbnailUrl":"https:\/\/divertarte.com\/wp-content\/uploads\/2021\/06\/Botao-Rosa-mini-1-8-cavidades.jpg","datePublished":"2021-06-04T13:34:50+00:00","dateModified":"2025-11-06T13:24:22+00:00","description":"Bot\u00e3o de Rosa Mini 8 cavidades Molde de Silicone biscuits, sabonetes, resinas velinhas em parafina ou gel, massas de modelar","breadcrumb":{"@id":"https:\/\/divertarte.com\/index.php\/produto\/botao-de-rosa-mini-8-molde-de-silicone\/#breadcrumb"},"inLanguage":"pt-PT","potentialAction":[{"@type":"ReadAction","target":["https:\/\/divertarte.com\/index.php\/produto\/botao-de-rosa-mini-8-molde-de-silicone\/"]}]},{"@type":"ImageObject","inLanguage":"pt-PT","@id":"https:\/\/divertarte.com\/index.php\/produto\/botao-de-rosa-mini-8-molde-de-silicone\/#primaryimage","url":"https:\/\/divertarte.com\/wp-content\/uploads\/2021\/06\/Botao-Rosa-mini-1-8-cavidades.jpg","contentUrl":"https:\/\/divertarte.com\/wp-content\/uploads\/2021\/06\/Botao-Rosa-mini-1-8-cavidades.jpg","width":300,"height":299},{"@type":"BreadcrumbList","@id":"https:\/\/divertarte.com\/index.php\/produto\/botao-de-rosa-mini-8-molde-de-silicone\/#breadcrumb","itemListElement":[{"@type":"ListItem","position":1,"name":"In\u00edcio","item":"https:\/\/divertarte.com\/"},{"@type":"ListItem","position":2,"name":"Loja","item":"https:\/\/divertarte.com\/index.php\/divertarte-produtos\/"},{"@type":"ListItem","position":3,"name":"Bot\u00e3o de Rosa Mini 8 Molde de Silicone"}]},{"@type":"WebSite","@id":"https:\/\/divertarte.com\/#website","url":"https:\/\/divertarte.com\/","name":"Divertarte","description":"","publisher":{"@id":"https:\/\/divertarte.com\/#organization"},"potentialAction":[{"@type":"SearchAction","target":{"@type":"EntryPoint","urlTemplate":"https:\/\/divertarte.com\/?s={search_term_string}"},"query-input":{"@type":"PropertyValueSpecification","valueRequired":true,"valueName":"search_term_string"}}],"inLanguage":"pt-PT"},{"@type":"Organization","@id":"https:\/\/divertarte.com\/#organization","name":"Divertarte","url":"https:\/\/divertarte.com\/","logo":{"@type":"ImageObject","inLanguage":"pt-PT","@id":"https:\/\/divertarte.com\/#\/schema\/logo\/image\/","url":"https:\/\/divertarte.com\/wp-content\/uploads\/2018\/07\/logo-div.jpg","contentUrl":"https:\/\/divertarte.com\/wp-content\/uploads\/2018\/07\/logo-div.jpg","width":295,"height":123,"caption":"Divertarte"},"image":{"@id":"https:\/\/divertarte.com\/#\/schema\/logo\/image\/"}}]}},"_links":{"self":[{"href":"https:\/\/divertarte.com\/index.php\/wp-json\/wp\/v2\/product\/14406","targetHints":{"allow":["GET"]}}],"collection":[{"href":"https:\/\/divertarte.com\/index.php\/wp-json\/wp\/v2\/product"}],"about":[{"href":"https:\/\/divertarte.com\/index.php\/wp-json\/wp\/v2\/types\/product"}],"replies":[{"embeddable":true,"href":"https:\/\/divertarte.com\/index.php\/wp-json\/wp\/v2\/comments?post=14406"}],"wp:featuredmedia":[{"embeddable":true,"href":"https:\/\/divertarte.com\/index.php\/wp-json\/wp\/v2\/media\/14407"}],"wp:attachment":[{"href":"https:\/\/divertarte.com\/index.php\/wp-json\/wp\/v2\/media?parent=14406"}],"wp:term":[{"taxonomy":"product_brand","embeddable":true,"href":"https:\/\/divertarte.com\/index.php\/wp-json\/wp\/v2\/product_brand?post=14406"},{"taxonomy":"product_cat","embeddable":true,"href":"https:\/\/divertarte.com\/index.php\/wp-json\/wp\/v2\/product_cat?post=14406"},{"taxonomy":"product_tag","embeddable":true,"href":"https:\/\/divertarte.com\/index.php\/wp-json\/wp\/v2\/product_tag?post=14406"}],"curies":[{"name":"wp","href":"https:\/\/api.w.org\/{rel}","templated":true}]}}