{"id":14311,"date":"2021-05-27T16:25:31","date_gmt":"2021-05-27T15:25:31","guid":{"rendered":"https:\/\/divertarte.com\/?post_type=product&#038;p=14311"},"modified":"2025-11-06T13:24:23","modified_gmt":"2025-11-06T13:24:23","slug":"oleo-essencial-de-alfazema","status":"publish","type":"product","link":"https:\/\/divertarte.com\/index.php\/produto\/oleo-essencial-de-alfazema\/","title":{"rendered":"Oleo Essencial de Alfazema"},"content":{"rendered":"<p align=\"left\">Oleo Essencial de Alfazema<\/p>\n<p align=\"left\">(Lavandula Dentada) <strong>Popriedades<\/strong>: antis\u00e9tico, cicatrizante estimulante da circula\u00e7\u00e3o perif\u00e9rica<\/p>\n<p align=\"left\"><strong>Modo de usar:\u00a0<\/strong>Usar este \u00f3leo essencial sob a forma de creme, lo\u00e7\u00e3o, sabonetes s\u00f3lido e liquido, champos, velas, aromatizadores, perfumes, pomadas, cremes, lo\u00e7\u00f5es. Al\u00e9m disso para desodorizante corporal, repelente de insectos, oleo de massagem (diluir 3 gotas de \u00f3leo essencial em 1 colher de sopa de oleo de massagem.<\/p>\n<p align=\"left\"><strong>No banho<\/strong> adicione 5 gotas de oleo essencial numa banheira de \u00e1gua morna.<\/p>\n<p align=\"left\">Quando usar oleo essencial pela 1\u00aa. vez \u00e9 conveniente fazer um teste: para se certificar se a sua utiliza\u00e7\u00e3o pode ou n\u00e3o provocar rea\u00e7\u00e3o al\u00e9rgica. Misture numa colher de caf\u00e9 de \u00f3leo de massagem com 1 gota do \u00f3leo essencial que pretende usar. Esfregue na parte interna do bra\u00e7o na dobra do cotovelo. Se no espa\u00e7o de 24 horas a pele estiver vermelha, significa que a sua pele \u00e9 sensivel ao produto e portanto n\u00e3o dever\u00e1 us\u00e1-lo.<\/p>\n<p align=\"left\">Se pensa engravidar, se j\u00e1 est\u00e1 gr\u00e1vida ou a amamentar n\u00e3o deve usar<\/p>\n<p align=\"left\">Oleo essencial para uso externo, n\u00e3o deve ser ingerido<\/p>\n<p align=\"left\">\n","protected":false},"excerpt":{"rendered":"<p align=\"left\">Oleo Essencial de Alfazema<\/p>\n<p align=\"left\">(Lavandula Dentada) <strong>Popriedades<\/strong>: antis\u00e9tico, cicatrizante estimulante da circula\u00e7\u00e3o perif\u00e9rica<\/p>\n<p align=\"left\"><strong>Oleo essencial para uso externo<\/strong>, n\u00e3o deve ser ingerido<\/p>\n","protected":false},"featured_media":17283,"comment_status":"open","ping_status":"closed","template":"","meta":{"_exactmetrics_skip_tracking":false,"_exactmetrics_sitenote_active":false,"_exactmetrics_sitenote_note":"","_exactmetrics_sitenote_category":0},"product_brand":[],"product_cat":[381,504,265],"product_tag":[],"class_list":{"0":"post-14311","1":"product","2":"type-product","3":"status-publish","4":"has-post-thumbnail","6":"product_cat-materiais-para-sabonetes","7":"product_cat-oleos-essenciais","8":"product_cat-spa-produtos","10":"first","11":"instock","12":"taxable","13":"shipping-taxable","14":"purchasable","15":"product-type-variable"},"yoast_head":"<!-- This site is optimized with the Yoast SEO plugin v27.4 - https:\/\/yoast.com\/product\/yoast-seo-wordpress\/ -->\n<title>Oleo Essencial de Alfazema -<\/title>\n<meta name=\"description\" content=\"Oleo Essencial de Alfazema. Popriedades: antis\u00e9tico, cicatrizante estimulante da circula\u00e7\u00e3o perif\u00e9rica. para uso externo, n\u00e3o deve ser ingerido\" \/>\n<meta name=\"robots\" content=\"index, follow, max-snippet:-1, max-image-preview:large, max-video-preview:-1\" \/>\n<link rel=\"canonical\" href=\"https:\/\/divertarte.com\/index.php\/produto\/oleo-essencial-de-alfazema\/\" \/>\n<meta property=\"og:locale\" content=\"pt_PT\" \/>\n<meta property=\"og:type\" content=\"article\" \/>\n<meta property=\"og:title\" content=\"Oleo Essencial de Alfazema -\" \/>\n<meta property=\"og:description\" content=\"Oleo Essencial de Alfazema. Popriedades: antis\u00e9tico, cicatrizante estimulante da circula\u00e7\u00e3o perif\u00e9rica. para uso externo, n\u00e3o deve ser ingerido\" \/>\n<meta property=\"og:url\" content=\"https:\/\/divertarte.com\/index.php\/produto\/oleo-essencial-de-alfazema\/\" \/>\n<meta property=\"article:modified_time\" content=\"2025-11-06T13:24:23+00:00\" \/>\n<meta property=\"og:image\" content=\"https:\/\/divertarte.com\/wp-content\/uploads\/2021\/05\/oleo-essencial-alfazema.jpg\" \/>\n\t<meta property=\"og:image:width\" content=\"300\" \/>\n\t<meta property=\"og:image:height\" content=\"300\" \/>\n\t<meta property=\"og:image:type\" content=\"image\/jpeg\" \/>\n<meta name=\"twitter:card\" content=\"summary_large_image\" \/>\n<meta name=\"twitter:label1\" content=\"Tempo estimado de leitura\" \/>\n\t<meta name=\"twitter:data1\" content=\"2 minutos\" \/>\n<script type=\"application\/ld+json\" class=\"yoast-schema-graph\">{\"@context\":\"https:\\\/\\\/schema.org\",\"@graph\":[{\"@type\":\"WebPage\",\"@id\":\"https:\\\/\\\/divertarte.com\\\/index.php\\\/produto\\\/oleo-essencial-de-alfazema\\\/\",\"url\":\"https:\\\/\\\/divertarte.com\\\/index.php\\\/produto\\\/oleo-essencial-de-alfazema\\\/\",\"name\":\"Oleo Essencial de Alfazema -\",\"isPartOf\":{\"@id\":\"https:\\\/\\\/divertarte.com\\\/#website\"},\"primaryImageOfPage\":{\"@id\":\"https:\\\/\\\/divertarte.com\\\/index.php\\\/produto\\\/oleo-essencial-de-alfazema\\\/#primaryimage\"},\"image\":{\"@id\":\"https:\\\/\\\/divertarte.com\\\/index.php\\\/produto\\\/oleo-essencial-de-alfazema\\\/#primaryimage\"},\"thumbnailUrl\":\"https:\\\/\\\/divertarte.com\\\/wp-content\\\/uploads\\\/2021\\\/05\\\/oleo-essencial-alfazema.jpg\",\"datePublished\":\"2021-05-27T15:25:31+00:00\",\"dateModified\":\"2025-11-06T13:24:23+00:00\",\"description\":\"Oleo Essencial de Alfazema. Popriedades: antis\u00e9tico, cicatrizante estimulante da circula\u00e7\u00e3o perif\u00e9rica. para uso externo, n\u00e3o deve ser ingerido\",\"breadcrumb\":{\"@id\":\"https:\\\/\\\/divertarte.com\\\/index.php\\\/produto\\\/oleo-essencial-de-alfazema\\\/#breadcrumb\"},\"inLanguage\":\"pt-PT\",\"potentialAction\":[{\"@type\":\"ReadAction\",\"target\":[\"https:\\\/\\\/divertarte.com\\\/index.php\\\/produto\\\/oleo-essencial-de-alfazema\\\/\"]}]},{\"@type\":\"ImageObject\",\"inLanguage\":\"pt-PT\",\"@id\":\"https:\\\/\\\/divertarte.com\\\/index.php\\\/produto\\\/oleo-essencial-de-alfazema\\\/#primaryimage\",\"url\":\"https:\\\/\\\/divertarte.com\\\/wp-content\\\/uploads\\\/2021\\\/05\\\/oleo-essencial-alfazema.jpg\",\"contentUrl\":\"https:\\\/\\\/divertarte.com\\\/wp-content\\\/uploads\\\/2021\\\/05\\\/oleo-essencial-alfazema.jpg\",\"width\":300,\"height\":300},{\"@type\":\"BreadcrumbList\",\"@id\":\"https:\\\/\\\/divertarte.com\\\/index.php\\\/produto\\\/oleo-essencial-de-alfazema\\\/#breadcrumb\",\"itemListElement\":[{\"@type\":\"ListItem\",\"position\":1,\"name\":\"In\u00edcio\",\"item\":\"https:\\\/\\\/divertarte.com\\\/\"},{\"@type\":\"ListItem\",\"position\":2,\"name\":\"Loja\",\"item\":\"https:\\\/\\\/divertarte.com\\\/index.php\\\/divertarte-produtos\\\/\"},{\"@type\":\"ListItem\",\"position\":3,\"name\":\"Oleo Essencial de Alfazema\"}]},{\"@type\":\"WebSite\",\"@id\":\"https:\\\/\\\/divertarte.com\\\/#website\",\"url\":\"https:\\\/\\\/divertarte.com\\\/\",\"name\":\"Divertarte\",\"description\":\"\",\"publisher\":{\"@id\":\"https:\\\/\\\/divertarte.com\\\/#organization\"},\"potentialAction\":[{\"@type\":\"SearchAction\",\"target\":{\"@type\":\"EntryPoint\",\"urlTemplate\":\"https:\\\/\\\/divertarte.com\\\/?s={search_term_string}\"},\"query-input\":{\"@type\":\"PropertyValueSpecification\",\"valueRequired\":true,\"valueName\":\"search_term_string\"}}],\"inLanguage\":\"pt-PT\"},{\"@type\":\"Organization\",\"@id\":\"https:\\\/\\\/divertarte.com\\\/#organization\",\"name\":\"Divertarte\",\"url\":\"https:\\\/\\\/divertarte.com\\\/\",\"logo\":{\"@type\":\"ImageObject\",\"inLanguage\":\"pt-PT\",\"@id\":\"https:\\\/\\\/divertarte.com\\\/#\\\/schema\\\/logo\\\/image\\\/\",\"url\":\"https:\\\/\\\/divertarte.com\\\/wp-content\\\/uploads\\\/2018\\\/07\\\/logo-div.jpg\",\"contentUrl\":\"https:\\\/\\\/divertarte.com\\\/wp-content\\\/uploads\\\/2018\\\/07\\\/logo-div.jpg\",\"width\":295,\"height\":123,\"caption\":\"Divertarte\"},\"image\":{\"@id\":\"https:\\\/\\\/divertarte.com\\\/#\\\/schema\\\/logo\\\/image\\\/\"}}]}<\/script>\n<!-- \/ Yoast SEO plugin. -->","yoast_head_json":{"title":"Oleo Essencial de Alfazema -","description":"Oleo Essencial de Alfazema. Popriedades: antis\u00e9tico, cicatrizante estimulante da circula\u00e7\u00e3o perif\u00e9rica. para uso externo, n\u00e3o deve ser ingerido","robots":{"index":"index","follow":"follow","max-snippet":"max-snippet:-1","max-image-preview":"max-image-preview:large","max-video-preview":"max-video-preview:-1"},"canonical":"https:\/\/divertarte.com\/index.php\/produto\/oleo-essencial-de-alfazema\/","og_locale":"pt_PT","og_type":"article","og_title":"Oleo Essencial de Alfazema -","og_description":"Oleo Essencial de Alfazema. Popriedades: antis\u00e9tico, cicatrizante estimulante da circula\u00e7\u00e3o perif\u00e9rica. para uso externo, n\u00e3o deve ser ingerido","og_url":"https:\/\/divertarte.com\/index.php\/produto\/oleo-essencial-de-alfazema\/","article_modified_time":"2025-11-06T13:24:23+00:00","og_image":[{"width":300,"height":300,"url":"https:\/\/divertarte.com\/wp-content\/uploads\/2021\/05\/oleo-essencial-alfazema.jpg","type":"image\/jpeg"}],"twitter_card":"summary_large_image","twitter_misc":{"Tempo estimado de leitura":"2 minutos"},"schema":{"@context":"https:\/\/schema.org","@graph":[{"@type":"WebPage","@id":"https:\/\/divertarte.com\/index.php\/produto\/oleo-essencial-de-alfazema\/","url":"https:\/\/divertarte.com\/index.php\/produto\/oleo-essencial-de-alfazema\/","name":"Oleo Essencial de Alfazema -","isPartOf":{"@id":"https:\/\/divertarte.com\/#website"},"primaryImageOfPage":{"@id":"https:\/\/divertarte.com\/index.php\/produto\/oleo-essencial-de-alfazema\/#primaryimage"},"image":{"@id":"https:\/\/divertarte.com\/index.php\/produto\/oleo-essencial-de-alfazema\/#primaryimage"},"thumbnailUrl":"https:\/\/divertarte.com\/wp-content\/uploads\/2021\/05\/oleo-essencial-alfazema.jpg","datePublished":"2021-05-27T15:25:31+00:00","dateModified":"2025-11-06T13:24:23+00:00","description":"Oleo Essencial de Alfazema. Popriedades: antis\u00e9tico, cicatrizante estimulante da circula\u00e7\u00e3o perif\u00e9rica. para uso externo, n\u00e3o deve ser ingerido","breadcrumb":{"@id":"https:\/\/divertarte.com\/index.php\/produto\/oleo-essencial-de-alfazema\/#breadcrumb"},"inLanguage":"pt-PT","potentialAction":[{"@type":"ReadAction","target":["https:\/\/divertarte.com\/index.php\/produto\/oleo-essencial-de-alfazema\/"]}]},{"@type":"ImageObject","inLanguage":"pt-PT","@id":"https:\/\/divertarte.com\/index.php\/produto\/oleo-essencial-de-alfazema\/#primaryimage","url":"https:\/\/divertarte.com\/wp-content\/uploads\/2021\/05\/oleo-essencial-alfazema.jpg","contentUrl":"https:\/\/divertarte.com\/wp-content\/uploads\/2021\/05\/oleo-essencial-alfazema.jpg","width":300,"height":300},{"@type":"BreadcrumbList","@id":"https:\/\/divertarte.com\/index.php\/produto\/oleo-essencial-de-alfazema\/#breadcrumb","itemListElement":[{"@type":"ListItem","position":1,"name":"In\u00edcio","item":"https:\/\/divertarte.com\/"},{"@type":"ListItem","position":2,"name":"Loja","item":"https:\/\/divertarte.com\/index.php\/divertarte-produtos\/"},{"@type":"ListItem","position":3,"name":"Oleo Essencial de Alfazema"}]},{"@type":"WebSite","@id":"https:\/\/divertarte.com\/#website","url":"https:\/\/divertarte.com\/","name":"Divertarte","description":"","publisher":{"@id":"https:\/\/divertarte.com\/#organization"},"potentialAction":[{"@type":"SearchAction","target":{"@type":"EntryPoint","urlTemplate":"https:\/\/divertarte.com\/?s={search_term_string}"},"query-input":{"@type":"PropertyValueSpecification","valueRequired":true,"valueName":"search_term_string"}}],"inLanguage":"pt-PT"},{"@type":"Organization","@id":"https:\/\/divertarte.com\/#organization","name":"Divertarte","url":"https:\/\/divertarte.com\/","logo":{"@type":"ImageObject","inLanguage":"pt-PT","@id":"https:\/\/divertarte.com\/#\/schema\/logo\/image\/","url":"https:\/\/divertarte.com\/wp-content\/uploads\/2018\/07\/logo-div.jpg","contentUrl":"https:\/\/divertarte.com\/wp-content\/uploads\/2018\/07\/logo-div.jpg","width":295,"height":123,"caption":"Divertarte"},"image":{"@id":"https:\/\/divertarte.com\/#\/schema\/logo\/image\/"}}]}},"_links":{"self":[{"href":"https:\/\/divertarte.com\/index.php\/wp-json\/wp\/v2\/product\/14311","targetHints":{"allow":["GET"]}}],"collection":[{"href":"https:\/\/divertarte.com\/index.php\/wp-json\/wp\/v2\/product"}],"about":[{"href":"https:\/\/divertarte.com\/index.php\/wp-json\/wp\/v2\/types\/product"}],"replies":[{"embeddable":true,"href":"https:\/\/divertarte.com\/index.php\/wp-json\/wp\/v2\/comments?post=14311"}],"wp:featuredmedia":[{"embeddable":true,"href":"https:\/\/divertarte.com\/index.php\/wp-json\/wp\/v2\/media\/17283"}],"wp:attachment":[{"href":"https:\/\/divertarte.com\/index.php\/wp-json\/wp\/v2\/media?parent=14311"}],"wp:term":[{"taxonomy":"product_brand","embeddable":true,"href":"https:\/\/divertarte.com\/index.php\/wp-json\/wp\/v2\/product_brand?post=14311"},{"taxonomy":"product_cat","embeddable":true,"href":"https:\/\/divertarte.com\/index.php\/wp-json\/wp\/v2\/product_cat?post=14311"},{"taxonomy":"product_tag","embeddable":true,"href":"https:\/\/divertarte.com\/index.php\/wp-json\/wp\/v2\/product_tag?post=14311"}],"curies":[{"name":"wp","href":"https:\/\/api.w.org\/{rel}","templated":true}]}}