{"id":14226,"date":"2022-08-24T17:29:22","date_gmt":"2022-08-24T16:29:22","guid":{"rendered":"https:\/\/divertarte.com\/?post_type=product&#038;p=14226"},"modified":"2025-11-06T13:23:53","modified_gmt":"2025-11-06T13:23:53","slug":"oleo-essencial-de-alecrim","status":"publish","type":"product","link":"https:\/\/divertarte.com\/index.php\/produto\/oleo-essencial-de-alecrim\/","title":{"rendered":"Oleo Essencial de Alecrim"},"content":{"rendered":"<p class=\"western\" align=\"left\">Oleo Essencial de Alecrim. (Rosmarinus officinalis)<\/p>\n<p class=\"western\" align=\"left\"><span style=\"color: #000000;\"><span style=\"font-family: Liberation Serif, Times New Roman, serif;\"><span style=\"font-size: medium;\"><span lang=\"pt-PT\"><b>P<\/b><\/span><\/span><\/span><\/span><b>ropriedades<\/b>: Dores mosculares, analg\u00e9sico, antis\u00e9tico anti-inflamatorio, anti-caspa, protege da queda de cabelo, elimina bact\u00e9rias que se encontam \u00e0 superficie da pele<\/p>\n<p class=\"western\" align=\"left\"><b>Modo de uso<\/b>: usar o \u00f3leo de alecrim sob a forma de creme, lo\u00e7\u00e3o, sabonete s\u00f3lido ou l\u00edquido, champoo, velas, aromatizadores e \u00f3leo de massagem (dilu\u00eddo em \u00f3leo transportador a 10% . Al\u00e9m disso pode ser para banhos, dilu\u00edndo 10 ml de \u00f3leo por cada banheira de \u00e1gua, ajudando a melhorar a sua pele.<\/p>\n<p class=\"western\" align=\"left\"><strong>Quando usar \u00f3leo essencial pela 1\u00aa. vez \u00e9 conveniente fazer um teste<\/strong>: para se certificar se a sua utiliza\u00e7\u00e3o pode ou n\u00e3o provocar rea\u00e7\u00e3o al\u00e9rgica. Misture numa colher de caf\u00e9 de \u00f3leo de am\u00eandoas doces por exemplo uma gota do \u00f3leo essencial que pretende usar. ( Esfregue na parte interna do bra\u00e7o na dobra do cotovelo). Se no espa\u00e7o de 24 horas a pele estivar vermelha, significa que a sua pele \u00e9 sens\u00edvel ao produto e portanto n\u00e3o dever\u00e1 us\u00e1-lo.<\/p>\n<p class=\"western\" align=\"left\">Se pensa engravidar, j\u00e1 est\u00e1 gr\u00e1vida ou a amamentar n\u00e3o deve usar<\/p>\n<p class=\"western\" align=\"left\"><span style=\"color: #000000;\"><b>O<\/b><strong>leo essencial para uso externo<\/strong>.<\/span> Os \u00f3leos essenciais para uso externo, n\u00e3o devem ser ingeridos.<\/p>\n","protected":false},"excerpt":{"rendered":"<p><strong>Oleo Essencial de Alecrim<\/strong><\/p>\n<p><strong>EXTRAIDO<\/strong> da planta do Alecrim (<i>Rosmarinus officinalis)<\/i><\/p>\n<p><strong>PROPRIEDADES: <\/strong>analg\u00e9sico, antiss\u00e9ptico, anti-inflamat\u00f3rio, como t\u00f3nico capilar, ajuda no tratamento anti-caspa<\/p>\n<p><strong>USADO:<\/strong> em pomadas, cremes, lo\u00e7\u00f5es e \u00f3leos de massagem<\/p>\n<p><strong>Oleo essencial para uso externo<\/strong>, n\u00e3o deve ser ingerido<\/p>\n","protected":false},"featured_media":14285,"comment_status":"open","ping_status":"closed","template":"","meta":{"_exactmetrics_skip_tracking":false,"_exactmetrics_sitenote_active":false,"_exactmetrics_sitenote_note":"","_exactmetrics_sitenote_category":0},"product_brand":[],"product_cat":[381,504,15],"product_tag":[],"class_list":{"0":"post-14226","1":"product","2":"type-product","3":"status-publish","4":"has-post-thumbnail","6":"product_cat-materiais-para-sabonetes","7":"product_cat-oleos-essenciais","8":"product_cat-ver-todos-os-produtos","10":"first","11":"instock","12":"taxable","13":"shipping-taxable","14":"purchasable","15":"product-type-variable"},"yoast_head":"<!-- This site is optimized with the Yoast SEO plugin v27.5 - https:\/\/yoast.com\/product\/yoast-seo-wordpress\/ -->\n<title>Oleo Essencial de Alecrim - para massagem-sabonetes-champoo-velas<\/title>\n<meta name=\"description\" content=\"O \u00f3leo essencial de alecrim possui qualidades antiss\u00e9ticas, analg\u00e9sico, antiss\u00e9ptico, anti-inflamat\u00f3rio, como t\u00f3nico capilar, ajuda no tratamento anti-caspa\" \/>\n<meta name=\"robots\" content=\"index, follow, max-snippet:-1, max-image-preview:large, max-video-preview:-1\" \/>\n<link rel=\"canonical\" href=\"https:\/\/divertarte.com\/index.php\/produto\/oleo-essencial-de-alecrim\/\" \/>\n<meta property=\"og:locale\" content=\"pt_PT\" \/>\n<meta property=\"og:type\" content=\"article\" \/>\n<meta property=\"og:title\" content=\"Oleo Essencial de Alecrim - para massagem-sabonetes-champoo-velas\" \/>\n<meta property=\"og:description\" content=\"O \u00f3leo essencial de alecrim possui qualidades antiss\u00e9ticas, analg\u00e9sico, antiss\u00e9ptico, anti-inflamat\u00f3rio, como t\u00f3nico capilar, ajuda no tratamento anti-caspa\" \/>\n<meta property=\"og:url\" content=\"https:\/\/divertarte.com\/index.php\/produto\/oleo-essencial-de-alecrim\/\" \/>\n<meta property=\"article:modified_time\" content=\"2025-11-06T13:23:53+00:00\" \/>\n<meta property=\"og:image\" content=\"https:\/\/divertarte.com\/wp-content\/uploads\/2021\/05\/oleo_essecial_alecrim.jpg\" \/>\n\t<meta property=\"og:image:width\" content=\"300\" \/>\n\t<meta property=\"og:image:height\" content=\"300\" \/>\n\t<meta property=\"og:image:type\" content=\"image\/jpeg\" \/>\n<meta name=\"twitter:card\" content=\"summary_large_image\" \/>\n<meta name=\"twitter:label1\" content=\"Tempo estimado de leitura\" \/>\n\t<meta name=\"twitter:data1\" content=\"1 minuto\" \/>\n<script type=\"application\/ld+json\" class=\"yoast-schema-graph\">{\"@context\":\"https:\\\/\\\/schema.org\",\"@graph\":[{\"@type\":\"WebPage\",\"@id\":\"https:\\\/\\\/divertarte.com\\\/index.php\\\/produto\\\/oleo-essencial-de-alecrim\\\/\",\"url\":\"https:\\\/\\\/divertarte.com\\\/index.php\\\/produto\\\/oleo-essencial-de-alecrim\\\/\",\"name\":\"Oleo Essencial de Alecrim - para massagem-sabonetes-champoo-velas\",\"isPartOf\":{\"@id\":\"https:\\\/\\\/divertarte.com\\\/#website\"},\"primaryImageOfPage\":{\"@id\":\"https:\\\/\\\/divertarte.com\\\/index.php\\\/produto\\\/oleo-essencial-de-alecrim\\\/#primaryimage\"},\"image\":{\"@id\":\"https:\\\/\\\/divertarte.com\\\/index.php\\\/produto\\\/oleo-essencial-de-alecrim\\\/#primaryimage\"},\"thumbnailUrl\":\"https:\\\/\\\/divertarte.com\\\/wp-content\\\/uploads\\\/2021\\\/05\\\/oleo_essecial_alecrim.jpg\",\"datePublished\":\"2022-08-24T16:29:22+00:00\",\"dateModified\":\"2025-11-06T13:23:53+00:00\",\"description\":\"O \u00f3leo essencial de alecrim possui qualidades antiss\u00e9ticas, analg\u00e9sico, antiss\u00e9ptico, anti-inflamat\u00f3rio, como t\u00f3nico capilar, ajuda no tratamento anti-caspa\",\"breadcrumb\":{\"@id\":\"https:\\\/\\\/divertarte.com\\\/index.php\\\/produto\\\/oleo-essencial-de-alecrim\\\/#breadcrumb\"},\"inLanguage\":\"pt-PT\",\"potentialAction\":[{\"@type\":\"ReadAction\",\"target\":[\"https:\\\/\\\/divertarte.com\\\/index.php\\\/produto\\\/oleo-essencial-de-alecrim\\\/\"]}]},{\"@type\":\"ImageObject\",\"inLanguage\":\"pt-PT\",\"@id\":\"https:\\\/\\\/divertarte.com\\\/index.php\\\/produto\\\/oleo-essencial-de-alecrim\\\/#primaryimage\",\"url\":\"https:\\\/\\\/divertarte.com\\\/wp-content\\\/uploads\\\/2021\\\/05\\\/oleo_essecial_alecrim.jpg\",\"contentUrl\":\"https:\\\/\\\/divertarte.com\\\/wp-content\\\/uploads\\\/2021\\\/05\\\/oleo_essecial_alecrim.jpg\",\"width\":300,\"height\":300},{\"@type\":\"BreadcrumbList\",\"@id\":\"https:\\\/\\\/divertarte.com\\\/index.php\\\/produto\\\/oleo-essencial-de-alecrim\\\/#breadcrumb\",\"itemListElement\":[{\"@type\":\"ListItem\",\"position\":1,\"name\":\"In\u00edcio\",\"item\":\"https:\\\/\\\/divertarte.com\\\/\"},{\"@type\":\"ListItem\",\"position\":2,\"name\":\"Loja\",\"item\":\"https:\\\/\\\/divertarte.com\\\/index.php\\\/divertarte-produtos\\\/\"},{\"@type\":\"ListItem\",\"position\":3,\"name\":\"Oleo Essencial de Alecrim\"}]},{\"@type\":\"WebSite\",\"@id\":\"https:\\\/\\\/divertarte.com\\\/#website\",\"url\":\"https:\\\/\\\/divertarte.com\\\/\",\"name\":\"Divertarte\",\"description\":\"\",\"publisher\":{\"@id\":\"https:\\\/\\\/divertarte.com\\\/#organization\"},\"potentialAction\":[{\"@type\":\"SearchAction\",\"target\":{\"@type\":\"EntryPoint\",\"urlTemplate\":\"https:\\\/\\\/divertarte.com\\\/?s={search_term_string}\"},\"query-input\":{\"@type\":\"PropertyValueSpecification\",\"valueRequired\":true,\"valueName\":\"search_term_string\"}}],\"inLanguage\":\"pt-PT\"},{\"@type\":\"Organization\",\"@id\":\"https:\\\/\\\/divertarte.com\\\/#organization\",\"name\":\"Divertarte\",\"url\":\"https:\\\/\\\/divertarte.com\\\/\",\"logo\":{\"@type\":\"ImageObject\",\"inLanguage\":\"pt-PT\",\"@id\":\"https:\\\/\\\/divertarte.com\\\/#\\\/schema\\\/logo\\\/image\\\/\",\"url\":\"https:\\\/\\\/divertarte.com\\\/wp-content\\\/uploads\\\/2018\\\/07\\\/logo-div.jpg\",\"contentUrl\":\"https:\\\/\\\/divertarte.com\\\/wp-content\\\/uploads\\\/2018\\\/07\\\/logo-div.jpg\",\"width\":295,\"height\":123,\"caption\":\"Divertarte\"},\"image\":{\"@id\":\"https:\\\/\\\/divertarte.com\\\/#\\\/schema\\\/logo\\\/image\\\/\"}}]}<\/script>\n<!-- \/ Yoast SEO plugin. -->","yoast_head_json":{"title":"Oleo Essencial de Alecrim - para massagem-sabonetes-champoo-velas","description":"O \u00f3leo essencial de alecrim possui qualidades antiss\u00e9ticas, analg\u00e9sico, antiss\u00e9ptico, anti-inflamat\u00f3rio, como t\u00f3nico capilar, ajuda no tratamento anti-caspa","robots":{"index":"index","follow":"follow","max-snippet":"max-snippet:-1","max-image-preview":"max-image-preview:large","max-video-preview":"max-video-preview:-1"},"canonical":"https:\/\/divertarte.com\/index.php\/produto\/oleo-essencial-de-alecrim\/","og_locale":"pt_PT","og_type":"article","og_title":"Oleo Essencial de Alecrim - para massagem-sabonetes-champoo-velas","og_description":"O \u00f3leo essencial de alecrim possui qualidades antiss\u00e9ticas, analg\u00e9sico, antiss\u00e9ptico, anti-inflamat\u00f3rio, como t\u00f3nico capilar, ajuda no tratamento anti-caspa","og_url":"https:\/\/divertarte.com\/index.php\/produto\/oleo-essencial-de-alecrim\/","article_modified_time":"2025-11-06T13:23:53+00:00","og_image":[{"width":300,"height":300,"url":"https:\/\/divertarte.com\/wp-content\/uploads\/2021\/05\/oleo_essecial_alecrim.jpg","type":"image\/jpeg"}],"twitter_card":"summary_large_image","twitter_misc":{"Tempo estimado de leitura":"1 minuto"},"schema":{"@context":"https:\/\/schema.org","@graph":[{"@type":"WebPage","@id":"https:\/\/divertarte.com\/index.php\/produto\/oleo-essencial-de-alecrim\/","url":"https:\/\/divertarte.com\/index.php\/produto\/oleo-essencial-de-alecrim\/","name":"Oleo Essencial de Alecrim - para massagem-sabonetes-champoo-velas","isPartOf":{"@id":"https:\/\/divertarte.com\/#website"},"primaryImageOfPage":{"@id":"https:\/\/divertarte.com\/index.php\/produto\/oleo-essencial-de-alecrim\/#primaryimage"},"image":{"@id":"https:\/\/divertarte.com\/index.php\/produto\/oleo-essencial-de-alecrim\/#primaryimage"},"thumbnailUrl":"https:\/\/divertarte.com\/wp-content\/uploads\/2021\/05\/oleo_essecial_alecrim.jpg","datePublished":"2022-08-24T16:29:22+00:00","dateModified":"2025-11-06T13:23:53+00:00","description":"O \u00f3leo essencial de alecrim possui qualidades antiss\u00e9ticas, analg\u00e9sico, antiss\u00e9ptico, anti-inflamat\u00f3rio, como t\u00f3nico capilar, ajuda no tratamento anti-caspa","breadcrumb":{"@id":"https:\/\/divertarte.com\/index.php\/produto\/oleo-essencial-de-alecrim\/#breadcrumb"},"inLanguage":"pt-PT","potentialAction":[{"@type":"ReadAction","target":["https:\/\/divertarte.com\/index.php\/produto\/oleo-essencial-de-alecrim\/"]}]},{"@type":"ImageObject","inLanguage":"pt-PT","@id":"https:\/\/divertarte.com\/index.php\/produto\/oleo-essencial-de-alecrim\/#primaryimage","url":"https:\/\/divertarte.com\/wp-content\/uploads\/2021\/05\/oleo_essecial_alecrim.jpg","contentUrl":"https:\/\/divertarte.com\/wp-content\/uploads\/2021\/05\/oleo_essecial_alecrim.jpg","width":300,"height":300},{"@type":"BreadcrumbList","@id":"https:\/\/divertarte.com\/index.php\/produto\/oleo-essencial-de-alecrim\/#breadcrumb","itemListElement":[{"@type":"ListItem","position":1,"name":"In\u00edcio","item":"https:\/\/divertarte.com\/"},{"@type":"ListItem","position":2,"name":"Loja","item":"https:\/\/divertarte.com\/index.php\/divertarte-produtos\/"},{"@type":"ListItem","position":3,"name":"Oleo Essencial de Alecrim"}]},{"@type":"WebSite","@id":"https:\/\/divertarte.com\/#website","url":"https:\/\/divertarte.com\/","name":"Divertarte","description":"","publisher":{"@id":"https:\/\/divertarte.com\/#organization"},"potentialAction":[{"@type":"SearchAction","target":{"@type":"EntryPoint","urlTemplate":"https:\/\/divertarte.com\/?s={search_term_string}"},"query-input":{"@type":"PropertyValueSpecification","valueRequired":true,"valueName":"search_term_string"}}],"inLanguage":"pt-PT"},{"@type":"Organization","@id":"https:\/\/divertarte.com\/#organization","name":"Divertarte","url":"https:\/\/divertarte.com\/","logo":{"@type":"ImageObject","inLanguage":"pt-PT","@id":"https:\/\/divertarte.com\/#\/schema\/logo\/image\/","url":"https:\/\/divertarte.com\/wp-content\/uploads\/2018\/07\/logo-div.jpg","contentUrl":"https:\/\/divertarte.com\/wp-content\/uploads\/2018\/07\/logo-div.jpg","width":295,"height":123,"caption":"Divertarte"},"image":{"@id":"https:\/\/divertarte.com\/#\/schema\/logo\/image\/"}}]}},"_links":{"self":[{"href":"https:\/\/divertarte.com\/index.php\/wp-json\/wp\/v2\/product\/14226","targetHints":{"allow":["GET"]}}],"collection":[{"href":"https:\/\/divertarte.com\/index.php\/wp-json\/wp\/v2\/product"}],"about":[{"href":"https:\/\/divertarte.com\/index.php\/wp-json\/wp\/v2\/types\/product"}],"replies":[{"embeddable":true,"href":"https:\/\/divertarte.com\/index.php\/wp-json\/wp\/v2\/comments?post=14226"}],"wp:featuredmedia":[{"embeddable":true,"href":"https:\/\/divertarte.com\/index.php\/wp-json\/wp\/v2\/media\/14285"}],"wp:attachment":[{"href":"https:\/\/divertarte.com\/index.php\/wp-json\/wp\/v2\/media?parent=14226"}],"wp:term":[{"taxonomy":"product_brand","embeddable":true,"href":"https:\/\/divertarte.com\/index.php\/wp-json\/wp\/v2\/product_brand?post=14226"},{"taxonomy":"product_cat","embeddable":true,"href":"https:\/\/divertarte.com\/index.php\/wp-json\/wp\/v2\/product_cat?post=14226"},{"taxonomy":"product_tag","embeddable":true,"href":"https:\/\/divertarte.com\/index.php\/wp-json\/wp\/v2\/product_tag?post=14226"}],"curies":[{"name":"wp","href":"https:\/\/api.w.org\/{rel}","templated":true}]}}