{"id":1379,"date":"2018-06-07T14:11:00","date_gmt":"2018-06-07T13:11:00","guid":{"rendered":"https:\/\/divertarte.com\/index.php\/produto\/essuncia-pinheiro-do-bosque\/"},"modified":"2025-11-06T13:51:00","modified_gmt":"2025-11-06T13:51:00","slug":"essencia-pinheiro-do-bosque","status":"publish","type":"product","link":"https:\/\/divertarte.com\/index.php\/produto\/essencia-pinheiro-do-bosque\/","title":{"rendered":"Ess\u00eancia Pinheiro do Bosque"},"content":{"rendered":"<p>Ess\u00eancia Pinheiro do Bosque<\/p>\n<p>ESS\u00caNCIA MULTIUSOS 30 ML COM FIXADOR<br \/>\nCaracter\u00edstica t\u00e9cnica: Ess\u00eancia feita a base de \u00f3leo neutro, n\u00e3o t\u00f3xico e anti al\u00e9rgico. Com fixador<br \/>\nAplica\u00e7\u00e3o: Pr\u00f3prio para perfumar glicerina (+\/- 30 ml\/kg), gel, parafina (+\/- 15 ml\/kg). Al\u00e9m disso ceras, sabonetes, sais de banho, cosm\u00e9ticos etc.<br \/>\nComo usar: Diluir a ess\u00eancia no produto em estado l\u00edquido aquecido, contudo fora do fogo.<br \/>\nRecomenda\u00e7\u00e3o: Uso externo (n\u00e3o ingerir).<br \/>\nEss\u00eancias multiusos 1\u00aa linha excelente qualidade &#8211; V\u00e1rias aplica\u00e7\u00f5es &#8211; Velas, Gel, Sabonetes, Cosm\u00e9ticos, Ceras, produtos de limpeza.<\/p>\n","protected":false},"excerpt":{"rendered":"<p>ESS\u00caNCIA MULTIUSOS 30 ML COM FIXADOR<br \/>\nCaracter\u00edstica t\u00e9cnica: Ess\u00eancia feita a base de \u00f3leo neutro, n\u00e3o t\u00f3xico e anti al\u00e9rgico. Com fixador<br \/>\nAplica\u00e7\u00e3o: Pr\u00f3prio para perfumar glicerina (+\/- 30 ml\/kg), gel, parafina (+\/- 15 ml\/kg). Al\u00e9m disso ceras, sabonetes, sais de banho, cosm\u00e9ticos etc.<br \/>\nComo usar: Diluir a ess\u00eancia no produto em estado l\u00edquido aquecido, contudo fora do fogo.<br \/>\nRecomenda\u00e7\u00e3o: Uso externo (n\u00e3o ingerir).<br \/>\nEss\u00eancias multiusos 1\u00aa linha excelente qualidade &#8211; V\u00e1rias aplica\u00e7\u00f5es &#8211; Velas, Gel, Sabonetes, Cosm\u00e9ticos, Ceras, produtos de limpeza.<\/p>\n<p>Dinheiro, purifica\u00e7\u00e3o, cura e exorcismo<\/p>\n","protected":false},"featured_media":8223,"comment_status":"closed","ping_status":"closed","template":"","meta":{"_exactmetrics_skip_tracking":false,"_exactmetrics_sitenote_active":false,"_exactmetrics_sitenote_note":"","_exactmetrics_sitenote_category":0},"product_brand":[],"product_cat":[55,1296],"product_tag":[],"class_list":{"0":"post-1379","1":"product","2":"type-product","3":"status-publish","4":"has-post-thumbnail","6":"product_cat-essencias-para-sabonetes","7":"product_cat-essencias-para-velas","9":"first","10":"instock","11":"taxable","12":"shipping-taxable","13":"purchasable","14":"product-type-simple"},"yoast_head":"<!-- This site is optimized with the Yoast SEO plugin v27.4 - https:\/\/yoast.com\/product\/yoast-seo-wordpress\/ -->\n<title>Ess\u00eancia Pinheiro do Bosque -<\/title>\n<meta name=\"description\" content=\"Ess\u00eancia Pinheiro do Bosque feita a base de \u00f3leo neutro, n\u00e3o t\u00f3xico e anti al\u00e9rgico. para glicerina,ceras, sabonetes, sais de banho, cosm\u00e9ticos\" \/>\n<meta name=\"robots\" content=\"index, follow, max-snippet:-1, max-image-preview:large, max-video-preview:-1\" \/>\n<link rel=\"canonical\" href=\"https:\/\/divertarte.com\/index.php\/produto\/essencia-pinheiro-do-bosque\/\" \/>\n<meta property=\"og:locale\" content=\"pt_PT\" \/>\n<meta property=\"og:type\" content=\"article\" \/>\n<meta property=\"og:title\" content=\"Ess\u00eancia Pinheiro do Bosque -\" \/>\n<meta property=\"og:description\" content=\"Ess\u00eancia Pinheiro do Bosque feita a base de \u00f3leo neutro, n\u00e3o t\u00f3xico e anti al\u00e9rgico. para glicerina,ceras, sabonetes, sais de banho, cosm\u00e9ticos\" \/>\n<meta property=\"og:url\" content=\"https:\/\/divertarte.com\/index.php\/produto\/essencia-pinheiro-do-bosque\/\" \/>\n<meta property=\"article:modified_time\" content=\"2025-11-06T13:51:00+00:00\" \/>\n<meta property=\"og:image\" content=\"https:\/\/divertarte.com\/wp-content\/uploads\/2018\/06\/essencias_aromas_20ml.jpg\" \/>\n\t<meta property=\"og:image:width\" content=\"257\" \/>\n\t<meta property=\"og:image:height\" content=\"263\" \/>\n\t<meta property=\"og:image:type\" content=\"image\/jpeg\" \/>\n<meta name=\"twitter:card\" content=\"summary_large_image\" \/>\n<meta name=\"twitter:label1\" content=\"Tempo estimado de leitura\" \/>\n\t<meta name=\"twitter:data1\" content=\"1 minuto\" \/>\n<script type=\"application\/ld+json\" class=\"yoast-schema-graph\">{\"@context\":\"https:\\\/\\\/schema.org\",\"@graph\":[{\"@type\":\"WebPage\",\"@id\":\"https:\\\/\\\/divertarte.com\\\/index.php\\\/produto\\\/essencia-pinheiro-do-bosque\\\/\",\"url\":\"https:\\\/\\\/divertarte.com\\\/index.php\\\/produto\\\/essencia-pinheiro-do-bosque\\\/\",\"name\":\"Ess\u00eancia Pinheiro do Bosque -\",\"isPartOf\":{\"@id\":\"https:\\\/\\\/divertarte.com\\\/#website\"},\"primaryImageOfPage\":{\"@id\":\"https:\\\/\\\/divertarte.com\\\/index.php\\\/produto\\\/essencia-pinheiro-do-bosque\\\/#primaryimage\"},\"image\":{\"@id\":\"https:\\\/\\\/divertarte.com\\\/index.php\\\/produto\\\/essencia-pinheiro-do-bosque\\\/#primaryimage\"},\"thumbnailUrl\":\"https:\\\/\\\/divertarte.com\\\/wp-content\\\/uploads\\\/2018\\\/06\\\/essencias_aromas_20ml.jpg\",\"datePublished\":\"2018-06-07T13:11:00+00:00\",\"dateModified\":\"2025-11-06T13:51:00+00:00\",\"description\":\"Ess\u00eancia Pinheiro do Bosque feita a base de \u00f3leo neutro, n\u00e3o t\u00f3xico e anti al\u00e9rgico. para glicerina,ceras, sabonetes, sais de banho, cosm\u00e9ticos\",\"breadcrumb\":{\"@id\":\"https:\\\/\\\/divertarte.com\\\/index.php\\\/produto\\\/essencia-pinheiro-do-bosque\\\/#breadcrumb\"},\"inLanguage\":\"pt-PT\",\"potentialAction\":[{\"@type\":\"ReadAction\",\"target\":[\"https:\\\/\\\/divertarte.com\\\/index.php\\\/produto\\\/essencia-pinheiro-do-bosque\\\/\"]}]},{\"@type\":\"ImageObject\",\"inLanguage\":\"pt-PT\",\"@id\":\"https:\\\/\\\/divertarte.com\\\/index.php\\\/produto\\\/essencia-pinheiro-do-bosque\\\/#primaryimage\",\"url\":\"https:\\\/\\\/divertarte.com\\\/wp-content\\\/uploads\\\/2018\\\/06\\\/essencias_aromas_20ml.jpg\",\"contentUrl\":\"https:\\\/\\\/divertarte.com\\\/wp-content\\\/uploads\\\/2018\\\/06\\\/essencias_aromas_20ml.jpg\",\"width\":257,\"height\":263},{\"@type\":\"BreadcrumbList\",\"@id\":\"https:\\\/\\\/divertarte.com\\\/index.php\\\/produto\\\/essencia-pinheiro-do-bosque\\\/#breadcrumb\",\"itemListElement\":[{\"@type\":\"ListItem\",\"position\":1,\"name\":\"In\u00edcio\",\"item\":\"https:\\\/\\\/divertarte.com\\\/\"},{\"@type\":\"ListItem\",\"position\":2,\"name\":\"Loja\",\"item\":\"https:\\\/\\\/divertarte.com\\\/index.php\\\/divertarte-produtos\\\/\"},{\"@type\":\"ListItem\",\"position\":3,\"name\":\"Ess\u00eancia Pinheiro do Bosque\"}]},{\"@type\":\"WebSite\",\"@id\":\"https:\\\/\\\/divertarte.com\\\/#website\",\"url\":\"https:\\\/\\\/divertarte.com\\\/\",\"name\":\"Divertarte\",\"description\":\"\",\"publisher\":{\"@id\":\"https:\\\/\\\/divertarte.com\\\/#organization\"},\"potentialAction\":[{\"@type\":\"SearchAction\",\"target\":{\"@type\":\"EntryPoint\",\"urlTemplate\":\"https:\\\/\\\/divertarte.com\\\/?s={search_term_string}\"},\"query-input\":{\"@type\":\"PropertyValueSpecification\",\"valueRequired\":true,\"valueName\":\"search_term_string\"}}],\"inLanguage\":\"pt-PT\"},{\"@type\":\"Organization\",\"@id\":\"https:\\\/\\\/divertarte.com\\\/#organization\",\"name\":\"Divertarte\",\"url\":\"https:\\\/\\\/divertarte.com\\\/\",\"logo\":{\"@type\":\"ImageObject\",\"inLanguage\":\"pt-PT\",\"@id\":\"https:\\\/\\\/divertarte.com\\\/#\\\/schema\\\/logo\\\/image\\\/\",\"url\":\"https:\\\/\\\/divertarte.com\\\/wp-content\\\/uploads\\\/2018\\\/07\\\/logo-div.jpg\",\"contentUrl\":\"https:\\\/\\\/divertarte.com\\\/wp-content\\\/uploads\\\/2018\\\/07\\\/logo-div.jpg\",\"width\":295,\"height\":123,\"caption\":\"Divertarte\"},\"image\":{\"@id\":\"https:\\\/\\\/divertarte.com\\\/#\\\/schema\\\/logo\\\/image\\\/\"}}]}<\/script>\n<!-- \/ Yoast SEO plugin. -->","yoast_head_json":{"title":"Ess\u00eancia Pinheiro do Bosque -","description":"Ess\u00eancia Pinheiro do Bosque feita a base de \u00f3leo neutro, n\u00e3o t\u00f3xico e anti al\u00e9rgico. para glicerina,ceras, sabonetes, sais de banho, cosm\u00e9ticos","robots":{"index":"index","follow":"follow","max-snippet":"max-snippet:-1","max-image-preview":"max-image-preview:large","max-video-preview":"max-video-preview:-1"},"canonical":"https:\/\/divertarte.com\/index.php\/produto\/essencia-pinheiro-do-bosque\/","og_locale":"pt_PT","og_type":"article","og_title":"Ess\u00eancia Pinheiro do Bosque -","og_description":"Ess\u00eancia Pinheiro do Bosque feita a base de \u00f3leo neutro, n\u00e3o t\u00f3xico e anti al\u00e9rgico. para glicerina,ceras, sabonetes, sais de banho, cosm\u00e9ticos","og_url":"https:\/\/divertarte.com\/index.php\/produto\/essencia-pinheiro-do-bosque\/","article_modified_time":"2025-11-06T13:51:00+00:00","og_image":[{"width":257,"height":263,"url":"https:\/\/divertarte.com\/wp-content\/uploads\/2018\/06\/essencias_aromas_20ml.jpg","type":"image\/jpeg"}],"twitter_card":"summary_large_image","twitter_misc":{"Tempo estimado de leitura":"1 minuto"},"schema":{"@context":"https:\/\/schema.org","@graph":[{"@type":"WebPage","@id":"https:\/\/divertarte.com\/index.php\/produto\/essencia-pinheiro-do-bosque\/","url":"https:\/\/divertarte.com\/index.php\/produto\/essencia-pinheiro-do-bosque\/","name":"Ess\u00eancia Pinheiro do Bosque -","isPartOf":{"@id":"https:\/\/divertarte.com\/#website"},"primaryImageOfPage":{"@id":"https:\/\/divertarte.com\/index.php\/produto\/essencia-pinheiro-do-bosque\/#primaryimage"},"image":{"@id":"https:\/\/divertarte.com\/index.php\/produto\/essencia-pinheiro-do-bosque\/#primaryimage"},"thumbnailUrl":"https:\/\/divertarte.com\/wp-content\/uploads\/2018\/06\/essencias_aromas_20ml.jpg","datePublished":"2018-06-07T13:11:00+00:00","dateModified":"2025-11-06T13:51:00+00:00","description":"Ess\u00eancia Pinheiro do Bosque feita a base de \u00f3leo neutro, n\u00e3o t\u00f3xico e anti al\u00e9rgico. para glicerina,ceras, sabonetes, sais de banho, cosm\u00e9ticos","breadcrumb":{"@id":"https:\/\/divertarte.com\/index.php\/produto\/essencia-pinheiro-do-bosque\/#breadcrumb"},"inLanguage":"pt-PT","potentialAction":[{"@type":"ReadAction","target":["https:\/\/divertarte.com\/index.php\/produto\/essencia-pinheiro-do-bosque\/"]}]},{"@type":"ImageObject","inLanguage":"pt-PT","@id":"https:\/\/divertarte.com\/index.php\/produto\/essencia-pinheiro-do-bosque\/#primaryimage","url":"https:\/\/divertarte.com\/wp-content\/uploads\/2018\/06\/essencias_aromas_20ml.jpg","contentUrl":"https:\/\/divertarte.com\/wp-content\/uploads\/2018\/06\/essencias_aromas_20ml.jpg","width":257,"height":263},{"@type":"BreadcrumbList","@id":"https:\/\/divertarte.com\/index.php\/produto\/essencia-pinheiro-do-bosque\/#breadcrumb","itemListElement":[{"@type":"ListItem","position":1,"name":"In\u00edcio","item":"https:\/\/divertarte.com\/"},{"@type":"ListItem","position":2,"name":"Loja","item":"https:\/\/divertarte.com\/index.php\/divertarte-produtos\/"},{"@type":"ListItem","position":3,"name":"Ess\u00eancia Pinheiro do Bosque"}]},{"@type":"WebSite","@id":"https:\/\/divertarte.com\/#website","url":"https:\/\/divertarte.com\/","name":"Divertarte","description":"","publisher":{"@id":"https:\/\/divertarte.com\/#organization"},"potentialAction":[{"@type":"SearchAction","target":{"@type":"EntryPoint","urlTemplate":"https:\/\/divertarte.com\/?s={search_term_string}"},"query-input":{"@type":"PropertyValueSpecification","valueRequired":true,"valueName":"search_term_string"}}],"inLanguage":"pt-PT"},{"@type":"Organization","@id":"https:\/\/divertarte.com\/#organization","name":"Divertarte","url":"https:\/\/divertarte.com\/","logo":{"@type":"ImageObject","inLanguage":"pt-PT","@id":"https:\/\/divertarte.com\/#\/schema\/logo\/image\/","url":"https:\/\/divertarte.com\/wp-content\/uploads\/2018\/07\/logo-div.jpg","contentUrl":"https:\/\/divertarte.com\/wp-content\/uploads\/2018\/07\/logo-div.jpg","width":295,"height":123,"caption":"Divertarte"},"image":{"@id":"https:\/\/divertarte.com\/#\/schema\/logo\/image\/"}}]}},"_links":{"self":[{"href":"https:\/\/divertarte.com\/index.php\/wp-json\/wp\/v2\/product\/1379","targetHints":{"allow":["GET"]}}],"collection":[{"href":"https:\/\/divertarte.com\/index.php\/wp-json\/wp\/v2\/product"}],"about":[{"href":"https:\/\/divertarte.com\/index.php\/wp-json\/wp\/v2\/types\/product"}],"replies":[{"embeddable":true,"href":"https:\/\/divertarte.com\/index.php\/wp-json\/wp\/v2\/comments?post=1379"}],"wp:featuredmedia":[{"embeddable":true,"href":"https:\/\/divertarte.com\/index.php\/wp-json\/wp\/v2\/media\/8223"}],"wp:attachment":[{"href":"https:\/\/divertarte.com\/index.php\/wp-json\/wp\/v2\/media?parent=1379"}],"wp:term":[{"taxonomy":"product_brand","embeddable":true,"href":"https:\/\/divertarte.com\/index.php\/wp-json\/wp\/v2\/product_brand?post=1379"},{"taxonomy":"product_cat","embeddable":true,"href":"https:\/\/divertarte.com\/index.php\/wp-json\/wp\/v2\/product_cat?post=1379"},{"taxonomy":"product_tag","embeddable":true,"href":"https:\/\/divertarte.com\/index.php\/wp-json\/wp\/v2\/product_tag?post=1379"}],"curies":[{"name":"wp","href":"https:\/\/api.w.org\/{rel}","templated":true}]}}