{"id":1378,"date":"2018-06-07T14:11:00","date_gmt":"2018-06-07T13:11:00","guid":{"rendered":"https:\/\/divertarte.com\/index.php\/produto\/essuncia-cravo\/"},"modified":"2025-11-06T13:51:00","modified_gmt":"2025-11-06T13:51:00","slug":"essuncia-cravo","status":"publish","type":"product","link":"https:\/\/divertarte.com\/index.php\/produto\/essuncia-cravo\/","title":{"rendered":"Essencia Cravo"},"content":{"rendered":"<p>Essencia Cravo<\/p>\n<p>Essencia feita a base de \u00f3leo neutro, n\u00e3o t\u00f3xico e antial\u00e9rgico. Com fixador &#8211; Aplica\u00e7\u00e3o: Pr\u00f3prio para perfumar gel, parafina, ceras, Sabonetes, sais de banho, cosm\u00e9ticos, aromatizantes etc. &#8211; Como usar: Diluir a ess\u00eancia no produto em estado l\u00edquido aquecido, fora do fogo. &#8211; Recomenda\u00e7\u00e3o: Uso externo (n\u00e3o ingerir). Ess\u00eancias multiuso 1\u00c2\u00aa linha excelente qualidade &#8211; V\u00e1rias aplica\u00e7\u00f5es &#8211; Velas, Gel, Sabonetes, Cosm\u00e9ticos, Ceras, produtos de limpeza, aromatizantes de casa&#8230; &#8211; ESSENCIA MULTIUSOS. Atrai bom fluido para a casa. Limpeza, astral e amor<\/p>\n","protected":false},"excerpt":{"rendered":"<p>Essencia Cravo<\/p>\n<p>Essencia feita a base de \u00f3leo neutro, n\u00e3o t\u00f3xico e antial\u00e9rgico. Com fixador &#8211; Aplica\u00e7\u00e3o: Pr\u00f3prio para perfumar gel, parafina, ceras, Sabonetes, sais de banho, cosm\u00e9ticos, aromatizantes etc. &#8211; Como usar: Diluir a ess\u00eancia no produto em estado l\u00edquido aquecido, fora do fogo. &#8211; Recomenda\u00e7\u00e3o: Uso externo (n\u00e3o ingerir). Ess\u00eancias multiuso 1\u00c2\u00aa linha excelente qualidade &#8211; V\u00e1rias aplica\u00e7\u00f5es &#8211; Velas, Gel, Sabonetes, Cosm\u00e9ticos, Ceras, produtos de limpeza, aromatizantes de casa&#8230; &#8211; ESSENCIA MULTIUSOS. Atrai bom fluido para a casa. Limpeza, astral e amor<\/p>\n","protected":false},"featured_media":17155,"comment_status":"closed","ping_status":"closed","template":"","meta":{"_exactmetrics_skip_tracking":false,"_exactmetrics_sitenote_active":false,"_exactmetrics_sitenote_note":"","_exactmetrics_sitenote_category":0},"product_brand":[],"product_cat":[55,1296],"product_tag":[455,1137,1273],"class_list":{"0":"post-1378","1":"product","2":"type-product","3":"status-publish","4":"has-post-thumbnail","6":"product_cat-essencias-para-sabonetes","7":"product_cat-essencias-para-velas","8":"product_tag-essencias","9":"product_tag-essencias-para-sabonetes","10":"product_tag-essencias-para-velas","12":"first","13":"instock","14":"taxable","15":"shipping-taxable","16":"purchasable","17":"product-type-simple"},"yoast_head":"<!-- This site is optimized with the Yoast SEO plugin v27.4 - https:\/\/yoast.com\/product\/yoast-seo-wordpress\/ -->\n<title>Essencia Cravo -<\/title>\n<meta name=\"description\" content=\"Essencia feita a base de \u00f3leo neutro, n\u00e3o t\u00f3xico e antial\u00e9rgico. Com fixador.Pr\u00f3prio para perfumar gel parafina, ceras Sabonetes sais de banho\" \/>\n<meta name=\"robots\" content=\"index, follow, max-snippet:-1, max-image-preview:large, max-video-preview:-1\" \/>\n<link rel=\"canonical\" href=\"https:\/\/divertarte.com\/index.php\/produto\/essuncia-cravo\/\" \/>\n<meta property=\"og:locale\" content=\"pt_PT\" \/>\n<meta property=\"og:type\" content=\"article\" \/>\n<meta property=\"og:title\" content=\"Essencia Cravo -\" \/>\n<meta property=\"og:description\" content=\"Essencia feita a base de \u00f3leo neutro, n\u00e3o t\u00f3xico e antial\u00e9rgico. Com fixador.Pr\u00f3prio para perfumar gel parafina, ceras Sabonetes sais de banho\" \/>\n<meta property=\"og:url\" content=\"https:\/\/divertarte.com\/index.php\/produto\/essuncia-cravo\/\" \/>\n<meta property=\"article:modified_time\" content=\"2025-11-06T13:51:00+00:00\" \/>\n<meta property=\"og:image\" content=\"https:\/\/divertarte.com\/wp-content\/uploads\/2018\/06\/essencia-cravo-1.jpg\" \/>\n\t<meta property=\"og:image:width\" content=\"299\" \/>\n\t<meta property=\"og:image:height\" content=\"301\" \/>\n\t<meta property=\"og:image:type\" content=\"image\/jpeg\" \/>\n<meta name=\"twitter:card\" content=\"summary_large_image\" \/>\n<script type=\"application\/ld+json\" class=\"yoast-schema-graph\">{\"@context\":\"https:\\\/\\\/schema.org\",\"@graph\":[{\"@type\":\"WebPage\",\"@id\":\"https:\\\/\\\/divertarte.com\\\/index.php\\\/produto\\\/essuncia-cravo\\\/\",\"url\":\"https:\\\/\\\/divertarte.com\\\/index.php\\\/produto\\\/essuncia-cravo\\\/\",\"name\":\"Essencia Cravo -\",\"isPartOf\":{\"@id\":\"https:\\\/\\\/divertarte.com\\\/#website\"},\"primaryImageOfPage\":{\"@id\":\"https:\\\/\\\/divertarte.com\\\/index.php\\\/produto\\\/essuncia-cravo\\\/#primaryimage\"},\"image\":{\"@id\":\"https:\\\/\\\/divertarte.com\\\/index.php\\\/produto\\\/essuncia-cravo\\\/#primaryimage\"},\"thumbnailUrl\":\"https:\\\/\\\/divertarte.com\\\/wp-content\\\/uploads\\\/2018\\\/06\\\/essencia-cravo-1.jpg\",\"datePublished\":\"2018-06-07T13:11:00+00:00\",\"dateModified\":\"2025-11-06T13:51:00+00:00\",\"description\":\"Essencia feita a base de \u00f3leo neutro, n\u00e3o t\u00f3xico e antial\u00e9rgico. Com fixador.Pr\u00f3prio para perfumar gel parafina, ceras Sabonetes sais de banho\",\"breadcrumb\":{\"@id\":\"https:\\\/\\\/divertarte.com\\\/index.php\\\/produto\\\/essuncia-cravo\\\/#breadcrumb\"},\"inLanguage\":\"pt-PT\",\"potentialAction\":[{\"@type\":\"ReadAction\",\"target\":[\"https:\\\/\\\/divertarte.com\\\/index.php\\\/produto\\\/essuncia-cravo\\\/\"]}]},{\"@type\":\"ImageObject\",\"inLanguage\":\"pt-PT\",\"@id\":\"https:\\\/\\\/divertarte.com\\\/index.php\\\/produto\\\/essuncia-cravo\\\/#primaryimage\",\"url\":\"https:\\\/\\\/divertarte.com\\\/wp-content\\\/uploads\\\/2018\\\/06\\\/essencia-cravo-1.jpg\",\"contentUrl\":\"https:\\\/\\\/divertarte.com\\\/wp-content\\\/uploads\\\/2018\\\/06\\\/essencia-cravo-1.jpg\",\"width\":299,\"height\":301},{\"@type\":\"BreadcrumbList\",\"@id\":\"https:\\\/\\\/divertarte.com\\\/index.php\\\/produto\\\/essuncia-cravo\\\/#breadcrumb\",\"itemListElement\":[{\"@type\":\"ListItem\",\"position\":1,\"name\":\"In\u00edcio\",\"item\":\"https:\\\/\\\/divertarte.com\\\/\"},{\"@type\":\"ListItem\",\"position\":2,\"name\":\"Loja\",\"item\":\"https:\\\/\\\/divertarte.com\\\/index.php\\\/divertarte-produtos\\\/\"},{\"@type\":\"ListItem\",\"position\":3,\"name\":\"Essencia Cravo\"}]},{\"@type\":\"WebSite\",\"@id\":\"https:\\\/\\\/divertarte.com\\\/#website\",\"url\":\"https:\\\/\\\/divertarte.com\\\/\",\"name\":\"Divertarte\",\"description\":\"\",\"publisher\":{\"@id\":\"https:\\\/\\\/divertarte.com\\\/#organization\"},\"potentialAction\":[{\"@type\":\"SearchAction\",\"target\":{\"@type\":\"EntryPoint\",\"urlTemplate\":\"https:\\\/\\\/divertarte.com\\\/?s={search_term_string}\"},\"query-input\":{\"@type\":\"PropertyValueSpecification\",\"valueRequired\":true,\"valueName\":\"search_term_string\"}}],\"inLanguage\":\"pt-PT\"},{\"@type\":\"Organization\",\"@id\":\"https:\\\/\\\/divertarte.com\\\/#organization\",\"name\":\"Divertarte\",\"url\":\"https:\\\/\\\/divertarte.com\\\/\",\"logo\":{\"@type\":\"ImageObject\",\"inLanguage\":\"pt-PT\",\"@id\":\"https:\\\/\\\/divertarte.com\\\/#\\\/schema\\\/logo\\\/image\\\/\",\"url\":\"https:\\\/\\\/divertarte.com\\\/wp-content\\\/uploads\\\/2018\\\/07\\\/logo-div.jpg\",\"contentUrl\":\"https:\\\/\\\/divertarte.com\\\/wp-content\\\/uploads\\\/2018\\\/07\\\/logo-div.jpg\",\"width\":295,\"height\":123,\"caption\":\"Divertarte\"},\"image\":{\"@id\":\"https:\\\/\\\/divertarte.com\\\/#\\\/schema\\\/logo\\\/image\\\/\"}}]}<\/script>\n<!-- \/ Yoast SEO plugin. -->","yoast_head_json":{"title":"Essencia Cravo -","description":"Essencia feita a base de \u00f3leo neutro, n\u00e3o t\u00f3xico e antial\u00e9rgico. Com fixador.Pr\u00f3prio para perfumar gel parafina, ceras Sabonetes sais de banho","robots":{"index":"index","follow":"follow","max-snippet":"max-snippet:-1","max-image-preview":"max-image-preview:large","max-video-preview":"max-video-preview:-1"},"canonical":"https:\/\/divertarte.com\/index.php\/produto\/essuncia-cravo\/","og_locale":"pt_PT","og_type":"article","og_title":"Essencia Cravo -","og_description":"Essencia feita a base de \u00f3leo neutro, n\u00e3o t\u00f3xico e antial\u00e9rgico. Com fixador.Pr\u00f3prio para perfumar gel parafina, ceras Sabonetes sais de banho","og_url":"https:\/\/divertarte.com\/index.php\/produto\/essuncia-cravo\/","article_modified_time":"2025-11-06T13:51:00+00:00","og_image":[{"width":299,"height":301,"url":"https:\/\/divertarte.com\/wp-content\/uploads\/2018\/06\/essencia-cravo-1.jpg","type":"image\/jpeg"}],"twitter_card":"summary_large_image","schema":{"@context":"https:\/\/schema.org","@graph":[{"@type":"WebPage","@id":"https:\/\/divertarte.com\/index.php\/produto\/essuncia-cravo\/","url":"https:\/\/divertarte.com\/index.php\/produto\/essuncia-cravo\/","name":"Essencia Cravo -","isPartOf":{"@id":"https:\/\/divertarte.com\/#website"},"primaryImageOfPage":{"@id":"https:\/\/divertarte.com\/index.php\/produto\/essuncia-cravo\/#primaryimage"},"image":{"@id":"https:\/\/divertarte.com\/index.php\/produto\/essuncia-cravo\/#primaryimage"},"thumbnailUrl":"https:\/\/divertarte.com\/wp-content\/uploads\/2018\/06\/essencia-cravo-1.jpg","datePublished":"2018-06-07T13:11:00+00:00","dateModified":"2025-11-06T13:51:00+00:00","description":"Essencia feita a base de \u00f3leo neutro, n\u00e3o t\u00f3xico e antial\u00e9rgico. Com fixador.Pr\u00f3prio para perfumar gel parafina, ceras Sabonetes sais de banho","breadcrumb":{"@id":"https:\/\/divertarte.com\/index.php\/produto\/essuncia-cravo\/#breadcrumb"},"inLanguage":"pt-PT","potentialAction":[{"@type":"ReadAction","target":["https:\/\/divertarte.com\/index.php\/produto\/essuncia-cravo\/"]}]},{"@type":"ImageObject","inLanguage":"pt-PT","@id":"https:\/\/divertarte.com\/index.php\/produto\/essuncia-cravo\/#primaryimage","url":"https:\/\/divertarte.com\/wp-content\/uploads\/2018\/06\/essencia-cravo-1.jpg","contentUrl":"https:\/\/divertarte.com\/wp-content\/uploads\/2018\/06\/essencia-cravo-1.jpg","width":299,"height":301},{"@type":"BreadcrumbList","@id":"https:\/\/divertarte.com\/index.php\/produto\/essuncia-cravo\/#breadcrumb","itemListElement":[{"@type":"ListItem","position":1,"name":"In\u00edcio","item":"https:\/\/divertarte.com\/"},{"@type":"ListItem","position":2,"name":"Loja","item":"https:\/\/divertarte.com\/index.php\/divertarte-produtos\/"},{"@type":"ListItem","position":3,"name":"Essencia Cravo"}]},{"@type":"WebSite","@id":"https:\/\/divertarte.com\/#website","url":"https:\/\/divertarte.com\/","name":"Divertarte","description":"","publisher":{"@id":"https:\/\/divertarte.com\/#organization"},"potentialAction":[{"@type":"SearchAction","target":{"@type":"EntryPoint","urlTemplate":"https:\/\/divertarte.com\/?s={search_term_string}"},"query-input":{"@type":"PropertyValueSpecification","valueRequired":true,"valueName":"search_term_string"}}],"inLanguage":"pt-PT"},{"@type":"Organization","@id":"https:\/\/divertarte.com\/#organization","name":"Divertarte","url":"https:\/\/divertarte.com\/","logo":{"@type":"ImageObject","inLanguage":"pt-PT","@id":"https:\/\/divertarte.com\/#\/schema\/logo\/image\/","url":"https:\/\/divertarte.com\/wp-content\/uploads\/2018\/07\/logo-div.jpg","contentUrl":"https:\/\/divertarte.com\/wp-content\/uploads\/2018\/07\/logo-div.jpg","width":295,"height":123,"caption":"Divertarte"},"image":{"@id":"https:\/\/divertarte.com\/#\/schema\/logo\/image\/"}}]}},"_links":{"self":[{"href":"https:\/\/divertarte.com\/index.php\/wp-json\/wp\/v2\/product\/1378","targetHints":{"allow":["GET"]}}],"collection":[{"href":"https:\/\/divertarte.com\/index.php\/wp-json\/wp\/v2\/product"}],"about":[{"href":"https:\/\/divertarte.com\/index.php\/wp-json\/wp\/v2\/types\/product"}],"replies":[{"embeddable":true,"href":"https:\/\/divertarte.com\/index.php\/wp-json\/wp\/v2\/comments?post=1378"}],"wp:featuredmedia":[{"embeddable":true,"href":"https:\/\/divertarte.com\/index.php\/wp-json\/wp\/v2\/media\/17155"}],"wp:attachment":[{"href":"https:\/\/divertarte.com\/index.php\/wp-json\/wp\/v2\/media?parent=1378"}],"wp:term":[{"taxonomy":"product_brand","embeddable":true,"href":"https:\/\/divertarte.com\/index.php\/wp-json\/wp\/v2\/product_brand?post=1378"},{"taxonomy":"product_cat","embeddable":true,"href":"https:\/\/divertarte.com\/index.php\/wp-json\/wp\/v2\/product_cat?post=1378"},{"taxonomy":"product_tag","embeddable":true,"href":"https:\/\/divertarte.com\/index.php\/wp-json\/wp\/v2\/product_tag?post=1378"}],"curies":[{"name":"wp","href":"https:\/\/api.w.org\/{rel}","templated":true}]}}