{"id":13591,"date":"2021-03-29T19:12:54","date_gmt":"2021-03-29T18:12:54","guid":{"rendered":"https:\/\/divertarte.com\/?post_type=product&#038;p=13591"},"modified":"2025-11-06T13:24:26","modified_gmt":"2025-11-06T13:24:26","slug":"oleo-essencial-de-bergamota","status":"publish","type":"product","link":"https:\/\/divertarte.com\/index.php\/produto\/oleo-essencial-de-bergamota\/","title":{"rendered":"Oleo Essencial de Bergamota"},"content":{"rendered":"<p>Oleo Essencial de Bergamota<\/p>\n<p>Este Oleo tem propriedades antis\u00e9ticas, cicatrizantes e anti espasm\u00f3dicas.<\/p>\n<p>Pode usar-se sob a forma de cremes para tratar acne, psor\u00edase e eczema. Al\u00e9m disso pode ser diluido em \u00e1gua para banhos que melhoram as infec\u00e7\u00f5es da pele.<\/p>\n<p><strong>Quando usar \u00f3leo essencial pela 1\u00aa. vez \u00e9 conveniente fazer um teste<\/strong>: para se certificar se a sua utiliza\u00e7\u00e3o pode ou n\u00e3o provocar rea\u00e7\u00e3o al\u00e9rgica. Assim, numa colher de caf\u00e9 de \u00f3leo de am\u00eandoas doces misture uma gota do \u00f3leo essencial que pretende usar. Esfregue na parte interna do bra\u00e7o na dobra do cotovelo. Se no espa\u00e7o de 24 horas a pele estivar vermelha, significa que \u00e9 sens\u00edvel ao produto e portanto n\u00e3o dever\u00e1 us\u00e1-lo. Se pensa engravidar ou j\u00e1 est\u00e1 gr\u00e1vida aconselhe-se com o seu m\u00e9dico. <strong>Oleo essencial para uso externo<\/strong>, n\u00e3o deve ser ingerido<\/p>\n","protected":false},"excerpt":{"rendered":"<p>Oleo Essencial de Bergamota<\/p>\n<p>Este Oleo tem propriedades antis\u00e9ticas, cicatrizantes e anti espasm\u00f3dicas e para ajudar no tratamento do acne<\/p>\n<p>Pode usar-se sob a forma de cremes para tratar acne, psor\u00edase e eczema. Al\u00e9m disso pode ser diluido em \u00e1gua para banhos que servem para melhorar as infec\u00e7\u00f5es da pele. <strong>Oleo essencial para uso externo<\/strong>, n\u00e3o deve ser ingerido<\/p>\n","protected":false},"featured_media":16629,"comment_status":"open","ping_status":"closed","template":"","meta":{"_exactmetrics_skip_tracking":false,"_exactmetrics_sitenote_active":false,"_exactmetrics_sitenote_note":"","_exactmetrics_sitenote_category":0},"product_brand":[],"product_cat":[381,478,251,504,265,15],"product_tag":[520,512,511,513,514,515,521,509,519,510,518,516,517,534],"class_list":{"0":"post-13591","1":"product","2":"type-product","3":"status-publish","4":"has-post-thumbnail","6":"product_cat-materiais-para-sabonetes","7":"product_cat-oleos-base-vegetais-materiais-para-sabonetes","8":"product_cat-oleos-base-vegetais","9":"product_cat-oleos-essenciais","10":"product_cat-spa-produtos","11":"product_cat-ver-todos-os-produtos","12":"product_tag-aromaterapia","13":"product_tag-essenciais","14":"product_tag-essencial","15":"product_tag-fruta","16":"product_tag-frutas","17":"product_tag-frutos","18":"product_tag-massagens","19":"product_tag-oleo","20":"product_tag-oleo-essencial","21":"product_tag-oleos","22":"product_tag-oleos-essencias","23":"product_tag-planta","24":"product_tag-plantas","25":"product_tag-sabonete","27":"first","28":"instock","29":"taxable","30":"shipping-taxable","31":"purchasable","32":"product-type-variable"},"yoast_head":"<!-- This site is optimized with the Yoast SEO plugin v27.5 - https:\/\/yoast.com\/product\/yoast-seo-wordpress\/ -->\n<title>Oleo Essencial de Bergamota - para massagem-sabonetes-champoo-velas<\/title>\n<meta name=\"description\" content=\"O \u00f3leo essencial de bergamota possui qualidades antiss\u00e9ticas, cicatrizantes e anti-espasm\u00f3dico em forma de cremes para tratar a acne\" \/>\n<meta name=\"robots\" content=\"index, follow, max-snippet:-1, max-image-preview:large, max-video-preview:-1\" \/>\n<link rel=\"canonical\" href=\"https:\/\/divertarte.com\/index.php\/produto\/oleo-essencial-de-bergamota\/\" \/>\n<meta property=\"og:locale\" content=\"pt_PT\" \/>\n<meta property=\"og:type\" content=\"article\" \/>\n<meta property=\"og:title\" content=\"Oleo Essencial de Bergamota - para massagem-sabonetes-champoo-velas\" \/>\n<meta property=\"og:description\" content=\"O \u00f3leo essencial de bergamota possui qualidades antiss\u00e9ticas, cicatrizantes e anti-espasm\u00f3dico em forma de cremes para tratar a acne\" \/>\n<meta property=\"og:url\" content=\"https:\/\/divertarte.com\/index.php\/produto\/oleo-essencial-de-bergamota\/\" \/>\n<meta property=\"article:modified_time\" content=\"2025-11-06T13:24:26+00:00\" \/>\n<meta property=\"og:image\" content=\"https:\/\/divertarte.com\/wp-content\/uploads\/2021\/03\/oleo-essencial-bergamota-1.jpg\" \/>\n\t<meta property=\"og:image:width\" content=\"300\" \/>\n\t<meta property=\"og:image:height\" content=\"300\" \/>\n\t<meta property=\"og:image:type\" content=\"image\/jpeg\" \/>\n<meta name=\"twitter:card\" content=\"summary_large_image\" \/>\n<meta name=\"twitter:label1\" content=\"Tempo estimado de leitura\" \/>\n\t<meta name=\"twitter:data1\" content=\"1 minuto\" \/>\n<script type=\"application\/ld+json\" class=\"yoast-schema-graph\">{\"@context\":\"https:\\\/\\\/schema.org\",\"@graph\":[{\"@type\":\"WebPage\",\"@id\":\"https:\\\/\\\/divertarte.com\\\/index.php\\\/produto\\\/oleo-essencial-de-bergamota\\\/\",\"url\":\"https:\\\/\\\/divertarte.com\\\/index.php\\\/produto\\\/oleo-essencial-de-bergamota\\\/\",\"name\":\"Oleo Essencial de Bergamota - para massagem-sabonetes-champoo-velas\",\"isPartOf\":{\"@id\":\"https:\\\/\\\/divertarte.com\\\/#website\"},\"primaryImageOfPage\":{\"@id\":\"https:\\\/\\\/divertarte.com\\\/index.php\\\/produto\\\/oleo-essencial-de-bergamota\\\/#primaryimage\"},\"image\":{\"@id\":\"https:\\\/\\\/divertarte.com\\\/index.php\\\/produto\\\/oleo-essencial-de-bergamota\\\/#primaryimage\"},\"thumbnailUrl\":\"https:\\\/\\\/divertarte.com\\\/wp-content\\\/uploads\\\/2021\\\/03\\\/oleo-essencial-bergamota-1.jpg\",\"datePublished\":\"2021-03-29T18:12:54+00:00\",\"dateModified\":\"2025-11-06T13:24:26+00:00\",\"description\":\"O \u00f3leo essencial de bergamota possui qualidades antiss\u00e9ticas, cicatrizantes e anti-espasm\u00f3dico em forma de cremes para tratar a acne\",\"breadcrumb\":{\"@id\":\"https:\\\/\\\/divertarte.com\\\/index.php\\\/produto\\\/oleo-essencial-de-bergamota\\\/#breadcrumb\"},\"inLanguage\":\"pt-PT\",\"potentialAction\":[{\"@type\":\"ReadAction\",\"target\":[\"https:\\\/\\\/divertarte.com\\\/index.php\\\/produto\\\/oleo-essencial-de-bergamota\\\/\"]}]},{\"@type\":\"ImageObject\",\"inLanguage\":\"pt-PT\",\"@id\":\"https:\\\/\\\/divertarte.com\\\/index.php\\\/produto\\\/oleo-essencial-de-bergamota\\\/#primaryimage\",\"url\":\"https:\\\/\\\/divertarte.com\\\/wp-content\\\/uploads\\\/2021\\\/03\\\/oleo-essencial-bergamota-1.jpg\",\"contentUrl\":\"https:\\\/\\\/divertarte.com\\\/wp-content\\\/uploads\\\/2021\\\/03\\\/oleo-essencial-bergamota-1.jpg\",\"width\":300,\"height\":300},{\"@type\":\"BreadcrumbList\",\"@id\":\"https:\\\/\\\/divertarte.com\\\/index.php\\\/produto\\\/oleo-essencial-de-bergamota\\\/#breadcrumb\",\"itemListElement\":[{\"@type\":\"ListItem\",\"position\":1,\"name\":\"In\u00edcio\",\"item\":\"https:\\\/\\\/divertarte.com\\\/\"},{\"@type\":\"ListItem\",\"position\":2,\"name\":\"Loja\",\"item\":\"https:\\\/\\\/divertarte.com\\\/index.php\\\/divertarte-produtos\\\/\"},{\"@type\":\"ListItem\",\"position\":3,\"name\":\"Oleo Essencial de Bergamota\"}]},{\"@type\":\"WebSite\",\"@id\":\"https:\\\/\\\/divertarte.com\\\/#website\",\"url\":\"https:\\\/\\\/divertarte.com\\\/\",\"name\":\"Divertarte\",\"description\":\"\",\"publisher\":{\"@id\":\"https:\\\/\\\/divertarte.com\\\/#organization\"},\"potentialAction\":[{\"@type\":\"SearchAction\",\"target\":{\"@type\":\"EntryPoint\",\"urlTemplate\":\"https:\\\/\\\/divertarte.com\\\/?s={search_term_string}\"},\"query-input\":{\"@type\":\"PropertyValueSpecification\",\"valueRequired\":true,\"valueName\":\"search_term_string\"}}],\"inLanguage\":\"pt-PT\"},{\"@type\":\"Organization\",\"@id\":\"https:\\\/\\\/divertarte.com\\\/#organization\",\"name\":\"Divertarte\",\"url\":\"https:\\\/\\\/divertarte.com\\\/\",\"logo\":{\"@type\":\"ImageObject\",\"inLanguage\":\"pt-PT\",\"@id\":\"https:\\\/\\\/divertarte.com\\\/#\\\/schema\\\/logo\\\/image\\\/\",\"url\":\"https:\\\/\\\/divertarte.com\\\/wp-content\\\/uploads\\\/2018\\\/07\\\/logo-div.jpg\",\"contentUrl\":\"https:\\\/\\\/divertarte.com\\\/wp-content\\\/uploads\\\/2018\\\/07\\\/logo-div.jpg\",\"width\":295,\"height\":123,\"caption\":\"Divertarte\"},\"image\":{\"@id\":\"https:\\\/\\\/divertarte.com\\\/#\\\/schema\\\/logo\\\/image\\\/\"}}]}<\/script>\n<!-- \/ Yoast SEO plugin. -->","yoast_head_json":{"title":"Oleo Essencial de Bergamota - para massagem-sabonetes-champoo-velas","description":"O \u00f3leo essencial de bergamota possui qualidades antiss\u00e9ticas, cicatrizantes e anti-espasm\u00f3dico em forma de cremes para tratar a acne","robots":{"index":"index","follow":"follow","max-snippet":"max-snippet:-1","max-image-preview":"max-image-preview:large","max-video-preview":"max-video-preview:-1"},"canonical":"https:\/\/divertarte.com\/index.php\/produto\/oleo-essencial-de-bergamota\/","og_locale":"pt_PT","og_type":"article","og_title":"Oleo Essencial de Bergamota - para massagem-sabonetes-champoo-velas","og_description":"O \u00f3leo essencial de bergamota possui qualidades antiss\u00e9ticas, cicatrizantes e anti-espasm\u00f3dico em forma de cremes para tratar a acne","og_url":"https:\/\/divertarte.com\/index.php\/produto\/oleo-essencial-de-bergamota\/","article_modified_time":"2025-11-06T13:24:26+00:00","og_image":[{"width":300,"height":300,"url":"https:\/\/divertarte.com\/wp-content\/uploads\/2021\/03\/oleo-essencial-bergamota-1.jpg","type":"image\/jpeg"}],"twitter_card":"summary_large_image","twitter_misc":{"Tempo estimado de leitura":"1 minuto"},"schema":{"@context":"https:\/\/schema.org","@graph":[{"@type":"WebPage","@id":"https:\/\/divertarte.com\/index.php\/produto\/oleo-essencial-de-bergamota\/","url":"https:\/\/divertarte.com\/index.php\/produto\/oleo-essencial-de-bergamota\/","name":"Oleo Essencial de Bergamota - para massagem-sabonetes-champoo-velas","isPartOf":{"@id":"https:\/\/divertarte.com\/#website"},"primaryImageOfPage":{"@id":"https:\/\/divertarte.com\/index.php\/produto\/oleo-essencial-de-bergamota\/#primaryimage"},"image":{"@id":"https:\/\/divertarte.com\/index.php\/produto\/oleo-essencial-de-bergamota\/#primaryimage"},"thumbnailUrl":"https:\/\/divertarte.com\/wp-content\/uploads\/2021\/03\/oleo-essencial-bergamota-1.jpg","datePublished":"2021-03-29T18:12:54+00:00","dateModified":"2025-11-06T13:24:26+00:00","description":"O \u00f3leo essencial de bergamota possui qualidades antiss\u00e9ticas, cicatrizantes e anti-espasm\u00f3dico em forma de cremes para tratar a acne","breadcrumb":{"@id":"https:\/\/divertarte.com\/index.php\/produto\/oleo-essencial-de-bergamota\/#breadcrumb"},"inLanguage":"pt-PT","potentialAction":[{"@type":"ReadAction","target":["https:\/\/divertarte.com\/index.php\/produto\/oleo-essencial-de-bergamota\/"]}]},{"@type":"ImageObject","inLanguage":"pt-PT","@id":"https:\/\/divertarte.com\/index.php\/produto\/oleo-essencial-de-bergamota\/#primaryimage","url":"https:\/\/divertarte.com\/wp-content\/uploads\/2021\/03\/oleo-essencial-bergamota-1.jpg","contentUrl":"https:\/\/divertarte.com\/wp-content\/uploads\/2021\/03\/oleo-essencial-bergamota-1.jpg","width":300,"height":300},{"@type":"BreadcrumbList","@id":"https:\/\/divertarte.com\/index.php\/produto\/oleo-essencial-de-bergamota\/#breadcrumb","itemListElement":[{"@type":"ListItem","position":1,"name":"In\u00edcio","item":"https:\/\/divertarte.com\/"},{"@type":"ListItem","position":2,"name":"Loja","item":"https:\/\/divertarte.com\/index.php\/divertarte-produtos\/"},{"@type":"ListItem","position":3,"name":"Oleo Essencial de Bergamota"}]},{"@type":"WebSite","@id":"https:\/\/divertarte.com\/#website","url":"https:\/\/divertarte.com\/","name":"Divertarte","description":"","publisher":{"@id":"https:\/\/divertarte.com\/#organization"},"potentialAction":[{"@type":"SearchAction","target":{"@type":"EntryPoint","urlTemplate":"https:\/\/divertarte.com\/?s={search_term_string}"},"query-input":{"@type":"PropertyValueSpecification","valueRequired":true,"valueName":"search_term_string"}}],"inLanguage":"pt-PT"},{"@type":"Organization","@id":"https:\/\/divertarte.com\/#organization","name":"Divertarte","url":"https:\/\/divertarte.com\/","logo":{"@type":"ImageObject","inLanguage":"pt-PT","@id":"https:\/\/divertarte.com\/#\/schema\/logo\/image\/","url":"https:\/\/divertarte.com\/wp-content\/uploads\/2018\/07\/logo-div.jpg","contentUrl":"https:\/\/divertarte.com\/wp-content\/uploads\/2018\/07\/logo-div.jpg","width":295,"height":123,"caption":"Divertarte"},"image":{"@id":"https:\/\/divertarte.com\/#\/schema\/logo\/image\/"}}]}},"_links":{"self":[{"href":"https:\/\/divertarte.com\/index.php\/wp-json\/wp\/v2\/product\/13591","targetHints":{"allow":["GET"]}}],"collection":[{"href":"https:\/\/divertarte.com\/index.php\/wp-json\/wp\/v2\/product"}],"about":[{"href":"https:\/\/divertarte.com\/index.php\/wp-json\/wp\/v2\/types\/product"}],"replies":[{"embeddable":true,"href":"https:\/\/divertarte.com\/index.php\/wp-json\/wp\/v2\/comments?post=13591"}],"wp:featuredmedia":[{"embeddable":true,"href":"https:\/\/divertarte.com\/index.php\/wp-json\/wp\/v2\/media\/16629"}],"wp:attachment":[{"href":"https:\/\/divertarte.com\/index.php\/wp-json\/wp\/v2\/media?parent=13591"}],"wp:term":[{"taxonomy":"product_brand","embeddable":true,"href":"https:\/\/divertarte.com\/index.php\/wp-json\/wp\/v2\/product_brand?post=13591"},{"taxonomy":"product_cat","embeddable":true,"href":"https:\/\/divertarte.com\/index.php\/wp-json\/wp\/v2\/product_cat?post=13591"},{"taxonomy":"product_tag","embeddable":true,"href":"https:\/\/divertarte.com\/index.php\/wp-json\/wp\/v2\/product_tag?post=13591"}],"curies":[{"name":"wp","href":"https:\/\/api.w.org\/{rel}","templated":true}]}}