{"id":1355,"date":"2018-06-07T14:10:53","date_gmt":"2018-06-07T13:10:53","guid":{"rendered":"https:\/\/divertarte.com\/index.php\/produto\/essencia-alfazema\/"},"modified":"2025-11-06T13:51:03","modified_gmt":"2025-11-06T13:51:03","slug":"essencia-alfazema","status":"publish","type":"product","link":"https:\/\/divertarte.com\/index.php\/produto\/essencia-alfazema\/","title":{"rendered":"Essencia Alfazema"},"content":{"rendered":"<p>Essencia Alfazema<br \/>\nCaracter\u00edstica t\u00e9cnica: Ess\u00eancia feita a base de \u00f3leo neutro, n\u00e3o t\u00f3xico e anti al\u00e9rgico. Com fixador<br \/>\nAplica\u00e7\u00e3o: Pr\u00f3prio para perfumar glicerina (+\/- 30 ml\/kg), gel, parafina (+\/- 15 ml\/kg). Al\u00e9m disso ceras, sabonetes, sais de banho, cosm\u00e9ticos etc.<br \/>\nComo usar: Diluir a ess\u00eancia no produto em estado l\u00edquido aquecido, contudo fora do fogo.<br \/>\nRecomenda\u00e7\u00e3o: Uso externo (n\u00e3o ingerir).<br \/>\nEss\u00eancias multiusos 1\u00aa linha excelente qualidade &#8211; V\u00e1rias aplica\u00e7\u00f5es &#8211; Velas, Gel, Sabonetes, Cosm\u00e9ticos, Ceras, produtos de limpeza.<\/p>\n","protected":false},"excerpt":{"rendered":"<p>Essencia Alfazema<br \/>\nCaracter\u00edstica t\u00e9cnica: Ess\u00eancia feita a base de \u00f3leo neutro, n\u00e3o t\u00f3xico e anti al\u00e9rgico. Com fixador<br \/>\nAplica\u00e7\u00e3o: Pr\u00f3prio para perfumar glicerina (+\/- 30 ml\/kg), gel, parafina (+\/- 15 ml\/kg). Al\u00e9m disso ceras, sabonetes, sais de banho, cosm\u00e9ticos etc.<br \/>\nComo usar: Diluir a ess\u00eancia no produto em estado l\u00edquido aquecido, contudo fora do fogo.<br \/>\nRecomenda\u00e7\u00e3o: Uso externo (n\u00e3o ingerir).<br \/>\nEss\u00eancias multiusos 1\u00aa linha excelente qualidade &#8211; V\u00e1rias aplica\u00e7\u00f5es &#8211; Velas, Gel, Sabonetes, Cosm\u00e9ticos, Ceras, produtos de limpeza.<\/p>\n","protected":false},"featured_media":17161,"comment_status":"closed","ping_status":"closed","template":"","meta":{"_exactmetrics_skip_tracking":false,"_exactmetrics_sitenote_active":false,"_exactmetrics_sitenote_note":"","_exactmetrics_sitenote_category":0},"product_brand":[],"product_cat":[55,1296],"product_tag":[455,1137,1273],"class_list":{"0":"post-1355","1":"product","2":"type-product","3":"status-publish","4":"has-post-thumbnail","6":"product_cat-essencias-para-sabonetes","7":"product_cat-essencias-para-velas","8":"product_tag-essencias","9":"product_tag-essencias-para-sabonetes","10":"product_tag-essencias-para-velas","12":"first","13":"instock","14":"taxable","15":"shipping-taxable","16":"purchasable","17":"product-type-variable"},"yoast_head":"<!-- This site is optimized with the Yoast SEO plugin v27.4 - https:\/\/yoast.com\/product\/yoast-seo-wordpress\/ -->\n<title>Essencia Alfazema -<\/title>\n<meta name=\"description\" content=\"Essencia feita a base de \u00f3leo neutro, n\u00e3o t\u00f3xico e anti al\u00e9rgico. Com fixador,para glicerina,ceras, sabonetes, sais de banho, cosm\u00e9ticos\" \/>\n<meta name=\"robots\" content=\"index, follow, max-snippet:-1, max-image-preview:large, max-video-preview:-1\" \/>\n<link rel=\"canonical\" href=\"https:\/\/divertarte.com\/index.php\/produto\/essencia-alfazema\/\" \/>\n<meta property=\"og:locale\" content=\"pt_PT\" \/>\n<meta property=\"og:type\" content=\"article\" \/>\n<meta property=\"og:title\" content=\"Essencia Alfazema -\" \/>\n<meta property=\"og:description\" content=\"Essencia feita a base de \u00f3leo neutro, n\u00e3o t\u00f3xico e anti al\u00e9rgico. Com fixador,para glicerina,ceras, sabonetes, sais de banho, cosm\u00e9ticos\" \/>\n<meta property=\"og:url\" content=\"https:\/\/divertarte.com\/index.php\/produto\/essencia-alfazema\/\" \/>\n<meta property=\"article:modified_time\" content=\"2025-11-06T13:51:03+00:00\" \/>\n<meta property=\"og:image\" content=\"https:\/\/divertarte.com\/wp-content\/uploads\/2018\/06\/essencia-alfazema.jpg\" \/>\n\t<meta property=\"og:image:width\" content=\"299\" \/>\n\t<meta property=\"og:image:height\" content=\"301\" \/>\n\t<meta property=\"og:image:type\" content=\"image\/jpeg\" \/>\n<meta name=\"twitter:card\" content=\"summary_large_image\" \/>\n<script type=\"application\/ld+json\" class=\"yoast-schema-graph\">{\"@context\":\"https:\\\/\\\/schema.org\",\"@graph\":[{\"@type\":\"WebPage\",\"@id\":\"https:\\\/\\\/divertarte.com\\\/index.php\\\/produto\\\/essencia-alfazema\\\/\",\"url\":\"https:\\\/\\\/divertarte.com\\\/index.php\\\/produto\\\/essencia-alfazema\\\/\",\"name\":\"Essencia Alfazema -\",\"isPartOf\":{\"@id\":\"https:\\\/\\\/divertarte.com\\\/#website\"},\"primaryImageOfPage\":{\"@id\":\"https:\\\/\\\/divertarte.com\\\/index.php\\\/produto\\\/essencia-alfazema\\\/#primaryimage\"},\"image\":{\"@id\":\"https:\\\/\\\/divertarte.com\\\/index.php\\\/produto\\\/essencia-alfazema\\\/#primaryimage\"},\"thumbnailUrl\":\"https:\\\/\\\/divertarte.com\\\/wp-content\\\/uploads\\\/2018\\\/06\\\/essencia-alfazema.jpg\",\"datePublished\":\"2018-06-07T13:10:53+00:00\",\"dateModified\":\"2025-11-06T13:51:03+00:00\",\"description\":\"Essencia feita a base de \u00f3leo neutro, n\u00e3o t\u00f3xico e anti al\u00e9rgico. Com fixador,para glicerina,ceras, sabonetes, sais de banho, cosm\u00e9ticos\",\"breadcrumb\":{\"@id\":\"https:\\\/\\\/divertarte.com\\\/index.php\\\/produto\\\/essencia-alfazema\\\/#breadcrumb\"},\"inLanguage\":\"pt-PT\",\"potentialAction\":[{\"@type\":\"ReadAction\",\"target\":[\"https:\\\/\\\/divertarte.com\\\/index.php\\\/produto\\\/essencia-alfazema\\\/\"]}]},{\"@type\":\"ImageObject\",\"inLanguage\":\"pt-PT\",\"@id\":\"https:\\\/\\\/divertarte.com\\\/index.php\\\/produto\\\/essencia-alfazema\\\/#primaryimage\",\"url\":\"https:\\\/\\\/divertarte.com\\\/wp-content\\\/uploads\\\/2018\\\/06\\\/essencia-alfazema.jpg\",\"contentUrl\":\"https:\\\/\\\/divertarte.com\\\/wp-content\\\/uploads\\\/2018\\\/06\\\/essencia-alfazema.jpg\",\"width\":299,\"height\":301},{\"@type\":\"BreadcrumbList\",\"@id\":\"https:\\\/\\\/divertarte.com\\\/index.php\\\/produto\\\/essencia-alfazema\\\/#breadcrumb\",\"itemListElement\":[{\"@type\":\"ListItem\",\"position\":1,\"name\":\"In\u00edcio\",\"item\":\"https:\\\/\\\/divertarte.com\\\/\"},{\"@type\":\"ListItem\",\"position\":2,\"name\":\"Loja\",\"item\":\"https:\\\/\\\/divertarte.com\\\/index.php\\\/divertarte-produtos\\\/\"},{\"@type\":\"ListItem\",\"position\":3,\"name\":\"Essencia Alfazema\"}]},{\"@type\":\"WebSite\",\"@id\":\"https:\\\/\\\/divertarte.com\\\/#website\",\"url\":\"https:\\\/\\\/divertarte.com\\\/\",\"name\":\"Divertarte\",\"description\":\"\",\"publisher\":{\"@id\":\"https:\\\/\\\/divertarte.com\\\/#organization\"},\"potentialAction\":[{\"@type\":\"SearchAction\",\"target\":{\"@type\":\"EntryPoint\",\"urlTemplate\":\"https:\\\/\\\/divertarte.com\\\/?s={search_term_string}\"},\"query-input\":{\"@type\":\"PropertyValueSpecification\",\"valueRequired\":true,\"valueName\":\"search_term_string\"}}],\"inLanguage\":\"pt-PT\"},{\"@type\":\"Organization\",\"@id\":\"https:\\\/\\\/divertarte.com\\\/#organization\",\"name\":\"Divertarte\",\"url\":\"https:\\\/\\\/divertarte.com\\\/\",\"logo\":{\"@type\":\"ImageObject\",\"inLanguage\":\"pt-PT\",\"@id\":\"https:\\\/\\\/divertarte.com\\\/#\\\/schema\\\/logo\\\/image\\\/\",\"url\":\"https:\\\/\\\/divertarte.com\\\/wp-content\\\/uploads\\\/2018\\\/07\\\/logo-div.jpg\",\"contentUrl\":\"https:\\\/\\\/divertarte.com\\\/wp-content\\\/uploads\\\/2018\\\/07\\\/logo-div.jpg\",\"width\":295,\"height\":123,\"caption\":\"Divertarte\"},\"image\":{\"@id\":\"https:\\\/\\\/divertarte.com\\\/#\\\/schema\\\/logo\\\/image\\\/\"}}]}<\/script>\n<!-- \/ Yoast SEO plugin. -->","yoast_head_json":{"title":"Essencia Alfazema -","description":"Essencia feita a base de \u00f3leo neutro, n\u00e3o t\u00f3xico e anti al\u00e9rgico. Com fixador,para glicerina,ceras, sabonetes, sais de banho, cosm\u00e9ticos","robots":{"index":"index","follow":"follow","max-snippet":"max-snippet:-1","max-image-preview":"max-image-preview:large","max-video-preview":"max-video-preview:-1"},"canonical":"https:\/\/divertarte.com\/index.php\/produto\/essencia-alfazema\/","og_locale":"pt_PT","og_type":"article","og_title":"Essencia Alfazema -","og_description":"Essencia feita a base de \u00f3leo neutro, n\u00e3o t\u00f3xico e anti al\u00e9rgico. Com fixador,para glicerina,ceras, sabonetes, sais de banho, cosm\u00e9ticos","og_url":"https:\/\/divertarte.com\/index.php\/produto\/essencia-alfazema\/","article_modified_time":"2025-11-06T13:51:03+00:00","og_image":[{"width":299,"height":301,"url":"https:\/\/divertarte.com\/wp-content\/uploads\/2018\/06\/essencia-alfazema.jpg","type":"image\/jpeg"}],"twitter_card":"summary_large_image","schema":{"@context":"https:\/\/schema.org","@graph":[{"@type":"WebPage","@id":"https:\/\/divertarte.com\/index.php\/produto\/essencia-alfazema\/","url":"https:\/\/divertarte.com\/index.php\/produto\/essencia-alfazema\/","name":"Essencia Alfazema -","isPartOf":{"@id":"https:\/\/divertarte.com\/#website"},"primaryImageOfPage":{"@id":"https:\/\/divertarte.com\/index.php\/produto\/essencia-alfazema\/#primaryimage"},"image":{"@id":"https:\/\/divertarte.com\/index.php\/produto\/essencia-alfazema\/#primaryimage"},"thumbnailUrl":"https:\/\/divertarte.com\/wp-content\/uploads\/2018\/06\/essencia-alfazema.jpg","datePublished":"2018-06-07T13:10:53+00:00","dateModified":"2025-11-06T13:51:03+00:00","description":"Essencia feita a base de \u00f3leo neutro, n\u00e3o t\u00f3xico e anti al\u00e9rgico. Com fixador,para glicerina,ceras, sabonetes, sais de banho, cosm\u00e9ticos","breadcrumb":{"@id":"https:\/\/divertarte.com\/index.php\/produto\/essencia-alfazema\/#breadcrumb"},"inLanguage":"pt-PT","potentialAction":[{"@type":"ReadAction","target":["https:\/\/divertarte.com\/index.php\/produto\/essencia-alfazema\/"]}]},{"@type":"ImageObject","inLanguage":"pt-PT","@id":"https:\/\/divertarte.com\/index.php\/produto\/essencia-alfazema\/#primaryimage","url":"https:\/\/divertarte.com\/wp-content\/uploads\/2018\/06\/essencia-alfazema.jpg","contentUrl":"https:\/\/divertarte.com\/wp-content\/uploads\/2018\/06\/essencia-alfazema.jpg","width":299,"height":301},{"@type":"BreadcrumbList","@id":"https:\/\/divertarte.com\/index.php\/produto\/essencia-alfazema\/#breadcrumb","itemListElement":[{"@type":"ListItem","position":1,"name":"In\u00edcio","item":"https:\/\/divertarte.com\/"},{"@type":"ListItem","position":2,"name":"Loja","item":"https:\/\/divertarte.com\/index.php\/divertarte-produtos\/"},{"@type":"ListItem","position":3,"name":"Essencia Alfazema"}]},{"@type":"WebSite","@id":"https:\/\/divertarte.com\/#website","url":"https:\/\/divertarte.com\/","name":"Divertarte","description":"","publisher":{"@id":"https:\/\/divertarte.com\/#organization"},"potentialAction":[{"@type":"SearchAction","target":{"@type":"EntryPoint","urlTemplate":"https:\/\/divertarte.com\/?s={search_term_string}"},"query-input":{"@type":"PropertyValueSpecification","valueRequired":true,"valueName":"search_term_string"}}],"inLanguage":"pt-PT"},{"@type":"Organization","@id":"https:\/\/divertarte.com\/#organization","name":"Divertarte","url":"https:\/\/divertarte.com\/","logo":{"@type":"ImageObject","inLanguage":"pt-PT","@id":"https:\/\/divertarte.com\/#\/schema\/logo\/image\/","url":"https:\/\/divertarte.com\/wp-content\/uploads\/2018\/07\/logo-div.jpg","contentUrl":"https:\/\/divertarte.com\/wp-content\/uploads\/2018\/07\/logo-div.jpg","width":295,"height":123,"caption":"Divertarte"},"image":{"@id":"https:\/\/divertarte.com\/#\/schema\/logo\/image\/"}}]}},"_links":{"self":[{"href":"https:\/\/divertarte.com\/index.php\/wp-json\/wp\/v2\/product\/1355","targetHints":{"allow":["GET"]}}],"collection":[{"href":"https:\/\/divertarte.com\/index.php\/wp-json\/wp\/v2\/product"}],"about":[{"href":"https:\/\/divertarte.com\/index.php\/wp-json\/wp\/v2\/types\/product"}],"replies":[{"embeddable":true,"href":"https:\/\/divertarte.com\/index.php\/wp-json\/wp\/v2\/comments?post=1355"}],"wp:featuredmedia":[{"embeddable":true,"href":"https:\/\/divertarte.com\/index.php\/wp-json\/wp\/v2\/media\/17161"}],"wp:attachment":[{"href":"https:\/\/divertarte.com\/index.php\/wp-json\/wp\/v2\/media?parent=1355"}],"wp:term":[{"taxonomy":"product_brand","embeddable":true,"href":"https:\/\/divertarte.com\/index.php\/wp-json\/wp\/v2\/product_brand?post=1355"},{"taxonomy":"product_cat","embeddable":true,"href":"https:\/\/divertarte.com\/index.php\/wp-json\/wp\/v2\/product_cat?post=1355"},{"taxonomy":"product_tag","embeddable":true,"href":"https:\/\/divertarte.com\/index.php\/wp-json\/wp\/v2\/product_tag?post=1355"}],"curies":[{"name":"wp","href":"https:\/\/api.w.org\/{rel}","templated":true}]}}