{"id":13167,"date":"2021-02-25T17:12:04","date_gmt":"2021-02-25T17:12:04","guid":{"rendered":"https:\/\/divertarte.com\/?post_type=product&#038;p=13167"},"modified":"2025-11-28T11:13:32","modified_gmt":"2025-11-28T11:13:32","slug":"canela-em-pau-7-cm-30-gr","status":"publish","type":"product","link":"https:\/\/divertarte.com\/index.php\/produto\/canela-em-pau-7-cm-30-gr\/","title":{"rendered":"Canela em Pau 7 cm &#8211; 30 gr"},"content":{"rendered":"<p>Paus de Canela 7 cm \u2013 Peso l\u00edquido\u00a0 30 gr<\/p>\n<p>Destina-se a decora\u00e7\u00e3o de velas e sabonetes, enfeites em prendinhas de casamento, arranjos decorativos para bares e hot\u00e9is. Contudo n\u00e3o \u00e9 alimentar.<\/p>\n","protected":false},"excerpt":{"rendered":"<p>Paus de Canela 7 cm \u2013 Peso l\u00edquido\u00a0 30 gr<\/p>\n<p>Destina-se a decora\u00e7\u00e3o de velas e sabonetes, enfeites em prendinhas de casamento, arranjos decorativos para bares e hot\u00e9is. Contudo n\u00e3o \u00e9 alimentar.<\/p>\n","protected":false},"featured_media":13169,"comment_status":"open","ping_status":"closed","template":"","meta":{"_exactmetrics_skip_tracking":false,"_exactmetrics_sitenote_active":false,"_exactmetrics_sitenote_note":"","_exactmetrics_sitenote_category":0},"product_brand":[],"product_cat":[587,50,15],"product_tag":[],"class_list":{"0":"post-13167","1":"product","2":"type-product","3":"status-publish","4":"has-post-thumbnail","6":"product_cat-canela-em-pau","7":"product_cat-plantas-secas-desidratadas","8":"product_cat-ver-todos-os-produtos","10":"first","11":"instock","12":"taxable","13":"shipping-taxable","14":"purchasable","15":"product-type-simple"},"yoast_head":"<!-- This site is optimized with the Yoast SEO plugin v27.3 - https:\/\/yoast.com\/product\/yoast-seo-wordpress\/ -->\n<title>Canela em Pau 7 cm - 30 gr -<\/title>\n<meta name=\"description\" content=\"decora\u00e7\u00e3o de velas e sabonetes, enfeites em prendinhas de casamento, arranjos decorativos para bares e hot\u00e9is. Contudo n\u00e3o \u00e9 alimentar.\" \/>\n<meta name=\"robots\" content=\"index, follow, max-snippet:-1, max-image-preview:large, max-video-preview:-1\" \/>\n<link rel=\"canonical\" href=\"https:\/\/divertarte.com\/index.php\/produto\/canela-em-pau-7-cm-30-gr\/\" \/>\n<meta property=\"og:locale\" content=\"pt_PT\" \/>\n<meta property=\"og:type\" content=\"article\" \/>\n<meta property=\"og:title\" content=\"Canela em Pau 7 cm - 30 gr -\" \/>\n<meta property=\"og:description\" content=\"decora\u00e7\u00e3o de velas e sabonetes, enfeites em prendinhas de casamento, arranjos decorativos para bares e hot\u00e9is. Contudo n\u00e3o \u00e9 alimentar.\" \/>\n<meta property=\"og:url\" content=\"https:\/\/divertarte.com\/index.php\/produto\/canela-em-pau-7-cm-30-gr\/\" \/>\n<meta property=\"article:modified_time\" content=\"2025-11-28T11:13:32+00:00\" \/>\n<meta property=\"og:image\" content=\"https:\/\/divertarte.com\/wp-content\/uploads\/2021\/02\/canela-em-pau-7cm-30g-divertarte.jpg\" \/>\n\t<meta property=\"og:image:width\" content=\"301\" \/>\n\t<meta property=\"og:image:height\" content=\"303\" \/>\n\t<meta property=\"og:image:type\" content=\"image\/jpeg\" \/>\n<meta name=\"twitter:card\" content=\"summary_large_image\" \/>\n<script type=\"application\/ld+json\" class=\"yoast-schema-graph\">{\"@context\":\"https:\\\/\\\/schema.org\",\"@graph\":[{\"@type\":\"WebPage\",\"@id\":\"https:\\\/\\\/divertarte.com\\\/index.php\\\/produto\\\/canela-em-pau-7-cm-30-gr\\\/\",\"url\":\"https:\\\/\\\/divertarte.com\\\/index.php\\\/produto\\\/canela-em-pau-7-cm-30-gr\\\/\",\"name\":\"Canela em Pau 7 cm - 30 gr -\",\"isPartOf\":{\"@id\":\"https:\\\/\\\/divertarte.com\\\/#website\"},\"primaryImageOfPage\":{\"@id\":\"https:\\\/\\\/divertarte.com\\\/index.php\\\/produto\\\/canela-em-pau-7-cm-30-gr\\\/#primaryimage\"},\"image\":{\"@id\":\"https:\\\/\\\/divertarte.com\\\/index.php\\\/produto\\\/canela-em-pau-7-cm-30-gr\\\/#primaryimage\"},\"thumbnailUrl\":\"https:\\\/\\\/divertarte.com\\\/wp-content\\\/uploads\\\/2021\\\/02\\\/canela-em-pau-7cm-30g-divertarte.jpg\",\"datePublished\":\"2021-02-25T17:12:04+00:00\",\"dateModified\":\"2025-11-28T11:13:32+00:00\",\"description\":\"decora\u00e7\u00e3o de velas e sabonetes, enfeites em prendinhas de casamento, arranjos decorativos para bares e hot\u00e9is. Contudo n\u00e3o \u00e9 alimentar.\",\"breadcrumb\":{\"@id\":\"https:\\\/\\\/divertarte.com\\\/index.php\\\/produto\\\/canela-em-pau-7-cm-30-gr\\\/#breadcrumb\"},\"inLanguage\":\"pt-PT\",\"potentialAction\":[{\"@type\":\"ReadAction\",\"target\":[\"https:\\\/\\\/divertarte.com\\\/index.php\\\/produto\\\/canela-em-pau-7-cm-30-gr\\\/\"]}]},{\"@type\":\"ImageObject\",\"inLanguage\":\"pt-PT\",\"@id\":\"https:\\\/\\\/divertarte.com\\\/index.php\\\/produto\\\/canela-em-pau-7-cm-30-gr\\\/#primaryimage\",\"url\":\"https:\\\/\\\/divertarte.com\\\/wp-content\\\/uploads\\\/2021\\\/02\\\/canela-em-pau-7cm-30g-divertarte.jpg\",\"contentUrl\":\"https:\\\/\\\/divertarte.com\\\/wp-content\\\/uploads\\\/2021\\\/02\\\/canela-em-pau-7cm-30g-divertarte.jpg\",\"width\":301,\"height\":303},{\"@type\":\"BreadcrumbList\",\"@id\":\"https:\\\/\\\/divertarte.com\\\/index.php\\\/produto\\\/canela-em-pau-7-cm-30-gr\\\/#breadcrumb\",\"itemListElement\":[{\"@type\":\"ListItem\",\"position\":1,\"name\":\"In\u00edcio\",\"item\":\"https:\\\/\\\/divertarte.com\\\/\"},{\"@type\":\"ListItem\",\"position\":2,\"name\":\"Loja\",\"item\":\"https:\\\/\\\/divertarte.com\\\/index.php\\\/divertarte-produtos\\\/\"},{\"@type\":\"ListItem\",\"position\":3,\"name\":\"Canela em Pau 7 cm &#8211; 30 gr\"}]},{\"@type\":\"WebSite\",\"@id\":\"https:\\\/\\\/divertarte.com\\\/#website\",\"url\":\"https:\\\/\\\/divertarte.com\\\/\",\"name\":\"Divertarte\",\"description\":\"\",\"publisher\":{\"@id\":\"https:\\\/\\\/divertarte.com\\\/#organization\"},\"potentialAction\":[{\"@type\":\"SearchAction\",\"target\":{\"@type\":\"EntryPoint\",\"urlTemplate\":\"https:\\\/\\\/divertarte.com\\\/?s={search_term_string}\"},\"query-input\":{\"@type\":\"PropertyValueSpecification\",\"valueRequired\":true,\"valueName\":\"search_term_string\"}}],\"inLanguage\":\"pt-PT\"},{\"@type\":\"Organization\",\"@id\":\"https:\\\/\\\/divertarte.com\\\/#organization\",\"name\":\"Divertarte\",\"url\":\"https:\\\/\\\/divertarte.com\\\/\",\"logo\":{\"@type\":\"ImageObject\",\"inLanguage\":\"pt-PT\",\"@id\":\"https:\\\/\\\/divertarte.com\\\/#\\\/schema\\\/logo\\\/image\\\/\",\"url\":\"https:\\\/\\\/divertarte.com\\\/wp-content\\\/uploads\\\/2018\\\/07\\\/logo-div.jpg\",\"contentUrl\":\"https:\\\/\\\/divertarte.com\\\/wp-content\\\/uploads\\\/2018\\\/07\\\/logo-div.jpg\",\"width\":295,\"height\":123,\"caption\":\"Divertarte\"},\"image\":{\"@id\":\"https:\\\/\\\/divertarte.com\\\/#\\\/schema\\\/logo\\\/image\\\/\"}}]}<\/script>\n<!-- \/ Yoast SEO plugin. -->","yoast_head_json":{"title":"Canela em Pau 7 cm - 30 gr -","description":"decora\u00e7\u00e3o de velas e sabonetes, enfeites em prendinhas de casamento, arranjos decorativos para bares e hot\u00e9is. Contudo n\u00e3o \u00e9 alimentar.","robots":{"index":"index","follow":"follow","max-snippet":"max-snippet:-1","max-image-preview":"max-image-preview:large","max-video-preview":"max-video-preview:-1"},"canonical":"https:\/\/divertarte.com\/index.php\/produto\/canela-em-pau-7-cm-30-gr\/","og_locale":"pt_PT","og_type":"article","og_title":"Canela em Pau 7 cm - 30 gr -","og_description":"decora\u00e7\u00e3o de velas e sabonetes, enfeites em prendinhas de casamento, arranjos decorativos para bares e hot\u00e9is. Contudo n\u00e3o \u00e9 alimentar.","og_url":"https:\/\/divertarte.com\/index.php\/produto\/canela-em-pau-7-cm-30-gr\/","article_modified_time":"2025-11-28T11:13:32+00:00","og_image":[{"width":301,"height":303,"url":"https:\/\/divertarte.com\/wp-content\/uploads\/2021\/02\/canela-em-pau-7cm-30g-divertarte.jpg","type":"image\/jpeg"}],"twitter_card":"summary_large_image","schema":{"@context":"https:\/\/schema.org","@graph":[{"@type":"WebPage","@id":"https:\/\/divertarte.com\/index.php\/produto\/canela-em-pau-7-cm-30-gr\/","url":"https:\/\/divertarte.com\/index.php\/produto\/canela-em-pau-7-cm-30-gr\/","name":"Canela em Pau 7 cm - 30 gr -","isPartOf":{"@id":"https:\/\/divertarte.com\/#website"},"primaryImageOfPage":{"@id":"https:\/\/divertarte.com\/index.php\/produto\/canela-em-pau-7-cm-30-gr\/#primaryimage"},"image":{"@id":"https:\/\/divertarte.com\/index.php\/produto\/canela-em-pau-7-cm-30-gr\/#primaryimage"},"thumbnailUrl":"https:\/\/divertarte.com\/wp-content\/uploads\/2021\/02\/canela-em-pau-7cm-30g-divertarte.jpg","datePublished":"2021-02-25T17:12:04+00:00","dateModified":"2025-11-28T11:13:32+00:00","description":"decora\u00e7\u00e3o de velas e sabonetes, enfeites em prendinhas de casamento, arranjos decorativos para bares e hot\u00e9is. Contudo n\u00e3o \u00e9 alimentar.","breadcrumb":{"@id":"https:\/\/divertarte.com\/index.php\/produto\/canela-em-pau-7-cm-30-gr\/#breadcrumb"},"inLanguage":"pt-PT","potentialAction":[{"@type":"ReadAction","target":["https:\/\/divertarte.com\/index.php\/produto\/canela-em-pau-7-cm-30-gr\/"]}]},{"@type":"ImageObject","inLanguage":"pt-PT","@id":"https:\/\/divertarte.com\/index.php\/produto\/canela-em-pau-7-cm-30-gr\/#primaryimage","url":"https:\/\/divertarte.com\/wp-content\/uploads\/2021\/02\/canela-em-pau-7cm-30g-divertarte.jpg","contentUrl":"https:\/\/divertarte.com\/wp-content\/uploads\/2021\/02\/canela-em-pau-7cm-30g-divertarte.jpg","width":301,"height":303},{"@type":"BreadcrumbList","@id":"https:\/\/divertarte.com\/index.php\/produto\/canela-em-pau-7-cm-30-gr\/#breadcrumb","itemListElement":[{"@type":"ListItem","position":1,"name":"In\u00edcio","item":"https:\/\/divertarte.com\/"},{"@type":"ListItem","position":2,"name":"Loja","item":"https:\/\/divertarte.com\/index.php\/divertarte-produtos\/"},{"@type":"ListItem","position":3,"name":"Canela em Pau 7 cm &#8211; 30 gr"}]},{"@type":"WebSite","@id":"https:\/\/divertarte.com\/#website","url":"https:\/\/divertarte.com\/","name":"Divertarte","description":"","publisher":{"@id":"https:\/\/divertarte.com\/#organization"},"potentialAction":[{"@type":"SearchAction","target":{"@type":"EntryPoint","urlTemplate":"https:\/\/divertarte.com\/?s={search_term_string}"},"query-input":{"@type":"PropertyValueSpecification","valueRequired":true,"valueName":"search_term_string"}}],"inLanguage":"pt-PT"},{"@type":"Organization","@id":"https:\/\/divertarte.com\/#organization","name":"Divertarte","url":"https:\/\/divertarte.com\/","logo":{"@type":"ImageObject","inLanguage":"pt-PT","@id":"https:\/\/divertarte.com\/#\/schema\/logo\/image\/","url":"https:\/\/divertarte.com\/wp-content\/uploads\/2018\/07\/logo-div.jpg","contentUrl":"https:\/\/divertarte.com\/wp-content\/uploads\/2018\/07\/logo-div.jpg","width":295,"height":123,"caption":"Divertarte"},"image":{"@id":"https:\/\/divertarte.com\/#\/schema\/logo\/image\/"}}]}},"_links":{"self":[{"href":"https:\/\/divertarte.com\/index.php\/wp-json\/wp\/v2\/product\/13167","targetHints":{"allow":["GET"]}}],"collection":[{"href":"https:\/\/divertarte.com\/index.php\/wp-json\/wp\/v2\/product"}],"about":[{"href":"https:\/\/divertarte.com\/index.php\/wp-json\/wp\/v2\/types\/product"}],"replies":[{"embeddable":true,"href":"https:\/\/divertarte.com\/index.php\/wp-json\/wp\/v2\/comments?post=13167"}],"wp:featuredmedia":[{"embeddable":true,"href":"https:\/\/divertarte.com\/index.php\/wp-json\/wp\/v2\/media\/13169"}],"wp:attachment":[{"href":"https:\/\/divertarte.com\/index.php\/wp-json\/wp\/v2\/media?parent=13167"}],"wp:term":[{"taxonomy":"product_brand","embeddable":true,"href":"https:\/\/divertarte.com\/index.php\/wp-json\/wp\/v2\/product_brand?post=13167"},{"taxonomy":"product_cat","embeddable":true,"href":"https:\/\/divertarte.com\/index.php\/wp-json\/wp\/v2\/product_cat?post=13167"},{"taxonomy":"product_tag","embeddable":true,"href":"https:\/\/divertarte.com\/index.php\/wp-json\/wp\/v2\/product_tag?post=13167"}],"curies":[{"name":"wp","href":"https:\/\/api.w.org\/{rel}","templated":true}]}}