{"id":13149,"date":"2021-02-24T15:22:47","date_gmt":"2021-02-24T15:22:47","guid":{"rendered":"https:\/\/divertarte.com\/?post_type=product&#038;p=13149"},"modified":"2026-01-23T15:15:50","modified_gmt":"2026-01-23T15:15:50","slug":"frasco-pet-transparente-1-litro-com-doseador-longo","status":"publish","type":"product","link":"https:\/\/divertarte.com\/index.php\/produto\/frasco-pet-transparente-1-litro-com-doseador-longo\/","title":{"rendered":"Frasco PET transparente 1 litro com doseador longo"},"content":{"rendered":"<p>Frasco PET transparente 1 litro com doseador longo<\/p>\n<p>Frasco em PET pl\u00e1stico cristal de 1 litro com doseador 28, longo.\u00a0 Ideal para colunas de \u00e1lcool gel. Al\u00e9m disso serve para champ\u00f4, gel de duche. Sabonete liquido, cosm\u00e9tica usado em sal\u00e3o de beleza.<\/p>\n","protected":false},"excerpt":{"rendered":"<p>Frasco PET transparente 1 litro com doseador longo<\/p>\n<p>Frasco em PET pl\u00e1stico cristal de 1 litro com doseador 28, longo.\u00a0 Ideal para colunas de \u00e1lcool gel. Al\u00e9m disso serve para champ\u00f4, gel de duche. Sabonete liquido, cosm\u00e9tica usado em sal\u00e3o de beleza.<\/p>\n","protected":false},"featured_media":13150,"comment_status":"open","ping_status":"closed","template":"","meta":{"_exactmetrics_skip_tracking":false,"_exactmetrics_sitenote_active":false,"_exactmetrics_sitenote_note":"","_exactmetrics_sitenote_category":0},"product_brand":[],"product_cat":[168],"product_tag":[758,759,738,462],"class_list":{"0":"post-13149","1":"product","2":"type-product","3":"status-publish","4":"has-post-thumbnail","6":"product_cat-frascos-pet-frascos-plastico-boioes-boiao-pet","7":"product_tag-covid","8":"product_tag-frasco-alcool","9":"product_tag-frasco-pet","10":"product_tag-frascos-plastico","12":"first","13":"instock","14":"taxable","15":"shipping-taxable","16":"purchasable","17":"product-type-simple"},"yoast_head":"<!-- This site is optimized with the Yoast SEO plugin v27.4 - https:\/\/yoast.com\/product\/yoast-seo-wordpress\/ -->\n<title>Frasco PET transparente 1 litro com doseador longo -<\/title>\n<meta name=\"description\" content=\"Ideal para colunas de \u00e1lcool gel. Al\u00e9m disso serve para champ\u00f4, gel de duche. Sabonete liquido, cosm\u00e9tica usado em sal\u00e3o de beleza.\" \/>\n<meta name=\"robots\" content=\"index, follow, max-snippet:-1, max-image-preview:large, max-video-preview:-1\" \/>\n<link rel=\"canonical\" href=\"https:\/\/divertarte.com\/index.php\/produto\/frasco-pet-transparente-1-litro-com-doseador-longo\/\" \/>\n<meta property=\"og:locale\" content=\"pt_PT\" \/>\n<meta property=\"og:type\" content=\"article\" \/>\n<meta property=\"og:title\" content=\"Frasco PET transparente 1 litro com doseador longo -\" \/>\n<meta property=\"og:description\" content=\"Ideal para colunas de \u00e1lcool gel. Al\u00e9m disso serve para champ\u00f4, gel de duche. Sabonete liquido, cosm\u00e9tica usado em sal\u00e3o de beleza.\" \/>\n<meta property=\"og:url\" content=\"https:\/\/divertarte.com\/index.php\/produto\/frasco-pet-transparente-1-litro-com-doseador-longo\/\" \/>\n<meta property=\"article:modified_time\" content=\"2026-01-23T15:15:50+00:00\" \/>\n<meta property=\"og:image\" content=\"https:\/\/divertarte.com\/wp-content\/uploads\/2021\/02\/frasco-PET-transparente1-litro-tampa-doseador-28-bico-comprido.jpg\" \/>\n\t<meta property=\"og:image:width\" content=\"300\" \/>\n\t<meta property=\"og:image:height\" content=\"299\" \/>\n\t<meta property=\"og:image:type\" content=\"image\/jpeg\" \/>\n<meta name=\"twitter:card\" content=\"summary_large_image\" \/>\n<script type=\"application\/ld+json\" class=\"yoast-schema-graph\">{\"@context\":\"https:\\\/\\\/schema.org\",\"@graph\":[{\"@type\":\"WebPage\",\"@id\":\"https:\\\/\\\/divertarte.com\\\/index.php\\\/produto\\\/frasco-pet-transparente-1-litro-com-doseador-longo\\\/\",\"url\":\"https:\\\/\\\/divertarte.com\\\/index.php\\\/produto\\\/frasco-pet-transparente-1-litro-com-doseador-longo\\\/\",\"name\":\"Frasco PET transparente 1 litro com doseador longo -\",\"isPartOf\":{\"@id\":\"https:\\\/\\\/divertarte.com\\\/#website\"},\"primaryImageOfPage\":{\"@id\":\"https:\\\/\\\/divertarte.com\\\/index.php\\\/produto\\\/frasco-pet-transparente-1-litro-com-doseador-longo\\\/#primaryimage\"},\"image\":{\"@id\":\"https:\\\/\\\/divertarte.com\\\/index.php\\\/produto\\\/frasco-pet-transparente-1-litro-com-doseador-longo\\\/#primaryimage\"},\"thumbnailUrl\":\"https:\\\/\\\/divertarte.com\\\/wp-content\\\/uploads\\\/2021\\\/02\\\/frasco-PET-transparente1-litro-tampa-doseador-28-bico-comprido.jpg\",\"datePublished\":\"2021-02-24T15:22:47+00:00\",\"dateModified\":\"2026-01-23T15:15:50+00:00\",\"description\":\"Ideal para colunas de \u00e1lcool gel. Al\u00e9m disso serve para champ\u00f4, gel de duche. Sabonete liquido, cosm\u00e9tica usado em sal\u00e3o de beleza.\",\"breadcrumb\":{\"@id\":\"https:\\\/\\\/divertarte.com\\\/index.php\\\/produto\\\/frasco-pet-transparente-1-litro-com-doseador-longo\\\/#breadcrumb\"},\"inLanguage\":\"pt-PT\",\"potentialAction\":[{\"@type\":\"ReadAction\",\"target\":[\"https:\\\/\\\/divertarte.com\\\/index.php\\\/produto\\\/frasco-pet-transparente-1-litro-com-doseador-longo\\\/\"]}]},{\"@type\":\"ImageObject\",\"inLanguage\":\"pt-PT\",\"@id\":\"https:\\\/\\\/divertarte.com\\\/index.php\\\/produto\\\/frasco-pet-transparente-1-litro-com-doseador-longo\\\/#primaryimage\",\"url\":\"https:\\\/\\\/divertarte.com\\\/wp-content\\\/uploads\\\/2021\\\/02\\\/frasco-PET-transparente1-litro-tampa-doseador-28-bico-comprido.jpg\",\"contentUrl\":\"https:\\\/\\\/divertarte.com\\\/wp-content\\\/uploads\\\/2021\\\/02\\\/frasco-PET-transparente1-litro-tampa-doseador-28-bico-comprido.jpg\",\"width\":300,\"height\":299},{\"@type\":\"BreadcrumbList\",\"@id\":\"https:\\\/\\\/divertarte.com\\\/index.php\\\/produto\\\/frasco-pet-transparente-1-litro-com-doseador-longo\\\/#breadcrumb\",\"itemListElement\":[{\"@type\":\"ListItem\",\"position\":1,\"name\":\"In\u00edcio\",\"item\":\"https:\\\/\\\/divertarte.com\\\/\"},{\"@type\":\"ListItem\",\"position\":2,\"name\":\"Loja\",\"item\":\"https:\\\/\\\/divertarte.com\\\/index.php\\\/divertarte-produtos\\\/\"},{\"@type\":\"ListItem\",\"position\":3,\"name\":\"Frasco PET transparente 1 litro com doseador longo\"}]},{\"@type\":\"WebSite\",\"@id\":\"https:\\\/\\\/divertarte.com\\\/#website\",\"url\":\"https:\\\/\\\/divertarte.com\\\/\",\"name\":\"Divertarte\",\"description\":\"\",\"publisher\":{\"@id\":\"https:\\\/\\\/divertarte.com\\\/#organization\"},\"potentialAction\":[{\"@type\":\"SearchAction\",\"target\":{\"@type\":\"EntryPoint\",\"urlTemplate\":\"https:\\\/\\\/divertarte.com\\\/?s={search_term_string}\"},\"query-input\":{\"@type\":\"PropertyValueSpecification\",\"valueRequired\":true,\"valueName\":\"search_term_string\"}}],\"inLanguage\":\"pt-PT\"},{\"@type\":\"Organization\",\"@id\":\"https:\\\/\\\/divertarte.com\\\/#organization\",\"name\":\"Divertarte\",\"url\":\"https:\\\/\\\/divertarte.com\\\/\",\"logo\":{\"@type\":\"ImageObject\",\"inLanguage\":\"pt-PT\",\"@id\":\"https:\\\/\\\/divertarte.com\\\/#\\\/schema\\\/logo\\\/image\\\/\",\"url\":\"https:\\\/\\\/divertarte.com\\\/wp-content\\\/uploads\\\/2018\\\/07\\\/logo-div.jpg\",\"contentUrl\":\"https:\\\/\\\/divertarte.com\\\/wp-content\\\/uploads\\\/2018\\\/07\\\/logo-div.jpg\",\"width\":295,\"height\":123,\"caption\":\"Divertarte\"},\"image\":{\"@id\":\"https:\\\/\\\/divertarte.com\\\/#\\\/schema\\\/logo\\\/image\\\/\"}}]}<\/script>\n<!-- \/ Yoast SEO plugin. -->","yoast_head_json":{"title":"Frasco PET transparente 1 litro com doseador longo -","description":"Ideal para colunas de \u00e1lcool gel. Al\u00e9m disso serve para champ\u00f4, gel de duche. Sabonete liquido, cosm\u00e9tica usado em sal\u00e3o de beleza.","robots":{"index":"index","follow":"follow","max-snippet":"max-snippet:-1","max-image-preview":"max-image-preview:large","max-video-preview":"max-video-preview:-1"},"canonical":"https:\/\/divertarte.com\/index.php\/produto\/frasco-pet-transparente-1-litro-com-doseador-longo\/","og_locale":"pt_PT","og_type":"article","og_title":"Frasco PET transparente 1 litro com doseador longo -","og_description":"Ideal para colunas de \u00e1lcool gel. Al\u00e9m disso serve para champ\u00f4, gel de duche. Sabonete liquido, cosm\u00e9tica usado em sal\u00e3o de beleza.","og_url":"https:\/\/divertarte.com\/index.php\/produto\/frasco-pet-transparente-1-litro-com-doseador-longo\/","article_modified_time":"2026-01-23T15:15:50+00:00","og_image":[{"width":300,"height":299,"url":"https:\/\/divertarte.com\/wp-content\/uploads\/2021\/02\/frasco-PET-transparente1-litro-tampa-doseador-28-bico-comprido.jpg","type":"image\/jpeg"}],"twitter_card":"summary_large_image","schema":{"@context":"https:\/\/schema.org","@graph":[{"@type":"WebPage","@id":"https:\/\/divertarte.com\/index.php\/produto\/frasco-pet-transparente-1-litro-com-doseador-longo\/","url":"https:\/\/divertarte.com\/index.php\/produto\/frasco-pet-transparente-1-litro-com-doseador-longo\/","name":"Frasco PET transparente 1 litro com doseador longo -","isPartOf":{"@id":"https:\/\/divertarte.com\/#website"},"primaryImageOfPage":{"@id":"https:\/\/divertarte.com\/index.php\/produto\/frasco-pet-transparente-1-litro-com-doseador-longo\/#primaryimage"},"image":{"@id":"https:\/\/divertarte.com\/index.php\/produto\/frasco-pet-transparente-1-litro-com-doseador-longo\/#primaryimage"},"thumbnailUrl":"https:\/\/divertarte.com\/wp-content\/uploads\/2021\/02\/frasco-PET-transparente1-litro-tampa-doseador-28-bico-comprido.jpg","datePublished":"2021-02-24T15:22:47+00:00","dateModified":"2026-01-23T15:15:50+00:00","description":"Ideal para colunas de \u00e1lcool gel. Al\u00e9m disso serve para champ\u00f4, gel de duche. Sabonete liquido, cosm\u00e9tica usado em sal\u00e3o de beleza.","breadcrumb":{"@id":"https:\/\/divertarte.com\/index.php\/produto\/frasco-pet-transparente-1-litro-com-doseador-longo\/#breadcrumb"},"inLanguage":"pt-PT","potentialAction":[{"@type":"ReadAction","target":["https:\/\/divertarte.com\/index.php\/produto\/frasco-pet-transparente-1-litro-com-doseador-longo\/"]}]},{"@type":"ImageObject","inLanguage":"pt-PT","@id":"https:\/\/divertarte.com\/index.php\/produto\/frasco-pet-transparente-1-litro-com-doseador-longo\/#primaryimage","url":"https:\/\/divertarte.com\/wp-content\/uploads\/2021\/02\/frasco-PET-transparente1-litro-tampa-doseador-28-bico-comprido.jpg","contentUrl":"https:\/\/divertarte.com\/wp-content\/uploads\/2021\/02\/frasco-PET-transparente1-litro-tampa-doseador-28-bico-comprido.jpg","width":300,"height":299},{"@type":"BreadcrumbList","@id":"https:\/\/divertarte.com\/index.php\/produto\/frasco-pet-transparente-1-litro-com-doseador-longo\/#breadcrumb","itemListElement":[{"@type":"ListItem","position":1,"name":"In\u00edcio","item":"https:\/\/divertarte.com\/"},{"@type":"ListItem","position":2,"name":"Loja","item":"https:\/\/divertarte.com\/index.php\/divertarte-produtos\/"},{"@type":"ListItem","position":3,"name":"Frasco PET transparente 1 litro com doseador longo"}]},{"@type":"WebSite","@id":"https:\/\/divertarte.com\/#website","url":"https:\/\/divertarte.com\/","name":"Divertarte","description":"","publisher":{"@id":"https:\/\/divertarte.com\/#organization"},"potentialAction":[{"@type":"SearchAction","target":{"@type":"EntryPoint","urlTemplate":"https:\/\/divertarte.com\/?s={search_term_string}"},"query-input":{"@type":"PropertyValueSpecification","valueRequired":true,"valueName":"search_term_string"}}],"inLanguage":"pt-PT"},{"@type":"Organization","@id":"https:\/\/divertarte.com\/#organization","name":"Divertarte","url":"https:\/\/divertarte.com\/","logo":{"@type":"ImageObject","inLanguage":"pt-PT","@id":"https:\/\/divertarte.com\/#\/schema\/logo\/image\/","url":"https:\/\/divertarte.com\/wp-content\/uploads\/2018\/07\/logo-div.jpg","contentUrl":"https:\/\/divertarte.com\/wp-content\/uploads\/2018\/07\/logo-div.jpg","width":295,"height":123,"caption":"Divertarte"},"image":{"@id":"https:\/\/divertarte.com\/#\/schema\/logo\/image\/"}}]}},"_links":{"self":[{"href":"https:\/\/divertarte.com\/index.php\/wp-json\/wp\/v2\/product\/13149","targetHints":{"allow":["GET"]}}],"collection":[{"href":"https:\/\/divertarte.com\/index.php\/wp-json\/wp\/v2\/product"}],"about":[{"href":"https:\/\/divertarte.com\/index.php\/wp-json\/wp\/v2\/types\/product"}],"replies":[{"embeddable":true,"href":"https:\/\/divertarte.com\/index.php\/wp-json\/wp\/v2\/comments?post=13149"}],"wp:featuredmedia":[{"embeddable":true,"href":"https:\/\/divertarte.com\/index.php\/wp-json\/wp\/v2\/media\/13150"}],"wp:attachment":[{"href":"https:\/\/divertarte.com\/index.php\/wp-json\/wp\/v2\/media?parent=13149"}],"wp:term":[{"taxonomy":"product_brand","embeddable":true,"href":"https:\/\/divertarte.com\/index.php\/wp-json\/wp\/v2\/product_brand?post=13149"},{"taxonomy":"product_cat","embeddable":true,"href":"https:\/\/divertarte.com\/index.php\/wp-json\/wp\/v2\/product_cat?post=13149"},{"taxonomy":"product_tag","embeddable":true,"href":"https:\/\/divertarte.com\/index.php\/wp-json\/wp\/v2\/product_tag?post=13149"}],"curies":[{"name":"wp","href":"https:\/\/api.w.org\/{rel}","templated":true}]}}