{"id":1302,"date":"2018-06-07T14:16:43","date_gmt":"2018-06-07T13:16:43","guid":{"rendered":"https:\/\/divertarte.com\/index.php\/produto\/erva-lavanda\/"},"modified":"2025-11-06T13:38:56","modified_gmt":"2025-11-06T13:38:56","slug":"erva-lavanda-alfazema","status":"publish","type":"product","link":"https:\/\/divertarte.com\/index.php\/produto\/erva-lavanda-alfazema\/","title":{"rendered":"Erva Lavanda &#8211; Alfazema 50"},"content":{"rendered":"<p>Pacote com peso l\u00edquido de 50 g<\/p>\n<p>As flores de alfazema secas utilizam-se em cosm\u00e9tica devido ao seu poder anti-s\u00e9ptico e anti-inflamat\u00f3rio. S\u00e3o ideais para fazer sabonetes, ambientadores e incluir em cremes.<\/p>\n<p>Nos \u00faltimos anos tamb\u00e9m se usa nos casamentos como substituto do arroz, ficando no ar o cheirinho a alfazema.<\/p>\n<p>Tamb\u00e9m pode utilizar as flores de lavanda secas para:<\/p>\n<p>Decorar sabonetes, Fazer extratos ou infus\u00f5es para sabonetes, Saquinhos arom\u00e1ticos, Banhos relaxantes, Cremes para os eczemas e a psor\u00edases, Velas<\/p>\n<p>&nbsp;<\/p>\n<p>&nbsp;<\/p>\n","protected":false},"excerpt":{"rendered":"<p>Pacote com peso l\u00edquido de 50 g &#8211;<\/p>\n<p>As flores de alfazema secas utilizam-se em cosm\u00e9tica devido ao seu poder anti-s\u00e9ptico e anti-inflamat\u00f3rio. S\u00e3o ideais para fazer sabonetes, ambientadores e incluir em cremes.<\/p>\n<p>Nos \u00faltimos anos tamb\u00e9m se usa nos casamentos como substituto do arroz, ficando no ar o cheirinho a alfazema.<\/p>\n<p>Tamb\u00e9m pode utilizar as flores de lavanda secas para:<\/p>\n<p>Decorar sabonetes, Fazer extratos ou infus\u00f5es para sabonetes, Saquinhos arom\u00e1ticos, Banhos relaxantes, Cremes para os eczemas e a psor\u00edases, Velas<\/p>\n<p>&nbsp;<\/p>\n","protected":false},"featured_media":8489,"comment_status":"closed","ping_status":"closed","template":"","meta":{"_exactmetrics_skip_tracking":false,"_exactmetrics_sitenote_active":false,"_exactmetrics_sitenote_note":"","_exactmetrics_sitenote_category":0},"product_brand":[],"product_cat":[50,15],"product_tag":[],"class_list":{"0":"post-1302","1":"product","2":"type-product","3":"status-publish","4":"has-post-thumbnail","6":"product_cat-plantas-secas-desidratadas","7":"product_cat-ver-todos-os-produtos","9":"first","10":"instock","11":"taxable","12":"shipping-taxable","13":"purchasable","14":"product-type-simple"},"yoast_head":"<!-- This site is optimized with the Yoast SEO plugin v27.5 - https:\/\/yoast.com\/product\/yoast-seo-wordpress\/ -->\n<title>Erva Lavanda - Alfazema 50 -<\/title>\n<meta name=\"description\" content=\"Pacote com peso l\u00edquido de 50 g -As flores de alfazema secas utilizam-se em cosm\u00e9tica devido ao seu poder anti-s\u00e9ptico e anti-inflamat\u00f3rio. S\u00e3o ideais para fazer sabonetes, ambientadores e incluir em cremes.Nos \u00faltimos anos tamb\u00e9m se usa nos casamentos como substituto do arroz, ficando no ar o cheirinho a alfazema.Tamb\u00e9m pode utilizar as flores de lavanda secas para Decorar sabonetes, Fazer extratos ou infus\u00f5es para sabonetes, Saquinhos arom\u00e1ticos, Banhos relaxantes, Cremes para os eczemas e a psor\u00edases, Velas\" \/>\n<meta name=\"robots\" content=\"index, follow, max-snippet:-1, max-image-preview:large, max-video-preview:-1\" \/>\n<link rel=\"canonical\" href=\"https:\/\/divertarte.com\/index.php\/produto\/erva-lavanda-alfazema\/\" \/>\n<meta property=\"og:locale\" content=\"pt_PT\" \/>\n<meta property=\"og:type\" content=\"article\" \/>\n<meta property=\"og:title\" content=\"Erva Lavanda - Alfazema 50 -\" \/>\n<meta property=\"og:description\" content=\"Pacote com peso l\u00edquido de 50 g -As flores de alfazema secas utilizam-se em cosm\u00e9tica devido ao seu poder anti-s\u00e9ptico e anti-inflamat\u00f3rio. S\u00e3o ideais para fazer sabonetes, ambientadores e incluir em cremes.Nos \u00faltimos anos tamb\u00e9m se usa nos casamentos como substituto do arroz, ficando no ar o cheirinho a alfazema.Tamb\u00e9m pode utilizar as flores de lavanda secas para Decorar sabonetes, Fazer extratos ou infus\u00f5es para sabonetes, Saquinhos arom\u00e1ticos, Banhos relaxantes, Cremes para os eczemas e a psor\u00edases, Velas\" \/>\n<meta property=\"og:url\" content=\"https:\/\/divertarte.com\/index.php\/produto\/erva-lavanda-alfazema\/\" \/>\n<meta property=\"article:modified_time\" content=\"2025-11-06T13:38:56+00:00\" \/>\n<meta property=\"og:image\" content=\"https:\/\/divertarte.com\/wp-content\/uploads\/2018\/06\/erva-lavanda.jpg\" \/>\n\t<meta property=\"og:image:width\" content=\"452\" \/>\n\t<meta property=\"og:image:height\" content=\"460\" \/>\n\t<meta property=\"og:image:type\" content=\"image\/jpeg\" \/>\n<meta name=\"twitter:card\" content=\"summary_large_image\" \/>\n<script type=\"application\/ld+json\" class=\"yoast-schema-graph\">{\"@context\":\"https:\\\/\\\/schema.org\",\"@graph\":[{\"@type\":\"WebPage\",\"@id\":\"https:\\\/\\\/divertarte.com\\\/index.php\\\/produto\\\/erva-lavanda-alfazema\\\/\",\"url\":\"https:\\\/\\\/divertarte.com\\\/index.php\\\/produto\\\/erva-lavanda-alfazema\\\/\",\"name\":\"Erva Lavanda - Alfazema 50 -\",\"isPartOf\":{\"@id\":\"https:\\\/\\\/divertarte.com\\\/#website\"},\"primaryImageOfPage\":{\"@id\":\"https:\\\/\\\/divertarte.com\\\/index.php\\\/produto\\\/erva-lavanda-alfazema\\\/#primaryimage\"},\"image\":{\"@id\":\"https:\\\/\\\/divertarte.com\\\/index.php\\\/produto\\\/erva-lavanda-alfazema\\\/#primaryimage\"},\"thumbnailUrl\":\"https:\\\/\\\/divertarte.com\\\/wp-content\\\/uploads\\\/2018\\\/06\\\/erva-lavanda.jpg\",\"datePublished\":\"2018-06-07T13:16:43+00:00\",\"dateModified\":\"2025-11-06T13:38:56+00:00\",\"description\":\"Pacote com peso l\u00edquido de 50 g -As flores de alfazema secas utilizam-se em cosm\u00e9tica devido ao seu poder anti-s\u00e9ptico e anti-inflamat\u00f3rio. S\u00e3o ideais para fazer sabonetes, ambientadores e incluir em cremes.Nos \u00faltimos anos tamb\u00e9m se usa nos casamentos como substituto do arroz, ficando no ar o cheirinho a alfazema.Tamb\u00e9m pode utilizar as flores de lavanda secas para Decorar sabonetes, Fazer extratos ou infus\u00f5es para sabonetes, Saquinhos arom\u00e1ticos, Banhos relaxantes, Cremes para os eczemas e a psor\u00edases, Velas\",\"breadcrumb\":{\"@id\":\"https:\\\/\\\/divertarte.com\\\/index.php\\\/produto\\\/erva-lavanda-alfazema\\\/#breadcrumb\"},\"inLanguage\":\"pt-PT\",\"potentialAction\":[{\"@type\":\"ReadAction\",\"target\":[\"https:\\\/\\\/divertarte.com\\\/index.php\\\/produto\\\/erva-lavanda-alfazema\\\/\"]}]},{\"@type\":\"ImageObject\",\"inLanguage\":\"pt-PT\",\"@id\":\"https:\\\/\\\/divertarte.com\\\/index.php\\\/produto\\\/erva-lavanda-alfazema\\\/#primaryimage\",\"url\":\"https:\\\/\\\/divertarte.com\\\/wp-content\\\/uploads\\\/2018\\\/06\\\/erva-lavanda.jpg\",\"contentUrl\":\"https:\\\/\\\/divertarte.com\\\/wp-content\\\/uploads\\\/2018\\\/06\\\/erva-lavanda.jpg\",\"width\":452,\"height\":460},{\"@type\":\"BreadcrumbList\",\"@id\":\"https:\\\/\\\/divertarte.com\\\/index.php\\\/produto\\\/erva-lavanda-alfazema\\\/#breadcrumb\",\"itemListElement\":[{\"@type\":\"ListItem\",\"position\":1,\"name\":\"In\u00edcio\",\"item\":\"https:\\\/\\\/divertarte.com\\\/\"},{\"@type\":\"ListItem\",\"position\":2,\"name\":\"Loja\",\"item\":\"https:\\\/\\\/divertarte.com\\\/index.php\\\/divertarte-produtos\\\/\"},{\"@type\":\"ListItem\",\"position\":3,\"name\":\"Erva Lavanda &#8211; Alfazema 50\"}]},{\"@type\":\"WebSite\",\"@id\":\"https:\\\/\\\/divertarte.com\\\/#website\",\"url\":\"https:\\\/\\\/divertarte.com\\\/\",\"name\":\"Divertarte\",\"description\":\"\",\"publisher\":{\"@id\":\"https:\\\/\\\/divertarte.com\\\/#organization\"},\"potentialAction\":[{\"@type\":\"SearchAction\",\"target\":{\"@type\":\"EntryPoint\",\"urlTemplate\":\"https:\\\/\\\/divertarte.com\\\/?s={search_term_string}\"},\"query-input\":{\"@type\":\"PropertyValueSpecification\",\"valueRequired\":true,\"valueName\":\"search_term_string\"}}],\"inLanguage\":\"pt-PT\"},{\"@type\":\"Organization\",\"@id\":\"https:\\\/\\\/divertarte.com\\\/#organization\",\"name\":\"Divertarte\",\"url\":\"https:\\\/\\\/divertarte.com\\\/\",\"logo\":{\"@type\":\"ImageObject\",\"inLanguage\":\"pt-PT\",\"@id\":\"https:\\\/\\\/divertarte.com\\\/#\\\/schema\\\/logo\\\/image\\\/\",\"url\":\"https:\\\/\\\/divertarte.com\\\/wp-content\\\/uploads\\\/2018\\\/07\\\/logo-div.jpg\",\"contentUrl\":\"https:\\\/\\\/divertarte.com\\\/wp-content\\\/uploads\\\/2018\\\/07\\\/logo-div.jpg\",\"width\":295,\"height\":123,\"caption\":\"Divertarte\"},\"image\":{\"@id\":\"https:\\\/\\\/divertarte.com\\\/#\\\/schema\\\/logo\\\/image\\\/\"}}]}<\/script>\n<!-- \/ Yoast SEO plugin. -->","yoast_head_json":{"title":"Erva Lavanda - Alfazema 50 -","description":"Pacote com peso l\u00edquido de 50 g -As flores de alfazema secas utilizam-se em cosm\u00e9tica devido ao seu poder anti-s\u00e9ptico e anti-inflamat\u00f3rio. S\u00e3o ideais para fazer sabonetes, ambientadores e incluir em cremes.Nos \u00faltimos anos tamb\u00e9m se usa nos casamentos como substituto do arroz, ficando no ar o cheirinho a alfazema.Tamb\u00e9m pode utilizar as flores de lavanda secas para Decorar sabonetes, Fazer extratos ou infus\u00f5es para sabonetes, Saquinhos arom\u00e1ticos, Banhos relaxantes, Cremes para os eczemas e a psor\u00edases, Velas","robots":{"index":"index","follow":"follow","max-snippet":"max-snippet:-1","max-image-preview":"max-image-preview:large","max-video-preview":"max-video-preview:-1"},"canonical":"https:\/\/divertarte.com\/index.php\/produto\/erva-lavanda-alfazema\/","og_locale":"pt_PT","og_type":"article","og_title":"Erva Lavanda - Alfazema 50 -","og_description":"Pacote com peso l\u00edquido de 50 g -As flores de alfazema secas utilizam-se em cosm\u00e9tica devido ao seu poder anti-s\u00e9ptico e anti-inflamat\u00f3rio. S\u00e3o ideais para fazer sabonetes, ambientadores e incluir em cremes.Nos \u00faltimos anos tamb\u00e9m se usa nos casamentos como substituto do arroz, ficando no ar o cheirinho a alfazema.Tamb\u00e9m pode utilizar as flores de lavanda secas para Decorar sabonetes, Fazer extratos ou infus\u00f5es para sabonetes, Saquinhos arom\u00e1ticos, Banhos relaxantes, Cremes para os eczemas e a psor\u00edases, Velas","og_url":"https:\/\/divertarte.com\/index.php\/produto\/erva-lavanda-alfazema\/","article_modified_time":"2025-11-06T13:38:56+00:00","og_image":[{"width":452,"height":460,"url":"https:\/\/divertarte.com\/wp-content\/uploads\/2018\/06\/erva-lavanda.jpg","type":"image\/jpeg"}],"twitter_card":"summary_large_image","schema":{"@context":"https:\/\/schema.org","@graph":[{"@type":"WebPage","@id":"https:\/\/divertarte.com\/index.php\/produto\/erva-lavanda-alfazema\/","url":"https:\/\/divertarte.com\/index.php\/produto\/erva-lavanda-alfazema\/","name":"Erva Lavanda - Alfazema 50 -","isPartOf":{"@id":"https:\/\/divertarte.com\/#website"},"primaryImageOfPage":{"@id":"https:\/\/divertarte.com\/index.php\/produto\/erva-lavanda-alfazema\/#primaryimage"},"image":{"@id":"https:\/\/divertarte.com\/index.php\/produto\/erva-lavanda-alfazema\/#primaryimage"},"thumbnailUrl":"https:\/\/divertarte.com\/wp-content\/uploads\/2018\/06\/erva-lavanda.jpg","datePublished":"2018-06-07T13:16:43+00:00","dateModified":"2025-11-06T13:38:56+00:00","description":"Pacote com peso l\u00edquido de 50 g -As flores de alfazema secas utilizam-se em cosm\u00e9tica devido ao seu poder anti-s\u00e9ptico e anti-inflamat\u00f3rio. S\u00e3o ideais para fazer sabonetes, ambientadores e incluir em cremes.Nos \u00faltimos anos tamb\u00e9m se usa nos casamentos como substituto do arroz, ficando no ar o cheirinho a alfazema.Tamb\u00e9m pode utilizar as flores de lavanda secas para Decorar sabonetes, Fazer extratos ou infus\u00f5es para sabonetes, Saquinhos arom\u00e1ticos, Banhos relaxantes, Cremes para os eczemas e a psor\u00edases, Velas","breadcrumb":{"@id":"https:\/\/divertarte.com\/index.php\/produto\/erva-lavanda-alfazema\/#breadcrumb"},"inLanguage":"pt-PT","potentialAction":[{"@type":"ReadAction","target":["https:\/\/divertarte.com\/index.php\/produto\/erva-lavanda-alfazema\/"]}]},{"@type":"ImageObject","inLanguage":"pt-PT","@id":"https:\/\/divertarte.com\/index.php\/produto\/erva-lavanda-alfazema\/#primaryimage","url":"https:\/\/divertarte.com\/wp-content\/uploads\/2018\/06\/erva-lavanda.jpg","contentUrl":"https:\/\/divertarte.com\/wp-content\/uploads\/2018\/06\/erva-lavanda.jpg","width":452,"height":460},{"@type":"BreadcrumbList","@id":"https:\/\/divertarte.com\/index.php\/produto\/erva-lavanda-alfazema\/#breadcrumb","itemListElement":[{"@type":"ListItem","position":1,"name":"In\u00edcio","item":"https:\/\/divertarte.com\/"},{"@type":"ListItem","position":2,"name":"Loja","item":"https:\/\/divertarte.com\/index.php\/divertarte-produtos\/"},{"@type":"ListItem","position":3,"name":"Erva Lavanda &#8211; Alfazema 50"}]},{"@type":"WebSite","@id":"https:\/\/divertarte.com\/#website","url":"https:\/\/divertarte.com\/","name":"Divertarte","description":"","publisher":{"@id":"https:\/\/divertarte.com\/#organization"},"potentialAction":[{"@type":"SearchAction","target":{"@type":"EntryPoint","urlTemplate":"https:\/\/divertarte.com\/?s={search_term_string}"},"query-input":{"@type":"PropertyValueSpecification","valueRequired":true,"valueName":"search_term_string"}}],"inLanguage":"pt-PT"},{"@type":"Organization","@id":"https:\/\/divertarte.com\/#organization","name":"Divertarte","url":"https:\/\/divertarte.com\/","logo":{"@type":"ImageObject","inLanguage":"pt-PT","@id":"https:\/\/divertarte.com\/#\/schema\/logo\/image\/","url":"https:\/\/divertarte.com\/wp-content\/uploads\/2018\/07\/logo-div.jpg","contentUrl":"https:\/\/divertarte.com\/wp-content\/uploads\/2018\/07\/logo-div.jpg","width":295,"height":123,"caption":"Divertarte"},"image":{"@id":"https:\/\/divertarte.com\/#\/schema\/logo\/image\/"}}]}},"_links":{"self":[{"href":"https:\/\/divertarte.com\/index.php\/wp-json\/wp\/v2\/product\/1302","targetHints":{"allow":["GET"]}}],"collection":[{"href":"https:\/\/divertarte.com\/index.php\/wp-json\/wp\/v2\/product"}],"about":[{"href":"https:\/\/divertarte.com\/index.php\/wp-json\/wp\/v2\/types\/product"}],"replies":[{"embeddable":true,"href":"https:\/\/divertarte.com\/index.php\/wp-json\/wp\/v2\/comments?post=1302"}],"wp:featuredmedia":[{"embeddable":true,"href":"https:\/\/divertarte.com\/index.php\/wp-json\/wp\/v2\/media\/8489"}],"wp:attachment":[{"href":"https:\/\/divertarte.com\/index.php\/wp-json\/wp\/v2\/media?parent=1302"}],"wp:term":[{"taxonomy":"product_brand","embeddable":true,"href":"https:\/\/divertarte.com\/index.php\/wp-json\/wp\/v2\/product_brand?post=1302"},{"taxonomy":"product_cat","embeddable":true,"href":"https:\/\/divertarte.com\/index.php\/wp-json\/wp\/v2\/product_cat?post=1302"},{"taxonomy":"product_tag","embeddable":true,"href":"https:\/\/divertarte.com\/index.php\/wp-json\/wp\/v2\/product_tag?post=1302"}],"curies":[{"name":"wp","href":"https:\/\/api.w.org\/{rel}","templated":true}]}}