{"id":1288,"date":"2018-06-07T14:01:40","date_gmt":"2018-06-07T13:01:40","guid":{"rendered":"https:\/\/divertarte.com\/index.php\/produto\/silicone-1kg-catalisador-para-moldes\/"},"modified":"2025-11-06T14:10:18","modified_gmt":"2025-11-06T14:10:18","slug":"silicone-1kg-catalisador-para-moldes","status":"publish","type":"product","link":"https:\/\/divertarte.com\/index.php\/produto\/silicone-1kg-catalisador-para-moldes\/","title":{"rendered":"Borracha de Silicone (20) 1kg + catalisador para moldes"},"content":{"rendered":"<p style=\"margin: 0cm; margin-bottom: .0001pt;\">Borracha de Silicone Profissional para moldes 1 kg Catalisador inclu\u00eddo<\/p>\n<p style=\"margin: 0cm; margin-bottom: .0001pt;\">BORRACHA + CATALISADOR 12 HORAS<\/p>\n<p style=\"margin: 0cm; margin-bottom: .0001pt;\">Borracha para fazer moldes para Biscuit, massa fria, massas de modelar, sabonetes, velas , gessos, resinas, porcelanas, marfinites.<\/p>\n<p style=\"margin: 0cm; margin-bottom: .0001pt;\">O catalisador \u00e9 misturado na borracha na propor\u00e7\u00e3o de 5%.<\/p>\n<p style=\"margin: 0cm; margin-bottom: .0001pt;\">Exemplo:<\/p>\n<p style=\"margin: 0cm; margin-bottom: .0001pt;\">100 gr de borracha, 5 gr de catalisador.<\/p>\n<p style=\"margin: 0cm; margin-bottom: .0001pt;\">Tempo de secagem 12 horas \u00e0 temperatura ambiente de 25\u00baC<\/p>\n<p style=\"margin: 0cm; margin-bottom: .0001pt;\">Trabalhar sempre em locais bem ventilados, pois trata-se de produtos qu\u00edmicos de reac\u00e7\u00e3o.<\/p>\n<p style=\"margin: 0cm; margin-bottom: .0001pt;\">N\u00e3o usar para alimentos.<\/p>\n<p>Com o silicone para moldes (silicone + catalisador) de Divertarte poder\u00e1s fazer moldes de silicone de grande qualidade e a um pre\u00e7o imbat\u00edvel.<br \/>\nMoldes exclusivos e \u00fanicos a partir das figuras e formas que gostas. Com este silicone rtv l\u00edquido j\u00e1 podes fabricar teus pr\u00f3prios moldes.<\/p>\n<p>Silicone + catalisador (inclu\u00eddo no pre\u00e7o)<\/p>\n<p>&nbsp;<\/p>\n","protected":false},"excerpt":{"rendered":"<p style=\"margin: 0cm; margin-bottom: .0001pt;\">Borracha de Silicone Profissional para moldes 1 kg Catalisador inclu\u00eddo &#8211; Borracha Shore 20<\/p>\n<p style=\"margin: 0cm; margin-bottom: .0001pt;\">BORRACHA + CATALISADOR 12 HORAS<\/p>\n<p style=\"margin: 0cm; margin-bottom: .0001pt;\">Faz os teus pr\u00f3prios moldes para sabonetes, biscuit massa fria, velas, gessos, resinas, resina epoxi, resina de poliester, resina acrilica, porcelana, marfinite.<\/p>\n<p style=\"margin: 0cm; margin-bottom: .0001pt;\">O catalisador \u00e9 misturado na borracha na propor\u00e7\u00e3o de 5%.<\/p>\n<p style=\"margin: 0cm; margin-bottom: .0001pt;\">Exemplo:<\/p>\n<p style=\"margin: 0cm; margin-bottom: .0001pt;\">100 gr de borracha, 5 gr de catalisador.<\/p>\n<p style=\"margin: 0cm; margin-bottom: .0001pt;\">Tempo de secagem 12 horas \u00e0 temperatura ambiente de 25\u00baC<\/p>\n<p style=\"margin: 0cm; margin-bottom: .0001pt;\">Trabalhar sempre em locais bem ventilados, pois trata-se de produtos qu\u00edmicos de reac\u00e7\u00e3o.<\/p>\n<p style=\"margin: 0cm; margin-bottom: .0001pt;\">N\u00e3o usar para alimentos.<\/p>\n","protected":false},"featured_media":8308,"comment_status":"closed","ping_status":"closed","template":"","meta":{"_exactmetrics_skip_tracking":false,"_exactmetrics_sitenote_active":false,"_exactmetrics_sitenote_note":"","_exactmetrics_sitenote_category":0},"product_brand":[],"product_cat":[49],"product_tag":[654,716,886],"class_list":{"0":"post-1288","1":"product","2":"type-product","3":"status-publish","4":"has-post-thumbnail","6":"product_cat-borracha-silicone-moldes","7":"product_tag-borracha-de-silicone","8":"product_tag-silicone-para-moldes","9":"product_tag-silicone-portugal","11":"first","12":"instock","13":"taxable","14":"shipping-taxable","15":"purchasable","16":"product-type-simple"},"yoast_head":"<!-- This site is optimized with the Yoast SEO plugin v27.4 - https:\/\/yoast.com\/product\/yoast-seo-wordpress\/ -->\n<title>Borracha de Silicone (20) 1kg + catalisador para moldes -<\/title>\n<meta name=\"description\" content=\"Borracha de Silicone Profissional para moldes 1 kg Catalisador inclu\u00eddo - Borracha Shore 20BORRACHA + CATALISADOR 12 HORAS\" \/>\n<meta name=\"robots\" content=\"index, follow, max-snippet:-1, max-image-preview:large, max-video-preview:-1\" \/>\n<link rel=\"canonical\" href=\"https:\/\/divertarte.com\/index.php\/produto\/silicone-1kg-catalisador-para-moldes\/\" \/>\n<meta property=\"og:locale\" content=\"pt_PT\" \/>\n<meta property=\"og:type\" content=\"article\" \/>\n<meta property=\"og:title\" content=\"Borracha de Silicone (20) 1kg + catalisador para moldes -\" \/>\n<meta property=\"og:description\" content=\"Borracha de Silicone Profissional para moldes 1 kg Catalisador inclu\u00eddo - Borracha Shore 20BORRACHA + CATALISADOR 12 HORAS\" \/>\n<meta property=\"og:url\" content=\"https:\/\/divertarte.com\/index.php\/produto\/silicone-1kg-catalisador-para-moldes\/\" \/>\n<meta property=\"article:modified_time\" content=\"2025-11-06T14:10:18+00:00\" \/>\n<meta property=\"og:image\" content=\"https:\/\/divertarte.com\/wp-content\/uploads\/2018\/06\/borracha-de-silicone-moldes.jpg\" \/>\n\t<meta property=\"og:image:width\" content=\"358\" \/>\n\t<meta property=\"og:image:height\" content=\"358\" \/>\n\t<meta property=\"og:image:type\" content=\"image\/jpeg\" \/>\n<meta name=\"twitter:card\" content=\"summary_large_image\" \/>\n<meta name=\"twitter:label1\" content=\"Tempo estimado de leitura\" \/>\n\t<meta name=\"twitter:data1\" content=\"1 minuto\" \/>\n<script type=\"application\/ld+json\" class=\"yoast-schema-graph\">{\"@context\":\"https:\\\/\\\/schema.org\",\"@graph\":[{\"@type\":\"WebPage\",\"@id\":\"https:\\\/\\\/divertarte.com\\\/index.php\\\/produto\\\/silicone-1kg-catalisador-para-moldes\\\/\",\"url\":\"https:\\\/\\\/divertarte.com\\\/index.php\\\/produto\\\/silicone-1kg-catalisador-para-moldes\\\/\",\"name\":\"Borracha de Silicone (20) 1kg + catalisador para moldes -\",\"isPartOf\":{\"@id\":\"https:\\\/\\\/divertarte.com\\\/#website\"},\"primaryImageOfPage\":{\"@id\":\"https:\\\/\\\/divertarte.com\\\/index.php\\\/produto\\\/silicone-1kg-catalisador-para-moldes\\\/#primaryimage\"},\"image\":{\"@id\":\"https:\\\/\\\/divertarte.com\\\/index.php\\\/produto\\\/silicone-1kg-catalisador-para-moldes\\\/#primaryimage\"},\"thumbnailUrl\":\"https:\\\/\\\/divertarte.com\\\/wp-content\\\/uploads\\\/2018\\\/06\\\/borracha-de-silicone-moldes.jpg\",\"datePublished\":\"2018-06-07T13:01:40+00:00\",\"dateModified\":\"2025-11-06T14:10:18+00:00\",\"description\":\"Borracha de Silicone Profissional para moldes 1 kg Catalisador inclu\u00eddo - Borracha Shore 20BORRACHA + CATALISADOR 12 HORAS\",\"breadcrumb\":{\"@id\":\"https:\\\/\\\/divertarte.com\\\/index.php\\\/produto\\\/silicone-1kg-catalisador-para-moldes\\\/#breadcrumb\"},\"inLanguage\":\"pt-PT\",\"potentialAction\":[{\"@type\":\"ReadAction\",\"target\":[\"https:\\\/\\\/divertarte.com\\\/index.php\\\/produto\\\/silicone-1kg-catalisador-para-moldes\\\/\"]}]},{\"@type\":\"ImageObject\",\"inLanguage\":\"pt-PT\",\"@id\":\"https:\\\/\\\/divertarte.com\\\/index.php\\\/produto\\\/silicone-1kg-catalisador-para-moldes\\\/#primaryimage\",\"url\":\"https:\\\/\\\/divertarte.com\\\/wp-content\\\/uploads\\\/2018\\\/06\\\/borracha-de-silicone-moldes.jpg\",\"contentUrl\":\"https:\\\/\\\/divertarte.com\\\/wp-content\\\/uploads\\\/2018\\\/06\\\/borracha-de-silicone-moldes.jpg\",\"width\":358,\"height\":358},{\"@type\":\"BreadcrumbList\",\"@id\":\"https:\\\/\\\/divertarte.com\\\/index.php\\\/produto\\\/silicone-1kg-catalisador-para-moldes\\\/#breadcrumb\",\"itemListElement\":[{\"@type\":\"ListItem\",\"position\":1,\"name\":\"In\u00edcio\",\"item\":\"https:\\\/\\\/divertarte.com\\\/\"},{\"@type\":\"ListItem\",\"position\":2,\"name\":\"Loja\",\"item\":\"https:\\\/\\\/divertarte.com\\\/index.php\\\/divertarte-produtos\\\/\"},{\"@type\":\"ListItem\",\"position\":3,\"name\":\"Borracha de Silicone (20) 1kg + catalisador para moldes\"}]},{\"@type\":\"WebSite\",\"@id\":\"https:\\\/\\\/divertarte.com\\\/#website\",\"url\":\"https:\\\/\\\/divertarte.com\\\/\",\"name\":\"Divertarte\",\"description\":\"\",\"publisher\":{\"@id\":\"https:\\\/\\\/divertarte.com\\\/#organization\"},\"potentialAction\":[{\"@type\":\"SearchAction\",\"target\":{\"@type\":\"EntryPoint\",\"urlTemplate\":\"https:\\\/\\\/divertarte.com\\\/?s={search_term_string}\"},\"query-input\":{\"@type\":\"PropertyValueSpecification\",\"valueRequired\":true,\"valueName\":\"search_term_string\"}}],\"inLanguage\":\"pt-PT\"},{\"@type\":\"Organization\",\"@id\":\"https:\\\/\\\/divertarte.com\\\/#organization\",\"name\":\"Divertarte\",\"url\":\"https:\\\/\\\/divertarte.com\\\/\",\"logo\":{\"@type\":\"ImageObject\",\"inLanguage\":\"pt-PT\",\"@id\":\"https:\\\/\\\/divertarte.com\\\/#\\\/schema\\\/logo\\\/image\\\/\",\"url\":\"https:\\\/\\\/divertarte.com\\\/wp-content\\\/uploads\\\/2018\\\/07\\\/logo-div.jpg\",\"contentUrl\":\"https:\\\/\\\/divertarte.com\\\/wp-content\\\/uploads\\\/2018\\\/07\\\/logo-div.jpg\",\"width\":295,\"height\":123,\"caption\":\"Divertarte\"},\"image\":{\"@id\":\"https:\\\/\\\/divertarte.com\\\/#\\\/schema\\\/logo\\\/image\\\/\"}}]}<\/script>\n<!-- \/ Yoast SEO plugin. -->","yoast_head_json":{"title":"Borracha de Silicone (20) 1kg + catalisador para moldes -","description":"Borracha de Silicone Profissional para moldes 1 kg Catalisador inclu\u00eddo - Borracha Shore 20BORRACHA + CATALISADOR 12 HORAS","robots":{"index":"index","follow":"follow","max-snippet":"max-snippet:-1","max-image-preview":"max-image-preview:large","max-video-preview":"max-video-preview:-1"},"canonical":"https:\/\/divertarte.com\/index.php\/produto\/silicone-1kg-catalisador-para-moldes\/","og_locale":"pt_PT","og_type":"article","og_title":"Borracha de Silicone (20) 1kg + catalisador para moldes -","og_description":"Borracha de Silicone Profissional para moldes 1 kg Catalisador inclu\u00eddo - Borracha Shore 20BORRACHA + CATALISADOR 12 HORAS","og_url":"https:\/\/divertarte.com\/index.php\/produto\/silicone-1kg-catalisador-para-moldes\/","article_modified_time":"2025-11-06T14:10:18+00:00","og_image":[{"width":358,"height":358,"url":"https:\/\/divertarte.com\/wp-content\/uploads\/2018\/06\/borracha-de-silicone-moldes.jpg","type":"image\/jpeg"}],"twitter_card":"summary_large_image","twitter_misc":{"Tempo estimado de leitura":"1 minuto"},"schema":{"@context":"https:\/\/schema.org","@graph":[{"@type":"WebPage","@id":"https:\/\/divertarte.com\/index.php\/produto\/silicone-1kg-catalisador-para-moldes\/","url":"https:\/\/divertarte.com\/index.php\/produto\/silicone-1kg-catalisador-para-moldes\/","name":"Borracha de Silicone (20) 1kg + catalisador para moldes -","isPartOf":{"@id":"https:\/\/divertarte.com\/#website"},"primaryImageOfPage":{"@id":"https:\/\/divertarte.com\/index.php\/produto\/silicone-1kg-catalisador-para-moldes\/#primaryimage"},"image":{"@id":"https:\/\/divertarte.com\/index.php\/produto\/silicone-1kg-catalisador-para-moldes\/#primaryimage"},"thumbnailUrl":"https:\/\/divertarte.com\/wp-content\/uploads\/2018\/06\/borracha-de-silicone-moldes.jpg","datePublished":"2018-06-07T13:01:40+00:00","dateModified":"2025-11-06T14:10:18+00:00","description":"Borracha de Silicone Profissional para moldes 1 kg Catalisador inclu\u00eddo - Borracha Shore 20BORRACHA + CATALISADOR 12 HORAS","breadcrumb":{"@id":"https:\/\/divertarte.com\/index.php\/produto\/silicone-1kg-catalisador-para-moldes\/#breadcrumb"},"inLanguage":"pt-PT","potentialAction":[{"@type":"ReadAction","target":["https:\/\/divertarte.com\/index.php\/produto\/silicone-1kg-catalisador-para-moldes\/"]}]},{"@type":"ImageObject","inLanguage":"pt-PT","@id":"https:\/\/divertarte.com\/index.php\/produto\/silicone-1kg-catalisador-para-moldes\/#primaryimage","url":"https:\/\/divertarte.com\/wp-content\/uploads\/2018\/06\/borracha-de-silicone-moldes.jpg","contentUrl":"https:\/\/divertarte.com\/wp-content\/uploads\/2018\/06\/borracha-de-silicone-moldes.jpg","width":358,"height":358},{"@type":"BreadcrumbList","@id":"https:\/\/divertarte.com\/index.php\/produto\/silicone-1kg-catalisador-para-moldes\/#breadcrumb","itemListElement":[{"@type":"ListItem","position":1,"name":"In\u00edcio","item":"https:\/\/divertarte.com\/"},{"@type":"ListItem","position":2,"name":"Loja","item":"https:\/\/divertarte.com\/index.php\/divertarte-produtos\/"},{"@type":"ListItem","position":3,"name":"Borracha de Silicone (20) 1kg + catalisador para moldes"}]},{"@type":"WebSite","@id":"https:\/\/divertarte.com\/#website","url":"https:\/\/divertarte.com\/","name":"Divertarte","description":"","publisher":{"@id":"https:\/\/divertarte.com\/#organization"},"potentialAction":[{"@type":"SearchAction","target":{"@type":"EntryPoint","urlTemplate":"https:\/\/divertarte.com\/?s={search_term_string}"},"query-input":{"@type":"PropertyValueSpecification","valueRequired":true,"valueName":"search_term_string"}}],"inLanguage":"pt-PT"},{"@type":"Organization","@id":"https:\/\/divertarte.com\/#organization","name":"Divertarte","url":"https:\/\/divertarte.com\/","logo":{"@type":"ImageObject","inLanguage":"pt-PT","@id":"https:\/\/divertarte.com\/#\/schema\/logo\/image\/","url":"https:\/\/divertarte.com\/wp-content\/uploads\/2018\/07\/logo-div.jpg","contentUrl":"https:\/\/divertarte.com\/wp-content\/uploads\/2018\/07\/logo-div.jpg","width":295,"height":123,"caption":"Divertarte"},"image":{"@id":"https:\/\/divertarte.com\/#\/schema\/logo\/image\/"}}]}},"_links":{"self":[{"href":"https:\/\/divertarte.com\/index.php\/wp-json\/wp\/v2\/product\/1288","targetHints":{"allow":["GET"]}}],"collection":[{"href":"https:\/\/divertarte.com\/index.php\/wp-json\/wp\/v2\/product"}],"about":[{"href":"https:\/\/divertarte.com\/index.php\/wp-json\/wp\/v2\/types\/product"}],"replies":[{"embeddable":true,"href":"https:\/\/divertarte.com\/index.php\/wp-json\/wp\/v2\/comments?post=1288"}],"wp:featuredmedia":[{"embeddable":true,"href":"https:\/\/divertarte.com\/index.php\/wp-json\/wp\/v2\/media\/8308"}],"wp:attachment":[{"href":"https:\/\/divertarte.com\/index.php\/wp-json\/wp\/v2\/media?parent=1288"}],"wp:term":[{"taxonomy":"product_brand","embeddable":true,"href":"https:\/\/divertarte.com\/index.php\/wp-json\/wp\/v2\/product_brand?post=1288"},{"taxonomy":"product_cat","embeddable":true,"href":"https:\/\/divertarte.com\/index.php\/wp-json\/wp\/v2\/product_cat?post=1288"},{"taxonomy":"product_tag","embeddable":true,"href":"https:\/\/divertarte.com\/index.php\/wp-json\/wp\/v2\/product_tag?post=1288"}],"curies":[{"name":"wp","href":"https:\/\/api.w.org\/{rel}","templated":true}]}}