{"id":12778,"date":"2021-01-28T14:04:10","date_gmt":"2021-01-28T14:04:10","guid":{"rendered":"https:\/\/divertarte.com\/?post_type=product&#038;p=12778"},"modified":"2026-03-08T16:21:10","modified_gmt":"2026-03-08T16:21:10","slug":"frasco-pet-50-ml-com-tampa-vaporizadora","status":"publish","type":"product","link":"https:\/\/divertarte.com\/index.php\/produto\/frasco-pet-50-ml-com-tampa-vaporizadora\/","title":{"rendered":"Frasco PET 50 ml  com Tampa Vaporizadora"},"content":{"rendered":"<p>Frasco PET 50ml transparente tampa vaporizadora.<\/p>\n<p>Ideal para \u00e1lcool gel, perfume, \u00e1guas florais. Al\u00e9m disso d\u00e1 para essencias para gesso aromatizador<\/p>\n","protected":false},"excerpt":{"rendered":"<p>Frasco PET 50ml transparente tampa vaporizadora.<\/p>\n<p>Ideal para \u00e1lcool gel, perfume, \u00e1guas florais. Al\u00e9m disso d\u00e1 para essencias para gesso aromatizador<\/p>\n<p>&nbsp;<\/p>\n","protected":false},"featured_media":12779,"comment_status":"open","ping_status":"closed","template":"","meta":{"_exactmetrics_skip_tracking":false,"_exactmetrics_sitenote_active":false,"_exactmetrics_sitenote_note":"","_exactmetrics_sitenote_category":0},"product_brand":[],"product_cat":[168],"product_tag":[758,589,462],"class_list":{"0":"post-12778","1":"product","2":"type-product","3":"status-publish","4":"has-post-thumbnail","6":"product_cat-frascos-pet-frascos-plastico-boioes-boiao-pet","7":"product_tag-covid","8":"product_tag-frascos-desinfetante","9":"product_tag-frascos-plastico","11":"first","12":"instock","13":"taxable","14":"shipping-taxable","15":"purchasable","16":"product-type-simple"},"yoast_head":"<!-- This site is optimized with the Yoast SEO plugin v27.4 - https:\/\/yoast.com\/product\/yoast-seo-wordpress\/ -->\n<title>Frasco PET 50 ml com Tampa Vaporizadora -<\/title>\n<meta name=\"description\" content=\"Frasco PET 50ml transparente tampa vaporizadora.Ideal para \u00e1lcool gel, perfume, \u00e1guas florais. Al\u00e9m disso d\u00e1 para essencias para gesso aromatizador\" \/>\n<meta name=\"robots\" content=\"index, follow, max-snippet:-1, max-image-preview:large, max-video-preview:-1\" \/>\n<link rel=\"canonical\" href=\"https:\/\/divertarte.com\/index.php\/produto\/frasco-pet-50-ml-com-tampa-vaporizadora\/\" \/>\n<meta property=\"og:locale\" content=\"pt_PT\" \/>\n<meta property=\"og:type\" content=\"article\" \/>\n<meta property=\"og:title\" content=\"Frasco PET 50 ml com Tampa Vaporizadora -\" \/>\n<meta property=\"og:description\" content=\"Frasco PET 50ml transparente tampa vaporizadora.Ideal para \u00e1lcool gel, perfume, \u00e1guas florais. Al\u00e9m disso d\u00e1 para essencias para gesso aromatizador\" \/>\n<meta property=\"og:url\" content=\"https:\/\/divertarte.com\/index.php\/produto\/frasco-pet-50-ml-com-tampa-vaporizadora\/\" \/>\n<meta property=\"article:modified_time\" content=\"2026-03-08T16:21:10+00:00\" \/>\n<meta property=\"og:image\" content=\"https:\/\/divertarte.com\/wp-content\/uploads\/2021\/01\/frasco-pet-50ml-transparente-vaporizador-preto.jpg\" \/>\n\t<meta property=\"og:image:width\" content=\"300\" \/>\n\t<meta property=\"og:image:height\" content=\"301\" \/>\n\t<meta property=\"og:image:type\" content=\"image\/jpeg\" \/>\n<meta name=\"twitter:card\" content=\"summary_large_image\" \/>\n<script type=\"application\/ld+json\" class=\"yoast-schema-graph\">{\"@context\":\"https:\\\/\\\/schema.org\",\"@graph\":[{\"@type\":\"WebPage\",\"@id\":\"https:\\\/\\\/divertarte.com\\\/index.php\\\/produto\\\/frasco-pet-50-ml-com-tampa-vaporizadora\\\/\",\"url\":\"https:\\\/\\\/divertarte.com\\\/index.php\\\/produto\\\/frasco-pet-50-ml-com-tampa-vaporizadora\\\/\",\"name\":\"Frasco PET 50 ml com Tampa Vaporizadora -\",\"isPartOf\":{\"@id\":\"https:\\\/\\\/divertarte.com\\\/#website\"},\"primaryImageOfPage\":{\"@id\":\"https:\\\/\\\/divertarte.com\\\/index.php\\\/produto\\\/frasco-pet-50-ml-com-tampa-vaporizadora\\\/#primaryimage\"},\"image\":{\"@id\":\"https:\\\/\\\/divertarte.com\\\/index.php\\\/produto\\\/frasco-pet-50-ml-com-tampa-vaporizadora\\\/#primaryimage\"},\"thumbnailUrl\":\"https:\\\/\\\/divertarte.com\\\/wp-content\\\/uploads\\\/2021\\\/01\\\/frasco-pet-50ml-transparente-vaporizador-preto.jpg\",\"datePublished\":\"2021-01-28T14:04:10+00:00\",\"dateModified\":\"2026-03-08T16:21:10+00:00\",\"description\":\"Frasco PET 50ml transparente tampa vaporizadora.Ideal para \u00e1lcool gel, perfume, \u00e1guas florais. Al\u00e9m disso d\u00e1 para essencias para gesso aromatizador\",\"breadcrumb\":{\"@id\":\"https:\\\/\\\/divertarte.com\\\/index.php\\\/produto\\\/frasco-pet-50-ml-com-tampa-vaporizadora\\\/#breadcrumb\"},\"inLanguage\":\"pt-PT\",\"potentialAction\":[{\"@type\":\"ReadAction\",\"target\":[\"https:\\\/\\\/divertarte.com\\\/index.php\\\/produto\\\/frasco-pet-50-ml-com-tampa-vaporizadora\\\/\"]}]},{\"@type\":\"ImageObject\",\"inLanguage\":\"pt-PT\",\"@id\":\"https:\\\/\\\/divertarte.com\\\/index.php\\\/produto\\\/frasco-pet-50-ml-com-tampa-vaporizadora\\\/#primaryimage\",\"url\":\"https:\\\/\\\/divertarte.com\\\/wp-content\\\/uploads\\\/2021\\\/01\\\/frasco-pet-50ml-transparente-vaporizador-preto.jpg\",\"contentUrl\":\"https:\\\/\\\/divertarte.com\\\/wp-content\\\/uploads\\\/2021\\\/01\\\/frasco-pet-50ml-transparente-vaporizador-preto.jpg\",\"width\":300,\"height\":301},{\"@type\":\"BreadcrumbList\",\"@id\":\"https:\\\/\\\/divertarte.com\\\/index.php\\\/produto\\\/frasco-pet-50-ml-com-tampa-vaporizadora\\\/#breadcrumb\",\"itemListElement\":[{\"@type\":\"ListItem\",\"position\":1,\"name\":\"In\u00edcio\",\"item\":\"https:\\\/\\\/divertarte.com\\\/\"},{\"@type\":\"ListItem\",\"position\":2,\"name\":\"Loja\",\"item\":\"https:\\\/\\\/divertarte.com\\\/index.php\\\/divertarte-produtos\\\/\"},{\"@type\":\"ListItem\",\"position\":3,\"name\":\"Frasco PET 50 ml com Tampa Vaporizadora\"}]},{\"@type\":\"WebSite\",\"@id\":\"https:\\\/\\\/divertarte.com\\\/#website\",\"url\":\"https:\\\/\\\/divertarte.com\\\/\",\"name\":\"Divertarte\",\"description\":\"\",\"publisher\":{\"@id\":\"https:\\\/\\\/divertarte.com\\\/#organization\"},\"potentialAction\":[{\"@type\":\"SearchAction\",\"target\":{\"@type\":\"EntryPoint\",\"urlTemplate\":\"https:\\\/\\\/divertarte.com\\\/?s={search_term_string}\"},\"query-input\":{\"@type\":\"PropertyValueSpecification\",\"valueRequired\":true,\"valueName\":\"search_term_string\"}}],\"inLanguage\":\"pt-PT\"},{\"@type\":\"Organization\",\"@id\":\"https:\\\/\\\/divertarte.com\\\/#organization\",\"name\":\"Divertarte\",\"url\":\"https:\\\/\\\/divertarte.com\\\/\",\"logo\":{\"@type\":\"ImageObject\",\"inLanguage\":\"pt-PT\",\"@id\":\"https:\\\/\\\/divertarte.com\\\/#\\\/schema\\\/logo\\\/image\\\/\",\"url\":\"https:\\\/\\\/divertarte.com\\\/wp-content\\\/uploads\\\/2018\\\/07\\\/logo-div.jpg\",\"contentUrl\":\"https:\\\/\\\/divertarte.com\\\/wp-content\\\/uploads\\\/2018\\\/07\\\/logo-div.jpg\",\"width\":295,\"height\":123,\"caption\":\"Divertarte\"},\"image\":{\"@id\":\"https:\\\/\\\/divertarte.com\\\/#\\\/schema\\\/logo\\\/image\\\/\"}}]}<\/script>\n<!-- \/ Yoast SEO plugin. -->","yoast_head_json":{"title":"Frasco PET 50 ml com Tampa Vaporizadora -","description":"Frasco PET 50ml transparente tampa vaporizadora.Ideal para \u00e1lcool gel, perfume, \u00e1guas florais. Al\u00e9m disso d\u00e1 para essencias para gesso aromatizador","robots":{"index":"index","follow":"follow","max-snippet":"max-snippet:-1","max-image-preview":"max-image-preview:large","max-video-preview":"max-video-preview:-1"},"canonical":"https:\/\/divertarte.com\/index.php\/produto\/frasco-pet-50-ml-com-tampa-vaporizadora\/","og_locale":"pt_PT","og_type":"article","og_title":"Frasco PET 50 ml com Tampa Vaporizadora -","og_description":"Frasco PET 50ml transparente tampa vaporizadora.Ideal para \u00e1lcool gel, perfume, \u00e1guas florais. Al\u00e9m disso d\u00e1 para essencias para gesso aromatizador","og_url":"https:\/\/divertarte.com\/index.php\/produto\/frasco-pet-50-ml-com-tampa-vaporizadora\/","article_modified_time":"2026-03-08T16:21:10+00:00","og_image":[{"width":300,"height":301,"url":"https:\/\/divertarte.com\/wp-content\/uploads\/2021\/01\/frasco-pet-50ml-transparente-vaporizador-preto.jpg","type":"image\/jpeg"}],"twitter_card":"summary_large_image","schema":{"@context":"https:\/\/schema.org","@graph":[{"@type":"WebPage","@id":"https:\/\/divertarte.com\/index.php\/produto\/frasco-pet-50-ml-com-tampa-vaporizadora\/","url":"https:\/\/divertarte.com\/index.php\/produto\/frasco-pet-50-ml-com-tampa-vaporizadora\/","name":"Frasco PET 50 ml com Tampa Vaporizadora -","isPartOf":{"@id":"https:\/\/divertarte.com\/#website"},"primaryImageOfPage":{"@id":"https:\/\/divertarte.com\/index.php\/produto\/frasco-pet-50-ml-com-tampa-vaporizadora\/#primaryimage"},"image":{"@id":"https:\/\/divertarte.com\/index.php\/produto\/frasco-pet-50-ml-com-tampa-vaporizadora\/#primaryimage"},"thumbnailUrl":"https:\/\/divertarte.com\/wp-content\/uploads\/2021\/01\/frasco-pet-50ml-transparente-vaporizador-preto.jpg","datePublished":"2021-01-28T14:04:10+00:00","dateModified":"2026-03-08T16:21:10+00:00","description":"Frasco PET 50ml transparente tampa vaporizadora.Ideal para \u00e1lcool gel, perfume, \u00e1guas florais. Al\u00e9m disso d\u00e1 para essencias para gesso aromatizador","breadcrumb":{"@id":"https:\/\/divertarte.com\/index.php\/produto\/frasco-pet-50-ml-com-tampa-vaporizadora\/#breadcrumb"},"inLanguage":"pt-PT","potentialAction":[{"@type":"ReadAction","target":["https:\/\/divertarte.com\/index.php\/produto\/frasco-pet-50-ml-com-tampa-vaporizadora\/"]}]},{"@type":"ImageObject","inLanguage":"pt-PT","@id":"https:\/\/divertarte.com\/index.php\/produto\/frasco-pet-50-ml-com-tampa-vaporizadora\/#primaryimage","url":"https:\/\/divertarte.com\/wp-content\/uploads\/2021\/01\/frasco-pet-50ml-transparente-vaporizador-preto.jpg","contentUrl":"https:\/\/divertarte.com\/wp-content\/uploads\/2021\/01\/frasco-pet-50ml-transparente-vaporizador-preto.jpg","width":300,"height":301},{"@type":"BreadcrumbList","@id":"https:\/\/divertarte.com\/index.php\/produto\/frasco-pet-50-ml-com-tampa-vaporizadora\/#breadcrumb","itemListElement":[{"@type":"ListItem","position":1,"name":"In\u00edcio","item":"https:\/\/divertarte.com\/"},{"@type":"ListItem","position":2,"name":"Loja","item":"https:\/\/divertarte.com\/index.php\/divertarte-produtos\/"},{"@type":"ListItem","position":3,"name":"Frasco PET 50 ml com Tampa Vaporizadora"}]},{"@type":"WebSite","@id":"https:\/\/divertarte.com\/#website","url":"https:\/\/divertarte.com\/","name":"Divertarte","description":"","publisher":{"@id":"https:\/\/divertarte.com\/#organization"},"potentialAction":[{"@type":"SearchAction","target":{"@type":"EntryPoint","urlTemplate":"https:\/\/divertarte.com\/?s={search_term_string}"},"query-input":{"@type":"PropertyValueSpecification","valueRequired":true,"valueName":"search_term_string"}}],"inLanguage":"pt-PT"},{"@type":"Organization","@id":"https:\/\/divertarte.com\/#organization","name":"Divertarte","url":"https:\/\/divertarte.com\/","logo":{"@type":"ImageObject","inLanguage":"pt-PT","@id":"https:\/\/divertarte.com\/#\/schema\/logo\/image\/","url":"https:\/\/divertarte.com\/wp-content\/uploads\/2018\/07\/logo-div.jpg","contentUrl":"https:\/\/divertarte.com\/wp-content\/uploads\/2018\/07\/logo-div.jpg","width":295,"height":123,"caption":"Divertarte"},"image":{"@id":"https:\/\/divertarte.com\/#\/schema\/logo\/image\/"}}]}},"_links":{"self":[{"href":"https:\/\/divertarte.com\/index.php\/wp-json\/wp\/v2\/product\/12778","targetHints":{"allow":["GET"]}}],"collection":[{"href":"https:\/\/divertarte.com\/index.php\/wp-json\/wp\/v2\/product"}],"about":[{"href":"https:\/\/divertarte.com\/index.php\/wp-json\/wp\/v2\/types\/product"}],"replies":[{"embeddable":true,"href":"https:\/\/divertarte.com\/index.php\/wp-json\/wp\/v2\/comments?post=12778"}],"wp:featuredmedia":[{"embeddable":true,"href":"https:\/\/divertarte.com\/index.php\/wp-json\/wp\/v2\/media\/12779"}],"wp:attachment":[{"href":"https:\/\/divertarte.com\/index.php\/wp-json\/wp\/v2\/media?parent=12778"}],"wp:term":[{"taxonomy":"product_brand","embeddable":true,"href":"https:\/\/divertarte.com\/index.php\/wp-json\/wp\/v2\/product_brand?post=12778"},{"taxonomy":"product_cat","embeddable":true,"href":"https:\/\/divertarte.com\/index.php\/wp-json\/wp\/v2\/product_cat?post=12778"},{"taxonomy":"product_tag","embeddable":true,"href":"https:\/\/divertarte.com\/index.php\/wp-json\/wp\/v2\/product_tag?post=12778"}],"curies":[{"name":"wp","href":"https:\/\/api.w.org\/{rel}","templated":true}]}}