{"id":12686,"date":"2021-01-21T21:14:06","date_gmt":"2021-01-21T21:14:06","guid":{"rendered":"https:\/\/divertarte.com\/?post_type=product&#038;p=12686"},"modified":"2025-11-06T13:34:04","modified_gmt":"2025-11-06T13:34:04","slug":"vela-de-soja-vermelha-amor","status":"publish","type":"product","link":"https:\/\/divertarte.com\/index.php\/produto\/vela-de-soja-vermelha-amor\/","title":{"rendered":"Vela de Soja Vermelha Amor"},"content":{"rendered":"<p>Dia dos Namorados oferece Vela de Soja com aroma a amor<\/p>\n<p>Velinha de soja vermelha com pavio de madeira, em frasco de vidro redondo com tampa de press\u00e3o.<\/p>\n<p>Al\u00e9m disso \u00e9 enfeitada com fita vermelha com cora\u00e7\u00f5es e la\u00e7o na frente. Ideal para oferecer no dia de S. Valentim<\/p>\n","protected":false},"excerpt":{"rendered":"<p>Dia dos Namorados oferece Vela de Soja com aroma a amor<\/p>\n<p>Velinha de soja vermelha com pavio de madeira, em frasco de vidro redondo com tampa de press\u00e3o. 4.5x6cm<\/p>\n<p>Al\u00e9m disso \u00e9 enfeitada com fita vermelha com cora\u00e7\u00f5es e la\u00e7o na frente. Ideal para oferecer no dia de S. Valentim<\/p>\n","protected":false},"featured_media":12687,"comment_status":"open","ping_status":"closed","template":"","meta":{"_exactmetrics_skip_tracking":false,"_exactmetrics_sitenote_active":false,"_exactmetrics_sitenote_note":"","_exactmetrics_sitenote_category":0},"product_brand":[],"product_cat":[394,249,286,15],"product_tag":[767,768],"class_list":{"0":"post-12686","1":"product","2":"type-product","3":"status-publish","4":"has-post-thumbnail","6":"product_cat-brindes","7":"product_cat-brindes-casamento","8":"product_cat-dia-dos-namorados-s-valentim","9":"product_cat-ver-todos-os-produtos","10":"product_tag-dia-dos-namorados","11":"product_tag-vela-de-soja","13":"first","14":"instock","15":"taxable","16":"shipping-taxable","17":"purchasable","18":"product-type-simple"},"yoast_head":"<!-- This site is optimized with the Yoast SEO plugin v27.6 - https:\/\/yoast.com\/product\/yoast-seo-wordpress\/ -->\n<title>Vela de Soja Vermelha Amor -<\/title>\n<meta name=\"description\" content=\"Dia dos Namorados oferece Vela de Soja com aroma a amor Velinha de soja vermelha com pavio de madeira, em frasco de vidro redondo\" \/>\n<meta name=\"robots\" content=\"index, follow, max-snippet:-1, max-image-preview:large, max-video-preview:-1\" \/>\n<link rel=\"canonical\" href=\"https:\/\/divertarte.com\/index.php\/produto\/vela-de-soja-vermelha-amor\/\" \/>\n<meta property=\"og:locale\" content=\"pt_PT\" \/>\n<meta property=\"og:type\" content=\"article\" \/>\n<meta property=\"og:title\" content=\"Vela de Soja Vermelha Amor -\" \/>\n<meta property=\"og:description\" content=\"Dia dos Namorados oferece Vela de Soja com aroma a amor Velinha de soja vermelha com pavio de madeira, em frasco de vidro redondo\" \/>\n<meta property=\"og:url\" content=\"https:\/\/divertarte.com\/index.php\/produto\/vela-de-soja-vermelha-amor\/\" \/>\n<meta property=\"article:modified_time\" content=\"2025-11-06T13:34:04+00:00\" \/>\n<meta property=\"og:image\" content=\"https:\/\/divertarte.com\/wp-content\/uploads\/2021\/01\/vela-soja-vermelho-amor-redonda.jpg\" \/>\n\t<meta property=\"og:image:width\" content=\"300\" \/>\n\t<meta property=\"og:image:height\" content=\"300\" \/>\n\t<meta property=\"og:image:type\" content=\"image\/jpeg\" \/>\n<meta name=\"twitter:card\" content=\"summary_large_image\" \/>\n<script type=\"application\/ld+json\" class=\"yoast-schema-graph\">{\"@context\":\"https:\\\/\\\/schema.org\",\"@graph\":[{\"@type\":\"WebPage\",\"@id\":\"https:\\\/\\\/divertarte.com\\\/index.php\\\/produto\\\/vela-de-soja-vermelha-amor\\\/\",\"url\":\"https:\\\/\\\/divertarte.com\\\/index.php\\\/produto\\\/vela-de-soja-vermelha-amor\\\/\",\"name\":\"Vela de Soja Vermelha Amor -\",\"isPartOf\":{\"@id\":\"https:\\\/\\\/divertarte.com\\\/#website\"},\"primaryImageOfPage\":{\"@id\":\"https:\\\/\\\/divertarte.com\\\/index.php\\\/produto\\\/vela-de-soja-vermelha-amor\\\/#primaryimage\"},\"image\":{\"@id\":\"https:\\\/\\\/divertarte.com\\\/index.php\\\/produto\\\/vela-de-soja-vermelha-amor\\\/#primaryimage\"},\"thumbnailUrl\":\"https:\\\/\\\/divertarte.com\\\/wp-content\\\/uploads\\\/2021\\\/01\\\/vela-soja-vermelho-amor-redonda.jpg\",\"datePublished\":\"2021-01-21T21:14:06+00:00\",\"dateModified\":\"2025-11-06T13:34:04+00:00\",\"description\":\"Dia dos Namorados oferece Vela de Soja com aroma a amor Velinha de soja vermelha com pavio de madeira, em frasco de vidro redondo\",\"breadcrumb\":{\"@id\":\"https:\\\/\\\/divertarte.com\\\/index.php\\\/produto\\\/vela-de-soja-vermelha-amor\\\/#breadcrumb\"},\"inLanguage\":\"pt-PT\",\"potentialAction\":[{\"@type\":\"ReadAction\",\"target\":[\"https:\\\/\\\/divertarte.com\\\/index.php\\\/produto\\\/vela-de-soja-vermelha-amor\\\/\"]}]},{\"@type\":\"ImageObject\",\"inLanguage\":\"pt-PT\",\"@id\":\"https:\\\/\\\/divertarte.com\\\/index.php\\\/produto\\\/vela-de-soja-vermelha-amor\\\/#primaryimage\",\"url\":\"https:\\\/\\\/divertarte.com\\\/wp-content\\\/uploads\\\/2021\\\/01\\\/vela-soja-vermelho-amor-redonda.jpg\",\"contentUrl\":\"https:\\\/\\\/divertarte.com\\\/wp-content\\\/uploads\\\/2021\\\/01\\\/vela-soja-vermelho-amor-redonda.jpg\",\"width\":300,\"height\":300},{\"@type\":\"BreadcrumbList\",\"@id\":\"https:\\\/\\\/divertarte.com\\\/index.php\\\/produto\\\/vela-de-soja-vermelha-amor\\\/#breadcrumb\",\"itemListElement\":[{\"@type\":\"ListItem\",\"position\":1,\"name\":\"In\u00edcio\",\"item\":\"https:\\\/\\\/divertarte.com\\\/\"},{\"@type\":\"ListItem\",\"position\":2,\"name\":\"Loja\",\"item\":\"https:\\\/\\\/divertarte.com\\\/index.php\\\/divertarte-produtos\\\/\"},{\"@type\":\"ListItem\",\"position\":3,\"name\":\"Vela de Soja Vermelha Amor\"}]},{\"@type\":\"WebSite\",\"@id\":\"https:\\\/\\\/divertarte.com\\\/#website\",\"url\":\"https:\\\/\\\/divertarte.com\\\/\",\"name\":\"Divertarte\",\"description\":\"\",\"publisher\":{\"@id\":\"https:\\\/\\\/divertarte.com\\\/#organization\"},\"potentialAction\":[{\"@type\":\"SearchAction\",\"target\":{\"@type\":\"EntryPoint\",\"urlTemplate\":\"https:\\\/\\\/divertarte.com\\\/?s={search_term_string}\"},\"query-input\":{\"@type\":\"PropertyValueSpecification\",\"valueRequired\":true,\"valueName\":\"search_term_string\"}}],\"inLanguage\":\"pt-PT\"},{\"@type\":\"Organization\",\"@id\":\"https:\\\/\\\/divertarte.com\\\/#organization\",\"name\":\"Divertarte\",\"url\":\"https:\\\/\\\/divertarte.com\\\/\",\"logo\":{\"@type\":\"ImageObject\",\"inLanguage\":\"pt-PT\",\"@id\":\"https:\\\/\\\/divertarte.com\\\/#\\\/schema\\\/logo\\\/image\\\/\",\"url\":\"https:\\\/\\\/divertarte.com\\\/wp-content\\\/uploads\\\/2018\\\/07\\\/logo-div.jpg\",\"contentUrl\":\"https:\\\/\\\/divertarte.com\\\/wp-content\\\/uploads\\\/2018\\\/07\\\/logo-div.jpg\",\"width\":295,\"height\":123,\"caption\":\"Divertarte\"},\"image\":{\"@id\":\"https:\\\/\\\/divertarte.com\\\/#\\\/schema\\\/logo\\\/image\\\/\"}}]}<\/script>\n<!-- \/ Yoast SEO plugin. -->","yoast_head_json":{"title":"Vela de Soja Vermelha Amor -","description":"Dia dos Namorados oferece Vela de Soja com aroma a amor Velinha de soja vermelha com pavio de madeira, em frasco de vidro redondo","robots":{"index":"index","follow":"follow","max-snippet":"max-snippet:-1","max-image-preview":"max-image-preview:large","max-video-preview":"max-video-preview:-1"},"canonical":"https:\/\/divertarte.com\/index.php\/produto\/vela-de-soja-vermelha-amor\/","og_locale":"pt_PT","og_type":"article","og_title":"Vela de Soja Vermelha Amor -","og_description":"Dia dos Namorados oferece Vela de Soja com aroma a amor Velinha de soja vermelha com pavio de madeira, em frasco de vidro redondo","og_url":"https:\/\/divertarte.com\/index.php\/produto\/vela-de-soja-vermelha-amor\/","article_modified_time":"2025-11-06T13:34:04+00:00","og_image":[{"width":300,"height":300,"url":"https:\/\/divertarte.com\/wp-content\/uploads\/2021\/01\/vela-soja-vermelho-amor-redonda.jpg","type":"image\/jpeg"}],"twitter_card":"summary_large_image","schema":{"@context":"https:\/\/schema.org","@graph":[{"@type":"WebPage","@id":"https:\/\/divertarte.com\/index.php\/produto\/vela-de-soja-vermelha-amor\/","url":"https:\/\/divertarte.com\/index.php\/produto\/vela-de-soja-vermelha-amor\/","name":"Vela de Soja Vermelha Amor -","isPartOf":{"@id":"https:\/\/divertarte.com\/#website"},"primaryImageOfPage":{"@id":"https:\/\/divertarte.com\/index.php\/produto\/vela-de-soja-vermelha-amor\/#primaryimage"},"image":{"@id":"https:\/\/divertarte.com\/index.php\/produto\/vela-de-soja-vermelha-amor\/#primaryimage"},"thumbnailUrl":"https:\/\/divertarte.com\/wp-content\/uploads\/2021\/01\/vela-soja-vermelho-amor-redonda.jpg","datePublished":"2021-01-21T21:14:06+00:00","dateModified":"2025-11-06T13:34:04+00:00","description":"Dia dos Namorados oferece Vela de Soja com aroma a amor Velinha de soja vermelha com pavio de madeira, em frasco de vidro redondo","breadcrumb":{"@id":"https:\/\/divertarte.com\/index.php\/produto\/vela-de-soja-vermelha-amor\/#breadcrumb"},"inLanguage":"pt-PT","potentialAction":[{"@type":"ReadAction","target":["https:\/\/divertarte.com\/index.php\/produto\/vela-de-soja-vermelha-amor\/"]}]},{"@type":"ImageObject","inLanguage":"pt-PT","@id":"https:\/\/divertarte.com\/index.php\/produto\/vela-de-soja-vermelha-amor\/#primaryimage","url":"https:\/\/divertarte.com\/wp-content\/uploads\/2021\/01\/vela-soja-vermelho-amor-redonda.jpg","contentUrl":"https:\/\/divertarte.com\/wp-content\/uploads\/2021\/01\/vela-soja-vermelho-amor-redonda.jpg","width":300,"height":300},{"@type":"BreadcrumbList","@id":"https:\/\/divertarte.com\/index.php\/produto\/vela-de-soja-vermelha-amor\/#breadcrumb","itemListElement":[{"@type":"ListItem","position":1,"name":"In\u00edcio","item":"https:\/\/divertarte.com\/"},{"@type":"ListItem","position":2,"name":"Loja","item":"https:\/\/divertarte.com\/index.php\/divertarte-produtos\/"},{"@type":"ListItem","position":3,"name":"Vela de Soja Vermelha Amor"}]},{"@type":"WebSite","@id":"https:\/\/divertarte.com\/#website","url":"https:\/\/divertarte.com\/","name":"Divertarte","description":"","publisher":{"@id":"https:\/\/divertarte.com\/#organization"},"potentialAction":[{"@type":"SearchAction","target":{"@type":"EntryPoint","urlTemplate":"https:\/\/divertarte.com\/?s={search_term_string}"},"query-input":{"@type":"PropertyValueSpecification","valueRequired":true,"valueName":"search_term_string"}}],"inLanguage":"pt-PT"},{"@type":"Organization","@id":"https:\/\/divertarte.com\/#organization","name":"Divertarte","url":"https:\/\/divertarte.com\/","logo":{"@type":"ImageObject","inLanguage":"pt-PT","@id":"https:\/\/divertarte.com\/#\/schema\/logo\/image\/","url":"https:\/\/divertarte.com\/wp-content\/uploads\/2018\/07\/logo-div.jpg","contentUrl":"https:\/\/divertarte.com\/wp-content\/uploads\/2018\/07\/logo-div.jpg","width":295,"height":123,"caption":"Divertarte"},"image":{"@id":"https:\/\/divertarte.com\/#\/schema\/logo\/image\/"}}]}},"_links":{"self":[{"href":"https:\/\/divertarte.com\/index.php\/wp-json\/wp\/v2\/product\/12686","targetHints":{"allow":["GET"]}}],"collection":[{"href":"https:\/\/divertarte.com\/index.php\/wp-json\/wp\/v2\/product"}],"about":[{"href":"https:\/\/divertarte.com\/index.php\/wp-json\/wp\/v2\/types\/product"}],"replies":[{"embeddable":true,"href":"https:\/\/divertarte.com\/index.php\/wp-json\/wp\/v2\/comments?post=12686"}],"wp:featuredmedia":[{"embeddable":true,"href":"https:\/\/divertarte.com\/index.php\/wp-json\/wp\/v2\/media\/12687"}],"wp:attachment":[{"href":"https:\/\/divertarte.com\/index.php\/wp-json\/wp\/v2\/media?parent=12686"}],"wp:term":[{"taxonomy":"product_brand","embeddable":true,"href":"https:\/\/divertarte.com\/index.php\/wp-json\/wp\/v2\/product_brand?post=12686"},{"taxonomy":"product_cat","embeddable":true,"href":"https:\/\/divertarte.com\/index.php\/wp-json\/wp\/v2\/product_cat?post=12686"},{"taxonomy":"product_tag","embeddable":true,"href":"https:\/\/divertarte.com\/index.php\/wp-json\/wp\/v2\/product_tag?post=12686"}],"curies":[{"name":"wp","href":"https:\/\/api.w.org\/{rel}","templated":true}]}}