{"id":1228,"date":"2018-06-07T14:06:27","date_gmt":"2018-06-07T13:06:27","guid":{"rendered":"https:\/\/divertarte.com\/index.php\/produto\/estearina\/"},"modified":"2025-11-06T13:59:39","modified_gmt":"2025-11-06T13:59:39","slug":"estearina","status":"publish","type":"product","link":"https:\/\/divertarte.com\/index.php\/produto\/estearina\/","title":{"rendered":"Estearina"},"content":{"rendered":"<p>Estearina<\/p>\n<p>A esterarina adiciona-se \u00e0\u00a0 parafina, numa percentagem de 10%, conferindo-lhe dureza e maior poder de desmoldagem.<\/p>\n<p>O \u00e1cido este\u00e1rico \u00e9\u00a0um produto bom para dissolver a anilina (corante) antes de a colocar na parafina.<\/p>\n<p>\u00c9 um dos aditivos mais utilizados, porque tem muitas vantagens. Utiliza para endurecer as massa das velas e ajudar a dissipar as bolhinhas, e portanto velas mais perfeitas e compactas.<\/p>\n<p>Melhora a defini\u00e7\u00e3o dos detalhes da vela<\/p>\n<p>&nbsp;<\/p>\n","protected":false},"excerpt":{"rendered":"<p>A esterarina \u00e9 um aditivo que se adiciona \u00e0\u00a0 parafina, numa percentagem de 10%, conferindo-lhe dureza e maior poder de desmoldagem.<\/p>\n<p>O \u00e1cido este\u00e1rico (estearina) \u00e9 um produto bom para dissolver a anilina (corante) antes de a colocar na parafina.<\/p>\n<p>\u00c9 um dos aditivos mais utilizados, porque tem muitas vantagens. Utiliza para endurecer as massa das velas e ajudar a dissipar as bolhinhas, e portanto velas mais perfeitas e compactas.<\/p>\n<p>Melhora a defini\u00e7\u00e3o dos detalhes da vela e d\u00e1-lhe mais brilho<\/p>\n<p>Embalagem 850gr<\/p>\n","protected":false},"featured_media":5130,"comment_status":"closed","ping_status":"closed","template":"","meta":{"_exactmetrics_skip_tracking":false,"_exactmetrics_sitenote_active":false,"_exactmetrics_sitenote_note":"","_exactmetrics_sitenote_category":0},"product_brand":[],"product_cat":[269,129],"product_tag":[],"class_list":{"0":"post-1228","1":"product","2":"type-product","3":"status-publish","4":"has-post-thumbnail","6":"product_cat-parafina-para-velas-e-ceras","7":"product_cat-materiais-para-velas","9":"first","10":"instock","11":"taxable","12":"shipping-taxable","13":"purchasable","14":"product-type-simple"},"yoast_head":"<!-- This site is optimized with the Yoast SEO plugin v27.4 - https:\/\/yoast.com\/product\/yoast-seo-wordpress\/ -->\n<title>Estearina -<\/title>\n<meta name=\"description\" content=\"A esterarina \u00e9 um aditivo que se adiciona \u00e0\u00a0 parafina, numa percentagem de 10%, conferindo-lhe dureza e maior poder de desmoldagem.\" \/>\n<meta name=\"robots\" content=\"index, follow, max-snippet:-1, max-image-preview:large, max-video-preview:-1\" \/>\n<link rel=\"canonical\" href=\"https:\/\/divertarte.com\/index.php\/produto\/estearina\/\" \/>\n<meta property=\"og:locale\" content=\"pt_PT\" \/>\n<meta property=\"og:type\" content=\"article\" \/>\n<meta property=\"og:title\" content=\"Estearina -\" \/>\n<meta property=\"og:description\" content=\"A esterarina \u00e9 um aditivo que se adiciona \u00e0\u00a0 parafina, numa percentagem de 10%, conferindo-lhe dureza e maior poder de desmoldagem.\" \/>\n<meta property=\"og:url\" content=\"https:\/\/divertarte.com\/index.php\/produto\/estearina\/\" \/>\n<meta property=\"article:modified_time\" content=\"2025-11-06T13:59:39+00:00\" \/>\n<meta property=\"og:image\" content=\"https:\/\/divertarte.com\/wp-content\/uploads\/2018\/05\/estearina_po-e1694416733771.jpg\" \/>\n\t<meta property=\"og:image:width\" content=\"366\" \/>\n\t<meta property=\"og:image:height\" content=\"300\" \/>\n\t<meta property=\"og:image:type\" content=\"image\/jpeg\" \/>\n<meta name=\"twitter:card\" content=\"summary_large_image\" \/>\n<script type=\"application\/ld+json\" class=\"yoast-schema-graph\">{\"@context\":\"https:\\\/\\\/schema.org\",\"@graph\":[{\"@type\":\"WebPage\",\"@id\":\"https:\\\/\\\/divertarte.com\\\/index.php\\\/produto\\\/estearina\\\/\",\"url\":\"https:\\\/\\\/divertarte.com\\\/index.php\\\/produto\\\/estearina\\\/\",\"name\":\"Estearina -\",\"isPartOf\":{\"@id\":\"https:\\\/\\\/divertarte.com\\\/#website\"},\"primaryImageOfPage\":{\"@id\":\"https:\\\/\\\/divertarte.com\\\/index.php\\\/produto\\\/estearina\\\/#primaryimage\"},\"image\":{\"@id\":\"https:\\\/\\\/divertarte.com\\\/index.php\\\/produto\\\/estearina\\\/#primaryimage\"},\"thumbnailUrl\":\"https:\\\/\\\/divertarte.com\\\/wp-content\\\/uploads\\\/2018\\\/05\\\/estearina_po-e1694416733771.jpg\",\"datePublished\":\"2018-06-07T13:06:27+00:00\",\"dateModified\":\"2025-11-06T13:59:39+00:00\",\"description\":\"A esterarina \u00e9 um aditivo que se adiciona \u00e0\u00a0 parafina, numa percentagem de 10%, conferindo-lhe dureza e maior poder de desmoldagem.\",\"breadcrumb\":{\"@id\":\"https:\\\/\\\/divertarte.com\\\/index.php\\\/produto\\\/estearina\\\/#breadcrumb\"},\"inLanguage\":\"pt-PT\",\"potentialAction\":[{\"@type\":\"ReadAction\",\"target\":[\"https:\\\/\\\/divertarte.com\\\/index.php\\\/produto\\\/estearina\\\/\"]}]},{\"@type\":\"ImageObject\",\"inLanguage\":\"pt-PT\",\"@id\":\"https:\\\/\\\/divertarte.com\\\/index.php\\\/produto\\\/estearina\\\/#primaryimage\",\"url\":\"https:\\\/\\\/divertarte.com\\\/wp-content\\\/uploads\\\/2018\\\/05\\\/estearina_po-e1694416733771.jpg\",\"contentUrl\":\"https:\\\/\\\/divertarte.com\\\/wp-content\\\/uploads\\\/2018\\\/05\\\/estearina_po-e1694416733771.jpg\",\"width\":366,\"height\":300},{\"@type\":\"BreadcrumbList\",\"@id\":\"https:\\\/\\\/divertarte.com\\\/index.php\\\/produto\\\/estearina\\\/#breadcrumb\",\"itemListElement\":[{\"@type\":\"ListItem\",\"position\":1,\"name\":\"In\u00edcio\",\"item\":\"https:\\\/\\\/divertarte.com\\\/\"},{\"@type\":\"ListItem\",\"position\":2,\"name\":\"Loja\",\"item\":\"https:\\\/\\\/divertarte.com\\\/index.php\\\/divertarte-produtos\\\/\"},{\"@type\":\"ListItem\",\"position\":3,\"name\":\"Estearina\"}]},{\"@type\":\"WebSite\",\"@id\":\"https:\\\/\\\/divertarte.com\\\/#website\",\"url\":\"https:\\\/\\\/divertarte.com\\\/\",\"name\":\"Divertarte\",\"description\":\"\",\"publisher\":{\"@id\":\"https:\\\/\\\/divertarte.com\\\/#organization\"},\"potentialAction\":[{\"@type\":\"SearchAction\",\"target\":{\"@type\":\"EntryPoint\",\"urlTemplate\":\"https:\\\/\\\/divertarte.com\\\/?s={search_term_string}\"},\"query-input\":{\"@type\":\"PropertyValueSpecification\",\"valueRequired\":true,\"valueName\":\"search_term_string\"}}],\"inLanguage\":\"pt-PT\"},{\"@type\":\"Organization\",\"@id\":\"https:\\\/\\\/divertarte.com\\\/#organization\",\"name\":\"Divertarte\",\"url\":\"https:\\\/\\\/divertarte.com\\\/\",\"logo\":{\"@type\":\"ImageObject\",\"inLanguage\":\"pt-PT\",\"@id\":\"https:\\\/\\\/divertarte.com\\\/#\\\/schema\\\/logo\\\/image\\\/\",\"url\":\"https:\\\/\\\/divertarte.com\\\/wp-content\\\/uploads\\\/2018\\\/07\\\/logo-div.jpg\",\"contentUrl\":\"https:\\\/\\\/divertarte.com\\\/wp-content\\\/uploads\\\/2018\\\/07\\\/logo-div.jpg\",\"width\":295,\"height\":123,\"caption\":\"Divertarte\"},\"image\":{\"@id\":\"https:\\\/\\\/divertarte.com\\\/#\\\/schema\\\/logo\\\/image\\\/\"}}]}<\/script>\n<!-- \/ Yoast SEO plugin. -->","yoast_head_json":{"title":"Estearina -","description":"A esterarina \u00e9 um aditivo que se adiciona \u00e0\u00a0 parafina, numa percentagem de 10%, conferindo-lhe dureza e maior poder de desmoldagem.","robots":{"index":"index","follow":"follow","max-snippet":"max-snippet:-1","max-image-preview":"max-image-preview:large","max-video-preview":"max-video-preview:-1"},"canonical":"https:\/\/divertarte.com\/index.php\/produto\/estearina\/","og_locale":"pt_PT","og_type":"article","og_title":"Estearina -","og_description":"A esterarina \u00e9 um aditivo que se adiciona \u00e0\u00a0 parafina, numa percentagem de 10%, conferindo-lhe dureza e maior poder de desmoldagem.","og_url":"https:\/\/divertarte.com\/index.php\/produto\/estearina\/","article_modified_time":"2025-11-06T13:59:39+00:00","og_image":[{"width":366,"height":300,"url":"https:\/\/divertarte.com\/wp-content\/uploads\/2018\/05\/estearina_po-e1694416733771.jpg","type":"image\/jpeg"}],"twitter_card":"summary_large_image","schema":{"@context":"https:\/\/schema.org","@graph":[{"@type":"WebPage","@id":"https:\/\/divertarte.com\/index.php\/produto\/estearina\/","url":"https:\/\/divertarte.com\/index.php\/produto\/estearina\/","name":"Estearina -","isPartOf":{"@id":"https:\/\/divertarte.com\/#website"},"primaryImageOfPage":{"@id":"https:\/\/divertarte.com\/index.php\/produto\/estearina\/#primaryimage"},"image":{"@id":"https:\/\/divertarte.com\/index.php\/produto\/estearina\/#primaryimage"},"thumbnailUrl":"https:\/\/divertarte.com\/wp-content\/uploads\/2018\/05\/estearina_po-e1694416733771.jpg","datePublished":"2018-06-07T13:06:27+00:00","dateModified":"2025-11-06T13:59:39+00:00","description":"A esterarina \u00e9 um aditivo que se adiciona \u00e0\u00a0 parafina, numa percentagem de 10%, conferindo-lhe dureza e maior poder de desmoldagem.","breadcrumb":{"@id":"https:\/\/divertarte.com\/index.php\/produto\/estearina\/#breadcrumb"},"inLanguage":"pt-PT","potentialAction":[{"@type":"ReadAction","target":["https:\/\/divertarte.com\/index.php\/produto\/estearina\/"]}]},{"@type":"ImageObject","inLanguage":"pt-PT","@id":"https:\/\/divertarte.com\/index.php\/produto\/estearina\/#primaryimage","url":"https:\/\/divertarte.com\/wp-content\/uploads\/2018\/05\/estearina_po-e1694416733771.jpg","contentUrl":"https:\/\/divertarte.com\/wp-content\/uploads\/2018\/05\/estearina_po-e1694416733771.jpg","width":366,"height":300},{"@type":"BreadcrumbList","@id":"https:\/\/divertarte.com\/index.php\/produto\/estearina\/#breadcrumb","itemListElement":[{"@type":"ListItem","position":1,"name":"In\u00edcio","item":"https:\/\/divertarte.com\/"},{"@type":"ListItem","position":2,"name":"Loja","item":"https:\/\/divertarte.com\/index.php\/divertarte-produtos\/"},{"@type":"ListItem","position":3,"name":"Estearina"}]},{"@type":"WebSite","@id":"https:\/\/divertarte.com\/#website","url":"https:\/\/divertarte.com\/","name":"Divertarte","description":"","publisher":{"@id":"https:\/\/divertarte.com\/#organization"},"potentialAction":[{"@type":"SearchAction","target":{"@type":"EntryPoint","urlTemplate":"https:\/\/divertarte.com\/?s={search_term_string}"},"query-input":{"@type":"PropertyValueSpecification","valueRequired":true,"valueName":"search_term_string"}}],"inLanguage":"pt-PT"},{"@type":"Organization","@id":"https:\/\/divertarte.com\/#organization","name":"Divertarte","url":"https:\/\/divertarte.com\/","logo":{"@type":"ImageObject","inLanguage":"pt-PT","@id":"https:\/\/divertarte.com\/#\/schema\/logo\/image\/","url":"https:\/\/divertarte.com\/wp-content\/uploads\/2018\/07\/logo-div.jpg","contentUrl":"https:\/\/divertarte.com\/wp-content\/uploads\/2018\/07\/logo-div.jpg","width":295,"height":123,"caption":"Divertarte"},"image":{"@id":"https:\/\/divertarte.com\/#\/schema\/logo\/image\/"}}]}},"_links":{"self":[{"href":"https:\/\/divertarte.com\/index.php\/wp-json\/wp\/v2\/product\/1228","targetHints":{"allow":["GET"]}}],"collection":[{"href":"https:\/\/divertarte.com\/index.php\/wp-json\/wp\/v2\/product"}],"about":[{"href":"https:\/\/divertarte.com\/index.php\/wp-json\/wp\/v2\/types\/product"}],"replies":[{"embeddable":true,"href":"https:\/\/divertarte.com\/index.php\/wp-json\/wp\/v2\/comments?post=1228"}],"wp:featuredmedia":[{"embeddable":true,"href":"https:\/\/divertarte.com\/index.php\/wp-json\/wp\/v2\/media\/5130"}],"wp:attachment":[{"href":"https:\/\/divertarte.com\/index.php\/wp-json\/wp\/v2\/media?parent=1228"}],"wp:term":[{"taxonomy":"product_brand","embeddable":true,"href":"https:\/\/divertarte.com\/index.php\/wp-json\/wp\/v2\/product_brand?post=1228"},{"taxonomy":"product_cat","embeddable":true,"href":"https:\/\/divertarte.com\/index.php\/wp-json\/wp\/v2\/product_cat?post=1228"},{"taxonomy":"product_tag","embeddable":true,"href":"https:\/\/divertarte.com\/index.php\/wp-json\/wp\/v2\/product_tag?post=1228"}],"curies":[{"name":"wp","href":"https:\/\/api.w.org\/{rel}","templated":true}]}}