{"id":12091,"date":"2020-11-28T22:30:08","date_gmt":"2020-11-28T22:30:08","guid":{"rendered":"https:\/\/divertarte.com\/?post_type=product&#038;p=12091"},"modified":"2025-11-06T13:34:12","modified_gmt":"2025-11-06T13:34:12","slug":"molde-silicone-3d-cabana-com-palmeira","status":"publish","type":"product","link":"https:\/\/divertarte.com\/index.php\/produto\/molde-silicone-3d-cabana-com-palmeira\/","title":{"rendered":"Molde Silicone 3d Pres\u00e9pio Cabana com Palmeira"},"content":{"rendered":"<p>Molde Silicone 3d Pres\u00e9pio Cabana com Palmeira 12x8x3cm<\/p>\n<p>Molde de silicone com figura de Pres\u00e9pio,\u00a0 ideal para figura de Natal. Al\u00e9m disso pode ser feita em resina acr\u00edlica, tipo marfinite, para utilizar como Pres\u00e9pio de Natal<\/p>\n<p>&nbsp;<\/p>\n<p>&nbsp;<\/p>\n","protected":false},"excerpt":{"rendered":"<p>Molde Silicone 3d Pres\u00e9pio Cabana com Palmeira 12x8x3cm<\/p>\n<p>Molde de silicone com figura de Pres\u00e9pio,\u00a0 ideal para figura de Natal. Al\u00e9m disso pode ser feita em resina acr\u00edlica, tipo marfinite, para utilizar como Pres\u00e9pio de Natal<\/p>\n<p>&nbsp;<\/p>\n","protected":false},"featured_media":12092,"comment_status":"open","ping_status":"closed","template":"","meta":{"_exactmetrics_skip_tracking":false,"_exactmetrics_sitenote_active":false,"_exactmetrics_sitenote_note":"","_exactmetrics_sitenote_category":0},"product_brand":[],"product_cat":[508,84,54,320,584,15],"product_tag":[619,713,714],"class_list":{"0":"post-12091","1":"product","2":"type-product","3":"status-publish","4":"has-post-thumbnail","6":"product_cat-moldes-3d","7":"product_cat-moldes-natal","8":"product_cat-moldes-de-silicone-em-portugal","9":"product_cat-moldes-de-silicone-3d","10":"product_cat-moldes-presepios","11":"product_cat-ver-todos-os-produtos","12":"product_tag-moldes-de-silicone","13":"product_tag-moldes-de-silicone-em-portugal","14":"product_tag-moldes-de-silicone-presepios","16":"first","17":"instock","18":"taxable","19":"shipping-taxable","20":"purchasable","21":"product-type-simple"},"yoast_head":"<!-- This site is optimized with the Yoast SEO plugin v27.4 - https:\/\/yoast.com\/product\/yoast-seo-wordpress\/ -->\n<title>Molde Silicone 3d Pres\u00e9pio Cabana com Palmeira -<\/title>\n<meta name=\"robots\" content=\"index, follow, max-snippet:-1, max-image-preview:large, max-video-preview:-1\" \/>\n<link rel=\"canonical\" href=\"https:\/\/divertarte.com\/index.php\/produto\/molde-silicone-3d-cabana-com-palmeira\/\" \/>\n<meta property=\"og:locale\" content=\"pt_PT\" \/>\n<meta property=\"og:type\" content=\"article\" \/>\n<meta property=\"og:title\" content=\"Molde Silicone 3d Pres\u00e9pio Cabana com Palmeira -\" \/>\n<meta property=\"og:description\" content=\"Molde Silicone 3d Pres\u00e9pio Cabana com Palmeira 12x8x3cm  Molde de silicone com figura de Pres\u00e9pio,\u00a0 ideal para figura de Natal. Al\u00e9m disso pode ser feita em resina acr\u00edlica, tipo marfinite, para utilizar como Pres\u00e9pio de Natal  &nbsp;\" \/>\n<meta property=\"og:url\" content=\"https:\/\/divertarte.com\/index.php\/produto\/molde-silicone-3d-cabana-com-palmeira\/\" \/>\n<meta property=\"article:modified_time\" content=\"2025-11-06T13:34:12+00:00\" \/>\n<meta property=\"og:image\" content=\"https:\/\/divertarte.com\/wp-content\/uploads\/2020\/11\/molde-silicone-3d-cabana-palmeira-12x8x3cm-82867-12.00.jpg\" \/>\n\t<meta property=\"og:image:width\" content=\"300\" \/>\n\t<meta property=\"og:image:height\" content=\"300\" \/>\n\t<meta property=\"og:image:type\" content=\"image\/jpeg\" \/>\n<meta name=\"twitter:card\" content=\"summary_large_image\" \/>\n<script type=\"application\/ld+json\" class=\"yoast-schema-graph\">{\"@context\":\"https:\\\/\\\/schema.org\",\"@graph\":[{\"@type\":\"WebPage\",\"@id\":\"https:\\\/\\\/divertarte.com\\\/index.php\\\/produto\\\/molde-silicone-3d-cabana-com-palmeira\\\/\",\"url\":\"https:\\\/\\\/divertarte.com\\\/index.php\\\/produto\\\/molde-silicone-3d-cabana-com-palmeira\\\/\",\"name\":\"Molde Silicone 3d Pres\u00e9pio Cabana com Palmeira -\",\"isPartOf\":{\"@id\":\"https:\\\/\\\/divertarte.com\\\/#website\"},\"primaryImageOfPage\":{\"@id\":\"https:\\\/\\\/divertarte.com\\\/index.php\\\/produto\\\/molde-silicone-3d-cabana-com-palmeira\\\/#primaryimage\"},\"image\":{\"@id\":\"https:\\\/\\\/divertarte.com\\\/index.php\\\/produto\\\/molde-silicone-3d-cabana-com-palmeira\\\/#primaryimage\"},\"thumbnailUrl\":\"https:\\\/\\\/divertarte.com\\\/wp-content\\\/uploads\\\/2020\\\/11\\\/molde-silicone-3d-cabana-palmeira-12x8x3cm-82867-12.00.jpg\",\"datePublished\":\"2020-11-28T22:30:08+00:00\",\"dateModified\":\"2025-11-06T13:34:12+00:00\",\"breadcrumb\":{\"@id\":\"https:\\\/\\\/divertarte.com\\\/index.php\\\/produto\\\/molde-silicone-3d-cabana-com-palmeira\\\/#breadcrumb\"},\"inLanguage\":\"pt-PT\",\"potentialAction\":[{\"@type\":\"ReadAction\",\"target\":[\"https:\\\/\\\/divertarte.com\\\/index.php\\\/produto\\\/molde-silicone-3d-cabana-com-palmeira\\\/\"]}]},{\"@type\":\"ImageObject\",\"inLanguage\":\"pt-PT\",\"@id\":\"https:\\\/\\\/divertarte.com\\\/index.php\\\/produto\\\/molde-silicone-3d-cabana-com-palmeira\\\/#primaryimage\",\"url\":\"https:\\\/\\\/divertarte.com\\\/wp-content\\\/uploads\\\/2020\\\/11\\\/molde-silicone-3d-cabana-palmeira-12x8x3cm-82867-12.00.jpg\",\"contentUrl\":\"https:\\\/\\\/divertarte.com\\\/wp-content\\\/uploads\\\/2020\\\/11\\\/molde-silicone-3d-cabana-palmeira-12x8x3cm-82867-12.00.jpg\",\"width\":300,\"height\":300},{\"@type\":\"BreadcrumbList\",\"@id\":\"https:\\\/\\\/divertarte.com\\\/index.php\\\/produto\\\/molde-silicone-3d-cabana-com-palmeira\\\/#breadcrumb\",\"itemListElement\":[{\"@type\":\"ListItem\",\"position\":1,\"name\":\"In\u00edcio\",\"item\":\"https:\\\/\\\/divertarte.com\\\/\"},{\"@type\":\"ListItem\",\"position\":2,\"name\":\"Loja\",\"item\":\"https:\\\/\\\/divertarte.com\\\/index.php\\\/divertarte-produtos\\\/\"},{\"@type\":\"ListItem\",\"position\":3,\"name\":\"Molde Silicone 3d Pres\u00e9pio Cabana com Palmeira\"}]},{\"@type\":\"WebSite\",\"@id\":\"https:\\\/\\\/divertarte.com\\\/#website\",\"url\":\"https:\\\/\\\/divertarte.com\\\/\",\"name\":\"Divertarte\",\"description\":\"\",\"publisher\":{\"@id\":\"https:\\\/\\\/divertarte.com\\\/#organization\"},\"potentialAction\":[{\"@type\":\"SearchAction\",\"target\":{\"@type\":\"EntryPoint\",\"urlTemplate\":\"https:\\\/\\\/divertarte.com\\\/?s={search_term_string}\"},\"query-input\":{\"@type\":\"PropertyValueSpecification\",\"valueRequired\":true,\"valueName\":\"search_term_string\"}}],\"inLanguage\":\"pt-PT\"},{\"@type\":\"Organization\",\"@id\":\"https:\\\/\\\/divertarte.com\\\/#organization\",\"name\":\"Divertarte\",\"url\":\"https:\\\/\\\/divertarte.com\\\/\",\"logo\":{\"@type\":\"ImageObject\",\"inLanguage\":\"pt-PT\",\"@id\":\"https:\\\/\\\/divertarte.com\\\/#\\\/schema\\\/logo\\\/image\\\/\",\"url\":\"https:\\\/\\\/divertarte.com\\\/wp-content\\\/uploads\\\/2018\\\/07\\\/logo-div.jpg\",\"contentUrl\":\"https:\\\/\\\/divertarte.com\\\/wp-content\\\/uploads\\\/2018\\\/07\\\/logo-div.jpg\",\"width\":295,\"height\":123,\"caption\":\"Divertarte\"},\"image\":{\"@id\":\"https:\\\/\\\/divertarte.com\\\/#\\\/schema\\\/logo\\\/image\\\/\"}}]}<\/script>\n<!-- \/ Yoast SEO plugin. -->","yoast_head_json":{"title":"Molde Silicone 3d Pres\u00e9pio Cabana com Palmeira -","robots":{"index":"index","follow":"follow","max-snippet":"max-snippet:-1","max-image-preview":"max-image-preview:large","max-video-preview":"max-video-preview:-1"},"canonical":"https:\/\/divertarte.com\/index.php\/produto\/molde-silicone-3d-cabana-com-palmeira\/","og_locale":"pt_PT","og_type":"article","og_title":"Molde Silicone 3d Pres\u00e9pio Cabana com Palmeira -","og_description":"Molde Silicone 3d Pres\u00e9pio Cabana com Palmeira 12x8x3cm  Molde de silicone com figura de Pres\u00e9pio,\u00a0 ideal para figura de Natal. Al\u00e9m disso pode ser feita em resina acr\u00edlica, tipo marfinite, para utilizar como Pres\u00e9pio de Natal  &nbsp;","og_url":"https:\/\/divertarte.com\/index.php\/produto\/molde-silicone-3d-cabana-com-palmeira\/","article_modified_time":"2025-11-06T13:34:12+00:00","og_image":[{"width":300,"height":300,"url":"https:\/\/divertarte.com\/wp-content\/uploads\/2020\/11\/molde-silicone-3d-cabana-palmeira-12x8x3cm-82867-12.00.jpg","type":"image\/jpeg"}],"twitter_card":"summary_large_image","schema":{"@context":"https:\/\/schema.org","@graph":[{"@type":"WebPage","@id":"https:\/\/divertarte.com\/index.php\/produto\/molde-silicone-3d-cabana-com-palmeira\/","url":"https:\/\/divertarte.com\/index.php\/produto\/molde-silicone-3d-cabana-com-palmeira\/","name":"Molde Silicone 3d Pres\u00e9pio Cabana com Palmeira -","isPartOf":{"@id":"https:\/\/divertarte.com\/#website"},"primaryImageOfPage":{"@id":"https:\/\/divertarte.com\/index.php\/produto\/molde-silicone-3d-cabana-com-palmeira\/#primaryimage"},"image":{"@id":"https:\/\/divertarte.com\/index.php\/produto\/molde-silicone-3d-cabana-com-palmeira\/#primaryimage"},"thumbnailUrl":"https:\/\/divertarte.com\/wp-content\/uploads\/2020\/11\/molde-silicone-3d-cabana-palmeira-12x8x3cm-82867-12.00.jpg","datePublished":"2020-11-28T22:30:08+00:00","dateModified":"2025-11-06T13:34:12+00:00","breadcrumb":{"@id":"https:\/\/divertarte.com\/index.php\/produto\/molde-silicone-3d-cabana-com-palmeira\/#breadcrumb"},"inLanguage":"pt-PT","potentialAction":[{"@type":"ReadAction","target":["https:\/\/divertarte.com\/index.php\/produto\/molde-silicone-3d-cabana-com-palmeira\/"]}]},{"@type":"ImageObject","inLanguage":"pt-PT","@id":"https:\/\/divertarte.com\/index.php\/produto\/molde-silicone-3d-cabana-com-palmeira\/#primaryimage","url":"https:\/\/divertarte.com\/wp-content\/uploads\/2020\/11\/molde-silicone-3d-cabana-palmeira-12x8x3cm-82867-12.00.jpg","contentUrl":"https:\/\/divertarte.com\/wp-content\/uploads\/2020\/11\/molde-silicone-3d-cabana-palmeira-12x8x3cm-82867-12.00.jpg","width":300,"height":300},{"@type":"BreadcrumbList","@id":"https:\/\/divertarte.com\/index.php\/produto\/molde-silicone-3d-cabana-com-palmeira\/#breadcrumb","itemListElement":[{"@type":"ListItem","position":1,"name":"In\u00edcio","item":"https:\/\/divertarte.com\/"},{"@type":"ListItem","position":2,"name":"Loja","item":"https:\/\/divertarte.com\/index.php\/divertarte-produtos\/"},{"@type":"ListItem","position":3,"name":"Molde Silicone 3d Pres\u00e9pio Cabana com Palmeira"}]},{"@type":"WebSite","@id":"https:\/\/divertarte.com\/#website","url":"https:\/\/divertarte.com\/","name":"Divertarte","description":"","publisher":{"@id":"https:\/\/divertarte.com\/#organization"},"potentialAction":[{"@type":"SearchAction","target":{"@type":"EntryPoint","urlTemplate":"https:\/\/divertarte.com\/?s={search_term_string}"},"query-input":{"@type":"PropertyValueSpecification","valueRequired":true,"valueName":"search_term_string"}}],"inLanguage":"pt-PT"},{"@type":"Organization","@id":"https:\/\/divertarte.com\/#organization","name":"Divertarte","url":"https:\/\/divertarte.com\/","logo":{"@type":"ImageObject","inLanguage":"pt-PT","@id":"https:\/\/divertarte.com\/#\/schema\/logo\/image\/","url":"https:\/\/divertarte.com\/wp-content\/uploads\/2018\/07\/logo-div.jpg","contentUrl":"https:\/\/divertarte.com\/wp-content\/uploads\/2018\/07\/logo-div.jpg","width":295,"height":123,"caption":"Divertarte"},"image":{"@id":"https:\/\/divertarte.com\/#\/schema\/logo\/image\/"}}]}},"_links":{"self":[{"href":"https:\/\/divertarte.com\/index.php\/wp-json\/wp\/v2\/product\/12091","targetHints":{"allow":["GET"]}}],"collection":[{"href":"https:\/\/divertarte.com\/index.php\/wp-json\/wp\/v2\/product"}],"about":[{"href":"https:\/\/divertarte.com\/index.php\/wp-json\/wp\/v2\/types\/product"}],"replies":[{"embeddable":true,"href":"https:\/\/divertarte.com\/index.php\/wp-json\/wp\/v2\/comments?post=12091"}],"wp:featuredmedia":[{"embeddable":true,"href":"https:\/\/divertarte.com\/index.php\/wp-json\/wp\/v2\/media\/12092"}],"wp:attachment":[{"href":"https:\/\/divertarte.com\/index.php\/wp-json\/wp\/v2\/media?parent=12091"}],"wp:term":[{"taxonomy":"product_brand","embeddable":true,"href":"https:\/\/divertarte.com\/index.php\/wp-json\/wp\/v2\/product_brand?post=12091"},{"taxonomy":"product_cat","embeddable":true,"href":"https:\/\/divertarte.com\/index.php\/wp-json\/wp\/v2\/product_cat?post=12091"},{"taxonomy":"product_tag","embeddable":true,"href":"https:\/\/divertarte.com\/index.php\/wp-json\/wp\/v2\/product_tag?post=12091"}],"curies":[{"name":"wp","href":"https:\/\/api.w.org\/{rel}","templated":true}]}}