{"id":11766,"date":"2020-11-01T19:32:20","date_gmt":"2020-11-01T19:32:20","guid":{"rendered":"https:\/\/divertarte.com\/?post_type=product&#038;p=11766"},"modified":"2025-11-06T13:34:17","modified_gmt":"2025-11-06T13:34:17","slug":"rosas-de-banho-amarelas-verdes-conjunto-de-9","status":"publish","type":"product","link":"https:\/\/divertarte.com\/index.php\/produto\/rosas-de-banho-amarelas-verdes-conjunto-de-9\/","title":{"rendered":"Rosas de banho amarelas\/verdes &#8211; conjunto de 9"},"content":{"rendered":"<p>As Rosas de sab\u00e3o s\u00e3o um elemento perfeito para um relaxante banho rom\u00e2ntico. Al\u00e9m disso para prendas de Natal, sabonetes para convidados, presentes de casamento, Dia da M\u00e3e, Dia dos Namorados. Assim, toma um relaxante banho de imers\u00e3o adicionando \u00e0 \u00e1gua 1 ou 2 rosas de sab\u00e3o. Elas v\u00e3o-se dissolvendo deixando-a colorida o teu corpo com um aroma deslumbrante.\u00a0 A tua pele fica macia e sedosa. Al\u00e9m disso pode usar as p\u00e9talas como sabonete. Maravilhosa prenda !<\/p>\n","protected":false},"excerpt":{"rendered":"<p>As Rosas de sab\u00e3o s\u00e3o um elemento perfeito para um relaxante banho rom\u00e2ntico.<\/p>\n<p>Al\u00e9m disso para prendas de Natal, sabonetes para convidados, presentes de casamento, Dia da M\u00e3e, Dia dos Namorados<\/p>\n<p>Toma um relaxante banho de imers\u00e3o adicionando \u00e0 \u00e1gua 1 ou 2 rosas de sab\u00e3o. Elas v\u00e3o-se dissolvendo deixando-a colorida o teu corpo com um aroma deslumbrante.\u00a0 A tua pele fica macia e sedosa.<\/p>\n<p>Al\u00e9m disso pode usar as p\u00e9talas como sabonete .<\/p>\n<p>Maravilhosa prenda ! Por que n\u00e3o encomend\u00e1-la hoje? Estas flores de banho s\u00e3o um presente impressionante.<\/p>\n","protected":false},"featured_media":11767,"comment_status":"open","ping_status":"closed","template":"","meta":{"_exactmetrics_skip_tracking":false,"_exactmetrics_sitenote_active":false,"_exactmetrics_sitenote_note":"","_exactmetrics_sitenote_category":0},"product_brand":[],"product_cat":[466,467,856,497,15],"product_tag":[],"class_list":{"0":"post-11766","1":"product","2":"type-product","3":"status-publish","4":"has-post-thumbnail","6":"product_cat-banho","7":"product_cat-flores-de-sabao","8":"product_cat-prendas-dia-da-mae","9":"product_cat-rosas-de-sabao","10":"product_cat-ver-todos-os-produtos","12":"first","13":"instock","14":"taxable","15":"shipping-taxable","16":"purchasable","17":"product-type-simple"},"yoast_head":"<!-- This site is optimized with the Yoast SEO plugin v27.4 - https:\/\/yoast.com\/product\/yoast-seo-wordpress\/ -->\n<title>Rosas de banho amarelas\/verdes - conjunto de 9 -<\/title>\n<meta name=\"description\" content=\"Toma um relaxante banho de imers\u00e3o adicionando \u00e0 \u00e1gua 1 ou 2 rosas de sab\u00e3o. Elas v\u00e3o-se dissolvendo deixando o teu corpo com um aroma deslumbrante.\u00a0\" \/>\n<meta name=\"robots\" content=\"index, follow, max-snippet:-1, max-image-preview:large, max-video-preview:-1\" \/>\n<link rel=\"canonical\" href=\"https:\/\/divertarte.com\/index.php\/produto\/rosas-de-banho-amarelas-verdes-conjunto-de-9\/\" \/>\n<meta property=\"og:locale\" content=\"pt_PT\" \/>\n<meta property=\"og:type\" content=\"article\" \/>\n<meta property=\"og:title\" content=\"Rosas de banho amarelas\/verdes - conjunto de 9 -\" \/>\n<meta property=\"og:description\" content=\"Toma um relaxante banho de imers\u00e3o adicionando \u00e0 \u00e1gua 1 ou 2 rosas de sab\u00e3o. Elas v\u00e3o-se dissolvendo deixando o teu corpo com um aroma deslumbrante.\u00a0\" \/>\n<meta property=\"og:url\" content=\"https:\/\/divertarte.com\/index.php\/produto\/rosas-de-banho-amarelas-verdes-conjunto-de-9\/\" \/>\n<meta property=\"article:modified_time\" content=\"2025-11-06T13:34:17+00:00\" \/>\n<meta property=\"og:image\" content=\"https:\/\/divertarte.com\/wp-content\/uploads\/2020\/11\/Rosas-de-banho-amarelas-verdes-conjunto-de-9-300.jpg\" \/>\n\t<meta property=\"og:image:width\" content=\"300\" \/>\n\t<meta property=\"og:image:height\" content=\"300\" \/>\n\t<meta property=\"og:image:type\" content=\"image\/jpeg\" \/>\n<meta name=\"twitter:card\" content=\"summary_large_image\" \/>\n<script type=\"application\/ld+json\" class=\"yoast-schema-graph\">{\"@context\":\"https:\\\/\\\/schema.org\",\"@graph\":[{\"@type\":\"WebPage\",\"@id\":\"https:\\\/\\\/divertarte.com\\\/index.php\\\/produto\\\/rosas-de-banho-amarelas-verdes-conjunto-de-9\\\/\",\"url\":\"https:\\\/\\\/divertarte.com\\\/index.php\\\/produto\\\/rosas-de-banho-amarelas-verdes-conjunto-de-9\\\/\",\"name\":\"Rosas de banho amarelas\\\/verdes - conjunto de 9 -\",\"isPartOf\":{\"@id\":\"https:\\\/\\\/divertarte.com\\\/#website\"},\"primaryImageOfPage\":{\"@id\":\"https:\\\/\\\/divertarte.com\\\/index.php\\\/produto\\\/rosas-de-banho-amarelas-verdes-conjunto-de-9\\\/#primaryimage\"},\"image\":{\"@id\":\"https:\\\/\\\/divertarte.com\\\/index.php\\\/produto\\\/rosas-de-banho-amarelas-verdes-conjunto-de-9\\\/#primaryimage\"},\"thumbnailUrl\":\"https:\\\/\\\/divertarte.com\\\/wp-content\\\/uploads\\\/2020\\\/11\\\/Rosas-de-banho-amarelas-verdes-conjunto-de-9-300.jpg\",\"datePublished\":\"2020-11-01T19:32:20+00:00\",\"dateModified\":\"2025-11-06T13:34:17+00:00\",\"description\":\"Toma um relaxante banho de imers\u00e3o adicionando \u00e0 \u00e1gua 1 ou 2 rosas de sab\u00e3o. Elas v\u00e3o-se dissolvendo deixando o teu corpo com um aroma deslumbrante.\u00a0\",\"breadcrumb\":{\"@id\":\"https:\\\/\\\/divertarte.com\\\/index.php\\\/produto\\\/rosas-de-banho-amarelas-verdes-conjunto-de-9\\\/#breadcrumb\"},\"inLanguage\":\"pt-PT\",\"potentialAction\":[{\"@type\":\"ReadAction\",\"target\":[\"https:\\\/\\\/divertarte.com\\\/index.php\\\/produto\\\/rosas-de-banho-amarelas-verdes-conjunto-de-9\\\/\"]}]},{\"@type\":\"ImageObject\",\"inLanguage\":\"pt-PT\",\"@id\":\"https:\\\/\\\/divertarte.com\\\/index.php\\\/produto\\\/rosas-de-banho-amarelas-verdes-conjunto-de-9\\\/#primaryimage\",\"url\":\"https:\\\/\\\/divertarte.com\\\/wp-content\\\/uploads\\\/2020\\\/11\\\/Rosas-de-banho-amarelas-verdes-conjunto-de-9-300.jpg\",\"contentUrl\":\"https:\\\/\\\/divertarte.com\\\/wp-content\\\/uploads\\\/2020\\\/11\\\/Rosas-de-banho-amarelas-verdes-conjunto-de-9-300.jpg\",\"width\":300,\"height\":300},{\"@type\":\"BreadcrumbList\",\"@id\":\"https:\\\/\\\/divertarte.com\\\/index.php\\\/produto\\\/rosas-de-banho-amarelas-verdes-conjunto-de-9\\\/#breadcrumb\",\"itemListElement\":[{\"@type\":\"ListItem\",\"position\":1,\"name\":\"In\u00edcio\",\"item\":\"https:\\\/\\\/divertarte.com\\\/\"},{\"@type\":\"ListItem\",\"position\":2,\"name\":\"Loja\",\"item\":\"https:\\\/\\\/divertarte.com\\\/index.php\\\/divertarte-produtos\\\/\"},{\"@type\":\"ListItem\",\"position\":3,\"name\":\"Rosas de banho amarelas\\\/verdes &#8211; conjunto de 9\"}]},{\"@type\":\"WebSite\",\"@id\":\"https:\\\/\\\/divertarte.com\\\/#website\",\"url\":\"https:\\\/\\\/divertarte.com\\\/\",\"name\":\"Divertarte\",\"description\":\"\",\"publisher\":{\"@id\":\"https:\\\/\\\/divertarte.com\\\/#organization\"},\"potentialAction\":[{\"@type\":\"SearchAction\",\"target\":{\"@type\":\"EntryPoint\",\"urlTemplate\":\"https:\\\/\\\/divertarte.com\\\/?s={search_term_string}\"},\"query-input\":{\"@type\":\"PropertyValueSpecification\",\"valueRequired\":true,\"valueName\":\"search_term_string\"}}],\"inLanguage\":\"pt-PT\"},{\"@type\":\"Organization\",\"@id\":\"https:\\\/\\\/divertarte.com\\\/#organization\",\"name\":\"Divertarte\",\"url\":\"https:\\\/\\\/divertarte.com\\\/\",\"logo\":{\"@type\":\"ImageObject\",\"inLanguage\":\"pt-PT\",\"@id\":\"https:\\\/\\\/divertarte.com\\\/#\\\/schema\\\/logo\\\/image\\\/\",\"url\":\"https:\\\/\\\/divertarte.com\\\/wp-content\\\/uploads\\\/2018\\\/07\\\/logo-div.jpg\",\"contentUrl\":\"https:\\\/\\\/divertarte.com\\\/wp-content\\\/uploads\\\/2018\\\/07\\\/logo-div.jpg\",\"width\":295,\"height\":123,\"caption\":\"Divertarte\"},\"image\":{\"@id\":\"https:\\\/\\\/divertarte.com\\\/#\\\/schema\\\/logo\\\/image\\\/\"}}]}<\/script>\n<!-- \/ Yoast SEO plugin. -->","yoast_head_json":{"title":"Rosas de banho amarelas\/verdes - conjunto de 9 -","description":"Toma um relaxante banho de imers\u00e3o adicionando \u00e0 \u00e1gua 1 ou 2 rosas de sab\u00e3o. Elas v\u00e3o-se dissolvendo deixando o teu corpo com um aroma deslumbrante.\u00a0","robots":{"index":"index","follow":"follow","max-snippet":"max-snippet:-1","max-image-preview":"max-image-preview:large","max-video-preview":"max-video-preview:-1"},"canonical":"https:\/\/divertarte.com\/index.php\/produto\/rosas-de-banho-amarelas-verdes-conjunto-de-9\/","og_locale":"pt_PT","og_type":"article","og_title":"Rosas de banho amarelas\/verdes - conjunto de 9 -","og_description":"Toma um relaxante banho de imers\u00e3o adicionando \u00e0 \u00e1gua 1 ou 2 rosas de sab\u00e3o. Elas v\u00e3o-se dissolvendo deixando o teu corpo com um aroma deslumbrante.\u00a0","og_url":"https:\/\/divertarte.com\/index.php\/produto\/rosas-de-banho-amarelas-verdes-conjunto-de-9\/","article_modified_time":"2025-11-06T13:34:17+00:00","og_image":[{"width":300,"height":300,"url":"https:\/\/divertarte.com\/wp-content\/uploads\/2020\/11\/Rosas-de-banho-amarelas-verdes-conjunto-de-9-300.jpg","type":"image\/jpeg"}],"twitter_card":"summary_large_image","schema":{"@context":"https:\/\/schema.org","@graph":[{"@type":"WebPage","@id":"https:\/\/divertarte.com\/index.php\/produto\/rosas-de-banho-amarelas-verdes-conjunto-de-9\/","url":"https:\/\/divertarte.com\/index.php\/produto\/rosas-de-banho-amarelas-verdes-conjunto-de-9\/","name":"Rosas de banho amarelas\/verdes - conjunto de 9 -","isPartOf":{"@id":"https:\/\/divertarte.com\/#website"},"primaryImageOfPage":{"@id":"https:\/\/divertarte.com\/index.php\/produto\/rosas-de-banho-amarelas-verdes-conjunto-de-9\/#primaryimage"},"image":{"@id":"https:\/\/divertarte.com\/index.php\/produto\/rosas-de-banho-amarelas-verdes-conjunto-de-9\/#primaryimage"},"thumbnailUrl":"https:\/\/divertarte.com\/wp-content\/uploads\/2020\/11\/Rosas-de-banho-amarelas-verdes-conjunto-de-9-300.jpg","datePublished":"2020-11-01T19:32:20+00:00","dateModified":"2025-11-06T13:34:17+00:00","description":"Toma um relaxante banho de imers\u00e3o adicionando \u00e0 \u00e1gua 1 ou 2 rosas de sab\u00e3o. Elas v\u00e3o-se dissolvendo deixando o teu corpo com um aroma deslumbrante.\u00a0","breadcrumb":{"@id":"https:\/\/divertarte.com\/index.php\/produto\/rosas-de-banho-amarelas-verdes-conjunto-de-9\/#breadcrumb"},"inLanguage":"pt-PT","potentialAction":[{"@type":"ReadAction","target":["https:\/\/divertarte.com\/index.php\/produto\/rosas-de-banho-amarelas-verdes-conjunto-de-9\/"]}]},{"@type":"ImageObject","inLanguage":"pt-PT","@id":"https:\/\/divertarte.com\/index.php\/produto\/rosas-de-banho-amarelas-verdes-conjunto-de-9\/#primaryimage","url":"https:\/\/divertarte.com\/wp-content\/uploads\/2020\/11\/Rosas-de-banho-amarelas-verdes-conjunto-de-9-300.jpg","contentUrl":"https:\/\/divertarte.com\/wp-content\/uploads\/2020\/11\/Rosas-de-banho-amarelas-verdes-conjunto-de-9-300.jpg","width":300,"height":300},{"@type":"BreadcrumbList","@id":"https:\/\/divertarte.com\/index.php\/produto\/rosas-de-banho-amarelas-verdes-conjunto-de-9\/#breadcrumb","itemListElement":[{"@type":"ListItem","position":1,"name":"In\u00edcio","item":"https:\/\/divertarte.com\/"},{"@type":"ListItem","position":2,"name":"Loja","item":"https:\/\/divertarte.com\/index.php\/divertarte-produtos\/"},{"@type":"ListItem","position":3,"name":"Rosas de banho amarelas\/verdes &#8211; conjunto de 9"}]},{"@type":"WebSite","@id":"https:\/\/divertarte.com\/#website","url":"https:\/\/divertarte.com\/","name":"Divertarte","description":"","publisher":{"@id":"https:\/\/divertarte.com\/#organization"},"potentialAction":[{"@type":"SearchAction","target":{"@type":"EntryPoint","urlTemplate":"https:\/\/divertarte.com\/?s={search_term_string}"},"query-input":{"@type":"PropertyValueSpecification","valueRequired":true,"valueName":"search_term_string"}}],"inLanguage":"pt-PT"},{"@type":"Organization","@id":"https:\/\/divertarte.com\/#organization","name":"Divertarte","url":"https:\/\/divertarte.com\/","logo":{"@type":"ImageObject","inLanguage":"pt-PT","@id":"https:\/\/divertarte.com\/#\/schema\/logo\/image\/","url":"https:\/\/divertarte.com\/wp-content\/uploads\/2018\/07\/logo-div.jpg","contentUrl":"https:\/\/divertarte.com\/wp-content\/uploads\/2018\/07\/logo-div.jpg","width":295,"height":123,"caption":"Divertarte"},"image":{"@id":"https:\/\/divertarte.com\/#\/schema\/logo\/image\/"}}]}},"_links":{"self":[{"href":"https:\/\/divertarte.com\/index.php\/wp-json\/wp\/v2\/product\/11766","targetHints":{"allow":["GET"]}}],"collection":[{"href":"https:\/\/divertarte.com\/index.php\/wp-json\/wp\/v2\/product"}],"about":[{"href":"https:\/\/divertarte.com\/index.php\/wp-json\/wp\/v2\/types\/product"}],"replies":[{"embeddable":true,"href":"https:\/\/divertarte.com\/index.php\/wp-json\/wp\/v2\/comments?post=11766"}],"wp:featuredmedia":[{"embeddable":true,"href":"https:\/\/divertarte.com\/index.php\/wp-json\/wp\/v2\/media\/11767"}],"wp:attachment":[{"href":"https:\/\/divertarte.com\/index.php\/wp-json\/wp\/v2\/media?parent=11766"}],"wp:term":[{"taxonomy":"product_brand","embeddable":true,"href":"https:\/\/divertarte.com\/index.php\/wp-json\/wp\/v2\/product_brand?post=11766"},{"taxonomy":"product_cat","embeddable":true,"href":"https:\/\/divertarte.com\/index.php\/wp-json\/wp\/v2\/product_cat?post=11766"},{"taxonomy":"product_tag","embeddable":true,"href":"https:\/\/divertarte.com\/index.php\/wp-json\/wp\/v2\/product_tag?post=11766"}],"curies":[{"name":"wp","href":"https:\/\/api.w.org\/{rel}","templated":true}]}}