{"id":11739,"date":"2020-10-31T18:03:06","date_gmt":"2020-10-31T18:03:06","guid":{"rendered":"https:\/\/divertarte.com\/?post_type=product&#038;p=11739"},"modified":"2025-11-06T13:34:18","modified_gmt":"2025-11-06T13:34:18","slug":"bouquet-flores-sabao-rosas-violeta-e-cravos","status":"publish","type":"product","link":"https:\/\/divertarte.com\/index.php\/produto\/bouquet-flores-sabao-rosas-violeta-e-cravos\/","title":{"rendered":"Bouquet Flores Sab\u00e3o &#8211; Rosas violeta e cravos"},"content":{"rendered":"<p>Bouquet Flores Sab\u00e3o &#8211; Rosas cor violeta e cravo.<\/p>\n<p>As flores de sab\u00e3o s\u00e3o um elemento perfeito para um relaxante banho rom\u00e2ntico. Al\u00e9m disso podes oferecer como prendas de Natal, sabonetes para convidados, presentes de casamento, Dia da M\u00e3e, Dia dos Namorados<\/p>\n<p>Assim, basta adicionar uma ou duas rosas ao teu banho de \u00e1gua quente, relaxar e ver as flores se dissolverem \u00e0 tua frente para desfrutar de uma \u00e1gua colorida que deixa tua pele macia, sedosa e com um cheiro maravilhosamente fresco.<\/p>\n<p>E tamb\u00e9m podes usar as p\u00e9talas como sabonete .<\/p>\n","protected":false},"excerpt":{"rendered":"<p>Bouquet Flores Sab\u00e3o &#8211; Rosas cor violeta e cravo.<\/p>\n<p>As flores de sab\u00e3o s\u00e3o um elemento perfeito para um relaxante banho rom\u00e2ntico, prendas de Natal, sabonetes para convidados, presentes de casamento, Dia da M\u00e3e, Dia dos Namorados<\/p>\n<p>Basta adicionar uma ou duas rosas ao teu banho de \u00e1gua quente, relaxar e ver as flores se dissolverem \u00e0 tua frente para desfrutar de uma \u00e1gua colorida que deixa tua pele macia, sedosa e com um cheiro maravilhosamente fresco.<\/p>\n<p>Al\u00e9m disso pode usar as p\u00e9talas como sabonete .<\/p>\n<p>Maravilhosa prenda !<\/p>\n<p>&nbsp;<\/p>\n","protected":false},"featured_media":11743,"comment_status":"open","ping_status":"closed","template":"","meta":{"_exactmetrics_skip_tracking":false,"_exactmetrics_sitenote_active":false,"_exactmetrics_sitenote_note":"","_exactmetrics_sitenote_category":0},"product_brand":[],"product_cat":[466,286,467,497,15],"product_tag":[568,761],"class_list":{"0":"post-11739","1":"product","2":"type-product","3":"status-publish","4":"has-post-thumbnail","6":"product_cat-banho","7":"product_cat-dia-dos-namorados-s-valentim","8":"product_cat-flores-de-sabao","9":"product_cat-rosas-de-sabao","10":"product_cat-ver-todos-os-produtos","11":"product_tag-flores-de-sabao","12":"product_tag-prendinhas","14":"first","15":"instock","16":"taxable","17":"shipping-taxable","18":"purchasable","19":"product-type-simple"},"yoast_head":"<!-- This site is optimized with the Yoast SEO plugin v27.4 - https:\/\/yoast.com\/product\/yoast-seo-wordpress\/ -->\n<title>Bouquet Flores Sab\u00e3o - Rosas violeta e cravos -<\/title>\n<meta name=\"description\" content=\"prendas de Natal, sabonetes para convidados, presentes de casamento, Dia da M\u00e3e, Dia dos Namorados, prendas com amor\" \/>\n<meta name=\"robots\" content=\"index, follow, max-snippet:-1, max-image-preview:large, max-video-preview:-1\" \/>\n<link rel=\"canonical\" href=\"https:\/\/divertarte.com\/index.php\/produto\/bouquet-flores-sabao-rosas-violeta-e-cravos\/\" \/>\n<meta property=\"og:locale\" content=\"pt_PT\" \/>\n<meta property=\"og:type\" content=\"article\" \/>\n<meta property=\"og:title\" content=\"Bouquet Flores Sab\u00e3o - Rosas violeta e cravos -\" \/>\n<meta property=\"og:description\" content=\"prendas de Natal, sabonetes para convidados, presentes de casamento, Dia da M\u00e3e, Dia dos Namorados, prendas com amor\" \/>\n<meta property=\"og:url\" content=\"https:\/\/divertarte.com\/index.php\/produto\/bouquet-flores-sabao-rosas-violeta-e-cravos\/\" \/>\n<meta property=\"article:modified_time\" content=\"2025-11-06T13:34:18+00:00\" \/>\n<meta property=\"og:image\" content=\"https:\/\/divertarte.com\/wp-content\/uploads\/2020\/10\/flores-de-banho-sabao-lavanda-alfazema-300.jpg\" \/>\n\t<meta property=\"og:image:width\" content=\"300\" \/>\n\t<meta property=\"og:image:height\" content=\"300\" \/>\n\t<meta property=\"og:image:type\" content=\"image\/jpeg\" \/>\n<meta name=\"twitter:card\" content=\"summary_large_image\" \/>\n<script type=\"application\/ld+json\" class=\"yoast-schema-graph\">{\"@context\":\"https:\\\/\\\/schema.org\",\"@graph\":[{\"@type\":\"WebPage\",\"@id\":\"https:\\\/\\\/divertarte.com\\\/index.php\\\/produto\\\/bouquet-flores-sabao-rosas-violeta-e-cravos\\\/\",\"url\":\"https:\\\/\\\/divertarte.com\\\/index.php\\\/produto\\\/bouquet-flores-sabao-rosas-violeta-e-cravos\\\/\",\"name\":\"Bouquet Flores Sab\u00e3o - Rosas violeta e cravos -\",\"isPartOf\":{\"@id\":\"https:\\\/\\\/divertarte.com\\\/#website\"},\"primaryImageOfPage\":{\"@id\":\"https:\\\/\\\/divertarte.com\\\/index.php\\\/produto\\\/bouquet-flores-sabao-rosas-violeta-e-cravos\\\/#primaryimage\"},\"image\":{\"@id\":\"https:\\\/\\\/divertarte.com\\\/index.php\\\/produto\\\/bouquet-flores-sabao-rosas-violeta-e-cravos\\\/#primaryimage\"},\"thumbnailUrl\":\"https:\\\/\\\/divertarte.com\\\/wp-content\\\/uploads\\\/2020\\\/10\\\/flores-de-banho-sabao-lavanda-alfazema-300.jpg\",\"datePublished\":\"2020-10-31T18:03:06+00:00\",\"dateModified\":\"2025-11-06T13:34:18+00:00\",\"description\":\"prendas de Natal, sabonetes para convidados, presentes de casamento, Dia da M\u00e3e, Dia dos Namorados, prendas com amor\",\"breadcrumb\":{\"@id\":\"https:\\\/\\\/divertarte.com\\\/index.php\\\/produto\\\/bouquet-flores-sabao-rosas-violeta-e-cravos\\\/#breadcrumb\"},\"inLanguage\":\"pt-PT\",\"potentialAction\":[{\"@type\":\"ReadAction\",\"target\":[\"https:\\\/\\\/divertarte.com\\\/index.php\\\/produto\\\/bouquet-flores-sabao-rosas-violeta-e-cravos\\\/\"]}]},{\"@type\":\"ImageObject\",\"inLanguage\":\"pt-PT\",\"@id\":\"https:\\\/\\\/divertarte.com\\\/index.php\\\/produto\\\/bouquet-flores-sabao-rosas-violeta-e-cravos\\\/#primaryimage\",\"url\":\"https:\\\/\\\/divertarte.com\\\/wp-content\\\/uploads\\\/2020\\\/10\\\/flores-de-banho-sabao-lavanda-alfazema-300.jpg\",\"contentUrl\":\"https:\\\/\\\/divertarte.com\\\/wp-content\\\/uploads\\\/2020\\\/10\\\/flores-de-banho-sabao-lavanda-alfazema-300.jpg\",\"width\":300,\"height\":300},{\"@type\":\"BreadcrumbList\",\"@id\":\"https:\\\/\\\/divertarte.com\\\/index.php\\\/produto\\\/bouquet-flores-sabao-rosas-violeta-e-cravos\\\/#breadcrumb\",\"itemListElement\":[{\"@type\":\"ListItem\",\"position\":1,\"name\":\"In\u00edcio\",\"item\":\"https:\\\/\\\/divertarte.com\\\/\"},{\"@type\":\"ListItem\",\"position\":2,\"name\":\"Loja\",\"item\":\"https:\\\/\\\/divertarte.com\\\/index.php\\\/divertarte-produtos\\\/\"},{\"@type\":\"ListItem\",\"position\":3,\"name\":\"Bouquet Flores Sab\u00e3o &#8211; Rosas violeta e cravos\"}]},{\"@type\":\"WebSite\",\"@id\":\"https:\\\/\\\/divertarte.com\\\/#website\",\"url\":\"https:\\\/\\\/divertarte.com\\\/\",\"name\":\"Divertarte\",\"description\":\"\",\"publisher\":{\"@id\":\"https:\\\/\\\/divertarte.com\\\/#organization\"},\"potentialAction\":[{\"@type\":\"SearchAction\",\"target\":{\"@type\":\"EntryPoint\",\"urlTemplate\":\"https:\\\/\\\/divertarte.com\\\/?s={search_term_string}\"},\"query-input\":{\"@type\":\"PropertyValueSpecification\",\"valueRequired\":true,\"valueName\":\"search_term_string\"}}],\"inLanguage\":\"pt-PT\"},{\"@type\":\"Organization\",\"@id\":\"https:\\\/\\\/divertarte.com\\\/#organization\",\"name\":\"Divertarte\",\"url\":\"https:\\\/\\\/divertarte.com\\\/\",\"logo\":{\"@type\":\"ImageObject\",\"inLanguage\":\"pt-PT\",\"@id\":\"https:\\\/\\\/divertarte.com\\\/#\\\/schema\\\/logo\\\/image\\\/\",\"url\":\"https:\\\/\\\/divertarte.com\\\/wp-content\\\/uploads\\\/2018\\\/07\\\/logo-div.jpg\",\"contentUrl\":\"https:\\\/\\\/divertarte.com\\\/wp-content\\\/uploads\\\/2018\\\/07\\\/logo-div.jpg\",\"width\":295,\"height\":123,\"caption\":\"Divertarte\"},\"image\":{\"@id\":\"https:\\\/\\\/divertarte.com\\\/#\\\/schema\\\/logo\\\/image\\\/\"}}]}<\/script>\n<!-- \/ Yoast SEO plugin. -->","yoast_head_json":{"title":"Bouquet Flores Sab\u00e3o - Rosas violeta e cravos -","description":"prendas de Natal, sabonetes para convidados, presentes de casamento, Dia da M\u00e3e, Dia dos Namorados, prendas com amor","robots":{"index":"index","follow":"follow","max-snippet":"max-snippet:-1","max-image-preview":"max-image-preview:large","max-video-preview":"max-video-preview:-1"},"canonical":"https:\/\/divertarte.com\/index.php\/produto\/bouquet-flores-sabao-rosas-violeta-e-cravos\/","og_locale":"pt_PT","og_type":"article","og_title":"Bouquet Flores Sab\u00e3o - Rosas violeta e cravos -","og_description":"prendas de Natal, sabonetes para convidados, presentes de casamento, Dia da M\u00e3e, Dia dos Namorados, prendas com amor","og_url":"https:\/\/divertarte.com\/index.php\/produto\/bouquet-flores-sabao-rosas-violeta-e-cravos\/","article_modified_time":"2025-11-06T13:34:18+00:00","og_image":[{"width":300,"height":300,"url":"https:\/\/divertarte.com\/wp-content\/uploads\/2020\/10\/flores-de-banho-sabao-lavanda-alfazema-300.jpg","type":"image\/jpeg"}],"twitter_card":"summary_large_image","schema":{"@context":"https:\/\/schema.org","@graph":[{"@type":"WebPage","@id":"https:\/\/divertarte.com\/index.php\/produto\/bouquet-flores-sabao-rosas-violeta-e-cravos\/","url":"https:\/\/divertarte.com\/index.php\/produto\/bouquet-flores-sabao-rosas-violeta-e-cravos\/","name":"Bouquet Flores Sab\u00e3o - Rosas violeta e cravos -","isPartOf":{"@id":"https:\/\/divertarte.com\/#website"},"primaryImageOfPage":{"@id":"https:\/\/divertarte.com\/index.php\/produto\/bouquet-flores-sabao-rosas-violeta-e-cravos\/#primaryimage"},"image":{"@id":"https:\/\/divertarte.com\/index.php\/produto\/bouquet-flores-sabao-rosas-violeta-e-cravos\/#primaryimage"},"thumbnailUrl":"https:\/\/divertarte.com\/wp-content\/uploads\/2020\/10\/flores-de-banho-sabao-lavanda-alfazema-300.jpg","datePublished":"2020-10-31T18:03:06+00:00","dateModified":"2025-11-06T13:34:18+00:00","description":"prendas de Natal, sabonetes para convidados, presentes de casamento, Dia da M\u00e3e, Dia dos Namorados, prendas com amor","breadcrumb":{"@id":"https:\/\/divertarte.com\/index.php\/produto\/bouquet-flores-sabao-rosas-violeta-e-cravos\/#breadcrumb"},"inLanguage":"pt-PT","potentialAction":[{"@type":"ReadAction","target":["https:\/\/divertarte.com\/index.php\/produto\/bouquet-flores-sabao-rosas-violeta-e-cravos\/"]}]},{"@type":"ImageObject","inLanguage":"pt-PT","@id":"https:\/\/divertarte.com\/index.php\/produto\/bouquet-flores-sabao-rosas-violeta-e-cravos\/#primaryimage","url":"https:\/\/divertarte.com\/wp-content\/uploads\/2020\/10\/flores-de-banho-sabao-lavanda-alfazema-300.jpg","contentUrl":"https:\/\/divertarte.com\/wp-content\/uploads\/2020\/10\/flores-de-banho-sabao-lavanda-alfazema-300.jpg","width":300,"height":300},{"@type":"BreadcrumbList","@id":"https:\/\/divertarte.com\/index.php\/produto\/bouquet-flores-sabao-rosas-violeta-e-cravos\/#breadcrumb","itemListElement":[{"@type":"ListItem","position":1,"name":"In\u00edcio","item":"https:\/\/divertarte.com\/"},{"@type":"ListItem","position":2,"name":"Loja","item":"https:\/\/divertarte.com\/index.php\/divertarte-produtos\/"},{"@type":"ListItem","position":3,"name":"Bouquet Flores Sab\u00e3o &#8211; Rosas violeta e cravos"}]},{"@type":"WebSite","@id":"https:\/\/divertarte.com\/#website","url":"https:\/\/divertarte.com\/","name":"Divertarte","description":"","publisher":{"@id":"https:\/\/divertarte.com\/#organization"},"potentialAction":[{"@type":"SearchAction","target":{"@type":"EntryPoint","urlTemplate":"https:\/\/divertarte.com\/?s={search_term_string}"},"query-input":{"@type":"PropertyValueSpecification","valueRequired":true,"valueName":"search_term_string"}}],"inLanguage":"pt-PT"},{"@type":"Organization","@id":"https:\/\/divertarte.com\/#organization","name":"Divertarte","url":"https:\/\/divertarte.com\/","logo":{"@type":"ImageObject","inLanguage":"pt-PT","@id":"https:\/\/divertarte.com\/#\/schema\/logo\/image\/","url":"https:\/\/divertarte.com\/wp-content\/uploads\/2018\/07\/logo-div.jpg","contentUrl":"https:\/\/divertarte.com\/wp-content\/uploads\/2018\/07\/logo-div.jpg","width":295,"height":123,"caption":"Divertarte"},"image":{"@id":"https:\/\/divertarte.com\/#\/schema\/logo\/image\/"}}]}},"_links":{"self":[{"href":"https:\/\/divertarte.com\/index.php\/wp-json\/wp\/v2\/product\/11739","targetHints":{"allow":["GET"]}}],"collection":[{"href":"https:\/\/divertarte.com\/index.php\/wp-json\/wp\/v2\/product"}],"about":[{"href":"https:\/\/divertarte.com\/index.php\/wp-json\/wp\/v2\/types\/product"}],"replies":[{"embeddable":true,"href":"https:\/\/divertarte.com\/index.php\/wp-json\/wp\/v2\/comments?post=11739"}],"wp:featuredmedia":[{"embeddable":true,"href":"https:\/\/divertarte.com\/index.php\/wp-json\/wp\/v2\/media\/11743"}],"wp:attachment":[{"href":"https:\/\/divertarte.com\/index.php\/wp-json\/wp\/v2\/media?parent=11739"}],"wp:term":[{"taxonomy":"product_brand","embeddable":true,"href":"https:\/\/divertarte.com\/index.php\/wp-json\/wp\/v2\/product_brand?post=11739"},{"taxonomy":"product_cat","embeddable":true,"href":"https:\/\/divertarte.com\/index.php\/wp-json\/wp\/v2\/product_cat?post=11739"},{"taxonomy":"product_tag","embeddable":true,"href":"https:\/\/divertarte.com\/index.php\/wp-json\/wp\/v2\/product_tag?post=11739"}],"curies":[{"name":"wp","href":"https:\/\/api.w.org\/{rel}","templated":true}]}}