{"id":11568,"date":"2020-09-20T16:40:21","date_gmt":"2020-09-20T15:40:21","guid":{"rendered":"https:\/\/divertarte.com\/?post_type=product&#038;p=11568"},"modified":"2025-11-06T13:34:27","modified_gmt":"2025-11-06T13:34:27","slug":"bolsa-riscas-com-frasco-para-alcool-gel","status":"publish","type":"product","link":"https:\/\/divertarte.com\/index.php\/produto\/bolsa-riscas-com-frasco-para-alcool-gel\/","title":{"rendered":"Bolsa riscas e la\u00e7o com frasco para alcool gel"},"content":{"rendered":"<p>Bolsinha decorada, com frasco vazio e fecho mosquet\u00e3o com argola, muito elegante para pendurar na carteira. Assim vai estar sempre pronto para desinfetares as tuas m\u00e3os com \u00e1lcool gel, ou \u00e1lcool.<br \/>\nAl\u00e9m disso pode ser usada\u00a0 dentro da carteira.<\/p>\n<p>Medida da bolsinha 12&#215;3.5cm<\/p>\n","protected":false},"excerpt":{"rendered":"<p>Bolsa riscas e la\u00e7o com frasco para alcool gel<\/p>\n<p>Bolsinha decorada, com frasco vazio e fecho mosquet\u00e3o com argola, muito elegante para pendurar na carteira. Assim vai estar sempre pronto para desinfetares as tuas m\u00e3os com \u00e1lcool gel, ou \u00e1lcool.<br \/>\nAl\u00e9m disso pode ser usada\u00a0 dentro da carteira.<\/p>\n<p>Medida da bolsinha 12&#215;3.5cm<\/p>\n","protected":false},"featured_media":11561,"comment_status":"open","ping_status":"closed","template":"","meta":{"_exactmetrics_skip_tracking":false,"_exactmetrics_sitenote_active":false,"_exactmetrics_sitenote_note":"","_exactmetrics_sitenote_category":0},"product_brand":[],"product_cat":[453,15],"product_tag":[],"class_list":{"0":"post-11568","1":"product","2":"type-product","3":"status-publish","4":"has-post-thumbnail","6":"product_cat-bolsinha-para-gel-desinfetante","7":"product_cat-ver-todos-os-produtos","9":"first","10":"instock","11":"taxable","12":"shipping-taxable","13":"purchasable","14":"product-type-simple"},"yoast_head":"<!-- This site is optimized with the Yoast SEO plugin v27.4 - https:\/\/yoast.com\/product\/yoast-seo-wordpress\/ -->\n<title>Bolsa riscas e la\u00e7o com frasco para alcool gel -<\/title>\n<meta name=\"robots\" content=\"index, follow, max-snippet:-1, max-image-preview:large, max-video-preview:-1\" \/>\n<link rel=\"canonical\" href=\"https:\/\/divertarte.com\/index.php\/produto\/bolsa-riscas-com-frasco-para-alcool-gel\/\" \/>\n<meta property=\"og:locale\" content=\"pt_PT\" \/>\n<meta property=\"og:type\" content=\"article\" \/>\n<meta property=\"og:title\" content=\"Bolsa riscas e la\u00e7o com frasco para alcool gel -\" \/>\n<meta property=\"og:description\" content=\"Bolsa riscas e la\u00e7o com frasco para alcool gel  Bolsinha decorada, com frasco vazio e fecho mosquet\u00e3o com argola, muito elegante para pendurar na carteira. Assim vai estar sempre pronto para desinfetares as tuas m\u00e3os com \u00e1lcool gel, ou \u00e1lcool. Al\u00e9m disso pode ser usada\u00a0 dentro da carteira.  Medida da bolsinha 12x3.5cm\" \/>\n<meta property=\"og:url\" content=\"https:\/\/divertarte.com\/index.php\/produto\/bolsa-riscas-com-frasco-para-alcool-gel\/\" \/>\n<meta property=\"article:modified_time\" content=\"2025-11-06T13:34:27+00:00\" \/>\n<meta property=\"og:image\" content=\"https:\/\/divertarte.com\/wp-content\/uploads\/2020\/09\/bolsa-alcool-gel-riscas-laco.jpg\" \/>\n\t<meta property=\"og:image:width\" content=\"300\" \/>\n\t<meta property=\"og:image:height\" content=\"300\" \/>\n\t<meta property=\"og:image:type\" content=\"image\/jpeg\" \/>\n<meta name=\"twitter:card\" content=\"summary_large_image\" \/>\n<script type=\"application\/ld+json\" class=\"yoast-schema-graph\">{\"@context\":\"https:\\\/\\\/schema.org\",\"@graph\":[{\"@type\":\"WebPage\",\"@id\":\"https:\\\/\\\/divertarte.com\\\/index.php\\\/produto\\\/bolsa-riscas-com-frasco-para-alcool-gel\\\/\",\"url\":\"https:\\\/\\\/divertarte.com\\\/index.php\\\/produto\\\/bolsa-riscas-com-frasco-para-alcool-gel\\\/\",\"name\":\"Bolsa riscas e la\u00e7o com frasco para alcool gel -\",\"isPartOf\":{\"@id\":\"https:\\\/\\\/divertarte.com\\\/#website\"},\"primaryImageOfPage\":{\"@id\":\"https:\\\/\\\/divertarte.com\\\/index.php\\\/produto\\\/bolsa-riscas-com-frasco-para-alcool-gel\\\/#primaryimage\"},\"image\":{\"@id\":\"https:\\\/\\\/divertarte.com\\\/index.php\\\/produto\\\/bolsa-riscas-com-frasco-para-alcool-gel\\\/#primaryimage\"},\"thumbnailUrl\":\"https:\\\/\\\/divertarte.com\\\/wp-content\\\/uploads\\\/2020\\\/09\\\/bolsa-alcool-gel-riscas-laco.jpg\",\"datePublished\":\"2020-09-20T15:40:21+00:00\",\"dateModified\":\"2025-11-06T13:34:27+00:00\",\"breadcrumb\":{\"@id\":\"https:\\\/\\\/divertarte.com\\\/index.php\\\/produto\\\/bolsa-riscas-com-frasco-para-alcool-gel\\\/#breadcrumb\"},\"inLanguage\":\"pt-PT\",\"potentialAction\":[{\"@type\":\"ReadAction\",\"target\":[\"https:\\\/\\\/divertarte.com\\\/index.php\\\/produto\\\/bolsa-riscas-com-frasco-para-alcool-gel\\\/\"]}]},{\"@type\":\"ImageObject\",\"inLanguage\":\"pt-PT\",\"@id\":\"https:\\\/\\\/divertarte.com\\\/index.php\\\/produto\\\/bolsa-riscas-com-frasco-para-alcool-gel\\\/#primaryimage\",\"url\":\"https:\\\/\\\/divertarte.com\\\/wp-content\\\/uploads\\\/2020\\\/09\\\/bolsa-alcool-gel-riscas-laco.jpg\",\"contentUrl\":\"https:\\\/\\\/divertarte.com\\\/wp-content\\\/uploads\\\/2020\\\/09\\\/bolsa-alcool-gel-riscas-laco.jpg\",\"width\":300,\"height\":300},{\"@type\":\"BreadcrumbList\",\"@id\":\"https:\\\/\\\/divertarte.com\\\/index.php\\\/produto\\\/bolsa-riscas-com-frasco-para-alcool-gel\\\/#breadcrumb\",\"itemListElement\":[{\"@type\":\"ListItem\",\"position\":1,\"name\":\"In\u00edcio\",\"item\":\"https:\\\/\\\/divertarte.com\\\/\"},{\"@type\":\"ListItem\",\"position\":2,\"name\":\"Loja\",\"item\":\"https:\\\/\\\/divertarte.com\\\/index.php\\\/divertarte-produtos\\\/\"},{\"@type\":\"ListItem\",\"position\":3,\"name\":\"Bolsa riscas e la\u00e7o com frasco para alcool gel\"}]},{\"@type\":\"WebSite\",\"@id\":\"https:\\\/\\\/divertarte.com\\\/#website\",\"url\":\"https:\\\/\\\/divertarte.com\\\/\",\"name\":\"Divertarte\",\"description\":\"\",\"publisher\":{\"@id\":\"https:\\\/\\\/divertarte.com\\\/#organization\"},\"potentialAction\":[{\"@type\":\"SearchAction\",\"target\":{\"@type\":\"EntryPoint\",\"urlTemplate\":\"https:\\\/\\\/divertarte.com\\\/?s={search_term_string}\"},\"query-input\":{\"@type\":\"PropertyValueSpecification\",\"valueRequired\":true,\"valueName\":\"search_term_string\"}}],\"inLanguage\":\"pt-PT\"},{\"@type\":\"Organization\",\"@id\":\"https:\\\/\\\/divertarte.com\\\/#organization\",\"name\":\"Divertarte\",\"url\":\"https:\\\/\\\/divertarte.com\\\/\",\"logo\":{\"@type\":\"ImageObject\",\"inLanguage\":\"pt-PT\",\"@id\":\"https:\\\/\\\/divertarte.com\\\/#\\\/schema\\\/logo\\\/image\\\/\",\"url\":\"https:\\\/\\\/divertarte.com\\\/wp-content\\\/uploads\\\/2018\\\/07\\\/logo-div.jpg\",\"contentUrl\":\"https:\\\/\\\/divertarte.com\\\/wp-content\\\/uploads\\\/2018\\\/07\\\/logo-div.jpg\",\"width\":295,\"height\":123,\"caption\":\"Divertarte\"},\"image\":{\"@id\":\"https:\\\/\\\/divertarte.com\\\/#\\\/schema\\\/logo\\\/image\\\/\"}}]}<\/script>\n<!-- \/ Yoast SEO plugin. -->","yoast_head_json":{"title":"Bolsa riscas e la\u00e7o com frasco para alcool gel -","robots":{"index":"index","follow":"follow","max-snippet":"max-snippet:-1","max-image-preview":"max-image-preview:large","max-video-preview":"max-video-preview:-1"},"canonical":"https:\/\/divertarte.com\/index.php\/produto\/bolsa-riscas-com-frasco-para-alcool-gel\/","og_locale":"pt_PT","og_type":"article","og_title":"Bolsa riscas e la\u00e7o com frasco para alcool gel -","og_description":"Bolsa riscas e la\u00e7o com frasco para alcool gel  Bolsinha decorada, com frasco vazio e fecho mosquet\u00e3o com argola, muito elegante para pendurar na carteira. Assim vai estar sempre pronto para desinfetares as tuas m\u00e3os com \u00e1lcool gel, ou \u00e1lcool. Al\u00e9m disso pode ser usada\u00a0 dentro da carteira.  Medida da bolsinha 12x3.5cm","og_url":"https:\/\/divertarte.com\/index.php\/produto\/bolsa-riscas-com-frasco-para-alcool-gel\/","article_modified_time":"2025-11-06T13:34:27+00:00","og_image":[{"width":300,"height":300,"url":"https:\/\/divertarte.com\/wp-content\/uploads\/2020\/09\/bolsa-alcool-gel-riscas-laco.jpg","type":"image\/jpeg"}],"twitter_card":"summary_large_image","schema":{"@context":"https:\/\/schema.org","@graph":[{"@type":"WebPage","@id":"https:\/\/divertarte.com\/index.php\/produto\/bolsa-riscas-com-frasco-para-alcool-gel\/","url":"https:\/\/divertarte.com\/index.php\/produto\/bolsa-riscas-com-frasco-para-alcool-gel\/","name":"Bolsa riscas e la\u00e7o com frasco para alcool gel -","isPartOf":{"@id":"https:\/\/divertarte.com\/#website"},"primaryImageOfPage":{"@id":"https:\/\/divertarte.com\/index.php\/produto\/bolsa-riscas-com-frasco-para-alcool-gel\/#primaryimage"},"image":{"@id":"https:\/\/divertarte.com\/index.php\/produto\/bolsa-riscas-com-frasco-para-alcool-gel\/#primaryimage"},"thumbnailUrl":"https:\/\/divertarte.com\/wp-content\/uploads\/2020\/09\/bolsa-alcool-gel-riscas-laco.jpg","datePublished":"2020-09-20T15:40:21+00:00","dateModified":"2025-11-06T13:34:27+00:00","breadcrumb":{"@id":"https:\/\/divertarte.com\/index.php\/produto\/bolsa-riscas-com-frasco-para-alcool-gel\/#breadcrumb"},"inLanguage":"pt-PT","potentialAction":[{"@type":"ReadAction","target":["https:\/\/divertarte.com\/index.php\/produto\/bolsa-riscas-com-frasco-para-alcool-gel\/"]}]},{"@type":"ImageObject","inLanguage":"pt-PT","@id":"https:\/\/divertarte.com\/index.php\/produto\/bolsa-riscas-com-frasco-para-alcool-gel\/#primaryimage","url":"https:\/\/divertarte.com\/wp-content\/uploads\/2020\/09\/bolsa-alcool-gel-riscas-laco.jpg","contentUrl":"https:\/\/divertarte.com\/wp-content\/uploads\/2020\/09\/bolsa-alcool-gel-riscas-laco.jpg","width":300,"height":300},{"@type":"BreadcrumbList","@id":"https:\/\/divertarte.com\/index.php\/produto\/bolsa-riscas-com-frasco-para-alcool-gel\/#breadcrumb","itemListElement":[{"@type":"ListItem","position":1,"name":"In\u00edcio","item":"https:\/\/divertarte.com\/"},{"@type":"ListItem","position":2,"name":"Loja","item":"https:\/\/divertarte.com\/index.php\/divertarte-produtos\/"},{"@type":"ListItem","position":3,"name":"Bolsa riscas e la\u00e7o com frasco para alcool gel"}]},{"@type":"WebSite","@id":"https:\/\/divertarte.com\/#website","url":"https:\/\/divertarte.com\/","name":"Divertarte","description":"","publisher":{"@id":"https:\/\/divertarte.com\/#organization"},"potentialAction":[{"@type":"SearchAction","target":{"@type":"EntryPoint","urlTemplate":"https:\/\/divertarte.com\/?s={search_term_string}"},"query-input":{"@type":"PropertyValueSpecification","valueRequired":true,"valueName":"search_term_string"}}],"inLanguage":"pt-PT"},{"@type":"Organization","@id":"https:\/\/divertarte.com\/#organization","name":"Divertarte","url":"https:\/\/divertarte.com\/","logo":{"@type":"ImageObject","inLanguage":"pt-PT","@id":"https:\/\/divertarte.com\/#\/schema\/logo\/image\/","url":"https:\/\/divertarte.com\/wp-content\/uploads\/2018\/07\/logo-div.jpg","contentUrl":"https:\/\/divertarte.com\/wp-content\/uploads\/2018\/07\/logo-div.jpg","width":295,"height":123,"caption":"Divertarte"},"image":{"@id":"https:\/\/divertarte.com\/#\/schema\/logo\/image\/"}}]}},"_links":{"self":[{"href":"https:\/\/divertarte.com\/index.php\/wp-json\/wp\/v2\/product\/11568","targetHints":{"allow":["GET"]}}],"collection":[{"href":"https:\/\/divertarte.com\/index.php\/wp-json\/wp\/v2\/product"}],"about":[{"href":"https:\/\/divertarte.com\/index.php\/wp-json\/wp\/v2\/types\/product"}],"replies":[{"embeddable":true,"href":"https:\/\/divertarte.com\/index.php\/wp-json\/wp\/v2\/comments?post=11568"}],"wp:featuredmedia":[{"embeddable":true,"href":"https:\/\/divertarte.com\/index.php\/wp-json\/wp\/v2\/media\/11561"}],"wp:attachment":[{"href":"https:\/\/divertarte.com\/index.php\/wp-json\/wp\/v2\/media?parent=11568"}],"wp:term":[{"taxonomy":"product_brand","embeddable":true,"href":"https:\/\/divertarte.com\/index.php\/wp-json\/wp\/v2\/product_brand?post=11568"},{"taxonomy":"product_cat","embeddable":true,"href":"https:\/\/divertarte.com\/index.php\/wp-json\/wp\/v2\/product_cat?post=11568"},{"taxonomy":"product_tag","embeddable":true,"href":"https:\/\/divertarte.com\/index.php\/wp-json\/wp\/v2\/product_tag?post=11568"}],"curies":[{"name":"wp","href":"https:\/\/api.w.org\/{rel}","templated":true}]}}