{"id":11529,"date":"2020-09-10T09:03:51","date_gmt":"2020-09-10T08:03:51","guid":{"rendered":"https:\/\/divertarte.com\/?post_type=product&#038;p=11529"},"modified":"2025-11-06T13:34:28","modified_gmt":"2025-11-06T13:34:28","slug":"tampa-doseadora-pp-28-410-branca","status":"publish","type":"product","link":"https:\/\/divertarte.com\/index.php\/produto\/tampa-doseadora-pp-28-410-branca\/","title":{"rendered":"Tampa doseadora PP 28\/410 branca"},"content":{"rendered":"<p>Tampa dosedora, tamanho 28\/410 (unidade)<br \/>\nIdeal para frasco de alcool gel principalmente desinfectante, champo, sabonete liquido sab\u00e3o liquido, lo\u00e7\u00f5es, boddymilk, lo\u00e7\u00e3o corporal, hidratante.<\/p>\n","protected":false},"excerpt":{"rendered":"<p>Tampa dosedora, tamanho 28\/410 (unidade)<br \/>\nIdeal para frasco de alcool gel principalmente desinfectante, champo, sabonete liquido sab\u00e3o liquido, lo\u00e7\u00f5es, boddymilk, lo\u00e7\u00e3o corporal, hidratante.<\/p>\n","protected":false},"featured_media":11531,"comment_status":"open","ping_status":"closed","template":"","meta":{"_exactmetrics_skip_tracking":false,"_exactmetrics_sitenote_active":false,"_exactmetrics_sitenote_note":"","_exactmetrics_sitenote_category":0},"product_brand":[],"product_cat":[168,15],"product_tag":[],"class_list":{"0":"post-11529","1":"product","2":"type-product","3":"status-publish","4":"has-post-thumbnail","6":"product_cat-frascos-pet-frascos-plastico-boioes-boiao-pet","7":"product_cat-ver-todos-os-produtos","9":"first","10":"outofstock","11":"taxable","12":"shipping-taxable","13":"purchasable","14":"product-type-simple"},"yoast_head":"<!-- This site is optimized with the Yoast SEO plugin v27.4 - https:\/\/yoast.com\/product\/yoast-seo-wordpress\/ -->\n<title>Tampa doseadora PP 28\/410 branca -<\/title>\n<meta name=\"description\" content=\"Tampa dosedora Ideal para frasco de alcool gel desinfectante, champo, sabonete liquido sab\u00e3o liquido, boddymilk, lo\u00e7\u00e3o corporal hidratante.\" \/>\n<meta name=\"robots\" content=\"index, follow, max-snippet:-1, max-image-preview:large, max-video-preview:-1\" \/>\n<link rel=\"canonical\" href=\"https:\/\/divertarte.com\/index.php\/produto\/tampa-doseadora-pp-28-410-branca\/\" \/>\n<meta property=\"og:locale\" content=\"pt_PT\" \/>\n<meta property=\"og:type\" content=\"article\" \/>\n<meta property=\"og:title\" content=\"Tampa doseadora PP 28\/410 branca -\" \/>\n<meta property=\"og:description\" content=\"Tampa dosedora Ideal para frasco de alcool gel desinfectante, champo, sabonete liquido sab\u00e3o liquido, boddymilk, lo\u00e7\u00e3o corporal hidratante.\" \/>\n<meta property=\"og:url\" content=\"https:\/\/divertarte.com\/index.php\/produto\/tampa-doseadora-pp-28-410-branca\/\" \/>\n<meta property=\"article:modified_time\" content=\"2025-11-06T13:34:28+00:00\" \/>\n<meta property=\"og:image\" content=\"https:\/\/divertarte.com\/wp-content\/uploads\/2020\/09\/tampa-doseadora-28-410.jpg\" \/>\n\t<meta property=\"og:image:width\" content=\"1200\" \/>\n\t<meta property=\"og:image:height\" content=\"1200\" \/>\n\t<meta property=\"og:image:type\" content=\"image\/jpeg\" \/>\n<meta name=\"twitter:card\" content=\"summary_large_image\" \/>\n<script type=\"application\/ld+json\" class=\"yoast-schema-graph\">{\"@context\":\"https:\\\/\\\/schema.org\",\"@graph\":[{\"@type\":\"WebPage\",\"@id\":\"https:\\\/\\\/divertarte.com\\\/index.php\\\/produto\\\/tampa-doseadora-pp-28-410-branca\\\/\",\"url\":\"https:\\\/\\\/divertarte.com\\\/index.php\\\/produto\\\/tampa-doseadora-pp-28-410-branca\\\/\",\"name\":\"Tampa doseadora PP 28\\\/410 branca -\",\"isPartOf\":{\"@id\":\"https:\\\/\\\/divertarte.com\\\/#website\"},\"primaryImageOfPage\":{\"@id\":\"https:\\\/\\\/divertarte.com\\\/index.php\\\/produto\\\/tampa-doseadora-pp-28-410-branca\\\/#primaryimage\"},\"image\":{\"@id\":\"https:\\\/\\\/divertarte.com\\\/index.php\\\/produto\\\/tampa-doseadora-pp-28-410-branca\\\/#primaryimage\"},\"thumbnailUrl\":\"https:\\\/\\\/divertarte.com\\\/wp-content\\\/uploads\\\/2020\\\/09\\\/tampa-doseadora-28-410.jpg\",\"datePublished\":\"2020-09-10T08:03:51+00:00\",\"dateModified\":\"2025-11-06T13:34:28+00:00\",\"description\":\"Tampa dosedora Ideal para frasco de alcool gel desinfectante, champo, sabonete liquido sab\u00e3o liquido, boddymilk, lo\u00e7\u00e3o corporal hidratante.\",\"breadcrumb\":{\"@id\":\"https:\\\/\\\/divertarte.com\\\/index.php\\\/produto\\\/tampa-doseadora-pp-28-410-branca\\\/#breadcrumb\"},\"inLanguage\":\"pt-PT\",\"potentialAction\":[{\"@type\":\"ReadAction\",\"target\":[\"https:\\\/\\\/divertarte.com\\\/index.php\\\/produto\\\/tampa-doseadora-pp-28-410-branca\\\/\"]}]},{\"@type\":\"ImageObject\",\"inLanguage\":\"pt-PT\",\"@id\":\"https:\\\/\\\/divertarte.com\\\/index.php\\\/produto\\\/tampa-doseadora-pp-28-410-branca\\\/#primaryimage\",\"url\":\"https:\\\/\\\/divertarte.com\\\/wp-content\\\/uploads\\\/2020\\\/09\\\/tampa-doseadora-28-410.jpg\",\"contentUrl\":\"https:\\\/\\\/divertarte.com\\\/wp-content\\\/uploads\\\/2020\\\/09\\\/tampa-doseadora-28-410.jpg\",\"width\":1200,\"height\":1200},{\"@type\":\"BreadcrumbList\",\"@id\":\"https:\\\/\\\/divertarte.com\\\/index.php\\\/produto\\\/tampa-doseadora-pp-28-410-branca\\\/#breadcrumb\",\"itemListElement\":[{\"@type\":\"ListItem\",\"position\":1,\"name\":\"In\u00edcio\",\"item\":\"https:\\\/\\\/divertarte.com\\\/\"},{\"@type\":\"ListItem\",\"position\":2,\"name\":\"Loja\",\"item\":\"https:\\\/\\\/divertarte.com\\\/index.php\\\/divertarte-produtos\\\/\"},{\"@type\":\"ListItem\",\"position\":3,\"name\":\"Tampa doseadora PP 28\\\/410 branca\"}]},{\"@type\":\"WebSite\",\"@id\":\"https:\\\/\\\/divertarte.com\\\/#website\",\"url\":\"https:\\\/\\\/divertarte.com\\\/\",\"name\":\"Divertarte\",\"description\":\"\",\"publisher\":{\"@id\":\"https:\\\/\\\/divertarte.com\\\/#organization\"},\"potentialAction\":[{\"@type\":\"SearchAction\",\"target\":{\"@type\":\"EntryPoint\",\"urlTemplate\":\"https:\\\/\\\/divertarte.com\\\/?s={search_term_string}\"},\"query-input\":{\"@type\":\"PropertyValueSpecification\",\"valueRequired\":true,\"valueName\":\"search_term_string\"}}],\"inLanguage\":\"pt-PT\"},{\"@type\":\"Organization\",\"@id\":\"https:\\\/\\\/divertarte.com\\\/#organization\",\"name\":\"Divertarte\",\"url\":\"https:\\\/\\\/divertarte.com\\\/\",\"logo\":{\"@type\":\"ImageObject\",\"inLanguage\":\"pt-PT\",\"@id\":\"https:\\\/\\\/divertarte.com\\\/#\\\/schema\\\/logo\\\/image\\\/\",\"url\":\"https:\\\/\\\/divertarte.com\\\/wp-content\\\/uploads\\\/2018\\\/07\\\/logo-div.jpg\",\"contentUrl\":\"https:\\\/\\\/divertarte.com\\\/wp-content\\\/uploads\\\/2018\\\/07\\\/logo-div.jpg\",\"width\":295,\"height\":123,\"caption\":\"Divertarte\"},\"image\":{\"@id\":\"https:\\\/\\\/divertarte.com\\\/#\\\/schema\\\/logo\\\/image\\\/\"}}]}<\/script>\n<!-- \/ Yoast SEO plugin. -->","yoast_head_json":{"title":"Tampa doseadora PP 28\/410 branca -","description":"Tampa dosedora Ideal para frasco de alcool gel desinfectante, champo, sabonete liquido sab\u00e3o liquido, boddymilk, lo\u00e7\u00e3o corporal hidratante.","robots":{"index":"index","follow":"follow","max-snippet":"max-snippet:-1","max-image-preview":"max-image-preview:large","max-video-preview":"max-video-preview:-1"},"canonical":"https:\/\/divertarte.com\/index.php\/produto\/tampa-doseadora-pp-28-410-branca\/","og_locale":"pt_PT","og_type":"article","og_title":"Tampa doseadora PP 28\/410 branca -","og_description":"Tampa dosedora Ideal para frasco de alcool gel desinfectante, champo, sabonete liquido sab\u00e3o liquido, boddymilk, lo\u00e7\u00e3o corporal hidratante.","og_url":"https:\/\/divertarte.com\/index.php\/produto\/tampa-doseadora-pp-28-410-branca\/","article_modified_time":"2025-11-06T13:34:28+00:00","og_image":[{"width":1200,"height":1200,"url":"https:\/\/divertarte.com\/wp-content\/uploads\/2020\/09\/tampa-doseadora-28-410.jpg","type":"image\/jpeg"}],"twitter_card":"summary_large_image","schema":{"@context":"https:\/\/schema.org","@graph":[{"@type":"WebPage","@id":"https:\/\/divertarte.com\/index.php\/produto\/tampa-doseadora-pp-28-410-branca\/","url":"https:\/\/divertarte.com\/index.php\/produto\/tampa-doseadora-pp-28-410-branca\/","name":"Tampa doseadora PP 28\/410 branca -","isPartOf":{"@id":"https:\/\/divertarte.com\/#website"},"primaryImageOfPage":{"@id":"https:\/\/divertarte.com\/index.php\/produto\/tampa-doseadora-pp-28-410-branca\/#primaryimage"},"image":{"@id":"https:\/\/divertarte.com\/index.php\/produto\/tampa-doseadora-pp-28-410-branca\/#primaryimage"},"thumbnailUrl":"https:\/\/divertarte.com\/wp-content\/uploads\/2020\/09\/tampa-doseadora-28-410.jpg","datePublished":"2020-09-10T08:03:51+00:00","dateModified":"2025-11-06T13:34:28+00:00","description":"Tampa dosedora Ideal para frasco de alcool gel desinfectante, champo, sabonete liquido sab\u00e3o liquido, boddymilk, lo\u00e7\u00e3o corporal hidratante.","breadcrumb":{"@id":"https:\/\/divertarte.com\/index.php\/produto\/tampa-doseadora-pp-28-410-branca\/#breadcrumb"},"inLanguage":"pt-PT","potentialAction":[{"@type":"ReadAction","target":["https:\/\/divertarte.com\/index.php\/produto\/tampa-doseadora-pp-28-410-branca\/"]}]},{"@type":"ImageObject","inLanguage":"pt-PT","@id":"https:\/\/divertarte.com\/index.php\/produto\/tampa-doseadora-pp-28-410-branca\/#primaryimage","url":"https:\/\/divertarte.com\/wp-content\/uploads\/2020\/09\/tampa-doseadora-28-410.jpg","contentUrl":"https:\/\/divertarte.com\/wp-content\/uploads\/2020\/09\/tampa-doseadora-28-410.jpg","width":1200,"height":1200},{"@type":"BreadcrumbList","@id":"https:\/\/divertarte.com\/index.php\/produto\/tampa-doseadora-pp-28-410-branca\/#breadcrumb","itemListElement":[{"@type":"ListItem","position":1,"name":"In\u00edcio","item":"https:\/\/divertarte.com\/"},{"@type":"ListItem","position":2,"name":"Loja","item":"https:\/\/divertarte.com\/index.php\/divertarte-produtos\/"},{"@type":"ListItem","position":3,"name":"Tampa doseadora PP 28\/410 branca"}]},{"@type":"WebSite","@id":"https:\/\/divertarte.com\/#website","url":"https:\/\/divertarte.com\/","name":"Divertarte","description":"","publisher":{"@id":"https:\/\/divertarte.com\/#organization"},"potentialAction":[{"@type":"SearchAction","target":{"@type":"EntryPoint","urlTemplate":"https:\/\/divertarte.com\/?s={search_term_string}"},"query-input":{"@type":"PropertyValueSpecification","valueRequired":true,"valueName":"search_term_string"}}],"inLanguage":"pt-PT"},{"@type":"Organization","@id":"https:\/\/divertarte.com\/#organization","name":"Divertarte","url":"https:\/\/divertarte.com\/","logo":{"@type":"ImageObject","inLanguage":"pt-PT","@id":"https:\/\/divertarte.com\/#\/schema\/logo\/image\/","url":"https:\/\/divertarte.com\/wp-content\/uploads\/2018\/07\/logo-div.jpg","contentUrl":"https:\/\/divertarte.com\/wp-content\/uploads\/2018\/07\/logo-div.jpg","width":295,"height":123,"caption":"Divertarte"},"image":{"@id":"https:\/\/divertarte.com\/#\/schema\/logo\/image\/"}}]}},"_links":{"self":[{"href":"https:\/\/divertarte.com\/index.php\/wp-json\/wp\/v2\/product\/11529","targetHints":{"allow":["GET"]}}],"collection":[{"href":"https:\/\/divertarte.com\/index.php\/wp-json\/wp\/v2\/product"}],"about":[{"href":"https:\/\/divertarte.com\/index.php\/wp-json\/wp\/v2\/types\/product"}],"replies":[{"embeddable":true,"href":"https:\/\/divertarte.com\/index.php\/wp-json\/wp\/v2\/comments?post=11529"}],"wp:featuredmedia":[{"embeddable":true,"href":"https:\/\/divertarte.com\/index.php\/wp-json\/wp\/v2\/media\/11531"}],"wp:attachment":[{"href":"https:\/\/divertarte.com\/index.php\/wp-json\/wp\/v2\/media?parent=11529"}],"wp:term":[{"taxonomy":"product_brand","embeddable":true,"href":"https:\/\/divertarte.com\/index.php\/wp-json\/wp\/v2\/product_brand?post=11529"},{"taxonomy":"product_cat","embeddable":true,"href":"https:\/\/divertarte.com\/index.php\/wp-json\/wp\/v2\/product_cat?post=11529"},{"taxonomy":"product_tag","embeddable":true,"href":"https:\/\/divertarte.com\/index.php\/wp-json\/wp\/v2\/product_tag?post=11529"}],"curies":[{"name":"wp","href":"https:\/\/api.w.org\/{rel}","templated":true}]}}