{"id":11412,"date":"2020-08-22T21:03:15","date_gmt":"2020-08-22T20:03:15","guid":{"rendered":"https:\/\/divertarte.com\/?post_type=product&#038;p=11412"},"modified":"2025-11-06T13:34:35","modified_gmt":"2025-11-06T13:34:35","slug":"bolsinha-preta-com-caveirinhas-para-alcool-gel","status":"publish","type":"product","link":"https:\/\/divertarte.com\/index.php\/produto\/bolsinha-preta-com-caveirinhas-para-alcool-gel\/","title":{"rendered":"Bolsinha preta com caveirinhas para \u00e1lcool gel"},"content":{"rendered":"<p>Bolsinha preta com caveirinhas. Caveirinha no fecho<\/p>\n<p>Bolsinhas decoradas, com frasco vazio e fecho mosquet\u00e3o com argola, para pendurar na mochila para levares para a escola. Assim vai estar sempre pronto para desinfetares as tuas m\u00e3os com \u00e1lcool gel, ou alcool.<br \/>\nAl\u00e9m disso pode ser usada pendurado ou dentro da carteira.<\/p>\n<p>Medida carteira 8x9cm<\/p>\n<p>&nbsp;<\/p>\n","protected":false},"excerpt":{"rendered":"<p>Bolsinha preta com caveirinhas. Caveirinha no fecho<\/p>\n<p>Bolsinhas decoradas, com frasco vazio e fecho mosquet\u00e3o com argola, para pendurar na mochila para levares para a escola. Assim vai estar sempre pronto para desinfetares as tuas m\u00e3os com \u00e1lcool gel, ou alcool.<br \/>\nAl\u00e9m disso pode ser usada pendurado ou dentro da carteira.<\/p>\n<p>Medida carteira 8x9cm<\/p>\n<p>Outros modelos em <a href=\"https:\/\/divertarte.com\/index.php\/categoria-produto\/bolsinha-para-gel-desinfetante\/\">https:\/\/divertarte.com\/index.php\/categoria-produto\/bolsinha-para-gel-desinfetante\/<\/a><\/p>\n","protected":false},"featured_media":11419,"comment_status":"open","ping_status":"closed","template":"","meta":{"_exactmetrics_skip_tracking":false,"_exactmetrics_sitenote_active":false,"_exactmetrics_sitenote_note":"","_exactmetrics_sitenote_category":0},"product_brand":[],"product_cat":[453,15],"product_tag":[],"class_list":{"0":"post-11412","1":"product","2":"type-product","3":"status-publish","4":"has-post-thumbnail","6":"product_cat-bolsinha-para-gel-desinfetante","7":"product_cat-ver-todos-os-produtos","9":"first","10":"instock","11":"taxable","12":"shipping-taxable","13":"purchasable","14":"product-type-simple"},"yoast_head":"<!-- This site is optimized with the Yoast SEO plugin v27.4 - https:\/\/yoast.com\/product\/yoast-seo-wordpress\/ -->\n<title>Bolsinha preta com caveirinhas para \u00e1lcool gel -<\/title>\n<meta name=\"robots\" content=\"index, follow, max-snippet:-1, max-image-preview:large, max-video-preview:-1\" \/>\n<link rel=\"canonical\" href=\"https:\/\/divertarte.com\/index.php\/produto\/bolsinha-preta-com-caveirinhas-para-alcool-gel\/\" \/>\n<meta property=\"og:locale\" content=\"pt_PT\" \/>\n<meta property=\"og:type\" content=\"article\" \/>\n<meta property=\"og:title\" content=\"Bolsinha preta com caveirinhas para \u00e1lcool gel -\" \/>\n<meta property=\"og:description\" content=\"Bolsinha preta com caveirinhas. Caveirinha no fecho  Bolsinhas decoradas, com frasco vazio e fecho mosquet\u00e3o com argola, para pendurar na mochila para levares para a escola. Assim vai estar sempre pronto para desinfetares as tuas m\u00e3os com \u00e1lcool gel, ou alcool. Al\u00e9m disso pode ser usada pendurado ou dentro da carteira.  Medida carteira 8x9cm  Outros modelos em https:\/\/divertarte.com\/index.php\/categoria-produto\/bolsinha-para-gel-desinfetante\/\" \/>\n<meta property=\"og:url\" content=\"https:\/\/divertarte.com\/index.php\/produto\/bolsinha-preta-com-caveirinhas-para-alcool-gel\/\" \/>\n<meta property=\"article:modified_time\" content=\"2025-11-06T13:34:35+00:00\" \/>\n<meta property=\"og:image\" content=\"https:\/\/divertarte.com\/wp-content\/uploads\/2020\/08\/bolsa-alcool-gel-preta-caveirinhas-4.jpg\" \/>\n\t<meta property=\"og:image:width\" content=\"299\" \/>\n\t<meta property=\"og:image:height\" content=\"300\" \/>\n\t<meta property=\"og:image:type\" content=\"image\/jpeg\" \/>\n<meta name=\"twitter:card\" content=\"summary_large_image\" \/>\n<script type=\"application\/ld+json\" class=\"yoast-schema-graph\">{\"@context\":\"https:\\\/\\\/schema.org\",\"@graph\":[{\"@type\":\"WebPage\",\"@id\":\"https:\\\/\\\/divertarte.com\\\/index.php\\\/produto\\\/bolsinha-preta-com-caveirinhas-para-alcool-gel\\\/\",\"url\":\"https:\\\/\\\/divertarte.com\\\/index.php\\\/produto\\\/bolsinha-preta-com-caveirinhas-para-alcool-gel\\\/\",\"name\":\"Bolsinha preta com caveirinhas para \u00e1lcool gel -\",\"isPartOf\":{\"@id\":\"https:\\\/\\\/divertarte.com\\\/#website\"},\"primaryImageOfPage\":{\"@id\":\"https:\\\/\\\/divertarte.com\\\/index.php\\\/produto\\\/bolsinha-preta-com-caveirinhas-para-alcool-gel\\\/#primaryimage\"},\"image\":{\"@id\":\"https:\\\/\\\/divertarte.com\\\/index.php\\\/produto\\\/bolsinha-preta-com-caveirinhas-para-alcool-gel\\\/#primaryimage\"},\"thumbnailUrl\":\"https:\\\/\\\/divertarte.com\\\/wp-content\\\/uploads\\\/2020\\\/08\\\/bolsa-alcool-gel-preta-caveirinhas-4.jpg\",\"datePublished\":\"2020-08-22T20:03:15+00:00\",\"dateModified\":\"2025-11-06T13:34:35+00:00\",\"breadcrumb\":{\"@id\":\"https:\\\/\\\/divertarte.com\\\/index.php\\\/produto\\\/bolsinha-preta-com-caveirinhas-para-alcool-gel\\\/#breadcrumb\"},\"inLanguage\":\"pt-PT\",\"potentialAction\":[{\"@type\":\"ReadAction\",\"target\":[\"https:\\\/\\\/divertarte.com\\\/index.php\\\/produto\\\/bolsinha-preta-com-caveirinhas-para-alcool-gel\\\/\"]}]},{\"@type\":\"ImageObject\",\"inLanguage\":\"pt-PT\",\"@id\":\"https:\\\/\\\/divertarte.com\\\/index.php\\\/produto\\\/bolsinha-preta-com-caveirinhas-para-alcool-gel\\\/#primaryimage\",\"url\":\"https:\\\/\\\/divertarte.com\\\/wp-content\\\/uploads\\\/2020\\\/08\\\/bolsa-alcool-gel-preta-caveirinhas-4.jpg\",\"contentUrl\":\"https:\\\/\\\/divertarte.com\\\/wp-content\\\/uploads\\\/2020\\\/08\\\/bolsa-alcool-gel-preta-caveirinhas-4.jpg\",\"width\":299,\"height\":300},{\"@type\":\"BreadcrumbList\",\"@id\":\"https:\\\/\\\/divertarte.com\\\/index.php\\\/produto\\\/bolsinha-preta-com-caveirinhas-para-alcool-gel\\\/#breadcrumb\",\"itemListElement\":[{\"@type\":\"ListItem\",\"position\":1,\"name\":\"In\u00edcio\",\"item\":\"https:\\\/\\\/divertarte.com\\\/\"},{\"@type\":\"ListItem\",\"position\":2,\"name\":\"Loja\",\"item\":\"https:\\\/\\\/divertarte.com\\\/index.php\\\/divertarte-produtos\\\/\"},{\"@type\":\"ListItem\",\"position\":3,\"name\":\"Bolsinha preta com caveirinhas para \u00e1lcool gel\"}]},{\"@type\":\"WebSite\",\"@id\":\"https:\\\/\\\/divertarte.com\\\/#website\",\"url\":\"https:\\\/\\\/divertarte.com\\\/\",\"name\":\"Divertarte\",\"description\":\"\",\"publisher\":{\"@id\":\"https:\\\/\\\/divertarte.com\\\/#organization\"},\"potentialAction\":[{\"@type\":\"SearchAction\",\"target\":{\"@type\":\"EntryPoint\",\"urlTemplate\":\"https:\\\/\\\/divertarte.com\\\/?s={search_term_string}\"},\"query-input\":{\"@type\":\"PropertyValueSpecification\",\"valueRequired\":true,\"valueName\":\"search_term_string\"}}],\"inLanguage\":\"pt-PT\"},{\"@type\":\"Organization\",\"@id\":\"https:\\\/\\\/divertarte.com\\\/#organization\",\"name\":\"Divertarte\",\"url\":\"https:\\\/\\\/divertarte.com\\\/\",\"logo\":{\"@type\":\"ImageObject\",\"inLanguage\":\"pt-PT\",\"@id\":\"https:\\\/\\\/divertarte.com\\\/#\\\/schema\\\/logo\\\/image\\\/\",\"url\":\"https:\\\/\\\/divertarte.com\\\/wp-content\\\/uploads\\\/2018\\\/07\\\/logo-div.jpg\",\"contentUrl\":\"https:\\\/\\\/divertarte.com\\\/wp-content\\\/uploads\\\/2018\\\/07\\\/logo-div.jpg\",\"width\":295,\"height\":123,\"caption\":\"Divertarte\"},\"image\":{\"@id\":\"https:\\\/\\\/divertarte.com\\\/#\\\/schema\\\/logo\\\/image\\\/\"}}]}<\/script>\n<!-- \/ Yoast SEO plugin. -->","yoast_head_json":{"title":"Bolsinha preta com caveirinhas para \u00e1lcool gel -","robots":{"index":"index","follow":"follow","max-snippet":"max-snippet:-1","max-image-preview":"max-image-preview:large","max-video-preview":"max-video-preview:-1"},"canonical":"https:\/\/divertarte.com\/index.php\/produto\/bolsinha-preta-com-caveirinhas-para-alcool-gel\/","og_locale":"pt_PT","og_type":"article","og_title":"Bolsinha preta com caveirinhas para \u00e1lcool gel -","og_description":"Bolsinha preta com caveirinhas. Caveirinha no fecho  Bolsinhas decoradas, com frasco vazio e fecho mosquet\u00e3o com argola, para pendurar na mochila para levares para a escola. Assim vai estar sempre pronto para desinfetares as tuas m\u00e3os com \u00e1lcool gel, ou alcool. Al\u00e9m disso pode ser usada pendurado ou dentro da carteira.  Medida carteira 8x9cm  Outros modelos em https:\/\/divertarte.com\/index.php\/categoria-produto\/bolsinha-para-gel-desinfetante\/","og_url":"https:\/\/divertarte.com\/index.php\/produto\/bolsinha-preta-com-caveirinhas-para-alcool-gel\/","article_modified_time":"2025-11-06T13:34:35+00:00","og_image":[{"width":299,"height":300,"url":"https:\/\/divertarte.com\/wp-content\/uploads\/2020\/08\/bolsa-alcool-gel-preta-caveirinhas-4.jpg","type":"image\/jpeg"}],"twitter_card":"summary_large_image","schema":{"@context":"https:\/\/schema.org","@graph":[{"@type":"WebPage","@id":"https:\/\/divertarte.com\/index.php\/produto\/bolsinha-preta-com-caveirinhas-para-alcool-gel\/","url":"https:\/\/divertarte.com\/index.php\/produto\/bolsinha-preta-com-caveirinhas-para-alcool-gel\/","name":"Bolsinha preta com caveirinhas para \u00e1lcool gel -","isPartOf":{"@id":"https:\/\/divertarte.com\/#website"},"primaryImageOfPage":{"@id":"https:\/\/divertarte.com\/index.php\/produto\/bolsinha-preta-com-caveirinhas-para-alcool-gel\/#primaryimage"},"image":{"@id":"https:\/\/divertarte.com\/index.php\/produto\/bolsinha-preta-com-caveirinhas-para-alcool-gel\/#primaryimage"},"thumbnailUrl":"https:\/\/divertarte.com\/wp-content\/uploads\/2020\/08\/bolsa-alcool-gel-preta-caveirinhas-4.jpg","datePublished":"2020-08-22T20:03:15+00:00","dateModified":"2025-11-06T13:34:35+00:00","breadcrumb":{"@id":"https:\/\/divertarte.com\/index.php\/produto\/bolsinha-preta-com-caveirinhas-para-alcool-gel\/#breadcrumb"},"inLanguage":"pt-PT","potentialAction":[{"@type":"ReadAction","target":["https:\/\/divertarte.com\/index.php\/produto\/bolsinha-preta-com-caveirinhas-para-alcool-gel\/"]}]},{"@type":"ImageObject","inLanguage":"pt-PT","@id":"https:\/\/divertarte.com\/index.php\/produto\/bolsinha-preta-com-caveirinhas-para-alcool-gel\/#primaryimage","url":"https:\/\/divertarte.com\/wp-content\/uploads\/2020\/08\/bolsa-alcool-gel-preta-caveirinhas-4.jpg","contentUrl":"https:\/\/divertarte.com\/wp-content\/uploads\/2020\/08\/bolsa-alcool-gel-preta-caveirinhas-4.jpg","width":299,"height":300},{"@type":"BreadcrumbList","@id":"https:\/\/divertarte.com\/index.php\/produto\/bolsinha-preta-com-caveirinhas-para-alcool-gel\/#breadcrumb","itemListElement":[{"@type":"ListItem","position":1,"name":"In\u00edcio","item":"https:\/\/divertarte.com\/"},{"@type":"ListItem","position":2,"name":"Loja","item":"https:\/\/divertarte.com\/index.php\/divertarte-produtos\/"},{"@type":"ListItem","position":3,"name":"Bolsinha preta com caveirinhas para \u00e1lcool gel"}]},{"@type":"WebSite","@id":"https:\/\/divertarte.com\/#website","url":"https:\/\/divertarte.com\/","name":"Divertarte","description":"","publisher":{"@id":"https:\/\/divertarte.com\/#organization"},"potentialAction":[{"@type":"SearchAction","target":{"@type":"EntryPoint","urlTemplate":"https:\/\/divertarte.com\/?s={search_term_string}"},"query-input":{"@type":"PropertyValueSpecification","valueRequired":true,"valueName":"search_term_string"}}],"inLanguage":"pt-PT"},{"@type":"Organization","@id":"https:\/\/divertarte.com\/#organization","name":"Divertarte","url":"https:\/\/divertarte.com\/","logo":{"@type":"ImageObject","inLanguage":"pt-PT","@id":"https:\/\/divertarte.com\/#\/schema\/logo\/image\/","url":"https:\/\/divertarte.com\/wp-content\/uploads\/2018\/07\/logo-div.jpg","contentUrl":"https:\/\/divertarte.com\/wp-content\/uploads\/2018\/07\/logo-div.jpg","width":295,"height":123,"caption":"Divertarte"},"image":{"@id":"https:\/\/divertarte.com\/#\/schema\/logo\/image\/"}}]}},"_links":{"self":[{"href":"https:\/\/divertarte.com\/index.php\/wp-json\/wp\/v2\/product\/11412","targetHints":{"allow":["GET"]}}],"collection":[{"href":"https:\/\/divertarte.com\/index.php\/wp-json\/wp\/v2\/product"}],"about":[{"href":"https:\/\/divertarte.com\/index.php\/wp-json\/wp\/v2\/types\/product"}],"replies":[{"embeddable":true,"href":"https:\/\/divertarte.com\/index.php\/wp-json\/wp\/v2\/comments?post=11412"}],"wp:featuredmedia":[{"embeddable":true,"href":"https:\/\/divertarte.com\/index.php\/wp-json\/wp\/v2\/media\/11419"}],"wp:attachment":[{"href":"https:\/\/divertarte.com\/index.php\/wp-json\/wp\/v2\/media?parent=11412"}],"wp:term":[{"taxonomy":"product_brand","embeddable":true,"href":"https:\/\/divertarte.com\/index.php\/wp-json\/wp\/v2\/product_brand?post=11412"},{"taxonomy":"product_cat","embeddable":true,"href":"https:\/\/divertarte.com\/index.php\/wp-json\/wp\/v2\/product_cat?post=11412"},{"taxonomy":"product_tag","embeddable":true,"href":"https:\/\/divertarte.com\/index.php\/wp-json\/wp\/v2\/product_tag?post=11412"}],"curies":[{"name":"wp","href":"https:\/\/api.w.org\/{rel}","templated":true}]}}