{"id":11190,"date":"2020-08-09T09:42:18","date_gmt":"2020-08-09T08:42:18","guid":{"rendered":"https:\/\/divertarte.com\/?post_type=product&#038;p=11190"},"modified":"2025-11-06T13:34:41","modified_gmt":"2025-11-06T13:34:41","slug":"almofada-para-olhos-com-lavanda","status":"publish","type":"product","link":"https:\/\/divertarte.com\/index.php\/produto\/almofada-para-olhos-com-lavanda\/","title":{"rendered":"Almofada para Olhos com Alfazema \/ Lavanda"},"content":{"rendered":"<p>Almofada para Olhos com Lavanda<\/p>\n<p>Tenha de uma noite de sono perfeita, usando a almofadinha arom\u00e1tica, com sementes biol\u00f3gicas e lavanda verdadeira.\u00a0 A almofada calmante e naturalmente refrescante assenta sobre os pontos de acupress\u00e3o (terapia alternativa onde se pressionam pontos espec\u00edficos) decerto para aliviar dores e cabe\u00e7a ou de tens\u00e3o, stress e enjoo.<\/p>\n<p>Al\u00e9m disso tamb\u00e9m \u00e9 usada para acalmar e relaxar a mente, ao mesmo tempo que ajuda a tratar dores de cabe\u00e7a, enxaquecas e sinusite.<\/p>\n<p>Feita de seda ultra confort\u00e1vel, a almofada para olhos bloqueia a luz para induz o sono, permitindo-lhe portanto uma experi\u00eancia de pureza e calma sempre que desejar. Alivia o stress e as tens\u00f5es di\u00e1rias, para se sentir refrescada, revitalizada e profundamente rejuvenescida.<\/p>\n<p>\u00e9 feito \u00e0 m\u00e3o individualmente e produzido com tecidos de excelente qualidade e bom gosto nas duas pe\u00e7as que constituem o produto, que s\u00e3o uma almofada com tecido 100% de algod\u00e3o recheada com sementes de linho e flores selecionadas e desidratadas de lavanda francesa. Formando assim, um conjunto harmonioso de aromas, texturas, volume e peso.<\/p>\n<div><u><em>Benef\u00edcios<\/em><\/u>:<\/div>\n<div><\/div>\n<ul>\n<li>Reduz a ansiedade, a depress\u00e3o e o stress di\u00e1rio.<\/li>\n<li>Traz calma e relaxamento levando a um sono reparador e tranquilo auxiliando\u00a0 nos tratamentos da ins\u00f3nia.<\/li>\n<li>Refresca olhos cansados e inchados.<\/li>\n<li>Al\u00edvio de enxaquecas e dores musculares.<\/li>\n<\/ul>\n<div><u><em>Modo<\/em><\/u>\u00a0<u><em>de<\/em><\/u>\u00a0<u><em>uso<\/em><\/u>:<\/div>\n<div><\/div>\n<div>Deite-se num local tranquilo, seguro e silencioso sem sapatos e acomode gentilmente a almofada sobre os olhos fechados, solte os bra\u00e7os lateralmente e respire livremente. Expire e solte o peso e as tens\u00f5es do corpo para o solo, inspire, novamente expire devagar e solte o corpo, repita de forma ritmada e lenta esse relaxamento arom\u00e1tico.<\/div>\n<div><\/div>\n<div>Usufrua desse momento com plenitude e quando sentir vontade, retorne devagar movendo as extremidades das m\u00e3os e dos p\u00e9s com movimentos circulares e respire profundamente.<\/div>\n<p>&nbsp;<\/p>\n<p><strong>Dimens\u00f5es aproximadas:<\/strong>\u00a021 cm x 9,5 cm<\/p>\n","protected":false},"excerpt":{"rendered":"<p>Feita de seda ultra confort\u00e1vel, a almofada para olhos bloqueia a luz induz o sono, permitindo-lhe portanto uma experi\u00eancia de pureza e calma sempre que desejar. Alivia as dores de cabe\u00e7a, o stress e as tens\u00f5es di\u00e1rias, para se sentir refrescada, revitalizada e profundamente rejuvenescida.<\/p>\n<p><strong>Dimens\u00f5es aproximadas:<\/strong>\u00a021 cm x 9,5 cm<\/p>\n<p>Pode ser personalizada com a sua marca, ou dedicat\u00f3ria para oferta. contacte-nos <a href=\"mailto:info@divertarte.com\">info@divertarte.com<\/a><\/p>\n","protected":false},"featured_media":11193,"comment_status":"open","ping_status":"closed","template":"","meta":{"_exactmetrics_skip_tracking":false,"_exactmetrics_sitenote_active":false,"_exactmetrics_sitenote_note":"","_exactmetrics_sitenote_category":0},"product_brand":[],"product_cat":[450,249,15],"product_tag":[],"class_list":{"0":"post-11190","1":"product","2":"type-product","3":"status-publish","4":"has-post-thumbnail","6":"product_cat-almofadas-para-olhos","7":"product_cat-brindes-casamento","8":"product_cat-ver-todos-os-produtos","10":"first","11":"onbackorder","12":"taxable","13":"shipping-taxable","14":"purchasable","15":"product-type-simple"},"yoast_head":"<!-- This site is optimized with the Yoast SEO plugin v27.5 - https:\/\/yoast.com\/product\/yoast-seo-wordpress\/ -->\n<title>Almofada para Olhos com Alfazema \/ Lavanda -<\/title>\n<meta name=\"description\" content=\"almofada para olhos bloqueia a luz para induz o sono, permitindo-lhe portanto uma experi\u00eancia de pureza e calma sempre que desejar. Alivia o stress e as tens\u00f5es di\u00e1rias, para se sentir refrescada, revitalizada e profundamente rejuvenescida.Dimens\u00f5es:\u00a021 cm x 9,5 cm\" \/>\n<meta name=\"robots\" content=\"index, follow, max-snippet:-1, max-image-preview:large, max-video-preview:-1\" \/>\n<link rel=\"canonical\" href=\"https:\/\/divertarte.com\/index.php\/produto\/almofada-para-olhos-com-lavanda\/\" \/>\n<meta property=\"og:locale\" content=\"pt_PT\" \/>\n<meta property=\"og:type\" content=\"article\" \/>\n<meta property=\"og:title\" content=\"Almofada para Olhos com Alfazema \/ Lavanda -\" \/>\n<meta property=\"og:description\" content=\"almofada para olhos bloqueia a luz para induz o sono, permitindo-lhe portanto uma experi\u00eancia de pureza e calma sempre que desejar. Alivia o stress e as tens\u00f5es di\u00e1rias, para se sentir refrescada, revitalizada e profundamente rejuvenescida.Dimens\u00f5es:\u00a021 cm x 9,5 cm\" \/>\n<meta property=\"og:url\" content=\"https:\/\/divertarte.com\/index.php\/produto\/almofada-para-olhos-com-lavanda\/\" \/>\n<meta property=\"article:modified_time\" content=\"2025-11-06T13:34:41+00:00\" \/>\n<meta property=\"og:image\" content=\"https:\/\/divertarte.com\/wp-content\/uploads\/2020\/08\/Almofada-para-olhos-com-lavanda-1.jpg\" \/>\n\t<meta property=\"og:image:width\" content=\"300\" \/>\n\t<meta property=\"og:image:height\" content=\"299\" \/>\n\t<meta property=\"og:image:type\" content=\"image\/jpeg\" \/>\n<meta name=\"twitter:card\" content=\"summary_large_image\" \/>\n<meta name=\"twitter:label1\" content=\"Tempo estimado de leitura\" \/>\n\t<meta name=\"twitter:data1\" content=\"2 minutos\" \/>\n<script type=\"application\/ld+json\" class=\"yoast-schema-graph\">{\"@context\":\"https:\\\/\\\/schema.org\",\"@graph\":[{\"@type\":\"WebPage\",\"@id\":\"https:\\\/\\\/divertarte.com\\\/index.php\\\/produto\\\/almofada-para-olhos-com-lavanda\\\/\",\"url\":\"https:\\\/\\\/divertarte.com\\\/index.php\\\/produto\\\/almofada-para-olhos-com-lavanda\\\/\",\"name\":\"Almofada para Olhos com Alfazema \\\/ Lavanda -\",\"isPartOf\":{\"@id\":\"https:\\\/\\\/divertarte.com\\\/#website\"},\"primaryImageOfPage\":{\"@id\":\"https:\\\/\\\/divertarte.com\\\/index.php\\\/produto\\\/almofada-para-olhos-com-lavanda\\\/#primaryimage\"},\"image\":{\"@id\":\"https:\\\/\\\/divertarte.com\\\/index.php\\\/produto\\\/almofada-para-olhos-com-lavanda\\\/#primaryimage\"},\"thumbnailUrl\":\"https:\\\/\\\/divertarte.com\\\/wp-content\\\/uploads\\\/2020\\\/08\\\/Almofada-para-olhos-com-lavanda-1.jpg\",\"datePublished\":\"2020-08-09T08:42:18+00:00\",\"dateModified\":\"2025-11-06T13:34:41+00:00\",\"description\":\"almofada para olhos bloqueia a luz para induz o sono, permitindo-lhe portanto uma experi\u00eancia de pureza e calma sempre que desejar. Alivia o stress e as tens\u00f5es di\u00e1rias, para se sentir refrescada, revitalizada e profundamente rejuvenescida.Dimens\u00f5es:\u00a021 cm x 9,5 cm\",\"breadcrumb\":{\"@id\":\"https:\\\/\\\/divertarte.com\\\/index.php\\\/produto\\\/almofada-para-olhos-com-lavanda\\\/#breadcrumb\"},\"inLanguage\":\"pt-PT\",\"potentialAction\":[{\"@type\":\"ReadAction\",\"target\":[\"https:\\\/\\\/divertarte.com\\\/index.php\\\/produto\\\/almofada-para-olhos-com-lavanda\\\/\"]}]},{\"@type\":\"ImageObject\",\"inLanguage\":\"pt-PT\",\"@id\":\"https:\\\/\\\/divertarte.com\\\/index.php\\\/produto\\\/almofada-para-olhos-com-lavanda\\\/#primaryimage\",\"url\":\"https:\\\/\\\/divertarte.com\\\/wp-content\\\/uploads\\\/2020\\\/08\\\/Almofada-para-olhos-com-lavanda-1.jpg\",\"contentUrl\":\"https:\\\/\\\/divertarte.com\\\/wp-content\\\/uploads\\\/2020\\\/08\\\/Almofada-para-olhos-com-lavanda-1.jpg\",\"width\":300,\"height\":299},{\"@type\":\"BreadcrumbList\",\"@id\":\"https:\\\/\\\/divertarte.com\\\/index.php\\\/produto\\\/almofada-para-olhos-com-lavanda\\\/#breadcrumb\",\"itemListElement\":[{\"@type\":\"ListItem\",\"position\":1,\"name\":\"In\u00edcio\",\"item\":\"https:\\\/\\\/divertarte.com\\\/\"},{\"@type\":\"ListItem\",\"position\":2,\"name\":\"Loja\",\"item\":\"https:\\\/\\\/divertarte.com\\\/index.php\\\/divertarte-produtos\\\/\"},{\"@type\":\"ListItem\",\"position\":3,\"name\":\"Almofada para Olhos com Alfazema \\\/ Lavanda\"}]},{\"@type\":\"WebSite\",\"@id\":\"https:\\\/\\\/divertarte.com\\\/#website\",\"url\":\"https:\\\/\\\/divertarte.com\\\/\",\"name\":\"Divertarte\",\"description\":\"\",\"publisher\":{\"@id\":\"https:\\\/\\\/divertarte.com\\\/#organization\"},\"potentialAction\":[{\"@type\":\"SearchAction\",\"target\":{\"@type\":\"EntryPoint\",\"urlTemplate\":\"https:\\\/\\\/divertarte.com\\\/?s={search_term_string}\"},\"query-input\":{\"@type\":\"PropertyValueSpecification\",\"valueRequired\":true,\"valueName\":\"search_term_string\"}}],\"inLanguage\":\"pt-PT\"},{\"@type\":\"Organization\",\"@id\":\"https:\\\/\\\/divertarte.com\\\/#organization\",\"name\":\"Divertarte\",\"url\":\"https:\\\/\\\/divertarte.com\\\/\",\"logo\":{\"@type\":\"ImageObject\",\"inLanguage\":\"pt-PT\",\"@id\":\"https:\\\/\\\/divertarte.com\\\/#\\\/schema\\\/logo\\\/image\\\/\",\"url\":\"https:\\\/\\\/divertarte.com\\\/wp-content\\\/uploads\\\/2018\\\/07\\\/logo-div.jpg\",\"contentUrl\":\"https:\\\/\\\/divertarte.com\\\/wp-content\\\/uploads\\\/2018\\\/07\\\/logo-div.jpg\",\"width\":295,\"height\":123,\"caption\":\"Divertarte\"},\"image\":{\"@id\":\"https:\\\/\\\/divertarte.com\\\/#\\\/schema\\\/logo\\\/image\\\/\"}}]}<\/script>\n<!-- \/ Yoast SEO plugin. -->","yoast_head_json":{"title":"Almofada para Olhos com Alfazema \/ Lavanda -","description":"almofada para olhos bloqueia a luz para induz o sono, permitindo-lhe portanto uma experi\u00eancia de pureza e calma sempre que desejar. Alivia o stress e as tens\u00f5es di\u00e1rias, para se sentir refrescada, revitalizada e profundamente rejuvenescida.Dimens\u00f5es:\u00a021 cm x 9,5 cm","robots":{"index":"index","follow":"follow","max-snippet":"max-snippet:-1","max-image-preview":"max-image-preview:large","max-video-preview":"max-video-preview:-1"},"canonical":"https:\/\/divertarte.com\/index.php\/produto\/almofada-para-olhos-com-lavanda\/","og_locale":"pt_PT","og_type":"article","og_title":"Almofada para Olhos com Alfazema \/ Lavanda -","og_description":"almofada para olhos bloqueia a luz para induz o sono, permitindo-lhe portanto uma experi\u00eancia de pureza e calma sempre que desejar. Alivia o stress e as tens\u00f5es di\u00e1rias, para se sentir refrescada, revitalizada e profundamente rejuvenescida.Dimens\u00f5es:\u00a021 cm x 9,5 cm","og_url":"https:\/\/divertarte.com\/index.php\/produto\/almofada-para-olhos-com-lavanda\/","article_modified_time":"2025-11-06T13:34:41+00:00","og_image":[{"width":300,"height":299,"url":"https:\/\/divertarte.com\/wp-content\/uploads\/2020\/08\/Almofada-para-olhos-com-lavanda-1.jpg","type":"image\/jpeg"}],"twitter_card":"summary_large_image","twitter_misc":{"Tempo estimado de leitura":"2 minutos"},"schema":{"@context":"https:\/\/schema.org","@graph":[{"@type":"WebPage","@id":"https:\/\/divertarte.com\/index.php\/produto\/almofada-para-olhos-com-lavanda\/","url":"https:\/\/divertarte.com\/index.php\/produto\/almofada-para-olhos-com-lavanda\/","name":"Almofada para Olhos com Alfazema \/ Lavanda -","isPartOf":{"@id":"https:\/\/divertarte.com\/#website"},"primaryImageOfPage":{"@id":"https:\/\/divertarte.com\/index.php\/produto\/almofada-para-olhos-com-lavanda\/#primaryimage"},"image":{"@id":"https:\/\/divertarte.com\/index.php\/produto\/almofada-para-olhos-com-lavanda\/#primaryimage"},"thumbnailUrl":"https:\/\/divertarte.com\/wp-content\/uploads\/2020\/08\/Almofada-para-olhos-com-lavanda-1.jpg","datePublished":"2020-08-09T08:42:18+00:00","dateModified":"2025-11-06T13:34:41+00:00","description":"almofada para olhos bloqueia a luz para induz o sono, permitindo-lhe portanto uma experi\u00eancia de pureza e calma sempre que desejar. Alivia o stress e as tens\u00f5es di\u00e1rias, para se sentir refrescada, revitalizada e profundamente rejuvenescida.Dimens\u00f5es:\u00a021 cm x 9,5 cm","breadcrumb":{"@id":"https:\/\/divertarte.com\/index.php\/produto\/almofada-para-olhos-com-lavanda\/#breadcrumb"},"inLanguage":"pt-PT","potentialAction":[{"@type":"ReadAction","target":["https:\/\/divertarte.com\/index.php\/produto\/almofada-para-olhos-com-lavanda\/"]}]},{"@type":"ImageObject","inLanguage":"pt-PT","@id":"https:\/\/divertarte.com\/index.php\/produto\/almofada-para-olhos-com-lavanda\/#primaryimage","url":"https:\/\/divertarte.com\/wp-content\/uploads\/2020\/08\/Almofada-para-olhos-com-lavanda-1.jpg","contentUrl":"https:\/\/divertarte.com\/wp-content\/uploads\/2020\/08\/Almofada-para-olhos-com-lavanda-1.jpg","width":300,"height":299},{"@type":"BreadcrumbList","@id":"https:\/\/divertarte.com\/index.php\/produto\/almofada-para-olhos-com-lavanda\/#breadcrumb","itemListElement":[{"@type":"ListItem","position":1,"name":"In\u00edcio","item":"https:\/\/divertarte.com\/"},{"@type":"ListItem","position":2,"name":"Loja","item":"https:\/\/divertarte.com\/index.php\/divertarte-produtos\/"},{"@type":"ListItem","position":3,"name":"Almofada para Olhos com Alfazema \/ Lavanda"}]},{"@type":"WebSite","@id":"https:\/\/divertarte.com\/#website","url":"https:\/\/divertarte.com\/","name":"Divertarte","description":"","publisher":{"@id":"https:\/\/divertarte.com\/#organization"},"potentialAction":[{"@type":"SearchAction","target":{"@type":"EntryPoint","urlTemplate":"https:\/\/divertarte.com\/?s={search_term_string}"},"query-input":{"@type":"PropertyValueSpecification","valueRequired":true,"valueName":"search_term_string"}}],"inLanguage":"pt-PT"},{"@type":"Organization","@id":"https:\/\/divertarte.com\/#organization","name":"Divertarte","url":"https:\/\/divertarte.com\/","logo":{"@type":"ImageObject","inLanguage":"pt-PT","@id":"https:\/\/divertarte.com\/#\/schema\/logo\/image\/","url":"https:\/\/divertarte.com\/wp-content\/uploads\/2018\/07\/logo-div.jpg","contentUrl":"https:\/\/divertarte.com\/wp-content\/uploads\/2018\/07\/logo-div.jpg","width":295,"height":123,"caption":"Divertarte"},"image":{"@id":"https:\/\/divertarte.com\/#\/schema\/logo\/image\/"}}]}},"_links":{"self":[{"href":"https:\/\/divertarte.com\/index.php\/wp-json\/wp\/v2\/product\/11190","targetHints":{"allow":["GET"]}}],"collection":[{"href":"https:\/\/divertarte.com\/index.php\/wp-json\/wp\/v2\/product"}],"about":[{"href":"https:\/\/divertarte.com\/index.php\/wp-json\/wp\/v2\/types\/product"}],"replies":[{"embeddable":true,"href":"https:\/\/divertarte.com\/index.php\/wp-json\/wp\/v2\/comments?post=11190"}],"wp:featuredmedia":[{"embeddable":true,"href":"https:\/\/divertarte.com\/index.php\/wp-json\/wp\/v2\/media\/11193"}],"wp:attachment":[{"href":"https:\/\/divertarte.com\/index.php\/wp-json\/wp\/v2\/media?parent=11190"}],"wp:term":[{"taxonomy":"product_brand","embeddable":true,"href":"https:\/\/divertarte.com\/index.php\/wp-json\/wp\/v2\/product_brand?post=11190"},{"taxonomy":"product_cat","embeddable":true,"href":"https:\/\/divertarte.com\/index.php\/wp-json\/wp\/v2\/product_cat?post=11190"},{"taxonomy":"product_tag","embeddable":true,"href":"https:\/\/divertarte.com\/index.php\/wp-json\/wp\/v2\/product_tag?post=11190"}],"curies":[{"name":"wp","href":"https:\/\/api.w.org\/{rel}","templated":true}]}}