{"id":10956,"date":"2020-06-20T16:07:26","date_gmt":"2020-06-20T15:07:26","guid":{"rendered":"https:\/\/divertarte.com\/?post_type=product&#038;p=10956"},"modified":"2026-03-07T21:02:12","modified_gmt":"2026-03-07T21:02:12","slug":"frasco-pet-125ml-preto-tampa-flip-top-cogumelo-branca","status":"publish","type":"product","link":"https:\/\/divertarte.com\/index.php\/produto\/frasco-pet-125ml-preto-tampa-flip-top-cogumelo-branca\/","title":{"rendered":"Frasco PET 125ml preto tampa flip-top cogumelo branca"},"content":{"rendered":"<p>Frasco PET 125ml preto tampa flip-top cogumelo branca<\/p>\n<p>Ideal para Liquidos que n\u00e3o devem apanhar luz, como lo\u00e7\u00e3o, liquido desinfectante,<\/p>\n<p>Altura sem tampa 13.3 cm, \u00d8 4.15cm<\/p>\n<p>Altura total 13.7 cm<\/p>\n<h6><\/h6>\n","protected":false},"excerpt":{"rendered":"<p>Frasco PET 125ml preto tampa flip-top cogumelo branca<\/p>\n<p>Ideal para Liquidos que n\u00e3o devem apanhar luz, como lo\u00e7\u00e3o, liquido desinfectante,<\/p>\n<p>Altura sem tampa 13.3 cm, \u00d8 4.15cm<\/p>\n<p>Altura total 13.7 cm<\/p>\n<p><span style=\"color: #0000ff;\">Campanha: <strong>Oferta Valor do IVA <\/strong>de 15\/4\/2023\u00a0 a 15\/4\/2023 segundo stock existente<\/span><\/p>\n","protected":false},"featured_media":15487,"comment_status":"open","ping_status":"closed","template":"","meta":{"_exactmetrics_skip_tracking":false,"_exactmetrics_sitenote_active":false,"_exactmetrics_sitenote_note":"","_exactmetrics_sitenote_category":0},"product_brand":[],"product_cat":[168],"product_tag":[738,589,462,840],"class_list":{"0":"post-10956","1":"product","2":"type-product","3":"status-publish","4":"has-post-thumbnail","6":"product_cat-frascos-pet-frascos-plastico-boioes-boiao-pet","7":"product_tag-frasco-pet","8":"product_tag-frascos-desinfetante","9":"product_tag-frascos-plastico","10":"product_tag-frascos-plastico-preto","12":"first","13":"instock","14":"taxable","15":"shipping-taxable","16":"purchasable","17":"product-type-simple"},"yoast_head":"<!-- This site is optimized with the Yoast SEO plugin v27.5 - https:\/\/yoast.com\/product\/yoast-seo-wordpress\/ -->\n<title>Frasco PET 125ml preto tampa flip-top cogumelo branca -<\/title>\n<meta name=\"description\" content=\"Frasco PET 125ml preto tampa flip-top cogumelo brancaIdeal para Liquidos que n\u00e3o devem apanhar luz, como lo\u00e7\u00e3o, liquido desinfectante,\u00a0\" \/>\n<meta name=\"robots\" content=\"index, follow, max-snippet:-1, max-image-preview:large, max-video-preview:-1\" \/>\n<link rel=\"canonical\" href=\"https:\/\/divertarte.com\/index.php\/produto\/frasco-pet-125ml-preto-tampa-flip-top-cogumelo-branca\/\" \/>\n<meta property=\"og:locale\" content=\"pt_PT\" \/>\n<meta property=\"og:type\" content=\"article\" \/>\n<meta property=\"og:title\" content=\"Frasco PET 125ml preto tampa flip-top cogumelo branca -\" \/>\n<meta property=\"og:description\" content=\"Frasco PET 125ml preto tampa flip-top cogumelo brancaIdeal para Liquidos que n\u00e3o devem apanhar luz, como lo\u00e7\u00e3o, liquido desinfectante,\u00a0\" \/>\n<meta property=\"og:url\" content=\"https:\/\/divertarte.com\/index.php\/produto\/frasco-pet-125ml-preto-tampa-flip-top-cogumelo-branca\/\" \/>\n<meta property=\"article:modified_time\" content=\"2026-03-07T21:02:12+00:00\" \/>\n<meta property=\"og:image\" content=\"https:\/\/divertarte.com\/wp-content\/uploads\/2020\/06\/Frasco-PET-125ml-preto-tampa-flip-top-cogumelo-branca.jpg\" \/>\n\t<meta property=\"og:image:width\" content=\"240\" \/>\n\t<meta property=\"og:image:height\" content=\"300\" \/>\n\t<meta property=\"og:image:type\" content=\"image\/jpeg\" \/>\n<meta name=\"twitter:card\" content=\"summary_large_image\" \/>\n<script type=\"application\/ld+json\" class=\"yoast-schema-graph\">{\"@context\":\"https:\\\/\\\/schema.org\",\"@graph\":[{\"@type\":\"WebPage\",\"@id\":\"https:\\\/\\\/divertarte.com\\\/index.php\\\/produto\\\/frasco-pet-125ml-preto-tampa-flip-top-cogumelo-branca\\\/\",\"url\":\"https:\\\/\\\/divertarte.com\\\/index.php\\\/produto\\\/frasco-pet-125ml-preto-tampa-flip-top-cogumelo-branca\\\/\",\"name\":\"Frasco PET 125ml preto tampa flip-top cogumelo branca -\",\"isPartOf\":{\"@id\":\"https:\\\/\\\/divertarte.com\\\/#website\"},\"primaryImageOfPage\":{\"@id\":\"https:\\\/\\\/divertarte.com\\\/index.php\\\/produto\\\/frasco-pet-125ml-preto-tampa-flip-top-cogumelo-branca\\\/#primaryimage\"},\"image\":{\"@id\":\"https:\\\/\\\/divertarte.com\\\/index.php\\\/produto\\\/frasco-pet-125ml-preto-tampa-flip-top-cogumelo-branca\\\/#primaryimage\"},\"thumbnailUrl\":\"https:\\\/\\\/divertarte.com\\\/wp-content\\\/uploads\\\/2020\\\/06\\\/Frasco-PET-125ml-preto-tampa-flip-top-cogumelo-branca.jpg\",\"datePublished\":\"2020-06-20T15:07:26+00:00\",\"dateModified\":\"2026-03-07T21:02:12+00:00\",\"description\":\"Frasco PET 125ml preto tampa flip-top cogumelo brancaIdeal para Liquidos que n\u00e3o devem apanhar luz, como lo\u00e7\u00e3o, liquido desinfectante,\u00a0\",\"breadcrumb\":{\"@id\":\"https:\\\/\\\/divertarte.com\\\/index.php\\\/produto\\\/frasco-pet-125ml-preto-tampa-flip-top-cogumelo-branca\\\/#breadcrumb\"},\"inLanguage\":\"pt-PT\",\"potentialAction\":[{\"@type\":\"ReadAction\",\"target\":[\"https:\\\/\\\/divertarte.com\\\/index.php\\\/produto\\\/frasco-pet-125ml-preto-tampa-flip-top-cogumelo-branca\\\/\"]}]},{\"@type\":\"ImageObject\",\"inLanguage\":\"pt-PT\",\"@id\":\"https:\\\/\\\/divertarte.com\\\/index.php\\\/produto\\\/frasco-pet-125ml-preto-tampa-flip-top-cogumelo-branca\\\/#primaryimage\",\"url\":\"https:\\\/\\\/divertarte.com\\\/wp-content\\\/uploads\\\/2020\\\/06\\\/Frasco-PET-125ml-preto-tampa-flip-top-cogumelo-branca.jpg\",\"contentUrl\":\"https:\\\/\\\/divertarte.com\\\/wp-content\\\/uploads\\\/2020\\\/06\\\/Frasco-PET-125ml-preto-tampa-flip-top-cogumelo-branca.jpg\",\"width\":240,\"height\":300},{\"@type\":\"BreadcrumbList\",\"@id\":\"https:\\\/\\\/divertarte.com\\\/index.php\\\/produto\\\/frasco-pet-125ml-preto-tampa-flip-top-cogumelo-branca\\\/#breadcrumb\",\"itemListElement\":[{\"@type\":\"ListItem\",\"position\":1,\"name\":\"In\u00edcio\",\"item\":\"https:\\\/\\\/divertarte.com\\\/\"},{\"@type\":\"ListItem\",\"position\":2,\"name\":\"Loja\",\"item\":\"https:\\\/\\\/divertarte.com\\\/index.php\\\/divertarte-produtos\\\/\"},{\"@type\":\"ListItem\",\"position\":3,\"name\":\"Frasco PET 125ml preto tampa flip-top cogumelo branca\"}]},{\"@type\":\"WebSite\",\"@id\":\"https:\\\/\\\/divertarte.com\\\/#website\",\"url\":\"https:\\\/\\\/divertarte.com\\\/\",\"name\":\"Divertarte\",\"description\":\"\",\"publisher\":{\"@id\":\"https:\\\/\\\/divertarte.com\\\/#organization\"},\"potentialAction\":[{\"@type\":\"SearchAction\",\"target\":{\"@type\":\"EntryPoint\",\"urlTemplate\":\"https:\\\/\\\/divertarte.com\\\/?s={search_term_string}\"},\"query-input\":{\"@type\":\"PropertyValueSpecification\",\"valueRequired\":true,\"valueName\":\"search_term_string\"}}],\"inLanguage\":\"pt-PT\"},{\"@type\":\"Organization\",\"@id\":\"https:\\\/\\\/divertarte.com\\\/#organization\",\"name\":\"Divertarte\",\"url\":\"https:\\\/\\\/divertarte.com\\\/\",\"logo\":{\"@type\":\"ImageObject\",\"inLanguage\":\"pt-PT\",\"@id\":\"https:\\\/\\\/divertarte.com\\\/#\\\/schema\\\/logo\\\/image\\\/\",\"url\":\"https:\\\/\\\/divertarte.com\\\/wp-content\\\/uploads\\\/2018\\\/07\\\/logo-div.jpg\",\"contentUrl\":\"https:\\\/\\\/divertarte.com\\\/wp-content\\\/uploads\\\/2018\\\/07\\\/logo-div.jpg\",\"width\":295,\"height\":123,\"caption\":\"Divertarte\"},\"image\":{\"@id\":\"https:\\\/\\\/divertarte.com\\\/#\\\/schema\\\/logo\\\/image\\\/\"}}]}<\/script>\n<!-- \/ Yoast SEO plugin. -->","yoast_head_json":{"title":"Frasco PET 125ml preto tampa flip-top cogumelo branca -","description":"Frasco PET 125ml preto tampa flip-top cogumelo brancaIdeal para Liquidos que n\u00e3o devem apanhar luz, como lo\u00e7\u00e3o, liquido desinfectante,\u00a0","robots":{"index":"index","follow":"follow","max-snippet":"max-snippet:-1","max-image-preview":"max-image-preview:large","max-video-preview":"max-video-preview:-1"},"canonical":"https:\/\/divertarte.com\/index.php\/produto\/frasco-pet-125ml-preto-tampa-flip-top-cogumelo-branca\/","og_locale":"pt_PT","og_type":"article","og_title":"Frasco PET 125ml preto tampa flip-top cogumelo branca -","og_description":"Frasco PET 125ml preto tampa flip-top cogumelo brancaIdeal para Liquidos que n\u00e3o devem apanhar luz, como lo\u00e7\u00e3o, liquido desinfectante,\u00a0","og_url":"https:\/\/divertarte.com\/index.php\/produto\/frasco-pet-125ml-preto-tampa-flip-top-cogumelo-branca\/","article_modified_time":"2026-03-07T21:02:12+00:00","og_image":[{"width":240,"height":300,"url":"https:\/\/divertarte.com\/wp-content\/uploads\/2020\/06\/Frasco-PET-125ml-preto-tampa-flip-top-cogumelo-branca.jpg","type":"image\/jpeg"}],"twitter_card":"summary_large_image","schema":{"@context":"https:\/\/schema.org","@graph":[{"@type":"WebPage","@id":"https:\/\/divertarte.com\/index.php\/produto\/frasco-pet-125ml-preto-tampa-flip-top-cogumelo-branca\/","url":"https:\/\/divertarte.com\/index.php\/produto\/frasco-pet-125ml-preto-tampa-flip-top-cogumelo-branca\/","name":"Frasco PET 125ml preto tampa flip-top cogumelo branca -","isPartOf":{"@id":"https:\/\/divertarte.com\/#website"},"primaryImageOfPage":{"@id":"https:\/\/divertarte.com\/index.php\/produto\/frasco-pet-125ml-preto-tampa-flip-top-cogumelo-branca\/#primaryimage"},"image":{"@id":"https:\/\/divertarte.com\/index.php\/produto\/frasco-pet-125ml-preto-tampa-flip-top-cogumelo-branca\/#primaryimage"},"thumbnailUrl":"https:\/\/divertarte.com\/wp-content\/uploads\/2020\/06\/Frasco-PET-125ml-preto-tampa-flip-top-cogumelo-branca.jpg","datePublished":"2020-06-20T15:07:26+00:00","dateModified":"2026-03-07T21:02:12+00:00","description":"Frasco PET 125ml preto tampa flip-top cogumelo brancaIdeal para Liquidos que n\u00e3o devem apanhar luz, como lo\u00e7\u00e3o, liquido desinfectante,\u00a0","breadcrumb":{"@id":"https:\/\/divertarte.com\/index.php\/produto\/frasco-pet-125ml-preto-tampa-flip-top-cogumelo-branca\/#breadcrumb"},"inLanguage":"pt-PT","potentialAction":[{"@type":"ReadAction","target":["https:\/\/divertarte.com\/index.php\/produto\/frasco-pet-125ml-preto-tampa-flip-top-cogumelo-branca\/"]}]},{"@type":"ImageObject","inLanguage":"pt-PT","@id":"https:\/\/divertarte.com\/index.php\/produto\/frasco-pet-125ml-preto-tampa-flip-top-cogumelo-branca\/#primaryimage","url":"https:\/\/divertarte.com\/wp-content\/uploads\/2020\/06\/Frasco-PET-125ml-preto-tampa-flip-top-cogumelo-branca.jpg","contentUrl":"https:\/\/divertarte.com\/wp-content\/uploads\/2020\/06\/Frasco-PET-125ml-preto-tampa-flip-top-cogumelo-branca.jpg","width":240,"height":300},{"@type":"BreadcrumbList","@id":"https:\/\/divertarte.com\/index.php\/produto\/frasco-pet-125ml-preto-tampa-flip-top-cogumelo-branca\/#breadcrumb","itemListElement":[{"@type":"ListItem","position":1,"name":"In\u00edcio","item":"https:\/\/divertarte.com\/"},{"@type":"ListItem","position":2,"name":"Loja","item":"https:\/\/divertarte.com\/index.php\/divertarte-produtos\/"},{"@type":"ListItem","position":3,"name":"Frasco PET 125ml preto tampa flip-top cogumelo branca"}]},{"@type":"WebSite","@id":"https:\/\/divertarte.com\/#website","url":"https:\/\/divertarte.com\/","name":"Divertarte","description":"","publisher":{"@id":"https:\/\/divertarte.com\/#organization"},"potentialAction":[{"@type":"SearchAction","target":{"@type":"EntryPoint","urlTemplate":"https:\/\/divertarte.com\/?s={search_term_string}"},"query-input":{"@type":"PropertyValueSpecification","valueRequired":true,"valueName":"search_term_string"}}],"inLanguage":"pt-PT"},{"@type":"Organization","@id":"https:\/\/divertarte.com\/#organization","name":"Divertarte","url":"https:\/\/divertarte.com\/","logo":{"@type":"ImageObject","inLanguage":"pt-PT","@id":"https:\/\/divertarte.com\/#\/schema\/logo\/image\/","url":"https:\/\/divertarte.com\/wp-content\/uploads\/2018\/07\/logo-div.jpg","contentUrl":"https:\/\/divertarte.com\/wp-content\/uploads\/2018\/07\/logo-div.jpg","width":295,"height":123,"caption":"Divertarte"},"image":{"@id":"https:\/\/divertarte.com\/#\/schema\/logo\/image\/"}}]}},"_links":{"self":[{"href":"https:\/\/divertarte.com\/index.php\/wp-json\/wp\/v2\/product\/10956","targetHints":{"allow":["GET"]}}],"collection":[{"href":"https:\/\/divertarte.com\/index.php\/wp-json\/wp\/v2\/product"}],"about":[{"href":"https:\/\/divertarte.com\/index.php\/wp-json\/wp\/v2\/types\/product"}],"replies":[{"embeddable":true,"href":"https:\/\/divertarte.com\/index.php\/wp-json\/wp\/v2\/comments?post=10956"}],"wp:featuredmedia":[{"embeddable":true,"href":"https:\/\/divertarte.com\/index.php\/wp-json\/wp\/v2\/media\/15487"}],"wp:attachment":[{"href":"https:\/\/divertarte.com\/index.php\/wp-json\/wp\/v2\/media?parent=10956"}],"wp:term":[{"taxonomy":"product_brand","embeddable":true,"href":"https:\/\/divertarte.com\/index.php\/wp-json\/wp\/v2\/product_brand?post=10956"},{"taxonomy":"product_cat","embeddable":true,"href":"https:\/\/divertarte.com\/index.php\/wp-json\/wp\/v2\/product_cat?post=10956"},{"taxonomy":"product_tag","embeddable":true,"href":"https:\/\/divertarte.com\/index.php\/wp-json\/wp\/v2\/product_tag?post=10956"}],"curies":[{"name":"wp","href":"https:\/\/api.w.org\/{rel}","templated":true}]}}