{"id":10939,"date":"2020-06-19T17:57:02","date_gmt":"2020-06-19T16:57:02","guid":{"rendered":"https:\/\/divertarte.com\/?post_type=product&#038;p=10939"},"modified":"2025-11-06T13:34:44","modified_gmt":"2025-11-06T13:34:44","slug":"frasco-pet-branco-50-ml-com-tampa-flip-top-cogumelo","status":"publish","type":"product","link":"https:\/\/divertarte.com\/index.php\/produto\/frasco-pet-branco-50-ml-com-tampa-flip-top-cogumelo\/","title":{"rendered":"FRASCO PET BRANCO 50 ml COM TAMPA FLIP-TOP COGUMELO"},"content":{"rendered":"<p>FRASCO PET BRANCO 50 ml COM TAMPA FLIP-TOP COGUMELO<\/p>\n<p>Frasco branco com tampa flip-top cogumelo branca 24\/410. Ideal para alcool gel, gel desinfectante, al\u00e9m disso d\u00e1 para champo, sab\u00e3o de m\u00e3os<\/p>\n","protected":false},"excerpt":{"rendered":"<p>FRASCO PET BRANCO 50 ml COM TAMPA FLIP-TOP COGUMELO<\/p>\n<p>Frasco branco com tampa flip-top cogumelo branca 24\/410. Ideal para alcool gel, gel desinfectante, al\u00e9m disso d\u00e1 para champo, sab\u00e3o de m\u00e3os<\/p>\n<p><span style=\"color: #0000ff;\">Campanha: <strong>Oferta Valor do IVA <\/strong>de 15\/4\/2023\u00a0 a 15\/4\/2023 segundo stock existente<\/span><\/p>\n","protected":false},"featured_media":15492,"comment_status":"open","ping_status":"closed","template":"","meta":{"_exactmetrics_skip_tracking":false,"_exactmetrics_sitenote_active":false,"_exactmetrics_sitenote_note":"","_exactmetrics_sitenote_category":0},"product_brand":[],"product_cat":[168,15],"product_tag":[],"class_list":{"0":"post-10939","1":"product","2":"type-product","3":"status-publish","4":"has-post-thumbnail","6":"product_cat-frascos-pet-frascos-plastico-boioes-boiao-pet","7":"product_cat-ver-todos-os-produtos","9":"first","10":"outofstock","11":"sale","12":"taxable","13":"shipping-taxable","14":"purchasable","15":"product-type-simple"},"yoast_head":"<!-- This site is optimized with the Yoast SEO plugin v27.4 - https:\/\/yoast.com\/product\/yoast-seo-wordpress\/ -->\n<title>FRASCO PET BRANCO 50 ml COM TAMPA FLIP-TOP COGUMELO -<\/title>\n<meta name=\"description\" content=\"FRASCO PET BRANCO 50 ml COM TAMPA FLIP-TOP COGUMELO branca 24\/410. Ideal para alcool gel, gel desinfectante, al\u00e9m disso d\u00e1 para champo, sab\u00e3o de m\u00e3os\" \/>\n<meta name=\"robots\" content=\"index, follow, max-snippet:-1, max-image-preview:large, max-video-preview:-1\" \/>\n<link rel=\"canonical\" href=\"https:\/\/divertarte.com\/index.php\/produto\/frasco-pet-branco-50-ml-com-tampa-flip-top-cogumelo\/\" \/>\n<meta property=\"og:locale\" content=\"pt_PT\" \/>\n<meta property=\"og:type\" content=\"article\" \/>\n<meta property=\"og:title\" content=\"FRASCO PET BRANCO 50 ml COM TAMPA FLIP-TOP COGUMELO -\" \/>\n<meta property=\"og:description\" content=\"FRASCO PET BRANCO 50 ml COM TAMPA FLIP-TOP COGUMELO branca 24\/410. Ideal para alcool gel, gel desinfectante, al\u00e9m disso d\u00e1 para champo, sab\u00e3o de m\u00e3os\" \/>\n<meta property=\"og:url\" content=\"https:\/\/divertarte.com\/index.php\/produto\/frasco-pet-branco-50-ml-com-tampa-flip-top-cogumelo\/\" \/>\n<meta property=\"article:modified_time\" content=\"2025-11-06T13:34:44+00:00\" \/>\n<meta property=\"og:image\" content=\"https:\/\/divertarte.com\/wp-content\/uploads\/2020\/06\/Frasco-PET-branco-50ml-tampa-flip-top-cogumelo.jpg\" \/>\n\t<meta property=\"og:image:width\" content=\"254\" \/>\n\t<meta property=\"og:image:height\" content=\"300\" \/>\n\t<meta property=\"og:image:type\" content=\"image\/jpeg\" \/>\n<meta name=\"twitter:card\" content=\"summary_large_image\" \/>\n<script type=\"application\/ld+json\" class=\"yoast-schema-graph\">{\"@context\":\"https:\\\/\\\/schema.org\",\"@graph\":[{\"@type\":\"WebPage\",\"@id\":\"https:\\\/\\\/divertarte.com\\\/index.php\\\/produto\\\/frasco-pet-branco-50-ml-com-tampa-flip-top-cogumelo\\\/\",\"url\":\"https:\\\/\\\/divertarte.com\\\/index.php\\\/produto\\\/frasco-pet-branco-50-ml-com-tampa-flip-top-cogumelo\\\/\",\"name\":\"FRASCO PET BRANCO 50 ml COM TAMPA FLIP-TOP COGUMELO -\",\"isPartOf\":{\"@id\":\"https:\\\/\\\/divertarte.com\\\/#website\"},\"primaryImageOfPage\":{\"@id\":\"https:\\\/\\\/divertarte.com\\\/index.php\\\/produto\\\/frasco-pet-branco-50-ml-com-tampa-flip-top-cogumelo\\\/#primaryimage\"},\"image\":{\"@id\":\"https:\\\/\\\/divertarte.com\\\/index.php\\\/produto\\\/frasco-pet-branco-50-ml-com-tampa-flip-top-cogumelo\\\/#primaryimage\"},\"thumbnailUrl\":\"https:\\\/\\\/divertarte.com\\\/wp-content\\\/uploads\\\/2020\\\/06\\\/Frasco-PET-branco-50ml-tampa-flip-top-cogumelo.jpg\",\"datePublished\":\"2020-06-19T16:57:02+00:00\",\"dateModified\":\"2025-11-06T13:34:44+00:00\",\"description\":\"FRASCO PET BRANCO 50 ml COM TAMPA FLIP-TOP COGUMELO branca 24\\\/410. Ideal para alcool gel, gel desinfectante, al\u00e9m disso d\u00e1 para champo, sab\u00e3o de m\u00e3os\",\"breadcrumb\":{\"@id\":\"https:\\\/\\\/divertarte.com\\\/index.php\\\/produto\\\/frasco-pet-branco-50-ml-com-tampa-flip-top-cogumelo\\\/#breadcrumb\"},\"inLanguage\":\"pt-PT\",\"potentialAction\":[{\"@type\":\"ReadAction\",\"target\":[\"https:\\\/\\\/divertarte.com\\\/index.php\\\/produto\\\/frasco-pet-branco-50-ml-com-tampa-flip-top-cogumelo\\\/\"]}]},{\"@type\":\"ImageObject\",\"inLanguage\":\"pt-PT\",\"@id\":\"https:\\\/\\\/divertarte.com\\\/index.php\\\/produto\\\/frasco-pet-branco-50-ml-com-tampa-flip-top-cogumelo\\\/#primaryimage\",\"url\":\"https:\\\/\\\/divertarte.com\\\/wp-content\\\/uploads\\\/2020\\\/06\\\/Frasco-PET-branco-50ml-tampa-flip-top-cogumelo.jpg\",\"contentUrl\":\"https:\\\/\\\/divertarte.com\\\/wp-content\\\/uploads\\\/2020\\\/06\\\/Frasco-PET-branco-50ml-tampa-flip-top-cogumelo.jpg\",\"width\":254,\"height\":300},{\"@type\":\"BreadcrumbList\",\"@id\":\"https:\\\/\\\/divertarte.com\\\/index.php\\\/produto\\\/frasco-pet-branco-50-ml-com-tampa-flip-top-cogumelo\\\/#breadcrumb\",\"itemListElement\":[{\"@type\":\"ListItem\",\"position\":1,\"name\":\"In\u00edcio\",\"item\":\"https:\\\/\\\/divertarte.com\\\/\"},{\"@type\":\"ListItem\",\"position\":2,\"name\":\"Loja\",\"item\":\"https:\\\/\\\/divertarte.com\\\/index.php\\\/divertarte-produtos\\\/\"},{\"@type\":\"ListItem\",\"position\":3,\"name\":\"FRASCO PET BRANCO 50 ml COM TAMPA FLIP-TOP COGUMELO\"}]},{\"@type\":\"WebSite\",\"@id\":\"https:\\\/\\\/divertarte.com\\\/#website\",\"url\":\"https:\\\/\\\/divertarte.com\\\/\",\"name\":\"Divertarte\",\"description\":\"\",\"publisher\":{\"@id\":\"https:\\\/\\\/divertarte.com\\\/#organization\"},\"potentialAction\":[{\"@type\":\"SearchAction\",\"target\":{\"@type\":\"EntryPoint\",\"urlTemplate\":\"https:\\\/\\\/divertarte.com\\\/?s={search_term_string}\"},\"query-input\":{\"@type\":\"PropertyValueSpecification\",\"valueRequired\":true,\"valueName\":\"search_term_string\"}}],\"inLanguage\":\"pt-PT\"},{\"@type\":\"Organization\",\"@id\":\"https:\\\/\\\/divertarte.com\\\/#organization\",\"name\":\"Divertarte\",\"url\":\"https:\\\/\\\/divertarte.com\\\/\",\"logo\":{\"@type\":\"ImageObject\",\"inLanguage\":\"pt-PT\",\"@id\":\"https:\\\/\\\/divertarte.com\\\/#\\\/schema\\\/logo\\\/image\\\/\",\"url\":\"https:\\\/\\\/divertarte.com\\\/wp-content\\\/uploads\\\/2018\\\/07\\\/logo-div.jpg\",\"contentUrl\":\"https:\\\/\\\/divertarte.com\\\/wp-content\\\/uploads\\\/2018\\\/07\\\/logo-div.jpg\",\"width\":295,\"height\":123,\"caption\":\"Divertarte\"},\"image\":{\"@id\":\"https:\\\/\\\/divertarte.com\\\/#\\\/schema\\\/logo\\\/image\\\/\"}}]}<\/script>\n<!-- \/ Yoast SEO plugin. -->","yoast_head_json":{"title":"FRASCO PET BRANCO 50 ml COM TAMPA FLIP-TOP COGUMELO -","description":"FRASCO PET BRANCO 50 ml COM TAMPA FLIP-TOP COGUMELO branca 24\/410. Ideal para alcool gel, gel desinfectante, al\u00e9m disso d\u00e1 para champo, sab\u00e3o de m\u00e3os","robots":{"index":"index","follow":"follow","max-snippet":"max-snippet:-1","max-image-preview":"max-image-preview:large","max-video-preview":"max-video-preview:-1"},"canonical":"https:\/\/divertarte.com\/index.php\/produto\/frasco-pet-branco-50-ml-com-tampa-flip-top-cogumelo\/","og_locale":"pt_PT","og_type":"article","og_title":"FRASCO PET BRANCO 50 ml COM TAMPA FLIP-TOP COGUMELO -","og_description":"FRASCO PET BRANCO 50 ml COM TAMPA FLIP-TOP COGUMELO branca 24\/410. Ideal para alcool gel, gel desinfectante, al\u00e9m disso d\u00e1 para champo, sab\u00e3o de m\u00e3os","og_url":"https:\/\/divertarte.com\/index.php\/produto\/frasco-pet-branco-50-ml-com-tampa-flip-top-cogumelo\/","article_modified_time":"2025-11-06T13:34:44+00:00","og_image":[{"width":254,"height":300,"url":"https:\/\/divertarte.com\/wp-content\/uploads\/2020\/06\/Frasco-PET-branco-50ml-tampa-flip-top-cogumelo.jpg","type":"image\/jpeg"}],"twitter_card":"summary_large_image","schema":{"@context":"https:\/\/schema.org","@graph":[{"@type":"WebPage","@id":"https:\/\/divertarte.com\/index.php\/produto\/frasco-pet-branco-50-ml-com-tampa-flip-top-cogumelo\/","url":"https:\/\/divertarte.com\/index.php\/produto\/frasco-pet-branco-50-ml-com-tampa-flip-top-cogumelo\/","name":"FRASCO PET BRANCO 50 ml COM TAMPA FLIP-TOP COGUMELO -","isPartOf":{"@id":"https:\/\/divertarte.com\/#website"},"primaryImageOfPage":{"@id":"https:\/\/divertarte.com\/index.php\/produto\/frasco-pet-branco-50-ml-com-tampa-flip-top-cogumelo\/#primaryimage"},"image":{"@id":"https:\/\/divertarte.com\/index.php\/produto\/frasco-pet-branco-50-ml-com-tampa-flip-top-cogumelo\/#primaryimage"},"thumbnailUrl":"https:\/\/divertarte.com\/wp-content\/uploads\/2020\/06\/Frasco-PET-branco-50ml-tampa-flip-top-cogumelo.jpg","datePublished":"2020-06-19T16:57:02+00:00","dateModified":"2025-11-06T13:34:44+00:00","description":"FRASCO PET BRANCO 50 ml COM TAMPA FLIP-TOP COGUMELO branca 24\/410. Ideal para alcool gel, gel desinfectante, al\u00e9m disso d\u00e1 para champo, sab\u00e3o de m\u00e3os","breadcrumb":{"@id":"https:\/\/divertarte.com\/index.php\/produto\/frasco-pet-branco-50-ml-com-tampa-flip-top-cogumelo\/#breadcrumb"},"inLanguage":"pt-PT","potentialAction":[{"@type":"ReadAction","target":["https:\/\/divertarte.com\/index.php\/produto\/frasco-pet-branco-50-ml-com-tampa-flip-top-cogumelo\/"]}]},{"@type":"ImageObject","inLanguage":"pt-PT","@id":"https:\/\/divertarte.com\/index.php\/produto\/frasco-pet-branco-50-ml-com-tampa-flip-top-cogumelo\/#primaryimage","url":"https:\/\/divertarte.com\/wp-content\/uploads\/2020\/06\/Frasco-PET-branco-50ml-tampa-flip-top-cogumelo.jpg","contentUrl":"https:\/\/divertarte.com\/wp-content\/uploads\/2020\/06\/Frasco-PET-branco-50ml-tampa-flip-top-cogumelo.jpg","width":254,"height":300},{"@type":"BreadcrumbList","@id":"https:\/\/divertarte.com\/index.php\/produto\/frasco-pet-branco-50-ml-com-tampa-flip-top-cogumelo\/#breadcrumb","itemListElement":[{"@type":"ListItem","position":1,"name":"In\u00edcio","item":"https:\/\/divertarte.com\/"},{"@type":"ListItem","position":2,"name":"Loja","item":"https:\/\/divertarte.com\/index.php\/divertarte-produtos\/"},{"@type":"ListItem","position":3,"name":"FRASCO PET BRANCO 50 ml COM TAMPA FLIP-TOP COGUMELO"}]},{"@type":"WebSite","@id":"https:\/\/divertarte.com\/#website","url":"https:\/\/divertarte.com\/","name":"Divertarte","description":"","publisher":{"@id":"https:\/\/divertarte.com\/#organization"},"potentialAction":[{"@type":"SearchAction","target":{"@type":"EntryPoint","urlTemplate":"https:\/\/divertarte.com\/?s={search_term_string}"},"query-input":{"@type":"PropertyValueSpecification","valueRequired":true,"valueName":"search_term_string"}}],"inLanguage":"pt-PT"},{"@type":"Organization","@id":"https:\/\/divertarte.com\/#organization","name":"Divertarte","url":"https:\/\/divertarte.com\/","logo":{"@type":"ImageObject","inLanguage":"pt-PT","@id":"https:\/\/divertarte.com\/#\/schema\/logo\/image\/","url":"https:\/\/divertarte.com\/wp-content\/uploads\/2018\/07\/logo-div.jpg","contentUrl":"https:\/\/divertarte.com\/wp-content\/uploads\/2018\/07\/logo-div.jpg","width":295,"height":123,"caption":"Divertarte"},"image":{"@id":"https:\/\/divertarte.com\/#\/schema\/logo\/image\/"}}]}},"_links":{"self":[{"href":"https:\/\/divertarte.com\/index.php\/wp-json\/wp\/v2\/product\/10939","targetHints":{"allow":["GET"]}}],"collection":[{"href":"https:\/\/divertarte.com\/index.php\/wp-json\/wp\/v2\/product"}],"about":[{"href":"https:\/\/divertarte.com\/index.php\/wp-json\/wp\/v2\/types\/product"}],"replies":[{"embeddable":true,"href":"https:\/\/divertarte.com\/index.php\/wp-json\/wp\/v2\/comments?post=10939"}],"wp:featuredmedia":[{"embeddable":true,"href":"https:\/\/divertarte.com\/index.php\/wp-json\/wp\/v2\/media\/15492"}],"wp:attachment":[{"href":"https:\/\/divertarte.com\/index.php\/wp-json\/wp\/v2\/media?parent=10939"}],"wp:term":[{"taxonomy":"product_brand","embeddable":true,"href":"https:\/\/divertarte.com\/index.php\/wp-json\/wp\/v2\/product_brand?post=10939"},{"taxonomy":"product_cat","embeddable":true,"href":"https:\/\/divertarte.com\/index.php\/wp-json\/wp\/v2\/product_cat?post=10939"},{"taxonomy":"product_tag","embeddable":true,"href":"https:\/\/divertarte.com\/index.php\/wp-json\/wp\/v2\/product_tag?post=10939"}],"curies":[{"name":"wp","href":"https:\/\/api.w.org\/{rel}","templated":true}]}}