{"id":10887,"date":"2020-06-11T14:04:27","date_gmt":"2020-06-11T13:04:27","guid":{"rendered":"https:\/\/divertarte.com\/?post_type=product&#038;p=10887"},"modified":"2025-11-06T13:34:44","modified_gmt":"2025-11-06T13:34:44","slug":"bebe-molde-de-silicone","status":"publish","type":"product","link":"https:\/\/divertarte.com\/index.php\/produto\/bebe-molde-de-silicone\/","title":{"rendered":"Beb\u00e9 molde de silicone"},"content":{"rendered":"<p>Beb\u00e9 molde de silicone.<\/p>\n<p>Medida aproximada da pe\u00e7a retirada do molde\u00a0 2,5 x 4,5 x 1,8 cm<br \/>\nACONSELHADO PARA : sabonetes, biscuits, resinas, vela em parafina, al\u00e9m disso para massas de modelar, gessos, pendinhas, decora\u00e7\u00e3o de molduras e caixinhas, etc.<br \/>\nN\u00e3o aconselhado em produtos aliment\u00edcios.<\/p>\n","protected":false},"excerpt":{"rendered":"<p>Beb\u00e9 molde de silicone.<\/p>\n<p>Medida aproximada da pe\u00e7a retirada do molde\u00a0 2,5 x 4,5 x 1,8 cm<br \/>\nACONSELHADO PARA : sabonetes, biscuits, resinas, vela em parafina, al\u00e9m disso para massas de modelar, gessos, pendinhas, decora\u00e7\u00e3o de molduras e caixinhas, etc.<br \/>\nN\u00e3o aconselhado em produtos aliment\u00edcios.<\/p>\n","protected":false},"featured_media":10888,"comment_status":"open","ping_status":"closed","template":"","meta":{"_exactmetrics_skip_tracking":false,"_exactmetrics_sitenote_active":false,"_exactmetrics_sitenote_note":"","_exactmetrics_sitenote_category":0},"product_brand":[],"product_cat":[82,15],"product_tag":[],"class_list":{"0":"post-10887","1":"product","2":"type-product","3":"status-publish","4":"has-post-thumbnail","6":"product_cat-moldes-bebes-infantis","7":"product_cat-ver-todos-os-produtos","9":"first","10":"onbackorder","11":"taxable","12":"shipping-taxable","13":"purchasable","14":"product-type-simple"},"yoast_head":"<!-- This site is optimized with the Yoast SEO plugin v27.4 - https:\/\/yoast.com\/product\/yoast-seo-wordpress\/ -->\n<title>Beb\u00e9 molde de silicone -<\/title>\n<meta name=\"description\" content=\"molde em silicone sabonetes, biscuits, resinas, vela em parafina, al\u00e9m disso para massas de modelar, gessos, pendinhas, decora\u00e7\u00e3o de molduras e caixinhas\" \/>\n<meta name=\"robots\" content=\"index, follow, max-snippet:-1, max-image-preview:large, max-video-preview:-1\" \/>\n<link rel=\"canonical\" href=\"https:\/\/divertarte.com\/index.php\/produto\/bebe-molde-de-silicone\/\" \/>\n<meta property=\"og:locale\" content=\"pt_PT\" \/>\n<meta property=\"og:type\" content=\"article\" \/>\n<meta property=\"og:title\" content=\"Beb\u00e9 molde de silicone -\" \/>\n<meta property=\"og:description\" content=\"molde em silicone sabonetes, biscuits, resinas, vela em parafina, al\u00e9m disso para massas de modelar, gessos, pendinhas, decora\u00e7\u00e3o de molduras e caixinhas\" \/>\n<meta property=\"og:url\" content=\"https:\/\/divertarte.com\/index.php\/produto\/bebe-molde-de-silicone\/\" \/>\n<meta property=\"article:modified_time\" content=\"2025-11-06T13:34:44+00:00\" \/>\n<meta property=\"og:image\" content=\"https:\/\/divertarte.com\/wp-content\/uploads\/2020\/06\/bebe-molde-silicone.jpg\" \/>\n\t<meta property=\"og:image:width\" content=\"450\" \/>\n\t<meta property=\"og:image:height\" content=\"450\" \/>\n\t<meta property=\"og:image:type\" content=\"image\/jpeg\" \/>\n<meta name=\"twitter:card\" content=\"summary_large_image\" \/>\n<script type=\"application\/ld+json\" class=\"yoast-schema-graph\">{\"@context\":\"https:\\\/\\\/schema.org\",\"@graph\":[{\"@type\":\"WebPage\",\"@id\":\"https:\\\/\\\/divertarte.com\\\/index.php\\\/produto\\\/bebe-molde-de-silicone\\\/\",\"url\":\"https:\\\/\\\/divertarte.com\\\/index.php\\\/produto\\\/bebe-molde-de-silicone\\\/\",\"name\":\"Beb\u00e9 molde de silicone -\",\"isPartOf\":{\"@id\":\"https:\\\/\\\/divertarte.com\\\/#website\"},\"primaryImageOfPage\":{\"@id\":\"https:\\\/\\\/divertarte.com\\\/index.php\\\/produto\\\/bebe-molde-de-silicone\\\/#primaryimage\"},\"image\":{\"@id\":\"https:\\\/\\\/divertarte.com\\\/index.php\\\/produto\\\/bebe-molde-de-silicone\\\/#primaryimage\"},\"thumbnailUrl\":\"https:\\\/\\\/divertarte.com\\\/wp-content\\\/uploads\\\/2020\\\/06\\\/bebe-molde-silicone.jpg\",\"datePublished\":\"2020-06-11T13:04:27+00:00\",\"dateModified\":\"2025-11-06T13:34:44+00:00\",\"description\":\"molde em silicone sabonetes, biscuits, resinas, vela em parafina, al\u00e9m disso para massas de modelar, gessos, pendinhas, decora\u00e7\u00e3o de molduras e caixinhas\",\"breadcrumb\":{\"@id\":\"https:\\\/\\\/divertarte.com\\\/index.php\\\/produto\\\/bebe-molde-de-silicone\\\/#breadcrumb\"},\"inLanguage\":\"pt-PT\",\"potentialAction\":[{\"@type\":\"ReadAction\",\"target\":[\"https:\\\/\\\/divertarte.com\\\/index.php\\\/produto\\\/bebe-molde-de-silicone\\\/\"]}]},{\"@type\":\"ImageObject\",\"inLanguage\":\"pt-PT\",\"@id\":\"https:\\\/\\\/divertarte.com\\\/index.php\\\/produto\\\/bebe-molde-de-silicone\\\/#primaryimage\",\"url\":\"https:\\\/\\\/divertarte.com\\\/wp-content\\\/uploads\\\/2020\\\/06\\\/bebe-molde-silicone.jpg\",\"contentUrl\":\"https:\\\/\\\/divertarte.com\\\/wp-content\\\/uploads\\\/2020\\\/06\\\/bebe-molde-silicone.jpg\",\"width\":450,\"height\":450},{\"@type\":\"BreadcrumbList\",\"@id\":\"https:\\\/\\\/divertarte.com\\\/index.php\\\/produto\\\/bebe-molde-de-silicone\\\/#breadcrumb\",\"itemListElement\":[{\"@type\":\"ListItem\",\"position\":1,\"name\":\"In\u00edcio\",\"item\":\"https:\\\/\\\/divertarte.com\\\/\"},{\"@type\":\"ListItem\",\"position\":2,\"name\":\"Loja\",\"item\":\"https:\\\/\\\/divertarte.com\\\/index.php\\\/divertarte-produtos\\\/\"},{\"@type\":\"ListItem\",\"position\":3,\"name\":\"Beb\u00e9 molde de silicone\"}]},{\"@type\":\"WebSite\",\"@id\":\"https:\\\/\\\/divertarte.com\\\/#website\",\"url\":\"https:\\\/\\\/divertarte.com\\\/\",\"name\":\"Divertarte\",\"description\":\"\",\"publisher\":{\"@id\":\"https:\\\/\\\/divertarte.com\\\/#organization\"},\"potentialAction\":[{\"@type\":\"SearchAction\",\"target\":{\"@type\":\"EntryPoint\",\"urlTemplate\":\"https:\\\/\\\/divertarte.com\\\/?s={search_term_string}\"},\"query-input\":{\"@type\":\"PropertyValueSpecification\",\"valueRequired\":true,\"valueName\":\"search_term_string\"}}],\"inLanguage\":\"pt-PT\"},{\"@type\":\"Organization\",\"@id\":\"https:\\\/\\\/divertarte.com\\\/#organization\",\"name\":\"Divertarte\",\"url\":\"https:\\\/\\\/divertarte.com\\\/\",\"logo\":{\"@type\":\"ImageObject\",\"inLanguage\":\"pt-PT\",\"@id\":\"https:\\\/\\\/divertarte.com\\\/#\\\/schema\\\/logo\\\/image\\\/\",\"url\":\"https:\\\/\\\/divertarte.com\\\/wp-content\\\/uploads\\\/2018\\\/07\\\/logo-div.jpg\",\"contentUrl\":\"https:\\\/\\\/divertarte.com\\\/wp-content\\\/uploads\\\/2018\\\/07\\\/logo-div.jpg\",\"width\":295,\"height\":123,\"caption\":\"Divertarte\"},\"image\":{\"@id\":\"https:\\\/\\\/divertarte.com\\\/#\\\/schema\\\/logo\\\/image\\\/\"}}]}<\/script>\n<!-- \/ Yoast SEO plugin. -->","yoast_head_json":{"title":"Beb\u00e9 molde de silicone -","description":"molde em silicone sabonetes, biscuits, resinas, vela em parafina, al\u00e9m disso para massas de modelar, gessos, pendinhas, decora\u00e7\u00e3o de molduras e caixinhas","robots":{"index":"index","follow":"follow","max-snippet":"max-snippet:-1","max-image-preview":"max-image-preview:large","max-video-preview":"max-video-preview:-1"},"canonical":"https:\/\/divertarte.com\/index.php\/produto\/bebe-molde-de-silicone\/","og_locale":"pt_PT","og_type":"article","og_title":"Beb\u00e9 molde de silicone -","og_description":"molde em silicone sabonetes, biscuits, resinas, vela em parafina, al\u00e9m disso para massas de modelar, gessos, pendinhas, decora\u00e7\u00e3o de molduras e caixinhas","og_url":"https:\/\/divertarte.com\/index.php\/produto\/bebe-molde-de-silicone\/","article_modified_time":"2025-11-06T13:34:44+00:00","og_image":[{"width":450,"height":450,"url":"https:\/\/divertarte.com\/wp-content\/uploads\/2020\/06\/bebe-molde-silicone.jpg","type":"image\/jpeg"}],"twitter_card":"summary_large_image","schema":{"@context":"https:\/\/schema.org","@graph":[{"@type":"WebPage","@id":"https:\/\/divertarte.com\/index.php\/produto\/bebe-molde-de-silicone\/","url":"https:\/\/divertarte.com\/index.php\/produto\/bebe-molde-de-silicone\/","name":"Beb\u00e9 molde de silicone -","isPartOf":{"@id":"https:\/\/divertarte.com\/#website"},"primaryImageOfPage":{"@id":"https:\/\/divertarte.com\/index.php\/produto\/bebe-molde-de-silicone\/#primaryimage"},"image":{"@id":"https:\/\/divertarte.com\/index.php\/produto\/bebe-molde-de-silicone\/#primaryimage"},"thumbnailUrl":"https:\/\/divertarte.com\/wp-content\/uploads\/2020\/06\/bebe-molde-silicone.jpg","datePublished":"2020-06-11T13:04:27+00:00","dateModified":"2025-11-06T13:34:44+00:00","description":"molde em silicone sabonetes, biscuits, resinas, vela em parafina, al\u00e9m disso para massas de modelar, gessos, pendinhas, decora\u00e7\u00e3o de molduras e caixinhas","breadcrumb":{"@id":"https:\/\/divertarte.com\/index.php\/produto\/bebe-molde-de-silicone\/#breadcrumb"},"inLanguage":"pt-PT","potentialAction":[{"@type":"ReadAction","target":["https:\/\/divertarte.com\/index.php\/produto\/bebe-molde-de-silicone\/"]}]},{"@type":"ImageObject","inLanguage":"pt-PT","@id":"https:\/\/divertarte.com\/index.php\/produto\/bebe-molde-de-silicone\/#primaryimage","url":"https:\/\/divertarte.com\/wp-content\/uploads\/2020\/06\/bebe-molde-silicone.jpg","contentUrl":"https:\/\/divertarte.com\/wp-content\/uploads\/2020\/06\/bebe-molde-silicone.jpg","width":450,"height":450},{"@type":"BreadcrumbList","@id":"https:\/\/divertarte.com\/index.php\/produto\/bebe-molde-de-silicone\/#breadcrumb","itemListElement":[{"@type":"ListItem","position":1,"name":"In\u00edcio","item":"https:\/\/divertarte.com\/"},{"@type":"ListItem","position":2,"name":"Loja","item":"https:\/\/divertarte.com\/index.php\/divertarte-produtos\/"},{"@type":"ListItem","position":3,"name":"Beb\u00e9 molde de silicone"}]},{"@type":"WebSite","@id":"https:\/\/divertarte.com\/#website","url":"https:\/\/divertarte.com\/","name":"Divertarte","description":"","publisher":{"@id":"https:\/\/divertarte.com\/#organization"},"potentialAction":[{"@type":"SearchAction","target":{"@type":"EntryPoint","urlTemplate":"https:\/\/divertarte.com\/?s={search_term_string}"},"query-input":{"@type":"PropertyValueSpecification","valueRequired":true,"valueName":"search_term_string"}}],"inLanguage":"pt-PT"},{"@type":"Organization","@id":"https:\/\/divertarte.com\/#organization","name":"Divertarte","url":"https:\/\/divertarte.com\/","logo":{"@type":"ImageObject","inLanguage":"pt-PT","@id":"https:\/\/divertarte.com\/#\/schema\/logo\/image\/","url":"https:\/\/divertarte.com\/wp-content\/uploads\/2018\/07\/logo-div.jpg","contentUrl":"https:\/\/divertarte.com\/wp-content\/uploads\/2018\/07\/logo-div.jpg","width":295,"height":123,"caption":"Divertarte"},"image":{"@id":"https:\/\/divertarte.com\/#\/schema\/logo\/image\/"}}]}},"_links":{"self":[{"href":"https:\/\/divertarte.com\/index.php\/wp-json\/wp\/v2\/product\/10887","targetHints":{"allow":["GET"]}}],"collection":[{"href":"https:\/\/divertarte.com\/index.php\/wp-json\/wp\/v2\/product"}],"about":[{"href":"https:\/\/divertarte.com\/index.php\/wp-json\/wp\/v2\/types\/product"}],"replies":[{"embeddable":true,"href":"https:\/\/divertarte.com\/index.php\/wp-json\/wp\/v2\/comments?post=10887"}],"wp:featuredmedia":[{"embeddable":true,"href":"https:\/\/divertarte.com\/index.php\/wp-json\/wp\/v2\/media\/10888"}],"wp:attachment":[{"href":"https:\/\/divertarte.com\/index.php\/wp-json\/wp\/v2\/media?parent=10887"}],"wp:term":[{"taxonomy":"product_brand","embeddable":true,"href":"https:\/\/divertarte.com\/index.php\/wp-json\/wp\/v2\/product_brand?post=10887"},{"taxonomy":"product_cat","embeddable":true,"href":"https:\/\/divertarte.com\/index.php\/wp-json\/wp\/v2\/product_cat?post=10887"},{"taxonomy":"product_tag","embeddable":true,"href":"https:\/\/divertarte.com\/index.php\/wp-json\/wp\/v2\/product_tag?post=10887"}],"curies":[{"name":"wp","href":"https:\/\/api.w.org\/{rel}","templated":true}]}}