{"id":10812,"date":"2020-05-27T23:01:48","date_gmt":"2020-05-27T22:01:48","guid":{"rendered":"https:\/\/divertarte.com\/?post_type=product&#038;p=10812"},"modified":"2025-11-06T13:34:45","modified_gmt":"2025-11-06T13:34:45","slug":"frasco-pet-transparente-vaporizador-250-ml","status":"publish","type":"product","link":"https:\/\/divertarte.com\/index.php\/produto\/frasco-pet-transparente-vaporizador-250-ml\/","title":{"rendered":"FRASCO PET TRANSPARENTE VAPORIZADOR 250 ml"},"content":{"rendered":"<p>Frasco em PET pl\u00e1stico cristal de 250 ml com vaporizador, ideal para \u00e1lcool.<\/p>\n<p>Al\u00e9m disso serve para desinfectante, cosm\u00e9tica usado em sal\u00e3o de beleza, para prendas de casamento<\/p>\n","protected":false},"excerpt":{"rendered":"<p>Frasco em PET pl\u00e1stico cristal de 250 ml com vaporizador, ideal para \u00e1lcool.<\/p>\n<p>Al\u00e9m disso serve para desinfectante, cosm\u00e9tica usado em sal\u00e3o de beleza, para prendas de casamento<\/p>\n<p><span style=\"color: #0000ff;\">Campanha:\u00a0<strong>Oferta 50% <\/strong>de 15\/4\/2023 a 30\/4\/2023\u00a0 \u00a0 segundo stock existente<\/span><\/p>\n<p>&nbsp;<\/p>\n","protected":false},"featured_media":12307,"comment_status":"open","ping_status":"closed","template":"","meta":{"_exactmetrics_skip_tracking":false,"_exactmetrics_sitenote_active":false,"_exactmetrics_sitenote_note":"","_exactmetrics_sitenote_category":0},"product_brand":[],"product_cat":[168,15],"product_tag":[],"class_list":{"0":"post-10812","1":"product","2":"type-product","3":"status-publish","4":"has-post-thumbnail","6":"product_cat-frascos-pet-frascos-plastico-boioes-boiao-pet","7":"product_cat-ver-todos-os-produtos","9":"first","10":"instock","11":"sale","12":"taxable","13":"shipping-taxable","14":"purchasable","15":"product-type-simple"},"yoast_head":"<!-- This site is optimized with the Yoast SEO plugin v27.4 - https:\/\/yoast.com\/product\/yoast-seo-wordpress\/ -->\n<title>FRASCO PET TRANSPARENTE VAPORIZADOR 250 ml -<\/title>\n<meta name=\"description\" content=\"Frasco em PET pl\u00e1stico cristal de 250 ml com vaporizador, ideal para \u00e1lcool.Al\u00e9m disso serve para desinfectante, cosm\u00e9tica usado em sal\u00e3o de beleza, para prendas de casamento\" \/>\n<meta name=\"robots\" content=\"index, follow, max-snippet:-1, max-image-preview:large, max-video-preview:-1\" \/>\n<link rel=\"canonical\" href=\"https:\/\/divertarte.com\/index.php\/produto\/frasco-pet-transparente-vaporizador-250-ml\/\" \/>\n<meta property=\"og:locale\" content=\"pt_PT\" \/>\n<meta property=\"og:type\" content=\"article\" \/>\n<meta property=\"og:title\" content=\"FRASCO PET TRANSPARENTE VAPORIZADOR 250 ml -\" \/>\n<meta property=\"og:description\" content=\"Frasco em PET pl\u00e1stico cristal de 250 ml com vaporizador, ideal para \u00e1lcool.Al\u00e9m disso serve para desinfectante, cosm\u00e9tica usado em sal\u00e3o de beleza, para prendas de casamento\" \/>\n<meta property=\"og:url\" content=\"https:\/\/divertarte.com\/index.php\/produto\/frasco-pet-transparente-vaporizador-250-ml\/\" \/>\n<meta property=\"article:modified_time\" content=\"2025-11-06T13:34:45+00:00\" \/>\n<meta property=\"og:image\" content=\"https:\/\/divertarte.com\/wp-content\/uploads\/2020\/05\/frasco-PET-250ml-transparente-vaporizador-spray-CAMPANHA-50.jpg\" \/>\n\t<meta property=\"og:image:width\" content=\"324\" \/>\n\t<meta property=\"og:image:height\" content=\"328\" \/>\n\t<meta property=\"og:image:type\" content=\"image\/jpeg\" \/>\n<meta name=\"twitter:card\" content=\"summary_large_image\" \/>\n<script type=\"application\/ld+json\" class=\"yoast-schema-graph\">{\"@context\":\"https:\\\/\\\/schema.org\",\"@graph\":[{\"@type\":\"WebPage\",\"@id\":\"https:\\\/\\\/divertarte.com\\\/index.php\\\/produto\\\/frasco-pet-transparente-vaporizador-250-ml\\\/\",\"url\":\"https:\\\/\\\/divertarte.com\\\/index.php\\\/produto\\\/frasco-pet-transparente-vaporizador-250-ml\\\/\",\"name\":\"FRASCO PET TRANSPARENTE VAPORIZADOR 250 ml -\",\"isPartOf\":{\"@id\":\"https:\\\/\\\/divertarte.com\\\/#website\"},\"primaryImageOfPage\":{\"@id\":\"https:\\\/\\\/divertarte.com\\\/index.php\\\/produto\\\/frasco-pet-transparente-vaporizador-250-ml\\\/#primaryimage\"},\"image\":{\"@id\":\"https:\\\/\\\/divertarte.com\\\/index.php\\\/produto\\\/frasco-pet-transparente-vaporizador-250-ml\\\/#primaryimage\"},\"thumbnailUrl\":\"https:\\\/\\\/divertarte.com\\\/wp-content\\\/uploads\\\/2020\\\/05\\\/frasco-PET-250ml-transparente-vaporizador-spray-CAMPANHA-50.jpg\",\"datePublished\":\"2020-05-27T22:01:48+00:00\",\"dateModified\":\"2025-11-06T13:34:45+00:00\",\"description\":\"Frasco em PET pl\u00e1stico cristal de 250 ml com vaporizador, ideal para \u00e1lcool.Al\u00e9m disso serve para desinfectante, cosm\u00e9tica usado em sal\u00e3o de beleza, para prendas de casamento\",\"breadcrumb\":{\"@id\":\"https:\\\/\\\/divertarte.com\\\/index.php\\\/produto\\\/frasco-pet-transparente-vaporizador-250-ml\\\/#breadcrumb\"},\"inLanguage\":\"pt-PT\",\"potentialAction\":[{\"@type\":\"ReadAction\",\"target\":[\"https:\\\/\\\/divertarte.com\\\/index.php\\\/produto\\\/frasco-pet-transparente-vaporizador-250-ml\\\/\"]}]},{\"@type\":\"ImageObject\",\"inLanguage\":\"pt-PT\",\"@id\":\"https:\\\/\\\/divertarte.com\\\/index.php\\\/produto\\\/frasco-pet-transparente-vaporizador-250-ml\\\/#primaryimage\",\"url\":\"https:\\\/\\\/divertarte.com\\\/wp-content\\\/uploads\\\/2020\\\/05\\\/frasco-PET-250ml-transparente-vaporizador-spray-CAMPANHA-50.jpg\",\"contentUrl\":\"https:\\\/\\\/divertarte.com\\\/wp-content\\\/uploads\\\/2020\\\/05\\\/frasco-PET-250ml-transparente-vaporizador-spray-CAMPANHA-50.jpg\",\"width\":324,\"height\":328},{\"@type\":\"BreadcrumbList\",\"@id\":\"https:\\\/\\\/divertarte.com\\\/index.php\\\/produto\\\/frasco-pet-transparente-vaporizador-250-ml\\\/#breadcrumb\",\"itemListElement\":[{\"@type\":\"ListItem\",\"position\":1,\"name\":\"In\u00edcio\",\"item\":\"https:\\\/\\\/divertarte.com\\\/\"},{\"@type\":\"ListItem\",\"position\":2,\"name\":\"Loja\",\"item\":\"https:\\\/\\\/divertarte.com\\\/index.php\\\/divertarte-produtos\\\/\"},{\"@type\":\"ListItem\",\"position\":3,\"name\":\"FRASCO PET TRANSPARENTE VAPORIZADOR 250 ml\"}]},{\"@type\":\"WebSite\",\"@id\":\"https:\\\/\\\/divertarte.com\\\/#website\",\"url\":\"https:\\\/\\\/divertarte.com\\\/\",\"name\":\"Divertarte\",\"description\":\"\",\"publisher\":{\"@id\":\"https:\\\/\\\/divertarte.com\\\/#organization\"},\"potentialAction\":[{\"@type\":\"SearchAction\",\"target\":{\"@type\":\"EntryPoint\",\"urlTemplate\":\"https:\\\/\\\/divertarte.com\\\/?s={search_term_string}\"},\"query-input\":{\"@type\":\"PropertyValueSpecification\",\"valueRequired\":true,\"valueName\":\"search_term_string\"}}],\"inLanguage\":\"pt-PT\"},{\"@type\":\"Organization\",\"@id\":\"https:\\\/\\\/divertarte.com\\\/#organization\",\"name\":\"Divertarte\",\"url\":\"https:\\\/\\\/divertarte.com\\\/\",\"logo\":{\"@type\":\"ImageObject\",\"inLanguage\":\"pt-PT\",\"@id\":\"https:\\\/\\\/divertarte.com\\\/#\\\/schema\\\/logo\\\/image\\\/\",\"url\":\"https:\\\/\\\/divertarte.com\\\/wp-content\\\/uploads\\\/2018\\\/07\\\/logo-div.jpg\",\"contentUrl\":\"https:\\\/\\\/divertarte.com\\\/wp-content\\\/uploads\\\/2018\\\/07\\\/logo-div.jpg\",\"width\":295,\"height\":123,\"caption\":\"Divertarte\"},\"image\":{\"@id\":\"https:\\\/\\\/divertarte.com\\\/#\\\/schema\\\/logo\\\/image\\\/\"}}]}<\/script>\n<!-- \/ Yoast SEO plugin. -->","yoast_head_json":{"title":"FRASCO PET TRANSPARENTE VAPORIZADOR 250 ml -","description":"Frasco em PET pl\u00e1stico cristal de 250 ml com vaporizador, ideal para \u00e1lcool.Al\u00e9m disso serve para desinfectante, cosm\u00e9tica usado em sal\u00e3o de beleza, para prendas de casamento","robots":{"index":"index","follow":"follow","max-snippet":"max-snippet:-1","max-image-preview":"max-image-preview:large","max-video-preview":"max-video-preview:-1"},"canonical":"https:\/\/divertarte.com\/index.php\/produto\/frasco-pet-transparente-vaporizador-250-ml\/","og_locale":"pt_PT","og_type":"article","og_title":"FRASCO PET TRANSPARENTE VAPORIZADOR 250 ml -","og_description":"Frasco em PET pl\u00e1stico cristal de 250 ml com vaporizador, ideal para \u00e1lcool.Al\u00e9m disso serve para desinfectante, cosm\u00e9tica usado em sal\u00e3o de beleza, para prendas de casamento","og_url":"https:\/\/divertarte.com\/index.php\/produto\/frasco-pet-transparente-vaporizador-250-ml\/","article_modified_time":"2025-11-06T13:34:45+00:00","og_image":[{"width":324,"height":328,"url":"https:\/\/divertarte.com\/wp-content\/uploads\/2020\/05\/frasco-PET-250ml-transparente-vaporizador-spray-CAMPANHA-50.jpg","type":"image\/jpeg"}],"twitter_card":"summary_large_image","schema":{"@context":"https:\/\/schema.org","@graph":[{"@type":"WebPage","@id":"https:\/\/divertarte.com\/index.php\/produto\/frasco-pet-transparente-vaporizador-250-ml\/","url":"https:\/\/divertarte.com\/index.php\/produto\/frasco-pet-transparente-vaporizador-250-ml\/","name":"FRASCO PET TRANSPARENTE VAPORIZADOR 250 ml -","isPartOf":{"@id":"https:\/\/divertarte.com\/#website"},"primaryImageOfPage":{"@id":"https:\/\/divertarte.com\/index.php\/produto\/frasco-pet-transparente-vaporizador-250-ml\/#primaryimage"},"image":{"@id":"https:\/\/divertarte.com\/index.php\/produto\/frasco-pet-transparente-vaporizador-250-ml\/#primaryimage"},"thumbnailUrl":"https:\/\/divertarte.com\/wp-content\/uploads\/2020\/05\/frasco-PET-250ml-transparente-vaporizador-spray-CAMPANHA-50.jpg","datePublished":"2020-05-27T22:01:48+00:00","dateModified":"2025-11-06T13:34:45+00:00","description":"Frasco em PET pl\u00e1stico cristal de 250 ml com vaporizador, ideal para \u00e1lcool.Al\u00e9m disso serve para desinfectante, cosm\u00e9tica usado em sal\u00e3o de beleza, para prendas de casamento","breadcrumb":{"@id":"https:\/\/divertarte.com\/index.php\/produto\/frasco-pet-transparente-vaporizador-250-ml\/#breadcrumb"},"inLanguage":"pt-PT","potentialAction":[{"@type":"ReadAction","target":["https:\/\/divertarte.com\/index.php\/produto\/frasco-pet-transparente-vaporizador-250-ml\/"]}]},{"@type":"ImageObject","inLanguage":"pt-PT","@id":"https:\/\/divertarte.com\/index.php\/produto\/frasco-pet-transparente-vaporizador-250-ml\/#primaryimage","url":"https:\/\/divertarte.com\/wp-content\/uploads\/2020\/05\/frasco-PET-250ml-transparente-vaporizador-spray-CAMPANHA-50.jpg","contentUrl":"https:\/\/divertarte.com\/wp-content\/uploads\/2020\/05\/frasco-PET-250ml-transparente-vaporizador-spray-CAMPANHA-50.jpg","width":324,"height":328},{"@type":"BreadcrumbList","@id":"https:\/\/divertarte.com\/index.php\/produto\/frasco-pet-transparente-vaporizador-250-ml\/#breadcrumb","itemListElement":[{"@type":"ListItem","position":1,"name":"In\u00edcio","item":"https:\/\/divertarte.com\/"},{"@type":"ListItem","position":2,"name":"Loja","item":"https:\/\/divertarte.com\/index.php\/divertarte-produtos\/"},{"@type":"ListItem","position":3,"name":"FRASCO PET TRANSPARENTE VAPORIZADOR 250 ml"}]},{"@type":"WebSite","@id":"https:\/\/divertarte.com\/#website","url":"https:\/\/divertarte.com\/","name":"Divertarte","description":"","publisher":{"@id":"https:\/\/divertarte.com\/#organization"},"potentialAction":[{"@type":"SearchAction","target":{"@type":"EntryPoint","urlTemplate":"https:\/\/divertarte.com\/?s={search_term_string}"},"query-input":{"@type":"PropertyValueSpecification","valueRequired":true,"valueName":"search_term_string"}}],"inLanguage":"pt-PT"},{"@type":"Organization","@id":"https:\/\/divertarte.com\/#organization","name":"Divertarte","url":"https:\/\/divertarte.com\/","logo":{"@type":"ImageObject","inLanguage":"pt-PT","@id":"https:\/\/divertarte.com\/#\/schema\/logo\/image\/","url":"https:\/\/divertarte.com\/wp-content\/uploads\/2018\/07\/logo-div.jpg","contentUrl":"https:\/\/divertarte.com\/wp-content\/uploads\/2018\/07\/logo-div.jpg","width":295,"height":123,"caption":"Divertarte"},"image":{"@id":"https:\/\/divertarte.com\/#\/schema\/logo\/image\/"}}]}},"_links":{"self":[{"href":"https:\/\/divertarte.com\/index.php\/wp-json\/wp\/v2\/product\/10812","targetHints":{"allow":["GET"]}}],"collection":[{"href":"https:\/\/divertarte.com\/index.php\/wp-json\/wp\/v2\/product"}],"about":[{"href":"https:\/\/divertarte.com\/index.php\/wp-json\/wp\/v2\/types\/product"}],"replies":[{"embeddable":true,"href":"https:\/\/divertarte.com\/index.php\/wp-json\/wp\/v2\/comments?post=10812"}],"wp:featuredmedia":[{"embeddable":true,"href":"https:\/\/divertarte.com\/index.php\/wp-json\/wp\/v2\/media\/12307"}],"wp:attachment":[{"href":"https:\/\/divertarte.com\/index.php\/wp-json\/wp\/v2\/media?parent=10812"}],"wp:term":[{"taxonomy":"product_brand","embeddable":true,"href":"https:\/\/divertarte.com\/index.php\/wp-json\/wp\/v2\/product_brand?post=10812"},{"taxonomy":"product_cat","embeddable":true,"href":"https:\/\/divertarte.com\/index.php\/wp-json\/wp\/v2\/product_cat?post=10812"},{"taxonomy":"product_tag","embeddable":true,"href":"https:\/\/divertarte.com\/index.php\/wp-json\/wp\/v2\/product_tag?post=10812"}],"curies":[{"name":"wp","href":"https:\/\/api.w.org\/{rel}","templated":true}]}}