{"id":10808,"date":"2020-05-27T21:59:17","date_gmt":"2020-05-27T20:59:17","guid":{"rendered":"https:\/\/divertarte.com\/?post_type=product&#038;p=10808"},"modified":"2025-11-06T13:34:46","modified_gmt":"2025-11-06T13:34:46","slug":"frasco-pet-transparente-30-ml-com-vaporizador-trompeta","status":"publish","type":"product","link":"https:\/\/divertarte.com\/index.php\/produto\/frasco-pet-transparente-30-ml-com-vaporizador-trompeta\/","title":{"rendered":"Frasco PET transparente 30 ml com vaporizador trompeta"},"content":{"rendered":"<p>Frasco PET transparente 30 ml com vaporizador trompeta.<\/p>\n<p>\u00c1lcool gel, liquido desinfectante. Al\u00e9m disso \u00e9 ideal para trazer no bolso ou na carteira, cheio de \u00e1lcool gel, alcool, liquido desinfectante, col\u00f3nia<\/p>\n","protected":false},"excerpt":{"rendered":"<p>Frasco PET transparente 30 ml com vaporizador trompeta.<\/p>\n<p>\u00c1lcool gel, liquido desinfectante. Al\u00e9m disso \u00e9 ideal para trazer no bolso ou na carteira, cheio de \u00e1lcool gel, alcool, liquido desinfectante, col\u00f3nia<\/p>\n<p>&nbsp;<\/p>\n","protected":false},"featured_media":10847,"comment_status":"open","ping_status":"closed","template":"","meta":{"_exactmetrics_skip_tracking":false,"_exactmetrics_sitenote_active":false,"_exactmetrics_sitenote_note":"","_exactmetrics_sitenote_category":0},"product_brand":[],"product_cat":[168,15],"product_tag":[588,462,740],"class_list":{"0":"post-10808","1":"product","2":"type-product","3":"status-publish","4":"has-post-thumbnail","6":"product_cat-frascos-pet-frascos-plastico-boioes-boiao-pet","7":"product_cat-ver-todos-os-produtos","8":"product_tag-frascos-pet","9":"product_tag-frascos-plastico","10":"product_tag-frascos-spray","12":"first","13":"instock","14":"taxable","15":"shipping-taxable","16":"purchasable","17":"product-type-simple"},"yoast_head":"<!-- This site is optimized with the Yoast SEO plugin v27.4 - https:\/\/yoast.com\/product\/yoast-seo-wordpress\/ -->\n<title>Frasco PET transparente 30 ml com vaporizador trompeta -<\/title>\n<meta name=\"description\" content=\"Frasco PET transparente 30 ml com vaporizador trompeta.\u00a0\u00c1lcool gel, liquido desinfectante ideal para trazer no bolso ou na carteira, cheio de \u00e1lcool gel, alcool, liquido desinfectante, col\u00f3nia\" \/>\n<meta name=\"robots\" content=\"index, follow, max-snippet:-1, max-image-preview:large, max-video-preview:-1\" \/>\n<link rel=\"canonical\" href=\"https:\/\/divertarte.com\/index.php\/produto\/frasco-pet-transparente-30-ml-com-vaporizador-trompeta\/\" \/>\n<meta property=\"og:locale\" content=\"pt_PT\" \/>\n<meta property=\"og:type\" content=\"article\" \/>\n<meta property=\"og:title\" content=\"Frasco PET transparente 30 ml com vaporizador trompeta -\" \/>\n<meta property=\"og:description\" content=\"Frasco PET transparente 30 ml com vaporizador trompeta.\u00a0\u00c1lcool gel, liquido desinfectante ideal para trazer no bolso ou na carteira, cheio de \u00e1lcool gel, alcool, liquido desinfectante, col\u00f3nia\" \/>\n<meta property=\"og:url\" content=\"https:\/\/divertarte.com\/index.php\/produto\/frasco-pet-transparente-30-ml-com-vaporizador-trompeta\/\" \/>\n<meta property=\"article:modified_time\" content=\"2025-11-06T13:34:46+00:00\" \/>\n<meta property=\"og:image\" content=\"https:\/\/divertarte.com\/wp-content\/uploads\/2020\/05\/Frasco-PET-transparente-30-ml-com-vaporizador-trompeta.jpg\" \/>\n\t<meta property=\"og:image:width\" content=\"324\" \/>\n\t<meta property=\"og:image:height\" content=\"405\" \/>\n\t<meta property=\"og:image:type\" content=\"image\/jpeg\" \/>\n<meta name=\"twitter:card\" content=\"summary_large_image\" \/>\n<script type=\"application\/ld+json\" class=\"yoast-schema-graph\">{\"@context\":\"https:\\\/\\\/schema.org\",\"@graph\":[{\"@type\":\"WebPage\",\"@id\":\"https:\\\/\\\/divertarte.com\\\/index.php\\\/produto\\\/frasco-pet-transparente-30-ml-com-vaporizador-trompeta\\\/\",\"url\":\"https:\\\/\\\/divertarte.com\\\/index.php\\\/produto\\\/frasco-pet-transparente-30-ml-com-vaporizador-trompeta\\\/\",\"name\":\"Frasco PET transparente 30 ml com vaporizador trompeta -\",\"isPartOf\":{\"@id\":\"https:\\\/\\\/divertarte.com\\\/#website\"},\"primaryImageOfPage\":{\"@id\":\"https:\\\/\\\/divertarte.com\\\/index.php\\\/produto\\\/frasco-pet-transparente-30-ml-com-vaporizador-trompeta\\\/#primaryimage\"},\"image\":{\"@id\":\"https:\\\/\\\/divertarte.com\\\/index.php\\\/produto\\\/frasco-pet-transparente-30-ml-com-vaporizador-trompeta\\\/#primaryimage\"},\"thumbnailUrl\":\"https:\\\/\\\/divertarte.com\\\/wp-content\\\/uploads\\\/2020\\\/05\\\/Frasco-PET-transparente-30-ml-com-vaporizador-trompeta.jpg\",\"datePublished\":\"2020-05-27T20:59:17+00:00\",\"dateModified\":\"2025-11-06T13:34:46+00:00\",\"description\":\"Frasco PET transparente 30 ml com vaporizador trompeta.\u00a0\u00c1lcool gel, liquido desinfectante ideal para trazer no bolso ou na carteira, cheio de \u00e1lcool gel, alcool, liquido desinfectante, col\u00f3nia\",\"breadcrumb\":{\"@id\":\"https:\\\/\\\/divertarte.com\\\/index.php\\\/produto\\\/frasco-pet-transparente-30-ml-com-vaporizador-trompeta\\\/#breadcrumb\"},\"inLanguage\":\"pt-PT\",\"potentialAction\":[{\"@type\":\"ReadAction\",\"target\":[\"https:\\\/\\\/divertarte.com\\\/index.php\\\/produto\\\/frasco-pet-transparente-30-ml-com-vaporizador-trompeta\\\/\"]}]},{\"@type\":\"ImageObject\",\"inLanguage\":\"pt-PT\",\"@id\":\"https:\\\/\\\/divertarte.com\\\/index.php\\\/produto\\\/frasco-pet-transparente-30-ml-com-vaporizador-trompeta\\\/#primaryimage\",\"url\":\"https:\\\/\\\/divertarte.com\\\/wp-content\\\/uploads\\\/2020\\\/05\\\/Frasco-PET-transparente-30-ml-com-vaporizador-trompeta.jpg\",\"contentUrl\":\"https:\\\/\\\/divertarte.com\\\/wp-content\\\/uploads\\\/2020\\\/05\\\/Frasco-PET-transparente-30-ml-com-vaporizador-trompeta.jpg\",\"width\":324,\"height\":405},{\"@type\":\"BreadcrumbList\",\"@id\":\"https:\\\/\\\/divertarte.com\\\/index.php\\\/produto\\\/frasco-pet-transparente-30-ml-com-vaporizador-trompeta\\\/#breadcrumb\",\"itemListElement\":[{\"@type\":\"ListItem\",\"position\":1,\"name\":\"In\u00edcio\",\"item\":\"https:\\\/\\\/divertarte.com\\\/\"},{\"@type\":\"ListItem\",\"position\":2,\"name\":\"Loja\",\"item\":\"https:\\\/\\\/divertarte.com\\\/index.php\\\/divertarte-produtos\\\/\"},{\"@type\":\"ListItem\",\"position\":3,\"name\":\"Frasco PET transparente 30 ml com vaporizador trompeta\"}]},{\"@type\":\"WebSite\",\"@id\":\"https:\\\/\\\/divertarte.com\\\/#website\",\"url\":\"https:\\\/\\\/divertarte.com\\\/\",\"name\":\"Divertarte\",\"description\":\"\",\"publisher\":{\"@id\":\"https:\\\/\\\/divertarte.com\\\/#organization\"},\"potentialAction\":[{\"@type\":\"SearchAction\",\"target\":{\"@type\":\"EntryPoint\",\"urlTemplate\":\"https:\\\/\\\/divertarte.com\\\/?s={search_term_string}\"},\"query-input\":{\"@type\":\"PropertyValueSpecification\",\"valueRequired\":true,\"valueName\":\"search_term_string\"}}],\"inLanguage\":\"pt-PT\"},{\"@type\":\"Organization\",\"@id\":\"https:\\\/\\\/divertarte.com\\\/#organization\",\"name\":\"Divertarte\",\"url\":\"https:\\\/\\\/divertarte.com\\\/\",\"logo\":{\"@type\":\"ImageObject\",\"inLanguage\":\"pt-PT\",\"@id\":\"https:\\\/\\\/divertarte.com\\\/#\\\/schema\\\/logo\\\/image\\\/\",\"url\":\"https:\\\/\\\/divertarte.com\\\/wp-content\\\/uploads\\\/2018\\\/07\\\/logo-div.jpg\",\"contentUrl\":\"https:\\\/\\\/divertarte.com\\\/wp-content\\\/uploads\\\/2018\\\/07\\\/logo-div.jpg\",\"width\":295,\"height\":123,\"caption\":\"Divertarte\"},\"image\":{\"@id\":\"https:\\\/\\\/divertarte.com\\\/#\\\/schema\\\/logo\\\/image\\\/\"}}]}<\/script>\n<!-- \/ Yoast SEO plugin. -->","yoast_head_json":{"title":"Frasco PET transparente 30 ml com vaporizador trompeta -","description":"Frasco PET transparente 30 ml com vaporizador trompeta.\u00a0\u00c1lcool gel, liquido desinfectante ideal para trazer no bolso ou na carteira, cheio de \u00e1lcool gel, alcool, liquido desinfectante, col\u00f3nia","robots":{"index":"index","follow":"follow","max-snippet":"max-snippet:-1","max-image-preview":"max-image-preview:large","max-video-preview":"max-video-preview:-1"},"canonical":"https:\/\/divertarte.com\/index.php\/produto\/frasco-pet-transparente-30-ml-com-vaporizador-trompeta\/","og_locale":"pt_PT","og_type":"article","og_title":"Frasco PET transparente 30 ml com vaporizador trompeta -","og_description":"Frasco PET transparente 30 ml com vaporizador trompeta.\u00a0\u00c1lcool gel, liquido desinfectante ideal para trazer no bolso ou na carteira, cheio de \u00e1lcool gel, alcool, liquido desinfectante, col\u00f3nia","og_url":"https:\/\/divertarte.com\/index.php\/produto\/frasco-pet-transparente-30-ml-com-vaporizador-trompeta\/","article_modified_time":"2025-11-06T13:34:46+00:00","og_image":[{"width":324,"height":405,"url":"https:\/\/divertarte.com\/wp-content\/uploads\/2020\/05\/Frasco-PET-transparente-30-ml-com-vaporizador-trompeta.jpg","type":"image\/jpeg"}],"twitter_card":"summary_large_image","schema":{"@context":"https:\/\/schema.org","@graph":[{"@type":"WebPage","@id":"https:\/\/divertarte.com\/index.php\/produto\/frasco-pet-transparente-30-ml-com-vaporizador-trompeta\/","url":"https:\/\/divertarte.com\/index.php\/produto\/frasco-pet-transparente-30-ml-com-vaporizador-trompeta\/","name":"Frasco PET transparente 30 ml com vaporizador trompeta -","isPartOf":{"@id":"https:\/\/divertarte.com\/#website"},"primaryImageOfPage":{"@id":"https:\/\/divertarte.com\/index.php\/produto\/frasco-pet-transparente-30-ml-com-vaporizador-trompeta\/#primaryimage"},"image":{"@id":"https:\/\/divertarte.com\/index.php\/produto\/frasco-pet-transparente-30-ml-com-vaporizador-trompeta\/#primaryimage"},"thumbnailUrl":"https:\/\/divertarte.com\/wp-content\/uploads\/2020\/05\/Frasco-PET-transparente-30-ml-com-vaporizador-trompeta.jpg","datePublished":"2020-05-27T20:59:17+00:00","dateModified":"2025-11-06T13:34:46+00:00","description":"Frasco PET transparente 30 ml com vaporizador trompeta.\u00a0\u00c1lcool gel, liquido desinfectante ideal para trazer no bolso ou na carteira, cheio de \u00e1lcool gel, alcool, liquido desinfectante, col\u00f3nia","breadcrumb":{"@id":"https:\/\/divertarte.com\/index.php\/produto\/frasco-pet-transparente-30-ml-com-vaporizador-trompeta\/#breadcrumb"},"inLanguage":"pt-PT","potentialAction":[{"@type":"ReadAction","target":["https:\/\/divertarte.com\/index.php\/produto\/frasco-pet-transparente-30-ml-com-vaporizador-trompeta\/"]}]},{"@type":"ImageObject","inLanguage":"pt-PT","@id":"https:\/\/divertarte.com\/index.php\/produto\/frasco-pet-transparente-30-ml-com-vaporizador-trompeta\/#primaryimage","url":"https:\/\/divertarte.com\/wp-content\/uploads\/2020\/05\/Frasco-PET-transparente-30-ml-com-vaporizador-trompeta.jpg","contentUrl":"https:\/\/divertarte.com\/wp-content\/uploads\/2020\/05\/Frasco-PET-transparente-30-ml-com-vaporizador-trompeta.jpg","width":324,"height":405},{"@type":"BreadcrumbList","@id":"https:\/\/divertarte.com\/index.php\/produto\/frasco-pet-transparente-30-ml-com-vaporizador-trompeta\/#breadcrumb","itemListElement":[{"@type":"ListItem","position":1,"name":"In\u00edcio","item":"https:\/\/divertarte.com\/"},{"@type":"ListItem","position":2,"name":"Loja","item":"https:\/\/divertarte.com\/index.php\/divertarte-produtos\/"},{"@type":"ListItem","position":3,"name":"Frasco PET transparente 30 ml com vaporizador trompeta"}]},{"@type":"WebSite","@id":"https:\/\/divertarte.com\/#website","url":"https:\/\/divertarte.com\/","name":"Divertarte","description":"","publisher":{"@id":"https:\/\/divertarte.com\/#organization"},"potentialAction":[{"@type":"SearchAction","target":{"@type":"EntryPoint","urlTemplate":"https:\/\/divertarte.com\/?s={search_term_string}"},"query-input":{"@type":"PropertyValueSpecification","valueRequired":true,"valueName":"search_term_string"}}],"inLanguage":"pt-PT"},{"@type":"Organization","@id":"https:\/\/divertarte.com\/#organization","name":"Divertarte","url":"https:\/\/divertarte.com\/","logo":{"@type":"ImageObject","inLanguage":"pt-PT","@id":"https:\/\/divertarte.com\/#\/schema\/logo\/image\/","url":"https:\/\/divertarte.com\/wp-content\/uploads\/2018\/07\/logo-div.jpg","contentUrl":"https:\/\/divertarte.com\/wp-content\/uploads\/2018\/07\/logo-div.jpg","width":295,"height":123,"caption":"Divertarte"},"image":{"@id":"https:\/\/divertarte.com\/#\/schema\/logo\/image\/"}}]}},"_links":{"self":[{"href":"https:\/\/divertarte.com\/index.php\/wp-json\/wp\/v2\/product\/10808","targetHints":{"allow":["GET"]}}],"collection":[{"href":"https:\/\/divertarte.com\/index.php\/wp-json\/wp\/v2\/product"}],"about":[{"href":"https:\/\/divertarte.com\/index.php\/wp-json\/wp\/v2\/types\/product"}],"replies":[{"embeddable":true,"href":"https:\/\/divertarte.com\/index.php\/wp-json\/wp\/v2\/comments?post=10808"}],"wp:featuredmedia":[{"embeddable":true,"href":"https:\/\/divertarte.com\/index.php\/wp-json\/wp\/v2\/media\/10847"}],"wp:attachment":[{"href":"https:\/\/divertarte.com\/index.php\/wp-json\/wp\/v2\/media?parent=10808"}],"wp:term":[{"taxonomy":"product_brand","embeddable":true,"href":"https:\/\/divertarte.com\/index.php\/wp-json\/wp\/v2\/product_brand?post=10808"},{"taxonomy":"product_cat","embeddable":true,"href":"https:\/\/divertarte.com\/index.php\/wp-json\/wp\/v2\/product_cat?post=10808"},{"taxonomy":"product_tag","embeddable":true,"href":"https:\/\/divertarte.com\/index.php\/wp-json\/wp\/v2\/product_tag?post=10808"}],"curies":[{"name":"wp","href":"https:\/\/api.w.org\/{rel}","templated":true}]}}