{"id":10774,"date":"2020-05-21T22:25:55","date_gmt":"2020-05-21T21:25:55","guid":{"rendered":"https:\/\/divertarte.com\/?post_type=product&#038;p=10774"},"modified":"2025-11-06T13:34:47","modified_gmt":"2025-11-06T13:34:47","slug":"frasco-pet-doseador-1-litro-preto","status":"publish","type":"product","link":"https:\/\/divertarte.com\/index.php\/produto\/frasco-pet-doseador-1-litro-preto\/","title":{"rendered":"Frasco PET preto 1 litro com doseador"},"content":{"rendered":"<p>Frasco PET preto 1 litro com doseador<\/p>\n<p>Frasco em PET pl\u00e1stico preto de 1 litro com doseador, ideal para \u00e1lcool gel, covid. Al\u00e9m disso serve para champ\u00f4, gel de duche, sabonete liquido, cosm\u00e9tica usado em sal\u00e3o de beleza<\/p>\n","protected":false},"excerpt":{"rendered":"<p>Frasco PET preto 1 litro com doseador<\/p>\n<p>Frasco em PET pl\u00e1stico preto de 1 litro com doseador, ideal para \u00e1lcool gel. Al\u00e9m disso serve para champ\u00f4, gel de duche, sabonete liquido, cosm\u00e9tica usado em sal\u00e3o de beleza<\/p>\n","protected":false},"featured_media":10775,"comment_status":"open","ping_status":"closed","template":"","meta":{"_exactmetrics_skip_tracking":false,"_exactmetrics_sitenote_active":false,"_exactmetrics_sitenote_note":"","_exactmetrics_sitenote_category":0},"product_brand":[],"product_cat":[168],"product_tag":[846,842,845],"class_list":{"0":"post-10774","1":"product","2":"type-product","3":"status-publish","4":"has-post-thumbnail","6":"product_cat-frascos-pet-frascos-plastico-boioes-boiao-pet","7":"product_tag-frasco-alcool-gel","8":"product_tag-frasco-champo","9":"product_tag-frascos-pet-preto","11":"first","12":"instock","13":"taxable","14":"shipping-taxable","15":"purchasable","16":"product-type-simple"},"yoast_head":"<!-- This site is optimized with the Yoast SEO plugin v27.4 - https:\/\/yoast.com\/product\/yoast-seo-wordpress\/ -->\n<title>Frasco PET preto 1 litro com doseador -<\/title>\n<meta name=\"description\" content=\"FRASCO PET COM DOSEADOR 1 Litro pl\u00e1stico preto de 1 litro com doseador, ideal para \u00e1lcool gel,champ\u00f4,gel de duche,sabonete liquido,cosm\u00e9tica\" \/>\n<meta name=\"robots\" content=\"index, follow, max-snippet:-1, max-image-preview:large, max-video-preview:-1\" \/>\n<link rel=\"canonical\" href=\"https:\/\/divertarte.com\/index.php\/produto\/frasco-pet-doseador-1-litro-preto\/\" \/>\n<meta property=\"og:locale\" content=\"pt_PT\" \/>\n<meta property=\"og:type\" content=\"article\" \/>\n<meta property=\"og:title\" content=\"Frasco PET preto 1 litro com doseador -\" \/>\n<meta property=\"og:description\" content=\"FRASCO PET COM DOSEADOR 1 Litro pl\u00e1stico preto de 1 litro com doseador, ideal para \u00e1lcool gel,champ\u00f4,gel de duche,sabonete liquido,cosm\u00e9tica\" \/>\n<meta property=\"og:url\" content=\"https:\/\/divertarte.com\/index.php\/produto\/frasco-pet-doseador-1-litro-preto\/\" \/>\n<meta property=\"article:modified_time\" content=\"2025-11-06T13:34:47+00:00\" \/>\n<meta property=\"og:image\" content=\"https:\/\/divertarte.com\/wp-content\/uploads\/2020\/05\/frasco-PET-1-litro-preto-doseador.jpg\" \/>\n\t<meta property=\"og:image:width\" content=\"341\" \/>\n\t<meta property=\"og:image:height\" content=\"406\" \/>\n\t<meta property=\"og:image:type\" content=\"image\/jpeg\" \/>\n<meta name=\"twitter:card\" content=\"summary_large_image\" \/>\n<script type=\"application\/ld+json\" class=\"yoast-schema-graph\">{\"@context\":\"https:\\\/\\\/schema.org\",\"@graph\":[{\"@type\":\"WebPage\",\"@id\":\"https:\\\/\\\/divertarte.com\\\/index.php\\\/produto\\\/frasco-pet-doseador-1-litro-preto\\\/\",\"url\":\"https:\\\/\\\/divertarte.com\\\/index.php\\\/produto\\\/frasco-pet-doseador-1-litro-preto\\\/\",\"name\":\"Frasco PET preto 1 litro com doseador -\",\"isPartOf\":{\"@id\":\"https:\\\/\\\/divertarte.com\\\/#website\"},\"primaryImageOfPage\":{\"@id\":\"https:\\\/\\\/divertarte.com\\\/index.php\\\/produto\\\/frasco-pet-doseador-1-litro-preto\\\/#primaryimage\"},\"image\":{\"@id\":\"https:\\\/\\\/divertarte.com\\\/index.php\\\/produto\\\/frasco-pet-doseador-1-litro-preto\\\/#primaryimage\"},\"thumbnailUrl\":\"https:\\\/\\\/divertarte.com\\\/wp-content\\\/uploads\\\/2020\\\/05\\\/frasco-PET-1-litro-preto-doseador.jpg\",\"datePublished\":\"2020-05-21T21:25:55+00:00\",\"dateModified\":\"2025-11-06T13:34:47+00:00\",\"description\":\"FRASCO PET COM DOSEADOR 1 Litro pl\u00e1stico preto de 1 litro com doseador, ideal para \u00e1lcool gel,champ\u00f4,gel de duche,sabonete liquido,cosm\u00e9tica\",\"breadcrumb\":{\"@id\":\"https:\\\/\\\/divertarte.com\\\/index.php\\\/produto\\\/frasco-pet-doseador-1-litro-preto\\\/#breadcrumb\"},\"inLanguage\":\"pt-PT\",\"potentialAction\":[{\"@type\":\"ReadAction\",\"target\":[\"https:\\\/\\\/divertarte.com\\\/index.php\\\/produto\\\/frasco-pet-doseador-1-litro-preto\\\/\"]}]},{\"@type\":\"ImageObject\",\"inLanguage\":\"pt-PT\",\"@id\":\"https:\\\/\\\/divertarte.com\\\/index.php\\\/produto\\\/frasco-pet-doseador-1-litro-preto\\\/#primaryimage\",\"url\":\"https:\\\/\\\/divertarte.com\\\/wp-content\\\/uploads\\\/2020\\\/05\\\/frasco-PET-1-litro-preto-doseador.jpg\",\"contentUrl\":\"https:\\\/\\\/divertarte.com\\\/wp-content\\\/uploads\\\/2020\\\/05\\\/frasco-PET-1-litro-preto-doseador.jpg\",\"width\":341,\"height\":406},{\"@type\":\"BreadcrumbList\",\"@id\":\"https:\\\/\\\/divertarte.com\\\/index.php\\\/produto\\\/frasco-pet-doseador-1-litro-preto\\\/#breadcrumb\",\"itemListElement\":[{\"@type\":\"ListItem\",\"position\":1,\"name\":\"In\u00edcio\",\"item\":\"https:\\\/\\\/divertarte.com\\\/\"},{\"@type\":\"ListItem\",\"position\":2,\"name\":\"Loja\",\"item\":\"https:\\\/\\\/divertarte.com\\\/index.php\\\/divertarte-produtos\\\/\"},{\"@type\":\"ListItem\",\"position\":3,\"name\":\"Frasco PET preto 1 litro com doseador\"}]},{\"@type\":\"WebSite\",\"@id\":\"https:\\\/\\\/divertarte.com\\\/#website\",\"url\":\"https:\\\/\\\/divertarte.com\\\/\",\"name\":\"Divertarte\",\"description\":\"\",\"publisher\":{\"@id\":\"https:\\\/\\\/divertarte.com\\\/#organization\"},\"potentialAction\":[{\"@type\":\"SearchAction\",\"target\":{\"@type\":\"EntryPoint\",\"urlTemplate\":\"https:\\\/\\\/divertarte.com\\\/?s={search_term_string}\"},\"query-input\":{\"@type\":\"PropertyValueSpecification\",\"valueRequired\":true,\"valueName\":\"search_term_string\"}}],\"inLanguage\":\"pt-PT\"},{\"@type\":\"Organization\",\"@id\":\"https:\\\/\\\/divertarte.com\\\/#organization\",\"name\":\"Divertarte\",\"url\":\"https:\\\/\\\/divertarte.com\\\/\",\"logo\":{\"@type\":\"ImageObject\",\"inLanguage\":\"pt-PT\",\"@id\":\"https:\\\/\\\/divertarte.com\\\/#\\\/schema\\\/logo\\\/image\\\/\",\"url\":\"https:\\\/\\\/divertarte.com\\\/wp-content\\\/uploads\\\/2018\\\/07\\\/logo-div.jpg\",\"contentUrl\":\"https:\\\/\\\/divertarte.com\\\/wp-content\\\/uploads\\\/2018\\\/07\\\/logo-div.jpg\",\"width\":295,\"height\":123,\"caption\":\"Divertarte\"},\"image\":{\"@id\":\"https:\\\/\\\/divertarte.com\\\/#\\\/schema\\\/logo\\\/image\\\/\"}}]}<\/script>\n<!-- \/ Yoast SEO plugin. -->","yoast_head_json":{"title":"Frasco PET preto 1 litro com doseador -","description":"FRASCO PET COM DOSEADOR 1 Litro pl\u00e1stico preto de 1 litro com doseador, ideal para \u00e1lcool gel,champ\u00f4,gel de duche,sabonete liquido,cosm\u00e9tica","robots":{"index":"index","follow":"follow","max-snippet":"max-snippet:-1","max-image-preview":"max-image-preview:large","max-video-preview":"max-video-preview:-1"},"canonical":"https:\/\/divertarte.com\/index.php\/produto\/frasco-pet-doseador-1-litro-preto\/","og_locale":"pt_PT","og_type":"article","og_title":"Frasco PET preto 1 litro com doseador -","og_description":"FRASCO PET COM DOSEADOR 1 Litro pl\u00e1stico preto de 1 litro com doseador, ideal para \u00e1lcool gel,champ\u00f4,gel de duche,sabonete liquido,cosm\u00e9tica","og_url":"https:\/\/divertarte.com\/index.php\/produto\/frasco-pet-doseador-1-litro-preto\/","article_modified_time":"2025-11-06T13:34:47+00:00","og_image":[{"width":341,"height":406,"url":"https:\/\/divertarte.com\/wp-content\/uploads\/2020\/05\/frasco-PET-1-litro-preto-doseador.jpg","type":"image\/jpeg"}],"twitter_card":"summary_large_image","schema":{"@context":"https:\/\/schema.org","@graph":[{"@type":"WebPage","@id":"https:\/\/divertarte.com\/index.php\/produto\/frasco-pet-doseador-1-litro-preto\/","url":"https:\/\/divertarte.com\/index.php\/produto\/frasco-pet-doseador-1-litro-preto\/","name":"Frasco PET preto 1 litro com doseador -","isPartOf":{"@id":"https:\/\/divertarte.com\/#website"},"primaryImageOfPage":{"@id":"https:\/\/divertarte.com\/index.php\/produto\/frasco-pet-doseador-1-litro-preto\/#primaryimage"},"image":{"@id":"https:\/\/divertarte.com\/index.php\/produto\/frasco-pet-doseador-1-litro-preto\/#primaryimage"},"thumbnailUrl":"https:\/\/divertarte.com\/wp-content\/uploads\/2020\/05\/frasco-PET-1-litro-preto-doseador.jpg","datePublished":"2020-05-21T21:25:55+00:00","dateModified":"2025-11-06T13:34:47+00:00","description":"FRASCO PET COM DOSEADOR 1 Litro pl\u00e1stico preto de 1 litro com doseador, ideal para \u00e1lcool gel,champ\u00f4,gel de duche,sabonete liquido,cosm\u00e9tica","breadcrumb":{"@id":"https:\/\/divertarte.com\/index.php\/produto\/frasco-pet-doseador-1-litro-preto\/#breadcrumb"},"inLanguage":"pt-PT","potentialAction":[{"@type":"ReadAction","target":["https:\/\/divertarte.com\/index.php\/produto\/frasco-pet-doseador-1-litro-preto\/"]}]},{"@type":"ImageObject","inLanguage":"pt-PT","@id":"https:\/\/divertarte.com\/index.php\/produto\/frasco-pet-doseador-1-litro-preto\/#primaryimage","url":"https:\/\/divertarte.com\/wp-content\/uploads\/2020\/05\/frasco-PET-1-litro-preto-doseador.jpg","contentUrl":"https:\/\/divertarte.com\/wp-content\/uploads\/2020\/05\/frasco-PET-1-litro-preto-doseador.jpg","width":341,"height":406},{"@type":"BreadcrumbList","@id":"https:\/\/divertarte.com\/index.php\/produto\/frasco-pet-doseador-1-litro-preto\/#breadcrumb","itemListElement":[{"@type":"ListItem","position":1,"name":"In\u00edcio","item":"https:\/\/divertarte.com\/"},{"@type":"ListItem","position":2,"name":"Loja","item":"https:\/\/divertarte.com\/index.php\/divertarte-produtos\/"},{"@type":"ListItem","position":3,"name":"Frasco PET preto 1 litro com doseador"}]},{"@type":"WebSite","@id":"https:\/\/divertarte.com\/#website","url":"https:\/\/divertarte.com\/","name":"Divertarte","description":"","publisher":{"@id":"https:\/\/divertarte.com\/#organization"},"potentialAction":[{"@type":"SearchAction","target":{"@type":"EntryPoint","urlTemplate":"https:\/\/divertarte.com\/?s={search_term_string}"},"query-input":{"@type":"PropertyValueSpecification","valueRequired":true,"valueName":"search_term_string"}}],"inLanguage":"pt-PT"},{"@type":"Organization","@id":"https:\/\/divertarte.com\/#organization","name":"Divertarte","url":"https:\/\/divertarte.com\/","logo":{"@type":"ImageObject","inLanguage":"pt-PT","@id":"https:\/\/divertarte.com\/#\/schema\/logo\/image\/","url":"https:\/\/divertarte.com\/wp-content\/uploads\/2018\/07\/logo-div.jpg","contentUrl":"https:\/\/divertarte.com\/wp-content\/uploads\/2018\/07\/logo-div.jpg","width":295,"height":123,"caption":"Divertarte"},"image":{"@id":"https:\/\/divertarte.com\/#\/schema\/logo\/image\/"}}]}},"_links":{"self":[{"href":"https:\/\/divertarte.com\/index.php\/wp-json\/wp\/v2\/product\/10774","targetHints":{"allow":["GET"]}}],"collection":[{"href":"https:\/\/divertarte.com\/index.php\/wp-json\/wp\/v2\/product"}],"about":[{"href":"https:\/\/divertarte.com\/index.php\/wp-json\/wp\/v2\/types\/product"}],"replies":[{"embeddable":true,"href":"https:\/\/divertarte.com\/index.php\/wp-json\/wp\/v2\/comments?post=10774"}],"wp:featuredmedia":[{"embeddable":true,"href":"https:\/\/divertarte.com\/index.php\/wp-json\/wp\/v2\/media\/10775"}],"wp:attachment":[{"href":"https:\/\/divertarte.com\/index.php\/wp-json\/wp\/v2\/media?parent=10774"}],"wp:term":[{"taxonomy":"product_brand","embeddable":true,"href":"https:\/\/divertarte.com\/index.php\/wp-json\/wp\/v2\/product_brand?post=10774"},{"taxonomy":"product_cat","embeddable":true,"href":"https:\/\/divertarte.com\/index.php\/wp-json\/wp\/v2\/product_cat?post=10774"},{"taxonomy":"product_tag","embeddable":true,"href":"https:\/\/divertarte.com\/index.php\/wp-json\/wp\/v2\/product_tag?post=10774"}],"curies":[{"name":"wp","href":"https:\/\/api.w.org\/{rel}","templated":true}]}}