{"id":10267,"date":"2020-03-14T18:22:48","date_gmt":"2020-03-14T18:22:48","guid":{"rendered":"https:\/\/divertarte.com\/?post_type=product&#038;p=10267"},"modified":"2025-11-06T13:34:58","modified_gmt":"2025-11-06T13:34:58","slug":"frasco-pet-branco-com-doseador-500-ml","status":"publish","type":"product","link":"https:\/\/divertarte.com\/index.php\/produto\/frasco-pet-branco-com-doseador-500-ml\/","title":{"rendered":"FRASCO PET BRANCO COM DOSEADOR 500 ml"},"content":{"rendered":"<p>FRASCO PET BRANCO COM DOSEADOR 500 ml<\/p>\n<p>Frasco em PET pl\u00e1stico branco de 500 ml com doseador, ideal para \u00e1lcool gel. Al\u00e9m disso serve para champ\u00f4, gel de duche, sabonete liquido, cosm\u00e9tica usado em sal\u00e3o de beleza, para prendas de casamento.<\/p>\n<p>&nbsp;<\/p>\n","protected":false},"excerpt":{"rendered":"<p>Frasco em PET pl\u00e1stico branco de 500 ml com doseador, ideal para \u00e1lcool gel. Al\u00e9m disso serve para champ\u00f4, gel de duche, sabonete liquido, cosm\u00e9tica usado em sal\u00e3o de beleza, para prendas de casamento<\/p>\n<p>&nbsp;<\/p>\n","protected":false},"featured_media":10269,"comment_status":"open","ping_status":"closed","template":"","meta":{"_exactmetrics_skip_tracking":false,"_exactmetrics_sitenote_active":false,"_exactmetrics_sitenote_note":"","_exactmetrics_sitenote_category":0},"product_brand":[],"product_cat":[168,15],"product_tag":[],"class_list":{"0":"post-10267","1":"product","2":"type-product","3":"status-publish","4":"has-post-thumbnail","6":"product_cat-frascos-pet-frascos-plastico-boioes-boiao-pet","7":"product_cat-ver-todos-os-produtos","9":"first","10":"outofstock","11":"taxable","12":"shipping-taxable","13":"purchasable","14":"product-type-simple"},"yoast_head":"<!-- This site is optimized with the Yoast SEO plugin v27.5 - https:\/\/yoast.com\/product\/yoast-seo-wordpress\/ -->\n<title>FRASCO PET BRANCO COM DOSEADOR 500 ml -<\/title>\n<meta name=\"description\" content=\"Frasco em PET pl\u00e1stico branco de 500 ml com doseador, ideal para \u00e1lcool gel,champ\u00f4,gel duche, sabonete liquido,cosm\u00e9tica sal\u00e3o de beleza\" \/>\n<meta name=\"robots\" content=\"index, follow, max-snippet:-1, max-image-preview:large, max-video-preview:-1\" \/>\n<link rel=\"canonical\" href=\"https:\/\/divertarte.com\/index.php\/produto\/frasco-pet-branco-com-doseador-500-ml\/\" \/>\n<meta property=\"og:locale\" content=\"pt_PT\" \/>\n<meta property=\"og:type\" content=\"article\" \/>\n<meta property=\"og:title\" content=\"FRASCO PET BRANCO COM DOSEADOR 500 ml -\" \/>\n<meta property=\"og:description\" content=\"Frasco em PET pl\u00e1stico branco de 500 ml com doseador, ideal para \u00e1lcool gel,champ\u00f4,gel duche, sabonete liquido,cosm\u00e9tica sal\u00e3o de beleza\" \/>\n<meta property=\"og:url\" content=\"https:\/\/divertarte.com\/index.php\/produto\/frasco-pet-branco-com-doseador-500-ml\/\" \/>\n<meta property=\"article:modified_time\" content=\"2025-11-06T13:34:58+00:00\" \/>\n<meta property=\"og:image\" content=\"https:\/\/divertarte.com\/wp-content\/uploads\/2020\/03\/frasco-pet-branco-500-ml-doseador.jpg\" \/>\n\t<meta property=\"og:image:width\" content=\"600\" \/>\n\t<meta property=\"og:image:height\" content=\"600\" \/>\n\t<meta property=\"og:image:type\" content=\"image\/jpeg\" \/>\n<meta name=\"twitter:card\" content=\"summary_large_image\" \/>\n<script type=\"application\/ld+json\" class=\"yoast-schema-graph\">{\"@context\":\"https:\\\/\\\/schema.org\",\"@graph\":[{\"@type\":\"WebPage\",\"@id\":\"https:\\\/\\\/divertarte.com\\\/index.php\\\/produto\\\/frasco-pet-branco-com-doseador-500-ml\\\/\",\"url\":\"https:\\\/\\\/divertarte.com\\\/index.php\\\/produto\\\/frasco-pet-branco-com-doseador-500-ml\\\/\",\"name\":\"FRASCO PET BRANCO COM DOSEADOR 500 ml -\",\"isPartOf\":{\"@id\":\"https:\\\/\\\/divertarte.com\\\/#website\"},\"primaryImageOfPage\":{\"@id\":\"https:\\\/\\\/divertarte.com\\\/index.php\\\/produto\\\/frasco-pet-branco-com-doseador-500-ml\\\/#primaryimage\"},\"image\":{\"@id\":\"https:\\\/\\\/divertarte.com\\\/index.php\\\/produto\\\/frasco-pet-branco-com-doseador-500-ml\\\/#primaryimage\"},\"thumbnailUrl\":\"https:\\\/\\\/divertarte.com\\\/wp-content\\\/uploads\\\/2020\\\/03\\\/frasco-pet-branco-500-ml-doseador.jpg\",\"datePublished\":\"2020-03-14T18:22:48+00:00\",\"dateModified\":\"2025-11-06T13:34:58+00:00\",\"description\":\"Frasco em PET pl\u00e1stico branco de 500 ml com doseador, ideal para \u00e1lcool gel,champ\u00f4,gel duche, sabonete liquido,cosm\u00e9tica sal\u00e3o de beleza\",\"breadcrumb\":{\"@id\":\"https:\\\/\\\/divertarte.com\\\/index.php\\\/produto\\\/frasco-pet-branco-com-doseador-500-ml\\\/#breadcrumb\"},\"inLanguage\":\"pt-PT\",\"potentialAction\":[{\"@type\":\"ReadAction\",\"target\":[\"https:\\\/\\\/divertarte.com\\\/index.php\\\/produto\\\/frasco-pet-branco-com-doseador-500-ml\\\/\"]}]},{\"@type\":\"ImageObject\",\"inLanguage\":\"pt-PT\",\"@id\":\"https:\\\/\\\/divertarte.com\\\/index.php\\\/produto\\\/frasco-pet-branco-com-doseador-500-ml\\\/#primaryimage\",\"url\":\"https:\\\/\\\/divertarte.com\\\/wp-content\\\/uploads\\\/2020\\\/03\\\/frasco-pet-branco-500-ml-doseador.jpg\",\"contentUrl\":\"https:\\\/\\\/divertarte.com\\\/wp-content\\\/uploads\\\/2020\\\/03\\\/frasco-pet-branco-500-ml-doseador.jpg\",\"width\":600,\"height\":600},{\"@type\":\"BreadcrumbList\",\"@id\":\"https:\\\/\\\/divertarte.com\\\/index.php\\\/produto\\\/frasco-pet-branco-com-doseador-500-ml\\\/#breadcrumb\",\"itemListElement\":[{\"@type\":\"ListItem\",\"position\":1,\"name\":\"In\u00edcio\",\"item\":\"https:\\\/\\\/divertarte.com\\\/\"},{\"@type\":\"ListItem\",\"position\":2,\"name\":\"Loja\",\"item\":\"https:\\\/\\\/divertarte.com\\\/index.php\\\/divertarte-produtos\\\/\"},{\"@type\":\"ListItem\",\"position\":3,\"name\":\"FRASCO PET BRANCO COM DOSEADOR 500 ml\"}]},{\"@type\":\"WebSite\",\"@id\":\"https:\\\/\\\/divertarte.com\\\/#website\",\"url\":\"https:\\\/\\\/divertarte.com\\\/\",\"name\":\"Divertarte\",\"description\":\"\",\"publisher\":{\"@id\":\"https:\\\/\\\/divertarte.com\\\/#organization\"},\"potentialAction\":[{\"@type\":\"SearchAction\",\"target\":{\"@type\":\"EntryPoint\",\"urlTemplate\":\"https:\\\/\\\/divertarte.com\\\/?s={search_term_string}\"},\"query-input\":{\"@type\":\"PropertyValueSpecification\",\"valueRequired\":true,\"valueName\":\"search_term_string\"}}],\"inLanguage\":\"pt-PT\"},{\"@type\":\"Organization\",\"@id\":\"https:\\\/\\\/divertarte.com\\\/#organization\",\"name\":\"Divertarte\",\"url\":\"https:\\\/\\\/divertarte.com\\\/\",\"logo\":{\"@type\":\"ImageObject\",\"inLanguage\":\"pt-PT\",\"@id\":\"https:\\\/\\\/divertarte.com\\\/#\\\/schema\\\/logo\\\/image\\\/\",\"url\":\"https:\\\/\\\/divertarte.com\\\/wp-content\\\/uploads\\\/2018\\\/07\\\/logo-div.jpg\",\"contentUrl\":\"https:\\\/\\\/divertarte.com\\\/wp-content\\\/uploads\\\/2018\\\/07\\\/logo-div.jpg\",\"width\":295,\"height\":123,\"caption\":\"Divertarte\"},\"image\":{\"@id\":\"https:\\\/\\\/divertarte.com\\\/#\\\/schema\\\/logo\\\/image\\\/\"}}]}<\/script>\n<!-- \/ Yoast SEO plugin. -->","yoast_head_json":{"title":"FRASCO PET BRANCO COM DOSEADOR 500 ml -","description":"Frasco em PET pl\u00e1stico branco de 500 ml com doseador, ideal para \u00e1lcool gel,champ\u00f4,gel duche, sabonete liquido,cosm\u00e9tica sal\u00e3o de beleza","robots":{"index":"index","follow":"follow","max-snippet":"max-snippet:-1","max-image-preview":"max-image-preview:large","max-video-preview":"max-video-preview:-1"},"canonical":"https:\/\/divertarte.com\/index.php\/produto\/frasco-pet-branco-com-doseador-500-ml\/","og_locale":"pt_PT","og_type":"article","og_title":"FRASCO PET BRANCO COM DOSEADOR 500 ml -","og_description":"Frasco em PET pl\u00e1stico branco de 500 ml com doseador, ideal para \u00e1lcool gel,champ\u00f4,gel duche, sabonete liquido,cosm\u00e9tica sal\u00e3o de beleza","og_url":"https:\/\/divertarte.com\/index.php\/produto\/frasco-pet-branco-com-doseador-500-ml\/","article_modified_time":"2025-11-06T13:34:58+00:00","og_image":[{"width":600,"height":600,"url":"https:\/\/divertarte.com\/wp-content\/uploads\/2020\/03\/frasco-pet-branco-500-ml-doseador.jpg","type":"image\/jpeg"}],"twitter_card":"summary_large_image","schema":{"@context":"https:\/\/schema.org","@graph":[{"@type":"WebPage","@id":"https:\/\/divertarte.com\/index.php\/produto\/frasco-pet-branco-com-doseador-500-ml\/","url":"https:\/\/divertarte.com\/index.php\/produto\/frasco-pet-branco-com-doseador-500-ml\/","name":"FRASCO PET BRANCO COM DOSEADOR 500 ml -","isPartOf":{"@id":"https:\/\/divertarte.com\/#website"},"primaryImageOfPage":{"@id":"https:\/\/divertarte.com\/index.php\/produto\/frasco-pet-branco-com-doseador-500-ml\/#primaryimage"},"image":{"@id":"https:\/\/divertarte.com\/index.php\/produto\/frasco-pet-branco-com-doseador-500-ml\/#primaryimage"},"thumbnailUrl":"https:\/\/divertarte.com\/wp-content\/uploads\/2020\/03\/frasco-pet-branco-500-ml-doseador.jpg","datePublished":"2020-03-14T18:22:48+00:00","dateModified":"2025-11-06T13:34:58+00:00","description":"Frasco em PET pl\u00e1stico branco de 500 ml com doseador, ideal para \u00e1lcool gel,champ\u00f4,gel duche, sabonete liquido,cosm\u00e9tica sal\u00e3o de beleza","breadcrumb":{"@id":"https:\/\/divertarte.com\/index.php\/produto\/frasco-pet-branco-com-doseador-500-ml\/#breadcrumb"},"inLanguage":"pt-PT","potentialAction":[{"@type":"ReadAction","target":["https:\/\/divertarte.com\/index.php\/produto\/frasco-pet-branco-com-doseador-500-ml\/"]}]},{"@type":"ImageObject","inLanguage":"pt-PT","@id":"https:\/\/divertarte.com\/index.php\/produto\/frasco-pet-branco-com-doseador-500-ml\/#primaryimage","url":"https:\/\/divertarte.com\/wp-content\/uploads\/2020\/03\/frasco-pet-branco-500-ml-doseador.jpg","contentUrl":"https:\/\/divertarte.com\/wp-content\/uploads\/2020\/03\/frasco-pet-branco-500-ml-doseador.jpg","width":600,"height":600},{"@type":"BreadcrumbList","@id":"https:\/\/divertarte.com\/index.php\/produto\/frasco-pet-branco-com-doseador-500-ml\/#breadcrumb","itemListElement":[{"@type":"ListItem","position":1,"name":"In\u00edcio","item":"https:\/\/divertarte.com\/"},{"@type":"ListItem","position":2,"name":"Loja","item":"https:\/\/divertarte.com\/index.php\/divertarte-produtos\/"},{"@type":"ListItem","position":3,"name":"FRASCO PET BRANCO COM DOSEADOR 500 ml"}]},{"@type":"WebSite","@id":"https:\/\/divertarte.com\/#website","url":"https:\/\/divertarte.com\/","name":"Divertarte","description":"","publisher":{"@id":"https:\/\/divertarte.com\/#organization"},"potentialAction":[{"@type":"SearchAction","target":{"@type":"EntryPoint","urlTemplate":"https:\/\/divertarte.com\/?s={search_term_string}"},"query-input":{"@type":"PropertyValueSpecification","valueRequired":true,"valueName":"search_term_string"}}],"inLanguage":"pt-PT"},{"@type":"Organization","@id":"https:\/\/divertarte.com\/#organization","name":"Divertarte","url":"https:\/\/divertarte.com\/","logo":{"@type":"ImageObject","inLanguage":"pt-PT","@id":"https:\/\/divertarte.com\/#\/schema\/logo\/image\/","url":"https:\/\/divertarte.com\/wp-content\/uploads\/2018\/07\/logo-div.jpg","contentUrl":"https:\/\/divertarte.com\/wp-content\/uploads\/2018\/07\/logo-div.jpg","width":295,"height":123,"caption":"Divertarte"},"image":{"@id":"https:\/\/divertarte.com\/#\/schema\/logo\/image\/"}}]}},"_links":{"self":[{"href":"https:\/\/divertarte.com\/index.php\/wp-json\/wp\/v2\/product\/10267","targetHints":{"allow":["GET"]}}],"collection":[{"href":"https:\/\/divertarte.com\/index.php\/wp-json\/wp\/v2\/product"}],"about":[{"href":"https:\/\/divertarte.com\/index.php\/wp-json\/wp\/v2\/types\/product"}],"replies":[{"embeddable":true,"href":"https:\/\/divertarte.com\/index.php\/wp-json\/wp\/v2\/comments?post=10267"}],"wp:featuredmedia":[{"embeddable":true,"href":"https:\/\/divertarte.com\/index.php\/wp-json\/wp\/v2\/media\/10269"}],"wp:attachment":[{"href":"https:\/\/divertarte.com\/index.php\/wp-json\/wp\/v2\/media?parent=10267"}],"wp:term":[{"taxonomy":"product_brand","embeddable":true,"href":"https:\/\/divertarte.com\/index.php\/wp-json\/wp\/v2\/product_brand?post=10267"},{"taxonomy":"product_cat","embeddable":true,"href":"https:\/\/divertarte.com\/index.php\/wp-json\/wp\/v2\/product_cat?post=10267"},{"taxonomy":"product_tag","embeddable":true,"href":"https:\/\/divertarte.com\/index.php\/wp-json\/wp\/v2\/product_tag?post=10267"}],"curies":[{"name":"wp","href":"https:\/\/api.w.org\/{rel}","templated":true}]}}